{"id":67439,"date":"2025-03-04T15:26:27","date_gmt":"2025-03-04T13:26:27","guid":{"rendered":"https:\/\/old.elusvali.ee\/product\/kanadas-savvalas-mellenu-sula-500ml-x-6gab-kaste-van-dyk\/"},"modified":"2025-03-04T15:26:27","modified_gmt":"2025-03-04T13:26:27","slug":"kanadas-savvalas-mellenu-sula-500ml-x-6gab-kaste-van-dyk","status":"publish","type":"product","link":"https:\/\/old.elusvali.ee\/lv\/produkts\/kanadas-savvalas-mellenu-sula-500ml-x-6gab-kaste-van-dyk\/","title":{"rendered":"Kan\u0101das savva\u013cas melle\u0146u sula 500ml x 6gab (kaste) | Van Dyk"},"content":{"rendered":"<h3 data-start=\"0\" data-end=\"84\"><strong data-start=\"4\" data-end=\"82\">Me\u017ea melle\u0146u sula no Kan\u0101das me\u017ea mellen\u0113m &#8211; t\u012brs dabas sp\u0113ks pudel\u0113!<\/strong><\/h3>\n<p data-start=\"0\" data-end=\"441\"><img fetchpriority=\"high\" decoding=\"async\" class=\"size-medium wp-image-60875 alignleft\" src=\"https:\/\/old.elusvali.ee\/wp-content\/uploads\/2025\/02\/metsmustikas1-200x300.jpg\" alt=\"Me\u017ea mellenes\" width=\"200\" height=\"300\" srcset=\"https:\/\/old.elusvali.ee\/wp-content\/uploads\/2025\/02\/metsmustikas1-200x300.jpg 200w, https:\/\/old.elusvali.ee\/wp-content\/uploads\/2025\/02\/metsmustikas1-533x800.jpg 533w, https:\/\/old.elusvali.ee\/wp-content\/uploads\/2025\/02\/metsmustikas1-768x1152.jpg 768w, https:\/\/old.elusvali.ee\/wp-content\/uploads\/2025\/02\/metsmustikas1-1024x1536.jpg 1024w, https:\/\/old.elusvali.ee\/wp-content\/uploads\/2025\/02\/metsmustikas1-430x645.jpg 430w, https:\/\/old.elusvali.ee\/wp-content\/uploads\/2025\/02\/metsmustikas1-700x1050.jpg 700w, https:\/\/old.elusvali.ee\/wp-content\/uploads\/2025\/02\/metsmustikas1-150x225.jpg 150w, https:\/\/old.elusvali.ee\/wp-content\/uploads\/2025\/02\/metsmustikas1.jpg 1280w\" sizes=\"(max-width: 200px) 100vw, 200px\" \/>Van Dyk\u2019s me\u017ea melle\u0146u sula nav sare\u017e\u0123\u012bts produkts, jo taj\u0101 ir tikai viena sast\u0101vda\u013ca. Kan\u0101das me\u017ea mellenes <em>(Vaccinium angustifolium)<\/em>, kas n\u0101k no Novaskotijas augl\u012bgaj\u0101m augsn\u0113m, tiek r\u016bp\u012bgi izv\u0113l\u0113tas un atbilst augst\u0101kajiem starptautiskajiem sertifik\u0101tiem. Ta\u010du gandr\u012bz piln\u012bgu ogu audz\u0113\u0161ana nav nejau\u0161\u012bba \u2013 tas ir gadiem ilgs zin\u0101tnisks darbs, kaisl\u012bga ap\u0146em\u0161an\u0101s un augst\u0101k\u0101s kvalit\u0101tes, t\u012br\u012bbas un gar\u0161as nodro\u0161in\u0101\u0161anas rezult\u0101ts. Jau vair\u0101k nek\u0101 60 gadus.   <\/p>\n<h4 data-start=\"481\" data-end=\"521\">Vesel\u012bga l\u012bdz p\u0113d\u0113jam pilienam.<\/h4>\n<p data-start=\"523\" data-end=\"754\">Izbaudiet vair\u0101k nek\u0101 2000 me\u017ea melle\u0146u gar\u0161u un priek\u0161roc\u012bbas, ko sniedz Van Dyk 100% t\u012bra me\u017ea melle\u0146u sula &#8211; svaigi nov\u0101ktas un perfekti spiestas. Vien\u012bg\u0101 piedeva, ko j\u016bs atrad\u012bsiet, ir uzraksts uz eti\u0137etes. <\/p>\n<p data-start=\"86\" data-end=\"414\">Van Dyk&#8217;s 100% t\u012bra me\u017ea melle\u0146u sula ir \u012bsta dabas d\u0101vana, kas sniedz jums Kan\u0101das me\u017eos augo\u0161u me\u017ea melle\u0146u nevainojamu gar\u0161u un labv\u0113l\u012bgu ietekmi uz vesel\u012bbu. T\u0101 ir sula, kas satur tikai lab\u0101k\u0101s mellenes &#8211; bez pievienot\u0101 cukura, konservantiem vai m\u0101ksl\u012bg\u0101m piedev\u0101m. <\/p>\n<h4 data-start=\"416\" data-end=\"469\"><strong data-start=\"421\" data-end=\"467\">\ud83e\uded0Kan\u0101das me\u017ea mellenes &#8211; unik\u0101las un gardas<\/strong><\/h4>\n<p data-start=\"470\" data-end=\"887\">Kan\u0101das me\u017ea mellenes ir izcils superprodukts, kas at\u0161\u0137iras no parastaj\u0101m kultiv\u0113taj\u0101m mellen\u0113m &#8211; gan ar bag\u0101t\u012bgo uzturvielu saturu, gan dzi\u013c\u0101ko un intens\u012bv\u0101ko gar\u0161u. Me\u017ea mellenes ir sp\u0113c\u012bgs antioksidantu avots, kas pal\u012bdz stiprin\u0101t im\u016bnsist\u0113mu, atbalsta smadze\u0146u darb\u012bbu un veicina visp\u0101r\u0113jo labsaj\u016btu. Me\u017ea mellenes aug dabiski Kan\u0101das augl\u012bgaj\u0101s, neskartaj\u0101s dabas ainav\u0101s, ieg\u016bstot bar\u012bbas vielas tie\u0161i no augsnes un augot skarbos laika apst\u0101k\u013cos, kas palielina antioksidantu saturu.  <\/p>\n<p data-start=\"889\" data-end=\"1105\">Van Dyk&#8217;s melle\u0146u sula tiek ra\u017eota tikai no 100% t\u012br\u0101m me\u017ea mellen\u0113m, t\u0101p\u0113c katr\u0101 pudel\u0113 ir maksim\u0101li daudz dab\u012bgo vitam\u012bnu, miner\u0101lvielu un antioksidantu, ko pied\u0101v\u0101 daba.<\/p>\n<h3 data-start=\"1107\" data-end=\"1155\"><strong data-start=\"1112\" data-end=\"1153\">Me\u017ea melle\u0146u sulas ieguvumi vesel\u012bbai<\/strong><\/h3>\n<p data-start=\"1156\" data-end=\"1280\">Van Dyk&#8217;s me\u017ea melle\u0146u sulu var uzskat\u012bt par \u012bstu vesel\u012bbas eliks\u012bru, kura regul\u0101ra lieto\u0161ana var rad\u012bt vair\u0101kus labv\u0113l\u012bgus efektus:<\/p>\n<p data-start=\"1282\" data-end=\"1511\">\u2705 <strong data-start=\"1284\" data-end=\"1320\">Bag\u0101t\u012bgs antioksidantu avots<\/strong> &#8211; savva\u013cas mellenes ir vienas no visvair\u0101k antioksidantiem bag\u0101taj\u0101m og\u0101m pasaul\u0113. T\u0101s pal\u012bdz neitraliz\u0113t br\u012bvos radik\u0101\u013cus, kas var izrais\u012bt \u0161\u016bnu boj\u0101jumus un pa\u0101trin\u0101t noveco\u0161an\u0101s procesu. <\/p>\n<p data-start=\"1513\" data-end=\"1705\">\u2705 <strong data-start=\"1515\" data-end=\"1545\">Smadze\u0146u vesel\u012bbai un atmi\u0146ai<\/strong> &#8211; p\u0113t\u012bjumi liecina, ka me\u017ea mellenes var uzlabot kognit\u012bv\u0101s funkcijas, atbalst\u012bt atmi\u0146u un pat pal\u012bdz\u0113t nov\u0113rst ar vecumu saist\u012btus smadze\u0146u boj\u0101jumus.<\/p>\n<p data-start=\"1707\" data-end=\"1879\">\u2705 <strong data-start=\"1709\" data-end=\"1751\">Veicina sirds un asinsvadu vesel\u012bbu<\/strong> &#8211; melle\u0146u flavono\u012bdi un antocian\u012bni var pal\u012bdz\u0113t mazin\u0101t iekaisumu un veicin\u0101t asinsvadu vesel\u012bbu un asinsspiediena l\u012bdzsvaru.<\/p>\n<p data-start=\"1881\" data-end=\"2019\">\u2705 <strong data-start=\"1883\" data-end=\"1905\">Uzlabo gremo\u0161anu<\/strong> &#8211; savva\u013cas mellenes satur dabiskas \u0161\u0137iedrvielas, kas var uzlabot zarnu vesel\u012bbu un veicin\u0101t gremo\u0161anas sist\u0113mas darb\u012bbu.<\/p>\n<p data-start=\"2021\" data-end=\"2198\">\u2705 <strong data-start=\"2023\" data-end=\"2050\">Pastiprina im\u016bnsist\u0113mu<\/strong> &#8211; pateicoties lielajam C vitam\u012bna un citu labv\u0113l\u012bgu mikroelementu saturam, me\u017ea mellenes var atbalst\u012bt im\u016bnsist\u0113mu un pal\u012bdz\u0113t aizsarg\u0101t organismu pret slim\u012bb\u0101m.<\/p>\n<p data-start=\"2255\" data-end=\"2556\">Van Dyk&#8217;s melle\u0146u sula nesatur m\u0101ksl\u012bg\u0101s piedevas vai pievienoto cukuru. T\u0101 ir lieliska izv\u0113le ikvienam, kas nov\u0113rt\u0113 <strong data-start=\"2384\" data-end=\"2419\">t\u012bru un dabisku uzturu<\/strong>. \u0160o sulu var baud\u012bt tie\u0161i no gl\u0101zes vai pievienot sm\u016btijiem, jogurtam, brokastu p\u0101rsl\u0101m vai pat koktei\u013ciem &#8211; iesp\u0113jas ir neierobe\u017eotas!  <\/p>\n<p data-start=\"2722\" data-end=\"2793\" data-is-last-node=\"\">Van Dyk \u201cs 100% t\u012bra me\u017ea melle\u0146u sula ir pilna antioksidantu, vitam\u012bnu un dab\u012bgas me\u017ea melle\u0146u gar\u0161as. 5 \u0113damkarotes jeb 75 ml me\u017ea melle\u0146u sulas = \u00bd tase svaigu me\u017ea melle\u0146u. Katr\u0101 Van Dyk\u201d s melle\u0146u sulas pudel\u0113 ir r\u016bp\u012bgi atlas\u012btas un ar rok\u0101m iev\u0101ktas savva\u013cas mellenes, kas spiestas atbilsto\u0161i visaugst\u0101kajiem standartiem. Produkti ir atz\u012bti par t\u012briem un ar autentisku gar\u0161u, izce\u013cot melle\u0146u patieso dabisko b\u016bt\u012bbu.   <\/p>\n<p data-start=\"2722\" data-end=\"2793\" data-is-last-node=\"\">Ja mekl\u0113jat dabisku, uzturviel\u0101m bag\u0101tu, vesel\u012bbu stiprino\u0161u sulu, kas sniedz jums Kan\u0101das me\u017eu burv\u012bbu un sp\u0113ku, Van Dyk&#8217;s Me\u017ea melle\u0146u ir vislab\u0101k\u0101 izv\u0113le! Papildus me\u017ea melle\u0146u sulai m\u016bsu e-veikal\u0101 varat atrast ar\u012b sald\u0113tas Kan\u0101das me\u017ea mellenes, skat\u012bt <a href=\"https:\/\/old.elusvali.ee\/toode\/kulmutatud-kanada-metsmustikas-136kg\/\">\u0160EIT<\/a>. <\/p>\n<p data-start=\"0\" data-end=\"464\">P\u0113c medic\u012bnas medija <a href=\"https:\/\/purenature.lv\/kes-on-meditsiinimeedium-anthony-william-2\/\">(Anthony William)<\/a> teikt\u0101, Kan\u0101das un Meinas izcelsmes me\u017ea mellenes ir izcilas ogas ar vair\u0101k\u0101m vesel\u012bbu atbalsto\u0161\u0101m \u012bpa\u0161\u012bb\u0101m. Vi\u0146\u0161 uzsver, ka me\u017ea mellenes pal\u012bdz izvad\u012bt toksiskos smagos met\u0101lus no \u0137erme\u0146a, tostarp no smadzen\u0113m, un dzied\u0113 boj\u0101jumus, kas radu\u0161ies smago met\u0101lu izvad\u012b\u0161anas laik\u0101. \u0160\u012b \u012bpa\u0161\u012bba padara me\u017ea mellenes svar\u012bgu p\u0101rtiku tiem, kas v\u0113las atbalst\u012bt smadze\u0146u vesel\u012bbu un nov\u0113rst neirodegenerat\u012bvas slim\u012bbas. Turkl\u0101t vi\u0146\u0161 nor\u0101da, ka me\u017ea mellenes ir paz\u012bstamas ar sp\u0113ju atbalst\u012bt aknu vesel\u012bbu. Vair\u0101k par me\u017ea mellen\u0113m var las\u012bt vi\u0146a <a href=\"https:\/\/www.medicalmedium.com\/blog\/wild-blueberries\">Medic\u012bnas medija blog\u0101.<\/a>    <\/p>\n<h3 data-start=\"0\" data-end=\"62\"><strong data-start=\"4\" data-end=\"60\">Van Dyk&#8217;s saimniec\u012bba <\/strong><\/h3>\n<p data-start=\"0\" data-end=\"62\">T\u0101 ir \u0123imenes saimniec\u012bba ar vienk\u0101r\u0161u misiju &#8211; audz\u0113t pasaul\u0113 lab\u0101k\u0101s me\u017ea jeb savva\u013cas mellenes Jaunskotij\u0101 un dal\u012bties ar t\u0101m ar pasauli. Vi\u0146i ir ap\u0146\u0113mu\u0161ies ra\u017eot t\u012bru un dabisku p\u0101rtiku, \u012bpa\u0161u uzman\u012bbu piev\u0113r\u0161ot 100% dab\u012bgas me\u017ea melle\u0146u sulas ra\u017eo\u0161anai. Vi\u0146i iev\u0101c mellenes Kan\u0101das augl\u012bgaj\u0101s dabas ainav\u0101s, kur me\u017ea mellenes aug bag\u0101t\u012bg\u0101 augsn\u0113. Uz\u0146\u0113muma dibin\u0101t\u0101ji uzskata, ka vislab\u0101k\u0101s gar\u0161as un uzturvielas n\u0101k no dabas. T\u0101p\u0113c vi\u0146i sulu ra\u017eo bez m\u0101ksl\u012bg\u0101m piedev\u0101m, konservantiem vai pievienot\u0101 cukura &#8211; tikai t\u012bras savva\u013cas mellenes vis\u0101 to kr\u0101\u0161\u0146um\u0101! Vi\u0146u m\u0113r\u0137is ir pied\u0101v\u0101t pat\u0113r\u0113t\u0101jiem augst\u0101k\u0101s kvalit\u0101tes, uzturviel\u0101m bag\u0101tus produktus, kas veicina vesel\u012bgu dz\u012bvesveidu.     <\/p>\n<p data-start=\"41\" data-end=\"82\"><strong data-start=\"46\" data-end=\"80\">&#8220;\u013baujiet og\u0101m izaugt lielisk\u0101m!&#8221;- <\/strong>t\u0101 saka dabas kop\u0113ji. Tas noz\u012bm\u0113, ka vi\u0146i \u013cauj mellen\u0113m veikt smago darbu &#8211; iejaucas tikai tad, kad tas ir nepiecie\u0161ams. Vi\u0146i ir darbos visu gadu &#8211; p\u0101rbauda neakt\u012bvos dzinumus, v\u0113ro, k\u0101 aug jauni aug\u013cu un lapu pumpuri, un seko l\u012bdzi augsnei.  <\/p>\n<p data-start=\"391\" data-end=\"415\"><strong data-start=\"396\" data-end=\"413\">BI\u0160U PAL\u012aDZ\u012aBA &#8211; <\/strong>Katru gadu, kad savva\u013cas ziedi s\u0101k zied\u0113t, tie piesaista t\u016bksto\u0161iem bi\u0161u, lai t\u0101s kop\u0101 ar viet\u0113jiem kukai\u0146iem apputeksn\u0113tu katru mazo mellenes ziedu vi\u0146u laukos. Par to, ka bites pal\u012bdz r\u016bp\u0113ties par katru mazo ziedu, t\u0101s katru gadu pirm\u0101s var nogar\u0161ot gaid\u0101mo ra\u017eu. <\/p>\n<p data-start=\"763\" data-end=\"797\"><strong data-start=\"768\" data-end=\"795\">\u013bAUT DABAI ATP\u016aSTIES &#8211; <\/strong>Kas ir liel\u0101kais, ko vi\u0146i dara, lai audz\u0113tu mellenes? Vi\u0146i katru otro gadu \u013cauj t\u0101m atp\u016bsties. Kad augs nav spiests ra\u017eot aug\u013cus, tas var koncentr\u0113ties uz savas sp\u0113ka atjauno\u0161anu un aug\u0161anu. \u0160is process ir b\u016btisks, lai padar\u012btu augus iztur\u012bg\u0101kus un ogas v\u0113l vesel\u012bg\u0101kas. Tas ir viens no vi\u0146u nosl\u0113pumiem, k\u0101 vi\u0146i sp\u0113ju\u0161i p\u0101rv\u0113rst agr\u0101k tuk\u0161os mellenes laukus par bag\u0101t\u012bgiem ogu audz\u0113m. Bet tam nepiecie\u0161ama ar\u012b liela paciet\u012bba.     <\/p>\n<p data-start=\"798\" data-end=\"1261\" data-is-last-node=\"\">Van Dyk produkti ir ide\u0101li piem\u0113roti cilv\u0113kiem, kas r\u016bp\u0113jas par savu vesel\u012bbu, k\u0101 ar\u012b tiem, kas ikdien\u0101 v\u0113las izbaud\u012bt dab\u012bgas un uzturviel\u0101m bag\u0101tas gar\u0161as.<\/p>\n<p data-start=\"798\" data-end=\"1261\" data-is-last-node=\"\"><img decoding=\"async\" class=\"aligncenter wp-image-61270 size-large\" src=\"https:\/\/old.elusvali.ee\/wp-content\/uploads\/2025\/02\/blueberry-juice-1-1198x800.jpg\" alt=\"melle\u0146u sula\" width=\"1198\" height=\"800\" srcset=\"https:\/\/old.elusvali.ee\/wp-content\/uploads\/2025\/02\/blueberry-juice-1-1198x800.jpg 1198w, https:\/\/old.elusvali.ee\/wp-content\/uploads\/2025\/02\/blueberry-juice-1-400x267.jpg 400w, https:\/\/old.elusvali.ee\/wp-content\/uploads\/2025\/02\/blueberry-juice-1-768x513.jpg 768w, https:\/\/old.elusvali.ee\/wp-content\/uploads\/2025\/02\/blueberry-juice-1-1536x1026.jpg 1536w, https:\/\/old.elusvali.ee\/wp-content\/uploads\/2025\/02\/blueberry-juice-1-430x287.jpg 430w, https:\/\/old.elusvali.ee\/wp-content\/uploads\/2025\/02\/blueberry-juice-1-700x467.jpg 700w, https:\/\/old.elusvali.ee\/wp-content\/uploads\/2025\/02\/blueberry-juice-1-150x100.jpg 150w, https:\/\/old.elusvali.ee\/wp-content\/uploads\/2025\/02\/blueberry-juice-1.jpg 1920w\" sizes=\"(max-width: 1198px) 100vw, 1198px\" \/><\/p>\n<p data-start=\"798\" data-end=\"1261\" data-is-last-node=\"\">\n","protected":false},"excerpt":{"rendered":"<p>Izbaudiet vair\u0101k nek\u0101 2000 me\u017ea melle\u0146u gar\u0161u un priek\u0161roc\u012bbas, ko sniedz Van Dyk&#8217;s 100% t\u012bra me\u017ea melle\u0146u sula &#8211; svaigi nov\u0101ktas un perfekti spiestas. Van Dyk&#8217;s 100% t\u012bra melle\u0146u sula ir \u012bsta dabas d\u0101vana, kas sniedz jums Kan\u0101das me\u017eos augo\u0161u savva\u013cas melle\u0146u lielisku gar\u0161u un labv\u0113l\u012bgu ietekmi uz vesel\u012bbu. T\u0101 ir sula, kas satur tikai vislab\u0101k\u0101s mellenes &#8211; bez pievienot\u0101 cukura, konservantiem vai m\u0101ksl\u012bg\u0101m piedev\u0101m.  <\/p>\n","protected":false},"featured_media":62269,"comment_status":"open","ping_status":"closed","template":"","meta":{"_acf_changed":false},"product_brand":[],"product_cat":[404,409,462,408],"product_tag":[],"class_list":{"0":"post-67439","1":"product","2":"type-product","3":"status-publish","4":"has-post-thumbnail","6":"product_cat-acis-un-locitavas","7":"product_cat-imunitate","8":"product_cat-kermena-attirisana","9":"product_cat-smadzenu-veseliba","11":"first","12":"instock","13":"taxable","14":"shipping-taxable","15":"purchasable","16":"product-type-simple"},"acf":[],"yoast_head":"<!-- This site is optimized with the Yoast SEO plugin v25.3.1 - https:\/\/yoast.com\/wordpress\/plugins\/seo\/ -->\n<title>Kan\u0101das savva\u013cas melle\u0146u sula 500ml x 6gab (kaste) | Van Dyk - Pure Nature<\/title>\n<meta name=\"description\" content=\"100% t\u012bra me\u017ea melle\u0146u sula - svaigi iev\u0101kta un perfekti spiesta - bez cukura, konservantiem un m\u0101ksl\u012bg\u0101m piedev\u0101m.\" \/>\n<meta name=\"robots\" content=\"noindex, follow, max-snippet:-1, max-image-preview:large, max-video-preview:-1\" \/>\n<meta property=\"og:locale\" content=\"lv_LV\" \/>\n<meta property=\"og:type\" content=\"article\" \/>\n<meta property=\"og:title\" content=\"Kan\u0101das savva\u013cas melle\u0146u sula 500ml x 6gab (kaste) | Van Dyk - Pure Nature\" \/>\n<meta property=\"og:description\" content=\"100% t\u012bra me\u017ea melle\u0146u sula - svaigi iev\u0101kta un perfekti spiesta - bez cukura, konservantiem un m\u0101ksl\u012bg\u0101m piedev\u0101m.\" \/>\n<meta property=\"og:url\" content=\"https:\/\/old.elusvali.ee\/lv\/produkts\/kanadas-savvalas-mellenu-sula-500ml-x-6gab-kaste-van-dyk\/\" \/>\n<meta property=\"og:site_name\" content=\"Elusv&auml;li\" \/>\n<meta property=\"article:publisher\" content=\"https:\/\/www.facebook.com\/profile.php?id=100064131067985\" \/>\n<meta property=\"og:image\" content=\"https:\/\/old.elusvali.ee\/wp-content\/uploads\/2025\/02\/metsmustikamahl-hulgi-kanada-metsmustikatest.jpg\" \/>\n\t<meta property=\"og:image:width\" content=\"800\" \/>\n\t<meta property=\"og:image:height\" content=\"800\" \/>\n\t<meta property=\"og:image:type\" content=\"image\/jpeg\" \/>\n<meta name=\"twitter:card\" content=\"summary_large_image\" \/>\n<meta name=\"twitter:label1\" content=\"Est. reading time\" \/>\n\t<meta name=\"twitter:data1\" content=\"7 minutes\" \/>\n<script type=\"application\/ld+json\" class=\"yoast-schema-graph\">{\"@context\":\"https:\/\/schema.org\",\"@graph\":[{\"@type\":\"WebPage\",\"@id\":\"https:\/\/old.elusvali.ee\/lv\/produkts\/kanadas-savvalas-mellenu-sula-500ml-x-6gab-kaste-van-dyk\/\",\"url\":\"https:\/\/old.elusvali.ee\/lv\/produkts\/kanadas-savvalas-mellenu-sula-500ml-x-6gab-kaste-van-dyk\/\",\"name\":\"Kan\u0101das savva\u013cas melle\u0146u sula 500ml x 6gab (kaste) | Van Dyk - Pure Nature\",\"isPartOf\":{\"@id\":\"https:\/\/old.elusvali.ee\/lv\/#website\"},\"primaryImageOfPage\":{\"@id\":\"https:\/\/old.elusvali.ee\/lv\/produkts\/kanadas-savvalas-mellenu-sula-500ml-x-6gab-kaste-van-dyk\/#primaryimage\"},\"image\":{\"@id\":\"https:\/\/old.elusvali.ee\/lv\/produkts\/kanadas-savvalas-mellenu-sula-500ml-x-6gab-kaste-van-dyk\/#primaryimage\"},\"thumbnailUrl\":\"https:\/\/old.elusvali.ee\/wp-content\/uploads\/2025\/02\/metsmustikamahl-hulgi-kanada-metsmustikatest.jpg\",\"datePublished\":\"2025-03-04T13:26:27+00:00\",\"description\":\"100% t\u012bra me\u017ea melle\u0146u sula - svaigi iev\u0101kta un perfekti spiesta - bez cukura, konservantiem un m\u0101ksl\u012bg\u0101m piedev\u0101m.\",\"breadcrumb\":{\"@id\":\"https:\/\/old.elusvali.ee\/lv\/produkts\/kanadas-savvalas-mellenu-sula-500ml-x-6gab-kaste-van-dyk\/#breadcrumb\"},\"inLanguage\":\"lv-LV\",\"potentialAction\":[{\"@type\":\"ReadAction\",\"target\":[\"https:\/\/old.elusvali.ee\/lv\/produkts\/kanadas-savvalas-mellenu-sula-500ml-x-6gab-kaste-van-dyk\/\"]}]},{\"@type\":\"ImageObject\",\"inLanguage\":\"lv-LV\",\"@id\":\"https:\/\/old.elusvali.ee\/lv\/produkts\/kanadas-savvalas-mellenu-sula-500ml-x-6gab-kaste-van-dyk\/#primaryimage\",\"url\":\"https:\/\/old.elusvali.ee\/wp-content\/uploads\/2025\/02\/metsmustikamahl-hulgi-kanada-metsmustikatest.jpg\",\"contentUrl\":\"https:\/\/old.elusvali.ee\/wp-content\/uploads\/2025\/02\/metsmustikamahl-hulgi-kanada-metsmustikatest.jpg\",\"width\":800,\"height\":800},{\"@type\":\"BreadcrumbList\",\"@id\":\"https:\/\/old.elusvali.ee\/lv\/produkts\/kanadas-savvalas-mellenu-sula-500ml-x-6gab-kaste-van-dyk\/#breadcrumb\",\"itemListElement\":[{\"@type\":\"ListItem\",\"position\":1,\"name\":\"Home\",\"item\":\"https:\/\/purenature.lv\/\"},{\"@type\":\"ListItem\",\"position\":2,\"name\":\"E-veikals\",\"item\":\"https:\/\/purenature.lv\/veikals\/\"},{\"@type\":\"ListItem\",\"position\":3,\"name\":\"Kan\u0101das savva\u013cas melle\u0146u sula 500ml x 6gab (kaste) | Van Dyk\"}]},{\"@type\":\"WebSite\",\"@id\":\"https:\/\/old.elusvali.ee\/lv\/#website\",\"url\":\"https:\/\/old.elusvali.ee\/lv\/\",\"name\":\"Elusv\u00e4li\",\"description\":\"Puhas k&ouml;&ouml;k ja koduapteek\",\"publisher\":{\"@id\":\"https:\/\/old.elusvali.ee\/lv\/#organization\"},\"potentialAction\":[{\"@type\":\"SearchAction\",\"target\":{\"@type\":\"EntryPoint\",\"urlTemplate\":\"https:\/\/old.elusvali.ee\/lv\/?s={search_term_string}\"},\"query-input\":{\"@type\":\"PropertyValueSpecification\",\"valueRequired\":true,\"valueName\":\"search_term_string\"}}],\"inLanguage\":\"lv-LV\"},{\"@type\":\"Organization\",\"@id\":\"https:\/\/old.elusvali.ee\/lv\/#organization\",\"name\":\"Elusv\u00e4li\",\"url\":\"https:\/\/old.elusvali.ee\/lv\/\",\"logo\":{\"@type\":\"ImageObject\",\"inLanguage\":\"lv-LV\",\"@id\":\"https:\/\/old.elusvali.ee\/lv\/#\/schema\/logo\/image\/\",\"url\":\"https:\/\/purenature.lt\/wp-content\/uploads\/2023\/07\/logo.png\",\"contentUrl\":\"https:\/\/purenature.lt\/wp-content\/uploads\/2023\/07\/logo.png\",\"width\":526,\"height\":146,\"caption\":\"Elusv\u00e4li\"},\"image\":{\"@id\":\"https:\/\/old.elusvali.ee\/lv\/#\/schema\/logo\/image\/\"},\"sameAs\":[\"https:\/\/www.facebook.com\/profile.php?id=100064131067985\",\"https:\/\/www.instagram.com\/elusvali\/\",\"https:\/\/www.youtube.com\/@elusvali2110\"]}]}<\/script>\n<!-- \/ Yoast SEO plugin. -->","yoast_head_json":{"title":"Kan\u0101das savva\u013cas melle\u0146u sula 500ml x 6gab (kaste) | Van Dyk - Pure Nature","description":"100% t\u012bra me\u017ea melle\u0146u sula - svaigi iev\u0101kta un perfekti spiesta - bez cukura, konservantiem un m\u0101ksl\u012bg\u0101m piedev\u0101m.","robots":{"index":"noindex","follow":"follow","max-snippet":"max-snippet:-1","max-image-preview":"max-image-preview:large","max-video-preview":"max-video-preview:-1"},"og_locale":"lv_LV","og_type":"article","og_title":"Kan\u0101das savva\u013cas melle\u0146u sula 500ml x 6gab (kaste) | Van Dyk - Pure Nature","og_description":"100% t\u012bra me\u017ea melle\u0146u sula - svaigi iev\u0101kta un perfekti spiesta - bez cukura, konservantiem un m\u0101ksl\u012bg\u0101m piedev\u0101m.","og_url":"https:\/\/old.elusvali.ee\/lv\/produkts\/kanadas-savvalas-mellenu-sula-500ml-x-6gab-kaste-van-dyk\/","og_site_name":"Elusv&auml;li","article_publisher":"https:\/\/www.facebook.com\/profile.php?id=100064131067985","og_image":[{"width":800,"height":800,"url":"https:\/\/old.elusvali.ee\/wp-content\/uploads\/2025\/02\/metsmustikamahl-hulgi-kanada-metsmustikatest.jpg","type":"image\/jpeg"}],"twitter_card":"summary_large_image","twitter_misc":{"Est. reading time":"7 minutes"},"schema":{"@context":"https:\/\/schema.org","@graph":[{"@type":"WebPage","@id":"https:\/\/old.elusvali.ee\/lv\/produkts\/kanadas-savvalas-mellenu-sula-500ml-x-6gab-kaste-van-dyk\/","url":"https:\/\/old.elusvali.ee\/lv\/produkts\/kanadas-savvalas-mellenu-sula-500ml-x-6gab-kaste-van-dyk\/","name":"Kan\u0101das savva\u013cas melle\u0146u sula 500ml x 6gab (kaste) | Van Dyk - Pure Nature","isPartOf":{"@id":"https:\/\/old.elusvali.ee\/lv\/#website"},"primaryImageOfPage":{"@id":"https:\/\/old.elusvali.ee\/lv\/produkts\/kanadas-savvalas-mellenu-sula-500ml-x-6gab-kaste-van-dyk\/#primaryimage"},"image":{"@id":"https:\/\/old.elusvali.ee\/lv\/produkts\/kanadas-savvalas-mellenu-sula-500ml-x-6gab-kaste-van-dyk\/#primaryimage"},"thumbnailUrl":"https:\/\/old.elusvali.ee\/wp-content\/uploads\/2025\/02\/metsmustikamahl-hulgi-kanada-metsmustikatest.jpg","datePublished":"2025-03-04T13:26:27+00:00","description":"100% t\u012bra me\u017ea melle\u0146u sula - svaigi iev\u0101kta un perfekti spiesta - bez cukura, konservantiem un m\u0101ksl\u012bg\u0101m piedev\u0101m.","breadcrumb":{"@id":"https:\/\/old.elusvali.ee\/lv\/produkts\/kanadas-savvalas-mellenu-sula-500ml-x-6gab-kaste-van-dyk\/#breadcrumb"},"inLanguage":"lv-LV","potentialAction":[{"@type":"ReadAction","target":["https:\/\/old.elusvali.ee\/lv\/produkts\/kanadas-savvalas-mellenu-sula-500ml-x-6gab-kaste-van-dyk\/"]}]},{"@type":"ImageObject","inLanguage":"lv-LV","@id":"https:\/\/old.elusvali.ee\/lv\/produkts\/kanadas-savvalas-mellenu-sula-500ml-x-6gab-kaste-van-dyk\/#primaryimage","url":"https:\/\/old.elusvali.ee\/wp-content\/uploads\/2025\/02\/metsmustikamahl-hulgi-kanada-metsmustikatest.jpg","contentUrl":"https:\/\/old.elusvali.ee\/wp-content\/uploads\/2025\/02\/metsmustikamahl-hulgi-kanada-metsmustikatest.jpg","width":800,"height":800},{"@type":"BreadcrumbList","@id":"https:\/\/old.elusvali.ee\/lv\/produkts\/kanadas-savvalas-mellenu-sula-500ml-x-6gab-kaste-van-dyk\/#breadcrumb","itemListElement":[{"@type":"ListItem","position":1,"name":"Home","item":"https:\/\/purenature.lv\/"},{"@type":"ListItem","position":2,"name":"E-veikals","item":"https:\/\/purenature.lv\/veikals\/"},{"@type":"ListItem","position":3,"name":"Kan\u0101das savva\u013cas melle\u0146u sula 500ml x 6gab (kaste) | Van Dyk"}]},{"@type":"WebSite","@id":"https:\/\/old.elusvali.ee\/lv\/#website","url":"https:\/\/old.elusvali.ee\/lv\/","name":"Elusv\u00e4li","description":"Puhas k&ouml;&ouml;k ja koduapteek","publisher":{"@id":"https:\/\/old.elusvali.ee\/lv\/#organization"},"potentialAction":[{"@type":"SearchAction","target":{"@type":"EntryPoint","urlTemplate":"https:\/\/old.elusvali.ee\/lv\/?s={search_term_string}"},"query-input":{"@type":"PropertyValueSpecification","valueRequired":true,"valueName":"search_term_string"}}],"inLanguage":"lv-LV"},{"@type":"Organization","@id":"https:\/\/old.elusvali.ee\/lv\/#organization","name":"Elusv\u00e4li","url":"https:\/\/old.elusvali.ee\/lv\/","logo":{"@type":"ImageObject","inLanguage":"lv-LV","@id":"https:\/\/old.elusvali.ee\/lv\/#\/schema\/logo\/image\/","url":"https:\/\/purenature.lt\/wp-content\/uploads\/2023\/07\/logo.png","contentUrl":"https:\/\/purenature.lt\/wp-content\/uploads\/2023\/07\/logo.png","width":526,"height":146,"caption":"Elusv\u00e4li"},"image":{"@id":"https:\/\/old.elusvali.ee\/lv\/#\/schema\/logo\/image\/"},"sameAs":["https:\/\/www.facebook.com\/profile.php?id=100064131067985","https:\/\/www.instagram.com\/elusvali\/","https:\/\/www.youtube.com\/@elusvali2110"]}]}},"_links":{"self":[{"href":"https:\/\/old.elusvali.ee\/lv\/wp-json\/wp\/v2\/product\/67439","targetHints":{"allow":["GET"]}}],"collection":[{"href":"https:\/\/old.elusvali.ee\/lv\/wp-json\/wp\/v2\/product"}],"about":[{"href":"https:\/\/old.elusvali.ee\/lv\/wp-json\/wp\/v2\/types\/product"}],"replies":[{"embeddable":true,"href":"https:\/\/old.elusvali.ee\/lv\/wp-json\/wp\/v2\/comments?post=67439"}],"version-history":[{"count":0,"href":"https:\/\/old.elusvali.ee\/lv\/wp-json\/wp\/v2\/product\/67439\/revisions"}],"wp:featuredmedia":[{"embeddable":true,"href":"https:\/\/old.elusvali.ee\/lv\/wp-json\/wp\/v2\/media\/62269"}],"wp:attachment":[{"href":"https:\/\/old.elusvali.ee\/lv\/wp-json\/wp\/v2\/media?parent=67439"}],"wp:term":[{"taxonomy":"product_brand","embeddable":true,"href":"https:\/\/old.elusvali.ee\/lv\/wp-json\/wp\/v2\/product_brand?post=67439"},{"taxonomy":"product_cat","embeddable":true,"href":"https:\/\/old.elusvali.ee\/lv\/wp-json\/wp\/v2\/product_cat?post=67439"},{"taxonomy":"product_tag","embeddable":true,"href":"https:\/\/old.elusvali.ee\/lv\/wp-json\/wp\/v2\/product_tag?post=67439"}],"curies":[{"name":"wp","href":"https:\/\/api.w.org\/{rel}","templated":true}]}}