{"id":67185,"date":"2024-12-08T17:01:48","date_gmt":"2024-12-08T15:01:48","guid":{"rendered":"https:\/\/old.elusvali.ee\/product\/klingerites-ziedi-50g-organiski-eeriksaare-mahetalu-tejas\/"},"modified":"2024-12-08T17:01:48","modified_gmt":"2024-12-08T15:01:48","slug":"klingerites-ziedi-50g-organiski-eeriksaare-mahetalu-tejas","status":"publish","type":"product","link":"https:\/\/old.elusvali.ee\/lv\/produkts\/klingerites-ziedi-50g-organiski-eeriksaare-mahetalu-tejas\/","title":{"rendered":"Kli\u0146\u0123er\u012btes ziedi 50g, organiski | Eeriksaare Mahetalu t\u0113jas"},"content":{"rendered":"<h3><strong><em>\u0100rstnieciskie kli\u0146\u0123er\u012b\u0161u ziedi(Calendula officinalis<\/em>)<\/strong><\/h3>\n<p><img fetchpriority=\"high\" decoding=\"async\" class=\"size-medium wp-image-56810 alignleft\" src=\"https:\/\/old.elusvali.ee\/wp-content\/uploads\/2024\/12\/vertical-orange-gerbera-flowers-with-long-stem-iso-2023-11-27-05-11-33-utc-200x300.jpg\" alt=\"\" width=\"200\" height=\"300\" srcset=\"https:\/\/old.elusvali.ee\/wp-content\/uploads\/2024\/12\/vertical-orange-gerbera-flowers-with-long-stem-iso-2023-11-27-05-11-33-utc-200x300.jpg 200w, https:\/\/old.elusvali.ee\/wp-content\/uploads\/2024\/12\/vertical-orange-gerbera-flowers-with-long-stem-iso-2023-11-27-05-11-33-utc-533x800.jpg 533w, https:\/\/old.elusvali.ee\/wp-content\/uploads\/2024\/12\/vertical-orange-gerbera-flowers-with-long-stem-iso-2023-11-27-05-11-33-utc-768x1152.jpg 768w, https:\/\/old.elusvali.ee\/wp-content\/uploads\/2024\/12\/vertical-orange-gerbera-flowers-with-long-stem-iso-2023-11-27-05-11-33-utc-1024x1536.jpg 1024w, https:\/\/old.elusvali.ee\/wp-content\/uploads\/2024\/12\/vertical-orange-gerbera-flowers-with-long-stem-iso-2023-11-27-05-11-33-utc-430x645.jpg 430w, https:\/\/old.elusvali.ee\/wp-content\/uploads\/2024\/12\/vertical-orange-gerbera-flowers-with-long-stem-iso-2023-11-27-05-11-33-utc-700x1050.jpg 700w, https:\/\/old.elusvali.ee\/wp-content\/uploads\/2024\/12\/vertical-orange-gerbera-flowers-with-long-stem-iso-2023-11-27-05-11-33-utc-150x225.jpg 150w, https:\/\/old.elusvali.ee\/wp-content\/uploads\/2024\/12\/vertical-orange-gerbera-flowers-with-long-stem-iso-2023-11-27-05-11-33-utc.jpg 1350w\" sizes=\"(max-width: 200px) 100vw, 200px\" \/> Kli\u0146\u0123er\u012b\u0161u ziedi visbie\u017e\u0101k sastopami ir Centr\u0101leirop\u0101, Dienvideirop\u0101, Rietum\u0101zij\u0101 un Zieme\u013camerik\u0101. Igaunij\u0101 tos kultiv\u0113 k\u0101 kult\u016braugu un tie reti aug dab\u012bgi. <sup id=\"cite_ref-:0_1-1\" class=\"reference\"><\/sup> Kli\u0146\u0123er\u012bte ir mazpras\u012bgs augs, kas labi aug da\u013c\u0113j\u0101 \u0113n\u0101. Tas ir viengad\u012bgs augs. <\/p>\n<p>Kli\u0146\u0123er\u012btes zieds ir pla\u0161i paz\u012bstams \u0101rstniec\u012bbas augs, ko nov\u0113rt\u0113 t\u0101 daudzpus\u012bg\u0101s labv\u0113l\u012bg\u0101s ietekmes uz vesel\u012bbu d\u0113\u013c. \u0160is augs ar rakstur\u012bgajiem oran\u017eiem vai dzelteniem ziediem ir Kurvjzie\u017eu \u0123ints p\u0101rst\u0101vis, un tas galvenok\u0101rt ir sastopams Vidusj\u016bras re\u0123ion\u0101, bet tiek pla\u0161i audz\u0113ts ar\u012b citviet pasaul\u0113. Kli\u0146\u0123er\u012bte ir paz\u012bstama ar sav\u0101m pretiekaisuma, antiseptiskaj\u0101m un br\u016b\u010du dziedino\u0161aj\u0101m \u012bpa\u0161\u012bb\u0101m. To bie\u017ei izmanto \u0101das kairin\u0101jumu, nelielu br\u016b\u010du, apdegumu un kukai\u0146u kodumu vietu nomierin\u0101\u0161anai un \u0101rst\u0113\u0161anai. To lieto ar\u012b k\u0101 skalo\u0161anas l\u012bdzekli mutes dobuma \u010d\u016blu un kakla s\u0101pju gad\u012bjum\u0101. K\u0101 z\u0101les galvenok\u0101rt izmanto ziedus, kas satur karotino\u012bdus, \u0113terisko e\u013c\u013cu, sapon\u012bnus, flavono\u012bdus, r\u016bgtvielas un citas vielas.     <\/p>\n<p>Kli\u0146\u0123er\u012btes ir mazpras\u012bgs augs, ko ir viegli audz\u0113t m\u0101j\u0101s un kas zied ilgi. T\u0113jai ziedus iev\u0101c zied\u0113\u0161anas laik\u0101 &#8211; no j\u016bnija l\u012bdz septembrim. <\/p>\n<p><strong>Interesants fakts:<\/strong> Eeriksaare kli\u0146\u0123er\u012b\u0161u ziedu kr\u0101sa ir 100% oran\u017ea. Dzelten\u0101 kr\u0101sa ir kultiv\u0113\u0161anas rezult\u0101ts. Oran\u017e\u0101 kli\u0146\u0123er\u012bte ilg\u0101k saglab\u0101 savu skaisto kr\u0101su nek\u0101 dzelten\u0101.  <\/p>\n<h4><\/h4>\n<h4><strong>Kli\u0146\u0123er\u012btes vesel\u012bbu veicino\u0161\u0101s \u012bpa\u0161\u012bbas:<\/strong><\/h4>\n<p><strong>1. Pretiekaisuma iedarb\u012bba.  <\/strong>Pal\u012bdz mazin\u0101t iekaisumu gan iek\u0161\u0113ji, gan \u0101r\u0113ji. Der artr\u012bta, musku\u013cu s\u0101pju un \u0101das kairin\u0101jumu mazin\u0101\u0161anai. <\/p>\n<p><strong>2. Antiseptiskas un br\u016b\u010du dz\u012b\u0161anas \u012bpa\u0161\u012bbas.  <\/strong>Dezinfic\u0113 br\u016bces, pa\u0101trina audu atjauno\u0161anos un veicina \u0101das dz\u012b\u0161anu. Lieto neliel\u0101m br\u016bc\u0113m, apdegumiem un kukai\u0146u kodumiem. <\/p>\n<p><strong>3. \u0100das vesel\u012bbas veicin\u0101\u0161ana.  <\/strong>\u0100rst\u0113 pinnes, ekz\u0113mu un dermat\u012btu. Mitrina un nomierina sausu vai iekaisu\u0161u \u0101du, padarot to elast\u012bgu un mirdzo\u0161u. <\/p>\n<p><strong>4. Uzlabo gremo\u0161anu.  <\/strong>Kli\u0146\u0123er\u012b\u0161u ziedu t\u0113ju lieto ku\u0146\u0123a un zarnu slim\u012bbu, piem\u0113ram, \u010d\u016blu, zarnu iekaisuma un gr\u0113mas, mazin\u0101\u0161anai. T\u0101 nomierina gremo\u0161anas traktu un veicina gremo\u0161anas sist\u0113mas pareizu darb\u012bbu. <\/p>\n<p><strong>5. Im\u016bnsist\u0113mas atbalsts.  <\/strong>Bag\u0101ta ar antioksidantiem un bioakt\u012bviem savienojumiem, kas pal\u012bdz c\u012bn\u012bties pret br\u012bvajiem radik\u0101\u013ciem un stiprina organisma aizsargsp\u0113jas.<\/p>\n<p><strong>6. Mutes vesel\u012bbas uzlabo\u0161ana.  <\/strong>K\u0101 skalo\u0161anas l\u012bdzeklis kli\u0146\u0123er\u012bte pal\u012bdz mazin\u0101t gingiv\u012btu un mutes dobuma \u010d\u016blas. T\u0101 veicina mutes g\u013cot\u0101das vesel\u012bbu un pal\u012bdz nov\u0113rst iekaisumus. <\/p>\n<p><strong>7. Menstru\u0101ciju krampju atvieglo\u0161ana.  <\/strong>Kli\u0146\u0123er\u012btes zieds var pal\u012bdz\u0113t mazin\u0101t menstru\u0101ciju s\u0101pes un veicin\u0101t regul\u0101ru ciklu. T\u0101 nomierino\u0161\u0101 iedarb\u012bba var pal\u012bdz\u0113t mazin\u0101t trauksmi un stresu. <\/p>\n<p>&nbsp;<\/p>\n<p><a href=\"https:\/\/purenature.lv\/kes-on-meditsiinimeedium-anthony-william-2\/\"><strong>Medic\u012bnas medijs Anthony William<\/strong><\/a> saka, ka kli\u0146\u0123er\u012btes var lietot iek\u0161\u0137\u012bgi k\u0101 t\u0113ju, tinkt\u016bru vai ekstraktu, un t\u0101s ir \u013coti noder\u012bgas un nomierino\u0161as ku\u0146\u0123a \u010d\u016blu, gremo\u0161anas trauc\u0113jumu, kol\u012bta, gr\u0113mu, \u017eultsp\u016b\u0161\u013ca probl\u0113mu, aknu probl\u0113mu, menstru\u0101lo krampju un hronisku iekaisumu gad\u012bjum\u0101. Kli\u0146\u0123er\u012btes zieda pretv\u012brusu \u012bpa\u0161\u012bbas atbalsta ar\u012b im\u016bnsist\u0113mu un limf\u0101tisko sist\u0113mu. Vi\u0146\u0161 pat apgalvo, ka kli\u0146\u0123er\u012bt\u0113m piem\u012bt pretv\u0113\u017ea \u012bpa\u0161\u012bbas un \u0161\u016bnu l\u012bmen\u012b t\u0101s pal\u012bdz nov\u0113rst radi\u0101cijas, piem\u0113ram, \u0137\u012bmijterapijas, rad\u012bt\u0101s sekas. Kli\u0146\u0123er\u012bte ir noder\u012bga ar\u012b acu pilienu lieto\u0161anai konjunktiv\u012bta un sausu, niezo\u0161u acu gad\u012bjum\u0101.   <\/p>\n<p>Vair\u0101k par kli\u0146\u0123er\u012bti lasiet <a href=\"https:\/\/www.medicalmedium.com\/blog\/calendula\">MedicalMedia blog\u0101<\/a>.<\/p>\n<h4><strong>Iesp\u0113jamie izmanto\u0161anas veidi:<\/strong><\/h4>\n<ul>\n<li><strong>Tinkt\u016bra vai t\u0113ja:<\/strong> Kli\u0146\u0123er\u012btes ziedu t\u0113jas un uzl\u0113jumi tiek izmantoti, lai veicin\u0101tu gremo\u0161anu, aizsarg\u0101tu ku\u0146\u0123a g\u013cot\u0101du un mazin\u0101tu menstru\u0101ciju s\u0101pes. Dzerot 1-2 tas\u012btes kli\u0146\u0123er\u012b\u0161u t\u0113jas dien\u0101, att\u012bra organismu un stimul\u0113 asinsriti. <\/li>\n<li><strong>E\u013c\u013cas, ziedes un kr\u0113mi: <\/strong>t\u0101 k\u0101 kli\u0146\u0123er\u012b\u0161u ziedi labv\u0113l\u012bgi ietekm\u0113 \u0101du un toniz\u0113, tos izmanto daudzos kosm\u0113tikas l\u012bdzek\u013cos, piem\u0113ram, toniz\u0113jo\u0161os l\u012bdzek\u013cos, sejas mask\u0101s un kr\u0113mos, k\u0101 ar\u012b matu kop\u0161anas l\u012bdzek\u013cos.<\/li>\n<li><strong>Mutes skalo\u0161ana:<\/strong> smaganu un mutes g\u013cot\u0101das kop\u0161anai, k\u0101 ar\u012b kakla s\u0101pju gad\u012bjum\u0101 var skalot muti vai att\u012br\u012bt r\u012bkli, lietojot kli\u0146\u0123er\u012btes t\u0113ju.<\/li>\n<li><strong>P\u0101rtik\u0101<\/strong>: Kli\u0146\u0123er\u012btes ziedus var izmantot k\u0101 piedevu \u0113dieniem.<\/li>\n<\/ul>\n<p>Kli\u0146\u0123er\u012btes e\u013c\u013ca ir dabisks un dro\u0161s l\u012bdzeklis, ta\u010du gr\u016btniec\u012bbas vai aler\u0123ijas gad\u012bjum\u0101 pirms lieto\u0161anas j\u0101konsult\u0113jas ar speci\u0101listu. Pateicoties t\u0101s pla\u0161ajam pielietojuma spektram, t\u0101 ir neaizst\u0101jams augs gan m\u0101jas aptieci\u0146\u0101, gan dab\u012bgaj\u0101 kosm\u0113tik\u0101. <\/p>\n<h3><strong>K\u0101 pagatavot kli\u0146\u0123er\u012btes aug\u013cu t\u0113ju?<\/strong><\/h3>\n<p>Kli\u0146\u0123er\u012btes t\u0113ja ir gar\u0161\u012bgs un vesel\u012bbu veicino\u0161s dz\u0113riens, kas pal\u012bdz mazin\u0101t gremo\u0161anas probl\u0113mas, atbalsta im\u016bnsist\u0113mu un nomierina organismu. To ir viegli pagatavot gan no svaigiem, gan kalt\u0113tiem kli\u0146\u0123er\u012b\u0161u ziediem. <\/p>\n<ul>\n<li><strong>Pagatavo\u0161ana:<\/strong> t\u0113jkann\u0101 vai tas\u012bt\u0113 ieberiet kalt\u0113tus (1-2 t\u0113jkarotes) vai svaigus kli\u0146\u0123er\u012btes ziedus. <img decoding=\"async\" class=\"wp-image-56926 size-medium alignright\" src=\"https:\/\/old.elusvali.ee\/wp-content\/uploads\/2024\/12\/herbal-calendula-officinalis-in-the-glass-400x267.jpg\" alt=\"\" width=\"400\" height=\"267\" srcset=\"https:\/\/old.elusvali.ee\/wp-content\/uploads\/2024\/12\/herbal-calendula-officinalis-in-the-glass-400x267.jpg 400w, https:\/\/old.elusvali.ee\/wp-content\/uploads\/2024\/12\/herbal-calendula-officinalis-in-the-glass-1197x800.jpg 1197w, https:\/\/old.elusvali.ee\/wp-content\/uploads\/2024\/12\/herbal-calendula-officinalis-in-the-glass-768x513.jpg 768w, https:\/\/old.elusvali.ee\/wp-content\/uploads\/2024\/12\/herbal-calendula-officinalis-in-the-glass-430x287.jpg 430w, https:\/\/old.elusvali.ee\/wp-content\/uploads\/2024\/12\/herbal-calendula-officinalis-in-the-glass-700x468.jpg 700w, https:\/\/old.elusvali.ee\/wp-content\/uploads\/2024\/12\/herbal-calendula-officinalis-in-the-glass-150x100.jpg 150w, https:\/\/old.elusvali.ee\/wp-content\/uploads\/2024\/12\/herbal-calendula-officinalis-in-the-glass.jpg 1350w\" sizes=\"(max-width: 400px) 100vw, 400px\" \/><\/li>\n<li><strong>Pievienojiet karsto \u016bdeni:<\/strong> Uzlej 250 ml verdo\u0161a \u016bdens.<\/li>\n<li><strong>\u013baujiet ievilkties:<\/strong> p\u0101rkl\u0101jiet tasi vai kr\u016bzi un atst\u0101jiet 5-10 min\u016btes, lai labv\u0113l\u012bg\u0101s vielas var\u0113tu izdal\u012bties \u016bden\u012b.<\/li>\n<li><strong>Nok\u0101siet:<\/strong> T\u0113ju notecina, lai atdal\u012btu ziedus.<\/li>\n<li><strong>Aromatiz\u0113jiet un baudiet:<\/strong> p\u0113c gar\u0161as pievienojiet medu vai citronu. Izbaudiet t\u0113ju siltu. <\/li>\n<\/ul>\n<h3><strong>Kad lietot kumel\u012b\u0161u t\u0113ju?<\/strong><\/h3>\n<ul>\n<li><strong>Gremo\u0161anas sist\u0113mas darb\u012bbas uzlabo\u0161anai:<\/strong> dzert p\u0113c \u0113\u0161anas, lai nomierin\u0101tu gremo\u0161anas trakta darb\u012bbu.<\/li>\n<li><strong>Imunit\u0101tes stiprin\u0101\u0161anai:<\/strong> dzer no r\u012bta, lai atbalst\u012btu organisma aizsargsp\u0113jas.<\/li>\n<li><strong>Relaks\u0101cijai:<\/strong> vakar\u0101 pirms gul\u0113tie\u0161anas t\u0113ja pal\u012bdz atsl\u0101bin\u0101t un nomierin\u0101t \u0137ermeni.<\/li>\n<\/ul>\n<p>T\u0113ja ir maiga un dro\u0161a, piem\u0113rota ikdienas lieto\u0161anai. Lai saglab\u0101tu pat\u012bkamu, vieglu un ne r\u016bgtu gar\u0161u, izvairieties no p\u0101r\u0101k ilgas nost\u0101v\u0113\u0161an\u0101s. <\/p>\n<p>&nbsp;<\/p>\n<p><strong><a href=\"http:\/\/eeriksaare.ee\">Eeriksaare Organic Farm <\/a>&#8211; tuv\u012bba dabai un gudr\u012bba, kas tiek nodota no paaudzes paaudz\u0113. <\/strong>Eeriksaare Organic Farm ir vieta, kur tiek cien\u012bta zeme, augsne un trad\u012bcijas. Vi\u0146u saknes dzi\u013ci iesak\u0146oju\u0161\u0101s dzimtenes augsn\u0113, un vi\u0146i izj\u016bt cie\u0161u saikni ar \u0161\u012bs vietas \u012bpa\u0161o raksturu. Vi\u0146u vecvec\u0101ku zemkop\u012bbas gudr\u012bba un vec\u0101s p\u013cavas ir vi\u0146u t\u0113jas nami\u0146a pamats, kur vi\u0146i sme\u013cas sp\u0113ku un iedvesmu, lai rad\u012btu gar\u0161\u012bgas t\u0113jas. T\u0113jas augi aug r\u016bp\u012bgi kopt\u0101 augsn\u0113, ko neapgr\u016btina m\u0101ksl\u012bgie m\u0113slojumi un pestic\u012bdi. Augi tiek audz\u0113ti un nov\u0101kti ar rok\u0101m, nodro\u0161inot visaugst\u0101ko kvalit\u0101ti un dabisko t\u012br\u012bbu katr\u0101 lapi\u0146\u0101. T\u0113jas augi, kurus vi\u0146i pa\u0161i neaudz\u0113, tiek iev\u0101kti Viljandi neskartajos me\u017eos un purvos. Tas nodro\u0161ina, ka katrs t\u0113jas mais\u012bjums nes viet\u0113j\u0101s dabas sp\u0113ku un unik\u0101lo gar\u0161u. Eeriksaare Organic Farm godina savu dzimteni un t\u0101s mantojumu. Vi\u0146i r\u016bp\u0113jas par dabu un str\u0101d\u0101 ilgtsp\u0113j\u012bgi, lai nodro\u0161in\u0101tu, ka vi\u0146u lauki un me\u017ei paliek neskarti ar\u012b n\u0101kamaj\u0101m paaudz\u0113m.        <\/p>\n<p><img decoding=\"async\" class=\"alignleft wp-image-56917 size-large\" src=\"https:\/\/old.elusvali.ee\/wp-content\/uploads\/2024\/12\/Drinking-tea-1200x800.jpg\" alt=\"\" width=\"1200\" height=\"800\" srcset=\"https:\/\/old.elusvali.ee\/wp-content\/uploads\/2024\/12\/Drinking-tea-1200x800.jpg 1200w, https:\/\/old.elusvali.ee\/wp-content\/uploads\/2024\/12\/Drinking-tea-400x267.jpg 400w, https:\/\/old.elusvali.ee\/wp-content\/uploads\/2024\/12\/Drinking-tea-768x512.jpg 768w, https:\/\/old.elusvali.ee\/wp-content\/uploads\/2024\/12\/Drinking-tea-430x287.jpg 430w, https:\/\/old.elusvali.ee\/wp-content\/uploads\/2024\/12\/Drinking-tea-700x467.jpg 700w, https:\/\/old.elusvali.ee\/wp-content\/uploads\/2024\/12\/Drinking-tea-150x100.jpg 150w, https:\/\/old.elusvali.ee\/wp-content\/uploads\/2024\/12\/Drinking-tea.jpg 1350w\" sizes=\"(max-width: 1200px) 100vw, 1200px\" \/><\/p>\n","protected":false},"excerpt":{"rendered":"<p>Kli\u0146\u0123er\u012bte ir labi paz\u012bstams augs ar pretiekaisuma, antiseptisk\u0101m un br\u016b\u010du dziedino\u0161\u0101m \u012bpa\u0161\u012bb\u0101m. To lieto \u0101das kairin\u0101jumu, nelielu br\u016b\u010du, apdegumu un kukai\u0146u kodumu vietu nomierin\u0101\u0161anai, k\u0101 ar\u012b k\u0101 skalo\u0161anas l\u012bdzekli mutes dobuma \u010d\u016blu un kakla s\u0101pju gad\u012bjum\u0101. <\/p>\n","protected":false},"featured_media":57378,"comment_status":"open","ping_status":"closed","template":"","meta":{"_acf_changed":false},"product_brand":[],"product_cat":[457],"product_tag":[441],"class_list":{"0":"post-67185","1":"product","2":"type-product","3":"status-publish","4":"has-post-thumbnail","6":"product_cat-uzturs","7":"product_tag-teja","9":"first","10":"instock","11":"taxable","12":"shipping-taxable","13":"purchasable","14":"product-type-simple"},"acf":[],"yoast_head":"<!-- This site is optimized with the Yoast SEO plugin v25.3.1 - https:\/\/yoast.com\/wordpress\/plugins\/seo\/ -->\n<title>Kli\u0146\u0123er\u012btes ziedi 50g, organiski | Eeriksaare Mahetalu t\u0113jas - Pure Nature<\/title>\n<meta name=\"description\" content=\"Kli\u0146\u0123er\u012btes zieds ir pla\u0161i paz\u012bstams \u0101rstniec\u012bbas augs, ko nov\u0113rt\u0113 t\u0101 daudzpus\u012bg\u0101s labv\u0113l\u012bg\u0101s ietekmes uz vesel\u012bbu d\u0113\u013c. Tas ir pretiekaisuma un antiseptisks l\u012bdzeklis.\" \/>\n<meta name=\"robots\" content=\"noindex, follow, max-snippet:-1, max-image-preview:large, max-video-preview:-1\" \/>\n<meta property=\"og:locale\" content=\"lv_LV\" \/>\n<meta property=\"og:type\" content=\"article\" \/>\n<meta property=\"og:title\" content=\"Kli\u0146\u0123er\u012btes ziedi 50g, organiski | Eeriksaare Mahetalu t\u0113jas - Pure Nature\" \/>\n<meta property=\"og:description\" content=\"Kli\u0146\u0123er\u012btes zieds ir pla\u0161i paz\u012bstams \u0101rstniec\u012bbas augs, ko nov\u0113rt\u0113 t\u0101 daudzpus\u012bg\u0101s labv\u0113l\u012bg\u0101s ietekmes uz vesel\u012bbu d\u0113\u013c. Tas ir pretiekaisuma un antiseptisks l\u012bdzeklis.\" \/>\n<meta property=\"og:url\" content=\"https:\/\/old.elusvali.ee\/lv\/produkts\/klingerites-ziedi-50g-organiski-eeriksaare-mahetalu-tejas\/\" \/>\n<meta property=\"og:site_name\" content=\"Elusv&auml;li\" \/>\n<meta property=\"article:publisher\" content=\"https:\/\/www.facebook.com\/profile.php?id=100064131067985\" \/>\n<meta property=\"og:image\" content=\"https:\/\/old.elusvali.ee\/wp-content\/uploads\/2024\/12\/Taimetee-09.jpg\" \/>\n\t<meta property=\"og:image:width\" content=\"900\" \/>\n\t<meta property=\"og:image:height\" content=\"900\" \/>\n\t<meta property=\"og:image:type\" content=\"image\/jpeg\" \/>\n<meta name=\"twitter:card\" content=\"summary_large_image\" \/>\n<meta name=\"twitter:label1\" content=\"Est. reading time\" \/>\n\t<meta name=\"twitter:data1\" content=\"6 minutes\" \/>\n<script type=\"application\/ld+json\" class=\"yoast-schema-graph\">{\"@context\":\"https:\/\/schema.org\",\"@graph\":[{\"@type\":\"WebPage\",\"@id\":\"https:\/\/old.elusvali.ee\/lv\/produkts\/klingerites-ziedi-50g-organiski-eeriksaare-mahetalu-tejas\/\",\"url\":\"https:\/\/old.elusvali.ee\/lv\/produkts\/klingerites-ziedi-50g-organiski-eeriksaare-mahetalu-tejas\/\",\"name\":\"Kli\u0146\u0123er\u012btes ziedi 50g, organiski | Eeriksaare Mahetalu t\u0113jas - Pure Nature\",\"isPartOf\":{\"@id\":\"https:\/\/old.elusvali.ee\/lv\/#website\"},\"primaryImageOfPage\":{\"@id\":\"https:\/\/old.elusvali.ee\/lv\/produkts\/klingerites-ziedi-50g-organiski-eeriksaare-mahetalu-tejas\/#primaryimage\"},\"image\":{\"@id\":\"https:\/\/old.elusvali.ee\/lv\/produkts\/klingerites-ziedi-50g-organiski-eeriksaare-mahetalu-tejas\/#primaryimage\"},\"thumbnailUrl\":\"https:\/\/old.elusvali.ee\/wp-content\/uploads\/2024\/12\/Taimetee-09.jpg\",\"datePublished\":\"2024-12-08T15:01:48+00:00\",\"description\":\"Kli\u0146\u0123er\u012btes zieds ir pla\u0161i paz\u012bstams \u0101rstniec\u012bbas augs, ko nov\u0113rt\u0113 t\u0101 daudzpus\u012bg\u0101s labv\u0113l\u012bg\u0101s ietekmes uz vesel\u012bbu d\u0113\u013c. Tas ir pretiekaisuma un antiseptisks l\u012bdzeklis.\",\"breadcrumb\":{\"@id\":\"https:\/\/old.elusvali.ee\/lv\/produkts\/klingerites-ziedi-50g-organiski-eeriksaare-mahetalu-tejas\/#breadcrumb\"},\"inLanguage\":\"lv-LV\",\"potentialAction\":[{\"@type\":\"ReadAction\",\"target\":[\"https:\/\/old.elusvali.ee\/lv\/produkts\/klingerites-ziedi-50g-organiski-eeriksaare-mahetalu-tejas\/\"]}]},{\"@type\":\"ImageObject\",\"inLanguage\":\"lv-LV\",\"@id\":\"https:\/\/old.elusvali.ee\/lv\/produkts\/klingerites-ziedi-50g-organiski-eeriksaare-mahetalu-tejas\/#primaryimage\",\"url\":\"https:\/\/old.elusvali.ee\/wp-content\/uploads\/2024\/12\/Taimetee-09.jpg\",\"contentUrl\":\"https:\/\/old.elusvali.ee\/wp-content\/uploads\/2024\/12\/Taimetee-09.jpg\",\"width\":900,\"height\":900,\"caption\":\"Saialille\u00f5is\"},{\"@type\":\"BreadcrumbList\",\"@id\":\"https:\/\/old.elusvali.ee\/lv\/produkts\/klingerites-ziedi-50g-organiski-eeriksaare-mahetalu-tejas\/#breadcrumb\",\"itemListElement\":[{\"@type\":\"ListItem\",\"position\":1,\"name\":\"Home\",\"item\":\"https:\/\/purenature.lv\/\"},{\"@type\":\"ListItem\",\"position\":2,\"name\":\"E-veikals\",\"item\":\"https:\/\/purenature.lv\/veikals\/\"},{\"@type\":\"ListItem\",\"position\":3,\"name\":\"Kli\u0146\u0123er\u012btes ziedi 50g, organiski | Eeriksaare Mahetalu t\u0113jas\"}]},{\"@type\":\"WebSite\",\"@id\":\"https:\/\/old.elusvali.ee\/lv\/#website\",\"url\":\"https:\/\/old.elusvali.ee\/lv\/\",\"name\":\"Elusv\u00e4li\",\"description\":\"Puhas k&ouml;&ouml;k ja koduapteek\",\"publisher\":{\"@id\":\"https:\/\/old.elusvali.ee\/lv\/#organization\"},\"potentialAction\":[{\"@type\":\"SearchAction\",\"target\":{\"@type\":\"EntryPoint\",\"urlTemplate\":\"https:\/\/old.elusvali.ee\/lv\/?s={search_term_string}\"},\"query-input\":{\"@type\":\"PropertyValueSpecification\",\"valueRequired\":true,\"valueName\":\"search_term_string\"}}],\"inLanguage\":\"lv-LV\"},{\"@type\":\"Organization\",\"@id\":\"https:\/\/old.elusvali.ee\/lv\/#organization\",\"name\":\"Elusv\u00e4li\",\"url\":\"https:\/\/old.elusvali.ee\/lv\/\",\"logo\":{\"@type\":\"ImageObject\",\"inLanguage\":\"lv-LV\",\"@id\":\"https:\/\/old.elusvali.ee\/lv\/#\/schema\/logo\/image\/\",\"url\":\"https:\/\/purenature.lt\/wp-content\/uploads\/2023\/07\/logo.png\",\"contentUrl\":\"https:\/\/purenature.lt\/wp-content\/uploads\/2023\/07\/logo.png\",\"width\":526,\"height\":146,\"caption\":\"Elusv\u00e4li\"},\"image\":{\"@id\":\"https:\/\/old.elusvali.ee\/lv\/#\/schema\/logo\/image\/\"},\"sameAs\":[\"https:\/\/www.facebook.com\/profile.php?id=100064131067985\",\"https:\/\/www.instagram.com\/elusvali\/\",\"https:\/\/www.youtube.com\/@elusvali2110\"]}]}<\/script>\n<!-- \/ Yoast SEO plugin. -->","yoast_head_json":{"title":"Kli\u0146\u0123er\u012btes ziedi 50g, organiski | Eeriksaare Mahetalu t\u0113jas - Pure Nature","description":"Kli\u0146\u0123er\u012btes zieds ir pla\u0161i paz\u012bstams \u0101rstniec\u012bbas augs, ko nov\u0113rt\u0113 t\u0101 daudzpus\u012bg\u0101s labv\u0113l\u012bg\u0101s ietekmes uz vesel\u012bbu d\u0113\u013c. Tas ir pretiekaisuma un antiseptisks l\u012bdzeklis.","robots":{"index":"noindex","follow":"follow","max-snippet":"max-snippet:-1","max-image-preview":"max-image-preview:large","max-video-preview":"max-video-preview:-1"},"og_locale":"lv_LV","og_type":"article","og_title":"Kli\u0146\u0123er\u012btes ziedi 50g, organiski | Eeriksaare Mahetalu t\u0113jas - Pure Nature","og_description":"Kli\u0146\u0123er\u012btes zieds ir pla\u0161i paz\u012bstams \u0101rstniec\u012bbas augs, ko nov\u0113rt\u0113 t\u0101 daudzpus\u012bg\u0101s labv\u0113l\u012bg\u0101s ietekmes uz vesel\u012bbu d\u0113\u013c. Tas ir pretiekaisuma un antiseptisks l\u012bdzeklis.","og_url":"https:\/\/old.elusvali.ee\/lv\/produkts\/klingerites-ziedi-50g-organiski-eeriksaare-mahetalu-tejas\/","og_site_name":"Elusv&auml;li","article_publisher":"https:\/\/www.facebook.com\/profile.php?id=100064131067985","og_image":[{"width":900,"height":900,"url":"https:\/\/old.elusvali.ee\/wp-content\/uploads\/2024\/12\/Taimetee-09.jpg","type":"image\/jpeg"}],"twitter_card":"summary_large_image","twitter_misc":{"Est. reading time":"6 minutes"},"schema":{"@context":"https:\/\/schema.org","@graph":[{"@type":"WebPage","@id":"https:\/\/old.elusvali.ee\/lv\/produkts\/klingerites-ziedi-50g-organiski-eeriksaare-mahetalu-tejas\/","url":"https:\/\/old.elusvali.ee\/lv\/produkts\/klingerites-ziedi-50g-organiski-eeriksaare-mahetalu-tejas\/","name":"Kli\u0146\u0123er\u012btes ziedi 50g, organiski | Eeriksaare Mahetalu t\u0113jas - Pure Nature","isPartOf":{"@id":"https:\/\/old.elusvali.ee\/lv\/#website"},"primaryImageOfPage":{"@id":"https:\/\/old.elusvali.ee\/lv\/produkts\/klingerites-ziedi-50g-organiski-eeriksaare-mahetalu-tejas\/#primaryimage"},"image":{"@id":"https:\/\/old.elusvali.ee\/lv\/produkts\/klingerites-ziedi-50g-organiski-eeriksaare-mahetalu-tejas\/#primaryimage"},"thumbnailUrl":"https:\/\/old.elusvali.ee\/wp-content\/uploads\/2024\/12\/Taimetee-09.jpg","datePublished":"2024-12-08T15:01:48+00:00","description":"Kli\u0146\u0123er\u012btes zieds ir pla\u0161i paz\u012bstams \u0101rstniec\u012bbas augs, ko nov\u0113rt\u0113 t\u0101 daudzpus\u012bg\u0101s labv\u0113l\u012bg\u0101s ietekmes uz vesel\u012bbu d\u0113\u013c. Tas ir pretiekaisuma un antiseptisks l\u012bdzeklis.","breadcrumb":{"@id":"https:\/\/old.elusvali.ee\/lv\/produkts\/klingerites-ziedi-50g-organiski-eeriksaare-mahetalu-tejas\/#breadcrumb"},"inLanguage":"lv-LV","potentialAction":[{"@type":"ReadAction","target":["https:\/\/old.elusvali.ee\/lv\/produkts\/klingerites-ziedi-50g-organiski-eeriksaare-mahetalu-tejas\/"]}]},{"@type":"ImageObject","inLanguage":"lv-LV","@id":"https:\/\/old.elusvali.ee\/lv\/produkts\/klingerites-ziedi-50g-organiski-eeriksaare-mahetalu-tejas\/#primaryimage","url":"https:\/\/old.elusvali.ee\/wp-content\/uploads\/2024\/12\/Taimetee-09.jpg","contentUrl":"https:\/\/old.elusvali.ee\/wp-content\/uploads\/2024\/12\/Taimetee-09.jpg","width":900,"height":900,"caption":"Saialille\u00f5is"},{"@type":"BreadcrumbList","@id":"https:\/\/old.elusvali.ee\/lv\/produkts\/klingerites-ziedi-50g-organiski-eeriksaare-mahetalu-tejas\/#breadcrumb","itemListElement":[{"@type":"ListItem","position":1,"name":"Home","item":"https:\/\/purenature.lv\/"},{"@type":"ListItem","position":2,"name":"E-veikals","item":"https:\/\/purenature.lv\/veikals\/"},{"@type":"ListItem","position":3,"name":"Kli\u0146\u0123er\u012btes ziedi 50g, organiski | Eeriksaare Mahetalu t\u0113jas"}]},{"@type":"WebSite","@id":"https:\/\/old.elusvali.ee\/lv\/#website","url":"https:\/\/old.elusvali.ee\/lv\/","name":"Elusv\u00e4li","description":"Puhas k&ouml;&ouml;k ja koduapteek","publisher":{"@id":"https:\/\/old.elusvali.ee\/lv\/#organization"},"potentialAction":[{"@type":"SearchAction","target":{"@type":"EntryPoint","urlTemplate":"https:\/\/old.elusvali.ee\/lv\/?s={search_term_string}"},"query-input":{"@type":"PropertyValueSpecification","valueRequired":true,"valueName":"search_term_string"}}],"inLanguage":"lv-LV"},{"@type":"Organization","@id":"https:\/\/old.elusvali.ee\/lv\/#organization","name":"Elusv\u00e4li","url":"https:\/\/old.elusvali.ee\/lv\/","logo":{"@type":"ImageObject","inLanguage":"lv-LV","@id":"https:\/\/old.elusvali.ee\/lv\/#\/schema\/logo\/image\/","url":"https:\/\/purenature.lt\/wp-content\/uploads\/2023\/07\/logo.png","contentUrl":"https:\/\/purenature.lt\/wp-content\/uploads\/2023\/07\/logo.png","width":526,"height":146,"caption":"Elusv\u00e4li"},"image":{"@id":"https:\/\/old.elusvali.ee\/lv\/#\/schema\/logo\/image\/"},"sameAs":["https:\/\/www.facebook.com\/profile.php?id=100064131067985","https:\/\/www.instagram.com\/elusvali\/","https:\/\/www.youtube.com\/@elusvali2110"]}]}},"_links":{"self":[{"href":"https:\/\/old.elusvali.ee\/lv\/wp-json\/wp\/v2\/product\/67185","targetHints":{"allow":["GET"]}}],"collection":[{"href":"https:\/\/old.elusvali.ee\/lv\/wp-json\/wp\/v2\/product"}],"about":[{"href":"https:\/\/old.elusvali.ee\/lv\/wp-json\/wp\/v2\/types\/product"}],"replies":[{"embeddable":true,"href":"https:\/\/old.elusvali.ee\/lv\/wp-json\/wp\/v2\/comments?post=67185"}],"version-history":[{"count":0,"href":"https:\/\/old.elusvali.ee\/lv\/wp-json\/wp\/v2\/product\/67185\/revisions"}],"wp:featuredmedia":[{"embeddable":true,"href":"https:\/\/old.elusvali.ee\/lv\/wp-json\/wp\/v2\/media\/57378"}],"wp:attachment":[{"href":"https:\/\/old.elusvali.ee\/lv\/wp-json\/wp\/v2\/media?parent=67185"}],"wp:term":[{"taxonomy":"product_brand","embeddable":true,"href":"https:\/\/old.elusvali.ee\/lv\/wp-json\/wp\/v2\/product_brand?post=67185"},{"taxonomy":"product_cat","embeddable":true,"href":"https:\/\/old.elusvali.ee\/lv\/wp-json\/wp\/v2\/product_cat?post=67185"},{"taxonomy":"product_tag","embeddable":true,"href":"https:\/\/old.elusvali.ee\/lv\/wp-json\/wp\/v2\/product_tag?post=67185"}],"curies":[{"name":"wp","href":"https:\/\/api.w.org\/{rel}","templated":true}]}}