{"id":66176,"date":"2024-12-08T17:01:53","date_gmt":"2024-12-08T15:01:53","guid":{"rendered":"https:\/\/old.elusvali.ee\/product\/meza-avenu-teja-organiska-eeriksaare-organic-farms\/"},"modified":"2025-05-30T11:07:28","modified_gmt":"2025-05-30T08:07:28","slug":"meza-avenu-teja-organiska-eeriksaare-organic-farms","status":"publish","type":"product","link":"https:\/\/old.elusvali.ee\/lv\/produkts\/meza-avenu-teja-organiska-eeriksaare-organic-farms\/","title":{"rendered":"Me\u017ea ave\u0146u t\u0113ja, organiska | Eeriksaare Organic Farms"},"content":{"rendered":"<h2><strong>Me\u017ea avenes<i>(Rubus idaeus<\/i>)<\/strong><\/h2>\n<p><b><img fetchpriority=\"high\" decoding=\"async\" class=\"size-medium wp-image-57071 alignleft\" src=\"https:\/\/purenature.lv\/wp-content\/uploads\/2024\/12\/raspberry-berries-200x300.jpg\" alt=\"\" width=\"200\" height=\"300\" srcset=\"https:\/\/old.elusvali.ee\/wp-content\/uploads\/2024\/12\/raspberry-berries-200x300.jpg 200w, https:\/\/old.elusvali.ee\/wp-content\/uploads\/2024\/12\/raspberry-berries-533x800.jpg 533w, https:\/\/old.elusvali.ee\/wp-content\/uploads\/2024\/12\/raspberry-berries-768x1152.jpg 768w, https:\/\/old.elusvali.ee\/wp-content\/uploads\/2024\/12\/raspberry-berries-1024x1536.jpg 1024w, https:\/\/old.elusvali.ee\/wp-content\/uploads\/2024\/12\/raspberry-berries-430x645.jpg 430w, https:\/\/old.elusvali.ee\/wp-content\/uploads\/2024\/12\/raspberry-berries-700x1050.jpg 700w, https:\/\/old.elusvali.ee\/wp-content\/uploads\/2024\/12\/raspberry-berries-150x225.jpg 150w, https:\/\/old.elusvali.ee\/wp-content\/uploads\/2024\/12\/raspberry-berries.jpg 1350w\" sizes=\"(max-width: 200px) 100vw, 200px\" \/>Me\u017ea avenes <\/b><i>(Rubus idaeus)<\/i> ir ro\u017eu dzimtas ro\u017eu \u0123ints kr\u016bmu suga, kas dabiski izplat\u012bta Rietumeirop\u0101, Centr\u0101laj\u0101 un Austrumeirop\u0101, Sib\u012brij\u0101, Kauk\u0101z\u0101 un Vidus\u0101zij\u0101. T\u0101s parasti aug augl\u012bg\u0101s, tr\u016bdviel\u0101m bag\u0101t\u0101s augsn\u0113s, bie\u017ei masveid\u0101 sastopamas izcirtumos, me\u017eu mal\u0101s, izcirtumos u. c.. Aug\u013ci parasti ir sarkani vai dzelteni. Aven\u0113m nepiecie\u0161ama tie\u0161a saules gaisma, aizsardz\u012bba no aukstiem v\u0113jiem, vieta, kas atrodas t\u0101l\u0101k no cit\u0101m ogu kult\u016br\u0101m (citiem ave\u0146u augiem), un augl\u012bga augsne.<\/p>\n<p>Avenes ir ne tikai gar\u0161\u012bgs vasaras ogu avots &#8211; viss augs, ieskaitot lapas, saknes un aug\u013cus, tiek augstu v\u0113rt\u0113ts vesel\u012bbai labv\u0113l\u012bgo \u012bpa\u0161\u012bbu d\u0113\u013c. \u0160o daudzpus\u012bgo augu tradicion\u0101laj\u0101 medic\u012bn\u0101 izmantoja imunit\u0101tes stiprin\u0101\u0161anai, gremo\u0161anas uzlabo\u0161anai un sievie\u0161u vesel\u012bbas atbalstam. Ave\u0146u lapas ir v\u0113rt\u012bgs augs, ko tradicion\u0101laj\u0101 medic\u012bn\u0101 gadsimtiem ilgi izmantoja vesel\u012bbas veicin\u0101\u0161anas \u012bpa\u0161\u012bbu d\u0113\u013c. Ave\u0146u lapas ir bag\u0101tas ar vitam\u012bniem, miner\u0101lviel\u0101m un tan\u012bniem, t\u0101p\u0113c t\u0101s ir efekt\u012bvs pal\u012bgl\u012bdzeklis ikdienas labsaj\u016btas uztur\u0113\u0161anai, k\u0101 ar\u012b da\u017e\u0101du vesel\u012bbas probl\u0113mu mazin\u0101\u0161anai.<\/p>\n<p>Avene ir v\u0113rt\u012bgs kr\u016bms, jo var izmantot visas t\u0101 da\u013cas: lapas, stubl\u0101jus, ziedus un aug\u013cus. Ave\u0146u lapu t\u0113ja mazina piet\u016bkumu, un no t\u0101m pagatavota komprese mazina acu iekaisumu.<\/p>\n<h4><strong>Ave\u0146u lapu vesel\u012bbu veicino\u0161\u0101s \u012bpa\u0161\u012bbas:<\/strong><\/h4>\n<ol>\n<li><strong>Gr\u016btniec\u012bba un hormon\u0101lais atbalsts. <\/strong>Ave\u0146u lapas ir paz\u012bstamas ar dzemdi stiprino\u0161\u0101m \u012bpa\u0161\u012bb\u0101m, kas pal\u012bdz regul\u0113t menstru\u0101lo ciklu un mazina menstru\u0101l\u0101s s\u0101pes. Piem\u0113rots gr\u016btniec\u0113m dzemdes tonusa uztur\u0113\u0161anai un sagatavo\u0161anai dzemd\u012bb\u0101m (no tre\u0161\u0101 trimestra).<\/li>\n<\/ol>\n<ol start=\"2\">\n<li><strong>Uzlabo gremo\u0161anu. <\/strong>Pateicoties tan\u012bniem, kam piem\u012bt savelko\u0161a iedarb\u012bba, pal\u012bdz mazin\u0101t caureju un zarnu kairin\u0101jumu. Atbalsta zarnu vesel\u012bbu un nomierina ku\u0146\u0123a g\u013cot\u0101du.<\/li>\n<\/ol>\n<ol start=\"3\">\n<li><strong>Pretiekaisuma iedarb\u012bba. <\/strong>Atvieglo mutes dobuma un r\u012bkles s\u0101pes, ja to lieto skalo\u0161anai ar t\u0113ju vai uzl\u0113jumu. Pal\u012bdz mazin\u0101t iekaisumu organism\u0101, atbalstot visp\u0101r\u0113jo vesel\u012bbu.<\/li>\n<\/ol>\n<ol start=\"4\">\n<li><strong>Im\u016bnsist\u0113mas atbalsts. <\/strong>Satur C vitam\u012bnu un antioksidantus, kas pal\u012bdz stiprin\u0101t imunit\u0101ti un c\u012bn\u012bties pret slim\u012bb\u0101m.<\/li>\n<\/ol>\n<ol start=\"5\">\n<li><strong>S\u0101pes remdino\u0161s un atsl\u0101bino\u0161s l\u012bdzeklis. <\/strong>Pal\u012bdz mazin\u0101t vieglas s\u0101pes, piem\u0113ram, galvass\u0101pes vai musku\u013cu sasprindzin\u0101jumu. Pal\u012bdz \u0137ermenim atsl\u0101bin\u0101ties un nomierina nervu sist\u0113mu.<\/li>\n<\/ol>\n<p>&nbsp;<\/p>\n<p><a href=\"https:\/\/purenature.lv\/?attachment_id=32844\"><strong>Medic\u012bnas medijs Anthony William<\/strong><\/a> sav\u0101 blog\u0101 raksta, ka ave\u0146u lapas ir bag\u0101t\u012bgs C vitam\u012bna, kalcija, dzelzs, magnija, bioflavono\u012bdu un antioksidantu avots. P\u0113c vi\u0146a teikt\u0101, ave\u0146u lapas ir lielisks l\u012bdzeklis pret kakla s\u0101p\u0113m, \u010d\u016bl\u0101m, piena s\u0113ni, an\u0113miju, saaukst\u0113\u0161anos un drudzi, caureju, k\u0101ju krampjiem, menopauzes simptomiem, virsnieru nogurumu un ku\u0146\u0123a \u010d\u016bl\u0101m, k\u0101 ar\u012b pret gingiv\u012btu, ja t\u0101s lieto k\u0101 mutes skalo\u0161anas l\u012bdzekli.<\/p>\n<p>P\u0113c vi\u0146a teikt\u0101, vecm\u0101tes bie\u017ei iesaka gr\u016btniec\u0113m dzert ave\u0146u t\u0113ju tie\u0161i pirms dzemd\u012bb\u0101m un dzemd\u012bbu laik\u0101, lai veicin\u0101tu un regul\u0113tu kontrakciju bie\u017eumu un pa\u0101trin\u0101tu dzemd\u012bbu procesu. Ave\u0146u t\u0113ja var ar\u012b pal\u012bdz\u0113t mazin\u0101t r\u012bta nelabumu un sliktu garast\u0101vokli. P\u0113c dzemd\u012bb\u0101m ave\u0146u t\u0113ju iesaka lietot z\u012bd\u012b\u0161anas atbalstam, jo t\u0101 pal\u012bdz stimul\u0113t m\u0101tes piena ra\u017eo\u0161anu. Ave\u0146u lapu t\u0113ja nav dom\u0101ta tikai sieviet\u0113m &#8211; t\u0101 var pal\u012bdz\u0113t ar\u012b v\u012brie\u0161u reprodukt\u012bv\u0101s vesel\u012bbas un augl\u012bbas atbalstam.<\/p>\n<p>Vair\u0101k par ave\u0146u lap\u0101m lasiet <a href=\"https:\/\/www.medicalmedium.com\/blog\/raspberry-leaf\">Medical Journal blog\u0101.<\/a><\/p>\n<h4><strong>Iesp\u0113jamie izmanto\u0161anas veidi: <\/strong><\/h4>\n<ul>\n<li><strong>T\u0113ja:<\/strong> Ave\u0146u lapu t\u0113ja ir gar\u0161\u012bgs un vesel\u012bgs dz\u0113riens, kas lieliski stiprina im\u016bnsist\u0113mu, veicina gremo\u0161anu un uztur sievietes vesel\u012bgas.<\/li>\n<li><strong>Skalo\u0161anai<\/strong>: Iekaisu\u0161am kaklam un pret mutes dobuma \u010d\u016bl\u0101m.<\/li>\n<li><strong>Kompreses:<\/strong> Acu iekaisuma \u0101rst\u0113\u0161anai.<\/li>\n<li><strong>Vannas \u016bden\u012b:<\/strong> K\u0101 \u0101du nomierino\u0161a un atsl\u0101bino\u0161a piedeva.<\/li>\n<\/ul>\n<h3><strong>K\u0101 pagatavot ave\u0146u lapu t\u0113ju?<\/strong><\/h3>\n<ul>\n<li><strong>Pagatavo\u0161ana:<\/strong> \u017e\u0101v\u0113tas (1-2 t\u0113jkarotes) vai svaigas ave\u0146u lapas ievietojiet tas\u012bt\u0113 vai t\u0113jkann\u0101. <img decoding=\"async\" class=\"size-medium wp-image-57075 alignright\" src=\"https:\/\/purenature.lv\/wp-content\/uploads\/2024\/12\/raspberry-tea-2023-11-27-05-31-37-utc-400x266.jpg\" alt=\"\" width=\"400\" height=\"266\" srcset=\"https:\/\/old.elusvali.ee\/wp-content\/uploads\/2024\/12\/raspberry-tea-2023-11-27-05-31-37-utc-400x266.jpg 400w, https:\/\/old.elusvali.ee\/wp-content\/uploads\/2024\/12\/raspberry-tea-2023-11-27-05-31-37-utc-1203x800.jpg 1203w, https:\/\/old.elusvali.ee\/wp-content\/uploads\/2024\/12\/raspberry-tea-2023-11-27-05-31-37-utc-768x511.jpg 768w, https:\/\/old.elusvali.ee\/wp-content\/uploads\/2024\/12\/raspberry-tea-2023-11-27-05-31-37-utc-430x286.jpg 430w, https:\/\/old.elusvali.ee\/wp-content\/uploads\/2024\/12\/raspberry-tea-2023-11-27-05-31-37-utc-700x466.jpg 700w, https:\/\/old.elusvali.ee\/wp-content\/uploads\/2024\/12\/raspberry-tea-2023-11-27-05-31-37-utc-150x100.jpg 150w, https:\/\/old.elusvali.ee\/wp-content\/uploads\/2024\/12\/raspberry-tea-2023-11-27-05-31-37-utc.jpg 1350w\" sizes=\"(max-width: 400px) 100vw, 400px\" \/><\/li>\n<li><strong>Pievienojiet karsto \u016bdeni:<\/strong> Uzlej 250 ml verdo\u0161a \u016bdens.<\/li>\n<li><strong>\u013baujiet ievilkties:<\/strong> P\u0101rkl\u0101jiet tasi vai kr\u016bzi un \u013caujiet ievilkties 10-15 min\u016btes, lai akt\u012bv\u0101s sast\u0101vda\u013cas piln\u012bb\u0101 iz\u0161\u0137\u012bdin\u0101tu \u016bden\u012b.<\/li>\n<li><strong>Nok\u0101siet:<\/strong> T\u0113ju notecina caur sietu, lai atdal\u012btu biezumus.<\/li>\n<li><strong>Pasniedziet un baudiet:<\/strong> P\u0113c v\u0113l\u0113\u0161an\u0101s pievienojiet medu vai citronu.<\/li>\n<\/ul>\n<h3><strong>Kad lietot ave\u0146u lapu t\u0113ju?<\/strong><\/h3>\n<ul>\n<li><strong>Gr\u016btniec\u012bbas laik\u0101:<\/strong> No tre\u0161\u0101 trimestra un gatavojoties dzemd\u012bb\u0101m, lai uztur\u0113tu dzemdes tonusu.<\/li>\n<li><strong>Menstru\u0101ciju laik\u0101:<\/strong> Lai mazin\u0101tu krampjus un sp\u0113c\u012bgu asi\u0146o\u0161anu.<\/li>\n<li><strong>P\u0113c \u0113\u0161anas:<\/strong> Gremo\u0161anas uzlabo\u0161anai un ku\u0146\u0123a nomierin\u0101\u0161anai.<\/li>\n<li><strong>Ikdien\u0101:<\/strong> Im\u016bnsist\u0113mas stiprin\u0101\u0161anai un visp\u0101r\u0113jai labsaj\u016btai.<\/li>\n<\/ul>\n<p><strong><a href=\"http:\/\/eeriksaare.ee\">Eeriksaare Organic Farm <\/a>&#8211; tuv\u012bba dabai un gudr\u012bba, kas tiek nodota no paaudzes paaudz\u0113. <\/strong>Eeriksaare Organic Farm ir vieta, kur tiek cien\u012bta zeme, augsne un trad\u012bcijas. Vi\u0146u saknes dzi\u013ci iesak\u0146oju\u0161\u0101s dzimtenes augsn\u0113, un vi\u0146i izj\u016bt cie\u0161u saikni ar \u0161\u012bs vietas \u012bpa\u0161o raksturu. Vi\u0146u vecvec\u0101ku zemkop\u012bbas gudr\u012bba un vec\u0101s p\u013cavas ir vi\u0146u t\u0113jas nami\u0146a pamats, kur vi\u0146i sme\u013cas sp\u0113ku un iedvesmu, lai rad\u012btu gar\u0161\u012bgas t\u0113jas. T\u0113jas augi aug r\u016bp\u012bgi kopt\u0101 augsn\u0113, ko neapgr\u016btina m\u0101ksl\u012bgie m\u0113slojumi un pestic\u012bdi. Augi tiek audz\u0113ti un nov\u0101kti ar rok\u0101m, nodro\u0161inot visaugst\u0101ko kvalit\u0101ti un dabisko t\u012br\u012bbu katr\u0101 lapi\u0146\u0101. T\u0113jas augi, kurus vi\u0146i pa\u0161i neaudz\u0113, tiek iev\u0101kti Viljandi neskartajos me\u017eos un purvos. Tas nodro\u0161ina, ka katrs t\u0113jas mais\u012bjums nes viet\u0113j\u0101s dabas sp\u0113ku un unik\u0101lo gar\u0161u. Eeriksaare Organic Farm godina savu dzimteni un t\u0101s mantojumu. Vi\u0146i r\u016bp\u0113jas par dabu un str\u0101d\u0101 ilgtsp\u0113j\u012bgi, lai nodro\u0161in\u0101tu, ka vi\u0146u lauki un me\u017ei paliek neskarti ar\u012b n\u0101kamaj\u0101m paaudz\u0113m.<\/p>\n<p><img decoding=\"async\" class=\"alignleft wp-image-57067 size-large\" src=\"https:\/\/purenature.lv\/wp-content\/uploads\/2024\/12\/portrait-of-cheerful-young-black-pregnant-woman-dr-2024-03-21-15-46-35-utc-1200x800.jpg\" alt=\"\" width=\"1200\" height=\"800\" srcset=\"https:\/\/old.elusvali.ee\/wp-content\/uploads\/2024\/12\/portrait-of-cheerful-young-black-pregnant-woman-dr-2024-03-21-15-46-35-utc-1200x800.jpg 1200w, https:\/\/old.elusvali.ee\/wp-content\/uploads\/2024\/12\/portrait-of-cheerful-young-black-pregnant-woman-dr-2024-03-21-15-46-35-utc-400x267.jpg 400w, https:\/\/old.elusvali.ee\/wp-content\/uploads\/2024\/12\/portrait-of-cheerful-young-black-pregnant-woman-dr-2024-03-21-15-46-35-utc-768x512.jpg 768w, https:\/\/old.elusvali.ee\/wp-content\/uploads\/2024\/12\/portrait-of-cheerful-young-black-pregnant-woman-dr-2024-03-21-15-46-35-utc-430x287.jpg 430w, https:\/\/old.elusvali.ee\/wp-content\/uploads\/2024\/12\/portrait-of-cheerful-young-black-pregnant-woman-dr-2024-03-21-15-46-35-utc-700x467.jpg 700w, https:\/\/old.elusvali.ee\/wp-content\/uploads\/2024\/12\/portrait-of-cheerful-young-black-pregnant-woman-dr-2024-03-21-15-46-35-utc-150x100.jpg 150w, https:\/\/old.elusvali.ee\/wp-content\/uploads\/2024\/12\/portrait-of-cheerful-young-black-pregnant-woman-dr-2024-03-21-15-46-35-utc.jpg 1350w\" sizes=\"(max-width: 1200px) 100vw, 1200px\" \/><\/p>\n","protected":false},"excerpt":{"rendered":"<p>Avenes lapas veicina hormon\u0101lo l\u012bdzsvaru un sievie\u0161u vesel\u012bbu, pal\u012bdzot regul\u0113t menstru\u0101lo ciklu, mazin\u0101t krampjus un sagatavoties dzemd\u012bb\u0101m. T\u0101s mazina gremo\u0161anas probl\u0113mas, piem\u0113ram, caureju un ku\u0146\u0123a darb\u012bbas trauc\u0113jumus, nomierina zarnas un mazina iekaisumu. Turkl\u0101t ave\u0146u lapas stiprina imunit\u0101ti, pal\u012bdz mazin\u0101t vieglas s\u0101pes un nomierina nervu sist\u0113mu, nodro\u0161inot visp\u0101r\u0113ju labsaj\u016btas atbalstu.<\/p>\n","protected":false},"featured_media":60204,"comment_status":"open","ping_status":"closed","template":"","meta":{"_acf_changed":false},"product_brand":[],"product_cat":[457],"product_tag":[441],"class_list":{"0":"post-66176","1":"product","2":"type-product","3":"status-publish","4":"has-post-thumbnail","6":"product_cat-uzturs","7":"product_tag-teja","9":"first","10":"outofstock","11":"taxable","12":"shipping-taxable","13":"purchasable","14":"product-type-variable","15":"has-default-attributes"},"acf":[],"yoast_head":"<!-- This site is optimized with the Yoast SEO plugin v25.3.1 - https:\/\/yoast.com\/wordpress\/plugins\/seo\/ -->\n<title>Me\u017ea ave\u0146u t\u0113ja, organiska | Eeriksaare Organic Farms - Pure Nature<\/title>\n<meta name=\"description\" content=\"Ave\u0146u lapas ir bag\u0101tas ar vitam\u012bniem, miner\u0101lviel\u0101m un tan\u012bniem, t\u0101p\u0113c t\u0101s ir labs pal\u012bgl\u012bdzeklis ikdienas labsaj\u016btai un vesel\u012bbas probl\u0113mu gad\u012bjum\u0101.\" \/>\n<meta name=\"robots\" content=\"noindex, follow, max-snippet:-1, max-image-preview:large, max-video-preview:-1\" \/>\n<meta property=\"og:locale\" content=\"lv_LV\" \/>\n<meta property=\"og:type\" content=\"article\" \/>\n<meta property=\"og:title\" content=\"Me\u017ea ave\u0146u t\u0113ja, organiska | Eeriksaare Organic Farms - Pure Nature\" \/>\n<meta property=\"og:description\" content=\"Ave\u0146u lapas ir bag\u0101tas ar vitam\u012bniem, miner\u0101lviel\u0101m un tan\u012bniem, t\u0101p\u0113c t\u0101s ir labs pal\u012bgl\u012bdzeklis ikdienas labsaj\u016btai un vesel\u012bbas probl\u0113mu gad\u012bjum\u0101.\" \/>\n<meta property=\"og:url\" content=\"https:\/\/old.elusvali.ee\/lv\/produkts\/meza-avenu-teja-organiska-eeriksaare-organic-farms\/\" \/>\n<meta property=\"og:site_name\" content=\"Elusv&auml;li\" \/>\n<meta property=\"article:publisher\" content=\"https:\/\/www.facebook.com\/profile.php?id=100064131067985\" \/>\n<meta property=\"article:modified_time\" content=\"2025-05-30T08:07:28+00:00\" \/>\n<meta property=\"og:image\" content=\"https:\/\/old.elusvali.ee\/wp-content\/uploads\/2024\/12\/Mets-vaarikaleht-40g-2.jpg\" \/>\n\t<meta property=\"og:image:width\" content=\"1000\" \/>\n\t<meta property=\"og:image:height\" content=\"1000\" \/>\n\t<meta property=\"og:image:type\" content=\"image\/jpeg\" \/>\n<meta name=\"twitter:card\" content=\"summary_large_image\" \/>\n<meta name=\"twitter:label1\" content=\"Est. reading time\" \/>\n\t<meta name=\"twitter:data1\" content=\"5 minutes\" \/>\n<script type=\"application\/ld+json\" class=\"yoast-schema-graph\">{\"@context\":\"https:\/\/schema.org\",\"@graph\":[{\"@type\":\"WebPage\",\"@id\":\"https:\/\/old.elusvali.ee\/lv\/produkts\/meza-avenu-teja-organiska-eeriksaare-organic-farms\/\",\"url\":\"https:\/\/old.elusvali.ee\/lv\/produkts\/meza-avenu-teja-organiska-eeriksaare-organic-farms\/\",\"name\":\"Me\u017ea ave\u0146u t\u0113ja, organiska | Eeriksaare Organic Farms - Pure Nature\",\"isPartOf\":{\"@id\":\"https:\/\/old.elusvali.ee\/lv\/#website\"},\"primaryImageOfPage\":{\"@id\":\"https:\/\/old.elusvali.ee\/lv\/produkts\/meza-avenu-teja-organiska-eeriksaare-organic-farms\/#primaryimage\"},\"image\":{\"@id\":\"https:\/\/old.elusvali.ee\/lv\/produkts\/meza-avenu-teja-organiska-eeriksaare-organic-farms\/#primaryimage\"},\"thumbnailUrl\":\"https:\/\/old.elusvali.ee\/wp-content\/uploads\/2024\/12\/Mets-vaarikaleht-40g-2.jpg\",\"datePublished\":\"2024-12-08T15:01:53+00:00\",\"dateModified\":\"2025-05-30T08:07:28+00:00\",\"description\":\"Ave\u0146u lapas ir bag\u0101tas ar vitam\u012bniem, miner\u0101lviel\u0101m un tan\u012bniem, t\u0101p\u0113c t\u0101s ir labs pal\u012bgl\u012bdzeklis ikdienas labsaj\u016btai un vesel\u012bbas probl\u0113mu gad\u012bjum\u0101.\",\"breadcrumb\":{\"@id\":\"https:\/\/old.elusvali.ee\/lv\/produkts\/meza-avenu-teja-organiska-eeriksaare-organic-farms\/#breadcrumb\"},\"inLanguage\":\"lv-LV\",\"potentialAction\":[{\"@type\":\"ReadAction\",\"target\":[\"https:\/\/old.elusvali.ee\/lv\/produkts\/meza-avenu-teja-organiska-eeriksaare-organic-farms\/\"]}]},{\"@type\":\"ImageObject\",\"inLanguage\":\"lv-LV\",\"@id\":\"https:\/\/old.elusvali.ee\/lv\/produkts\/meza-avenu-teja-organiska-eeriksaare-organic-farms\/#primaryimage\",\"url\":\"https:\/\/old.elusvali.ee\/wp-content\/uploads\/2024\/12\/Mets-vaarikaleht-40g-2.jpg\",\"contentUrl\":\"https:\/\/old.elusvali.ee\/wp-content\/uploads\/2024\/12\/Mets-vaarikaleht-40g-2.jpg\",\"width\":1000,\"height\":1000},{\"@type\":\"BreadcrumbList\",\"@id\":\"https:\/\/old.elusvali.ee\/lv\/produkts\/meza-avenu-teja-organiska-eeriksaare-organic-farms\/#breadcrumb\",\"itemListElement\":[{\"@type\":\"ListItem\",\"position\":1,\"name\":\"Home\",\"item\":\"https:\/\/purenature.lv\/\"},{\"@type\":\"ListItem\",\"position\":2,\"name\":\"E-veikals\",\"item\":\"https:\/\/purenature.lv\/veikals\/\"},{\"@type\":\"ListItem\",\"position\":3,\"name\":\"Me\u017ea ave\u0146u t\u0113ja, organiska | Eeriksaare Organic Farms\"}]},{\"@type\":\"WebSite\",\"@id\":\"https:\/\/old.elusvali.ee\/lv\/#website\",\"url\":\"https:\/\/old.elusvali.ee\/lv\/\",\"name\":\"Elusv\u00e4li\",\"description\":\"Puhas k&ouml;&ouml;k ja koduapteek\",\"publisher\":{\"@id\":\"https:\/\/old.elusvali.ee\/lv\/#organization\"},\"potentialAction\":[{\"@type\":\"SearchAction\",\"target\":{\"@type\":\"EntryPoint\",\"urlTemplate\":\"https:\/\/old.elusvali.ee\/lv\/?s={search_term_string}\"},\"query-input\":{\"@type\":\"PropertyValueSpecification\",\"valueRequired\":true,\"valueName\":\"search_term_string\"}}],\"inLanguage\":\"lv-LV\"},{\"@type\":\"Organization\",\"@id\":\"https:\/\/old.elusvali.ee\/lv\/#organization\",\"name\":\"Elusv\u00e4li\",\"url\":\"https:\/\/old.elusvali.ee\/lv\/\",\"logo\":{\"@type\":\"ImageObject\",\"inLanguage\":\"lv-LV\",\"@id\":\"https:\/\/old.elusvali.ee\/lv\/#\/schema\/logo\/image\/\",\"url\":\"https:\/\/purenature.lt\/wp-content\/uploads\/2023\/07\/logo.png\",\"contentUrl\":\"https:\/\/purenature.lt\/wp-content\/uploads\/2023\/07\/logo.png\",\"width\":526,\"height\":146,\"caption\":\"Elusv\u00e4li\"},\"image\":{\"@id\":\"https:\/\/old.elusvali.ee\/lv\/#\/schema\/logo\/image\/\"},\"sameAs\":[\"https:\/\/www.facebook.com\/profile.php?id=100064131067985\",\"https:\/\/www.instagram.com\/elusvali\/\",\"https:\/\/www.youtube.com\/@elusvali2110\"]}]}<\/script>\n<!-- \/ Yoast SEO plugin. -->","yoast_head_json":{"title":"Me\u017ea ave\u0146u t\u0113ja, organiska | Eeriksaare Organic Farms - Pure Nature","description":"Ave\u0146u lapas ir bag\u0101tas ar vitam\u012bniem, miner\u0101lviel\u0101m un tan\u012bniem, t\u0101p\u0113c t\u0101s ir labs pal\u012bgl\u012bdzeklis ikdienas labsaj\u016btai un vesel\u012bbas probl\u0113mu gad\u012bjum\u0101.","robots":{"index":"noindex","follow":"follow","max-snippet":"max-snippet:-1","max-image-preview":"max-image-preview:large","max-video-preview":"max-video-preview:-1"},"og_locale":"lv_LV","og_type":"article","og_title":"Me\u017ea ave\u0146u t\u0113ja, organiska | Eeriksaare Organic Farms - Pure Nature","og_description":"Ave\u0146u lapas ir bag\u0101tas ar vitam\u012bniem, miner\u0101lviel\u0101m un tan\u012bniem, t\u0101p\u0113c t\u0101s ir labs pal\u012bgl\u012bdzeklis ikdienas labsaj\u016btai un vesel\u012bbas probl\u0113mu gad\u012bjum\u0101.","og_url":"https:\/\/old.elusvali.ee\/lv\/produkts\/meza-avenu-teja-organiska-eeriksaare-organic-farms\/","og_site_name":"Elusv&auml;li","article_publisher":"https:\/\/www.facebook.com\/profile.php?id=100064131067985","article_modified_time":"2025-05-30T08:07:28+00:00","og_image":[{"width":1000,"height":1000,"url":"https:\/\/old.elusvali.ee\/wp-content\/uploads\/2024\/12\/Mets-vaarikaleht-40g-2.jpg","type":"image\/jpeg"}],"twitter_card":"summary_large_image","twitter_misc":{"Est. reading time":"5 minutes"},"schema":{"@context":"https:\/\/schema.org","@graph":[{"@type":"WebPage","@id":"https:\/\/old.elusvali.ee\/lv\/produkts\/meza-avenu-teja-organiska-eeriksaare-organic-farms\/","url":"https:\/\/old.elusvali.ee\/lv\/produkts\/meza-avenu-teja-organiska-eeriksaare-organic-farms\/","name":"Me\u017ea ave\u0146u t\u0113ja, organiska | Eeriksaare Organic Farms - Pure Nature","isPartOf":{"@id":"https:\/\/old.elusvali.ee\/lv\/#website"},"primaryImageOfPage":{"@id":"https:\/\/old.elusvali.ee\/lv\/produkts\/meza-avenu-teja-organiska-eeriksaare-organic-farms\/#primaryimage"},"image":{"@id":"https:\/\/old.elusvali.ee\/lv\/produkts\/meza-avenu-teja-organiska-eeriksaare-organic-farms\/#primaryimage"},"thumbnailUrl":"https:\/\/old.elusvali.ee\/wp-content\/uploads\/2024\/12\/Mets-vaarikaleht-40g-2.jpg","datePublished":"2024-12-08T15:01:53+00:00","dateModified":"2025-05-30T08:07:28+00:00","description":"Ave\u0146u lapas ir bag\u0101tas ar vitam\u012bniem, miner\u0101lviel\u0101m un tan\u012bniem, t\u0101p\u0113c t\u0101s ir labs pal\u012bgl\u012bdzeklis ikdienas labsaj\u016btai un vesel\u012bbas probl\u0113mu gad\u012bjum\u0101.","breadcrumb":{"@id":"https:\/\/old.elusvali.ee\/lv\/produkts\/meza-avenu-teja-organiska-eeriksaare-organic-farms\/#breadcrumb"},"inLanguage":"lv-LV","potentialAction":[{"@type":"ReadAction","target":["https:\/\/old.elusvali.ee\/lv\/produkts\/meza-avenu-teja-organiska-eeriksaare-organic-farms\/"]}]},{"@type":"ImageObject","inLanguage":"lv-LV","@id":"https:\/\/old.elusvali.ee\/lv\/produkts\/meza-avenu-teja-organiska-eeriksaare-organic-farms\/#primaryimage","url":"https:\/\/old.elusvali.ee\/wp-content\/uploads\/2024\/12\/Mets-vaarikaleht-40g-2.jpg","contentUrl":"https:\/\/old.elusvali.ee\/wp-content\/uploads\/2024\/12\/Mets-vaarikaleht-40g-2.jpg","width":1000,"height":1000},{"@type":"BreadcrumbList","@id":"https:\/\/old.elusvali.ee\/lv\/produkts\/meza-avenu-teja-organiska-eeriksaare-organic-farms\/#breadcrumb","itemListElement":[{"@type":"ListItem","position":1,"name":"Home","item":"https:\/\/purenature.lv\/"},{"@type":"ListItem","position":2,"name":"E-veikals","item":"https:\/\/purenature.lv\/veikals\/"},{"@type":"ListItem","position":3,"name":"Me\u017ea ave\u0146u t\u0113ja, organiska | Eeriksaare Organic Farms"}]},{"@type":"WebSite","@id":"https:\/\/old.elusvali.ee\/lv\/#website","url":"https:\/\/old.elusvali.ee\/lv\/","name":"Elusv\u00e4li","description":"Puhas k&ouml;&ouml;k ja koduapteek","publisher":{"@id":"https:\/\/old.elusvali.ee\/lv\/#organization"},"potentialAction":[{"@type":"SearchAction","target":{"@type":"EntryPoint","urlTemplate":"https:\/\/old.elusvali.ee\/lv\/?s={search_term_string}"},"query-input":{"@type":"PropertyValueSpecification","valueRequired":true,"valueName":"search_term_string"}}],"inLanguage":"lv-LV"},{"@type":"Organization","@id":"https:\/\/old.elusvali.ee\/lv\/#organization","name":"Elusv\u00e4li","url":"https:\/\/old.elusvali.ee\/lv\/","logo":{"@type":"ImageObject","inLanguage":"lv-LV","@id":"https:\/\/old.elusvali.ee\/lv\/#\/schema\/logo\/image\/","url":"https:\/\/purenature.lt\/wp-content\/uploads\/2023\/07\/logo.png","contentUrl":"https:\/\/purenature.lt\/wp-content\/uploads\/2023\/07\/logo.png","width":526,"height":146,"caption":"Elusv\u00e4li"},"image":{"@id":"https:\/\/old.elusvali.ee\/lv\/#\/schema\/logo\/image\/"},"sameAs":["https:\/\/www.facebook.com\/profile.php?id=100064131067985","https:\/\/www.instagram.com\/elusvali\/","https:\/\/www.youtube.com\/@elusvali2110"]}]}},"_links":{"self":[{"href":"https:\/\/old.elusvali.ee\/lv\/wp-json\/wp\/v2\/product\/66176","targetHints":{"allow":["GET"]}}],"collection":[{"href":"https:\/\/old.elusvali.ee\/lv\/wp-json\/wp\/v2\/product"}],"about":[{"href":"https:\/\/old.elusvali.ee\/lv\/wp-json\/wp\/v2\/types\/product"}],"replies":[{"embeddable":true,"href":"https:\/\/old.elusvali.ee\/lv\/wp-json\/wp\/v2\/comments?post=66176"}],"version-history":[{"count":1,"href":"https:\/\/old.elusvali.ee\/lv\/wp-json\/wp\/v2\/product\/66176\/revisions"}],"predecessor-version":[{"id":67082,"href":"https:\/\/old.elusvali.ee\/lv\/wp-json\/wp\/v2\/product\/66176\/revisions\/67082"}],"wp:featuredmedia":[{"embeddable":true,"href":"https:\/\/old.elusvali.ee\/lv\/wp-json\/wp\/v2\/media\/60204"}],"wp:attachment":[{"href":"https:\/\/old.elusvali.ee\/lv\/wp-json\/wp\/v2\/media?parent=66176"}],"wp:term":[{"taxonomy":"product_brand","embeddable":true,"href":"https:\/\/old.elusvali.ee\/lv\/wp-json\/wp\/v2\/product_brand?post=66176"},{"taxonomy":"product_cat","embeddable":true,"href":"https:\/\/old.elusvali.ee\/lv\/wp-json\/wp\/v2\/product_cat?post=66176"},{"taxonomy":"product_tag","embeddable":true,"href":"https:\/\/old.elusvali.ee\/lv\/wp-json\/wp\/v2\/product_tag?post=66176"}],"curies":[{"name":"wp","href":"https:\/\/api.w.org\/{rel}","templated":true}]}}