{"id":66134,"date":"2025-03-18T07:35:41","date_gmt":"2025-03-18T05:35:41","guid":{"rendered":"https:\/\/old.elusvali.ee\/product\/zemas-abrazivitates-zobu-pasta-piparmetra-1134g-essential-oxygen\/"},"modified":"2025-05-30T11:28:31","modified_gmt":"2025-05-30T08:28:31","slug":"zemas-abrazivitates-zobu-pasta-piparmetra-1134g-essential-oxygen","status":"publish","type":"product","link":"https:\/\/old.elusvali.ee\/lv\/produkts\/zemas-abrazivitates-zobu-pasta-piparmetra-1134g-essential-oxygen\/","title":{"rendered":"Zemas abrazivit\u0101tes zobu pasta, Piparm\u0113tra 113,4g | Essential Oxygen"},"content":{"rendered":"<div class=\"flex max-w-full flex-col flex-grow\">\n<div class=\"min-h-8 text-message relative flex w-full flex-col items-end gap-2 whitespace-normal break-words text-start [.text-message+&amp;]:mt-5\" dir=\"auto\" data-message-author-role=\"assistant\" data-message-id=\"b25a0ea4-66e3-4b99-bfe6-c822a743aa73\" data-message-model-slug=\"gpt-4o\">\n<div class=\"flex w-full flex-col gap-1 empty:hidden first:pt-[3px]\">\n<div class=\"markdown prose w-full break-words dark:prose-invert light\">\n<h2 data-start=\"0\" data-end=\"52\"><strong data-start=\"4\" data-end=\"50\"><img fetchpriority=\"high\" decoding=\"async\" class=\"size-medium wp-image-61859 alignleft\" src=\"https:\/\/purenature.lv\/wp-content\/uploads\/2025\/02\/peppermint-300x300.jpg\" alt=\"zobu pasta piparm\u0113tra\" width=\"300\" height=\"300\" srcset=\"https:\/\/old.elusvali.ee\/wp-content\/uploads\/2025\/02\/peppermint-300x300.jpg 300w, https:\/\/old.elusvali.ee\/wp-content\/uploads\/2025\/02\/peppermint-800x800.jpg 800w, https:\/\/old.elusvali.ee\/wp-content\/uploads\/2025\/02\/peppermint-150x150.jpg 150w, https:\/\/old.elusvali.ee\/wp-content\/uploads\/2025\/02\/peppermint-768x768.jpg 768w, https:\/\/old.elusvali.ee\/wp-content\/uploads\/2025\/02\/peppermint-1536x1536.jpg 1536w, https:\/\/old.elusvali.ee\/wp-content\/uploads\/2025\/02\/peppermint-430x430.jpg 430w, https:\/\/old.elusvali.ee\/wp-content\/uploads\/2025\/02\/peppermint-700x700.jpg 700w, https:\/\/old.elusvali.ee\/wp-content\/uploads\/2025\/02\/peppermint.jpg 1960w\" sizes=\"(max-width: 300px) 100vw, 300px\" \/>Zemas abrazivit\u0101tes zobu pasta<\/strong><\/h2>\n<p data-start=\"54\" data-end=\"308\">Maig\u0101, zemas abrazivit\u0101tes zobu pasta apvieno dabisko t\u012br\u012b\u0161anas sp\u0113ku, ko nodro\u0161ina p\u0101rtikas \u016bde\u0146ra\u017ea peroks\u012bds, ar unik\u0101la \u0113terisko e\u013c\u013cu mais\u012bjuma nomierino\u0161aj\u0101m \u012bpa\u0161\u012bb\u0101m, lai balin\u0101tu zobus, atsvaidzin\u0101tu elpu un stiprin\u0101tu emalju.<\/p>\n<p data-start=\"310\" data-end=\"516\">\u0160\u012bs zobu pastas RDA (zobu pastas abrazivit\u0101tes indekss) ir 12, kas noz\u012bm\u0113, ka t\u0101 ir tikai nedaudz abraz\u012bv\u0101ka nek\u0101 \u016bdens + dzeram\u0101 soda un daudz maig\u0101ka nek\u0101 gandr\u012bz visas citas zobu pastas.<\/p>\n<h3 data-start=\"518\" data-end=\"580\">Sast\u0101vda\u013cas:<\/h3>\n<p data-start=\"518\" data-end=\"580\">Katra sast\u0101vda\u013ca ir r\u016bp\u012bgi atlas\u012bta un ar m\u012blest\u012bbu ieg\u016bta.<\/p>\n<p data-start=\"518\" data-end=\"580\">Organiskais alvejas g\u0113ls<em data-start=\"22\" data-end=\"40\">(Aloe barbadensis)<\/em>, \u016bde\u0146ra\u017ea peroks\u012bds, ksant\u0101na sve\u0137i<em data-start=\"75\" data-end=\"99\">(Xanthomonas campestris<\/em>), organiskie gu\u0101ras sve\u0137i<em data-start=\"117\" data-end=\"142\">(Cyamopsis tetragonoloba)<\/em>, organisk\u0101 kokosriekstu e\u013c\u013ca (<em data-start=\"161\" data-end=\"177\">Cocos nucifera<\/em>), organisk\u0101 piparm\u0113tru e\u013c\u013ca<em data-start=\"200\" data-end=\"217\">(Mentha piperita)<\/em>, organisk\u0101 kr\u016bzm\u0113tras lapu e\u013c\u013ca<em data-start=\"243\" data-end=\"259\">(Mentha spicata<\/em>), organisk\u0101 stevija<em data-start=\"275\" data-end=\"294\">(Stevia rebaudiana<\/em> lapu pulveris), organisk\u0101 citrona mizas e\u013c\u013ca<em data-start=\"330\" data-end=\"353\">(Citrus medica limonum)<\/em>, organisk\u0101<em data-start=\"380\" data-end=\"404\">rozmar\u012bna lapu e\u013c\u013ca(Rosmarinus officinalis<\/em>), organisk\u0101 krustnagli\u0146u pumpuru e\u013c\u013ca<em data-start=\"427\" data-end=\"449\">(Eugenia caryophyllus)<\/em>, organisk\u0101 kan\u0113\u013ca lapu e\u013c\u013ca<em data-start=\"473\" data-end=\"496\">(Cinnamomum zeylanicum)<\/em>, organisk\u0101 linu e\u013c\u013ca<em data-start=\"518\" data-end=\"541\">(Gaultheria procumbens<\/em>), organisk\u0101 eikalipta lapu e\u013c\u013ca<em data-start=\"567\" data-end=\"588\">(Eucalyptus globulus<\/em>), organisk\u0101 v\u012braka e\u013c\u013ca (<em data-start=\"608\" data-end=\"628\">Boswellia carterii)<\/em>, organiskie kokosriekstu milti, kalcija fosf\u0101ts.<\/p>\n<p data-start=\"604\" data-end=\"887\" data-is-only-node=\"\" data-is-last-node=\"\">\u2714\ufe0f USDA sertific\u0113ts biolo\u0123isks produkts<br data-start=\"634\" data-end=\"637\" \/>\u2714\ufe0f Sertific\u0113ts bez \u0122MO<br data-start=\"663\" data-end=\"666\" \/>\u2714\ufe0f Bez fluor\u012bdiem<br data-start=\"686\" data-end=\"689\" data-is-only-node=\"\" \/>\u2714\ufe0f Veg\u0101nisks<br data-start=\"701\" data-end=\"704\" \/>\u2714\ufe0f Bez lipek\u013ca<br data-start=\"723\" data-end=\"726\" \/>\u2714\ufe0f Nav test\u0113ts uz dz\u012bvniekiem<br data-start=\"771\" data-end=\"774\" \/>\u2714\ufe0f Biolo\u0123iski no\u0101rd\u0101ms<br data-start=\"799\" data-end=\"802\" \/>\u2714\ufe0f Nesatur glicer\u012bnu, karagin\u0101nu, n\u0101trija laurilsulf\u0101tu (SLS) un cukurus.<\/p>\n<h3 data-start=\"604\" data-end=\"887\">Lieto\u0161ana:<\/h3>\n<\/div>\n<p data-start=\"65\" data-end=\"140\">Izspiediet zobu pastu uz zobu birstes un t\u012briet zobus 2-3 reizes dien\u0101.<\/p>\n<p data-start=\"142\" data-end=\"371\" data-is-last-node=\"\" data-is-only-node=\"\">Lai sasniegtu vislab\u0101kos rezult\u0101tus, lietojiet kop\u0101 ar mutes skalojamo l\u012bdzekli un pul\u0113\u0161anas pulveri (Pristine protokols), lai ieg\u016btu vislab\u0101ko smaidu sav\u0101 dz\u012bv\u0113.<\/p>\n<h4 data-start=\"332\" data-end=\"364\">5 zvaig\u017e\u0146u mutes dobuma higi\u0113nas protokols<\/h4>\n<ul data-start=\"365\" data-end=\"620\">\n<li data-start=\"365\" data-end=\"433\">Izskalojiet muti ar mutes skalojamo l\u012bdzekli 60 sekundes.<\/li>\n<li data-start=\"434\" data-end=\"491\">Izt\u012briet zobus ar zobu pastu.<\/li>\n<li data-start=\"492\" data-end=\"620\">Uz zobu birst\u012btes vai tie\u0161i uz m\u0113les uzkaisiet nedaudz pul\u0113\u0161anas pulvera, lai zobiem pievienotu miner\u0101lvielas un atbalst\u012btu emaljas iztur\u012bbu.<\/li>\n<\/ul>\n<h4 data-start=\"54\" data-end=\"110\">K\u0101p\u0113c izv\u0113l\u0113ties zobu pastu ar zemu abraz\u012bvo iedarb\u012bbu?<\/h4>\n<p data-start=\"111\" data-end=\"330\">Da\u017ei zob\u0101rsti br\u012bdina, ka daudzas zobu pastas ir p\u0101r\u0101k abraz\u012bvas un boj\u0101 zobu emalju. Lietojiet maigu, maz abraz\u012bvu zobu pastu, lai aizsarg\u0101tu emalju un vienlaikus balin\u0101tu zobus.<\/p>\n<h3 data-start=\"0\" data-end=\"51\"><strong data-start=\"4\" data-end=\"49\">Paaugstiniet mutes dobuma kop\u0161anas rut\u012bnas l\u012bmeni<\/strong><\/h3>\n<p data-start=\"53\" data-end=\"430\" data-is-last-node=\"\" data-is-only-node=\"\">Izmai\u0146as mutes dobuma higi\u0113n\u0101 ar Essential Oxygen \u016bde\u0146ra\u017ea peroks\u012bda mutes dobuma kop\u0161anas l\u012bdzek\u013ciem. Izbaudiet gai\u0161\u0101ku smaidu, vesel\u012bg\u0101kas smaganas un t\u012br\u0101ku elpu. Dabisko sast\u0101vda\u013cu t\u012br\u012bba padara ikdienas zobu t\u012br\u012b\u0161anu atsvaidzino\u0161u un efekt\u012bvu. J\u016bs ieg\u016bsiet \u012bpa\u0161u rezult\u0101tu, ja mutes dobuma kop\u0161an\u0101 izmantosiet Pristine protokolu.<\/p>\n<h2><strong><a href=\"https:\/\/essentialoxygen.com\/pages\/our-story\">Essential Oxygen<\/a><\/strong><\/h2>\n<p data-start=\"25\" data-end=\"266\" data-is-last-node=\"\" data-is-only-node=\"\">Tas ir sievie\u0161u vad\u012bts uz\u0146\u0113mums, ko izveidoju\u0161as un vada sievietes, kas iev\u0113ro tr\u012bsk\u0101r\u0161o m\u0113r\u0137i un m\u016bsu plan\u0113tas un cilv\u0113ku n\u0101kotni redz optim\u0101l\u0101 vesel\u012bb\u0101. Uz\u0146\u0113mums veicina \u0161o redz\u0113jumu, radot patiesi efekt\u012bvus un t\u012brus dabas produktus.<\/p>\n<p data-start=\"111\" data-end=\"367\">Essential Oxygen ce\u013cojums s\u0101k\u0101s 2005. gad\u0101, kad dibin\u0101t\u0101ja atv\u0113ra neapstr\u0101d\u0101tas p\u0101rtikas un superproduktu tirdzniec\u012bbas vietu Ostin\u0101, Teksasas \u0161tat\u0101, lauksaimnieku tirg\u016b. Lai gan vi\u0146a dz\u012bvoja vesel\u012bgu dz\u012bvesveidu, vi\u0146ai bija iedzimtas mutes dobuma vesel\u012bbas probl\u0113mas &#8211; dzi\u013cas smaganu kabatas, jut\u012bgi zobi un daudz zobakmens.<\/p>\n<p data-start=\"369\" data-end=\"751\">Lai gl\u0101btu zobus, vi\u0146a izp\u0113t\u012bja da\u017e\u0101dus risin\u0101jumus un atkl\u0101ja, ka p\u0101rtikas \u016bde\u0146ra\u017ea peroks\u012bds un \u0113terisk\u0101s e\u013c\u013cas ir \u013coti iedarb\u012bgi. Jau p\u0113c trim dien\u0101m vi\u0146a ieraudz\u012bja iev\u0113rojamas p\u0101rmai\u0146as &#8211; gai\u0161\u0101ku smaidu, jut\u012bguma un smaganu asi\u0146o\u0161anas samazin\u0101\u0161anos. M\u0113nesi v\u0113l\u0101k zob\u0101rsts bija p\u0101rsteigts: smaganu kabatas un zobakmens bija pazudis. \u0160is atkl\u0101jums k\u013cuva par uz\u0146\u0113muma produktu st\u016brakmeni. T\u0101 rezult\u0101t\u0101 tika rad\u012bti efekt\u012bvi un 100% netoksiski mutes dobuma kop\u0161anas un m\u0101jsaimniec\u012bbas produkti.<\/p>\n<p data-start=\"369\" data-end=\"751\">\ud83c\udf0d Uz\u0146\u0113muma &#8220;Planet Positive&#8221; iniciat\u012bvas atbalsta vides aizst\u0101vjus, un, b\u016bdams B-Corp\u2122 uz\u0146\u0113mums, tas veicina ilgtsp\u0113j\u012bgu n\u0101kotni, ra\u017eojot p\u0101rstr\u0101d\u0101jamu iepakojumu.<\/p>\n<p data-start=\"369\" data-end=\"751\">Ieviesiet \u0161os izcilos produktus sav\u0101s m\u0101j\u0101s un izbaudiet patiesu t\u012br\u012bbas prieku!<\/p>\n<p data-start=\"369\" data-end=\"751\"><img decoding=\"async\" class=\"aligncenter wp-image-61948 size-large\" src=\"https:\/\/purenature.lv\/wp-content\/uploads\/2025\/03\/brushing-teeth-1300x731.jpg\" alt=\"zobu pasta\" width=\"1300\" height=\"731\" srcset=\"https:\/\/old.elusvali.ee\/wp-content\/uploads\/2025\/03\/brushing-teeth-1300x731.jpg 1300w, https:\/\/old.elusvali.ee\/wp-content\/uploads\/2025\/03\/brushing-teeth-400x225.jpg 400w, https:\/\/old.elusvali.ee\/wp-content\/uploads\/2025\/03\/brushing-teeth-768x432.jpg 768w, https:\/\/old.elusvali.ee\/wp-content\/uploads\/2025\/03\/brushing-teeth-1536x864.jpg 1536w, https:\/\/old.elusvali.ee\/wp-content\/uploads\/2025\/03\/brushing-teeth-430x242.jpg 430w, https:\/\/old.elusvali.ee\/wp-content\/uploads\/2025\/03\/brushing-teeth-700x394.jpg 700w, https:\/\/old.elusvali.ee\/wp-content\/uploads\/2025\/03\/brushing-teeth-150x84.jpg 150w, https:\/\/old.elusvali.ee\/wp-content\/uploads\/2025\/03\/brushing-teeth.jpg 1920w\" sizes=\"(max-width: 1300px) 100vw, 1300px\" \/><\/p>\n<\/div>\n<\/div>\n<p data-start=\"369\" data-end=\"751\">\n<\/div>\n","protected":false},"excerpt":{"rendered":"<p><strong>NB!<\/strong> Essential Oxygen piparm\u0113tru arom\u0101ta zobu pastai, kas pa\u0161laik ir noliktav\u0101 (tikai ar piparm\u0113tru arom\u0101tu, citu arom\u0101tu nav), ir neliels ra\u017eo\u0161anas defekts. Ra\u017eo\u0161anas laik\u0101 \u016bde\u0146ra\u017ea peroks\u012bds ir nedaudz rea\u0123\u0113jis ar citu sast\u0101vda\u013cu. \u0136\u012bmisk\u0101s reakcijas rezult\u0101t\u0101 iepakojuma iek\u0161pus\u0113 ir izveidojusies papildu sk\u0101be un spiediena vide. Cit\u0101 zi\u0146\u0101 produkta kvalit\u0101te nav ietekm\u0113ta, ta\u010du, atverot iepakojumu, zobu pasta var nedaudz izpl\u016bst.<\/p>\n<p>Maig\u0101, maz abraz\u012bv\u0101 zobu pasta apvieno dabisko t\u012br\u012b\u0161anas sp\u0113ku, ko nodro\u0161ina p\u0101rtikas \u016bde\u0146ra\u017ea peroks\u012bds, ar unik\u0101la \u0113terisko e\u013c\u013cu mais\u012bjuma nomierino\u0161aj\u0101m \u012bpa\u0161\u012bb\u0101m, lai balin\u0101tu zobus, atsvaidzin\u0101tu elpu un stiprin\u0101tu emalju, vienlaikus nodro\u0161inot maigu, bet efekt\u012bvu jut\u012bgu zobu un smaganu kop\u0161anu.<\/p>\n","protected":false},"featured_media":61914,"comment_status":"open","ping_status":"closed","template":"","meta":{"_acf_changed":false},"product_brand":[],"product_cat":[805],"product_tag":[804],"class_list":{"0":"post-66134","1":"product","2":"type-product","3":"status-publish","4":"has-post-thumbnail","6":"product_cat-zobi","7":"product_tag-essential-oxygen-lv","9":"first","10":"instock","11":"taxable","12":"shipping-taxable","13":"purchasable","14":"product-type-simple"},"acf":[],"yoast_head":"<!-- This site is optimized with the Yoast SEO plugin v25.3.1 - https:\/\/yoast.com\/wordpress\/plugins\/seo\/ -->\n<title>Zemas abrazivit\u0101tes zobu pasta, Piparm\u0113tra 113,4g | Essential Oxygen - Pure Nature<\/title>\n<meta name=\"description\" content=\"Zema abraz\u012bv\u0101 zobu pasta apvieno dabisko t\u012br\u012b\u0161anas sp\u0113ku, ko nodro\u0161ina p\u0101rtikas \u016bde\u0146ra\u017ea peroks\u012bds, un nomierino\u0161\u0101s \u012bpa\u0161\u012bbas, ko nodro\u0161ina unik\u0101ls \u0113terisko e\u013c\u013cu mais\u012bjums.\" \/>\n<meta name=\"robots\" content=\"noindex, follow, max-snippet:-1, max-image-preview:large, max-video-preview:-1\" \/>\n<meta property=\"og:locale\" content=\"lv_LV\" \/>\n<meta property=\"og:type\" content=\"article\" \/>\n<meta property=\"og:title\" content=\"Zemas abrazivit\u0101tes zobu pasta, Piparm\u0113tra 113,4g | Essential Oxygen - Pure Nature\" \/>\n<meta property=\"og:description\" content=\"Zema abraz\u012bv\u0101 zobu pasta apvieno dabisko t\u012br\u012b\u0161anas sp\u0113ku, ko nodro\u0161ina p\u0101rtikas \u016bde\u0146ra\u017ea peroks\u012bds, un nomierino\u0161\u0101s \u012bpa\u0161\u012bbas, ko nodro\u0161ina unik\u0101ls \u0113terisko e\u013c\u013cu mais\u012bjums.\" \/>\n<meta property=\"og:url\" content=\"https:\/\/old.elusvali.ee\/lv\/produkts\/zemas-abrazivitates-zobu-pasta-piparmetra-1134g-essential-oxygen\/\" \/>\n<meta property=\"og:site_name\" content=\"Elusv&auml;li\" \/>\n<meta property=\"article:publisher\" content=\"https:\/\/www.facebook.com\/profile.php?id=100064131067985\" \/>\n<meta property=\"article:modified_time\" content=\"2025-05-30T08:28:31+00:00\" \/>\n<meta property=\"og:image\" content=\"https:\/\/old.elusvali.ee\/wp-content\/uploads\/2025\/02\/toothpaste-peppermint1.webp\" \/>\n\t<meta property=\"og:image:width\" content=\"800\" \/>\n\t<meta property=\"og:image:height\" content=\"800\" \/>\n\t<meta property=\"og:image:type\" content=\"image\/webp\" \/>\n<meta name=\"twitter:card\" content=\"summary_large_image\" \/>\n<meta name=\"twitter:label1\" content=\"Est. reading time\" \/>\n\t<meta name=\"twitter:data1\" content=\"4 minutes\" \/>\n<script type=\"application\/ld+json\" class=\"yoast-schema-graph\">{\"@context\":\"https:\/\/schema.org\",\"@graph\":[{\"@type\":\"WebPage\",\"@id\":\"https:\/\/old.elusvali.ee\/lv\/produkts\/zemas-abrazivitates-zobu-pasta-piparmetra-1134g-essential-oxygen\/\",\"url\":\"https:\/\/old.elusvali.ee\/lv\/produkts\/zemas-abrazivitates-zobu-pasta-piparmetra-1134g-essential-oxygen\/\",\"name\":\"Zemas abrazivit\u0101tes zobu pasta, Piparm\u0113tra 113,4g | Essential Oxygen - Pure Nature\",\"isPartOf\":{\"@id\":\"https:\/\/old.elusvali.ee\/lv\/#website\"},\"primaryImageOfPage\":{\"@id\":\"https:\/\/old.elusvali.ee\/lv\/produkts\/zemas-abrazivitates-zobu-pasta-piparmetra-1134g-essential-oxygen\/#primaryimage\"},\"image\":{\"@id\":\"https:\/\/old.elusvali.ee\/lv\/produkts\/zemas-abrazivitates-zobu-pasta-piparmetra-1134g-essential-oxygen\/#primaryimage\"},\"thumbnailUrl\":\"https:\/\/old.elusvali.ee\/wp-content\/uploads\/2025\/02\/toothpaste-peppermint1.webp\",\"datePublished\":\"2025-03-18T05:35:41+00:00\",\"dateModified\":\"2025-05-30T08:28:31+00:00\",\"description\":\"Zema abraz\u012bv\u0101 zobu pasta apvieno dabisko t\u012br\u012b\u0161anas sp\u0113ku, ko nodro\u0161ina p\u0101rtikas \u016bde\u0146ra\u017ea peroks\u012bds, un nomierino\u0161\u0101s \u012bpa\u0161\u012bbas, ko nodro\u0161ina unik\u0101ls \u0113terisko e\u013c\u013cu mais\u012bjums.\",\"breadcrumb\":{\"@id\":\"https:\/\/old.elusvali.ee\/lv\/produkts\/zemas-abrazivitates-zobu-pasta-piparmetra-1134g-essential-oxygen\/#breadcrumb\"},\"inLanguage\":\"lv-LV\",\"potentialAction\":[{\"@type\":\"ReadAction\",\"target\":[\"https:\/\/old.elusvali.ee\/lv\/produkts\/zemas-abrazivitates-zobu-pasta-piparmetra-1134g-essential-oxygen\/\"]}]},{\"@type\":\"ImageObject\",\"inLanguage\":\"lv-LV\",\"@id\":\"https:\/\/old.elusvali.ee\/lv\/produkts\/zemas-abrazivitates-zobu-pasta-piparmetra-1134g-essential-oxygen\/#primaryimage\",\"url\":\"https:\/\/old.elusvali.ee\/wp-content\/uploads\/2025\/02\/toothpaste-peppermint1.webp\",\"contentUrl\":\"https:\/\/old.elusvali.ee\/wp-content\/uploads\/2025\/02\/toothpaste-peppermint1.webp\",\"width\":800,\"height\":800,\"caption\":\"toothpaste-peppermint1\"},{\"@type\":\"BreadcrumbList\",\"@id\":\"https:\/\/old.elusvali.ee\/lv\/produkts\/zemas-abrazivitates-zobu-pasta-piparmetra-1134g-essential-oxygen\/#breadcrumb\",\"itemListElement\":[{\"@type\":\"ListItem\",\"position\":1,\"name\":\"Home\",\"item\":\"https:\/\/purenature.lv\/\"},{\"@type\":\"ListItem\",\"position\":2,\"name\":\"E-veikals\",\"item\":\"https:\/\/purenature.lv\/veikals\/\"},{\"@type\":\"ListItem\",\"position\":3,\"name\":\"Zemas abrazivit\u0101tes zobu pasta, Piparm\u0113tra 113,4g | Essential Oxygen\"}]},{\"@type\":\"WebSite\",\"@id\":\"https:\/\/old.elusvali.ee\/lv\/#website\",\"url\":\"https:\/\/old.elusvali.ee\/lv\/\",\"name\":\"Elusv\u00e4li\",\"description\":\"Puhas k&ouml;&ouml;k ja koduapteek\",\"publisher\":{\"@id\":\"https:\/\/old.elusvali.ee\/lv\/#organization\"},\"potentialAction\":[{\"@type\":\"SearchAction\",\"target\":{\"@type\":\"EntryPoint\",\"urlTemplate\":\"https:\/\/old.elusvali.ee\/lv\/?s={search_term_string}\"},\"query-input\":{\"@type\":\"PropertyValueSpecification\",\"valueRequired\":true,\"valueName\":\"search_term_string\"}}],\"inLanguage\":\"lv-LV\"},{\"@type\":\"Organization\",\"@id\":\"https:\/\/old.elusvali.ee\/lv\/#organization\",\"name\":\"Elusv\u00e4li\",\"url\":\"https:\/\/old.elusvali.ee\/lv\/\",\"logo\":{\"@type\":\"ImageObject\",\"inLanguage\":\"lv-LV\",\"@id\":\"https:\/\/old.elusvali.ee\/lv\/#\/schema\/logo\/image\/\",\"url\":\"https:\/\/purenature.lt\/wp-content\/uploads\/2023\/07\/logo.png\",\"contentUrl\":\"https:\/\/purenature.lt\/wp-content\/uploads\/2023\/07\/logo.png\",\"width\":526,\"height\":146,\"caption\":\"Elusv\u00e4li\"},\"image\":{\"@id\":\"https:\/\/old.elusvali.ee\/lv\/#\/schema\/logo\/image\/\"},\"sameAs\":[\"https:\/\/www.facebook.com\/profile.php?id=100064131067985\",\"https:\/\/www.instagram.com\/elusvali\/\",\"https:\/\/www.youtube.com\/@elusvali2110\"]}]}<\/script>\n<!-- \/ Yoast SEO plugin. -->","yoast_head_json":{"title":"Zemas abrazivit\u0101tes zobu pasta, Piparm\u0113tra 113,4g | Essential Oxygen - Pure Nature","description":"Zema abraz\u012bv\u0101 zobu pasta apvieno dabisko t\u012br\u012b\u0161anas sp\u0113ku, ko nodro\u0161ina p\u0101rtikas \u016bde\u0146ra\u017ea peroks\u012bds, un nomierino\u0161\u0101s \u012bpa\u0161\u012bbas, ko nodro\u0161ina unik\u0101ls \u0113terisko e\u013c\u013cu mais\u012bjums.","robots":{"index":"noindex","follow":"follow","max-snippet":"max-snippet:-1","max-image-preview":"max-image-preview:large","max-video-preview":"max-video-preview:-1"},"og_locale":"lv_LV","og_type":"article","og_title":"Zemas abrazivit\u0101tes zobu pasta, Piparm\u0113tra 113,4g | Essential Oxygen - Pure Nature","og_description":"Zema abraz\u012bv\u0101 zobu pasta apvieno dabisko t\u012br\u012b\u0161anas sp\u0113ku, ko nodro\u0161ina p\u0101rtikas \u016bde\u0146ra\u017ea peroks\u012bds, un nomierino\u0161\u0101s \u012bpa\u0161\u012bbas, ko nodro\u0161ina unik\u0101ls \u0113terisko e\u013c\u013cu mais\u012bjums.","og_url":"https:\/\/old.elusvali.ee\/lv\/produkts\/zemas-abrazivitates-zobu-pasta-piparmetra-1134g-essential-oxygen\/","og_site_name":"Elusv&auml;li","article_publisher":"https:\/\/www.facebook.com\/profile.php?id=100064131067985","article_modified_time":"2025-05-30T08:28:31+00:00","og_image":[{"width":800,"height":800,"url":"https:\/\/old.elusvali.ee\/wp-content\/uploads\/2025\/02\/toothpaste-peppermint1.webp","type":"image\/webp"}],"twitter_card":"summary_large_image","twitter_misc":{"Est. reading time":"4 minutes"},"schema":{"@context":"https:\/\/schema.org","@graph":[{"@type":"WebPage","@id":"https:\/\/old.elusvali.ee\/lv\/produkts\/zemas-abrazivitates-zobu-pasta-piparmetra-1134g-essential-oxygen\/","url":"https:\/\/old.elusvali.ee\/lv\/produkts\/zemas-abrazivitates-zobu-pasta-piparmetra-1134g-essential-oxygen\/","name":"Zemas abrazivit\u0101tes zobu pasta, Piparm\u0113tra 113,4g | Essential Oxygen - Pure Nature","isPartOf":{"@id":"https:\/\/old.elusvali.ee\/lv\/#website"},"primaryImageOfPage":{"@id":"https:\/\/old.elusvali.ee\/lv\/produkts\/zemas-abrazivitates-zobu-pasta-piparmetra-1134g-essential-oxygen\/#primaryimage"},"image":{"@id":"https:\/\/old.elusvali.ee\/lv\/produkts\/zemas-abrazivitates-zobu-pasta-piparmetra-1134g-essential-oxygen\/#primaryimage"},"thumbnailUrl":"https:\/\/old.elusvali.ee\/wp-content\/uploads\/2025\/02\/toothpaste-peppermint1.webp","datePublished":"2025-03-18T05:35:41+00:00","dateModified":"2025-05-30T08:28:31+00:00","description":"Zema abraz\u012bv\u0101 zobu pasta apvieno dabisko t\u012br\u012b\u0161anas sp\u0113ku, ko nodro\u0161ina p\u0101rtikas \u016bde\u0146ra\u017ea peroks\u012bds, un nomierino\u0161\u0101s \u012bpa\u0161\u012bbas, ko nodro\u0161ina unik\u0101ls \u0113terisko e\u013c\u013cu mais\u012bjums.","breadcrumb":{"@id":"https:\/\/old.elusvali.ee\/lv\/produkts\/zemas-abrazivitates-zobu-pasta-piparmetra-1134g-essential-oxygen\/#breadcrumb"},"inLanguage":"lv-LV","potentialAction":[{"@type":"ReadAction","target":["https:\/\/old.elusvali.ee\/lv\/produkts\/zemas-abrazivitates-zobu-pasta-piparmetra-1134g-essential-oxygen\/"]}]},{"@type":"ImageObject","inLanguage":"lv-LV","@id":"https:\/\/old.elusvali.ee\/lv\/produkts\/zemas-abrazivitates-zobu-pasta-piparmetra-1134g-essential-oxygen\/#primaryimage","url":"https:\/\/old.elusvali.ee\/wp-content\/uploads\/2025\/02\/toothpaste-peppermint1.webp","contentUrl":"https:\/\/old.elusvali.ee\/wp-content\/uploads\/2025\/02\/toothpaste-peppermint1.webp","width":800,"height":800,"caption":"toothpaste-peppermint1"},{"@type":"BreadcrumbList","@id":"https:\/\/old.elusvali.ee\/lv\/produkts\/zemas-abrazivitates-zobu-pasta-piparmetra-1134g-essential-oxygen\/#breadcrumb","itemListElement":[{"@type":"ListItem","position":1,"name":"Home","item":"https:\/\/purenature.lv\/"},{"@type":"ListItem","position":2,"name":"E-veikals","item":"https:\/\/purenature.lv\/veikals\/"},{"@type":"ListItem","position":3,"name":"Zemas abrazivit\u0101tes zobu pasta, Piparm\u0113tra 113,4g | Essential Oxygen"}]},{"@type":"WebSite","@id":"https:\/\/old.elusvali.ee\/lv\/#website","url":"https:\/\/old.elusvali.ee\/lv\/","name":"Elusv\u00e4li","description":"Puhas k&ouml;&ouml;k ja koduapteek","publisher":{"@id":"https:\/\/old.elusvali.ee\/lv\/#organization"},"potentialAction":[{"@type":"SearchAction","target":{"@type":"EntryPoint","urlTemplate":"https:\/\/old.elusvali.ee\/lv\/?s={search_term_string}"},"query-input":{"@type":"PropertyValueSpecification","valueRequired":true,"valueName":"search_term_string"}}],"inLanguage":"lv-LV"},{"@type":"Organization","@id":"https:\/\/old.elusvali.ee\/lv\/#organization","name":"Elusv\u00e4li","url":"https:\/\/old.elusvali.ee\/lv\/","logo":{"@type":"ImageObject","inLanguage":"lv-LV","@id":"https:\/\/old.elusvali.ee\/lv\/#\/schema\/logo\/image\/","url":"https:\/\/purenature.lt\/wp-content\/uploads\/2023\/07\/logo.png","contentUrl":"https:\/\/purenature.lt\/wp-content\/uploads\/2023\/07\/logo.png","width":526,"height":146,"caption":"Elusv\u00e4li"},"image":{"@id":"https:\/\/old.elusvali.ee\/lv\/#\/schema\/logo\/image\/"},"sameAs":["https:\/\/www.facebook.com\/profile.php?id=100064131067985","https:\/\/www.instagram.com\/elusvali\/","https:\/\/www.youtube.com\/@elusvali2110"]}]}},"_links":{"self":[{"href":"https:\/\/old.elusvali.ee\/lv\/wp-json\/wp\/v2\/product\/66134","targetHints":{"allow":["GET"]}}],"collection":[{"href":"https:\/\/old.elusvali.ee\/lv\/wp-json\/wp\/v2\/product"}],"about":[{"href":"https:\/\/old.elusvali.ee\/lv\/wp-json\/wp\/v2\/types\/product"}],"replies":[{"embeddable":true,"href":"https:\/\/old.elusvali.ee\/lv\/wp-json\/wp\/v2\/comments?post=66134"}],"version-history":[{"count":2,"href":"https:\/\/old.elusvali.ee\/lv\/wp-json\/wp\/v2\/product\/66134\/revisions"}],"predecessor-version":[{"id":67087,"href":"https:\/\/old.elusvali.ee\/lv\/wp-json\/wp\/v2\/product\/66134\/revisions\/67087"}],"wp:featuredmedia":[{"embeddable":true,"href":"https:\/\/old.elusvali.ee\/lv\/wp-json\/wp\/v2\/media\/61914"}],"wp:attachment":[{"href":"https:\/\/old.elusvali.ee\/lv\/wp-json\/wp\/v2\/media?parent=66134"}],"wp:term":[{"taxonomy":"product_brand","embeddable":true,"href":"https:\/\/old.elusvali.ee\/lv\/wp-json\/wp\/v2\/product_brand?post=66134"},{"taxonomy":"product_cat","embeddable":true,"href":"https:\/\/old.elusvali.ee\/lv\/wp-json\/wp\/v2\/product_cat?post=66134"},{"taxonomy":"product_tag","embeddable":true,"href":"https:\/\/old.elusvali.ee\/lv\/wp-json\/wp\/v2\/product_tag?post=66134"}],"curies":[{"name":"wp","href":"https:\/\/api.w.org\/{rel}","templated":true}]}}