{"id":66115,"date":"2024-12-08T17:01:41","date_gmt":"2024-12-08T15:01:41","guid":{"rendered":"https:\/\/old.elusvali.ee\/product\/liepziedu-teja-30g-organiska-eeriksaare-organic-farm\/"},"modified":"2025-05-12T13:13:39","modified_gmt":"2025-05-12T10:13:39","slug":"liepziedu-teja-30g-organiska-eeriksaare-organic-farm","status":"publish","type":"product","link":"https:\/\/old.elusvali.ee\/lv\/produkts\/liepziedu-teja-30g-organiska-eeriksaare-organic-farm\/","title":{"rendered":"Liepziedu t\u0113ja 30g, organiska | Eeriksaare Organic Farm"},"content":{"rendered":"<h2>Liepziedu t\u0113ja<\/h2>\n<p><img fetchpriority=\"high\" decoding=\"async\" class=\"size-medium wp-image-56990 alignleft\" src=\"https:\/\/purenature.lv\/wp-content\/uploads\/2024\/12\/flowers-of-linden-tree-400x282.jpg\" alt=\"\" width=\"400\" height=\"282\" srcset=\"https:\/\/old.elusvali.ee\/wp-content\/uploads\/2024\/12\/flowers-of-linden-tree-400x282.jpg 400w, https:\/\/old.elusvali.ee\/wp-content\/uploads\/2024\/12\/flowers-of-linden-tree-1134x800.jpg 1134w, https:\/\/old.elusvali.ee\/wp-content\/uploads\/2024\/12\/flowers-of-linden-tree-768x542.jpg 768w, https:\/\/old.elusvali.ee\/wp-content\/uploads\/2024\/12\/flowers-of-linden-tree-430x303.jpg 430w, https:\/\/old.elusvali.ee\/wp-content\/uploads\/2024\/12\/flowers-of-linden-tree-700x494.jpg 700w, https:\/\/old.elusvali.ee\/wp-content\/uploads\/2024\/12\/flowers-of-linden-tree-150x106.jpg 150w, https:\/\/old.elusvali.ee\/wp-content\/uploads\/2024\/12\/flowers-of-linden-tree.jpg 1350w\" sizes=\"(max-width: 400px) 100vw, 400px\" \/> Liepa ir pla\u0161i izplat\u012bts un labi paz\u012bstams lapu koks, ko d\u0113v\u0113 ar\u012b par p\u013cavu koku. Tai ir \u012bss zied\u0113\u0161anas periods &#8211; parasti tas ilgst duci dienu j\u016blij\u0101, un tad gan bit\u0113m, gan ziedu v\u0101c\u0113jiem ir j\u0101b\u016bt darb\u012bgiem. Kalt\u0113\u0161anai liepu ziedi j\u0101v\u0101c saus\u0101 vasaras dien\u0101, un vislab\u0101k ir izv\u0113l\u0113ties kokus, kas aug piem\u0101jas saimniec\u012bb\u0101s vai me\u017eos, nevis pils\u0113t\u0101s. M\u0113ren\u0101 karstum\u0101 (30-40\u00b0) un pl\u0101n\u0101 sl\u0101n\u012b sav\u0101ktie ziedi \u017e\u016bst sal\u012bdzino\u0161i \u0101tri, bet zaud\u0113 apm\u0113ram divas tre\u0161da\u013cas no s\u0101kotn\u0113j\u0101 svara.   <\/p>\n<p>Liepziedus sav\u0101c ar mizi\u0146u un segpl\u0113vi, kas \u0101tri iz\u017e\u016bst, izkl\u0101jot tos pl\u0101n\u0101 sl\u0101n\u012b telp\u0101 +25&#8230;+30 \u00b0C temperat\u016br\u0101. Iz\u017e\u0101v\u0113tas ziedkopas uzglab\u0101 sl\u0113gt\u0101 trauk\u0101, kur t\u0101s ir der\u012bgas 2 gadus. T\u0101s ziediem ir salds arom\u0101ts, un tie ir bag\u0101ti ar bioakt\u012bviem savienojumiem, piem\u0113ram, flavono\u012bdiem, \u0113teriskaj\u0101m e\u013c\u013c\u0101m un augu l\u012bmi, kas sniedz daudzpus\u012bgu atbalstu \u0137ermenim un garam.<\/p>\n<p><strong>Tautas gudr\u012bba:<\/strong> m\u016bsu tauta paz\u012bst liepziedu k\u0101 vienu no lab\u0101kajiem sv\u012b\u0161anu veicino\u0161iem, saaukst\u0113\u0161anos un drudzi mazino\u0161iem augiem. S\u0101koties gripai un kakla s\u0101p\u0113m, poras atver ar sp\u0113c\u012bgu liepu ziedu uzl\u0113jumu. Lai to izdar\u012btu, \u0146em divas \u0113damkarotes sasmalcin\u0101tu liepu ziedu, pievieno gl\u0101zi verdo\u0161a \u016bdens, atst\u0101j nost\u0101v\u0113ties ceturtda\u013cstundu silt\u0101 viet\u0101 un dzer karstu. Ja ir iekaisis kakls vai ang\u012bna, ar liepziedu uzl\u0113jumu var veikt skalo\u0161anu.   <\/p>\n<h4>Liepziedu vesel\u012bbu veicino\u0161\u0101s \u012bpa\u0161\u012bbas:<\/h4>\n<p><strong>1. Nomierina un mazina stresu.  <\/strong>Liepziedi iedarbojas relaks\u0113jo\u0161i uz nervu sist\u0113mu, pal\u012bdz mazin\u0101t stresu, trauksmi un spriedzi. Tie veicina lab\u0101ku miegu un atp\u016btu, t\u0101p\u0113c to t\u0113ja ir ide\u0101ls vakara dz\u0113riens. <\/p>\n<p><strong>2. Saaukst\u0113\u0161an\u0101s simptomu mazin\u0101\u0161ana. <\/strong>Veicina sv\u012b\u0161anu, pal\u012bdzot samazin\u0101t drudzi. Nomierina elpce\u013cus un mazina klepu, kakla s\u0101pes un pal\u012bdz aizliktam degunam. <\/p>\n<p><strong>3. Pretiekaisuma un prets\u0101pju l\u012bdzeklis.  <\/strong>Pal\u012bdz mazin\u0101t iekaisumu un mazina musku\u013cu un loc\u012btavu s\u0101pes. Piem\u0113roti vieglu galvass\u0101pju un migr\u0113nas gad\u012bjum\u0101. <\/p>\n<p><strong>4. Gremo\u0161anas atbalsts. <\/strong>Mazina gremo\u0161anas probl\u0113mas, piem\u0113ram, v\u0113dera p\u016b\u0161anos, krampjus un sliktu d\u016b\u0161u. Nomierina ku\u0146\u0123a g\u013cot\u0101du un pal\u012bdz atsl\u0101bin\u0101t gremo\u0161anas traktu. <\/p>\n<p><strong>5. Sirds un asinsrites atbalsts.  <\/strong>Pal\u012bdz pazemin\u0101t asinsspiedienu un veicina sirds un asinsvadu vesel\u012bbu. Darbojas k\u0101 viegls diur\u0113tisks l\u012bdzeklis, veicinot \u0161\u0137idruma izvad\u012b\u0161anu. <\/p>\n<p><strong>6. Atbalsts im\u016bnsist\u0113mai.  <\/strong>Satur antioksidantus, kas stiprina imunit\u0101ti un pal\u012bdz organismam c\u012bn\u012bties ar slim\u012bb\u0101m. Labi piem\u0113rots vesel\u012bbas uzlabo\u0161anai aukstaj\u0101 sezon\u0101. <\/p>\n<p>&nbsp;<\/p>\n<p><a href=\"https:\/\/purenature.lv\/kes-on-meditsiinimeedium-anthony-william-2\/\"><strong>Medic\u012bnas medijs Anthony William<\/strong><\/a> sav\u0101 blog\u0101 raksta, ka liepu ziedu t\u0113ju jau gadsimtiem ilgi lieto, lai mazin\u0101tu trauksmi, nomierin\u0101tu nervus un mazin\u0101tu t\u0101das ar stresu saist\u012btas kaites k\u0101 sirdsklauves, gremo\u0161anas trauc\u0113jumi, augsts asinsspiediens un galvass\u0101pes. Liepziediem piem\u012bt nomierino\u0161as un miegu veicino\u0161as \u012bpa\u0161\u012bbas, kas var pal\u012bdz\u0113t bezmiega gad\u012bjum\u0101 un nodro\u0161in\u0101t mier\u012bgu nakts miegu. Liepziediem piem\u012bt sv\u012b\u0161anu veicino\u0161as un drudzi mazino\u0161as \u012bpa\u0161\u012bbas, t\u0101p\u0113c tie lieliski noder saaukst\u0113\u0161an\u0101s, gripas un elpce\u013cu infekciju mazin\u0101\u0161anai. Liepziedu t\u0113ja ir efekt\u012bva ar\u012b hronisku bronhu slim\u012bbu, piem\u0113ram, astmas, emfiz\u0113mas un HOPS (hroniskas obstrukt\u012bvas plau\u0161u slim\u012bbas) gad\u012bjum\u0101. Vair\u0101k par liepziediem lasiet <a href=\"https:\/\/www.medicalmedium.com\/blog\/linden-flower-tea\">Medical Media blog\u0101.<\/a>    <\/p>\n<h4><strong>Iesp\u0113jamie izmanto\u0161anas veidi:<\/strong><\/h4>\n<ul>\n<li><strong>T\u0113ja<\/strong>: Tikl\u012bdz s\u0101kas saaukst\u0113\u0161an\u0101s vai gripa, ieteicams dzert karstu liepziedu t\u0113ju. M\u0113s jau sen zin\u0101m, ka liepu ziedi ir efekt\u012bvs sviedru izdal\u012b\u0161anos veicino\u0161s un drudzi mazino\u0161s l\u012bdzeklis pret saaukst\u0113\u0161anos. Tagad ir pier\u0101d\u012bts, ka liepu ziedu sp\u0113c\u012bg\u0101 sv\u012b\u0161anu un nieru darb\u012bbu stimul\u0113jo\u0161\u0101 iedarb\u012bba pal\u012bdz \u0101tri izvad\u012bt no organisma toks\u012bnus, ko rada bakt\u0113rijas vai gripas v\u012brusi, un tiek uzskat\u012bts, ka tas nov\u0113r\u0161 nopietnas komplik\u0101cijas (pat b\u0113rniem).  <\/li>\n<li><strong>Lok\u0101la lieto\u0161ana<\/strong>: kompreses veid\u0101 vai pievienojot vannas \u016bdenim, liepziedi nomierina \u0101du un atsl\u0101bina musku\u013cus, pal\u012bdzot jums atp\u016bsties.<\/li>\n<\/ul>\n<h3><strong>K\u0101 pagatavot liepziedu t\u0113ju?<\/strong><\/h3>\n<ul>\n<li><strong>Pagatavo\u0161ana:<\/strong> pievienojiet kalt\u0113tus liepziedus (1-2 t\u0113jkarotes) tie\u0161i tas\u012bt\u0113 vai izmantojiet t\u0113jkannu. <img decoding=\"async\" class=\"size-medium wp-image-56994 alignright\" src=\"https:\/\/purenature.lv\/wp-content\/uploads\/2024\/12\/lindel-flower-tea-400x263.jpg\" alt=\"\" width=\"400\" height=\"263\" srcset=\"https:\/\/old.elusvali.ee\/wp-content\/uploads\/2024\/12\/lindel-flower-tea-400x263.jpg 400w, https:\/\/old.elusvali.ee\/wp-content\/uploads\/2024\/12\/lindel-flower-tea-1215x800.jpg 1215w, https:\/\/old.elusvali.ee\/wp-content\/uploads\/2024\/12\/lindel-flower-tea-768x506.jpg 768w, https:\/\/old.elusvali.ee\/wp-content\/uploads\/2024\/12\/lindel-flower-tea-430x283.jpg 430w, https:\/\/old.elusvali.ee\/wp-content\/uploads\/2024\/12\/lindel-flower-tea-700x461.jpg 700w, https:\/\/old.elusvali.ee\/wp-content\/uploads\/2024\/12\/lindel-flower-tea-150x99.jpg 150w, https:\/\/old.elusvali.ee\/wp-content\/uploads\/2024\/12\/lindel-flower-tea.jpg 1350w\" sizes=\"(max-width: 400px) 100vw, 400px\" \/><\/li>\n<li><strong>Pievienojiet karsto \u016bdeni:<\/strong> Aplejiet liepziedus ar 250 ml verdo\u0161a \u016bdens.<\/li>\n<li><strong>\u013baujiet ievilkties:<\/strong> p\u0101rkl\u0101jiet kr\u016bz\u012bti vai t\u0113jas kannu un \u013caujiet ievilkties 5-10 min\u016btes. Ilg\u0101ks nost\u0101v\u0113\u0161an\u0101s laiks nodro\u0161ina sp\u0113c\u012bg\u0101ku gar\u0161u un vair\u0101k labv\u0113l\u012bgo vielu. <\/li>\n<li><strong>Pasniedziet:<\/strong> Izlejiet t\u0113ju caur sietu un p\u0113c v\u0113l\u0113\u0161an\u0101s pievienojiet medu vai citronu.<\/li>\n<li><strong>Baudiet:<\/strong> Lietojiet siltu, lai palielin\u0101tu t\u0113jas nomierino\u0161o un dziedino\u0161o iedarb\u012bbu.<\/li>\n<\/ul>\n<h3><strong>Kad lietot liepziedu t\u0113ju?<\/strong><\/h3>\n<ul>\n<li><strong>Vakar\u0101:<\/strong> lai atp\u016bstos un lab\u0101k gul\u0113tu.<\/li>\n<li><strong>Pret saaukst\u0113\u0161anos<\/strong>: klepus un kakla s\u0101pju mazin\u0101\u0161anai vai drud\u017ea mazin\u0101\u0161anai.<\/li>\n<li><strong>P\u0113c \u0113\u0161anas:<\/strong> gremo\u0161anas veicin\u0101\u0161anai un vieglu gremo\u0161anas trauc\u0113jumu mazin\u0101\u0161anai.<\/li>\n<\/ul>\n<p>Tom\u0113r cilv\u0113kiem ar sirds slim\u012bb\u0101m \u0161o t\u0113ju nav ieteicams dzert nep\u0101rtraukti, jo liepu ziedos eso\u0161ie savienojumi veicina k\u0101lija izvad\u012b\u0161anu no organisma, kas var izrais\u012bt sirdsdarb\u012bbas pasliktin\u0101\u0161anos. T\u0101 k\u0101 augu t\u0113jas sast\u0101v\u0101 ir daudz da\u017e\u0101du \u0137\u012bmisko savienojumu, autori iesaka gr\u016btniec\u012bbas un z\u012bd\u012b\u0161anas laik\u0101 no t\u0101s lab\u0101k izvair\u012bties vai lietot piesardz\u012bgi. <\/p>\n<p><strong><a href=\"http:\/\/eeriksaare.ee\">Eeriksaare Organic Farm <\/a>&#8211; tuv\u012bba dabai un gudr\u012bba, kas tiek nodota no paaudzes paaudz\u0113. <\/strong>Eeriksaare Organic Farm ir vieta, kur tiek cien\u012bta zeme, augsne un trad\u012bcijas. Vi\u0146u saknes dzi\u013ci iesak\u0146oju\u0161\u0101s dzimtenes augsn\u0113, un vi\u0146i izj\u016bt cie\u0161u saikni ar \u0161\u012bs vietas \u012bpa\u0161o raksturu. Vi\u0146u vecvec\u0101ku zemkop\u012bbas gudr\u012bba un vec\u0101s p\u013cavas ir vi\u0146u t\u0113jas nami\u0146a pamats, kur vi\u0146i sme\u013cas sp\u0113ku un iedvesmu, lai rad\u012btu gar\u0161\u012bgas t\u0113jas. T\u0113jas augi aug r\u016bp\u012bgi kopt\u0101 augsn\u0113, ko neapgr\u016btina m\u0101ksl\u012bgie m\u0113slojumi un pestic\u012bdi. Augi tiek audz\u0113ti un nov\u0101kti ar rok\u0101m, nodro\u0161inot visaugst\u0101ko kvalit\u0101ti un dabisko t\u012br\u012bbu katr\u0101 lapi\u0146\u0101. T\u0113jas augi, kurus vi\u0146i pa\u0161i neaudz\u0113, tiek iev\u0101kti Viljandi neskartajos me\u017eos un purvos. Tas nodro\u0161ina, ka katrs t\u0113jas mais\u012bjums nes viet\u0113j\u0101s dabas sp\u0113ku un unik\u0101lo gar\u0161u. Eeriksaare Organic Farm godina savu dzimteni un t\u0101s mantojumu. Vi\u0146i r\u016bp\u0113jas par dabu un str\u0101d\u0101 ilgtsp\u0113j\u012bgi, lai nodro\u0161in\u0101tu, ka vi\u0146u lauki un me\u017ei paliek neskarti ar\u012b n\u0101kamaj\u0101m paaudz\u0113m.        <\/p>\n<p><img decoding=\"async\" class=\"alignleft wp-image-56986 size-large\" src=\"https:\/\/purenature.lv\/wp-content\/uploads\/2024\/12\/drinking-linden-flower-tea-1199x800.jpg\" alt=\"\" width=\"1199\" height=\"800\" srcset=\"https:\/\/old.elusvali.ee\/wp-content\/uploads\/2024\/12\/drinking-linden-flower-tea-1199x800.jpg 1199w, https:\/\/old.elusvali.ee\/wp-content\/uploads\/2024\/12\/drinking-linden-flower-tea-400x267.jpg 400w, https:\/\/old.elusvali.ee\/wp-content\/uploads\/2024\/12\/drinking-linden-flower-tea-768x513.jpg 768w, https:\/\/old.elusvali.ee\/wp-content\/uploads\/2024\/12\/drinking-linden-flower-tea-430x287.jpg 430w, https:\/\/old.elusvali.ee\/wp-content\/uploads\/2024\/12\/drinking-linden-flower-tea-700x467.jpg 700w, https:\/\/old.elusvali.ee\/wp-content\/uploads\/2024\/12\/drinking-linden-flower-tea-150x100.jpg 150w, https:\/\/old.elusvali.ee\/wp-content\/uploads\/2024\/12\/drinking-linden-flower-tea.jpg 1350w\" sizes=\"(max-width: 1199px) 100vw, 1199px\" \/><\/p>\n","protected":false},"excerpt":{"rendered":"<div class=\"flex max-w-full flex-col flex-grow\">\n<div class=\"min-h-8 text-message flex w-full flex-col items-end gap-2 whitespace-normal break-words [.text-message+&amp;]:mt-5\" dir=\"auto\" data-message-author-role=\"assistant\" data-message-id=\"5a783524-e072-4e29-aeaf-1641ee2f9a7d\" data-message-model-slug=\"gpt-4o\">\n<div class=\"flex w-full flex-col gap-1 empty:hidden first:pt-[3px]\">\n<div class=\"markdown prose w-full break-words dark:prose-invert light\">\n<p>Liepziedu t\u0113ja nomierina nervu sist\u0113mu, mazina stresu un veicina lab\u0101ku miegu, t\u0101p\u0113c t\u0101 ir ide\u0101ls vakara dz\u0113riens. T\u0101 pal\u012bdz mazin\u0101t saaukst\u0113\u0161anos un iekaisumus, pazemina drudzi, nomierina elpce\u013cus un pal\u012bdz mazin\u0101t s\u0101pes un musku\u013cu sasprindzin\u0101jumu. Turkl\u0101t pl\u016b\u0161koka ziedu t\u0113ja veicina gremo\u0161anu, pazemina asinsspiedienu, stiprina im\u016bnsist\u0113mu un atbalsta sirds un asinsvadu vesel\u012bbu.  <\/p>\n<\/div>\n<\/div>\n<\/div>\n<\/div>\n","protected":false},"featured_media":60232,"comment_status":"open","ping_status":"closed","template":"","meta":{"_acf_changed":false},"product_brand":[],"product_cat":[457],"product_tag":[441],"class_list":{"0":"post-66115","1":"product","2":"type-product","3":"status-publish","4":"has-post-thumbnail","6":"product_cat-uzturs","7":"product_tag-teja","9":"first","10":"instock","11":"taxable","12":"shipping-taxable","13":"purchasable","14":"product-type-simple"},"acf":[],"yoast_head":"<!-- This site is optimized with the Yoast SEO plugin v25.3.1 - https:\/\/yoast.com\/wordpress\/plugins\/seo\/ -->\n<title>Liepziedu t\u0113ja 30g, organiska | Eeriksaare Organic Farm - Pure Nature<\/title>\n<meta name=\"description\" content=\"Liepziedu t\u0113ja ir paz\u012bstama k\u0101 viens no lab\u0101kajiem sv\u012b\u0161anu un drudzi mazino\u0161ajiem augiem pret saaukst\u0113\u0161anos. Pal\u012bdz mazin\u0101t iekaisumu un mazina s\u0101pes.\" \/>\n<meta name=\"robots\" content=\"noindex, follow, max-snippet:-1, max-image-preview:large, max-video-preview:-1\" \/>\n<meta property=\"og:locale\" content=\"lv_LV\" \/>\n<meta property=\"og:type\" content=\"article\" \/>\n<meta property=\"og:title\" content=\"Liepziedu t\u0113ja 30g, organiska | Eeriksaare Organic Farm - Pure Nature\" \/>\n<meta property=\"og:description\" content=\"Liepziedu t\u0113ja ir paz\u012bstama k\u0101 viens no lab\u0101kajiem sv\u012b\u0161anu un drudzi mazino\u0161ajiem augiem pret saaukst\u0113\u0161anos. Pal\u012bdz mazin\u0101t iekaisumu un mazina s\u0101pes.\" \/>\n<meta property=\"og:url\" content=\"https:\/\/old.elusvali.ee\/lv\/produkts\/liepziedu-teja-30g-organiska-eeriksaare-organic-farm\/\" \/>\n<meta property=\"og:site_name\" content=\"Elusv&auml;li\" \/>\n<meta property=\"article:publisher\" content=\"https:\/\/www.facebook.com\/profile.php?id=100064131067985\" \/>\n<meta property=\"article:modified_time\" content=\"2025-05-12T10:13:39+00:00\" \/>\n<meta property=\"og:image\" content=\"https:\/\/old.elusvali.ee\/wp-content\/uploads\/2024\/12\/parnaoied-30-2.jpg\" \/>\n\t<meta property=\"og:image:width\" content=\"1000\" \/>\n\t<meta property=\"og:image:height\" content=\"1000\" \/>\n\t<meta property=\"og:image:type\" content=\"image\/jpeg\" \/>\n<meta name=\"twitter:card\" content=\"summary_large_image\" \/>\n<meta name=\"twitter:label1\" content=\"Est. reading time\" \/>\n\t<meta name=\"twitter:data1\" content=\"6 minutes\" \/>\n<script type=\"application\/ld+json\" class=\"yoast-schema-graph\">{\"@context\":\"https:\/\/schema.org\",\"@graph\":[{\"@type\":\"WebPage\",\"@id\":\"https:\/\/old.elusvali.ee\/lv\/produkts\/liepziedu-teja-30g-organiska-eeriksaare-organic-farm\/\",\"url\":\"https:\/\/old.elusvali.ee\/lv\/produkts\/liepziedu-teja-30g-organiska-eeriksaare-organic-farm\/\",\"name\":\"Liepziedu t\u0113ja 30g, organiska | Eeriksaare Organic Farm - Pure Nature\",\"isPartOf\":{\"@id\":\"https:\/\/old.elusvali.ee\/lv\/#website\"},\"primaryImageOfPage\":{\"@id\":\"https:\/\/old.elusvali.ee\/lv\/produkts\/liepziedu-teja-30g-organiska-eeriksaare-organic-farm\/#primaryimage\"},\"image\":{\"@id\":\"https:\/\/old.elusvali.ee\/lv\/produkts\/liepziedu-teja-30g-organiska-eeriksaare-organic-farm\/#primaryimage\"},\"thumbnailUrl\":\"https:\/\/old.elusvali.ee\/wp-content\/uploads\/2024\/12\/parnaoied-30-2.jpg\",\"datePublished\":\"2024-12-08T15:01:41+00:00\",\"dateModified\":\"2025-05-12T10:13:39+00:00\",\"description\":\"Liepziedu t\u0113ja ir paz\u012bstama k\u0101 viens no lab\u0101kajiem sv\u012b\u0161anu un drudzi mazino\u0161ajiem augiem pret saaukst\u0113\u0161anos. Pal\u012bdz mazin\u0101t iekaisumu un mazina s\u0101pes.\",\"breadcrumb\":{\"@id\":\"https:\/\/old.elusvali.ee\/lv\/produkts\/liepziedu-teja-30g-organiska-eeriksaare-organic-farm\/#breadcrumb\"},\"inLanguage\":\"lv-LV\",\"potentialAction\":[{\"@type\":\"ReadAction\",\"target\":[\"https:\/\/old.elusvali.ee\/lv\/produkts\/liepziedu-teja-30g-organiska-eeriksaare-organic-farm\/\"]}]},{\"@type\":\"ImageObject\",\"inLanguage\":\"lv-LV\",\"@id\":\"https:\/\/old.elusvali.ee\/lv\/produkts\/liepziedu-teja-30g-organiska-eeriksaare-organic-farm\/#primaryimage\",\"url\":\"https:\/\/old.elusvali.ee\/wp-content\/uploads\/2024\/12\/parnaoied-30-2.jpg\",\"contentUrl\":\"https:\/\/old.elusvali.ee\/wp-content\/uploads\/2024\/12\/parnaoied-30-2.jpg\",\"width\":1000,\"height\":1000,\"caption\":\"p\u00e4rnaoie tee\"},{\"@type\":\"BreadcrumbList\",\"@id\":\"https:\/\/old.elusvali.ee\/lv\/produkts\/liepziedu-teja-30g-organiska-eeriksaare-organic-farm\/#breadcrumb\",\"itemListElement\":[{\"@type\":\"ListItem\",\"position\":1,\"name\":\"Home\",\"item\":\"https:\/\/purenature.lv\/\"},{\"@type\":\"ListItem\",\"position\":2,\"name\":\"E-veikals\",\"item\":\"https:\/\/purenature.lv\/veikals\/\"},{\"@type\":\"ListItem\",\"position\":3,\"name\":\"Liepziedu t\u0113ja 30g, organiska | Eeriksaare Organic Farm\"}]},{\"@type\":\"WebSite\",\"@id\":\"https:\/\/old.elusvali.ee\/lv\/#website\",\"url\":\"https:\/\/old.elusvali.ee\/lv\/\",\"name\":\"Elusv\u00e4li\",\"description\":\"Puhas k&ouml;&ouml;k ja koduapteek\",\"publisher\":{\"@id\":\"https:\/\/old.elusvali.ee\/lv\/#organization\"},\"potentialAction\":[{\"@type\":\"SearchAction\",\"target\":{\"@type\":\"EntryPoint\",\"urlTemplate\":\"https:\/\/old.elusvali.ee\/lv\/?s={search_term_string}\"},\"query-input\":{\"@type\":\"PropertyValueSpecification\",\"valueRequired\":true,\"valueName\":\"search_term_string\"}}],\"inLanguage\":\"lv-LV\"},{\"@type\":\"Organization\",\"@id\":\"https:\/\/old.elusvali.ee\/lv\/#organization\",\"name\":\"Elusv\u00e4li\",\"url\":\"https:\/\/old.elusvali.ee\/lv\/\",\"logo\":{\"@type\":\"ImageObject\",\"inLanguage\":\"lv-LV\",\"@id\":\"https:\/\/old.elusvali.ee\/lv\/#\/schema\/logo\/image\/\",\"url\":\"https:\/\/purenature.lt\/wp-content\/uploads\/2023\/07\/logo.png\",\"contentUrl\":\"https:\/\/purenature.lt\/wp-content\/uploads\/2023\/07\/logo.png\",\"width\":526,\"height\":146,\"caption\":\"Elusv\u00e4li\"},\"image\":{\"@id\":\"https:\/\/old.elusvali.ee\/lv\/#\/schema\/logo\/image\/\"},\"sameAs\":[\"https:\/\/www.facebook.com\/profile.php?id=100064131067985\",\"https:\/\/www.instagram.com\/elusvali\/\",\"https:\/\/www.youtube.com\/@elusvali2110\"]}]}<\/script>\n<!-- \/ Yoast SEO plugin. -->","yoast_head_json":{"title":"Liepziedu t\u0113ja 30g, organiska | Eeriksaare Organic Farm - Pure Nature","description":"Liepziedu t\u0113ja ir paz\u012bstama k\u0101 viens no lab\u0101kajiem sv\u012b\u0161anu un drudzi mazino\u0161ajiem augiem pret saaukst\u0113\u0161anos. Pal\u012bdz mazin\u0101t iekaisumu un mazina s\u0101pes.","robots":{"index":"noindex","follow":"follow","max-snippet":"max-snippet:-1","max-image-preview":"max-image-preview:large","max-video-preview":"max-video-preview:-1"},"og_locale":"lv_LV","og_type":"article","og_title":"Liepziedu t\u0113ja 30g, organiska | Eeriksaare Organic Farm - Pure Nature","og_description":"Liepziedu t\u0113ja ir paz\u012bstama k\u0101 viens no lab\u0101kajiem sv\u012b\u0161anu un drudzi mazino\u0161ajiem augiem pret saaukst\u0113\u0161anos. Pal\u012bdz mazin\u0101t iekaisumu un mazina s\u0101pes.","og_url":"https:\/\/old.elusvali.ee\/lv\/produkts\/liepziedu-teja-30g-organiska-eeriksaare-organic-farm\/","og_site_name":"Elusv&auml;li","article_publisher":"https:\/\/www.facebook.com\/profile.php?id=100064131067985","article_modified_time":"2025-05-12T10:13:39+00:00","og_image":[{"width":1000,"height":1000,"url":"https:\/\/old.elusvali.ee\/wp-content\/uploads\/2024\/12\/parnaoied-30-2.jpg","type":"image\/jpeg"}],"twitter_card":"summary_large_image","twitter_misc":{"Est. reading time":"6 minutes"},"schema":{"@context":"https:\/\/schema.org","@graph":[{"@type":"WebPage","@id":"https:\/\/old.elusvali.ee\/lv\/produkts\/liepziedu-teja-30g-organiska-eeriksaare-organic-farm\/","url":"https:\/\/old.elusvali.ee\/lv\/produkts\/liepziedu-teja-30g-organiska-eeriksaare-organic-farm\/","name":"Liepziedu t\u0113ja 30g, organiska | Eeriksaare Organic Farm - Pure Nature","isPartOf":{"@id":"https:\/\/old.elusvali.ee\/lv\/#website"},"primaryImageOfPage":{"@id":"https:\/\/old.elusvali.ee\/lv\/produkts\/liepziedu-teja-30g-organiska-eeriksaare-organic-farm\/#primaryimage"},"image":{"@id":"https:\/\/old.elusvali.ee\/lv\/produkts\/liepziedu-teja-30g-organiska-eeriksaare-organic-farm\/#primaryimage"},"thumbnailUrl":"https:\/\/old.elusvali.ee\/wp-content\/uploads\/2024\/12\/parnaoied-30-2.jpg","datePublished":"2024-12-08T15:01:41+00:00","dateModified":"2025-05-12T10:13:39+00:00","description":"Liepziedu t\u0113ja ir paz\u012bstama k\u0101 viens no lab\u0101kajiem sv\u012b\u0161anu un drudzi mazino\u0161ajiem augiem pret saaukst\u0113\u0161anos. Pal\u012bdz mazin\u0101t iekaisumu un mazina s\u0101pes.","breadcrumb":{"@id":"https:\/\/old.elusvali.ee\/lv\/produkts\/liepziedu-teja-30g-organiska-eeriksaare-organic-farm\/#breadcrumb"},"inLanguage":"lv-LV","potentialAction":[{"@type":"ReadAction","target":["https:\/\/old.elusvali.ee\/lv\/produkts\/liepziedu-teja-30g-organiska-eeriksaare-organic-farm\/"]}]},{"@type":"ImageObject","inLanguage":"lv-LV","@id":"https:\/\/old.elusvali.ee\/lv\/produkts\/liepziedu-teja-30g-organiska-eeriksaare-organic-farm\/#primaryimage","url":"https:\/\/old.elusvali.ee\/wp-content\/uploads\/2024\/12\/parnaoied-30-2.jpg","contentUrl":"https:\/\/old.elusvali.ee\/wp-content\/uploads\/2024\/12\/parnaoied-30-2.jpg","width":1000,"height":1000,"caption":"p\u00e4rnaoie tee"},{"@type":"BreadcrumbList","@id":"https:\/\/old.elusvali.ee\/lv\/produkts\/liepziedu-teja-30g-organiska-eeriksaare-organic-farm\/#breadcrumb","itemListElement":[{"@type":"ListItem","position":1,"name":"Home","item":"https:\/\/purenature.lv\/"},{"@type":"ListItem","position":2,"name":"E-veikals","item":"https:\/\/purenature.lv\/veikals\/"},{"@type":"ListItem","position":3,"name":"Liepziedu t\u0113ja 30g, organiska | Eeriksaare Organic Farm"}]},{"@type":"WebSite","@id":"https:\/\/old.elusvali.ee\/lv\/#website","url":"https:\/\/old.elusvali.ee\/lv\/","name":"Elusv\u00e4li","description":"Puhas k&ouml;&ouml;k ja koduapteek","publisher":{"@id":"https:\/\/old.elusvali.ee\/lv\/#organization"},"potentialAction":[{"@type":"SearchAction","target":{"@type":"EntryPoint","urlTemplate":"https:\/\/old.elusvali.ee\/lv\/?s={search_term_string}"},"query-input":{"@type":"PropertyValueSpecification","valueRequired":true,"valueName":"search_term_string"}}],"inLanguage":"lv-LV"},{"@type":"Organization","@id":"https:\/\/old.elusvali.ee\/lv\/#organization","name":"Elusv\u00e4li","url":"https:\/\/old.elusvali.ee\/lv\/","logo":{"@type":"ImageObject","inLanguage":"lv-LV","@id":"https:\/\/old.elusvali.ee\/lv\/#\/schema\/logo\/image\/","url":"https:\/\/purenature.lt\/wp-content\/uploads\/2023\/07\/logo.png","contentUrl":"https:\/\/purenature.lt\/wp-content\/uploads\/2023\/07\/logo.png","width":526,"height":146,"caption":"Elusv\u00e4li"},"image":{"@id":"https:\/\/old.elusvali.ee\/lv\/#\/schema\/logo\/image\/"},"sameAs":["https:\/\/www.facebook.com\/profile.php?id=100064131067985","https:\/\/www.instagram.com\/elusvali\/","https:\/\/www.youtube.com\/@elusvali2110"]}]}},"_links":{"self":[{"href":"https:\/\/old.elusvali.ee\/lv\/wp-json\/wp\/v2\/product\/66115","targetHints":{"allow":["GET"]}}],"collection":[{"href":"https:\/\/old.elusvali.ee\/lv\/wp-json\/wp\/v2\/product"}],"about":[{"href":"https:\/\/old.elusvali.ee\/lv\/wp-json\/wp\/v2\/types\/product"}],"replies":[{"embeddable":true,"href":"https:\/\/old.elusvali.ee\/lv\/wp-json\/wp\/v2\/comments?post=66115"}],"version-history":[{"count":2,"href":"https:\/\/old.elusvali.ee\/lv\/wp-json\/wp\/v2\/product\/66115\/revisions"}],"predecessor-version":[{"id":67080,"href":"https:\/\/old.elusvali.ee\/lv\/wp-json\/wp\/v2\/product\/66115\/revisions\/67080"}],"wp:featuredmedia":[{"embeddable":true,"href":"https:\/\/old.elusvali.ee\/lv\/wp-json\/wp\/v2\/media\/60232"}],"wp:attachment":[{"href":"https:\/\/old.elusvali.ee\/lv\/wp-json\/wp\/v2\/media?parent=66115"}],"wp:term":[{"taxonomy":"product_brand","embeddable":true,"href":"https:\/\/old.elusvali.ee\/lv\/wp-json\/wp\/v2\/product_brand?post=66115"},{"taxonomy":"product_cat","embeddable":true,"href":"https:\/\/old.elusvali.ee\/lv\/wp-json\/wp\/v2\/product_cat?post=66115"},{"taxonomy":"product_tag","embeddable":true,"href":"https:\/\/old.elusvali.ee\/lv\/wp-json\/wp\/v2\/product_tag?post=66115"}],"curies":[{"name":"wp","href":"https:\/\/api.w.org\/{rel}","templated":true}]}}