{"id":66097,"date":"2024-12-08T17:01:57","date_gmt":"2024-12-08T15:01:57","guid":{"rendered":"https:\/\/old.elusvali.ee\/product\/natres-teja-eco-eeriksaare-organic-farm\/"},"modified":"2025-06-24T16:15:56","modified_gmt":"2025-06-24T13:15:56","slug":"natres-teja-eco-eeriksaare-organic-farm","status":"publish","type":"product","link":"https:\/\/old.elusvali.ee\/lv\/produkts\/natres-teja-eco-eeriksaare-organic-farm\/","title":{"rendered":"N\u0101tres t\u0113ja, Eco | Eeriksaare Organic Farm"},"content":{"rendered":"<h3><strong>Liel\u0101 n\u0101tre <em>(Urtica dioica)<\/em>&#8211; dabas superprodukts j\u016bsu vesel\u012bbai<\/strong><\/h3>\n<p><img fetchpriority=\"high\" decoding=\"async\" class=\"size-medium wp-image-56827 alignleft\" src=\"https:\/\/purenature.lv\/wp-content\/uploads\/2024\/12\/stinging-nettle-urtica-224x300.jpg\" alt=\"\" width=\"224\" height=\"300\" srcset=\"https:\/\/old.elusvali.ee\/wp-content\/uploads\/2024\/12\/stinging-nettle-urtica-224x300.jpg 224w, https:\/\/old.elusvali.ee\/wp-content\/uploads\/2024\/12\/stinging-nettle-urtica-597x800.jpg 597w, https:\/\/old.elusvali.ee\/wp-content\/uploads\/2024\/12\/stinging-nettle-urtica-768x1029.jpg 768w, https:\/\/old.elusvali.ee\/wp-content\/uploads\/2024\/12\/stinging-nettle-urtica-430x576.jpg 430w, https:\/\/old.elusvali.ee\/wp-content\/uploads\/2024\/12\/stinging-nettle-urtica-700x938.jpg 700w, https:\/\/old.elusvali.ee\/wp-content\/uploads\/2024\/12\/stinging-nettle-urtica-150x201.jpg 150w, https:\/\/old.elusvali.ee\/wp-content\/uploads\/2024\/12\/stinging-nettle-urtica.jpg 1008w\" sizes=\"(max-width: 224px) 100vw, 224px\" \/><\/p>\n<p><strong>N\u0101tre<\/strong> ir daudzgad\u012bgs augs, kas pieder pie n\u0101tru dzimtas. T\u0101 ir sastopama vis\u0101 pasaul\u0113 un bie\u017ei sastopama me\u017eos, p\u013cav\u0101s un d\u0101rzos. Tas ir vid\u0113ja auguma augs ar sazarotu stubl\u0101ju un lap\u0101m ar zobain\u0101m mal\u0101m, kas atrodas viena pret otru. T\u0101s lapas un stubl\u0101ji ir kl\u0101ti ar maziem mati\u0146iem, kas var kairin\u0101t \u0101du un izrais\u012bt niezi. Tam ir za\u013ci ziedi, kas veido garas, sazarotas ziedkopas.    <\/p>\n<p>N\u0101tres ir viens no paz\u012bstam\u0101kajiem \u0101rstniec\u012bbas augiem, kas gadsimtiem ilgi ir nov\u0113rt\u0113ts ar savu sp\u0113ku un labv\u0113l\u012bgaj\u0101m \u012bpa\u0161\u012bb\u0101m, un ir pal\u012bdz\u0113jis daudz\u0101m paaudz\u0113m saglab\u0101t vesel\u012bbu un organisma l\u012bdzsvaru. Lai gan n\u0101tri bie\u017ei vien uzskata par dzelo\u0146ainu nez\u0101li, paties\u012bb\u0101 t\u0101 ir v\u0113rt\u012bgs uzturvielu, vitam\u012bnu, miner\u0101lvielu un citu vesel\u012bbu veicino\u0161u savienojumu avots. \u0160is sp\u0113c\u012bgais augs ir bag\u0101ts ar dzelzi, kalciju, C vitam\u012bnu, K vitam\u012bnu un antioksidantiem, kas atbalsta im\u016bnsist\u0113mu, uzlabo ener\u0123ijas l\u012bmeni un uztur skaistu \u0101du un matus.  <\/p>\n<p>N\u0101tres var uzskat\u012bt par viet\u0113jo super\u0113dienu: t\u0101s satur piecas reizes vair\u0101k C vitam\u012bna nek\u0101 t\u0101ds pats daudzums apels\u012bnu. N\u0101tr\u0113s ir ar\u012b daudz A un E vitam\u012bna, B grupas vitam\u012bnu, biot\u012bna, folsk\u0101bes, kalcija, k\u0101lija, magnija, dzelzs, sil\u012bcija, mang\u0101na, cinka, vara, kobalta, ni\u0137e\u013ca, hroma, bora un broma. Tas ir p\u0101rtikas produkts, kas veicina s\u0101rmainas reakcijas organism\u0101.  <\/p>\n<p>&nbsp;<\/p>\n<p>N\u0101tru lapas nov\u0101c, kad augi zied (maij\u0101, j\u016bnij\u0101 un j\u016blij\u0101). N\u0101tre ir kas vair\u0101k nek\u0101 tikai nez\u0101le &#8211; tas ir dabas sp\u0113ka pilns augs, kas sniedz vesel\u012bbu, ener\u0123iju un l\u012bdzsvaru visiem, kas to nov\u0113rt\u0113. \ud83c\udf3f<\/p>\n<h4><strong>N\u0101tru lapu vesel\u012bbu veicino\u0161\u0101s \u012bpa\u0161\u012bbas:<\/strong><\/h4>\n<ul>\n<li><strong>Asinsradei<\/strong>: ar dzelzi bag\u0101tas n\u0101tres pal\u012bdz nov\u0113rst nogurumu un dzelzs tr\u016bkumu.<\/li>\n<li><strong>Visp\u0101r\u0113jai labsaj\u016btai:<\/strong> N\u0101tre mazina iekaisumu un veicina loc\u012btavu kust\u012bgumu.<\/li>\n<li><strong>Pretiekaisuma iedarb\u012bba: <\/strong>Mazina loc\u012btavu un musku\u013cu iekaisumu. Piem\u0113rota hronisku iekaisumu gad\u012bjumos, piem\u0113ram, artr\u012bta gad\u012bjum\u0101. pal\u012bdz mazin\u0101t musku\u013cu un loc\u012btavu s\u0101pes. <\/li>\n<li><strong>Gremo\u0161anai:<\/strong> Efekt\u012bvs atbalsts gremo\u0161anas trakta l\u012bdzsvaro\u0161anai un att\u012br\u012b\u0161anai. Pal\u012bdz l\u012bdzsvarot un uzlabot gremo\u0161anas trakta darb\u012bbu. Atvieglo gremo\u0161anas trauc\u0113jumus, piem\u0113ram, v\u0113dera p\u016b\u0161anos un gr\u0113mas. Pal\u012bdz l\u012bdzsvarot zarnu mikrofloru.  <\/li>\n<li><strong>Att\u012bro\u0161a iedarb\u012bba:<\/strong> N\u0101tru lapas pal\u012bdz no organisma izvad\u012bt atkritumproduktus un veicina aknu darb\u012bbu. K\u0101 dabisks diur\u0113tisks l\u012bdzeklis pal\u012bdz samazin\u0101t t\u016bsku. <\/li>\n<li><strong>\u0100dai un matiem:<\/strong> N\u0101tre veicina matu aug\u0161anu un \u0101das jaun\u012bbu.<\/li>\n<li><strong>Im\u016bnsist\u0113mu stiprino\u0161a:<\/strong> bag\u0101ts ar antioksidantiem un vitam\u012bniem, kas veicina imunit\u0101ti un pal\u012bdz c\u012bn\u012bties ar slim\u012bb\u0101m. N\u0101tre ar\u012b mazina ener\u0123ijas tr\u016bkumu un hronisku nogurumu. <\/li>\n<li><strong>Pal\u012bdz mazin\u0101t aler\u0123iju:<\/strong> n\u0101tre ir viens no svar\u012bg\u0101kajiem gar\u0161augiem, ko iek\u0161\u0137\u012bgi lieto aler\u0123iskas ekz\u0113mas gad\u012bjum\u0101. N\u0101tres sast\u0101v\u0101 ir acetilhol\u012bns, kas satur acetilacetilhol\u012bnu un acetilholsk\u0101bi.  <\/li>\n<\/ul>\n<p>&nbsp;<\/p>\n<p><a href=\"https:\/\/purenature.lv\/kes-on-meditsiinimeedium-anthony-william-2\/\"><strong>Medic\u012bnas medijs Anthony William<\/strong><\/a> nor\u0101da, ka n\u0101tres ir sp\u0113c\u012bgs augs, bag\u0101ts ar hlorofilu un miner\u0101lviel\u0101m, piem\u0113ram, dzelzi, hromu, cinku, varu, magniju, sil\u012bciju, kobaltu un kalciju. N\u0101tres lapas ir ar\u012b lielisks A, E, D, C un K vitam\u012bnu avots. N\u0101tru t\u0113ja ir sp\u0113c\u012bgs imunit\u0101ti stiprino\u0161s l\u012bdzeklis un var neitraliz\u0113t toksiskus antig\u0113nus organism\u0101.  <\/p>\n<p>P\u0113c vi\u0146as teikt\u0101, n\u0101tr\u0113s ir ar\u012b sp\u0113c\u012bgi pretiekaisuma savienojumi, kas pal\u012bdz samazin\u0101t citok\u012bnu &#8211; vienas no galvenaj\u0101m iekaisuma sast\u0101vda\u013c\u0101m organism\u0101 &#8211; aktivit\u0101ti. N\u0101tru lapas pal\u012bdz nov\u0113rst hroniskas galvass\u0101pes, kakla s\u0101pes, deguna blakusdobumu infekcijas un nogurumu, k\u0101 ar\u012b ir piem\u0113rotas diab\u0113ta slimniekiem, jo pal\u012bdz samazin\u0101t cukura l\u012bmeni asin\u012bs. <\/p>\n<p>Vair\u0101k par n\u0101tres lap\u0101m lasiet <a href=\"https:\/\/www.medicalmedium.com\/blog\/nettle-leaf\">Medical Journal blog\u0101.<\/a><\/p>\n<h4><strong>Iesp\u0113jamie izmanto\u0161anas veidi:<\/strong><\/h4>\n<ul>\n<li><strong>K\u0101 t\u0113ju:<\/strong> pagatavojiet atsvaidzino\u0161u t\u0113ju, kas sniedz ener\u0123iju un stiprina imunit\u0101ti. Atsvaidzino\u0161a un uzmundrino\u0161a t\u0113ja, kas sniedz ener\u0123iju un uzmundrina \u0137ermeni un pr\u0101tu. Ar vitam\u012bniem, miner\u0101lviel\u0101m un antioksidantiem bag\u0101t\u0101 n\u0101tru t\u0113ja ir paz\u012bstama ar sav\u0101m att\u012bro\u0161aj\u0101m un stiprino\u0161aj\u0101m \u012bpa\u0161\u012bb\u0101m. N\u0101tru t\u0113ja ir labs l\u012bdzeklis pret pavasara nogurumu, jo t\u0101 \u012bpa\u0161i labi mazina nogurumu, sliktu garast\u0101vokli un nervozit\u0101ti. Piem\u0113rota visai \u0123imenei.    <\/li>\n<li><strong>P\u0101rtika:<\/strong> Svaigas n\u0101tres var pievienot koktei\u013ciem vai sal\u0101tiem.<\/li>\n<li><strong>Tinkt\u016bra:<\/strong> Lietojiet koncentr\u0113t\u0101 veid\u0101, lai nodro\u0161in\u0101tu sp\u0113c\u012bg\u0101ku iedarb\u012bbu.<\/li>\n<\/ul>\n<h2><strong>K\u0101 pagatavot n\u0101tru lapu t\u0113ju?<\/strong><\/h2>\n<ul>\n<li><strong>Pagatavo\u0161ana:<\/strong> ieberiet kalt\u0113tas n\u0101tru lapas (1-2 t\u0113jkarotes) t\u0113jkann\u0101 vai tas\u012bt\u0113.  <img decoding=\"async\" class=\"size-medium wp-image-56898 alignright\" src=\"https:\/\/purenature.lv\/wp-content\/uploads\/2024\/12\/nettle-tea-400x265.jpg\" alt=\"\" width=\"400\" height=\"265\" srcset=\"https:\/\/old.elusvali.ee\/wp-content\/uploads\/2024\/12\/nettle-tea-400x265.jpg 400w, https:\/\/old.elusvali.ee\/wp-content\/uploads\/2024\/12\/nettle-tea-1208x800.jpg 1208w, https:\/\/old.elusvali.ee\/wp-content\/uploads\/2024\/12\/nettle-tea-768x509.jpg 768w, https:\/\/old.elusvali.ee\/wp-content\/uploads\/2024\/12\/nettle-tea-430x285.jpg 430w, https:\/\/old.elusvali.ee\/wp-content\/uploads\/2024\/12\/nettle-tea-700x464.jpg 700w, https:\/\/old.elusvali.ee\/wp-content\/uploads\/2024\/12\/nettle-tea-150x99.jpg 150w, https:\/\/old.elusvali.ee\/wp-content\/uploads\/2024\/12\/nettle-tea.jpg 1350w\" sizes=\"(max-width: 400px) 100vw, 400px\" \/><\/li>\n<li><strong>Pievienojiet karsto \u016bdeni:<\/strong> Uzlej 250 ml verdo\u0161a \u016bdens.<\/li>\n<li><strong>\u013baujiet ievilkties:<\/strong> p\u0101rkl\u0101jiet tasi vai kr\u016bzi un atst\u0101jiet 5-10 min\u016btes, lai piln\u012bb\u0101 izdal\u012btos bar\u012bbas vielas un gar\u0161a.<\/li>\n<li><strong>Noteciniet un aromatiz\u0113jiet:<\/strong> t\u0113ju izlejiet caur sietu un, ja v\u0113laties, pievienojiet medu vai citronu.<\/li>\n<li><strong>Baudiet siltu:<\/strong> Lai ieg\u016btu lab\u0101kos rezult\u0101tus, t\u0113ju baudiet siltu.<\/li>\n<\/ul>\n<h2><strong>Kad lietot n\u0101tru lapu t\u0113ju?<\/strong><\/h2>\n<ul>\n<li><strong>No r\u012bta:<\/strong> lai uzlabotu ener\u0123ijas l\u012bmeni un s\u0101ktu dienu.<\/li>\n<li>Dienas <strong>laik\u0101:<\/strong> organisma att\u012br\u012b\u0161anai un imunit\u0101tes stiprin\u0101\u0161anai.<\/li>\n<li><strong>Vakar\u0101:<\/strong> mieram un relaks\u0101cijai pirms gul\u0113tie\u0161anas.<\/li>\n<li>N\u0101tru lapu t\u0113ju var dzert regul\u0101ri vai kursa veid\u0101, lai uztur\u0113tu vesel\u012bbu un labsaj\u016btu.<\/li>\n<\/ul>\n<p>No lap\u0101m un sakn\u0113m pagatavota t\u0113ja pal\u012bdz izvad\u012bt g\u013cotas no elpo\u0161anas ce\u013ciem, mazina kaulu s\u0101pes un pal\u012bdz caurejas gad\u012bjum\u0101. \u0160o slim\u012bbu gad\u012bjum\u0101 dzer divas tas\u012btes t\u0113jas dien\u0101. Att\u012br\u012b\u0161an\u0101s procesa laik\u0101 var lietot ar\u012b n\u0101tru t\u0113ju, kas pal\u012bdz att\u012br\u012bties un nodro\u0161ina nepiecie\u0161am\u0101s aizsarg\u0101jo\u0161\u0101s uzturvielas, t\u0101d\u0113j\u0101di mazinot att\u012br\u012b\u0161an\u0101s procesa blakuspar\u0101d\u012bbas, piem\u0113ram, galvass\u0101pes. Dzerot n\u0101tru un t\u012bruma kosas t\u0113ju att\u012br\u012b\u0161an\u0101s procesa laik\u0101, var pa\u0101trin\u0101t atkritumproduktu un \u0161\u0137idruma izvad\u012b\u0161anu no organisma un celul\u012bta skartajiem audiem.   <\/p>\n<div class=\"fragment fragment-html fragment-html--paragraph\">\n<p>&nbsp;<\/p>\n<p><strong><a href=\"http:\/\/eeriksaare.ee\">Eeriksaare Organic Farm<\/a> &#8211; tuv\u012bba dabai un gudr\u012bba, kas tiek nodota no paaudzes paaudz\u0113. <\/strong>Eeriksaare Organic Farm ir vieta, kur tiek cien\u012bta zeme, augsne un trad\u012bcijas. Vi\u0146u saknes dzi\u013ci iesak\u0146oju\u0161\u0101s dzimtenes augsn\u0113, un vi\u0146i izj\u016bt cie\u0161u saikni ar \u0161\u012bs vietas \u012bpa\u0161o raksturu. Vi\u0146u vecvec\u0101ku zemkop\u012bbas gudr\u012bba un vec\u0101s p\u013cavas ir vi\u0146u t\u0113jas nami\u0146a pamats, kur vi\u0146i sme\u013cas sp\u0113ku un iedvesmu, lai rad\u012btu gar\u0161\u012bgas t\u0113jas. T\u0113jas augi aug m\u012b\u013ci kopt\u0101 augsn\u0113, ko neapgr\u016btina m\u0101ksl\u012bgie m\u0113slojumi un pestic\u012bdi. Augi tiek audz\u0113ti un nov\u0101kti ar rok\u0101m, nodro\u0161inot visaugst\u0101ko kvalit\u0101ti un dabisko t\u012br\u012bbu katr\u0101 lapi\u0146\u0101.    <\/p>\n<p>T\u0113jas augus, kurus vi\u0146i pa\u0161i neaudz\u0113, iev\u0101c no Viljandi neskartajiem me\u017eiem un purviem. Tas nodro\u0161ina, ka katrs t\u0113jas mais\u012bjums nes viet\u0113j\u0101s dabas sp\u0113ku un unik\u0101lo gar\u0161u. Eeriksaare Organic Farm godina savu dzimteni un t\u0101s mantojumu. Vi\u0146i r\u016bp\u0113jas par dabu un str\u0101d\u0101 ilgtsp\u0113j\u012bgi, lai nodro\u0161in\u0101tu, ka vi\u0146u lauki un me\u017ei paliek t\u0101di pa\u0161i ar\u012b n\u0101kamaj\u0101m paaudz\u0113m.   <\/p>\n<p><img decoding=\"async\" class=\"alignleft wp-image-56903 size-large\" src=\"https:\/\/purenature.lv\/wp-content\/uploads\/2024\/12\/two-boys-drinking-nettle-tea-1200x800.jpg\" alt=\"\" width=\"1200\" height=\"800\" srcset=\"https:\/\/old.elusvali.ee\/wp-content\/uploads\/2024\/12\/two-boys-drinking-nettle-tea-1200x800.jpg 1200w, https:\/\/old.elusvali.ee\/wp-content\/uploads\/2024\/12\/two-boys-drinking-nettle-tea-400x267.jpg 400w, https:\/\/old.elusvali.ee\/wp-content\/uploads\/2024\/12\/two-boys-drinking-nettle-tea-768x512.jpg 768w, https:\/\/old.elusvali.ee\/wp-content\/uploads\/2024\/12\/two-boys-drinking-nettle-tea-430x287.jpg 430w, https:\/\/old.elusvali.ee\/wp-content\/uploads\/2024\/12\/two-boys-drinking-nettle-tea-700x467.jpg 700w, https:\/\/old.elusvali.ee\/wp-content\/uploads\/2024\/12\/two-boys-drinking-nettle-tea-150x100.jpg 150w, https:\/\/old.elusvali.ee\/wp-content\/uploads\/2024\/12\/two-boys-drinking-nettle-tea.jpg 1350w\" sizes=\"(max-width: 1200px) 100vw, 1200px\" \/><\/p>\n<\/div>\n<div class=\"fragment fragment-html fragment-html--paragraph\">\n<p>&nbsp;<\/p>\n<\/div>\n","protected":false},"excerpt":{"rendered":"<p>N\u0101tres ir re\u0101ls vitam\u012bnu un miner\u0101lvielu avots. \u0160is sp\u0113c\u012bgais gar\u0161augs ir bag\u0101ts ar dzelzi, kalciju, C un K vitam\u012bniem un antioksidantiem, kas stiprina imunit\u0101ti, palielina ener\u0123ijas l\u012bmeni un pal\u012bdz uztur\u0113t \u0101du un matus veselus un mirdzo\u0161us. N\u0101tri var uzskat\u012bt par viet\u0113jo superbar\u012bbu, kas pal\u012bdz uztur\u0113t organismu s\u0101rmainu.  <\/p>\n","protected":false},"featured_media":60212,"comment_status":"open","ping_status":"closed","template":"","meta":{"_acf_changed":false},"product_brand":[],"product_cat":[457],"product_tag":[441],"class_list":{"0":"post-66097","1":"product","2":"type-product","3":"status-publish","4":"has-post-thumbnail","6":"product_cat-uzturs","7":"product_tag-teja","9":"first","10":"instock","11":"taxable","12":"shipping-taxable","13":"purchasable","14":"product-type-variable","15":"has-default-attributes"},"acf":[],"yoast_head":"<!-- This site is optimized with the Yoast SEO plugin v25.3.1 - https:\/\/yoast.com\/wordpress\/plugins\/seo\/ -->\n<title>N\u0101tres t\u0113ja, Eco | Eeriksaare Organic Farm - Pure Nature<\/title>\n<meta name=\"description\" content=\"N\u0101tre ir noder\u012bga asinsapg\u0101des veicin\u0101\u0161anai, loc\u012btavu vesel\u012bbas uzlabo\u0161anai, gremo\u0161anas sist\u0113mas l\u012bdzsvaro\u0161anai un organisma att\u012br\u012b\u0161anai.\" \/>\n<meta name=\"robots\" content=\"noindex, follow, max-snippet:-1, max-image-preview:large, max-video-preview:-1\" \/>\n<meta property=\"og:locale\" content=\"lv_LV\" \/>\n<meta property=\"og:type\" content=\"article\" \/>\n<meta property=\"og:title\" content=\"N\u0101tres t\u0113ja, Eco | Eeriksaare Organic Farm - Pure Nature\" \/>\n<meta property=\"og:description\" content=\"N\u0101tre ir noder\u012bga asinsapg\u0101des veicin\u0101\u0161anai, loc\u012btavu vesel\u012bbas uzlabo\u0161anai, gremo\u0161anas sist\u0113mas l\u012bdzsvaro\u0161anai un organisma att\u012br\u012b\u0161anai.\" \/>\n<meta property=\"og:url\" content=\"https:\/\/old.elusvali.ee\/lv\/produkts\/natres-teja-eco-eeriksaare-organic-farm\/\" \/>\n<meta property=\"og:site_name\" content=\"Elusv&auml;li\" \/>\n<meta property=\"article:publisher\" content=\"https:\/\/www.facebook.com\/profile.php?id=100064131067985\" \/>\n<meta property=\"article:modified_time\" content=\"2025-06-24T13:15:56+00:00\" \/>\n<meta property=\"og:image\" content=\"https:\/\/old.elusvali.ee\/wp-content\/uploads\/2024\/12\/Nogeselehe-tee-nogeseleht-nettle-leaf-60g-mahe.jpg\" \/>\n\t<meta property=\"og:image:width\" content=\"1000\" \/>\n\t<meta property=\"og:image:height\" content=\"1000\" \/>\n\t<meta property=\"og:image:type\" content=\"image\/jpeg\" \/>\n<meta name=\"twitter:card\" content=\"summary_large_image\" \/>\n<meta name=\"twitter:label1\" content=\"Est. reading time\" \/>\n\t<meta name=\"twitter:data1\" content=\"7 minutes\" \/>\n<script type=\"application\/ld+json\" class=\"yoast-schema-graph\">{\"@context\":\"https:\/\/schema.org\",\"@graph\":[{\"@type\":\"WebPage\",\"@id\":\"https:\/\/old.elusvali.ee\/lv\/produkts\/natres-teja-eco-eeriksaare-organic-farm\/\",\"url\":\"https:\/\/old.elusvali.ee\/lv\/produkts\/natres-teja-eco-eeriksaare-organic-farm\/\",\"name\":\"N\u0101tres t\u0113ja, Eco | Eeriksaare Organic Farm - Pure Nature\",\"isPartOf\":{\"@id\":\"https:\/\/old.elusvali.ee\/lv\/#website\"},\"primaryImageOfPage\":{\"@id\":\"https:\/\/old.elusvali.ee\/lv\/produkts\/natres-teja-eco-eeriksaare-organic-farm\/#primaryimage\"},\"image\":{\"@id\":\"https:\/\/old.elusvali.ee\/lv\/produkts\/natres-teja-eco-eeriksaare-organic-farm\/#primaryimage\"},\"thumbnailUrl\":\"https:\/\/old.elusvali.ee\/wp-content\/uploads\/2024\/12\/Nogeselehe-tee-nogeseleht-nettle-leaf-60g-mahe.jpg\",\"datePublished\":\"2024-12-08T15:01:57+00:00\",\"dateModified\":\"2025-06-24T13:15:56+00:00\",\"description\":\"N\u0101tre ir noder\u012bga asinsapg\u0101des veicin\u0101\u0161anai, loc\u012btavu vesel\u012bbas uzlabo\u0161anai, gremo\u0161anas sist\u0113mas l\u012bdzsvaro\u0161anai un organisma att\u012br\u012b\u0161anai.\",\"breadcrumb\":{\"@id\":\"https:\/\/old.elusvali.ee\/lv\/produkts\/natres-teja-eco-eeriksaare-organic-farm\/#breadcrumb\"},\"inLanguage\":\"lv-LV\",\"potentialAction\":[{\"@type\":\"ReadAction\",\"target\":[\"https:\/\/old.elusvali.ee\/lv\/produkts\/natres-teja-eco-eeriksaare-organic-farm\/\"]}]},{\"@type\":\"ImageObject\",\"inLanguage\":\"lv-LV\",\"@id\":\"https:\/\/old.elusvali.ee\/lv\/produkts\/natres-teja-eco-eeriksaare-organic-farm\/#primaryimage\",\"url\":\"https:\/\/old.elusvali.ee\/wp-content\/uploads\/2024\/12\/Nogeselehe-tee-nogeseleht-nettle-leaf-60g-mahe.jpg\",\"contentUrl\":\"https:\/\/old.elusvali.ee\/wp-content\/uploads\/2024\/12\/Nogeselehe-tee-nogeseleht-nettle-leaf-60g-mahe.jpg\",\"width\":1000,\"height\":1000,\"caption\":\"n\u00f5geseleht\"},{\"@type\":\"BreadcrumbList\",\"@id\":\"https:\/\/old.elusvali.ee\/lv\/produkts\/natres-teja-eco-eeriksaare-organic-farm\/#breadcrumb\",\"itemListElement\":[{\"@type\":\"ListItem\",\"position\":1,\"name\":\"Home\",\"item\":\"https:\/\/purenature.lv\/\"},{\"@type\":\"ListItem\",\"position\":2,\"name\":\"E-veikals\",\"item\":\"https:\/\/purenature.lv\/veikals\/\"},{\"@type\":\"ListItem\",\"position\":3,\"name\":\"N\u0101tres t\u0113ja, Eco | Eeriksaare Organic Farm\"}]},{\"@type\":\"WebSite\",\"@id\":\"https:\/\/old.elusvali.ee\/lv\/#website\",\"url\":\"https:\/\/old.elusvali.ee\/lv\/\",\"name\":\"Elusv\u00e4li\",\"description\":\"Puhas k&ouml;&ouml;k ja koduapteek\",\"publisher\":{\"@id\":\"https:\/\/old.elusvali.ee\/lv\/#organization\"},\"potentialAction\":[{\"@type\":\"SearchAction\",\"target\":{\"@type\":\"EntryPoint\",\"urlTemplate\":\"https:\/\/old.elusvali.ee\/lv\/?s={search_term_string}\"},\"query-input\":{\"@type\":\"PropertyValueSpecification\",\"valueRequired\":true,\"valueName\":\"search_term_string\"}}],\"inLanguage\":\"lv-LV\"},{\"@type\":\"Organization\",\"@id\":\"https:\/\/old.elusvali.ee\/lv\/#organization\",\"name\":\"Elusv\u00e4li\",\"url\":\"https:\/\/old.elusvali.ee\/lv\/\",\"logo\":{\"@type\":\"ImageObject\",\"inLanguage\":\"lv-LV\",\"@id\":\"https:\/\/old.elusvali.ee\/lv\/#\/schema\/logo\/image\/\",\"url\":\"https:\/\/purenature.lt\/wp-content\/uploads\/2023\/07\/logo.png\",\"contentUrl\":\"https:\/\/purenature.lt\/wp-content\/uploads\/2023\/07\/logo.png\",\"width\":526,\"height\":146,\"caption\":\"Elusv\u00e4li\"},\"image\":{\"@id\":\"https:\/\/old.elusvali.ee\/lv\/#\/schema\/logo\/image\/\"},\"sameAs\":[\"https:\/\/www.facebook.com\/profile.php?id=100064131067985\",\"https:\/\/www.instagram.com\/elusvali\/\",\"https:\/\/www.youtube.com\/@elusvali2110\"]}]}<\/script>\n<!-- \/ Yoast SEO plugin. -->","yoast_head_json":{"title":"N\u0101tres t\u0113ja, Eco | Eeriksaare Organic Farm - Pure Nature","description":"N\u0101tre ir noder\u012bga asinsapg\u0101des veicin\u0101\u0161anai, loc\u012btavu vesel\u012bbas uzlabo\u0161anai, gremo\u0161anas sist\u0113mas l\u012bdzsvaro\u0161anai un organisma att\u012br\u012b\u0161anai.","robots":{"index":"noindex","follow":"follow","max-snippet":"max-snippet:-1","max-image-preview":"max-image-preview:large","max-video-preview":"max-video-preview:-1"},"og_locale":"lv_LV","og_type":"article","og_title":"N\u0101tres t\u0113ja, Eco | Eeriksaare Organic Farm - Pure Nature","og_description":"N\u0101tre ir noder\u012bga asinsapg\u0101des veicin\u0101\u0161anai, loc\u012btavu vesel\u012bbas uzlabo\u0161anai, gremo\u0161anas sist\u0113mas l\u012bdzsvaro\u0161anai un organisma att\u012br\u012b\u0161anai.","og_url":"https:\/\/old.elusvali.ee\/lv\/produkts\/natres-teja-eco-eeriksaare-organic-farm\/","og_site_name":"Elusv&auml;li","article_publisher":"https:\/\/www.facebook.com\/profile.php?id=100064131067985","article_modified_time":"2025-06-24T13:15:56+00:00","og_image":[{"width":1000,"height":1000,"url":"https:\/\/old.elusvali.ee\/wp-content\/uploads\/2024\/12\/Nogeselehe-tee-nogeseleht-nettle-leaf-60g-mahe.jpg","type":"image\/jpeg"}],"twitter_card":"summary_large_image","twitter_misc":{"Est. reading time":"7 minutes"},"schema":{"@context":"https:\/\/schema.org","@graph":[{"@type":"WebPage","@id":"https:\/\/old.elusvali.ee\/lv\/produkts\/natres-teja-eco-eeriksaare-organic-farm\/","url":"https:\/\/old.elusvali.ee\/lv\/produkts\/natres-teja-eco-eeriksaare-organic-farm\/","name":"N\u0101tres t\u0113ja, Eco | Eeriksaare Organic Farm - Pure Nature","isPartOf":{"@id":"https:\/\/old.elusvali.ee\/lv\/#website"},"primaryImageOfPage":{"@id":"https:\/\/old.elusvali.ee\/lv\/produkts\/natres-teja-eco-eeriksaare-organic-farm\/#primaryimage"},"image":{"@id":"https:\/\/old.elusvali.ee\/lv\/produkts\/natres-teja-eco-eeriksaare-organic-farm\/#primaryimage"},"thumbnailUrl":"https:\/\/old.elusvali.ee\/wp-content\/uploads\/2024\/12\/Nogeselehe-tee-nogeseleht-nettle-leaf-60g-mahe.jpg","datePublished":"2024-12-08T15:01:57+00:00","dateModified":"2025-06-24T13:15:56+00:00","description":"N\u0101tre ir noder\u012bga asinsapg\u0101des veicin\u0101\u0161anai, loc\u012btavu vesel\u012bbas uzlabo\u0161anai, gremo\u0161anas sist\u0113mas l\u012bdzsvaro\u0161anai un organisma att\u012br\u012b\u0161anai.","breadcrumb":{"@id":"https:\/\/old.elusvali.ee\/lv\/produkts\/natres-teja-eco-eeriksaare-organic-farm\/#breadcrumb"},"inLanguage":"lv-LV","potentialAction":[{"@type":"ReadAction","target":["https:\/\/old.elusvali.ee\/lv\/produkts\/natres-teja-eco-eeriksaare-organic-farm\/"]}]},{"@type":"ImageObject","inLanguage":"lv-LV","@id":"https:\/\/old.elusvali.ee\/lv\/produkts\/natres-teja-eco-eeriksaare-organic-farm\/#primaryimage","url":"https:\/\/old.elusvali.ee\/wp-content\/uploads\/2024\/12\/Nogeselehe-tee-nogeseleht-nettle-leaf-60g-mahe.jpg","contentUrl":"https:\/\/old.elusvali.ee\/wp-content\/uploads\/2024\/12\/Nogeselehe-tee-nogeseleht-nettle-leaf-60g-mahe.jpg","width":1000,"height":1000,"caption":"n\u00f5geseleht"},{"@type":"BreadcrumbList","@id":"https:\/\/old.elusvali.ee\/lv\/produkts\/natres-teja-eco-eeriksaare-organic-farm\/#breadcrumb","itemListElement":[{"@type":"ListItem","position":1,"name":"Home","item":"https:\/\/purenature.lv\/"},{"@type":"ListItem","position":2,"name":"E-veikals","item":"https:\/\/purenature.lv\/veikals\/"},{"@type":"ListItem","position":3,"name":"N\u0101tres t\u0113ja, Eco | Eeriksaare Organic Farm"}]},{"@type":"WebSite","@id":"https:\/\/old.elusvali.ee\/lv\/#website","url":"https:\/\/old.elusvali.ee\/lv\/","name":"Elusv\u00e4li","description":"Puhas k&ouml;&ouml;k ja koduapteek","publisher":{"@id":"https:\/\/old.elusvali.ee\/lv\/#organization"},"potentialAction":[{"@type":"SearchAction","target":{"@type":"EntryPoint","urlTemplate":"https:\/\/old.elusvali.ee\/lv\/?s={search_term_string}"},"query-input":{"@type":"PropertyValueSpecification","valueRequired":true,"valueName":"search_term_string"}}],"inLanguage":"lv-LV"},{"@type":"Organization","@id":"https:\/\/old.elusvali.ee\/lv\/#organization","name":"Elusv\u00e4li","url":"https:\/\/old.elusvali.ee\/lv\/","logo":{"@type":"ImageObject","inLanguage":"lv-LV","@id":"https:\/\/old.elusvali.ee\/lv\/#\/schema\/logo\/image\/","url":"https:\/\/purenature.lt\/wp-content\/uploads\/2023\/07\/logo.png","contentUrl":"https:\/\/purenature.lt\/wp-content\/uploads\/2023\/07\/logo.png","width":526,"height":146,"caption":"Elusv\u00e4li"},"image":{"@id":"https:\/\/old.elusvali.ee\/lv\/#\/schema\/logo\/image\/"},"sameAs":["https:\/\/www.facebook.com\/profile.php?id=100064131067985","https:\/\/www.instagram.com\/elusvali\/","https:\/\/www.youtube.com\/@elusvali2110"]}]}},"_links":{"self":[{"href":"https:\/\/old.elusvali.ee\/lv\/wp-json\/wp\/v2\/product\/66097","targetHints":{"allow":["GET"]}}],"collection":[{"href":"https:\/\/old.elusvali.ee\/lv\/wp-json\/wp\/v2\/product"}],"about":[{"href":"https:\/\/old.elusvali.ee\/lv\/wp-json\/wp\/v2\/types\/product"}],"replies":[{"embeddable":true,"href":"https:\/\/old.elusvali.ee\/lv\/wp-json\/wp\/v2\/comments?post=66097"}],"version-history":[{"count":1,"href":"https:\/\/old.elusvali.ee\/lv\/wp-json\/wp\/v2\/product\/66097\/revisions"}],"predecessor-version":[{"id":66108,"href":"https:\/\/old.elusvali.ee\/lv\/wp-json\/wp\/v2\/product\/66097\/revisions\/66108"}],"wp:featuredmedia":[{"embeddable":true,"href":"https:\/\/old.elusvali.ee\/lv\/wp-json\/wp\/v2\/media\/60212"}],"wp:attachment":[{"href":"https:\/\/old.elusvali.ee\/lv\/wp-json\/wp\/v2\/media?parent=66097"}],"wp:term":[{"taxonomy":"product_brand","embeddable":true,"href":"https:\/\/old.elusvali.ee\/lv\/wp-json\/wp\/v2\/product_brand?post=66097"},{"taxonomy":"product_cat","embeddable":true,"href":"https:\/\/old.elusvali.ee\/lv\/wp-json\/wp\/v2\/product_cat?post=66097"},{"taxonomy":"product_tag","embeddable":true,"href":"https:\/\/old.elusvali.ee\/lv\/wp-json\/wp\/v2\/product_tag?post=66097"}],"curies":[{"name":"wp","href":"https:\/\/api.w.org\/{rel}","templated":true}]}}