{"id":66017,"date":"2024-06-20T09:58:02","date_gmt":"2024-06-20T06:58:02","guid":{"rendered":"https:\/\/old.elusvali.ee\/product\/lolize-zavetas-biologiskas-mellenes-ervita-ogu-audzetava\/"},"modified":"2025-05-11T15:44:57","modified_gmt":"2025-05-11T12:44:57","slug":"lolize-zavetas-biologiskas-mellenes-ervita-ogu-audzetava","status":"publish","type":"product","link":"https:\/\/old.elusvali.ee\/lv\/produkts\/lolize-zavetas-biologiskas-mellenes-ervita-ogu-audzetava\/","title":{"rendered":"Lol\u012bz\u0113 \u017e\u0101v\u0113tas biolo\u0123iskas mellenes | Ervita Ogu Audz\u0113tava"},"content":{"rendered":"<p>Igaunij\u0101 audz\u0113t\u0101s, liofiliz\u0113t\u0101s savva\u013cas mellenes (no Kan\u0101das ievesta melle\u0146u \u0161\u0137irne <em>Vaccinium angustifolium)<\/em> ir lielisks papildin\u0101jums j\u016bsu uzkodu plauktam, turkl\u0101t t\u0101s var d\u0101vin\u0101t draugam, \u0146emt l\u012bdzi ce\u013cojum\u0101 vai iedot b\u0113rniem konfek\u0161u viet\u0101.<\/p>\n<p>\u0160\u012b ir pat\u012bkama uzkoda ar \u013coti saldu gar\u0161u &#8211; daudz sald\u0101ka nek\u0101 liofiliz\u0113tas igau\u0146u me\u017ea mellenes, jo <em>vaccinium angustifolium<\/em> melle\u0146u \u0161\u0137irnes dab\u012bgais cukura saturs ir daudz liel\u0101ks nek\u0101 Igaunij\u0101 audz\u0113t\u0101s <em>vaccinium myrtillus <\/em>\u0161\u0137irnes mellen\u0113m.<\/p>\n<p>&nbsp;<\/p>\n<p><em>Lol\u012bz\u0113 \u017e\u0101v\u0113tas ogas \u013coti \u0101tri uzs\u016bc mitrumu no gaisa, t\u0101p\u0113c, lai ieg\u016btu vislab\u0101ko gar\u0161u, iesak\u0101m \u0113st liofiliz\u0113tas biolo\u0123iski audz\u0113tas ogas taj\u0101 pa\u0161\u0101 dien\u0101 p\u0113c atv\u0113r\u0161anas vai r\u016bp\u012bgi un herm\u0113tiski nosl\u0113gt iepakojumu. <\/em><\/p>\n<p><em>L\u016bdzu, \u0146emiet v\u0113r\u0101, ka, ja v\u0113laties izmantot vaccinium angustifolium smago met\u0101lu att\u012br\u012b\u0161anas \u012bpa\u0161\u012bbas, to izcelsmei j\u0101b\u016bt Kan\u0101d\u0101 vai Meinas \u0161tat\u0101 ASV. Lai gan Igaunij\u0101 audz\u0113tas liofiliz\u0113tas savva\u013cas mellenes ir lieliski piem\u0113rotas vesel\u012bgu un gardu uzkodu baud\u012b\u0161anai, k\u0101 <a href=\"https:\/\/purenature.lv\/?p=29784\">smago met\u0101lu att\u012bro\u0161u detoksik\u0101cijas koktei\u013cu<\/a> sast\u0101vda\u013cu ieteicams izmantot <a href=\"https:\/\/purenature.lv\/toode\/vimergy-lolize-kaltetas-meza-mellenes\/\">Vimergy savva\u013cas melle\u0146u pulveri<\/a> vai <a href=\"https:\/\/old.elusvali.ee\/toode\/kulmutatud-kanada-metsmustikas-136kg\/\">sald\u0113tas Kan\u0101das savva\u013cas mellenes<\/a>. <\/em><\/p>\n","protected":false},"excerpt":{"rendered":"<p>\u0160\u012bs liofiliz\u0113t\u0101s me\u017ea mellenes gar\u0161o tikpat saldi k\u0101 konfektes un krauk\u0161\u0137 k\u0101 popkorns, bet ir 100% t\u012bras un vesel\u012bgas.<\/p>\n<ul>\n<li>Bez pievienot\u0101 cukura,<\/li>\n<li>Nesatur p\u0101rtikas piedevas vai pretsalipes vielas.<\/li>\n<li>100 % dab\u012bgs<\/li>\n<li>100% tikai biolo\u0123iski Igaunij\u0101 audz\u0113tas ogas<\/li>\n<\/ul>\n<p>\u0160is ir produkts, kas var\u0113tu k\u013c\u016bt par j\u016bsu n\u0101kamo iecien\u012bt\u0101ko k\u0101rumu. Izm\u0113\u0123iniet to un p\u0101rliecinieties pa\u0161i. <\/p>\n<p>&nbsp;<\/p>\n","protected":false},"featured_media":44173,"comment_status":"open","ping_status":"closed","template":"","meta":{"_acf_changed":false},"product_brand":[],"product_cat":[465,443,463],"product_tag":[749],"class_list":{"0":"post-66017","1":"product","2":"type-product","3":"status-publish","4":"has-post-thumbnail","6":"product_cat-davanai","7":"product_cat-uzkodas","8":"product_cat-zaveti-augli","9":"product_tag-mellenes","11":"first","12":"instock","13":"taxable","14":"shipping-taxable","15":"purchasable","16":"product-type-variable","17":"has-default-attributes"},"acf":[],"yoast_head":"<!-- This site is optimized with the Yoast SEO plugin v25.3.1 - https:\/\/yoast.com\/wordpress\/plugins\/seo\/ -->\n<title>Lol\u012bz\u0113 \u017e\u0101v\u0113tas biolo\u0123iskas mellenes | Ervita Ogu Audz\u0113tava - Pure Nature<\/title>\n<meta name=\"description\" content=\"\u0160\u012bs mut\u0113 k\u016bsto\u0161\u0101s, lol\u012bz\u0113 \u017e\u0101v\u0113t\u0101s me\u017ea mellenes audz\u0113 Igaunij\u0101, bet t\u0101s ir \u012bpa\u0161i salda Kan\u0101das me\u017ea melle\u0146u \u0161\u0137irne vaccinium angustifolium.\" \/>\n<meta name=\"robots\" content=\"noindex, follow, max-snippet:-1, max-image-preview:large, max-video-preview:-1\" \/>\n<meta property=\"og:locale\" content=\"lv_LV\" \/>\n<meta property=\"og:type\" content=\"article\" \/>\n<meta property=\"og:title\" content=\"Lol\u012bz\u0113 \u017e\u0101v\u0113tas biolo\u0123iskas mellenes | Ervita Ogu Audz\u0113tava - Pure Nature\" \/>\n<meta property=\"og:description\" content=\"\u0160\u012bs mut\u0113 k\u016bsto\u0161\u0101s, lol\u012bz\u0113 \u017e\u0101v\u0113t\u0101s me\u017ea mellenes audz\u0113 Igaunij\u0101, bet t\u0101s ir \u012bpa\u0161i salda Kan\u0101das me\u017ea melle\u0146u \u0161\u0137irne vaccinium angustifolium.\" \/>\n<meta property=\"og:url\" content=\"https:\/\/old.elusvali.ee\/lv\/produkts\/lolize-zavetas-biologiskas-mellenes-ervita-ogu-audzetava\/\" \/>\n<meta property=\"og:site_name\" content=\"Elusv&auml;li\" \/>\n<meta property=\"article:publisher\" content=\"https:\/\/www.facebook.com\/profile.php?id=100064131067985\" \/>\n<meta property=\"article:modified_time\" content=\"2025-05-11T12:44:57+00:00\" \/>\n<meta property=\"og:image\" content=\"https:\/\/old.elusvali.ee\/wp-content\/uploads\/2024\/05\/kulmkuivatatud-metsmustikad-vaccinium-angustifolium-20g.jpg\" \/>\n\t<meta property=\"og:image:width\" content=\"1500\" \/>\n\t<meta property=\"og:image:height\" content=\"1500\" \/>\n\t<meta property=\"og:image:type\" content=\"image\/jpeg\" \/>\n<meta name=\"twitter:card\" content=\"summary_large_image\" \/>\n<meta name=\"twitter:label1\" content=\"Est. reading time\" \/>\n\t<meta name=\"twitter:data1\" content=\"1 minute\" \/>\n<script type=\"application\/ld+json\" class=\"yoast-schema-graph\">{\"@context\":\"https:\/\/schema.org\",\"@graph\":[{\"@type\":\"WebPage\",\"@id\":\"https:\/\/old.elusvali.ee\/lv\/produkts\/lolize-zavetas-biologiskas-mellenes-ervita-ogu-audzetava\/\",\"url\":\"https:\/\/old.elusvali.ee\/lv\/produkts\/lolize-zavetas-biologiskas-mellenes-ervita-ogu-audzetava\/\",\"name\":\"Lol\u012bz\u0113 \u017e\u0101v\u0113tas biolo\u0123iskas mellenes | Ervita Ogu Audz\u0113tava - Pure Nature\",\"isPartOf\":{\"@id\":\"https:\/\/old.elusvali.ee\/lv\/#website\"},\"primaryImageOfPage\":{\"@id\":\"https:\/\/old.elusvali.ee\/lv\/produkts\/lolize-zavetas-biologiskas-mellenes-ervita-ogu-audzetava\/#primaryimage\"},\"image\":{\"@id\":\"https:\/\/old.elusvali.ee\/lv\/produkts\/lolize-zavetas-biologiskas-mellenes-ervita-ogu-audzetava\/#primaryimage\"},\"thumbnailUrl\":\"https:\/\/old.elusvali.ee\/wp-content\/uploads\/2024\/05\/kulmkuivatatud-metsmustikad-vaccinium-angustifolium-20g.jpg\",\"datePublished\":\"2024-06-20T06:58:02+00:00\",\"dateModified\":\"2025-05-11T12:44:57+00:00\",\"description\":\"\u0160\u012bs mut\u0113 k\u016bsto\u0161\u0101s, lol\u012bz\u0113 \u017e\u0101v\u0113t\u0101s me\u017ea mellenes audz\u0113 Igaunij\u0101, bet t\u0101s ir \u012bpa\u0161i salda Kan\u0101das me\u017ea melle\u0146u \u0161\u0137irne vaccinium angustifolium.\",\"breadcrumb\":{\"@id\":\"https:\/\/old.elusvali.ee\/lv\/produkts\/lolize-zavetas-biologiskas-mellenes-ervita-ogu-audzetava\/#breadcrumb\"},\"inLanguage\":\"lv-LV\",\"potentialAction\":[{\"@type\":\"ReadAction\",\"target\":[\"https:\/\/old.elusvali.ee\/lv\/produkts\/lolize-zavetas-biologiskas-mellenes-ervita-ogu-audzetava\/\"]}]},{\"@type\":\"ImageObject\",\"inLanguage\":\"lv-LV\",\"@id\":\"https:\/\/old.elusvali.ee\/lv\/produkts\/lolize-zavetas-biologiskas-mellenes-ervita-ogu-audzetava\/#primaryimage\",\"url\":\"https:\/\/old.elusvali.ee\/wp-content\/uploads\/2024\/05\/kulmkuivatatud-metsmustikad-vaccinium-angustifolium-20g.jpg\",\"contentUrl\":\"https:\/\/old.elusvali.ee\/wp-content\/uploads\/2024\/05\/kulmkuivatatud-metsmustikad-vaccinium-angustifolium-20g.jpg\",\"width\":1500,\"height\":1500,\"caption\":\"Liofilizuotos melynes\"},{\"@type\":\"BreadcrumbList\",\"@id\":\"https:\/\/old.elusvali.ee\/lv\/produkts\/lolize-zavetas-biologiskas-mellenes-ervita-ogu-audzetava\/#breadcrumb\",\"itemListElement\":[{\"@type\":\"ListItem\",\"position\":1,\"name\":\"Home\",\"item\":\"https:\/\/purenature.lv\/\"},{\"@type\":\"ListItem\",\"position\":2,\"name\":\"E-veikals\",\"item\":\"https:\/\/purenature.lv\/veikals\/\"},{\"@type\":\"ListItem\",\"position\":3,\"name\":\"Lol\u012bz\u0113 \u017e\u0101v\u0113tas biolo\u0123iskas mellenes | Ervita Ogu Audz\u0113tava\"}]},{\"@type\":\"WebSite\",\"@id\":\"https:\/\/old.elusvali.ee\/lv\/#website\",\"url\":\"https:\/\/old.elusvali.ee\/lv\/\",\"name\":\"Elusv\u00e4li\",\"description\":\"Puhas k&ouml;&ouml;k ja koduapteek\",\"publisher\":{\"@id\":\"https:\/\/old.elusvali.ee\/lv\/#organization\"},\"potentialAction\":[{\"@type\":\"SearchAction\",\"target\":{\"@type\":\"EntryPoint\",\"urlTemplate\":\"https:\/\/old.elusvali.ee\/lv\/?s={search_term_string}\"},\"query-input\":{\"@type\":\"PropertyValueSpecification\",\"valueRequired\":true,\"valueName\":\"search_term_string\"}}],\"inLanguage\":\"lv-LV\"},{\"@type\":\"Organization\",\"@id\":\"https:\/\/old.elusvali.ee\/lv\/#organization\",\"name\":\"Elusv\u00e4li\",\"url\":\"https:\/\/old.elusvali.ee\/lv\/\",\"logo\":{\"@type\":\"ImageObject\",\"inLanguage\":\"lv-LV\",\"@id\":\"https:\/\/old.elusvali.ee\/lv\/#\/schema\/logo\/image\/\",\"url\":\"https:\/\/purenature.lt\/wp-content\/uploads\/2023\/07\/logo.png\",\"contentUrl\":\"https:\/\/purenature.lt\/wp-content\/uploads\/2023\/07\/logo.png\",\"width\":526,\"height\":146,\"caption\":\"Elusv\u00e4li\"},\"image\":{\"@id\":\"https:\/\/old.elusvali.ee\/lv\/#\/schema\/logo\/image\/\"},\"sameAs\":[\"https:\/\/www.facebook.com\/profile.php?id=100064131067985\",\"https:\/\/www.instagram.com\/elusvali\/\",\"https:\/\/www.youtube.com\/@elusvali2110\"]}]}<\/script>\n<!-- \/ Yoast SEO plugin. -->","yoast_head_json":{"title":"Lol\u012bz\u0113 \u017e\u0101v\u0113tas biolo\u0123iskas mellenes | Ervita Ogu Audz\u0113tava - Pure Nature","description":"\u0160\u012bs mut\u0113 k\u016bsto\u0161\u0101s, lol\u012bz\u0113 \u017e\u0101v\u0113t\u0101s me\u017ea mellenes audz\u0113 Igaunij\u0101, bet t\u0101s ir \u012bpa\u0161i salda Kan\u0101das me\u017ea melle\u0146u \u0161\u0137irne vaccinium angustifolium.","robots":{"index":"noindex","follow":"follow","max-snippet":"max-snippet:-1","max-image-preview":"max-image-preview:large","max-video-preview":"max-video-preview:-1"},"og_locale":"lv_LV","og_type":"article","og_title":"Lol\u012bz\u0113 \u017e\u0101v\u0113tas biolo\u0123iskas mellenes | Ervita Ogu Audz\u0113tava - Pure Nature","og_description":"\u0160\u012bs mut\u0113 k\u016bsto\u0161\u0101s, lol\u012bz\u0113 \u017e\u0101v\u0113t\u0101s me\u017ea mellenes audz\u0113 Igaunij\u0101, bet t\u0101s ir \u012bpa\u0161i salda Kan\u0101das me\u017ea melle\u0146u \u0161\u0137irne vaccinium angustifolium.","og_url":"https:\/\/old.elusvali.ee\/lv\/produkts\/lolize-zavetas-biologiskas-mellenes-ervita-ogu-audzetava\/","og_site_name":"Elusv&auml;li","article_publisher":"https:\/\/www.facebook.com\/profile.php?id=100064131067985","article_modified_time":"2025-05-11T12:44:57+00:00","og_image":[{"width":1500,"height":1500,"url":"https:\/\/old.elusvali.ee\/wp-content\/uploads\/2024\/05\/kulmkuivatatud-metsmustikad-vaccinium-angustifolium-20g.jpg","type":"image\/jpeg"}],"twitter_card":"summary_large_image","twitter_misc":{"Est. reading time":"1 minute"},"schema":{"@context":"https:\/\/schema.org","@graph":[{"@type":"WebPage","@id":"https:\/\/old.elusvali.ee\/lv\/produkts\/lolize-zavetas-biologiskas-mellenes-ervita-ogu-audzetava\/","url":"https:\/\/old.elusvali.ee\/lv\/produkts\/lolize-zavetas-biologiskas-mellenes-ervita-ogu-audzetava\/","name":"Lol\u012bz\u0113 \u017e\u0101v\u0113tas biolo\u0123iskas mellenes | Ervita Ogu Audz\u0113tava - Pure Nature","isPartOf":{"@id":"https:\/\/old.elusvali.ee\/lv\/#website"},"primaryImageOfPage":{"@id":"https:\/\/old.elusvali.ee\/lv\/produkts\/lolize-zavetas-biologiskas-mellenes-ervita-ogu-audzetava\/#primaryimage"},"image":{"@id":"https:\/\/old.elusvali.ee\/lv\/produkts\/lolize-zavetas-biologiskas-mellenes-ervita-ogu-audzetava\/#primaryimage"},"thumbnailUrl":"https:\/\/old.elusvali.ee\/wp-content\/uploads\/2024\/05\/kulmkuivatatud-metsmustikad-vaccinium-angustifolium-20g.jpg","datePublished":"2024-06-20T06:58:02+00:00","dateModified":"2025-05-11T12:44:57+00:00","description":"\u0160\u012bs mut\u0113 k\u016bsto\u0161\u0101s, lol\u012bz\u0113 \u017e\u0101v\u0113t\u0101s me\u017ea mellenes audz\u0113 Igaunij\u0101, bet t\u0101s ir \u012bpa\u0161i salda Kan\u0101das me\u017ea melle\u0146u \u0161\u0137irne vaccinium angustifolium.","breadcrumb":{"@id":"https:\/\/old.elusvali.ee\/lv\/produkts\/lolize-zavetas-biologiskas-mellenes-ervita-ogu-audzetava\/#breadcrumb"},"inLanguage":"lv-LV","potentialAction":[{"@type":"ReadAction","target":["https:\/\/old.elusvali.ee\/lv\/produkts\/lolize-zavetas-biologiskas-mellenes-ervita-ogu-audzetava\/"]}]},{"@type":"ImageObject","inLanguage":"lv-LV","@id":"https:\/\/old.elusvali.ee\/lv\/produkts\/lolize-zavetas-biologiskas-mellenes-ervita-ogu-audzetava\/#primaryimage","url":"https:\/\/old.elusvali.ee\/wp-content\/uploads\/2024\/05\/kulmkuivatatud-metsmustikad-vaccinium-angustifolium-20g.jpg","contentUrl":"https:\/\/old.elusvali.ee\/wp-content\/uploads\/2024\/05\/kulmkuivatatud-metsmustikad-vaccinium-angustifolium-20g.jpg","width":1500,"height":1500,"caption":"Liofilizuotos melynes"},{"@type":"BreadcrumbList","@id":"https:\/\/old.elusvali.ee\/lv\/produkts\/lolize-zavetas-biologiskas-mellenes-ervita-ogu-audzetava\/#breadcrumb","itemListElement":[{"@type":"ListItem","position":1,"name":"Home","item":"https:\/\/purenature.lv\/"},{"@type":"ListItem","position":2,"name":"E-veikals","item":"https:\/\/purenature.lv\/veikals\/"},{"@type":"ListItem","position":3,"name":"Lol\u012bz\u0113 \u017e\u0101v\u0113tas biolo\u0123iskas mellenes | Ervita Ogu Audz\u0113tava"}]},{"@type":"WebSite","@id":"https:\/\/old.elusvali.ee\/lv\/#website","url":"https:\/\/old.elusvali.ee\/lv\/","name":"Elusv\u00e4li","description":"Puhas k&ouml;&ouml;k ja koduapteek","publisher":{"@id":"https:\/\/old.elusvali.ee\/lv\/#organization"},"potentialAction":[{"@type":"SearchAction","target":{"@type":"EntryPoint","urlTemplate":"https:\/\/old.elusvali.ee\/lv\/?s={search_term_string}"},"query-input":{"@type":"PropertyValueSpecification","valueRequired":true,"valueName":"search_term_string"}}],"inLanguage":"lv-LV"},{"@type":"Organization","@id":"https:\/\/old.elusvali.ee\/lv\/#organization","name":"Elusv\u00e4li","url":"https:\/\/old.elusvali.ee\/lv\/","logo":{"@type":"ImageObject","inLanguage":"lv-LV","@id":"https:\/\/old.elusvali.ee\/lv\/#\/schema\/logo\/image\/","url":"https:\/\/purenature.lt\/wp-content\/uploads\/2023\/07\/logo.png","contentUrl":"https:\/\/purenature.lt\/wp-content\/uploads\/2023\/07\/logo.png","width":526,"height":146,"caption":"Elusv\u00e4li"},"image":{"@id":"https:\/\/old.elusvali.ee\/lv\/#\/schema\/logo\/image\/"},"sameAs":["https:\/\/www.facebook.com\/profile.php?id=100064131067985","https:\/\/www.instagram.com\/elusvali\/","https:\/\/www.youtube.com\/@elusvali2110"]}]}},"_links":{"self":[{"href":"https:\/\/old.elusvali.ee\/lv\/wp-json\/wp\/v2\/product\/66017","targetHints":{"allow":["GET"]}}],"collection":[{"href":"https:\/\/old.elusvali.ee\/lv\/wp-json\/wp\/v2\/product"}],"about":[{"href":"https:\/\/old.elusvali.ee\/lv\/wp-json\/wp\/v2\/types\/product"}],"replies":[{"embeddable":true,"href":"https:\/\/old.elusvali.ee\/lv\/wp-json\/wp\/v2\/comments?post=66017"}],"version-history":[{"count":1,"href":"https:\/\/old.elusvali.ee\/lv\/wp-json\/wp\/v2\/product\/66017\/revisions"}],"predecessor-version":[{"id":66020,"href":"https:\/\/old.elusvali.ee\/lv\/wp-json\/wp\/v2\/product\/66017\/revisions\/66020"}],"wp:featuredmedia":[{"embeddable":true,"href":"https:\/\/old.elusvali.ee\/lv\/wp-json\/wp\/v2\/media\/44173"}],"wp:attachment":[{"href":"https:\/\/old.elusvali.ee\/lv\/wp-json\/wp\/v2\/media?parent=66017"}],"wp:term":[{"taxonomy":"product_brand","embeddable":true,"href":"https:\/\/old.elusvali.ee\/lv\/wp-json\/wp\/v2\/product_brand?post=66017"},{"taxonomy":"product_cat","embeddable":true,"href":"https:\/\/old.elusvali.ee\/lv\/wp-json\/wp\/v2\/product_cat?post=66017"},{"taxonomy":"product_tag","embeddable":true,"href":"https:\/\/old.elusvali.ee\/lv\/wp-json\/wp\/v2\/product_tag?post=66017"}],"curies":[{"name":"wp","href":"https:\/\/api.w.org\/{rel}","templated":true}]}}