{"id":65836,"date":"2024-12-08T17:01:28","date_gmt":"2024-12-08T15:01:28","guid":{"rendered":"https:\/\/old.elusvali.ee\/product\/kokosriekstu-piens-330ml-foodin\/"},"modified":"2025-05-30T09:47:41","modified_gmt":"2025-05-30T06:47:41","slug":"kokosriekstu-piens-330ml-foodin","status":"publish","type":"product","link":"https:\/\/old.elusvali.ee\/lv\/produkts\/kokosriekstu-piens-330ml-foodin\/","title":{"rendered":"Kokosriekstu piens 330ml | Foodin"},"content":{"rendered":"<div class=\"flex max-w-full flex-col flex-grow\">\n<div class=\"min-h-8 text-message flex w-full flex-col items-end gap-2 whitespace-normal break-words [.text-message+&amp;]:mt-5\" dir=\"auto\" data-message-author-role=\"assistant\" data-message-id=\"dbe8f48d-96b4-474c-b9d1-a430fa788c75\" data-message-model-slug=\"gpt-4o\">\n<div class=\"flex w-full flex-col gap-1 empty:hidden first:pt-[3px]\">\n<div class=\"markdown prose w-full break-words dark:prose-invert light\">\n<h2>Foodin kokosriekstu piens<\/h2>\n<p>Kokosriekstu palmu d\u0113v\u0113 par koku, kas dod visu dz\u012bvei nepiecie\u0161amo. No \u0161\u012b v\u0113rt\u012bg\u0101 aug\u013ca iek\u0161pus\u0113 eso\u0161\u0101 kokosrieksta tiek gatavoti daudzi gar\u0161\u012bgi un vesel\u012bgi produkti. Viens no tiem ir kokosriekstu piens, kas ir gar\u0161\u012bgs un barojo\u0161s.  <\/p>\n<p>Foodin organiskais un kr\u0113m\u012bgais kokosriekstu piens ir gatavots no kokosriekstu balt\u0101 m\u012bkstuma. Dienvid\u0101zijas un Klus\u0101 oke\u0101na re\u0123iona kult\u016br\u0101s kokosriekstu piens jau gadsimtiem ilgi ir bijusi galven\u0101 sast\u0101vda\u013ca \u0113dienu gatavo\u0161an\u0101 un ritu\u0101los. No visiem augu pieniem kokosriekstu pienam ir visgar\u0101k\u0101 un bag\u0101t\u0101k\u0101 trad\u012bciju v\u0113sture &#8211; daudz\u0101s valst\u012bs, kur kokosriekstu piens ir bijis galvenais virtuves produkts, tas ir galvenais iedz\u012bvot\u0101ju &#8220;piens&#8221;.  <\/p>\n<p>Foodin kokosriekstu piena izcelsme ir Vjetnam\u0101, kur kokosriekstu palmas tiek audz\u0113tas me\u017ea saimniec\u012bb\u0101s, t\u0101d\u0113j\u0101di atbalstot biolo\u0123isko daudzveid\u012bbu un lauksaimnieku labkl\u0101j\u012bbu. Me\u017ea saimniec\u012bbu sist\u0113ma ir daudzpus\u012bga, un t\u0101 nodro\u0161ina lauksaimniekiem iztikas l\u012bdzek\u013cus da\u017e\u0101dos veidos. Lauksaimnieki par savu darbu sa\u0146em taisn\u012bgu atalgojumu, vi\u0146iem tiek nodro\u0161in\u0101ta atbilsto\u0161a apm\u0101c\u012bba un darbar\u012bki, un vi\u0146u b\u0113rni tiek izgl\u012btoti.  <\/p>\n<\/div>\n<h3>Kokosriekstu labv\u0113l\u012bg\u0101s \u012bpa\u0161\u012bbas<img fetchpriority=\"high\" decoding=\"async\" class=\"size-medium wp-image-54542 alignleft\" src=\"https:\/\/purenature.lv\/wp-content\/uploads\/2024\/10\/fresh-coconut-200x300.jpg\" alt=\"\" width=\"200\" height=\"300\" srcset=\"https:\/\/old.elusvali.ee\/wp-content\/uploads\/2024\/10\/fresh-coconut-200x300.jpg 200w, https:\/\/old.elusvali.ee\/wp-content\/uploads\/2024\/10\/fresh-coconut-533x800.jpg 533w, https:\/\/old.elusvali.ee\/wp-content\/uploads\/2024\/10\/fresh-coconut-768x1152.jpg 768w, https:\/\/old.elusvali.ee\/wp-content\/uploads\/2024\/10\/fresh-coconut-1024x1536.jpg 1024w, https:\/\/old.elusvali.ee\/wp-content\/uploads\/2024\/10\/fresh-coconut-430x645.jpg 430w, https:\/\/old.elusvali.ee\/wp-content\/uploads\/2024\/10\/fresh-coconut-700x1050.jpg 700w, https:\/\/old.elusvali.ee\/wp-content\/uploads\/2024\/10\/fresh-coconut-150x225.jpg 150w, https:\/\/old.elusvali.ee\/wp-content\/uploads\/2024\/10\/fresh-coconut.jpg 1350w\" sizes=\"(max-width: 200px) 100vw, 200px\" \/><\/h3>\n<ul>\n<li>Satur B grupas vitam\u012bnus, k\u0101liju, varu, dzelzi, magniju, folsk\u0101bi, cinku un fosforu.<\/li>\n<li>Bag\u0101ts ar \u0161\u0137iedrviel\u0101m, kas veicina labu bakt\u0113riju darb\u012bbu zarn\u0101s.<\/li>\n<li>Laba alternat\u012bva govs pienam.<\/li>\n<li>Pal\u012bdz atbalst\u012bt limfas, vairogdziedzera un nervu sist\u0113mas darb\u012bbu un pa\u0101trina vielmai\u0146u.<\/li>\n<li>Satur pretv\u012brusu, prets\u0113n\u012b\u0161u un pretmikrobu pies\u0101tin\u0101t\u0101s tauksk\u0101bes.<\/li>\n<li>Kokosriekstos var atrast sp\u0113c\u012bgus antioksidantus.<\/li>\n<li>Veicina sirds vesel\u012bbu un lab\u0101 holester\u012bna veido\u0161anos akn\u0101s.<\/li>\n<\/ul>\n<\/div>\n<\/div>\n<\/div>\n<p><strong>Medic\u012bnas medijs (Anthony William)<\/strong> ir teicis, ka kokosrieksts pastiprina iedarb\u012bbu visam, ar ko tas non\u0101k saskar\u0113. Tam piem\u012bt neticams sp\u0113ks. Ja kokosriekstu kombin\u0113 ar jebkuru \u0101rstniecisku p\u0101rtikas produktu, tas apvienojas ar to labv\u0113l\u012bgaj\u0101m \u012bpa\u0161\u012bb\u0101m un pastiprina to labv\u0113l\u012bgo iedarb\u012bbu. Kokosrieksta m\u012bkstums (un t\u0101 e\u013c\u013ca) ir antipatog\u0113ns laur\u012bnsk\u0101bes un citu antioksidantu d\u0113\u013c, t\u0101p\u0113c izv\u0113lieties kokosriekstu, ja jums nepiecie\u0161ams antibakteri\u0101ls un pretv\u012brusu p\u0101rtikas produkts. Kokosam p\u0101rvietojoties no ku\u0146\u0123a uz zarn\u0101m, tas izn\u012bcina visus patog\u0113nus, ar kuriem tas non\u0101k saskar\u0113. Turkl\u0101t vid\u0113jas \u0137\u0113des tauksk\u0101bes pal\u012bdz sadal\u012bt citus taukus un izvad\u012bt tos no organisma. Vair\u0101k par kokosriekstu lasiet <a href=\"https:\/\/www.medicalmedium.com\/blog\/coconut-curry\">Medical Media blog\u0101.<\/a>      <\/p>\n<div class=\"flex max-w-full flex-col flex-grow\">\n<div class=\"min-h-8 text-message flex w-full flex-col items-end gap-2 whitespace-normal break-words [.text-message+&amp;]:mt-5\" dir=\"auto\" data-message-author-role=\"assistant\" data-message-id=\"dbe8f48d-96b4-474c-b9d1-a430fa788c75\" data-message-model-slug=\"gpt-4o\">\n<div class=\"flex w-full flex-col gap-1 empty:hidden first:pt-[3px]\">\n<div class=\"markdown prose w-full break-words dark:prose-invert light\">\n<h3>K\u0101 lietot kokosriekstu pienu?<\/h3>\n<p>Foodin kokosriekstu pienu ir \u013coti viegli izmantot. Piens ir iepakots atk\u0101rtoti aizveram\u0101 TetraPak iepakojum\u0101 ar cukurniedru v\u0101ci\u0146u. Iepakojums saglab\u0101 produktu svaigu ledusskap\u012b, un to ir viegli \u0161\u0137irot ar pap\u012bra iepakojumiem. Atv\u0113rtu kokosriekstu pienu var uzglab\u0101t ledusskap\u012b vismaz 1-3 dienas.   <\/p>\n<p>Kokosriekstu piens \u013cauj pagatavot bezgal\u012bgi gar\u0161\u012bgus augu izcelsmes \u0113dienus. Viens no popul\u0101r\u0101kajiem un vienk\u0101r\u0161\u0101kajiem veidiem, k\u0101 izmantot kokosriekstu pienu, ir d\u0101rze\u0146u v\u0101r\u012b\u0161ana kokosriekstu pien\u0101, m\u0113rci aromatiz\u0113jot p\u0113c savas gaumes. Gard\u0101 d\u0101rze\u0146u kokosriekstu m\u0113rce ir lielisks \u0123imenes \u0113diens, ko viegli pasniegt ar r\u012bsiem vai kvinoju.  <\/p>\n<p>Lai ieg\u016btu gardus kokosriekstu r\u012bsus, v\u0101r\u012btiem r\u012bsiem pievienojiet nedaudz kokosriekstu piena vai v\u0101riet r\u012bsus tie\u0161i kokosriekstu pien\u0101. Vienk\u0101r\u0161i pievienojiet savas iecien\u012bt\u0101k\u0101s sast\u0101vda\u013cas un baudiet kokosriekstu r\u012bsu \u0113dienu! <\/p>\n<p>Kokosriekstu piens ir lab\u0101kais govs piena aizst\u0101j\u0113js r\u012bsu pudi\u0146\u0101. Kokosriekstu pien\u0101 v\u0101riet r\u012bsu biezputru un papildiniet to ar \u0161\u0137ipsni\u0146u Ceilonas kan\u0113\u013ca, bet p\u0101rliecinieties, ka pagatavojat pietiekami daudz &#8211; visi v\u0113l\u0113sies v\u0113l! Kokosriekstu piens ir lieliski piem\u0113rots ar\u012b cit\u0101m putr\u0101m un \u010dia pudi\u0146iem.  <\/p>\n<p>Papildus pikant\u0101m m\u0113rc\u0113m un \u0113dienu gatavo\u0161anai kokosriekstu piens labi sader ar\u012b ar saldiem konditorejas izstr\u0101d\u0101jumiem, desertiem un koktei\u013ciem. Kokosriekstu piena pilnv\u0113rt\u012bg\u0101 tekst\u016bra padara \u0161okol\u0101des sm\u0113r\u0113jumu pat\u012bkami kr\u0113m\u012bgu un pie\u0161\u0137ir j\u016bsu iecien\u012bt\u0101kajam uzziestam lielisku konsistenci. <\/p>\n<p>Lai pagatavotu vienk\u0101r\u0161u un gardu kokteili, sajauciet sald\u0113tus ban\u0101nus, mango un ogas p\u0113c izv\u0113les, piem\u0113ram, zemenes vai mellenes, ar kokosriekstu pienu. Viss, kas jums nepiecie\u0161ams, ir blenderis! Jo s\u012bv\u0101kas sast\u0101vda\u013cas, jo s\u012bv\u0101ks b\u016bs kokteilis. Esiet rado\u0161i un izm\u0113\u0123iniet visas kombin\u0101cijas!   <\/p>\n<p>Izdevuma Living Well recept\u0113s atrad\u012bsiet daudz \u0113dienu, kas pagatavoti no kokosriekstu piena. Viens no m\u016bsu iecien\u012bt\u0101kajiem ir ziedk\u0101postu r\u012bsi ar turku zir\u0146u-kokosriekstu kariju- \u0161o recepti atrad\u012bsiet <a href=\"https:\/\/purenature.lv\/?p=29137\">Elusv\u00e4li recep\u0161u kolekcij\u0101<\/a>. <\/p>\n<p>&nbsp;<\/p>\n<p>2013. gad\u0101 dibin\u0101tais uz\u0146\u0113mums <a href=\"https:\/\/foodin.fi\/en\/\">Foodin<\/a> ir Somijas \u0123imenes uz\u0146\u0113mums, kas ra\u017eo un import\u0113 biolo\u0123iskus un dab\u012bgus produktus un ir liel\u0101kais biolo\u0123isko un dab\u012bgo p\u0101rtikas produktu ra\u017eot\u0101js un import\u0113t\u0101js Somij\u0101. Foodin komanda ir aizrauta ar lab\u0101kas p\u0101rtikas kult\u016bras rad\u012b\u0161anu un v\u0113las, lai ikvienam b\u016btu iesp\u0113ja izdar\u012bt lab\u0101ku izv\u0113li. \u0112tiski un ilgtsp\u0113j\u012bgi ra\u017eota p\u0101rtika ir ieguld\u012bjums, kas dod labumu pat\u0113r\u0113t\u0101jiem, lauksaimniekiem un videi. Foodin daudzveid\u012bgaj\u0101 komand\u0101 ir kaisl\u012bgi p\u0101rtikas entuziasti un savas jomas eksperti &#8211; visi vi\u0146i str\u0101d\u0101, lai &#8220;lab\u0101ka p\u0101rtika lab\u0101kai r\u012btdienai&#8221; k\u013c\u016btu par realit\u0101ti.   <\/p>\n<p><img decoding=\"async\" class=\"aligncenter wp-image-54550 size-large\" src=\"https:\/\/purenature.lv\/wp-content\/uploads\/2024\/10\/coconut-tree-1200x800.jpg\" alt=\"kokosriekstu koks\" width=\"1200\" height=\"800\" srcset=\"https:\/\/old.elusvali.ee\/wp-content\/uploads\/2024\/10\/coconut-tree-1200x800.jpg 1200w, https:\/\/old.elusvali.ee\/wp-content\/uploads\/2024\/10\/coconut-tree-400x267.jpg 400w, https:\/\/old.elusvali.ee\/wp-content\/uploads\/2024\/10\/coconut-tree-768x512.jpg 768w, https:\/\/old.elusvali.ee\/wp-content\/uploads\/2024\/10\/coconut-tree-430x287.jpg 430w, https:\/\/old.elusvali.ee\/wp-content\/uploads\/2024\/10\/coconut-tree-700x467.jpg 700w, https:\/\/old.elusvali.ee\/wp-content\/uploads\/2024\/10\/coconut-tree-150x100.jpg 150w, https:\/\/old.elusvali.ee\/wp-content\/uploads\/2024\/10\/coconut-tree.jpg 1350w\" sizes=\"(max-width: 1200px) 100vw, 1200px\" \/><\/p>\n<\/div>\n<\/div>\n<\/div>\n<\/div>\n","protected":false},"excerpt":{"rendered":"<p>Kokosrieksts ir daudzpus\u012bgs un vesel\u012bgs p\u0101rtikas produkts, kas ir piem\u0113rots ikdienas pat\u0113ri\u0146am un sniedz daudz priek\u0161roc\u012bbu gan \u0137ermenim, gan \u0101dai. Kokosriekstiem piem\u012bt antibakteri\u0101las un pretv\u012brusu \u012bpa\u0161\u012bbas, un to lieto\u0161ana uztur\u0101 stiprina imunit\u0101ti un veicina gremo\u0161anu. Kokosriekstu piens no balt\u0101 m\u012bkstuma ir \u013coti barojo\u0161s un gar\u0161\u012bgs, un to var izmantot k\u0101 govs piena aizst\u0101j\u0113ju daudz\u0101s recept\u0113s. Piens ir iepakots atk\u0101rtoti aizveram\u0101 TetraPak iepakojum\u0101 ar cukurniedru v\u0101ci\u0146u. Iepakojum\u0101 produkts saglab\u0101jas svaigs ledusskap\u012b un ir viegli lietojams.    <\/p>\n","protected":false},"featured_media":53766,"comment_status":"open","ping_status":"closed","template":"","meta":{"_acf_changed":false},"product_brand":[],"product_cat":[456,442],"product_tag":[],"class_list":{"0":"post-65836","1":"product","2":"type-product","3":"status-publish","4":"has-post-thumbnail","6":"product_cat-garsvielas","7":"product_cat-majas-virtuve","9":"first","10":"instock","11":"taxable","12":"shipping-taxable","13":"purchasable","14":"product-type-simple"},"acf":[],"yoast_head":"<!-- This site is optimized with the Yoast SEO plugin v25.3.1 - https:\/\/yoast.com\/wordpress\/plugins\/seo\/ -->\n<title>Kokosriekstu piens 330ml | Foodin - Pure Nature<\/title>\n<meta name=\"description\" content=\"Kokosriekstu piens ir vesel\u012bgs, noder\u012bgs un gar\u0161\u012bgs. Kokosriekstu pienu var izmantot da\u017e\u0101dos \u0113dienos, un tas ir laba alternat\u012bva govs pienam.\" \/>\n<meta name=\"robots\" content=\"noindex, follow, max-snippet:-1, max-image-preview:large, max-video-preview:-1\" \/>\n<meta property=\"og:locale\" content=\"lv_LV\" \/>\n<meta property=\"og:type\" content=\"article\" \/>\n<meta property=\"og:title\" content=\"Kokosriekstu piens 330ml | Foodin - Pure Nature\" \/>\n<meta property=\"og:description\" content=\"Kokosriekstu piens ir vesel\u012bgs, noder\u012bgs un gar\u0161\u012bgs. Kokosriekstu pienu var izmantot da\u017e\u0101dos \u0113dienos, un tas ir laba alternat\u012bva govs pienam.\" \/>\n<meta property=\"og:url\" content=\"https:\/\/old.elusvali.ee\/lv\/produkts\/kokosriekstu-piens-330ml-foodin\/\" \/>\n<meta property=\"og:site_name\" content=\"Elusv&auml;li\" \/>\n<meta property=\"article:publisher\" content=\"https:\/\/www.facebook.com\/profile.php?id=100064131067985\" \/>\n<meta property=\"article:modified_time\" content=\"2025-05-30T06:47:41+00:00\" \/>\n<meta property=\"og:image\" content=\"https:\/\/old.elusvali.ee\/wp-content\/uploads\/2024\/10\/Kookospiim-mahe-330ml.png\" \/>\n\t<meta property=\"og:image:width\" content=\"510\" \/>\n\t<meta property=\"og:image:height\" content=\"510\" \/>\n\t<meta property=\"og:image:type\" content=\"image\/png\" \/>\n<meta name=\"twitter:card\" content=\"summary_large_image\" \/>\n<meta name=\"twitter:label1\" content=\"Est. reading time\" \/>\n\t<meta name=\"twitter:data1\" content=\"5 minutes\" \/>\n<script type=\"application\/ld+json\" class=\"yoast-schema-graph\">{\"@context\":\"https:\/\/schema.org\",\"@graph\":[{\"@type\":\"WebPage\",\"@id\":\"https:\/\/old.elusvali.ee\/lv\/produkts\/kokosriekstu-piens-330ml-foodin\/\",\"url\":\"https:\/\/old.elusvali.ee\/lv\/produkts\/kokosriekstu-piens-330ml-foodin\/\",\"name\":\"Kokosriekstu piens 330ml | Foodin - Pure Nature\",\"isPartOf\":{\"@id\":\"https:\/\/old.elusvali.ee\/lv\/#website\"},\"primaryImageOfPage\":{\"@id\":\"https:\/\/old.elusvali.ee\/lv\/produkts\/kokosriekstu-piens-330ml-foodin\/#primaryimage\"},\"image\":{\"@id\":\"https:\/\/old.elusvali.ee\/lv\/produkts\/kokosriekstu-piens-330ml-foodin\/#primaryimage\"},\"thumbnailUrl\":\"https:\/\/old.elusvali.ee\/wp-content\/uploads\/2024\/10\/Kookospiim-mahe-330ml.png\",\"datePublished\":\"2024-12-08T15:01:28+00:00\",\"dateModified\":\"2025-05-30T06:47:41+00:00\",\"description\":\"Kokosriekstu piens ir vesel\u012bgs, noder\u012bgs un gar\u0161\u012bgs. Kokosriekstu pienu var izmantot da\u017e\u0101dos \u0113dienos, un tas ir laba alternat\u012bva govs pienam.\",\"breadcrumb\":{\"@id\":\"https:\/\/old.elusvali.ee\/lv\/produkts\/kokosriekstu-piens-330ml-foodin\/#breadcrumb\"},\"inLanguage\":\"lv-LV\",\"potentialAction\":[{\"@type\":\"ReadAction\",\"target\":[\"https:\/\/old.elusvali.ee\/lv\/produkts\/kokosriekstu-piens-330ml-foodin\/\"]}]},{\"@type\":\"ImageObject\",\"inLanguage\":\"lv-LV\",\"@id\":\"https:\/\/old.elusvali.ee\/lv\/produkts\/kokosriekstu-piens-330ml-foodin\/#primaryimage\",\"url\":\"https:\/\/old.elusvali.ee\/wp-content\/uploads\/2024\/10\/Kookospiim-mahe-330ml.png\",\"contentUrl\":\"https:\/\/old.elusvali.ee\/wp-content\/uploads\/2024\/10\/Kookospiim-mahe-330ml.png\",\"width\":510,\"height\":510,\"caption\":\"Foodin ekologiskas kokoso pienas 330ml\"},{\"@type\":\"BreadcrumbList\",\"@id\":\"https:\/\/old.elusvali.ee\/lv\/produkts\/kokosriekstu-piens-330ml-foodin\/#breadcrumb\",\"itemListElement\":[{\"@type\":\"ListItem\",\"position\":1,\"name\":\"Home\",\"item\":\"https:\/\/purenature.lv\/\"},{\"@type\":\"ListItem\",\"position\":2,\"name\":\"E-veikals\",\"item\":\"https:\/\/purenature.lv\/veikals\/\"},{\"@type\":\"ListItem\",\"position\":3,\"name\":\"Kokosriekstu piens 330ml | Foodin\"}]},{\"@type\":\"WebSite\",\"@id\":\"https:\/\/old.elusvali.ee\/lv\/#website\",\"url\":\"https:\/\/old.elusvali.ee\/lv\/\",\"name\":\"Elusv\u00e4li\",\"description\":\"Puhas k&ouml;&ouml;k ja koduapteek\",\"publisher\":{\"@id\":\"https:\/\/old.elusvali.ee\/lv\/#organization\"},\"potentialAction\":[{\"@type\":\"SearchAction\",\"target\":{\"@type\":\"EntryPoint\",\"urlTemplate\":\"https:\/\/old.elusvali.ee\/lv\/?s={search_term_string}\"},\"query-input\":{\"@type\":\"PropertyValueSpecification\",\"valueRequired\":true,\"valueName\":\"search_term_string\"}}],\"inLanguage\":\"lv-LV\"},{\"@type\":\"Organization\",\"@id\":\"https:\/\/old.elusvali.ee\/lv\/#organization\",\"name\":\"Elusv\u00e4li\",\"url\":\"https:\/\/old.elusvali.ee\/lv\/\",\"logo\":{\"@type\":\"ImageObject\",\"inLanguage\":\"lv-LV\",\"@id\":\"https:\/\/old.elusvali.ee\/lv\/#\/schema\/logo\/image\/\",\"url\":\"https:\/\/purenature.lt\/wp-content\/uploads\/2023\/07\/logo.png\",\"contentUrl\":\"https:\/\/purenature.lt\/wp-content\/uploads\/2023\/07\/logo.png\",\"width\":526,\"height\":146,\"caption\":\"Elusv\u00e4li\"},\"image\":{\"@id\":\"https:\/\/old.elusvali.ee\/lv\/#\/schema\/logo\/image\/\"},\"sameAs\":[\"https:\/\/www.facebook.com\/profile.php?id=100064131067985\",\"https:\/\/www.instagram.com\/elusvali\/\",\"https:\/\/www.youtube.com\/@elusvali2110\"]}]}<\/script>\n<!-- \/ Yoast SEO plugin. -->","yoast_head_json":{"title":"Kokosriekstu piens 330ml | Foodin - Pure Nature","description":"Kokosriekstu piens ir vesel\u012bgs, noder\u012bgs un gar\u0161\u012bgs. Kokosriekstu pienu var izmantot da\u017e\u0101dos \u0113dienos, un tas ir laba alternat\u012bva govs pienam.","robots":{"index":"noindex","follow":"follow","max-snippet":"max-snippet:-1","max-image-preview":"max-image-preview:large","max-video-preview":"max-video-preview:-1"},"og_locale":"lv_LV","og_type":"article","og_title":"Kokosriekstu piens 330ml | Foodin - Pure Nature","og_description":"Kokosriekstu piens ir vesel\u012bgs, noder\u012bgs un gar\u0161\u012bgs. Kokosriekstu pienu var izmantot da\u017e\u0101dos \u0113dienos, un tas ir laba alternat\u012bva govs pienam.","og_url":"https:\/\/old.elusvali.ee\/lv\/produkts\/kokosriekstu-piens-330ml-foodin\/","og_site_name":"Elusv&auml;li","article_publisher":"https:\/\/www.facebook.com\/profile.php?id=100064131067985","article_modified_time":"2025-05-30T06:47:41+00:00","og_image":[{"width":510,"height":510,"url":"https:\/\/old.elusvali.ee\/wp-content\/uploads\/2024\/10\/Kookospiim-mahe-330ml.png","type":"image\/png"}],"twitter_card":"summary_large_image","twitter_misc":{"Est. reading time":"5 minutes"},"schema":{"@context":"https:\/\/schema.org","@graph":[{"@type":"WebPage","@id":"https:\/\/old.elusvali.ee\/lv\/produkts\/kokosriekstu-piens-330ml-foodin\/","url":"https:\/\/old.elusvali.ee\/lv\/produkts\/kokosriekstu-piens-330ml-foodin\/","name":"Kokosriekstu piens 330ml | Foodin - Pure Nature","isPartOf":{"@id":"https:\/\/old.elusvali.ee\/lv\/#website"},"primaryImageOfPage":{"@id":"https:\/\/old.elusvali.ee\/lv\/produkts\/kokosriekstu-piens-330ml-foodin\/#primaryimage"},"image":{"@id":"https:\/\/old.elusvali.ee\/lv\/produkts\/kokosriekstu-piens-330ml-foodin\/#primaryimage"},"thumbnailUrl":"https:\/\/old.elusvali.ee\/wp-content\/uploads\/2024\/10\/Kookospiim-mahe-330ml.png","datePublished":"2024-12-08T15:01:28+00:00","dateModified":"2025-05-30T06:47:41+00:00","description":"Kokosriekstu piens ir vesel\u012bgs, noder\u012bgs un gar\u0161\u012bgs. Kokosriekstu pienu var izmantot da\u017e\u0101dos \u0113dienos, un tas ir laba alternat\u012bva govs pienam.","breadcrumb":{"@id":"https:\/\/old.elusvali.ee\/lv\/produkts\/kokosriekstu-piens-330ml-foodin\/#breadcrumb"},"inLanguage":"lv-LV","potentialAction":[{"@type":"ReadAction","target":["https:\/\/old.elusvali.ee\/lv\/produkts\/kokosriekstu-piens-330ml-foodin\/"]}]},{"@type":"ImageObject","inLanguage":"lv-LV","@id":"https:\/\/old.elusvali.ee\/lv\/produkts\/kokosriekstu-piens-330ml-foodin\/#primaryimage","url":"https:\/\/old.elusvali.ee\/wp-content\/uploads\/2024\/10\/Kookospiim-mahe-330ml.png","contentUrl":"https:\/\/old.elusvali.ee\/wp-content\/uploads\/2024\/10\/Kookospiim-mahe-330ml.png","width":510,"height":510,"caption":"Foodin ekologiskas kokoso pienas 330ml"},{"@type":"BreadcrumbList","@id":"https:\/\/old.elusvali.ee\/lv\/produkts\/kokosriekstu-piens-330ml-foodin\/#breadcrumb","itemListElement":[{"@type":"ListItem","position":1,"name":"Home","item":"https:\/\/purenature.lv\/"},{"@type":"ListItem","position":2,"name":"E-veikals","item":"https:\/\/purenature.lv\/veikals\/"},{"@type":"ListItem","position":3,"name":"Kokosriekstu piens 330ml | Foodin"}]},{"@type":"WebSite","@id":"https:\/\/old.elusvali.ee\/lv\/#website","url":"https:\/\/old.elusvali.ee\/lv\/","name":"Elusv\u00e4li","description":"Puhas k&ouml;&ouml;k ja koduapteek","publisher":{"@id":"https:\/\/old.elusvali.ee\/lv\/#organization"},"potentialAction":[{"@type":"SearchAction","target":{"@type":"EntryPoint","urlTemplate":"https:\/\/old.elusvali.ee\/lv\/?s={search_term_string}"},"query-input":{"@type":"PropertyValueSpecification","valueRequired":true,"valueName":"search_term_string"}}],"inLanguage":"lv-LV"},{"@type":"Organization","@id":"https:\/\/old.elusvali.ee\/lv\/#organization","name":"Elusv\u00e4li","url":"https:\/\/old.elusvali.ee\/lv\/","logo":{"@type":"ImageObject","inLanguage":"lv-LV","@id":"https:\/\/old.elusvali.ee\/lv\/#\/schema\/logo\/image\/","url":"https:\/\/purenature.lt\/wp-content\/uploads\/2023\/07\/logo.png","contentUrl":"https:\/\/purenature.lt\/wp-content\/uploads\/2023\/07\/logo.png","width":526,"height":146,"caption":"Elusv\u00e4li"},"image":{"@id":"https:\/\/old.elusvali.ee\/lv\/#\/schema\/logo\/image\/"},"sameAs":["https:\/\/www.facebook.com\/profile.php?id=100064131067985","https:\/\/www.instagram.com\/elusvali\/","https:\/\/www.youtube.com\/@elusvali2110"]}]}},"_links":{"self":[{"href":"https:\/\/old.elusvali.ee\/lv\/wp-json\/wp\/v2\/product\/65836","targetHints":{"allow":["GET"]}}],"collection":[{"href":"https:\/\/old.elusvali.ee\/lv\/wp-json\/wp\/v2\/product"}],"about":[{"href":"https:\/\/old.elusvali.ee\/lv\/wp-json\/wp\/v2\/types\/product"}],"replies":[{"embeddable":true,"href":"https:\/\/old.elusvali.ee\/lv\/wp-json\/wp\/v2\/comments?post=65836"}],"version-history":[{"count":1,"href":"https:\/\/old.elusvali.ee\/lv\/wp-json\/wp\/v2\/product\/65836\/revisions"}],"predecessor-version":[{"id":67073,"href":"https:\/\/old.elusvali.ee\/lv\/wp-json\/wp\/v2\/product\/65836\/revisions\/67073"}],"wp:featuredmedia":[{"embeddable":true,"href":"https:\/\/old.elusvali.ee\/lv\/wp-json\/wp\/v2\/media\/53766"}],"wp:attachment":[{"href":"https:\/\/old.elusvali.ee\/lv\/wp-json\/wp\/v2\/media?parent=65836"}],"wp:term":[{"taxonomy":"product_brand","embeddable":true,"href":"https:\/\/old.elusvali.ee\/lv\/wp-json\/wp\/v2\/product_brand?post=65836"},{"taxonomy":"product_cat","embeddable":true,"href":"https:\/\/old.elusvali.ee\/lv\/wp-json\/wp\/v2\/product_cat?post=65836"},{"taxonomy":"product_tag","embeddable":true,"href":"https:\/\/old.elusvali.ee\/lv\/wp-json\/wp\/v2\/product_tag?post=65836"}],"curies":[{"name":"wp","href":"https:\/\/api.w.org\/{rel}","templated":true}]}}