{"id":64991,"date":"2024-10-21T09:44:34","date_gmt":"2024-10-21T06:44:34","guid":{"rendered":"https:\/\/old.elusvali.ee\/product\/hawthorn-supreme-vilkabele-60-kapsulas-gaia-herbs\/"},"modified":"2025-05-30T09:19:01","modified_gmt":"2025-05-30T06:19:01","slug":"hawthorn-supreme-vilkabele-60-kapsulas-gaia-herbs","status":"publish","type":"product","link":"https:\/\/old.elusvali.ee\/lv\/produkts\/hawthorn-supreme-vilkabele-60-kapsulas-gaia-herbs\/","title":{"rendered":"Hawthorn Supreme (Vilk\u0101bele) &#8211; 60 kapsulas | Gaia Herbs"},"content":{"rendered":"<p>Iesp\u0113jams, t\u0101 nav nejau\u0161\u012bba, ka jau agr\u0101kajos rakstos par vilk\u0101beli tika apgalvots, ka tas ir m\u012blest\u012bbas simbols. Gaia Herbs Hawthorn Supreme ir tradicion\u0101ls vilk\u0101beles ogu, ziedu un lapu mais\u012bjums, kas uztur J\u016bsu sirdi vesel\u012bgu un laim\u012bgu. <\/p>\n<ul>\n<li>Siner\u0123isks vilk\u0101beles ogu, lapu un ziedu mais\u012bjums.<\/li>\n<li>Amerikas pamatiedz\u012bvot\u0101ju, \u0137\u012bnie\u0161u un Eiropas kult\u016br\u0101s vilk\u0101beles lapas un ogas lietoja k\u0101 toniz\u0113jo\u0161u l\u012bdzekli sirds vesel\u012bbai.<\/li>\n<\/ul>\n<p><strong>Koncentr\u0101cija<\/strong><br \/>\n1 kapsula satur 750 mg sauso augu.<\/p>\n<p><strong>Ieteikumi lieto\u0161anai<\/strong><br \/>\nPieaugu\u0161ajiem 1 kapsula 2 reizes dien\u0101 starp \u0113dienreiz\u0113m.<\/p>\n<p>&nbsp;<\/p>\n<p class=\"gt-block\">\n","protected":false},"excerpt":{"rendered":"<div class=\"buybox__description\">\n<p>Gaia Herbs Hawthorne Supreme ir tradicion\u0101ls vilk\u0101beles mais\u012bjums sirds vesel\u012bbai.<\/p>\n<\/div>\n<div class=\"buybox__highlights\">\n<ul class=\"buybox__highlights-list\">\n<li class=\"buybox__highlights-item\">Vilk\u0101beles ogas, lapas un ziedi veicina vesel\u012bgu un laim\u012bgu sirdi.<\/li>\n<li class=\"buybox__highlights-item\">Sirds vesel\u012bbu veicino\u0161s l\u012bdzeklis, kas tautas medic\u012bn\u0101 tiek izmantots jau gadsimtiem ilgi.<\/li>\n<li class=\"buybox__highlights-item\">Lab\u0101kais sabiedrotais vispus\u012bgai sirds lutin\u0101\u0161anai.<\/li>\n<li>Atbalsta un uzmundrina \u0137ermeni stresa un p\u0101rmai\u0146u laik\u0101.<\/li>\n<\/ul>\n<\/div>\n","protected":false},"featured_media":51744,"comment_status":"open","ping_status":"closed","template":"","meta":{"_acf_changed":false},"product_brand":[],"product_cat":[468,402],"product_tag":[747,406],"class_list":{"0":"post-64991","1":"product","2":"type-product","3":"status-publish","4":"has-post-thumbnail","6":"product_cat-kermenim","7":"product_cat-partikas-piedevas","8":"product_tag-gaia-herbs-lv","9":"product_tag-kapsulas","11":"first","12":"instock","13":"taxable","14":"shipping-taxable","15":"purchasable","16":"product-type-simple"},"acf":[],"yoast_head":"<!-- This site is optimized with the Yoast SEO plugin v25.3.1 - https:\/\/yoast.com\/wordpress\/plugins\/seo\/ -->\n<title>Hawthorn Supreme (Vilk\u0101bele) - 60 kapsulas | Gaia Herbs - Pure Nature<\/title>\n<meta name=\"robots\" content=\"noindex, follow, max-snippet:-1, max-image-preview:large, max-video-preview:-1\" \/>\n<meta property=\"og:locale\" content=\"lv_LV\" \/>\n<meta property=\"og:type\" content=\"article\" \/>\n<meta property=\"og:title\" content=\"Hawthorn Supreme (Vilk\u0101bele) - 60 kapsulas | Gaia Herbs - Pure Nature\" \/>\n<meta property=\"og:description\" content=\"Gaia Herbs Hawthorne Supreme ir tradicion\u0101ls vilk\u0101beles mais\u012bjums sirds vesel\u012bbai.    Vilk\u0101beles ogas, lapas un ziedi veicina vesel\u012bgu un laim\u012bgu sirdi.  Sirds vesel\u012bbu veicino\u0161s l\u012bdzeklis, kas tautas medic\u012bn\u0101 tiek izmantots jau gadsimtiem ilgi.  Lab\u0101kais sabiedrotais vispus\u012bgai sirds lutin\u0101\u0161anai.  Atbalsta un uzmundrina \u0137ermeni stresa un p\u0101rmai\u0146u laik\u0101.\" \/>\n<meta property=\"og:url\" content=\"https:\/\/old.elusvali.ee\/lv\/produkts\/hawthorn-supreme-vilkabele-60-kapsulas-gaia-herbs\/\" \/>\n<meta property=\"og:site_name\" content=\"Elusv&auml;li\" \/>\n<meta property=\"article:publisher\" content=\"https:\/\/www.facebook.com\/profile.php?id=100064131067985\" \/>\n<meta property=\"article:modified_time\" content=\"2025-05-30T06:19:01+00:00\" \/>\n<meta property=\"og:image\" content=\"https:\/\/purenature.lv\/wp-content\/uploads\/2024\/10\/Hawthorn-Supreme-Gaia-Herbs.webp\" \/>\n\t<meta property=\"og:image:width\" content=\"1060\" \/>\n\t<meta property=\"og:image:height\" content=\"1060\" \/>\n\t<meta property=\"og:image:type\" content=\"image\/webp\" \/>\n<meta name=\"twitter:card\" content=\"summary_large_image\" \/>\n<meta name=\"twitter:label1\" content=\"Est. reading time\" \/>\n\t<meta name=\"twitter:data1\" content=\"1 minute\" \/>\n<script type=\"application\/ld+json\" class=\"yoast-schema-graph\">{\"@context\":\"https:\/\/schema.org\",\"@graph\":[{\"@type\":\"WebPage\",\"@id\":\"https:\/\/old.elusvali.ee\/lv\/produkts\/hawthorn-supreme-vilkabele-60-kapsulas-gaia-herbs\/\",\"url\":\"https:\/\/old.elusvali.ee\/lv\/produkts\/hawthorn-supreme-vilkabele-60-kapsulas-gaia-herbs\/\",\"name\":\"Hawthorn Supreme (Vilk\u0101bele) - 60 kapsulas | Gaia Herbs - Pure Nature\",\"isPartOf\":{\"@id\":\"https:\/\/old.elusvali.ee\/lv\/#website\"},\"primaryImageOfPage\":{\"@id\":\"https:\/\/old.elusvali.ee\/lv\/produkts\/hawthorn-supreme-vilkabele-60-kapsulas-gaia-herbs\/#primaryimage\"},\"image\":{\"@id\":\"https:\/\/old.elusvali.ee\/lv\/produkts\/hawthorn-supreme-vilkabele-60-kapsulas-gaia-herbs\/#primaryimage\"},\"thumbnailUrl\":\"https:\/\/old.elusvali.ee\/wp-content\/uploads\/2024\/10\/Hawthorn-Supreme-Gaia-Herbs.webp\",\"datePublished\":\"2024-10-21T06:44:34+00:00\",\"dateModified\":\"2025-05-30T06:19:01+00:00\",\"breadcrumb\":{\"@id\":\"https:\/\/old.elusvali.ee\/lv\/produkts\/hawthorn-supreme-vilkabele-60-kapsulas-gaia-herbs\/#breadcrumb\"},\"inLanguage\":\"lv-LV\",\"potentialAction\":[{\"@type\":\"ReadAction\",\"target\":[\"https:\/\/old.elusvali.ee\/lv\/produkts\/hawthorn-supreme-vilkabele-60-kapsulas-gaia-herbs\/\"]}]},{\"@type\":\"ImageObject\",\"inLanguage\":\"lv-LV\",\"@id\":\"https:\/\/old.elusvali.ee\/lv\/produkts\/hawthorn-supreme-vilkabele-60-kapsulas-gaia-herbs\/#primaryimage\",\"url\":\"https:\/\/old.elusvali.ee\/wp-content\/uploads\/2024\/10\/Hawthorn-Supreme-Gaia-Herbs.webp\",\"contentUrl\":\"https:\/\/old.elusvali.ee\/wp-content\/uploads\/2024\/10\/Hawthorn-Supreme-Gaia-Herbs.webp\",\"width\":1060,\"height\":1060,\"caption\":\"Gudobeles maisto papildas\"},{\"@type\":\"BreadcrumbList\",\"@id\":\"https:\/\/old.elusvali.ee\/lv\/produkts\/hawthorn-supreme-vilkabele-60-kapsulas-gaia-herbs\/#breadcrumb\",\"itemListElement\":[{\"@type\":\"ListItem\",\"position\":1,\"name\":\"Home\",\"item\":\"https:\/\/purenature.lv\/\"},{\"@type\":\"ListItem\",\"position\":2,\"name\":\"E-veikals\",\"item\":\"https:\/\/purenature.lv\/veikals\/\"},{\"@type\":\"ListItem\",\"position\":3,\"name\":\"Hawthorn Supreme (Vilk\u0101bele) &#8211; 60 kapsulas | Gaia Herbs\"}]},{\"@type\":\"WebSite\",\"@id\":\"https:\/\/old.elusvali.ee\/lv\/#website\",\"url\":\"https:\/\/old.elusvali.ee\/lv\/\",\"name\":\"Elusv\u00e4li\",\"description\":\"Puhas k&ouml;&ouml;k ja koduapteek\",\"publisher\":{\"@id\":\"https:\/\/old.elusvali.ee\/lv\/#organization\"},\"potentialAction\":[{\"@type\":\"SearchAction\",\"target\":{\"@type\":\"EntryPoint\",\"urlTemplate\":\"https:\/\/old.elusvali.ee\/lv\/?s={search_term_string}\"},\"query-input\":{\"@type\":\"PropertyValueSpecification\",\"valueRequired\":true,\"valueName\":\"search_term_string\"}}],\"inLanguage\":\"lv-LV\"},{\"@type\":\"Organization\",\"@id\":\"https:\/\/old.elusvali.ee\/lv\/#organization\",\"name\":\"Elusv\u00e4li\",\"url\":\"https:\/\/old.elusvali.ee\/lv\/\",\"logo\":{\"@type\":\"ImageObject\",\"inLanguage\":\"lv-LV\",\"@id\":\"https:\/\/old.elusvali.ee\/lv\/#\/schema\/logo\/image\/\",\"url\":\"https:\/\/purenature.lt\/wp-content\/uploads\/2023\/07\/logo.png\",\"contentUrl\":\"https:\/\/purenature.lt\/wp-content\/uploads\/2023\/07\/logo.png\",\"width\":526,\"height\":146,\"caption\":\"Elusv\u00e4li\"},\"image\":{\"@id\":\"https:\/\/old.elusvali.ee\/lv\/#\/schema\/logo\/image\/\"},\"sameAs\":[\"https:\/\/www.facebook.com\/profile.php?id=100064131067985\",\"https:\/\/www.instagram.com\/elusvali\/\",\"https:\/\/www.youtube.com\/@elusvali2110\"]}]}<\/script>\n<!-- \/ Yoast SEO plugin. -->","yoast_head_json":{"title":"Hawthorn Supreme (Vilk\u0101bele) - 60 kapsulas | Gaia Herbs - Pure Nature","robots":{"index":"noindex","follow":"follow","max-snippet":"max-snippet:-1","max-image-preview":"max-image-preview:large","max-video-preview":"max-video-preview:-1"},"og_locale":"lv_LV","og_type":"article","og_title":"Hawthorn Supreme (Vilk\u0101bele) - 60 kapsulas | Gaia Herbs - Pure Nature","og_description":"Gaia Herbs Hawthorne Supreme ir tradicion\u0101ls vilk\u0101beles mais\u012bjums sirds vesel\u012bbai.    Vilk\u0101beles ogas, lapas un ziedi veicina vesel\u012bgu un laim\u012bgu sirdi.  Sirds vesel\u012bbu veicino\u0161s l\u012bdzeklis, kas tautas medic\u012bn\u0101 tiek izmantots jau gadsimtiem ilgi.  Lab\u0101kais sabiedrotais vispus\u012bgai sirds lutin\u0101\u0161anai.  Atbalsta un uzmundrina \u0137ermeni stresa un p\u0101rmai\u0146u laik\u0101.","og_url":"https:\/\/old.elusvali.ee\/lv\/produkts\/hawthorn-supreme-vilkabele-60-kapsulas-gaia-herbs\/","og_site_name":"Elusv&auml;li","article_publisher":"https:\/\/www.facebook.com\/profile.php?id=100064131067985","article_modified_time":"2025-05-30T06:19:01+00:00","og_image":[{"width":1060,"height":1060,"url":"https:\/\/purenature.lv\/wp-content\/uploads\/2024\/10\/Hawthorn-Supreme-Gaia-Herbs.webp","type":"image\/webp"}],"twitter_card":"summary_large_image","twitter_misc":{"Est. reading time":"1 minute"},"schema":{"@context":"https:\/\/schema.org","@graph":[{"@type":"WebPage","@id":"https:\/\/old.elusvali.ee\/lv\/produkts\/hawthorn-supreme-vilkabele-60-kapsulas-gaia-herbs\/","url":"https:\/\/old.elusvali.ee\/lv\/produkts\/hawthorn-supreme-vilkabele-60-kapsulas-gaia-herbs\/","name":"Hawthorn Supreme (Vilk\u0101bele) - 60 kapsulas | Gaia Herbs - Pure Nature","isPartOf":{"@id":"https:\/\/old.elusvali.ee\/lv\/#website"},"primaryImageOfPage":{"@id":"https:\/\/old.elusvali.ee\/lv\/produkts\/hawthorn-supreme-vilkabele-60-kapsulas-gaia-herbs\/#primaryimage"},"image":{"@id":"https:\/\/old.elusvali.ee\/lv\/produkts\/hawthorn-supreme-vilkabele-60-kapsulas-gaia-herbs\/#primaryimage"},"thumbnailUrl":"https:\/\/old.elusvali.ee\/wp-content\/uploads\/2024\/10\/Hawthorn-Supreme-Gaia-Herbs.webp","datePublished":"2024-10-21T06:44:34+00:00","dateModified":"2025-05-30T06:19:01+00:00","breadcrumb":{"@id":"https:\/\/old.elusvali.ee\/lv\/produkts\/hawthorn-supreme-vilkabele-60-kapsulas-gaia-herbs\/#breadcrumb"},"inLanguage":"lv-LV","potentialAction":[{"@type":"ReadAction","target":["https:\/\/old.elusvali.ee\/lv\/produkts\/hawthorn-supreme-vilkabele-60-kapsulas-gaia-herbs\/"]}]},{"@type":"ImageObject","inLanguage":"lv-LV","@id":"https:\/\/old.elusvali.ee\/lv\/produkts\/hawthorn-supreme-vilkabele-60-kapsulas-gaia-herbs\/#primaryimage","url":"https:\/\/old.elusvali.ee\/wp-content\/uploads\/2024\/10\/Hawthorn-Supreme-Gaia-Herbs.webp","contentUrl":"https:\/\/old.elusvali.ee\/wp-content\/uploads\/2024\/10\/Hawthorn-Supreme-Gaia-Herbs.webp","width":1060,"height":1060,"caption":"Gudobeles maisto papildas"},{"@type":"BreadcrumbList","@id":"https:\/\/old.elusvali.ee\/lv\/produkts\/hawthorn-supreme-vilkabele-60-kapsulas-gaia-herbs\/#breadcrumb","itemListElement":[{"@type":"ListItem","position":1,"name":"Home","item":"https:\/\/purenature.lv\/"},{"@type":"ListItem","position":2,"name":"E-veikals","item":"https:\/\/purenature.lv\/veikals\/"},{"@type":"ListItem","position":3,"name":"Hawthorn Supreme (Vilk\u0101bele) &#8211; 60 kapsulas | Gaia Herbs"}]},{"@type":"WebSite","@id":"https:\/\/old.elusvali.ee\/lv\/#website","url":"https:\/\/old.elusvali.ee\/lv\/","name":"Elusv\u00e4li","description":"Puhas k&ouml;&ouml;k ja koduapteek","publisher":{"@id":"https:\/\/old.elusvali.ee\/lv\/#organization"},"potentialAction":[{"@type":"SearchAction","target":{"@type":"EntryPoint","urlTemplate":"https:\/\/old.elusvali.ee\/lv\/?s={search_term_string}"},"query-input":{"@type":"PropertyValueSpecification","valueRequired":true,"valueName":"search_term_string"}}],"inLanguage":"lv-LV"},{"@type":"Organization","@id":"https:\/\/old.elusvali.ee\/lv\/#organization","name":"Elusv\u00e4li","url":"https:\/\/old.elusvali.ee\/lv\/","logo":{"@type":"ImageObject","inLanguage":"lv-LV","@id":"https:\/\/old.elusvali.ee\/lv\/#\/schema\/logo\/image\/","url":"https:\/\/purenature.lt\/wp-content\/uploads\/2023\/07\/logo.png","contentUrl":"https:\/\/purenature.lt\/wp-content\/uploads\/2023\/07\/logo.png","width":526,"height":146,"caption":"Elusv\u00e4li"},"image":{"@id":"https:\/\/old.elusvali.ee\/lv\/#\/schema\/logo\/image\/"},"sameAs":["https:\/\/www.facebook.com\/profile.php?id=100064131067985","https:\/\/www.instagram.com\/elusvali\/","https:\/\/www.youtube.com\/@elusvali2110"]}]}},"_links":{"self":[{"href":"https:\/\/old.elusvali.ee\/lv\/wp-json\/wp\/v2\/product\/64991","targetHints":{"allow":["GET"]}}],"collection":[{"href":"https:\/\/old.elusvali.ee\/lv\/wp-json\/wp\/v2\/product"}],"about":[{"href":"https:\/\/old.elusvali.ee\/lv\/wp-json\/wp\/v2\/types\/product"}],"replies":[{"embeddable":true,"href":"https:\/\/old.elusvali.ee\/lv\/wp-json\/wp\/v2\/comments?post=64991"}],"version-history":[{"count":1,"href":"https:\/\/old.elusvali.ee\/lv\/wp-json\/wp\/v2\/product\/64991\/revisions"}],"predecessor-version":[{"id":67066,"href":"https:\/\/old.elusvali.ee\/lv\/wp-json\/wp\/v2\/product\/64991\/revisions\/67066"}],"wp:featuredmedia":[{"embeddable":true,"href":"https:\/\/old.elusvali.ee\/lv\/wp-json\/wp\/v2\/media\/51744"}],"wp:attachment":[{"href":"https:\/\/old.elusvali.ee\/lv\/wp-json\/wp\/v2\/media?parent=64991"}],"wp:term":[{"taxonomy":"product_brand","embeddable":true,"href":"https:\/\/old.elusvali.ee\/lv\/wp-json\/wp\/v2\/product_brand?post=64991"},{"taxonomy":"product_cat","embeddable":true,"href":"https:\/\/old.elusvali.ee\/lv\/wp-json\/wp\/v2\/product_cat?post=64991"},{"taxonomy":"product_tag","embeddable":true,"href":"https:\/\/old.elusvali.ee\/lv\/wp-json\/wp\/v2\/product_tag?post=64991"}],"curies":[{"name":"wp","href":"https:\/\/api.w.org\/{rel}","templated":true}]}}