{"id":64282,"date":"2024-10-21T09:43:48","date_gmt":"2024-10-21T06:43:48","guid":{"rendered":"https:\/\/old.elusvali.ee\/product\/mental-alertness-prata-modriba-60-kapsulas-gaia-herbs\/"},"modified":"2024-10-21T09:43:48","modified_gmt":"2024-10-21T06:43:48","slug":"mental-alertness-prata-modriba-60-kapsulas-gaia-herbs","status":"publish","type":"product","link":"https:\/\/old.elusvali.ee\/lv\/produkts\/mental-alertness-prata-modriba-60-kapsulas-gaia-herbs\/","title":{"rendered":"Mental Alertness (Pr\u0101ta modr\u012bba) &#8211; 60 kapsulas | Gaia Herbs"},"content":{"rendered":"<h2 class=\"text-card__title\">Paredz\u0113ts atmi\u0146as un kognit\u012bvo sp\u0113ju atbalstam.<\/h2>\n<div class=\"text-card__description\">\n<p>Fokusa zudums var p\u0101rv\u0113rst pat visvienk\u0101r\u0161\u0101kos ikdienas uzdevumus par \u012bstu izaicin\u0101jumu. Gaia Herbs Mental Alertness uztura bag\u0101tin\u0101t\u0101js ir veidots no siner\u0123iska gar\u0161augu mais\u012bjuma, kas tradicion\u0101li tiek izmantoti gar\u012bgo sp\u0113ju, koncentr\u0113\u0161an\u0101s un atmi\u0146as veicin\u0101\u0161anai. <\/p>\n<\/div>\n<ul>\n<li>Siner\u0123isks ginkgo lapu, gotu kolas un rozmar\u012bna mais\u012bjums.<\/li>\n<li>Ar auzu s\u0113klu ekstraktu, kas ir ieg\u016bts no Gaia\u00ae pa\u0161u audz\u0113t\u0101m auz\u0101m, kas ekstrah\u0113tas uzreiz p\u0113c nov\u0101k\u0161anas, lai saglab\u0101tu visu savienojumu optim\u0101lu aktivit\u0101ti.<\/li>\n<li>Gar\u0161augu un \u0101rstniec\u012bbas augu mais\u012bjums, ko tradicion\u0101li izmanto pr\u0101ta skaidr\u012bbai, kognit\u012bvaj\u0101m sp\u0113j\u0101m un atmi\u0146as uzlabo\u0161anai.<\/li>\n<li>Lielisks uztura bag\u0101tin\u0101t\u0101js ikvienam, kur\u0161 j\u016btas izs\u012bcis un kuram nepiecie\u0161ama pal\u012bdz\u012bba, lai atg\u016btu koncentr\u0113\u0161an\u0101s sp\u0113jas.<\/li>\n<\/ul>\n<p><strong>Koncentr\u0101cija<\/strong><br \/>\nViena <strong>2 kapsulu<\/strong> deva satur 2500 mg saus\u0101 auga.<\/p>\n<p><strong>Ieteikumi lieto\u0161anai<\/strong><br \/>\nPieaugu\u0161ajiem 2 kapsulas 2 reizes dien\u0101 starp \u0113dienreiz\u0113m.<\/p>\n<p class=\"feature-herbs__other-ingredients feature-herbs__other-ingredients--desktop-center feature-herbs__other-ingredients--tablet-center\"><b>Sast\u0101vs:<\/b> Sib\u012brijas \u017ee\u0146\u0161e\u0146s, savva\u013cas auzu s\u0113klu ekstrakts, piena dadzis, ginkgo lapas, gotu kola, piparm\u0113tra, rozmar\u012bna ekstrakts, augu glicer\u012bns, veg\u0101niska kapsula (hipromeloze) un \u016bdens.<\/p>\n<p class=\"feature-herbs__non-ingredients feature-herbs__other-ingredients--desktop-center feature-herbs__other-ingredients--tablet-center\"><b>Nesatur:<\/b> Kukur\u016bzu, piena produktus, glut\u0113nu, riekstus, \u010daulgliemjus, soju, cukuru, raugu.<\/p>\n<p class=\"gt-block\">\n","protected":false},"excerpt":{"rendered":"<div class=\"buybox__description\">\n<p class=\"p1\"><span class=\"s1\">Augu mais\u012bjums, ko tradicion\u0101li izmanto pr\u0101ta sp\u0113ju, koncentr\u0113\u0161an\u0101s un atmi\u0146as veicin\u0101\u0161anai. <\/span><\/p>\n<\/div>\n<div class=\"buybox__highlights\">\n<ul class=\"buybox__highlights-list\">\n<li class=\"buybox__highlights-item\">Adaptog\u0113ns atbalsts atmi\u0146as un kognit\u012bvo sp\u0113ju uzlabo\u0161anai.<\/li>\n<li class=\"buybox__highlights-item\">Sast\u0101v no Sib\u012brijas \u017ee\u0146\u0161e\u0146a, ginkgo lap\u0101m, gotu kolas, rozmar\u012bna un auzu s\u0113klu ekstrakta.<\/li>\n<li class=\"buybox__highlights-item\">Regul\u0101ra lieto\u0161ana pal\u012bdz\u0113s jums ar\u012b saglab\u0101t koncentr\u0113\u0161anos liela stresa periodos.<\/li>\n<\/ul>\n<\/div>\n","protected":false},"featured_media":51803,"comment_status":"open","ping_status":"closed","template":"","meta":{"_acf_changed":false},"product_brand":[],"product_cat":[468,402,408],"product_tag":[747,406],"class_list":{"0":"post-64282","1":"product","2":"type-product","3":"status-publish","4":"has-post-thumbnail","6":"product_cat-kermenim","7":"product_cat-partikas-piedevas","8":"product_cat-smadzenu-veseliba","9":"product_tag-gaia-herbs-lv","10":"product_tag-kapsulas","12":"first","13":"instock","14":"taxable","15":"shipping-taxable","16":"purchasable","17":"product-type-simple"},"acf":[],"yoast_head":"<!-- This site is optimized with the Yoast SEO plugin v25.3.1 - https:\/\/yoast.com\/wordpress\/plugins\/seo\/ -->\n<title>Mental Alertness (Pr\u0101ta modr\u012bba) - 60 kapsulas | Gaia Herbs - Pure Nature<\/title>\n<meta name=\"robots\" content=\"noindex, follow, max-snippet:-1, max-image-preview:large, max-video-preview:-1\" \/>\n<meta property=\"og:locale\" content=\"lv_LV\" \/>\n<meta property=\"og:type\" content=\"article\" \/>\n<meta property=\"og:title\" content=\"Mental Alertness (Pr\u0101ta modr\u012bba) - 60 kapsulas | Gaia Herbs - Pure Nature\" \/>\n<meta property=\"og:description\" content=\"Augu mais\u012bjums, ko tradicion\u0101li izmanto pr\u0101ta sp\u0113ju, koncentr\u0113\u0161an\u0101s un atmi\u0146as veicin\u0101\u0161anai.    Adaptog\u0113ns atbalsts atmi\u0146as un kognit\u012bvo sp\u0113ju uzlabo\u0161anai.  Sast\u0101v no Sib\u012brijas \u017ee\u0146\u0161e\u0146a, ginkgo lap\u0101m, gotu kolas, rozmar\u012bna un auzu s\u0113klu ekstrakta.  Regul\u0101ra lieto\u0161ana pal\u012bdz\u0113s jums ar\u012b saglab\u0101t koncentr\u0113\u0161anos liela stresa periodos.\" \/>\n<meta property=\"og:url\" content=\"https:\/\/old.elusvali.ee\/lv\/produkts\/mental-alertness-prata-modriba-60-kapsulas-gaia-herbs\/\" \/>\n<meta property=\"og:site_name\" content=\"Elusv&auml;li\" \/>\n<meta property=\"article:publisher\" content=\"https:\/\/www.facebook.com\/profile.php?id=100064131067985\" \/>\n<meta property=\"og:image\" content=\"https:\/\/old.elusvali.ee\/wp-content\/uploads\/2024\/10\/Mental-Alertness-Gaia-Herbs.webp\" \/>\n\t<meta property=\"og:image:width\" content=\"1060\" \/>\n\t<meta property=\"og:image:height\" content=\"1060\" \/>\n\t<meta property=\"og:image:type\" content=\"image\/webp\" \/>\n<meta name=\"twitter:card\" content=\"summary_large_image\" \/>\n<meta name=\"twitter:label1\" content=\"Est. reading time\" \/>\n\t<meta name=\"twitter:data1\" content=\"1 minute\" \/>\n<script type=\"application\/ld+json\" class=\"yoast-schema-graph\">{\"@context\":\"https:\/\/schema.org\",\"@graph\":[{\"@type\":\"WebPage\",\"@id\":\"https:\/\/old.elusvali.ee\/lv\/produkts\/mental-alertness-prata-modriba-60-kapsulas-gaia-herbs\/\",\"url\":\"https:\/\/old.elusvali.ee\/lv\/produkts\/mental-alertness-prata-modriba-60-kapsulas-gaia-herbs\/\",\"name\":\"Mental Alertness (Pr\u0101ta modr\u012bba) - 60 kapsulas | Gaia Herbs - Pure Nature\",\"isPartOf\":{\"@id\":\"https:\/\/old.elusvali.ee\/lv\/#website\"},\"primaryImageOfPage\":{\"@id\":\"https:\/\/old.elusvali.ee\/lv\/produkts\/mental-alertness-prata-modriba-60-kapsulas-gaia-herbs\/#primaryimage\"},\"image\":{\"@id\":\"https:\/\/old.elusvali.ee\/lv\/produkts\/mental-alertness-prata-modriba-60-kapsulas-gaia-herbs\/#primaryimage\"},\"thumbnailUrl\":\"https:\/\/old.elusvali.ee\/wp-content\/uploads\/2024\/10\/Mental-Alertness-Gaia-Herbs.webp\",\"datePublished\":\"2024-10-21T06:43:48+00:00\",\"breadcrumb\":{\"@id\":\"https:\/\/old.elusvali.ee\/lv\/produkts\/mental-alertness-prata-modriba-60-kapsulas-gaia-herbs\/#breadcrumb\"},\"inLanguage\":\"lv-LV\",\"potentialAction\":[{\"@type\":\"ReadAction\",\"target\":[\"https:\/\/old.elusvali.ee\/lv\/produkts\/mental-alertness-prata-modriba-60-kapsulas-gaia-herbs\/\"]}]},{\"@type\":\"ImageObject\",\"inLanguage\":\"lv-LV\",\"@id\":\"https:\/\/old.elusvali.ee\/lv\/produkts\/mental-alertness-prata-modriba-60-kapsulas-gaia-herbs\/#primaryimage\",\"url\":\"https:\/\/old.elusvali.ee\/wp-content\/uploads\/2024\/10\/Mental-Alertness-Gaia-Herbs.webp\",\"contentUrl\":\"https:\/\/old.elusvali.ee\/wp-content\/uploads\/2024\/10\/Mental-Alertness-Gaia-Herbs.webp\",\"width\":1060,\"height\":1060,\"caption\":\"Mental alertness maisto papildas\"},{\"@type\":\"BreadcrumbList\",\"@id\":\"https:\/\/old.elusvali.ee\/lv\/produkts\/mental-alertness-prata-modriba-60-kapsulas-gaia-herbs\/#breadcrumb\",\"itemListElement\":[{\"@type\":\"ListItem\",\"position\":1,\"name\":\"Home\",\"item\":\"https:\/\/purenature.lv\/\"},{\"@type\":\"ListItem\",\"position\":2,\"name\":\"E-veikals\",\"item\":\"https:\/\/purenature.lv\/veikals\/\"},{\"@type\":\"ListItem\",\"position\":3,\"name\":\"Mental Alertness (Pr\u0101ta modr\u012bba) &#8211; 60 kapsulas | Gaia Herbs\"}]},{\"@type\":\"WebSite\",\"@id\":\"https:\/\/old.elusvali.ee\/lv\/#website\",\"url\":\"https:\/\/old.elusvali.ee\/lv\/\",\"name\":\"Elusv\u00e4li\",\"description\":\"Puhas k&ouml;&ouml;k ja koduapteek\",\"publisher\":{\"@id\":\"https:\/\/old.elusvali.ee\/lv\/#organization\"},\"potentialAction\":[{\"@type\":\"SearchAction\",\"target\":{\"@type\":\"EntryPoint\",\"urlTemplate\":\"https:\/\/old.elusvali.ee\/lv\/?s={search_term_string}\"},\"query-input\":{\"@type\":\"PropertyValueSpecification\",\"valueRequired\":true,\"valueName\":\"search_term_string\"}}],\"inLanguage\":\"lv-LV\"},{\"@type\":\"Organization\",\"@id\":\"https:\/\/old.elusvali.ee\/lv\/#organization\",\"name\":\"Elusv\u00e4li\",\"url\":\"https:\/\/old.elusvali.ee\/lv\/\",\"logo\":{\"@type\":\"ImageObject\",\"inLanguage\":\"lv-LV\",\"@id\":\"https:\/\/old.elusvali.ee\/lv\/#\/schema\/logo\/image\/\",\"url\":\"https:\/\/purenature.lt\/wp-content\/uploads\/2023\/07\/logo.png\",\"contentUrl\":\"https:\/\/purenature.lt\/wp-content\/uploads\/2023\/07\/logo.png\",\"width\":526,\"height\":146,\"caption\":\"Elusv\u00e4li\"},\"image\":{\"@id\":\"https:\/\/old.elusvali.ee\/lv\/#\/schema\/logo\/image\/\"},\"sameAs\":[\"https:\/\/www.facebook.com\/profile.php?id=100064131067985\",\"https:\/\/www.instagram.com\/elusvali\/\",\"https:\/\/www.youtube.com\/@elusvali2110\"]}]}<\/script>\n<!-- \/ Yoast SEO plugin. -->","yoast_head_json":{"title":"Mental Alertness (Pr\u0101ta modr\u012bba) - 60 kapsulas | Gaia Herbs - Pure Nature","robots":{"index":"noindex","follow":"follow","max-snippet":"max-snippet:-1","max-image-preview":"max-image-preview:large","max-video-preview":"max-video-preview:-1"},"og_locale":"lv_LV","og_type":"article","og_title":"Mental Alertness (Pr\u0101ta modr\u012bba) - 60 kapsulas | Gaia Herbs - Pure Nature","og_description":"Augu mais\u012bjums, ko tradicion\u0101li izmanto pr\u0101ta sp\u0113ju, koncentr\u0113\u0161an\u0101s un atmi\u0146as veicin\u0101\u0161anai.    Adaptog\u0113ns atbalsts atmi\u0146as un kognit\u012bvo sp\u0113ju uzlabo\u0161anai.  Sast\u0101v no Sib\u012brijas \u017ee\u0146\u0161e\u0146a, ginkgo lap\u0101m, gotu kolas, rozmar\u012bna un auzu s\u0113klu ekstrakta.  Regul\u0101ra lieto\u0161ana pal\u012bdz\u0113s jums ar\u012b saglab\u0101t koncentr\u0113\u0161anos liela stresa periodos.","og_url":"https:\/\/old.elusvali.ee\/lv\/produkts\/mental-alertness-prata-modriba-60-kapsulas-gaia-herbs\/","og_site_name":"Elusv&auml;li","article_publisher":"https:\/\/www.facebook.com\/profile.php?id=100064131067985","og_image":[{"width":1060,"height":1060,"url":"https:\/\/old.elusvali.ee\/wp-content\/uploads\/2024\/10\/Mental-Alertness-Gaia-Herbs.webp","type":"image\/webp"}],"twitter_card":"summary_large_image","twitter_misc":{"Est. reading time":"1 minute"},"schema":{"@context":"https:\/\/schema.org","@graph":[{"@type":"WebPage","@id":"https:\/\/old.elusvali.ee\/lv\/produkts\/mental-alertness-prata-modriba-60-kapsulas-gaia-herbs\/","url":"https:\/\/old.elusvali.ee\/lv\/produkts\/mental-alertness-prata-modriba-60-kapsulas-gaia-herbs\/","name":"Mental Alertness (Pr\u0101ta modr\u012bba) - 60 kapsulas | Gaia Herbs - Pure Nature","isPartOf":{"@id":"https:\/\/old.elusvali.ee\/lv\/#website"},"primaryImageOfPage":{"@id":"https:\/\/old.elusvali.ee\/lv\/produkts\/mental-alertness-prata-modriba-60-kapsulas-gaia-herbs\/#primaryimage"},"image":{"@id":"https:\/\/old.elusvali.ee\/lv\/produkts\/mental-alertness-prata-modriba-60-kapsulas-gaia-herbs\/#primaryimage"},"thumbnailUrl":"https:\/\/old.elusvali.ee\/wp-content\/uploads\/2024\/10\/Mental-Alertness-Gaia-Herbs.webp","datePublished":"2024-10-21T06:43:48+00:00","breadcrumb":{"@id":"https:\/\/old.elusvali.ee\/lv\/produkts\/mental-alertness-prata-modriba-60-kapsulas-gaia-herbs\/#breadcrumb"},"inLanguage":"lv-LV","potentialAction":[{"@type":"ReadAction","target":["https:\/\/old.elusvali.ee\/lv\/produkts\/mental-alertness-prata-modriba-60-kapsulas-gaia-herbs\/"]}]},{"@type":"ImageObject","inLanguage":"lv-LV","@id":"https:\/\/old.elusvali.ee\/lv\/produkts\/mental-alertness-prata-modriba-60-kapsulas-gaia-herbs\/#primaryimage","url":"https:\/\/old.elusvali.ee\/wp-content\/uploads\/2024\/10\/Mental-Alertness-Gaia-Herbs.webp","contentUrl":"https:\/\/old.elusvali.ee\/wp-content\/uploads\/2024\/10\/Mental-Alertness-Gaia-Herbs.webp","width":1060,"height":1060,"caption":"Mental alertness maisto papildas"},{"@type":"BreadcrumbList","@id":"https:\/\/old.elusvali.ee\/lv\/produkts\/mental-alertness-prata-modriba-60-kapsulas-gaia-herbs\/#breadcrumb","itemListElement":[{"@type":"ListItem","position":1,"name":"Home","item":"https:\/\/purenature.lv\/"},{"@type":"ListItem","position":2,"name":"E-veikals","item":"https:\/\/purenature.lv\/veikals\/"},{"@type":"ListItem","position":3,"name":"Mental Alertness (Pr\u0101ta modr\u012bba) &#8211; 60 kapsulas | Gaia Herbs"}]},{"@type":"WebSite","@id":"https:\/\/old.elusvali.ee\/lv\/#website","url":"https:\/\/old.elusvali.ee\/lv\/","name":"Elusv\u00e4li","description":"Puhas k&ouml;&ouml;k ja koduapteek","publisher":{"@id":"https:\/\/old.elusvali.ee\/lv\/#organization"},"potentialAction":[{"@type":"SearchAction","target":{"@type":"EntryPoint","urlTemplate":"https:\/\/old.elusvali.ee\/lv\/?s={search_term_string}"},"query-input":{"@type":"PropertyValueSpecification","valueRequired":true,"valueName":"search_term_string"}}],"inLanguage":"lv-LV"},{"@type":"Organization","@id":"https:\/\/old.elusvali.ee\/lv\/#organization","name":"Elusv\u00e4li","url":"https:\/\/old.elusvali.ee\/lv\/","logo":{"@type":"ImageObject","inLanguage":"lv-LV","@id":"https:\/\/old.elusvali.ee\/lv\/#\/schema\/logo\/image\/","url":"https:\/\/purenature.lt\/wp-content\/uploads\/2023\/07\/logo.png","contentUrl":"https:\/\/purenature.lt\/wp-content\/uploads\/2023\/07\/logo.png","width":526,"height":146,"caption":"Elusv\u00e4li"},"image":{"@id":"https:\/\/old.elusvali.ee\/lv\/#\/schema\/logo\/image\/"},"sameAs":["https:\/\/www.facebook.com\/profile.php?id=100064131067985","https:\/\/www.instagram.com\/elusvali\/","https:\/\/www.youtube.com\/@elusvali2110"]}]}},"_links":{"self":[{"href":"https:\/\/old.elusvali.ee\/lv\/wp-json\/wp\/v2\/product\/64282","targetHints":{"allow":["GET"]}}],"collection":[{"href":"https:\/\/old.elusvali.ee\/lv\/wp-json\/wp\/v2\/product"}],"about":[{"href":"https:\/\/old.elusvali.ee\/lv\/wp-json\/wp\/v2\/types\/product"}],"replies":[{"embeddable":true,"href":"https:\/\/old.elusvali.ee\/lv\/wp-json\/wp\/v2\/comments?post=64282"}],"version-history":[{"count":0,"href":"https:\/\/old.elusvali.ee\/lv\/wp-json\/wp\/v2\/product\/64282\/revisions"}],"wp:featuredmedia":[{"embeddable":true,"href":"https:\/\/old.elusvali.ee\/lv\/wp-json\/wp\/v2\/media\/51803"}],"wp:attachment":[{"href":"https:\/\/old.elusvali.ee\/lv\/wp-json\/wp\/v2\/media?parent=64282"}],"wp:term":[{"taxonomy":"product_brand","embeddable":true,"href":"https:\/\/old.elusvali.ee\/lv\/wp-json\/wp\/v2\/product_brand?post=64282"},{"taxonomy":"product_cat","embeddable":true,"href":"https:\/\/old.elusvali.ee\/lv\/wp-json\/wp\/v2\/product_cat?post=64282"},{"taxonomy":"product_tag","embeddable":true,"href":"https:\/\/old.elusvali.ee\/lv\/wp-json\/wp\/v2\/product_tag?post=64282"}],"curies":[{"name":"wp","href":"https:\/\/api.w.org\/{rel}","templated":true}]}}