{"id":63007,"date":"2024-03-11T08:59:54","date_gmt":"2024-03-11T06:59:54","guid":{"rendered":"https:\/\/old.elusvali.ee\/product\/biologiskas-kimenes-190g-biomenu-garsvielas\/"},"modified":"2025-05-24T13:34:19","modified_gmt":"2025-05-24T10:34:19","slug":"biologiskas-kimenes-190g-biomenu-garsvielas","status":"publish","type":"product","link":"https:\/\/old.elusvali.ee\/lv\/produkts\/biologiskas-kimenes-190g-biomenu-garsvielas\/","title":{"rendered":"Biolo\u0123isk\u0101s \u0137imenes 190g | BIOMENU Gar\u0161vielas"},"content":{"rendered":"<h4 id=\"tw-target-text\" class=\"tw-data-text tw-text-large tw-ta\" dir=\"ltr\" data-placeholder=\"T\u00f5lge\" data-ved=\"2ahUKEwikzcGy2L6EAxX3PxAIHfFUBfcQ3ewLegQIBRAU\"><span class=\"Y2IQFc\" lang=\"et\">Veselas organiskas \u0137imenes (4-6 mm)<\/span><\/h4>\n<p dir=\"ltr\" data-placeholder=\"T\u00f5lge\" data-ved=\"2ahUKEwikzcGy2L6EAxX3PxAIHfFUBfcQ3ewLegQIBRAU\">Veselas biolo\u0123isk\u0101s \u0137imenes no Lietuvas ir augstas kvalit\u0101tes gar\u0161vielas ar intens\u012bvu, siltu arom\u0101tu un nedaudz saldenu, dab\u012bgu gar\u0161u. \u0136imenes (nejaukt ar malto gar\u0161vielu) ir daudzpus\u012bgas s\u0113klas ar pla\u0161u kulin\u0101rijas pielietojumu un ir viena no sen\u0101kaj\u0101m zin\u0101maj\u0101m gar\u0161viel\u0101m.<\/p>\n<p dir=\"ltr\" data-placeholder=\"T\u00f5lge\" data-ved=\"2ahUKEwikzcGy2L6EAxX3PxAIHfFUBfcQ3ewLegQIBRAU\">Starp citu, vai zin\u0101j\u0101t, ka \u0137ime\u0146u s\u0113klas tehniski nav s\u0113klas, k\u0101 t\u0101s bie\u017ei tiek uzskat\u012btas, bet gan \u0137ime\u0146u auga aug\u013ci?<\/p>\n<h4 dir=\"ltr\" data-placeholder=\"T\u00f5lge\" data-ved=\"2ahUKEwikzcGy2L6EAxX3PxAIHfFUBfcQ3ewLegQIBRAU\">\u0136ime\u0146u pielietojums<\/h4>\n<p dir=\"ltr\" data-placeholder=\"T\u00f5lge\" data-ved=\"2ahUKEwikzcGy2L6EAxX3PxAIHfFUBfcQ3ewLegQIBRAU\"><span class=\"Y2IQFc\" lang=\"et\">Veselas \u0137ime\u0146u s\u0113klas ir labi piem\u0113rotas maizes, konditorejas izstr\u0101d\u0101jumu, saut\u0113jumu, d\u0101rze\u0146u \u0113dienu un marin\u0101\u017eu pagatavo\u0161anai. To arom\u0101ts pie\u0161\u0137ir \u0113dieniem \u012bpatn\u0113ju un pat\u012bkamu gar\u0161u, kas daudziem cilv\u0113kiem pat\u012bk un da\u017eiem rada pat\u012bkamu nostal\u0123iju. <\/span><span class=\"Y2IQFc\" lang=\"et\">Turkl\u0101t \u0137imenes bie\u017ei izmanto da\u017e\u0101dos gar\u0161vielu mais\u012bjumos, piem\u0113ram, slavenaj\u0101 karija pulver\u012b vai gar\u0161vielu past\u0101s. <\/span><\/p>\n<p dir=\"ltr\" data-placeholder=\"T\u00f5lge\" data-ved=\"2ahUKEwikzcGy2L6EAxX3PxAIHfFUBfcQ3ewLegQIBRAU\"><span class=\"Y2IQFc\" lang=\"et\">Var pagatavot ar\u012b \u0101rstniecisku t\u0113ju vai buljonu, pievienojot 2-3 t\u0113jkarotes veselu \u0137ime\u0146u s\u0113klu pusei litra verdo\u0161a \u016bdens. Tas ir lielisks veids, k\u0101 zaud\u0113t svaru un uzmundrin\u0101t visu \u0137ermeni. Tiek uzskat\u012bts, ka \u0137ime\u0146u s\u0113kl\u0101m k\u0101 z\u0101l\u0113m piem\u012bt gremo\u0161anu uzlabojo\u0161as \u012bpa\u0161\u012bbas un t\u0101s mazina g\u0101zu veido\u0161anos, v\u0113dera p\u016b\u0161anos un gr\u0113mas.<br \/>\n<\/span><\/p>\n<p dir=\"ltr\" data-placeholder=\"T\u00f5lge\" data-ved=\"2ahUKEwikzcGy2L6EAxX3PxAIHfFUBfcQ3ewLegQIBRAU\">Skatiet ar\u012b <a href=\"https:\/\/purenature.lv\/?p=28948\">Elusv\u00e4li foka\u010das recepti<\/a>, kas bag\u0101tin\u0101ta ar \u0137imen\u0113m!<\/p>\n<h4 dir=\"ltr\" data-placeholder=\"T\u00f5lge\" data-ved=\"2ahUKEwikzcGy2L6EAxX3PxAIHfFUBfcQ3ewLegQIBRAU\">Videi draudz\u012bgas un biolo\u0123iskas<\/h4>\n<p dir=\"ltr\" data-placeholder=\"T\u00f5lge\" data-ved=\"2ahUKEwikzcGy2L6EAxX3PxAIHfFUBfcQ3ewLegQIBRAU\">BIOMENU \u0137imenes audz\u0113 Lietuv\u0101 saska\u0146\u0101 ar stingriem biolo\u0123isk\u0101s lauksaimniec\u012bbas standartiem. Termins &#8220;biolo\u0123isks&#8221; nodro\u0161ina, ka \u0137imenes ir audz\u0113tas Lietuvas augl\u012bgaj\u0101s augsn\u0113s, neizmantojot sint\u0113tiskos pestic\u012bdus, herbic\u012bdus un \u0137\u012bmiskos m\u0113slo\u0161anas l\u012bdzek\u013cus. T\u0101d\u0113j\u0101di tiek saglab\u0101ta gar\u0161vielas t\u012br\u012bba un nekait\u012bgums videi.<\/p>\n","protected":false},"excerpt":{"rendered":"<p class=\"tw-data-text tw-text-large tw-ta\" dir=\"ltr\" data-placeholder=\"T\u00f5lge\" data-ved=\"2ahUKEwikzcGy2L6EAxX3PxAIHfFUBfcQ3ewLegQIBRAU\"><span class=\"Y2IQFc\" lang=\"et\">Veselas biolo\u0123iskas izcelsmes \u0137ime\u0146u s\u0113klas ir lielisks papildin\u0101jums jebkurai m\u0101jas virtuvei. Arom\u0101tiskas un nedaudz saldsk\u0101bas, t\u0101s ir piem\u0113rotas lieto\u0161anai maizes izstr\u0101d\u0101jumos, saut\u0113jumos vai karija \u0113dienos. Izm\u0113\u0123iniet t\u0101s un izbaudiet pat\u012bkamu gar\u0161as eksploziju! <\/span><\/p>\n","protected":false},"featured_media":39761,"comment_status":"open","ping_status":"closed","template":"","meta":{"_acf_changed":false},"product_brand":[],"product_cat":[456,442],"product_tag":[752],"class_list":{"0":"post-63007","1":"product","2":"type-product","3":"status-publish","4":"has-post-thumbnail","6":"product_cat-garsvielas","7":"product_cat-majas-virtuve","8":"product_tag-garsvielas","10":"first","11":"instock","12":"taxable","13":"shipping-taxable","14":"purchasable","15":"product-type-simple"},"acf":[],"yoast_head":"<!-- This site is optimized with the Yoast SEO plugin v25.3.1 - https:\/\/yoast.com\/wordpress\/plugins\/seo\/ -->\n<title>Biolo\u0123isk\u0101s \u0137imenes 190g | BIOMENU Gar\u0161vielas - Pure Nature<\/title>\n<meta name=\"description\" content=\"\u0136imen\u0113m ir rakstur\u012bgs intens\u012bvs, silts arom\u0101ts un nedaudz salda, dab\u012bga gar\u0161a. Lietojiet biolo\u0123isk\u0101s \u0137imenes maizes izstr\u0101d\u0101jumos, saut\u0113jumos, gar\u0161vielu mais\u012bjumos.\" \/>\n<meta name=\"robots\" content=\"noindex, follow, max-snippet:-1, max-image-preview:large, max-video-preview:-1\" \/>\n<meta property=\"og:locale\" content=\"lv_LV\" \/>\n<meta property=\"og:type\" content=\"article\" \/>\n<meta property=\"og:title\" content=\"Biolo\u0123isk\u0101s \u0137imenes 190g | BIOMENU Gar\u0161vielas - Pure Nature\" \/>\n<meta property=\"og:description\" content=\"\u0136imen\u0113m ir rakstur\u012bgs intens\u012bvs, silts arom\u0101ts un nedaudz salda, dab\u012bga gar\u0161a. Lietojiet biolo\u0123isk\u0101s \u0137imenes maizes izstr\u0101d\u0101jumos, saut\u0113jumos, gar\u0161vielu mais\u012bjumos.\" \/>\n<meta property=\"og:url\" content=\"https:\/\/old.elusvali.ee\/lv\/produkts\/biologiskas-kimenes-190g-biomenu-garsvielas\/\" \/>\n<meta property=\"og:site_name\" content=\"Elusv&auml;li\" \/>\n<meta property=\"article:publisher\" content=\"https:\/\/www.facebook.com\/profile.php?id=100064131067985\" \/>\n<meta property=\"article:modified_time\" content=\"2025-05-24T10:34:19+00:00\" \/>\n<meta property=\"og:image\" content=\"https:\/\/old.elusvali.ee\/wp-content\/uploads\/2024\/02\/Koomned-organic-caraway-seeds.jpg\" \/>\n\t<meta property=\"og:image:width\" content=\"1500\" \/>\n\t<meta property=\"og:image:height\" content=\"1500\" \/>\n\t<meta property=\"og:image:type\" content=\"image\/jpeg\" \/>\n<meta name=\"twitter:card\" content=\"summary_large_image\" \/>\n<meta name=\"twitter:label1\" content=\"Est. reading time\" \/>\n\t<meta name=\"twitter:data1\" content=\"2 minutes\" \/>\n<script type=\"application\/ld+json\" class=\"yoast-schema-graph\">{\"@context\":\"https:\/\/schema.org\",\"@graph\":[{\"@type\":\"WebPage\",\"@id\":\"https:\/\/old.elusvali.ee\/lv\/produkts\/biologiskas-kimenes-190g-biomenu-garsvielas\/\",\"url\":\"https:\/\/old.elusvali.ee\/lv\/produkts\/biologiskas-kimenes-190g-biomenu-garsvielas\/\",\"name\":\"Biolo\u0123isk\u0101s \u0137imenes 190g | BIOMENU Gar\u0161vielas - Pure Nature\",\"isPartOf\":{\"@id\":\"https:\/\/old.elusvali.ee\/lv\/#website\"},\"primaryImageOfPage\":{\"@id\":\"https:\/\/old.elusvali.ee\/lv\/produkts\/biologiskas-kimenes-190g-biomenu-garsvielas\/#primaryimage\"},\"image\":{\"@id\":\"https:\/\/old.elusvali.ee\/lv\/produkts\/biologiskas-kimenes-190g-biomenu-garsvielas\/#primaryimage\"},\"thumbnailUrl\":\"https:\/\/old.elusvali.ee\/wp-content\/uploads\/2024\/02\/Koomned-organic-caraway-seeds.jpg\",\"datePublished\":\"2024-03-11T06:59:54+00:00\",\"dateModified\":\"2025-05-24T10:34:19+00:00\",\"description\":\"\u0136imen\u0113m ir rakstur\u012bgs intens\u012bvs, silts arom\u0101ts un nedaudz salda, dab\u012bga gar\u0161a. Lietojiet biolo\u0123isk\u0101s \u0137imenes maizes izstr\u0101d\u0101jumos, saut\u0113jumos, gar\u0161vielu mais\u012bjumos.\",\"breadcrumb\":{\"@id\":\"https:\/\/old.elusvali.ee\/lv\/produkts\/biologiskas-kimenes-190g-biomenu-garsvielas\/#breadcrumb\"},\"inLanguage\":\"lv-LV\",\"potentialAction\":[{\"@type\":\"ReadAction\",\"target\":[\"https:\/\/old.elusvali.ee\/lv\/produkts\/biologiskas-kimenes-190g-biomenu-garsvielas\/\"]}]},{\"@type\":\"ImageObject\",\"inLanguage\":\"lv-LV\",\"@id\":\"https:\/\/old.elusvali.ee\/lv\/produkts\/biologiskas-kimenes-190g-biomenu-garsvielas\/#primaryimage\",\"url\":\"https:\/\/old.elusvali.ee\/wp-content\/uploads\/2024\/02\/Koomned-organic-caraway-seeds.jpg\",\"contentUrl\":\"https:\/\/old.elusvali.ee\/wp-content\/uploads\/2024\/02\/Koomned-organic-caraway-seeds.jpg\",\"width\":1500,\"height\":1500,\"caption\":\"Ekologiski kmynai\"},{\"@type\":\"BreadcrumbList\",\"@id\":\"https:\/\/old.elusvali.ee\/lv\/produkts\/biologiskas-kimenes-190g-biomenu-garsvielas\/#breadcrumb\",\"itemListElement\":[{\"@type\":\"ListItem\",\"position\":1,\"name\":\"Home\",\"item\":\"https:\/\/purenature.lv\/\"},{\"@type\":\"ListItem\",\"position\":2,\"name\":\"E-veikals\",\"item\":\"https:\/\/purenature.lv\/veikals\/\"},{\"@type\":\"ListItem\",\"position\":3,\"name\":\"Biolo\u0123isk\u0101s \u0137imenes 190g | BIOMENU Gar\u0161vielas\"}]},{\"@type\":\"WebSite\",\"@id\":\"https:\/\/old.elusvali.ee\/lv\/#website\",\"url\":\"https:\/\/old.elusvali.ee\/lv\/\",\"name\":\"Elusv\u00e4li\",\"description\":\"Puhas k&ouml;&ouml;k ja koduapteek\",\"publisher\":{\"@id\":\"https:\/\/old.elusvali.ee\/lv\/#organization\"},\"potentialAction\":[{\"@type\":\"SearchAction\",\"target\":{\"@type\":\"EntryPoint\",\"urlTemplate\":\"https:\/\/old.elusvali.ee\/lv\/?s={search_term_string}\"},\"query-input\":{\"@type\":\"PropertyValueSpecification\",\"valueRequired\":true,\"valueName\":\"search_term_string\"}}],\"inLanguage\":\"lv-LV\"},{\"@type\":\"Organization\",\"@id\":\"https:\/\/old.elusvali.ee\/lv\/#organization\",\"name\":\"Elusv\u00e4li\",\"url\":\"https:\/\/old.elusvali.ee\/lv\/\",\"logo\":{\"@type\":\"ImageObject\",\"inLanguage\":\"lv-LV\",\"@id\":\"https:\/\/old.elusvali.ee\/lv\/#\/schema\/logo\/image\/\",\"url\":\"https:\/\/purenature.lt\/wp-content\/uploads\/2023\/07\/logo.png\",\"contentUrl\":\"https:\/\/purenature.lt\/wp-content\/uploads\/2023\/07\/logo.png\",\"width\":526,\"height\":146,\"caption\":\"Elusv\u00e4li\"},\"image\":{\"@id\":\"https:\/\/old.elusvali.ee\/lv\/#\/schema\/logo\/image\/\"},\"sameAs\":[\"https:\/\/www.facebook.com\/profile.php?id=100064131067985\",\"https:\/\/www.instagram.com\/elusvali\/\",\"https:\/\/www.youtube.com\/@elusvali2110\"]}]}<\/script>\n<!-- \/ Yoast SEO plugin. -->","yoast_head_json":{"title":"Biolo\u0123isk\u0101s \u0137imenes 190g | BIOMENU Gar\u0161vielas - Pure Nature","description":"\u0136imen\u0113m ir rakstur\u012bgs intens\u012bvs, silts arom\u0101ts un nedaudz salda, dab\u012bga gar\u0161a. Lietojiet biolo\u0123isk\u0101s \u0137imenes maizes izstr\u0101d\u0101jumos, saut\u0113jumos, gar\u0161vielu mais\u012bjumos.","robots":{"index":"noindex","follow":"follow","max-snippet":"max-snippet:-1","max-image-preview":"max-image-preview:large","max-video-preview":"max-video-preview:-1"},"og_locale":"lv_LV","og_type":"article","og_title":"Biolo\u0123isk\u0101s \u0137imenes 190g | BIOMENU Gar\u0161vielas - Pure Nature","og_description":"\u0136imen\u0113m ir rakstur\u012bgs intens\u012bvs, silts arom\u0101ts un nedaudz salda, dab\u012bga gar\u0161a. Lietojiet biolo\u0123isk\u0101s \u0137imenes maizes izstr\u0101d\u0101jumos, saut\u0113jumos, gar\u0161vielu mais\u012bjumos.","og_url":"https:\/\/old.elusvali.ee\/lv\/produkts\/biologiskas-kimenes-190g-biomenu-garsvielas\/","og_site_name":"Elusv&auml;li","article_publisher":"https:\/\/www.facebook.com\/profile.php?id=100064131067985","article_modified_time":"2025-05-24T10:34:19+00:00","og_image":[{"width":1500,"height":1500,"url":"https:\/\/old.elusvali.ee\/wp-content\/uploads\/2024\/02\/Koomned-organic-caraway-seeds.jpg","type":"image\/jpeg"}],"twitter_card":"summary_large_image","twitter_misc":{"Est. reading time":"2 minutes"},"schema":{"@context":"https:\/\/schema.org","@graph":[{"@type":"WebPage","@id":"https:\/\/old.elusvali.ee\/lv\/produkts\/biologiskas-kimenes-190g-biomenu-garsvielas\/","url":"https:\/\/old.elusvali.ee\/lv\/produkts\/biologiskas-kimenes-190g-biomenu-garsvielas\/","name":"Biolo\u0123isk\u0101s \u0137imenes 190g | BIOMENU Gar\u0161vielas - Pure Nature","isPartOf":{"@id":"https:\/\/old.elusvali.ee\/lv\/#website"},"primaryImageOfPage":{"@id":"https:\/\/old.elusvali.ee\/lv\/produkts\/biologiskas-kimenes-190g-biomenu-garsvielas\/#primaryimage"},"image":{"@id":"https:\/\/old.elusvali.ee\/lv\/produkts\/biologiskas-kimenes-190g-biomenu-garsvielas\/#primaryimage"},"thumbnailUrl":"https:\/\/old.elusvali.ee\/wp-content\/uploads\/2024\/02\/Koomned-organic-caraway-seeds.jpg","datePublished":"2024-03-11T06:59:54+00:00","dateModified":"2025-05-24T10:34:19+00:00","description":"\u0136imen\u0113m ir rakstur\u012bgs intens\u012bvs, silts arom\u0101ts un nedaudz salda, dab\u012bga gar\u0161a. Lietojiet biolo\u0123isk\u0101s \u0137imenes maizes izstr\u0101d\u0101jumos, saut\u0113jumos, gar\u0161vielu mais\u012bjumos.","breadcrumb":{"@id":"https:\/\/old.elusvali.ee\/lv\/produkts\/biologiskas-kimenes-190g-biomenu-garsvielas\/#breadcrumb"},"inLanguage":"lv-LV","potentialAction":[{"@type":"ReadAction","target":["https:\/\/old.elusvali.ee\/lv\/produkts\/biologiskas-kimenes-190g-biomenu-garsvielas\/"]}]},{"@type":"ImageObject","inLanguage":"lv-LV","@id":"https:\/\/old.elusvali.ee\/lv\/produkts\/biologiskas-kimenes-190g-biomenu-garsvielas\/#primaryimage","url":"https:\/\/old.elusvali.ee\/wp-content\/uploads\/2024\/02\/Koomned-organic-caraway-seeds.jpg","contentUrl":"https:\/\/old.elusvali.ee\/wp-content\/uploads\/2024\/02\/Koomned-organic-caraway-seeds.jpg","width":1500,"height":1500,"caption":"Ekologiski kmynai"},{"@type":"BreadcrumbList","@id":"https:\/\/old.elusvali.ee\/lv\/produkts\/biologiskas-kimenes-190g-biomenu-garsvielas\/#breadcrumb","itemListElement":[{"@type":"ListItem","position":1,"name":"Home","item":"https:\/\/purenature.lv\/"},{"@type":"ListItem","position":2,"name":"E-veikals","item":"https:\/\/purenature.lv\/veikals\/"},{"@type":"ListItem","position":3,"name":"Biolo\u0123isk\u0101s \u0137imenes 190g | BIOMENU Gar\u0161vielas"}]},{"@type":"WebSite","@id":"https:\/\/old.elusvali.ee\/lv\/#website","url":"https:\/\/old.elusvali.ee\/lv\/","name":"Elusv\u00e4li","description":"Puhas k&ouml;&ouml;k ja koduapteek","publisher":{"@id":"https:\/\/old.elusvali.ee\/lv\/#organization"},"potentialAction":[{"@type":"SearchAction","target":{"@type":"EntryPoint","urlTemplate":"https:\/\/old.elusvali.ee\/lv\/?s={search_term_string}"},"query-input":{"@type":"PropertyValueSpecification","valueRequired":true,"valueName":"search_term_string"}}],"inLanguage":"lv-LV"},{"@type":"Organization","@id":"https:\/\/old.elusvali.ee\/lv\/#organization","name":"Elusv\u00e4li","url":"https:\/\/old.elusvali.ee\/lv\/","logo":{"@type":"ImageObject","inLanguage":"lv-LV","@id":"https:\/\/old.elusvali.ee\/lv\/#\/schema\/logo\/image\/","url":"https:\/\/purenature.lt\/wp-content\/uploads\/2023\/07\/logo.png","contentUrl":"https:\/\/purenature.lt\/wp-content\/uploads\/2023\/07\/logo.png","width":526,"height":146,"caption":"Elusv\u00e4li"},"image":{"@id":"https:\/\/old.elusvali.ee\/lv\/#\/schema\/logo\/image\/"},"sameAs":["https:\/\/www.facebook.com\/profile.php?id=100064131067985","https:\/\/www.instagram.com\/elusvali\/","https:\/\/www.youtube.com\/@elusvali2110"]}]}},"_links":{"self":[{"href":"https:\/\/old.elusvali.ee\/lv\/wp-json\/wp\/v2\/product\/63007","targetHints":{"allow":["GET"]}}],"collection":[{"href":"https:\/\/old.elusvali.ee\/lv\/wp-json\/wp\/v2\/product"}],"about":[{"href":"https:\/\/old.elusvali.ee\/lv\/wp-json\/wp\/v2\/types\/product"}],"replies":[{"embeddable":true,"href":"https:\/\/old.elusvali.ee\/lv\/wp-json\/wp\/v2\/comments?post=63007"}],"version-history":[{"count":2,"href":"https:\/\/old.elusvali.ee\/lv\/wp-json\/wp\/v2\/product\/63007\/revisions"}],"predecessor-version":[{"id":66822,"href":"https:\/\/old.elusvali.ee\/lv\/wp-json\/wp\/v2\/product\/63007\/revisions\/66822"}],"wp:featuredmedia":[{"embeddable":true,"href":"https:\/\/old.elusvali.ee\/lv\/wp-json\/wp\/v2\/media\/39761"}],"wp:attachment":[{"href":"https:\/\/old.elusvali.ee\/lv\/wp-json\/wp\/v2\/media?parent=63007"}],"wp:term":[{"taxonomy":"product_brand","embeddable":true,"href":"https:\/\/old.elusvali.ee\/lv\/wp-json\/wp\/v2\/product_brand?post=63007"},{"taxonomy":"product_cat","embeddable":true,"href":"https:\/\/old.elusvali.ee\/lv\/wp-json\/wp\/v2\/product_cat?post=63007"},{"taxonomy":"product_tag","embeddable":true,"href":"https:\/\/old.elusvali.ee\/lv\/wp-json\/wp\/v2\/product_tag?post=63007"}],"curies":[{"name":"wp","href":"https:\/\/api.w.org\/{rel}","templated":true}]}}