{"id":63003,"date":"2024-03-11T09:00:21","date_gmt":"2024-03-11T07:00:21","guid":{"rendered":"https:\/\/old.elusvali.ee\/product\/biologiski-audzets-oregano-raudene-70g-biomenu-garsvielas\/"},"modified":"2025-06-05T09:48:06","modified_gmt":"2025-06-05T06:48:06","slug":"biologiski-audzets-oregano-raudene-70g-biomenu-garsvielas","status":"publish","type":"product","link":"https:\/\/old.elusvali.ee\/lv\/produkts\/biologiski-audzets-oregano-raudene-70g-biomenu-garsvielas\/","title":{"rendered":"Biolo\u0123iski audz\u0113ts oregano (raudene) 70g | BIOMENU Gar\u0161vielas"},"content":{"rendered":"<h4 dir=\"ltr\" data-placeholder=\"T\u00f5lge\" data-ved=\"2ahUKEwikzcGy2L6EAxX3PxAIHfFUBfcQ3ewLegQIBRAU\"><span class=\"Y2IQFc\" lang=\"et\">Organiskais oregano (1-4 mm)<\/span><\/h4>\n<p dir=\"ltr\" data-placeholder=\"T\u00f5lge\" data-ved=\"2ahUKEwikzcGy2L6EAxX3PxAIHfFUBfcQ3ewLegQIBRAU\">Pune (igau\u0146u valod\u0101 &#8211; oregano vai desu z\u0101le) pie\u0161\u0137ir picai, makaroniem, sal\u0101tiem un daudziem citiem \u0113dieniem \u012bpa\u0161u gar\u0161u, ko gr\u016bti aizmirst, ja reiz to esat nogar\u0161oju\u0161i. Oregano ir ar\u012b \u013coti arom\u0101tisks &#8211; kad to cepat, tas izdala br\u012bni\u0161\u0137\u012bgu smar\u017eu. Biomenu oregano lapi\u0146as ir pat\u012bkami mazas un vienm\u0113r\u012bgi sadal\u0101s pa \u0113dienu.  <\/p>\n<h4 class=\"tw-data-text tw-text-large tw-ta\" dir=\"ltr\" data-placeholder=\"T\u00f5lge\" data-ved=\"2ahUKEwikzcGy2L6EAxX3PxAIHfFUBfcQ3ewLegQIBRAU\"><span class=\"Y2IQFc\" lang=\"et\">Biomenu Pune &#8211; Vidusj\u016bras svaigums biolo\u0123isk\u0101 kvalit\u0101t\u0113!<\/span><\/h4>\n<p dir=\"ltr\" data-placeholder=\"T\u00f5lge\" data-ved=\"2ahUKEwikzcGy2L6EAxX3PxAIHfFUBfcQ3ewLegQIBRAU\">Biomenu biolo\u0123iskais oregano ir kas vair\u0101k nek\u0101 tikai gar\u0161viela &#8211; t\u0101 ir Vidusj\u016bras virtuves b\u016bt\u012bba, kas audz\u0113ta saska\u0146\u0101 ar visaugst\u0101kajiem biolo\u0123iskajiem standartiem. Saulainos laukos bez kait\u012bg\u0101m \u0137imik\u0101lij\u0101m izaudz\u0113tais oregano sniedz t\u012bras biolo\u0123isk\u0101s lauksaimniec\u012bbas svaigumu j\u016bsu \u0161\u0137\u012bvim. Ar rok\u0101m r\u016bp\u012bgi nov\u0101kts un saudz\u012bgi kalt\u0113ts, raudene ir saglab\u0101jusi visu savu gar\u0161u bu\u0137eti. Nogar\u0161ojiet un izbaudiet at\u0161\u0137ir\u012bbu, ko var sniegt ilgtsp\u0113j\u012bga lauksaimniec\u012bba.   <\/p>\n<h4 dir=\"ltr\" data-placeholder=\"T\u00f5lge\" data-ved=\"2ahUKEwikzcGy2L6EAxX3PxAIHfFUBfcQ3ewLegQIBRAU\">&#8220;Kalnu skaistums&#8221;<\/h4>\n<p dir=\"ltr\" data-placeholder=\"T\u00f5lge\" data-ved=\"2ahUKEwikzcGy2L6EAxX3PxAIHfFUBfcQ3ewLegQIBRAU\">Vai zin\u0101j\u0101t, ka ang\u013cu valodas ekvivalents v\u0101rdam <em>&#8220;oregano<\/em>&#8221; &#8211; pune, sengrie\u0137u valod\u0101 noz\u012bm\u0113 <em>&#8220;kalnu skaistule&#8221;<\/em>? Tas ir t\u0101p\u0113c, ka raudene aug Grie\u0137ijas augstkalnu nog\u0101z\u0113s un rot\u0101 t\u0101s ar saviem s\u0101rti sarkan\u012bgi s\u0101rtajiem ziediem. Senie grie\u0137i \u0161o augu velt\u012bja dievietei Afrod\u012btei, kas, k\u0101 uzskat\u012bja, bija t\u0101 rad\u012bt\u0101ja.  <\/p>\n<p dir=\"ltr\" data-placeholder=\"T\u00f5lge\" data-ved=\"2ahUKEwikzcGy2L6EAxX3PxAIHfFUBfcQ3ewLegQIBRAU\">Igau\u0146u folklor\u0101 raudenei piem\u012bt ar\u012b ma\u0123isks sp\u0113ks, kas cita starp\u0101 simboliz\u0113 veiksmi, m\u012blest\u012bbu un sievi\u0161\u0137\u012bbu.<\/p>\n<h4 class=\"tw-data-text tw-text-large tw-ta\" dir=\"ltr\" data-placeholder=\"T\u00f5lge\" data-ved=\"2ahUKEwikzcGy2L6EAxX3PxAIHfFUBfcQ3ewLegQIBRAU\">Senais augs<\/h4>\n<p dir=\"ltr\" data-placeholder=\"T\u00f5lge\" data-ved=\"2ahUKEwikzcGy2L6EAxX3PxAIHfFUBfcQ3ewLegQIBRAU\">Papildus kulin\u0101rijas vajadz\u012bb\u0101m oregano jau kop\u0161 seniem laikiem izmanto ar\u012b tautas medic\u012bn\u0101. To izmantoja saaukst\u0113\u0161an\u0101s, bakteri\u0101lu un v\u012brusu infekciju, k\u0101 ar\u012b gremo\u0161anas probl\u0113mu \u0101rst\u0113\u0161anai. No kalt\u0113tas raudenes var pagatavot efekt\u012bvu \u0101rstniecisku t\u0113ju vai buljonu, kas noder ar\u012b c\u012b\u0146\u0101 pret streptokoku bakt\u0113rij\u0101m.  <\/p>\n","protected":false},"excerpt":{"rendered":"<p>Arom\u0101tiskais un gar\u0161\u012bgais oregano ir unik\u0101ls gar\u0161augs, kas labi sader ar visiem Vidusj\u016bras virtuves \u0113dieniem, piem\u0113ram, pic\u0101m, makaroniem un sal\u0101tiem, k\u0101 ar\u012b da\u017e\u0101d\u0101m zup\u0101m, saut\u0113jumiem un citiem konditorejas izstr\u0101d\u0101jumiem. Turkl\u0101t raudeni var izmantot ar\u012b k\u0101 sp\u0113c\u012bgu gar\u0161augu t\u0113jai, uzl\u0113jumiem vai \u0101rstnieciskajiem buljoniem. <\/p>\n","protected":false},"featured_media":39757,"comment_status":"open","ping_status":"closed","template":"","meta":{"_acf_changed":false},"product_brand":[],"product_cat":[456,442],"product_tag":[752],"class_list":{"0":"post-63003","1":"product","2":"type-product","3":"status-publish","4":"has-post-thumbnail","6":"product_cat-garsvielas","7":"product_cat-majas-virtuve","8":"product_tag-garsvielas","10":"first","11":"instock","12":"taxable","13":"shipping-taxable","14":"purchasable","15":"product-type-simple"},"acf":[],"yoast_head":"<!-- This site is optimized with the Yoast SEO plugin v25.3.1 - https:\/\/yoast.com\/wordpress\/plugins\/seo\/ -->\n<title>Biolo\u0123iski audz\u0113ts oregano (raudene) 70g | BIOMENU Gar\u0161vielas - Pure Nature<\/title>\n<meta name=\"description\" content=\"Arom\u0101tisks un gar\u0161\u012bgs oregano (raudene, desu z\u0101le) ir unik\u0101ls gar\u0161augs, kas labi sader ar visiem Vidusj\u016bras re\u0123iona \u0113dieniem, piem\u0113ram, pic\u0101m, makaroniem un sal\u0101tiem.\" \/>\n<meta name=\"robots\" content=\"noindex, follow, max-snippet:-1, max-image-preview:large, max-video-preview:-1\" \/>\n<meta property=\"og:locale\" content=\"lv_LV\" \/>\n<meta property=\"og:type\" content=\"article\" \/>\n<meta property=\"og:title\" content=\"Biolo\u0123iski audz\u0113ts oregano (raudene) 70g | BIOMENU Gar\u0161vielas - Pure Nature\" \/>\n<meta property=\"og:description\" content=\"Arom\u0101tisks un gar\u0161\u012bgs oregano (raudene, desu z\u0101le) ir unik\u0101ls gar\u0161augs, kas labi sader ar visiem Vidusj\u016bras re\u0123iona \u0113dieniem, piem\u0113ram, pic\u0101m, makaroniem un sal\u0101tiem.\" \/>\n<meta property=\"og:url\" content=\"https:\/\/old.elusvali.ee\/lv\/produkts\/biologiski-audzets-oregano-raudene-70g-biomenu-garsvielas\/\" \/>\n<meta property=\"og:site_name\" content=\"Elusv&auml;li\" \/>\n<meta property=\"article:publisher\" content=\"https:\/\/www.facebook.com\/profile.php?id=100064131067985\" \/>\n<meta property=\"article:modified_time\" content=\"2025-06-05T06:48:06+00:00\" \/>\n<meta property=\"og:image\" content=\"https:\/\/old.elusvali.ee\/wp-content\/uploads\/2024\/02\/Oregano-pune-organic-oregano.jpg\" \/>\n\t<meta property=\"og:image:width\" content=\"1500\" \/>\n\t<meta property=\"og:image:height\" content=\"1500\" \/>\n\t<meta property=\"og:image:type\" content=\"image\/jpeg\" \/>\n<meta name=\"twitter:card\" content=\"summary_large_image\" \/>\n<meta name=\"twitter:label1\" content=\"Est. reading time\" \/>\n\t<meta name=\"twitter:data1\" content=\"2 minutes\" \/>\n<script type=\"application\/ld+json\" class=\"yoast-schema-graph\">{\"@context\":\"https:\/\/schema.org\",\"@graph\":[{\"@type\":\"WebPage\",\"@id\":\"https:\/\/old.elusvali.ee\/lv\/produkts\/biologiski-audzets-oregano-raudene-70g-biomenu-garsvielas\/\",\"url\":\"https:\/\/old.elusvali.ee\/lv\/produkts\/biologiski-audzets-oregano-raudene-70g-biomenu-garsvielas\/\",\"name\":\"Biolo\u0123iski audz\u0113ts oregano (raudene) 70g | BIOMENU Gar\u0161vielas - Pure Nature\",\"isPartOf\":{\"@id\":\"https:\/\/old.elusvali.ee\/lv\/#website\"},\"primaryImageOfPage\":{\"@id\":\"https:\/\/old.elusvali.ee\/lv\/produkts\/biologiski-audzets-oregano-raudene-70g-biomenu-garsvielas\/#primaryimage\"},\"image\":{\"@id\":\"https:\/\/old.elusvali.ee\/lv\/produkts\/biologiski-audzets-oregano-raudene-70g-biomenu-garsvielas\/#primaryimage\"},\"thumbnailUrl\":\"https:\/\/old.elusvali.ee\/wp-content\/uploads\/2024\/02\/Oregano-pune-organic-oregano.jpg\",\"datePublished\":\"2024-03-11T07:00:21+00:00\",\"dateModified\":\"2025-06-05T06:48:06+00:00\",\"description\":\"Arom\u0101tisks un gar\u0161\u012bgs oregano (raudene, desu z\u0101le) ir unik\u0101ls gar\u0161augs, kas labi sader ar visiem Vidusj\u016bras re\u0123iona \u0113dieniem, piem\u0113ram, pic\u0101m, makaroniem un sal\u0101tiem.\",\"breadcrumb\":{\"@id\":\"https:\/\/old.elusvali.ee\/lv\/produkts\/biologiski-audzets-oregano-raudene-70g-biomenu-garsvielas\/#breadcrumb\"},\"inLanguage\":\"lv-LV\",\"potentialAction\":[{\"@type\":\"ReadAction\",\"target\":[\"https:\/\/old.elusvali.ee\/lv\/produkts\/biologiski-audzets-oregano-raudene-70g-biomenu-garsvielas\/\"]}]},{\"@type\":\"ImageObject\",\"inLanguage\":\"lv-LV\",\"@id\":\"https:\/\/old.elusvali.ee\/lv\/produkts\/biologiski-audzets-oregano-raudene-70g-biomenu-garsvielas\/#primaryimage\",\"url\":\"https:\/\/old.elusvali.ee\/wp-content\/uploads\/2024\/02\/Oregano-pune-organic-oregano.jpg\",\"contentUrl\":\"https:\/\/old.elusvali.ee\/wp-content\/uploads\/2024\/02\/Oregano-pune-organic-oregano.jpg\",\"width\":1500,\"height\":1500,\"caption\":\"Raudonelis\"},{\"@type\":\"BreadcrumbList\",\"@id\":\"https:\/\/old.elusvali.ee\/lv\/produkts\/biologiski-audzets-oregano-raudene-70g-biomenu-garsvielas\/#breadcrumb\",\"itemListElement\":[{\"@type\":\"ListItem\",\"position\":1,\"name\":\"Home\",\"item\":\"https:\/\/purenature.lv\/\"},{\"@type\":\"ListItem\",\"position\":2,\"name\":\"E-veikals\",\"item\":\"https:\/\/purenature.lv\/veikals\/\"},{\"@type\":\"ListItem\",\"position\":3,\"name\":\"Biolo\u0123iski audz\u0113ts oregano (raudene) 70g | BIOMENU Gar\u0161vielas\"}]},{\"@type\":\"WebSite\",\"@id\":\"https:\/\/old.elusvali.ee\/lv\/#website\",\"url\":\"https:\/\/old.elusvali.ee\/lv\/\",\"name\":\"Elusv\u00e4li\",\"description\":\"Puhas k&ouml;&ouml;k ja koduapteek\",\"publisher\":{\"@id\":\"https:\/\/old.elusvali.ee\/lv\/#organization\"},\"potentialAction\":[{\"@type\":\"SearchAction\",\"target\":{\"@type\":\"EntryPoint\",\"urlTemplate\":\"https:\/\/old.elusvali.ee\/lv\/?s={search_term_string}\"},\"query-input\":{\"@type\":\"PropertyValueSpecification\",\"valueRequired\":true,\"valueName\":\"search_term_string\"}}],\"inLanguage\":\"lv-LV\"},{\"@type\":\"Organization\",\"@id\":\"https:\/\/old.elusvali.ee\/lv\/#organization\",\"name\":\"Elusv\u00e4li\",\"url\":\"https:\/\/old.elusvali.ee\/lv\/\",\"logo\":{\"@type\":\"ImageObject\",\"inLanguage\":\"lv-LV\",\"@id\":\"https:\/\/old.elusvali.ee\/lv\/#\/schema\/logo\/image\/\",\"url\":\"https:\/\/purenature.lt\/wp-content\/uploads\/2023\/07\/logo.png\",\"contentUrl\":\"https:\/\/purenature.lt\/wp-content\/uploads\/2023\/07\/logo.png\",\"width\":526,\"height\":146,\"caption\":\"Elusv\u00e4li\"},\"image\":{\"@id\":\"https:\/\/old.elusvali.ee\/lv\/#\/schema\/logo\/image\/\"},\"sameAs\":[\"https:\/\/www.facebook.com\/profile.php?id=100064131067985\",\"https:\/\/www.instagram.com\/elusvali\/\",\"https:\/\/www.youtube.com\/@elusvali2110\"]}]}<\/script>\n<!-- \/ Yoast SEO plugin. -->","yoast_head_json":{"title":"Biolo\u0123iski audz\u0113ts oregano (raudene) 70g | BIOMENU Gar\u0161vielas - Pure Nature","description":"Arom\u0101tisks un gar\u0161\u012bgs oregano (raudene, desu z\u0101le) ir unik\u0101ls gar\u0161augs, kas labi sader ar visiem Vidusj\u016bras re\u0123iona \u0113dieniem, piem\u0113ram, pic\u0101m, makaroniem un sal\u0101tiem.","robots":{"index":"noindex","follow":"follow","max-snippet":"max-snippet:-1","max-image-preview":"max-image-preview:large","max-video-preview":"max-video-preview:-1"},"og_locale":"lv_LV","og_type":"article","og_title":"Biolo\u0123iski audz\u0113ts oregano (raudene) 70g | BIOMENU Gar\u0161vielas - Pure Nature","og_description":"Arom\u0101tisks un gar\u0161\u012bgs oregano (raudene, desu z\u0101le) ir unik\u0101ls gar\u0161augs, kas labi sader ar visiem Vidusj\u016bras re\u0123iona \u0113dieniem, piem\u0113ram, pic\u0101m, makaroniem un sal\u0101tiem.","og_url":"https:\/\/old.elusvali.ee\/lv\/produkts\/biologiski-audzets-oregano-raudene-70g-biomenu-garsvielas\/","og_site_name":"Elusv&auml;li","article_publisher":"https:\/\/www.facebook.com\/profile.php?id=100064131067985","article_modified_time":"2025-06-05T06:48:06+00:00","og_image":[{"width":1500,"height":1500,"url":"https:\/\/old.elusvali.ee\/wp-content\/uploads\/2024\/02\/Oregano-pune-organic-oregano.jpg","type":"image\/jpeg"}],"twitter_card":"summary_large_image","twitter_misc":{"Est. reading time":"2 minutes"},"schema":{"@context":"https:\/\/schema.org","@graph":[{"@type":"WebPage","@id":"https:\/\/old.elusvali.ee\/lv\/produkts\/biologiski-audzets-oregano-raudene-70g-biomenu-garsvielas\/","url":"https:\/\/old.elusvali.ee\/lv\/produkts\/biologiski-audzets-oregano-raudene-70g-biomenu-garsvielas\/","name":"Biolo\u0123iski audz\u0113ts oregano (raudene) 70g | BIOMENU Gar\u0161vielas - Pure Nature","isPartOf":{"@id":"https:\/\/old.elusvali.ee\/lv\/#website"},"primaryImageOfPage":{"@id":"https:\/\/old.elusvali.ee\/lv\/produkts\/biologiski-audzets-oregano-raudene-70g-biomenu-garsvielas\/#primaryimage"},"image":{"@id":"https:\/\/old.elusvali.ee\/lv\/produkts\/biologiski-audzets-oregano-raudene-70g-biomenu-garsvielas\/#primaryimage"},"thumbnailUrl":"https:\/\/old.elusvali.ee\/wp-content\/uploads\/2024\/02\/Oregano-pune-organic-oregano.jpg","datePublished":"2024-03-11T07:00:21+00:00","dateModified":"2025-06-05T06:48:06+00:00","description":"Arom\u0101tisks un gar\u0161\u012bgs oregano (raudene, desu z\u0101le) ir unik\u0101ls gar\u0161augs, kas labi sader ar visiem Vidusj\u016bras re\u0123iona \u0113dieniem, piem\u0113ram, pic\u0101m, makaroniem un sal\u0101tiem.","breadcrumb":{"@id":"https:\/\/old.elusvali.ee\/lv\/produkts\/biologiski-audzets-oregano-raudene-70g-biomenu-garsvielas\/#breadcrumb"},"inLanguage":"lv-LV","potentialAction":[{"@type":"ReadAction","target":["https:\/\/old.elusvali.ee\/lv\/produkts\/biologiski-audzets-oregano-raudene-70g-biomenu-garsvielas\/"]}]},{"@type":"ImageObject","inLanguage":"lv-LV","@id":"https:\/\/old.elusvali.ee\/lv\/produkts\/biologiski-audzets-oregano-raudene-70g-biomenu-garsvielas\/#primaryimage","url":"https:\/\/old.elusvali.ee\/wp-content\/uploads\/2024\/02\/Oregano-pune-organic-oregano.jpg","contentUrl":"https:\/\/old.elusvali.ee\/wp-content\/uploads\/2024\/02\/Oregano-pune-organic-oregano.jpg","width":1500,"height":1500,"caption":"Raudonelis"},{"@type":"BreadcrumbList","@id":"https:\/\/old.elusvali.ee\/lv\/produkts\/biologiski-audzets-oregano-raudene-70g-biomenu-garsvielas\/#breadcrumb","itemListElement":[{"@type":"ListItem","position":1,"name":"Home","item":"https:\/\/purenature.lv\/"},{"@type":"ListItem","position":2,"name":"E-veikals","item":"https:\/\/purenature.lv\/veikals\/"},{"@type":"ListItem","position":3,"name":"Biolo\u0123iski audz\u0113ts oregano (raudene) 70g | BIOMENU Gar\u0161vielas"}]},{"@type":"WebSite","@id":"https:\/\/old.elusvali.ee\/lv\/#website","url":"https:\/\/old.elusvali.ee\/lv\/","name":"Elusv\u00e4li","description":"Puhas k&ouml;&ouml;k ja koduapteek","publisher":{"@id":"https:\/\/old.elusvali.ee\/lv\/#organization"},"potentialAction":[{"@type":"SearchAction","target":{"@type":"EntryPoint","urlTemplate":"https:\/\/old.elusvali.ee\/lv\/?s={search_term_string}"},"query-input":{"@type":"PropertyValueSpecification","valueRequired":true,"valueName":"search_term_string"}}],"inLanguage":"lv-LV"},{"@type":"Organization","@id":"https:\/\/old.elusvali.ee\/lv\/#organization","name":"Elusv\u00e4li","url":"https:\/\/old.elusvali.ee\/lv\/","logo":{"@type":"ImageObject","inLanguage":"lv-LV","@id":"https:\/\/old.elusvali.ee\/lv\/#\/schema\/logo\/image\/","url":"https:\/\/purenature.lt\/wp-content\/uploads\/2023\/07\/logo.png","contentUrl":"https:\/\/purenature.lt\/wp-content\/uploads\/2023\/07\/logo.png","width":526,"height":146,"caption":"Elusv\u00e4li"},"image":{"@id":"https:\/\/old.elusvali.ee\/lv\/#\/schema\/logo\/image\/"},"sameAs":["https:\/\/www.facebook.com\/profile.php?id=100064131067985","https:\/\/www.instagram.com\/elusvali\/","https:\/\/www.youtube.com\/@elusvali2110"]}]}},"_links":{"self":[{"href":"https:\/\/old.elusvali.ee\/lv\/wp-json\/wp\/v2\/product\/63003","targetHints":{"allow":["GET"]}}],"collection":[{"href":"https:\/\/old.elusvali.ee\/lv\/wp-json\/wp\/v2\/product"}],"about":[{"href":"https:\/\/old.elusvali.ee\/lv\/wp-json\/wp\/v2\/types\/product"}],"replies":[{"embeddable":true,"href":"https:\/\/old.elusvali.ee\/lv\/wp-json\/wp\/v2\/comments?post=63003"}],"version-history":[{"count":1,"href":"https:\/\/old.elusvali.ee\/lv\/wp-json\/wp\/v2\/product\/63003\/revisions"}],"predecessor-version":[{"id":63004,"href":"https:\/\/old.elusvali.ee\/lv\/wp-json\/wp\/v2\/product\/63003\/revisions\/63004"}],"wp:featuredmedia":[{"embeddable":true,"href":"https:\/\/old.elusvali.ee\/lv\/wp-json\/wp\/v2\/media\/39757"}],"wp:attachment":[{"href":"https:\/\/old.elusvali.ee\/lv\/wp-json\/wp\/v2\/media?parent=63003"}],"wp:term":[{"taxonomy":"product_brand","embeddable":true,"href":"https:\/\/old.elusvali.ee\/lv\/wp-json\/wp\/v2\/product_brand?post=63003"},{"taxonomy":"product_cat","embeddable":true,"href":"https:\/\/old.elusvali.ee\/lv\/wp-json\/wp\/v2\/product_cat?post=63003"},{"taxonomy":"product_tag","embeddable":true,"href":"https:\/\/old.elusvali.ee\/lv\/wp-json\/wp\/v2\/product_tag?post=63003"}],"curies":[{"name":"wp","href":"https:\/\/api.w.org\/{rel}","templated":true}]}}