{"id":62995,"date":"2024-03-11T09:00:01","date_gmt":"2024-03-11T07:00:01","guid":{"rendered":"https:\/\/old.elusvali.ee\/product\/organiskas-kimenes-maltas-50g-biomenu-garsvielas\/"},"modified":"2025-03-13T13:42:53","modified_gmt":"2025-03-13T11:42:53","slug":"organiskas-kimenes-maltas-50g-biomenu-garsvielas","status":"publish","type":"product","link":"https:\/\/old.elusvali.ee\/lv\/produkts\/organiskas-kimenes-maltas-50g-biomenu-garsvielas\/","title":{"rendered":"Organisk\u0101s \u0137imenes (maltas) 50g | BIOMENU gar\u0161vielas"},"content":{"rendered":"<h4 id=\"tw-target-text\" class=\"tw-data-text tw-text-large tw-ta\" dir=\"ltr\" data-placeholder=\"T\u00f5lge\" data-ved=\"2ahUKEwikzcGy2L6EAxX3PxAIHfFUBfcQ3ewLegQIBRAU\"><span class=\"Y2IQFc\" lang=\"et\">Biolo\u0123iskas maltas \u0137imenes &#8211; eksotiskas gar\u0161vielas ar dab\u012bgu gar\u0161u!<\/span><\/h4>\n<p dir=\"ltr\" data-placeholder=\"T\u00f5lge\" data-ved=\"2ahUKEwikzcGy2L6EAxX3PxAIHfFUBfcQ3ewLegQIBRAU\">Biomenu \u0137imenes ir biolo\u0123iski audz\u0113tas un ar m\u012blest\u012bbu ra\u017eotas, un t\u0101s pie\u0161\u0137ir j\u016bsu \u0113dieniem gardu, eksotisku piesk\u0101rienu. Smalki maltas, t\u0101s ir br\u012bni\u0161\u0137\u012bgi arom\u0101tiskas gar\u0161vielas ar patiesi \u012bpatn\u0113ju gar\u0161u, kas iecien\u012btas visur. Gar\u0161vielas, kuru izcelsme ir Tuvajos Austrumos, gadu gait\u0101 ir iekaroju\u0161as visu pasauli un k\u013cuvu\u0161as paz\u012bstamas ar\u012b zieme\u013cu klimatiskajos re\u0123ionos. T\u0101s ir gar\u0161vielas, kas sasilda un uzmundrina, bet nav asas, tom\u0113r to gar\u0161a ir tik dzi\u013ca un bag\u0101t\u012bga, ka to gribas pievienot \u0113dieniem atkal un atkal.   <\/p>\n<h4 dir=\"ltr\" data-placeholder=\"T\u00f5lge\" data-ved=\"2ahUKEwikzcGy2L6EAxX3PxAIHfFUBfcQ3ewLegQIBRAU\">Univers\u0101ls pal\u012bgs virtuv\u0113<\/h4>\n<p dir=\"ltr\" data-placeholder=\"T\u00f5lge\" data-ved=\"2ahUKEwikzcGy2L6EAxX3PxAIHfFUBfcQ3ewLegQIBRAU\">Iesp\u0113jams, ka \u0137imenes vislab\u0101k paz\u012bstamas k\u0101 humusa un karija sast\u0101vda\u013ca, ta\u010du t\u0101s ir lieliski piem\u0113rotas ar\u012b visda\u017e\u0101d\u0101kajiem konditorejas izstr\u0101d\u0101jumiem, d\u0101rze\u0146u un cit\u0101m m\u0113rc\u0113m, k\u0101 ar\u012b ga\u013cas un zivju \u0113dieniem. \u0136imenes ir ar\u012b b\u016btiska sast\u0101vda\u013ca ikviena da\u017e\u0101du valstu virtuvju cien\u012bt\u0101ja \u0113dienkart\u0113. To daudzpus\u012bba, izteikt\u0101 gar\u0161a un pat\u012bkamais arom\u0101ts padara t\u0101s par neaizst\u0101jamu sabiedroto virtuv\u0113.  <\/p>\n<h4 dir=\"ltr\" data-placeholder=\"T\u00f5lge\" data-ved=\"2ahUKEwikzcGy2L6EAxX3PxAIHfFUBfcQ3ewLegQIBRAU\">Pal\u012bdziet gremo\u0161anas sist\u0113mai ar \u0137imen\u0113m.<\/h4>\n<p dir=\"ltr\" data-placeholder=\"T\u00f5lge\" data-ved=\"2ahUKEwikzcGy2L6EAxX3PxAIHfFUBfcQ3ewLegQIBRAU\">Ar miner\u0101lviel\u0101m bag\u0101taj\u0101m gar\u0161viel\u0101m bag\u0101taj\u0101m \u0137imen\u0113m piem\u012bt lieliskas sp\u0113jas uztur\u0113t ku\u0146\u0123a vesel\u012bbu, t\u0101p\u0113c t\u0101s ir labs l\u012bdzeklis pret vis\u0101m gremo\u0161anas probl\u0113m\u0101m, s\u0101kot no aizciet\u0113jumiem, ku\u0146\u0123a spazm\u0101m un gastr\u012bta l\u012bdz piep\u016bstam v\u0113deram un sliktai d\u016b\u0161ai. K\u0101 v\u0113sta medic\u012bnas mediji, \u0137imenes pal\u012bdz organismam efekt\u012bv\u0101k uzs\u016bkt uzturvielas un sp\u0113j stimul\u0113t aknu un nieru darb\u012bbu. <\/p>\n<p dir=\"ltr\" data-placeholder=\"T\u00f5lge\" data-ved=\"2ahUKEwikzcGy2L6EAxX3PxAIHfFUBfcQ3ewLegQIBRAU\">(PS! Nejaukt \u0137imenes un \u0137ime\u0146u s\u0113klas, kas ir da\u017e\u0101das gar\u0161vielas no da\u017e\u0101diem augiem. Purenature tiek p\u0101rdotas ar\u012b veselas \u0137ime\u0146u s\u0113klas.)<\/p>\n","protected":false},"excerpt":{"rendered":"<p>\u0136imenes ir gar\u0161vielas ar unik\u0101lu gar\u0161u, ko iecien\u012bju\u0161i visur. Visbie\u017e\u0101k t\u0101s ir paz\u012bstamas k\u0101 b\u016btiska humusa sast\u0101vda\u013ca, ta\u010du t\u0101s var izmantot ar\u012b bezgal\u012bgi daudz\u0101s cit\u0101s recept\u0113s, pie\u0161\u0137irot \u0113dieniem izteiktu, eksotisku gar\u0161u. <\/p>\n","protected":false},"featured_media":39745,"comment_status":"open","ping_status":"closed","template":"","meta":{"_acf_changed":false},"product_brand":[],"product_cat":[456,442],"product_tag":[752],"class_list":{"0":"post-62995","1":"product","2":"type-product","3":"status-publish","4":"has-post-thumbnail","6":"product_cat-garsvielas","7":"product_cat-majas-virtuve","8":"product_tag-garsvielas","10":"first","11":"instock","12":"taxable","13":"shipping-taxable","14":"purchasable","15":"product-type-simple"},"acf":[],"yoast_head":"<!-- This site is optimized with the Yoast SEO plugin v25.3.1 - https:\/\/yoast.com\/wordpress\/plugins\/seo\/ -->\n<title>Organisk\u0101s \u0137imenes (maltas) 50g | BIOMENU gar\u0161vielas - Pure Nature<\/title>\n<meta name=\"description\" content=\"Biomenu organisk\u0101s malt\u0101s \u0137imenes ir \u013coti iecien\u012btas gar\u0161vielas, kas j\u016bsu \u0113dieniem pie\u0161\u0137irs izsmalcin\u0101tu un eksotisku piesk\u0101rienu.\" \/>\n<meta name=\"robots\" content=\"noindex, follow, max-snippet:-1, max-image-preview:large, max-video-preview:-1\" \/>\n<meta property=\"og:locale\" content=\"lv_LV\" \/>\n<meta property=\"og:type\" content=\"article\" \/>\n<meta property=\"og:title\" content=\"Organisk\u0101s \u0137imenes (maltas) 50g | BIOMENU gar\u0161vielas - Pure Nature\" \/>\n<meta property=\"og:description\" content=\"Biomenu organisk\u0101s malt\u0101s \u0137imenes ir \u013coti iecien\u012btas gar\u0161vielas, kas j\u016bsu \u0113dieniem pie\u0161\u0137irs izsmalcin\u0101tu un eksotisku piesk\u0101rienu.\" \/>\n<meta property=\"og:url\" content=\"https:\/\/old.elusvali.ee\/lv\/produkts\/organiskas-kimenes-maltas-50g-biomenu-garsvielas\/\" \/>\n<meta property=\"og:site_name\" content=\"Elusv&auml;li\" \/>\n<meta property=\"article:publisher\" content=\"https:\/\/www.facebook.com\/profile.php?id=100064131067985\" \/>\n<meta property=\"article:modified_time\" content=\"2025-03-13T11:42:53+00:00\" \/>\n<meta property=\"og:image\" content=\"https:\/\/old.elusvali.ee\/wp-content\/uploads\/2024\/02\/Jahvatatud-vurtskoomned-organic-cumin.jpg\" \/>\n\t<meta property=\"og:image:width\" content=\"1500\" \/>\n\t<meta property=\"og:image:height\" content=\"1500\" \/>\n\t<meta property=\"og:image:type\" content=\"image\/jpeg\" \/>\n<meta name=\"twitter:card\" content=\"summary_large_image\" \/>\n<meta name=\"twitter:label1\" content=\"Est. reading time\" \/>\n\t<meta name=\"twitter:data1\" content=\"2 minutes\" \/>\n<script type=\"application\/ld+json\" class=\"yoast-schema-graph\">{\"@context\":\"https:\/\/schema.org\",\"@graph\":[{\"@type\":\"WebPage\",\"@id\":\"https:\/\/old.elusvali.ee\/lv\/produkts\/organiskas-kimenes-maltas-50g-biomenu-garsvielas\/\",\"url\":\"https:\/\/old.elusvali.ee\/lv\/produkts\/organiskas-kimenes-maltas-50g-biomenu-garsvielas\/\",\"name\":\"Organisk\u0101s \u0137imenes (maltas) 50g | BIOMENU gar\u0161vielas - Pure Nature\",\"isPartOf\":{\"@id\":\"https:\/\/old.elusvali.ee\/lv\/#website\"},\"primaryImageOfPage\":{\"@id\":\"https:\/\/old.elusvali.ee\/lv\/produkts\/organiskas-kimenes-maltas-50g-biomenu-garsvielas\/#primaryimage\"},\"image\":{\"@id\":\"https:\/\/old.elusvali.ee\/lv\/produkts\/organiskas-kimenes-maltas-50g-biomenu-garsvielas\/#primaryimage\"},\"thumbnailUrl\":\"https:\/\/old.elusvali.ee\/wp-content\/uploads\/2024\/02\/Jahvatatud-vurtskoomned-organic-cumin.jpg\",\"datePublished\":\"2024-03-11T07:00:01+00:00\",\"dateModified\":\"2025-03-13T11:42:53+00:00\",\"description\":\"Biomenu organisk\u0101s malt\u0101s \u0137imenes ir \u013coti iecien\u012btas gar\u0161vielas, kas j\u016bsu \u0113dieniem pie\u0161\u0137irs izsmalcin\u0101tu un eksotisku piesk\u0101rienu.\",\"breadcrumb\":{\"@id\":\"https:\/\/old.elusvali.ee\/lv\/produkts\/organiskas-kimenes-maltas-50g-biomenu-garsvielas\/#breadcrumb\"},\"inLanguage\":\"lv-LV\",\"potentialAction\":[{\"@type\":\"ReadAction\",\"target\":[\"https:\/\/old.elusvali.ee\/lv\/produkts\/organiskas-kimenes-maltas-50g-biomenu-garsvielas\/\"]}]},{\"@type\":\"ImageObject\",\"inLanguage\":\"lv-LV\",\"@id\":\"https:\/\/old.elusvali.ee\/lv\/produkts\/organiskas-kimenes-maltas-50g-biomenu-garsvielas\/#primaryimage\",\"url\":\"https:\/\/old.elusvali.ee\/wp-content\/uploads\/2024\/02\/Jahvatatud-vurtskoomned-organic-cumin.jpg\",\"contentUrl\":\"https:\/\/old.elusvali.ee\/wp-content\/uploads\/2024\/02\/Jahvatatud-vurtskoomned-organic-cumin.jpg\",\"width\":1500,\"height\":1500,\"caption\":\"Maltas kuminas\"},{\"@type\":\"BreadcrumbList\",\"@id\":\"https:\/\/old.elusvali.ee\/lv\/produkts\/organiskas-kimenes-maltas-50g-biomenu-garsvielas\/#breadcrumb\",\"itemListElement\":[{\"@type\":\"ListItem\",\"position\":1,\"name\":\"Home\",\"item\":\"https:\/\/purenature.lv\/\"},{\"@type\":\"ListItem\",\"position\":2,\"name\":\"E-veikals\",\"item\":\"https:\/\/purenature.lv\/veikals\/\"},{\"@type\":\"ListItem\",\"position\":3,\"name\":\"Organisk\u0101s \u0137imenes (maltas) 50g | BIOMENU gar\u0161vielas\"}]},{\"@type\":\"WebSite\",\"@id\":\"https:\/\/old.elusvali.ee\/lv\/#website\",\"url\":\"https:\/\/old.elusvali.ee\/lv\/\",\"name\":\"Elusv\u00e4li\",\"description\":\"Puhas k&ouml;&ouml;k ja koduapteek\",\"publisher\":{\"@id\":\"https:\/\/old.elusvali.ee\/lv\/#organization\"},\"potentialAction\":[{\"@type\":\"SearchAction\",\"target\":{\"@type\":\"EntryPoint\",\"urlTemplate\":\"https:\/\/old.elusvali.ee\/lv\/?s={search_term_string}\"},\"query-input\":{\"@type\":\"PropertyValueSpecification\",\"valueRequired\":true,\"valueName\":\"search_term_string\"}}],\"inLanguage\":\"lv-LV\"},{\"@type\":\"Organization\",\"@id\":\"https:\/\/old.elusvali.ee\/lv\/#organization\",\"name\":\"Elusv\u00e4li\",\"url\":\"https:\/\/old.elusvali.ee\/lv\/\",\"logo\":{\"@type\":\"ImageObject\",\"inLanguage\":\"lv-LV\",\"@id\":\"https:\/\/old.elusvali.ee\/lv\/#\/schema\/logo\/image\/\",\"url\":\"https:\/\/purenature.lt\/wp-content\/uploads\/2023\/07\/logo.png\",\"contentUrl\":\"https:\/\/purenature.lt\/wp-content\/uploads\/2023\/07\/logo.png\",\"width\":526,\"height\":146,\"caption\":\"Elusv\u00e4li\"},\"image\":{\"@id\":\"https:\/\/old.elusvali.ee\/lv\/#\/schema\/logo\/image\/\"},\"sameAs\":[\"https:\/\/www.facebook.com\/profile.php?id=100064131067985\",\"https:\/\/www.instagram.com\/elusvali\/\",\"https:\/\/www.youtube.com\/@elusvali2110\"]}]}<\/script>\n<!-- \/ Yoast SEO plugin. -->","yoast_head_json":{"title":"Organisk\u0101s \u0137imenes (maltas) 50g | BIOMENU gar\u0161vielas - Pure Nature","description":"Biomenu organisk\u0101s malt\u0101s \u0137imenes ir \u013coti iecien\u012btas gar\u0161vielas, kas j\u016bsu \u0113dieniem pie\u0161\u0137irs izsmalcin\u0101tu un eksotisku piesk\u0101rienu.","robots":{"index":"noindex","follow":"follow","max-snippet":"max-snippet:-1","max-image-preview":"max-image-preview:large","max-video-preview":"max-video-preview:-1"},"og_locale":"lv_LV","og_type":"article","og_title":"Organisk\u0101s \u0137imenes (maltas) 50g | BIOMENU gar\u0161vielas - Pure Nature","og_description":"Biomenu organisk\u0101s malt\u0101s \u0137imenes ir \u013coti iecien\u012btas gar\u0161vielas, kas j\u016bsu \u0113dieniem pie\u0161\u0137irs izsmalcin\u0101tu un eksotisku piesk\u0101rienu.","og_url":"https:\/\/old.elusvali.ee\/lv\/produkts\/organiskas-kimenes-maltas-50g-biomenu-garsvielas\/","og_site_name":"Elusv&auml;li","article_publisher":"https:\/\/www.facebook.com\/profile.php?id=100064131067985","article_modified_time":"2025-03-13T11:42:53+00:00","og_image":[{"width":1500,"height":1500,"url":"https:\/\/old.elusvali.ee\/wp-content\/uploads\/2024\/02\/Jahvatatud-vurtskoomned-organic-cumin.jpg","type":"image\/jpeg"}],"twitter_card":"summary_large_image","twitter_misc":{"Est. reading time":"2 minutes"},"schema":{"@context":"https:\/\/schema.org","@graph":[{"@type":"WebPage","@id":"https:\/\/old.elusvali.ee\/lv\/produkts\/organiskas-kimenes-maltas-50g-biomenu-garsvielas\/","url":"https:\/\/old.elusvali.ee\/lv\/produkts\/organiskas-kimenes-maltas-50g-biomenu-garsvielas\/","name":"Organisk\u0101s \u0137imenes (maltas) 50g | BIOMENU gar\u0161vielas - Pure Nature","isPartOf":{"@id":"https:\/\/old.elusvali.ee\/lv\/#website"},"primaryImageOfPage":{"@id":"https:\/\/old.elusvali.ee\/lv\/produkts\/organiskas-kimenes-maltas-50g-biomenu-garsvielas\/#primaryimage"},"image":{"@id":"https:\/\/old.elusvali.ee\/lv\/produkts\/organiskas-kimenes-maltas-50g-biomenu-garsvielas\/#primaryimage"},"thumbnailUrl":"https:\/\/old.elusvali.ee\/wp-content\/uploads\/2024\/02\/Jahvatatud-vurtskoomned-organic-cumin.jpg","datePublished":"2024-03-11T07:00:01+00:00","dateModified":"2025-03-13T11:42:53+00:00","description":"Biomenu organisk\u0101s malt\u0101s \u0137imenes ir \u013coti iecien\u012btas gar\u0161vielas, kas j\u016bsu \u0113dieniem pie\u0161\u0137irs izsmalcin\u0101tu un eksotisku piesk\u0101rienu.","breadcrumb":{"@id":"https:\/\/old.elusvali.ee\/lv\/produkts\/organiskas-kimenes-maltas-50g-biomenu-garsvielas\/#breadcrumb"},"inLanguage":"lv-LV","potentialAction":[{"@type":"ReadAction","target":["https:\/\/old.elusvali.ee\/lv\/produkts\/organiskas-kimenes-maltas-50g-biomenu-garsvielas\/"]}]},{"@type":"ImageObject","inLanguage":"lv-LV","@id":"https:\/\/old.elusvali.ee\/lv\/produkts\/organiskas-kimenes-maltas-50g-biomenu-garsvielas\/#primaryimage","url":"https:\/\/old.elusvali.ee\/wp-content\/uploads\/2024\/02\/Jahvatatud-vurtskoomned-organic-cumin.jpg","contentUrl":"https:\/\/old.elusvali.ee\/wp-content\/uploads\/2024\/02\/Jahvatatud-vurtskoomned-organic-cumin.jpg","width":1500,"height":1500,"caption":"Maltas kuminas"},{"@type":"BreadcrumbList","@id":"https:\/\/old.elusvali.ee\/lv\/produkts\/organiskas-kimenes-maltas-50g-biomenu-garsvielas\/#breadcrumb","itemListElement":[{"@type":"ListItem","position":1,"name":"Home","item":"https:\/\/purenature.lv\/"},{"@type":"ListItem","position":2,"name":"E-veikals","item":"https:\/\/purenature.lv\/veikals\/"},{"@type":"ListItem","position":3,"name":"Organisk\u0101s \u0137imenes (maltas) 50g | BIOMENU gar\u0161vielas"}]},{"@type":"WebSite","@id":"https:\/\/old.elusvali.ee\/lv\/#website","url":"https:\/\/old.elusvali.ee\/lv\/","name":"Elusv\u00e4li","description":"Puhas k&ouml;&ouml;k ja koduapteek","publisher":{"@id":"https:\/\/old.elusvali.ee\/lv\/#organization"},"potentialAction":[{"@type":"SearchAction","target":{"@type":"EntryPoint","urlTemplate":"https:\/\/old.elusvali.ee\/lv\/?s={search_term_string}"},"query-input":{"@type":"PropertyValueSpecification","valueRequired":true,"valueName":"search_term_string"}}],"inLanguage":"lv-LV"},{"@type":"Organization","@id":"https:\/\/old.elusvali.ee\/lv\/#organization","name":"Elusv\u00e4li","url":"https:\/\/old.elusvali.ee\/lv\/","logo":{"@type":"ImageObject","inLanguage":"lv-LV","@id":"https:\/\/old.elusvali.ee\/lv\/#\/schema\/logo\/image\/","url":"https:\/\/purenature.lt\/wp-content\/uploads\/2023\/07\/logo.png","contentUrl":"https:\/\/purenature.lt\/wp-content\/uploads\/2023\/07\/logo.png","width":526,"height":146,"caption":"Elusv\u00e4li"},"image":{"@id":"https:\/\/old.elusvali.ee\/lv\/#\/schema\/logo\/image\/"},"sameAs":["https:\/\/www.facebook.com\/profile.php?id=100064131067985","https:\/\/www.instagram.com\/elusvali\/","https:\/\/www.youtube.com\/@elusvali2110"]}]}},"_links":{"self":[{"href":"https:\/\/old.elusvali.ee\/lv\/wp-json\/wp\/v2\/product\/62995","targetHints":{"allow":["GET"]}}],"collection":[{"href":"https:\/\/old.elusvali.ee\/lv\/wp-json\/wp\/v2\/product"}],"about":[{"href":"https:\/\/old.elusvali.ee\/lv\/wp-json\/wp\/v2\/types\/product"}],"replies":[{"embeddable":true,"href":"https:\/\/old.elusvali.ee\/lv\/wp-json\/wp\/v2\/comments?post=62995"}],"version-history":[{"count":1,"href":"https:\/\/old.elusvali.ee\/lv\/wp-json\/wp\/v2\/product\/62995\/revisions"}],"predecessor-version":[{"id":62996,"href":"https:\/\/old.elusvali.ee\/lv\/wp-json\/wp\/v2\/product\/62995\/revisions\/62996"}],"wp:featuredmedia":[{"embeddable":true,"href":"https:\/\/old.elusvali.ee\/lv\/wp-json\/wp\/v2\/media\/39745"}],"wp:attachment":[{"href":"https:\/\/old.elusvali.ee\/lv\/wp-json\/wp\/v2\/media?parent=62995"}],"wp:term":[{"taxonomy":"product_brand","embeddable":true,"href":"https:\/\/old.elusvali.ee\/lv\/wp-json\/wp\/v2\/product_brand?post=62995"},{"taxonomy":"product_cat","embeddable":true,"href":"https:\/\/old.elusvali.ee\/lv\/wp-json\/wp\/v2\/product_cat?post=62995"},{"taxonomy":"product_tag","embeddable":true,"href":"https:\/\/old.elusvali.ee\/lv\/wp-json\/wp\/v2\/product_tag?post=62995"}],"curies":[{"name":"wp","href":"https:\/\/api.w.org\/{rel}","templated":true}]}}