{"id":62993,"date":"2024-03-05T17:52:17","date_gmt":"2024-03-05T15:52:17","guid":{"rendered":"https:\/\/old.elusvali.ee\/product\/chai-latte-garsvielu-maisijums-180g-biomenu-garsvielas\/"},"modified":"2025-05-24T13:25:35","modified_gmt":"2025-05-24T10:25:35","slug":"chai-latte-garsvielu-maisijums-180g-biomenu-garsvielas","status":"publish","type":"product","link":"https:\/\/old.elusvali.ee\/lv\/produkts\/chai-latte-garsvielu-maisijums-180g-biomenu-garsvielas\/","title":{"rendered":"Chai Latte gar\u0161vielu mais\u012bjums 180g | BIOMENU Gar\u0161vielas"},"content":{"rendered":"<h4>Biolo\u0123iska, bez aromatiz\u0113t\u0101jiem un ar pikantu gar\u0161u<\/h4>\n<p>Biomenu organiskais Chai Latte gar\u0161vielu mais\u012bjums ir viens no eksotisk\u0101kajiem gar\u0161u mais\u012bjumiem m\u016bsu e-veikal\u0101. T\u0101 sast\u0101v\u0101 ir kan\u0113lis, ingvers, kardamons, muskatrieksts, krustnagli\u0146as, gar\u0161viela, citrona mizi\u0146a un melnie pipari, kas kop\u0101 veido patiesi gar\u0161\u012bgu un pikantu gar\u0161u mais\u012bjumu. Iesp\u0113jams, Chai gar\u0161vielas j\u016bs labpr\u0101t\u0101k lietosiet aukstos ziemas vakaros, ta\u010du m\u0113s jums garant\u0113jam, ka t\u0101s ir lieliski piem\u0113rots pat spirgtiem pavasara r\u012btiem un silt\u0101m vasaras dien\u0101m!<\/p>\n<h4>Pie\u0161\u0137iriet gar\u0161u dz\u0113rieniem un \u0113dieniem<\/h4>\n<p>Chai Latte gar\u0161vielu mais\u012bjumu var izmantot visur, kur vien v\u0113laties ienest saldas gar\u0161vielas un siltumu. No t\u0101s var pagatavot \u012bstu Chai vai Chai Latte, bet t\u0101 ir ar\u012b lieliski piem\u0113rota koktei\u013ciem, brokast\u012bm, desertiem, pipark\u016bk\u0101m un citiem konditorejas izstr\u0101d\u0101jumiem, aug\u013cu sald\u0113jumiem un pat pikantiem \u0113dieniem. Iesp\u0113jas ir patie\u0161\u0101m neierobe\u017eotas!<\/p>\n<p>Chai gar\u0161viela \u012bpa\u0161i labi sader ar \u0101boliem, saldajiem kartupe\u013ciem, ban\u0101niem, auzu p\u0101rsl\u0101m un riekstiem. Lai pagatavotu gardu dz\u0113rienu, var sajaukt kop\u0101 uzsild\u012btu <a href=\"https:\/\/purenature.lv\/toode\/organiskais-mandelu-dzeriens-1l\/\">mande\u013cu pienu<\/a>, nedaudz Chai Latte gar\u0161vielu mais\u012bjuma, \u0161\u0137ipsni\u0146u <a href=\"https:\/\/purenature.lv\/toode\/organiska-vanilas-pulveris-30g-foodin\/\">vani\u013cas pulvera<\/a> un <a href=\"https:\/\/purenature.lv\/toode\/organiskais-kokosriekstu-sviesta-cukurs-1kg-greenest\/\">kokosriekstu cukuru<\/a> p\u0113c gar\u0161as.<\/p>\n<h4>Esiet gatavi vesel\u012bbas spr\u0101dzienam<\/h4>\n<p>Vai zin\u0101j\u0101t, ka praktiski vis\u0101m Chai gar\u0161vielu mais\u012bjumos izmantotaj\u0101m gar\u0161viel\u0101m piem\u012bt dziedino\u0161as un uzmundrino\u0161as \u012bpa\u0161\u012bbas? <strong>Kan\u0113lis<\/strong> tiek uzskat\u012bts par vienu no sp\u0113c\u012bg\u0101kajiem antioksidantiem uz plan\u0113tas, kas pal\u012bdz uzlabot asinsriti, mazina iekaisumus un atbalsta organismu visda\u017e\u0101d\u0101ko gremo\u0161anas probl\u0113mu gad\u012bjum\u0101. <strong>Ingvers<\/strong> ir sp\u0113c\u012bgs pretiekaisuma l\u012bdzeklis, kas pal\u012bdz saaukst\u0113\u0161an\u0101s, v\u012brusu slim\u012bbu un ku\u0146\u0123a darb\u012bbas trauc\u0113jumu gad\u012bjumos, un ir paz\u012bstams k\u0101 dabisks prets\u0101pju l\u012bdzeklis. <strong>Krustnagli\u0146as<\/strong> tiek uzskat\u012btas par \u012bpa\u0161i noder\u012bg\u0101m gremo\u0161anas trauc\u0113jumu gad\u012bjumos, k\u0101 ar\u012b musku\u013cu krampju, galvass\u0101pju un nervu s\u0101pju mazin\u0101\u0161anai. <strong>Citrona mizi\u0146a<\/strong> un <strong>kardamons<\/strong> satur savienojumu, ko sauc par limon\u0113nu, ko izmanto \u017eultsakme\u0146u un nierakme\u0146u \u0161\u0137el\u0161anai un pat c\u012b\u0146ai ar da\u017e\u0101m v\u0113\u017ea form\u0101m, savuk\u0101rt kardamons ir lielisks diur\u0113tisks l\u012bdzeklis un labv\u0113l\u012bgi ietekm\u0113 elpo\u0161anas sist\u0113mu. Tikm\u0113r <strong>muskatrieksts<\/strong> esot lielisks pal\u012bgs nervu, im\u016bnsist\u0113mas un gremo\u0161anas sist\u0113mas darb\u012bbai, un tiek apgalvots, ka tas pat sp\u0113j atvair\u012bt depresiju un nom\u0101kt\u012bbu.<\/p>\n","protected":false},"excerpt":{"rendered":"<p>Arom\u0101tiskais un gar\u0161as zi\u0146\u0101 bag\u0101tais Chai Latte ir gar\u0161vielu mais\u012bjuma pulveris, ko varat izmantot, lai pagatavotu sev karstu Chai tasi, bet tas v\u0113l nav viss! Chai Latte gar\u0161vielu mais\u012bjums ir lieliska gar\u0161viela da\u017e\u0101diem desertiem, konditorejas izstr\u0101d\u0101jumiem, koktei\u013ciem un sm\u016btijiem, karstiem dz\u0113rieniem un, protams, visda\u017e\u0101d\u0101kaj\u0101m rudens un ziemas sezonas recept\u0113m.<\/p>\n","protected":false},"featured_media":39749,"comment_status":"open","ping_status":"closed","template":"","meta":{"_acf_changed":false},"product_brand":[],"product_cat":[456,442],"product_tag":[752],"class_list":{"0":"post-62993","1":"product","2":"type-product","3":"status-publish","4":"has-post-thumbnail","6":"product_cat-garsvielas","7":"product_cat-majas-virtuve","8":"product_tag-garsvielas","10":"first","11":"instock","12":"taxable","13":"shipping-taxable","14":"purchasable","15":"product-type-simple"},"acf":[],"yoast_head":"<!-- This site is optimized with the Yoast SEO plugin v25.3.1 - https:\/\/yoast.com\/wordpress\/plugins\/seo\/ -->\n<title>Chai Latte gar\u0161vielu mais\u012bjums 180g | BIOMENU Gar\u0161vielas - Pure Nature<\/title>\n<meta name=\"description\" content=\"Organiskais Chai Latte pulveris ir asto\u0146u gar\u0161vielu mais\u012bjums, ko var pievienot karstiem dz\u0113rieniem, desertiem, konditorejas izstr\u0101d\u0101jumiem, brokast\u012bm un pat pikantiem \u0113dieniem.\" \/>\n<meta name=\"robots\" content=\"noindex, follow, max-snippet:-1, max-image-preview:large, max-video-preview:-1\" \/>\n<meta property=\"og:locale\" content=\"lv_LV\" \/>\n<meta property=\"og:type\" content=\"article\" \/>\n<meta property=\"og:title\" content=\"Chai Latte gar\u0161vielu mais\u012bjums 180g | BIOMENU Gar\u0161vielas - Pure Nature\" \/>\n<meta property=\"og:description\" content=\"Organiskais Chai Latte pulveris ir asto\u0146u gar\u0161vielu mais\u012bjums, ko var pievienot karstiem dz\u0113rieniem, desertiem, konditorejas izstr\u0101d\u0101jumiem, brokast\u012bm un pat pikantiem \u0113dieniem.\" \/>\n<meta property=\"og:url\" content=\"https:\/\/old.elusvali.ee\/lv\/produkts\/chai-latte-garsvielu-maisijums-180g-biomenu-garsvielas\/\" \/>\n<meta property=\"og:site_name\" content=\"Elusv&auml;li\" \/>\n<meta property=\"article:publisher\" content=\"https:\/\/www.facebook.com\/profile.php?id=100064131067985\" \/>\n<meta property=\"article:modified_time\" content=\"2025-05-24T10:25:35+00:00\" \/>\n<meta property=\"og:image\" content=\"https:\/\/old.elusvali.ee\/wp-content\/uploads\/2024\/02\/Chai-Latte-vurtsisegu-organic-chai-latte-spice-blend.jpg\" \/>\n\t<meta property=\"og:image:width\" content=\"1500\" \/>\n\t<meta property=\"og:image:height\" content=\"1500\" \/>\n\t<meta property=\"og:image:type\" content=\"image\/jpeg\" \/>\n<meta name=\"twitter:card\" content=\"summary_large_image\" \/>\n<meta name=\"twitter:label1\" content=\"Est. reading time\" \/>\n\t<meta name=\"twitter:data1\" content=\"2 minutes\" \/>\n<script type=\"application\/ld+json\" class=\"yoast-schema-graph\">{\"@context\":\"https:\/\/schema.org\",\"@graph\":[{\"@type\":\"WebPage\",\"@id\":\"https:\/\/old.elusvali.ee\/lv\/produkts\/chai-latte-garsvielu-maisijums-180g-biomenu-garsvielas\/\",\"url\":\"https:\/\/old.elusvali.ee\/lv\/produkts\/chai-latte-garsvielu-maisijums-180g-biomenu-garsvielas\/\",\"name\":\"Chai Latte gar\u0161vielu mais\u012bjums 180g | BIOMENU Gar\u0161vielas - Pure Nature\",\"isPartOf\":{\"@id\":\"https:\/\/old.elusvali.ee\/lv\/#website\"},\"primaryImageOfPage\":{\"@id\":\"https:\/\/old.elusvali.ee\/lv\/produkts\/chai-latte-garsvielu-maisijums-180g-biomenu-garsvielas\/#primaryimage\"},\"image\":{\"@id\":\"https:\/\/old.elusvali.ee\/lv\/produkts\/chai-latte-garsvielu-maisijums-180g-biomenu-garsvielas\/#primaryimage\"},\"thumbnailUrl\":\"https:\/\/old.elusvali.ee\/wp-content\/uploads\/2024\/02\/Chai-Latte-vurtsisegu-organic-chai-latte-spice-blend.jpg\",\"datePublished\":\"2024-03-05T15:52:17+00:00\",\"dateModified\":\"2025-05-24T10:25:35+00:00\",\"description\":\"Organiskais Chai Latte pulveris ir asto\u0146u gar\u0161vielu mais\u012bjums, ko var pievienot karstiem dz\u0113rieniem, desertiem, konditorejas izstr\u0101d\u0101jumiem, brokast\u012bm un pat pikantiem \u0113dieniem.\",\"breadcrumb\":{\"@id\":\"https:\/\/old.elusvali.ee\/lv\/produkts\/chai-latte-garsvielu-maisijums-180g-biomenu-garsvielas\/#breadcrumb\"},\"inLanguage\":\"lv-LV\",\"potentialAction\":[{\"@type\":\"ReadAction\",\"target\":[\"https:\/\/old.elusvali.ee\/lv\/produkts\/chai-latte-garsvielu-maisijums-180g-biomenu-garsvielas\/\"]}]},{\"@type\":\"ImageObject\",\"inLanguage\":\"lv-LV\",\"@id\":\"https:\/\/old.elusvali.ee\/lv\/produkts\/chai-latte-garsvielu-maisijums-180g-biomenu-garsvielas\/#primaryimage\",\"url\":\"https:\/\/old.elusvali.ee\/wp-content\/uploads\/2024\/02\/Chai-Latte-vurtsisegu-organic-chai-latte-spice-blend.jpg\",\"contentUrl\":\"https:\/\/old.elusvali.ee\/wp-content\/uploads\/2024\/02\/Chai-Latte-vurtsisegu-organic-chai-latte-spice-blend.jpg\",\"width\":1500,\"height\":1500,\"caption\":\"Chai latte prieskoniai\"},{\"@type\":\"BreadcrumbList\",\"@id\":\"https:\/\/old.elusvali.ee\/lv\/produkts\/chai-latte-garsvielu-maisijums-180g-biomenu-garsvielas\/#breadcrumb\",\"itemListElement\":[{\"@type\":\"ListItem\",\"position\":1,\"name\":\"Home\",\"item\":\"https:\/\/purenature.lv\/\"},{\"@type\":\"ListItem\",\"position\":2,\"name\":\"E-veikals\",\"item\":\"https:\/\/purenature.lv\/veikals\/\"},{\"@type\":\"ListItem\",\"position\":3,\"name\":\"Chai Latte gar\u0161vielu mais\u012bjums 180g | BIOMENU Gar\u0161vielas\"}]},{\"@type\":\"WebSite\",\"@id\":\"https:\/\/old.elusvali.ee\/lv\/#website\",\"url\":\"https:\/\/old.elusvali.ee\/lv\/\",\"name\":\"Elusv\u00e4li\",\"description\":\"Puhas k&ouml;&ouml;k ja koduapteek\",\"publisher\":{\"@id\":\"https:\/\/old.elusvali.ee\/lv\/#organization\"},\"potentialAction\":[{\"@type\":\"SearchAction\",\"target\":{\"@type\":\"EntryPoint\",\"urlTemplate\":\"https:\/\/old.elusvali.ee\/lv\/?s={search_term_string}\"},\"query-input\":{\"@type\":\"PropertyValueSpecification\",\"valueRequired\":true,\"valueName\":\"search_term_string\"}}],\"inLanguage\":\"lv-LV\"},{\"@type\":\"Organization\",\"@id\":\"https:\/\/old.elusvali.ee\/lv\/#organization\",\"name\":\"Elusv\u00e4li\",\"url\":\"https:\/\/old.elusvali.ee\/lv\/\",\"logo\":{\"@type\":\"ImageObject\",\"inLanguage\":\"lv-LV\",\"@id\":\"https:\/\/old.elusvali.ee\/lv\/#\/schema\/logo\/image\/\",\"url\":\"https:\/\/purenature.lt\/wp-content\/uploads\/2023\/07\/logo.png\",\"contentUrl\":\"https:\/\/purenature.lt\/wp-content\/uploads\/2023\/07\/logo.png\",\"width\":526,\"height\":146,\"caption\":\"Elusv\u00e4li\"},\"image\":{\"@id\":\"https:\/\/old.elusvali.ee\/lv\/#\/schema\/logo\/image\/\"},\"sameAs\":[\"https:\/\/www.facebook.com\/profile.php?id=100064131067985\",\"https:\/\/www.instagram.com\/elusvali\/\",\"https:\/\/www.youtube.com\/@elusvali2110\"]}]}<\/script>\n<!-- \/ Yoast SEO plugin. -->","yoast_head_json":{"title":"Chai Latte gar\u0161vielu mais\u012bjums 180g | BIOMENU Gar\u0161vielas - Pure Nature","description":"Organiskais Chai Latte pulveris ir asto\u0146u gar\u0161vielu mais\u012bjums, ko var pievienot karstiem dz\u0113rieniem, desertiem, konditorejas izstr\u0101d\u0101jumiem, brokast\u012bm un pat pikantiem \u0113dieniem.","robots":{"index":"noindex","follow":"follow","max-snippet":"max-snippet:-1","max-image-preview":"max-image-preview:large","max-video-preview":"max-video-preview:-1"},"og_locale":"lv_LV","og_type":"article","og_title":"Chai Latte gar\u0161vielu mais\u012bjums 180g | BIOMENU Gar\u0161vielas - Pure Nature","og_description":"Organiskais Chai Latte pulveris ir asto\u0146u gar\u0161vielu mais\u012bjums, ko var pievienot karstiem dz\u0113rieniem, desertiem, konditorejas izstr\u0101d\u0101jumiem, brokast\u012bm un pat pikantiem \u0113dieniem.","og_url":"https:\/\/old.elusvali.ee\/lv\/produkts\/chai-latte-garsvielu-maisijums-180g-biomenu-garsvielas\/","og_site_name":"Elusv&auml;li","article_publisher":"https:\/\/www.facebook.com\/profile.php?id=100064131067985","article_modified_time":"2025-05-24T10:25:35+00:00","og_image":[{"width":1500,"height":1500,"url":"https:\/\/old.elusvali.ee\/wp-content\/uploads\/2024\/02\/Chai-Latte-vurtsisegu-organic-chai-latte-spice-blend.jpg","type":"image\/jpeg"}],"twitter_card":"summary_large_image","twitter_misc":{"Est. reading time":"2 minutes"},"schema":{"@context":"https:\/\/schema.org","@graph":[{"@type":"WebPage","@id":"https:\/\/old.elusvali.ee\/lv\/produkts\/chai-latte-garsvielu-maisijums-180g-biomenu-garsvielas\/","url":"https:\/\/old.elusvali.ee\/lv\/produkts\/chai-latte-garsvielu-maisijums-180g-biomenu-garsvielas\/","name":"Chai Latte gar\u0161vielu mais\u012bjums 180g | BIOMENU Gar\u0161vielas - Pure Nature","isPartOf":{"@id":"https:\/\/old.elusvali.ee\/lv\/#website"},"primaryImageOfPage":{"@id":"https:\/\/old.elusvali.ee\/lv\/produkts\/chai-latte-garsvielu-maisijums-180g-biomenu-garsvielas\/#primaryimage"},"image":{"@id":"https:\/\/old.elusvali.ee\/lv\/produkts\/chai-latte-garsvielu-maisijums-180g-biomenu-garsvielas\/#primaryimage"},"thumbnailUrl":"https:\/\/old.elusvali.ee\/wp-content\/uploads\/2024\/02\/Chai-Latte-vurtsisegu-organic-chai-latte-spice-blend.jpg","datePublished":"2024-03-05T15:52:17+00:00","dateModified":"2025-05-24T10:25:35+00:00","description":"Organiskais Chai Latte pulveris ir asto\u0146u gar\u0161vielu mais\u012bjums, ko var pievienot karstiem dz\u0113rieniem, desertiem, konditorejas izstr\u0101d\u0101jumiem, brokast\u012bm un pat pikantiem \u0113dieniem.","breadcrumb":{"@id":"https:\/\/old.elusvali.ee\/lv\/produkts\/chai-latte-garsvielu-maisijums-180g-biomenu-garsvielas\/#breadcrumb"},"inLanguage":"lv-LV","potentialAction":[{"@type":"ReadAction","target":["https:\/\/old.elusvali.ee\/lv\/produkts\/chai-latte-garsvielu-maisijums-180g-biomenu-garsvielas\/"]}]},{"@type":"ImageObject","inLanguage":"lv-LV","@id":"https:\/\/old.elusvali.ee\/lv\/produkts\/chai-latte-garsvielu-maisijums-180g-biomenu-garsvielas\/#primaryimage","url":"https:\/\/old.elusvali.ee\/wp-content\/uploads\/2024\/02\/Chai-Latte-vurtsisegu-organic-chai-latte-spice-blend.jpg","contentUrl":"https:\/\/old.elusvali.ee\/wp-content\/uploads\/2024\/02\/Chai-Latte-vurtsisegu-organic-chai-latte-spice-blend.jpg","width":1500,"height":1500,"caption":"Chai latte prieskoniai"},{"@type":"BreadcrumbList","@id":"https:\/\/old.elusvali.ee\/lv\/produkts\/chai-latte-garsvielu-maisijums-180g-biomenu-garsvielas\/#breadcrumb","itemListElement":[{"@type":"ListItem","position":1,"name":"Home","item":"https:\/\/purenature.lv\/"},{"@type":"ListItem","position":2,"name":"E-veikals","item":"https:\/\/purenature.lv\/veikals\/"},{"@type":"ListItem","position":3,"name":"Chai Latte gar\u0161vielu mais\u012bjums 180g | BIOMENU Gar\u0161vielas"}]},{"@type":"WebSite","@id":"https:\/\/old.elusvali.ee\/lv\/#website","url":"https:\/\/old.elusvali.ee\/lv\/","name":"Elusv\u00e4li","description":"Puhas k&ouml;&ouml;k ja koduapteek","publisher":{"@id":"https:\/\/old.elusvali.ee\/lv\/#organization"},"potentialAction":[{"@type":"SearchAction","target":{"@type":"EntryPoint","urlTemplate":"https:\/\/old.elusvali.ee\/lv\/?s={search_term_string}"},"query-input":{"@type":"PropertyValueSpecification","valueRequired":true,"valueName":"search_term_string"}}],"inLanguage":"lv-LV"},{"@type":"Organization","@id":"https:\/\/old.elusvali.ee\/lv\/#organization","name":"Elusv\u00e4li","url":"https:\/\/old.elusvali.ee\/lv\/","logo":{"@type":"ImageObject","inLanguage":"lv-LV","@id":"https:\/\/old.elusvali.ee\/lv\/#\/schema\/logo\/image\/","url":"https:\/\/purenature.lt\/wp-content\/uploads\/2023\/07\/logo.png","contentUrl":"https:\/\/purenature.lt\/wp-content\/uploads\/2023\/07\/logo.png","width":526,"height":146,"caption":"Elusv\u00e4li"},"image":{"@id":"https:\/\/old.elusvali.ee\/lv\/#\/schema\/logo\/image\/"},"sameAs":["https:\/\/www.facebook.com\/profile.php?id=100064131067985","https:\/\/www.instagram.com\/elusvali\/","https:\/\/www.youtube.com\/@elusvali2110"]}]}},"_links":{"self":[{"href":"https:\/\/old.elusvali.ee\/lv\/wp-json\/wp\/v2\/product\/62993","targetHints":{"allow":["GET"]}}],"collection":[{"href":"https:\/\/old.elusvali.ee\/lv\/wp-json\/wp\/v2\/product"}],"about":[{"href":"https:\/\/old.elusvali.ee\/lv\/wp-json\/wp\/v2\/types\/product"}],"replies":[{"embeddable":true,"href":"https:\/\/old.elusvali.ee\/lv\/wp-json\/wp\/v2\/comments?post=62993"}],"version-history":[{"count":1,"href":"https:\/\/old.elusvali.ee\/lv\/wp-json\/wp\/v2\/product\/62993\/revisions"}],"predecessor-version":[{"id":66821,"href":"https:\/\/old.elusvali.ee\/lv\/wp-json\/wp\/v2\/product\/62993\/revisions\/66821"}],"wp:featuredmedia":[{"embeddable":true,"href":"https:\/\/old.elusvali.ee\/lv\/wp-json\/wp\/v2\/media\/39749"}],"wp:attachment":[{"href":"https:\/\/old.elusvali.ee\/lv\/wp-json\/wp\/v2\/media?parent=62993"}],"wp:term":[{"taxonomy":"product_brand","embeddable":true,"href":"https:\/\/old.elusvali.ee\/lv\/wp-json\/wp\/v2\/product_brand?post=62993"},{"taxonomy":"product_cat","embeddable":true,"href":"https:\/\/old.elusvali.ee\/lv\/wp-json\/wp\/v2\/product_cat?post=62993"},{"taxonomy":"product_tag","embeddable":true,"href":"https:\/\/old.elusvali.ee\/lv\/wp-json\/wp\/v2\/product_tag?post=62993"}],"curies":[{"name":"wp","href":"https:\/\/api.w.org\/{rel}","templated":true}]}}