{"id":62910,"date":"2024-05-07T11:07:04","date_gmt":"2024-05-07T08:07:04","guid":{"rendered":"https:\/\/old.elusvali.ee\/product\/klavu-sirups-500ml-darkiii-maple-farm\/"},"modified":"2025-05-13T19:35:17","modified_gmt":"2025-05-13T16:35:17","slug":"klavu-sirups-500ml-darkiii-maple-farm","status":"publish","type":"product","link":"https:\/\/old.elusvali.ee\/lv\/produkts\/klavu-sirups-500ml-darkiii-maple-farm\/","title":{"rendered":"K\u013cavu s\u012brups 500ml Dark(III) | Maple Farm"},"content":{"rendered":"<h4>Kan\u0101das k\u013cavu s\u012brups Maple Farm DARK (A\/Klase &#8220;A&#8221;) neliel\u0101 iepakojum\u0101 (500 ml).<\/h4>\n<p>K\u013cavu s\u012brups ir lielisks sabiedrotais visiem saldumm\u012b\u013ciem. Tas ir daudz vesel\u012bg\u0101ks par parasto rafin\u0113to cukuru, bet gar\u0161a ir \u013coti salda, pat\u012bkama un karame\u013cveida.<\/p>\n<p>K\u013cavu s\u012brupu ieg\u016bst ekstrah\u0113jot \u016bdeni no k\u013cavu sulas. K\u013cavu s\u012brupa ra\u017eo\u0161anai piem\u0113rotu sulu ieg\u016bst galvenok\u0101rt no trim k\u013cavu sug\u0101m: cukurk\u013cavas, meln\u0101s k\u013cavas un sarkan\u0101s k\u013cavas. Savva\u013cas k\u013cava, kas dabiski aug Igaunij\u0101, parasti nav piem\u0113rota s\u012brupa ra\u017eo\u0161anai.<\/p>\n<p>Var \u0161\u0137ist neticami, ka k\u013cavu s\u012brups ir ne tikai labs saldin\u0101t\u0101js, bet tam piem\u012bt ar\u012b \u0101rstnieciskas \u012bpa\u0161\u012bbas, un tas ir piem\u0113rots pat diab\u0113ta \u0101rst\u0113\u0161anai. K\u013cavu s\u012brups nodro\u0161ina organismu un aknas ar \u013coti svar\u012bgu kurin\u0101mo &#8211; glikozes ener\u0123iju, kas nepiecie\u0161ama organisma pareizai darb\u012bbai. At\u0161\u0137ir\u012bb\u0101 no rafin\u0113t\u0101 cukura k\u013cavu s\u012brupa glikoze ir organismam labv\u0113l\u012bga un viegli asimil\u0113jama. Turkl\u0101t k\u013cavu s\u012brups mineraliz\u0113 asinis un smadzenes, pal\u012bdzot stiprin\u0101t smadzenes un nervu sist\u0113mu.<\/p>\n<p>Der k\u0101 vesel\u012bgs cukura aizst\u0101j\u0113js maizes izstr\u0101d\u0101jumos, desertos, putr\u0101s un pank\u016bk\u0101s, koktei\u013cos, m\u0113rc\u0113s un k\u0101 gar\u0161as sabalans\u0113t\u0101js pikantos \u0113dienos.<\/p>\n<ul>\n<li>Lieliska alternat\u012bva rafin\u0113tajam cukuram<\/li>\n<li>Piem\u0113rots konditorejas izstr\u0101d\u0101jumiem, desertiem, putr\u0101m, pank\u016bk\u0101m u. c.<\/li>\n<li>\u0100rstniecisk\u0101s \u012bpa\u0161\u012bbas<\/li>\n<li>Gai\u0161i br\u016bna kr\u0101sa ar dzintara nokr\u0101su un z\u012bdainu tekst\u016bru.<\/li>\n<\/ul>\n<p>P\u0113c atv\u0113r\u0161anas uzglab\u0101jiet ledusskap\u012b, \u012bpa\u0161i, ja k\u013cavu s\u012brupu lietosiet ilg\u0101ku laiku.<\/p>\n<p>&nbsp;<\/p>\n<h3>Svar\u012bga inform\u0101cija, izv\u0113loties k\u013cavu s\u012brupu<\/h3>\n<div class=\"x11i5rnm xat24cr x1mh8g0r x1vvkbs xtlvy1s\">\n<ol>\n<li dir=\"auto\">Izv\u0113loties k\u013cavu s\u012brupu, noteikti p\u0101rbaudiet sast\u0101vda\u013cu sarakstu. Svar\u012bgi, ka <strong>sast\u0101v\u0101 <\/strong>ir tikai <strong>viena sast\u0101vda\u013ca <\/strong>&#8211;<strong> 100% k\u013cavu s\u012brups<\/strong>. Tirg\u016b ir daudz mais\u012bjumu uz k\u013cavu s\u012brupa b\u0101zes, kas satur ar\u012b citus, l\u0113t\u0101kus cukurus. Visi k\u013cavu s\u012brupi m\u016bsu tie\u0161saistes veikal\u0101 ir 100% t\u012bri un satur tikai vienu sast\u0101vda\u013cu.<\/li>\n<li dir=\"auto\">K\u013cavu s\u012brupu tirgus &#8211; t\u0101pat k\u0101, piem\u0113ram, ol\u012bve\u013c\u013cu tirgus &#8211; da\u017ek\u0101rt var piesaist\u012bt kr\u0101pniekus. T\u0101pat k\u0101 ol\u012bve\u013c\u013ca tiek sajaukta ar l\u0113t\u0101k\u0101m r\u016bpnieciski ra\u017eot\u0101m e\u013c\u013c\u0101m, piem\u0113ram, rap\u0161u e\u013c\u013cu, ar\u012b k\u013cavu s\u012brups var b\u016bt sajaukts ar l\u0113t\u0101kiem cukuriem un glikozes s\u012brupu, bet p\u0101r\u0113j\u0101s sast\u0101vda\u013cas uz iepakojuma netiek nor\u0101d\u012btas. K\u013cavu s\u012brupa un cukura s\u012brupa mais\u012bjums tiek p\u0101rdots bie\u017e\u0101k nek\u0101 t\u012brs k\u013cavu s\u012brups.<\/li>\n<li dir=\"auto\">K\u013cavu s\u012brupa gar\u0161u un kvalit\u0101ti ietekm\u0113 viss ra\u017eo\u0161anas process, t\u0101pat k\u0101, piem\u0113ram, v\u012bnu gad\u012bjum\u0101 &#8211; me\u017es, no kura tiek iev\u0101kts s\u012brups, laiks, kad tas tiek iev\u0101kts (laiks ir \u013coti svar\u012bgs), p\u0113capstr\u0101de, \u017e\u0101v\u0113\u0161anas process. K\u013cavu s\u012brupa kvalit\u0101te un gar\u0161a ir atkar\u012bga no \u0161iem un daudziem citiem aspektiem. Pat starp partij\u0101m gar\u0161a var iev\u0113rojami at\u0161\u0137irties.<\/li>\n<\/ol>\n<p>2020. gada konkurs\u0101 &#8220;Great Taste &#8221; uz\u0146\u0113mums Maple Farm ieguva balvu k\u0101 lab\u0101k\u0101 k\u013cavu s\u012brupa grupa.<\/p>\n<p>Uz\u0146\u0113mums Maple Farm akt\u012bvi iesaist\u0101s ar\u012b viltota k\u013cavu s\u012brupa ra\u017eo\u0161anas nov\u0113r\u0161an\u0101.<\/p>\n<p>Maple Farm k\u013cavu s\u012brups ir tre\u0161\u0101s puses sertific\u0113ts.<\/p>\n<p>&nbsp;<\/p>\n<p>&nbsp;<\/p>\n<\/div>\n","protected":false},"excerpt":{"rendered":"<p>Kan\u0101das k\u013cavu s\u012brups (A klases &#8211; Dark). Der k\u0101 vesel\u012bgs cukura aizst\u0101j\u0113js maizes izstr\u0101d\u0101jumos, putr\u0101s un pank\u016bk\u0101s, koktei\u013cos un k\u0101 gar\u0161as sabalans\u0113t\u0101js pikantos \u0113dienos.<\/p>\n<p>Zeltaini br\u016bnais k\u013cavu s\u012brups DARK ir tum\u0161\u0101ks, piln\u012bg\u0101ks un ar sp\u0113c\u012bg\u0101ku gar\u0161u nek\u0101 t\u0101s pa\u0161as s\u0113rijas AMBER k\u013cavu s\u012brups. Izm\u0113\u0123iniet abus \u0161os apbr\u012bnojamos Maple Farm k\u013cavu s\u012brupus un izv\u0113lieties sev t\u012bkam\u0101ko! <\/p>\n<p>&nbsp;<\/p>\n","protected":false},"featured_media":43257,"comment_status":"open","ping_status":"closed","template":"","meta":{"_acf_changed":false},"product_brand":[],"product_cat":[464,442],"product_tag":[656],"class_list":{"0":"post-62910","1":"product","2":"type-product","3":"status-publish","4":"has-post-thumbnail","6":"product_cat-dabigie-cukuri","7":"product_cat-majas-virtuve","8":"product_tag-klavu-sirups","10":"first","11":"instock","12":"taxable","13":"shipping-taxable","14":"purchasable","15":"product-type-simple"},"acf":[],"yoast_head":"<!-- This site is optimized with the Yoast SEO plugin v25.3.1 - https:\/\/yoast.com\/wordpress\/plugins\/seo\/ -->\n<title>K\u013cavu s\u012brups 500ml Dark(III) | Maple Farm - Pure Nature<\/title>\n<meta name=\"description\" content=\"K\u013cavu s\u012brups ir lielisks sabiedrotais visiem saldumm\u012b\u013ciem. Tas ir vesel\u012bgs, bet gar\u0161o saldi, pat\u012bkami un karamel\u012bgi.\" \/>\n<meta name=\"robots\" content=\"noindex, follow, max-snippet:-1, max-image-preview:large, max-video-preview:-1\" \/>\n<meta property=\"og:locale\" content=\"lv_LV\" \/>\n<meta property=\"og:type\" content=\"article\" \/>\n<meta property=\"og:title\" content=\"K\u013cavu s\u012brups 500ml Dark(III) | Maple Farm - Pure Nature\" \/>\n<meta property=\"og:description\" content=\"K\u013cavu s\u012brups ir lielisks sabiedrotais visiem saldumm\u012b\u013ciem. Tas ir vesel\u012bgs, bet gar\u0161o saldi, pat\u012bkami un karamel\u012bgi.\" \/>\n<meta property=\"og:url\" content=\"https:\/\/old.elusvali.ee\/lv\/produkts\/klavu-sirups-500ml-darkiii-maple-farm\/\" \/>\n<meta property=\"og:site_name\" content=\"Elusv&auml;li\" \/>\n<meta property=\"article:publisher\" content=\"https:\/\/www.facebook.com\/profile.php?id=100064131067985\" \/>\n<meta property=\"article:modified_time\" content=\"2025-05-13T16:35:17+00:00\" \/>\n<meta property=\"og:image\" content=\"https:\/\/old.elusvali.ee\/wp-content\/uploads\/2024\/05\/MF-Dark-500ml-ENG-fronte.jpg\" \/>\n\t<meta property=\"og:image:width\" content=\"1500\" \/>\n\t<meta property=\"og:image:height\" content=\"1500\" \/>\n\t<meta property=\"og:image:type\" content=\"image\/jpeg\" \/>\n<meta name=\"twitter:card\" content=\"summary_large_image\" \/>\n<meta name=\"twitter:label1\" content=\"Est. reading time\" \/>\n\t<meta name=\"twitter:data1\" content=\"3 minutes\" \/>\n<script type=\"application\/ld+json\" class=\"yoast-schema-graph\">{\"@context\":\"https:\/\/schema.org\",\"@graph\":[{\"@type\":\"WebPage\",\"@id\":\"https:\/\/old.elusvali.ee\/lv\/produkts\/klavu-sirups-500ml-darkiii-maple-farm\/\",\"url\":\"https:\/\/old.elusvali.ee\/lv\/produkts\/klavu-sirups-500ml-darkiii-maple-farm\/\",\"name\":\"K\u013cavu s\u012brups 500ml Dark(III) | Maple Farm - Pure Nature\",\"isPartOf\":{\"@id\":\"https:\/\/old.elusvali.ee\/lv\/#website\"},\"primaryImageOfPage\":{\"@id\":\"https:\/\/old.elusvali.ee\/lv\/produkts\/klavu-sirups-500ml-darkiii-maple-farm\/#primaryimage\"},\"image\":{\"@id\":\"https:\/\/old.elusvali.ee\/lv\/produkts\/klavu-sirups-500ml-darkiii-maple-farm\/#primaryimage\"},\"thumbnailUrl\":\"https:\/\/old.elusvali.ee\/wp-content\/uploads\/2024\/05\/MF-Dark-500ml-ENG-fronte.jpg\",\"datePublished\":\"2024-05-07T08:07:04+00:00\",\"dateModified\":\"2025-05-13T16:35:17+00:00\",\"description\":\"K\u013cavu s\u012brups ir lielisks sabiedrotais visiem saldumm\u012b\u013ciem. Tas ir vesel\u012bgs, bet gar\u0161o saldi, pat\u012bkami un karamel\u012bgi.\",\"breadcrumb\":{\"@id\":\"https:\/\/old.elusvali.ee\/lv\/produkts\/klavu-sirups-500ml-darkiii-maple-farm\/#breadcrumb\"},\"inLanguage\":\"lv-LV\",\"potentialAction\":[{\"@type\":\"ReadAction\",\"target\":[\"https:\/\/old.elusvali.ee\/lv\/produkts\/klavu-sirups-500ml-darkiii-maple-farm\/\"]}]},{\"@type\":\"ImageObject\",\"inLanguage\":\"lv-LV\",\"@id\":\"https:\/\/old.elusvali.ee\/lv\/produkts\/klavu-sirups-500ml-darkiii-maple-farm\/#primaryimage\",\"url\":\"https:\/\/old.elusvali.ee\/wp-content\/uploads\/2024\/05\/MF-Dark-500ml-ENG-fronte.jpg\",\"contentUrl\":\"https:\/\/old.elusvali.ee\/wp-content\/uploads\/2024\/05\/MF-Dark-500ml-ENG-fronte.jpg\",\"width\":1500,\"height\":1500,\"caption\":\"Kanadietiskas klevu sirupas\"},{\"@type\":\"BreadcrumbList\",\"@id\":\"https:\/\/old.elusvali.ee\/lv\/produkts\/klavu-sirups-500ml-darkiii-maple-farm\/#breadcrumb\",\"itemListElement\":[{\"@type\":\"ListItem\",\"position\":1,\"name\":\"Home\",\"item\":\"https:\/\/purenature.lv\/\"},{\"@type\":\"ListItem\",\"position\":2,\"name\":\"E-veikals\",\"item\":\"https:\/\/purenature.lv\/veikals\/\"},{\"@type\":\"ListItem\",\"position\":3,\"name\":\"K\u013cavu s\u012brups 500ml Dark(III) | Maple Farm\"}]},{\"@type\":\"WebSite\",\"@id\":\"https:\/\/old.elusvali.ee\/lv\/#website\",\"url\":\"https:\/\/old.elusvali.ee\/lv\/\",\"name\":\"Elusv\u00e4li\",\"description\":\"Puhas k&ouml;&ouml;k ja koduapteek\",\"publisher\":{\"@id\":\"https:\/\/old.elusvali.ee\/lv\/#organization\"},\"potentialAction\":[{\"@type\":\"SearchAction\",\"target\":{\"@type\":\"EntryPoint\",\"urlTemplate\":\"https:\/\/old.elusvali.ee\/lv\/?s={search_term_string}\"},\"query-input\":{\"@type\":\"PropertyValueSpecification\",\"valueRequired\":true,\"valueName\":\"search_term_string\"}}],\"inLanguage\":\"lv-LV\"},{\"@type\":\"Organization\",\"@id\":\"https:\/\/old.elusvali.ee\/lv\/#organization\",\"name\":\"Elusv\u00e4li\",\"url\":\"https:\/\/old.elusvali.ee\/lv\/\",\"logo\":{\"@type\":\"ImageObject\",\"inLanguage\":\"lv-LV\",\"@id\":\"https:\/\/old.elusvali.ee\/lv\/#\/schema\/logo\/image\/\",\"url\":\"https:\/\/purenature.lt\/wp-content\/uploads\/2023\/07\/logo.png\",\"contentUrl\":\"https:\/\/purenature.lt\/wp-content\/uploads\/2023\/07\/logo.png\",\"width\":526,\"height\":146,\"caption\":\"Elusv\u00e4li\"},\"image\":{\"@id\":\"https:\/\/old.elusvali.ee\/lv\/#\/schema\/logo\/image\/\"},\"sameAs\":[\"https:\/\/www.facebook.com\/profile.php?id=100064131067985\",\"https:\/\/www.instagram.com\/elusvali\/\",\"https:\/\/www.youtube.com\/@elusvali2110\"]}]}<\/script>\n<!-- \/ Yoast SEO plugin. -->","yoast_head_json":{"title":"K\u013cavu s\u012brups 500ml Dark(III) | Maple Farm - Pure Nature","description":"K\u013cavu s\u012brups ir lielisks sabiedrotais visiem saldumm\u012b\u013ciem. Tas ir vesel\u012bgs, bet gar\u0161o saldi, pat\u012bkami un karamel\u012bgi.","robots":{"index":"noindex","follow":"follow","max-snippet":"max-snippet:-1","max-image-preview":"max-image-preview:large","max-video-preview":"max-video-preview:-1"},"og_locale":"lv_LV","og_type":"article","og_title":"K\u013cavu s\u012brups 500ml Dark(III) | Maple Farm - Pure Nature","og_description":"K\u013cavu s\u012brups ir lielisks sabiedrotais visiem saldumm\u012b\u013ciem. Tas ir vesel\u012bgs, bet gar\u0161o saldi, pat\u012bkami un karamel\u012bgi.","og_url":"https:\/\/old.elusvali.ee\/lv\/produkts\/klavu-sirups-500ml-darkiii-maple-farm\/","og_site_name":"Elusv&auml;li","article_publisher":"https:\/\/www.facebook.com\/profile.php?id=100064131067985","article_modified_time":"2025-05-13T16:35:17+00:00","og_image":[{"width":1500,"height":1500,"url":"https:\/\/old.elusvali.ee\/wp-content\/uploads\/2024\/05\/MF-Dark-500ml-ENG-fronte.jpg","type":"image\/jpeg"}],"twitter_card":"summary_large_image","twitter_misc":{"Est. reading time":"3 minutes"},"schema":{"@context":"https:\/\/schema.org","@graph":[{"@type":"WebPage","@id":"https:\/\/old.elusvali.ee\/lv\/produkts\/klavu-sirups-500ml-darkiii-maple-farm\/","url":"https:\/\/old.elusvali.ee\/lv\/produkts\/klavu-sirups-500ml-darkiii-maple-farm\/","name":"K\u013cavu s\u012brups 500ml Dark(III) | Maple Farm - Pure Nature","isPartOf":{"@id":"https:\/\/old.elusvali.ee\/lv\/#website"},"primaryImageOfPage":{"@id":"https:\/\/old.elusvali.ee\/lv\/produkts\/klavu-sirups-500ml-darkiii-maple-farm\/#primaryimage"},"image":{"@id":"https:\/\/old.elusvali.ee\/lv\/produkts\/klavu-sirups-500ml-darkiii-maple-farm\/#primaryimage"},"thumbnailUrl":"https:\/\/old.elusvali.ee\/wp-content\/uploads\/2024\/05\/MF-Dark-500ml-ENG-fronte.jpg","datePublished":"2024-05-07T08:07:04+00:00","dateModified":"2025-05-13T16:35:17+00:00","description":"K\u013cavu s\u012brups ir lielisks sabiedrotais visiem saldumm\u012b\u013ciem. Tas ir vesel\u012bgs, bet gar\u0161o saldi, pat\u012bkami un karamel\u012bgi.","breadcrumb":{"@id":"https:\/\/old.elusvali.ee\/lv\/produkts\/klavu-sirups-500ml-darkiii-maple-farm\/#breadcrumb"},"inLanguage":"lv-LV","potentialAction":[{"@type":"ReadAction","target":["https:\/\/old.elusvali.ee\/lv\/produkts\/klavu-sirups-500ml-darkiii-maple-farm\/"]}]},{"@type":"ImageObject","inLanguage":"lv-LV","@id":"https:\/\/old.elusvali.ee\/lv\/produkts\/klavu-sirups-500ml-darkiii-maple-farm\/#primaryimage","url":"https:\/\/old.elusvali.ee\/wp-content\/uploads\/2024\/05\/MF-Dark-500ml-ENG-fronte.jpg","contentUrl":"https:\/\/old.elusvali.ee\/wp-content\/uploads\/2024\/05\/MF-Dark-500ml-ENG-fronte.jpg","width":1500,"height":1500,"caption":"Kanadietiskas klevu sirupas"},{"@type":"BreadcrumbList","@id":"https:\/\/old.elusvali.ee\/lv\/produkts\/klavu-sirups-500ml-darkiii-maple-farm\/#breadcrumb","itemListElement":[{"@type":"ListItem","position":1,"name":"Home","item":"https:\/\/purenature.lv\/"},{"@type":"ListItem","position":2,"name":"E-veikals","item":"https:\/\/purenature.lv\/veikals\/"},{"@type":"ListItem","position":3,"name":"K\u013cavu s\u012brups 500ml Dark(III) | Maple Farm"}]},{"@type":"WebSite","@id":"https:\/\/old.elusvali.ee\/lv\/#website","url":"https:\/\/old.elusvali.ee\/lv\/","name":"Elusv\u00e4li","description":"Puhas k&ouml;&ouml;k ja koduapteek","publisher":{"@id":"https:\/\/old.elusvali.ee\/lv\/#organization"},"potentialAction":[{"@type":"SearchAction","target":{"@type":"EntryPoint","urlTemplate":"https:\/\/old.elusvali.ee\/lv\/?s={search_term_string}"},"query-input":{"@type":"PropertyValueSpecification","valueRequired":true,"valueName":"search_term_string"}}],"inLanguage":"lv-LV"},{"@type":"Organization","@id":"https:\/\/old.elusvali.ee\/lv\/#organization","name":"Elusv\u00e4li","url":"https:\/\/old.elusvali.ee\/lv\/","logo":{"@type":"ImageObject","inLanguage":"lv-LV","@id":"https:\/\/old.elusvali.ee\/lv\/#\/schema\/logo\/image\/","url":"https:\/\/purenature.lt\/wp-content\/uploads\/2023\/07\/logo.png","contentUrl":"https:\/\/purenature.lt\/wp-content\/uploads\/2023\/07\/logo.png","width":526,"height":146,"caption":"Elusv\u00e4li"},"image":{"@id":"https:\/\/old.elusvali.ee\/lv\/#\/schema\/logo\/image\/"},"sameAs":["https:\/\/www.facebook.com\/profile.php?id=100064131067985","https:\/\/www.instagram.com\/elusvali\/","https:\/\/www.youtube.com\/@elusvali2110"]}]}},"_links":{"self":[{"href":"https:\/\/old.elusvali.ee\/lv\/wp-json\/wp\/v2\/product\/62910","targetHints":{"allow":["GET"]}}],"collection":[{"href":"https:\/\/old.elusvali.ee\/lv\/wp-json\/wp\/v2\/product"}],"about":[{"href":"https:\/\/old.elusvali.ee\/lv\/wp-json\/wp\/v2\/types\/product"}],"replies":[{"embeddable":true,"href":"https:\/\/old.elusvali.ee\/lv\/wp-json\/wp\/v2\/comments?post=62910"}],"version-history":[{"count":0,"href":"https:\/\/old.elusvali.ee\/lv\/wp-json\/wp\/v2\/product\/62910\/revisions"}],"wp:featuredmedia":[{"embeddable":true,"href":"https:\/\/old.elusvali.ee\/lv\/wp-json\/wp\/v2\/media\/43257"}],"wp:attachment":[{"href":"https:\/\/old.elusvali.ee\/lv\/wp-json\/wp\/v2\/media?parent=62910"}],"wp:term":[{"taxonomy":"product_brand","embeddable":true,"href":"https:\/\/old.elusvali.ee\/lv\/wp-json\/wp\/v2\/product_brand?post=62910"},{"taxonomy":"product_cat","embeddable":true,"href":"https:\/\/old.elusvali.ee\/lv\/wp-json\/wp\/v2\/product_cat?post=62910"},{"taxonomy":"product_tag","embeddable":true,"href":"https:\/\/old.elusvali.ee\/lv\/wp-json\/wp\/v2\/product_tag?post=62910"}],"curies":[{"name":"wp","href":"https:\/\/api.w.org\/{rel}","templated":true}]}}