{"id":61750,"date":"2024-11-14T10:05:14","date_gmt":"2024-11-14T08:05:14","guid":{"rendered":"https:\/\/old.elusvali.ee\/product\/lecu-lazanjas-plaksnes-250g-your-organic-nature\/"},"modified":"2024-11-14T10:05:14","modified_gmt":"2024-11-14T08:05:14","slug":"lecu-lazanjas-plaksnes-250g-your-organic-nature","status":"publish","type":"product","link":"https:\/\/old.elusvali.ee\/lv\/produkts\/lecu-lazanjas-plaksnes-250g-your-organic-nature\/","title":{"rendered":"L\u0113cu lazanjas pl\u0101ksnes 250g | Your Organic Nature"},"content":{"rendered":"<div class=\"flex max-w-full flex-col flex-grow\">\n<div class=\"min-h-8 text-message flex w-full flex-col items-end gap-2 whitespace-normal break-words [.text-message+&amp;]:mt-5\" dir=\"auto\" data-message-author-role=\"assistant\" data-message-id=\"10770c3e-f0d5-4afa-8207-adb8f0c9a242\" data-message-model-slug=\"gpt-4o\">\n<div class=\"flex w-full flex-col gap-1 empty:hidden first:pt-[3px]\">\n<div class=\"markdown prose w-full break-words dark:prose-invert light\">\n<h2>L\u0113cu lazanjas pl\u0101ksnes<\/h2>\n<p>L\u0113cu lazanjas pl\u0101ksnes gatavo no dzeltenaj\u0101m l\u0113c\u0101m un br\u016bnajiem r\u012bsiem, un viss! &#8211; t\u0101 apgalvo it\u0101\u013cu makaronu meistari. \u0160\u0137\u012bvji nesatur lipekli un ir bag\u0101ti ar olbaltumviel\u0101m, nodro\u0161inot gardu un barojo\u0161u pamatu j\u016bsu jau t\u0101 vesel\u012bgajai lazanjai.  <\/p>\n<h2>L\u0113cas<\/h2>\n<p>L\u0113cas, iesp\u0113jams, n\u0101k no Vidus\u0101zijas, jo t\u0101s ir viengad\u012bga auga auglis, ko lietoja uztur\u0101 jau aizv\u0113sturiskos laikos. L\u0113cas bija viena no pirmaj\u0101m kultiv\u0113taj\u0101m p\u0101rtikas kult\u016br\u0101m, kas no Vidus\u0101zijas izplat\u012bj\u0101s Eirop\u0101, \u0100frik\u0101 un Indij\u0101. <img fetchpriority=\"high\" decoding=\"async\" class=\"wp-image-54568 size-medium alignleft\" src=\"https:\/\/old.elusvali.ee\/wp-content\/uploads\/2024\/11\/lentils-200x300.jpg\" alt=\"l\u0113cas\" width=\"200\" height=\"300\" srcset=\"https:\/\/old.elusvali.ee\/wp-content\/uploads\/2024\/11\/lentils-200x300.jpg 200w, https:\/\/old.elusvali.ee\/wp-content\/uploads\/2024\/11\/lentils-533x800.jpg 533w, https:\/\/old.elusvali.ee\/wp-content\/uploads\/2024\/11\/lentils-768x1152.jpg 768w, https:\/\/old.elusvali.ee\/wp-content\/uploads\/2024\/11\/lentils-1024x1536.jpg 1024w, https:\/\/old.elusvali.ee\/wp-content\/uploads\/2024\/11\/lentils-430x645.jpg 430w, https:\/\/old.elusvali.ee\/wp-content\/uploads\/2024\/11\/lentils-700x1050.jpg 700w, https:\/\/old.elusvali.ee\/wp-content\/uploads\/2024\/11\/lentils-150x225.jpg 150w, https:\/\/old.elusvali.ee\/wp-content\/uploads\/2024\/11\/lentils.jpg 1350w\" sizes=\"(max-width: 200px) 100vw, 200px\" \/><\/p>\n<p>L\u0113cas jau kop\u0161 neatminamiem laikiem ir Igaunijas zemnieku uztur\u0101. Tiek uzskat\u012bts, ka l\u0113cas Igaunij\u0101 s\u0101ka audz\u0113t 19. gadsimt\u0101. Da\u017eos Igaunijas re\u0123ionos l\u0113cas pat audz\u0113ja tik bag\u0101t\u012bgi, ka ar t\u0101m maks\u0101ja kalpiem. Tom\u0113r liel\u0101koties l\u0113cas audz\u0113ja galvenok\u0101rt tikai \u0123imenes p\u0101rtikas vajadz\u012bbu apmierin\u0101\u0161anai. Igaunij\u0101 l\u0113cu audz\u0113\u0161anas att\u012bst\u012bbu veicin\u0101ja tr\u012bs galvenie faktori. Pirmk\u0101rt, at\u0161\u0137ir\u012bb\u0101 no cit\u0101m p\u0101k\u0161augiem l\u0113cas var augt nabadz\u012bg\u0101k\u0101s un saus\u0101k\u0101s augsn\u0113s. Otrk\u0101rt, sal\u012bdzin\u0101jum\u0101 ar \u017e\u0101v\u0113t\u0101m pupi\u0146\u0101m un zir\u0146iem l\u0113cas \u0101tr\u0101k izv\u0101r\u0101s l\u012bdz m\u012bkstumam. Tre\u0161k\u0101rt, t\u0101pat k\u0101 visi p\u0101k\u0161augi, ar\u012b l\u0113cas ir labs ener\u0123ijas un olbaltumvielu avots, kas zemniekiem bija \u013coti nepiecie\u0161ams.       <\/p>\n<p>L\u0113c\u0101s ir daudz folijsk\u0101bes un \u0161\u0137iedrvielu. L\u0113c\u0101s ir ar\u012b k\u0101lijs, dzelzs un fosfors, k\u0101 ar\u012b magnijs, cinks, B grupas vitam\u012bni un \u013coti nepiecie\u0161amais var\u0161. L\u0113cas ieteicams lietot diab\u0113ta slimniekiem, lai l\u012bdzsvarotu cukura l\u012bmeni asin\u012bs. L\u0113c\u0101s ir \u013coti maz tauku, un no t\u0101m gatavoti \u0113dieni labi piepilda ku\u0146\u0123i, jo<span class=\"text_exposed_show\">ener\u0123ija no t\u0101m izdal\u0101s l\u0113ni un vienm\u0113r\u012bgi<\/span>.   <\/p>\n<h2><\/h2>\n<h2>Sast\u0101vda\u013cas<\/h2>\n<ul>\n<li>L\u0113cu lazanjas pl\u0101k\u0161\u0146u sast\u0101vda\u013cas no kontrol\u0113tiem biolo\u0123isk\u0101s lauksaimniec\u012bbas avotiem<\/li>\n<li>Satur 90 % dzelteno l\u0113cu miltu, 10 % br\u016bno r\u012bsu miltu.<\/li>\n<li>Bez glut\u0113na<\/li>\n<li>Uzglab\u0101t nosl\u0113gtas v\u0113s\u0101, saus\u0101 viet\u0101.<\/li>\n<li>Uzturv\u0113rt\u012bba 100 g: ener\u0123\u0113tisk\u0101 v\u0113rt\u012bba 1451 kJ\/343 kcal, tauki 2,2 g (no tiem pies\u0101tin\u0101tie 0,5 g), og\u013chidr\u0101ti 56,7 g (no tiem cukuri 1,1 g), olbaltumvielas 21,4 g, s\u0101ls 0,01 g.<\/li>\n<li>L\u0113cu lazanjas pl\u0101ksn\u0113s ir augsts olbaltumvielu un \u0161\u0137iedrvielu saturs<\/li>\n<\/ul>\n<h2>K\u0101 pagatavot<\/h2>\n<p>Izk\u0101rtojiet pl\u0101ksnes un m\u0113rci vair\u0101k\u0101s k\u0101rt\u0101s cepamaj\u0101 trauk\u0101. S\u0101ciet un pabeidziet ar m\u0113rci. Cepiet lazanju cepe\u0161kr\u0101sn\u012b 40 min\u016btes 200 gr\u0101du temperat\u016br\u0101. Lai ieg\u016btu lab\u0101kos rezult\u0101tus, ieteicams lazanjas pl\u0101ksnes p\u0101rkl\u0101t ar pietiekamu daudzumu m\u0113rces.   <\/p>\n<\/div>\n<h2>Ra\u017eot\u0101js<\/h2>\n<div class=\"markdown prose w-full break-words dark:prose-invert light\">Pre\u010du z\u012bme <a href=\"https:\/\/www.udea.nl\/brand\/your-organic-nature-your-organic-habit\"><strong>Your Organic Nature<\/strong><\/a> simboliz\u0113 &#8220;j\u016bsu biolo\u0123isko ieradumu&#8221;. Pla\u0161ais pamatproduktu kl\u0101sts un virkne inovat\u012bvu produktu padara \u0161o z\u012bmolu par neat\u0146emamu ikned\u0113\u013cas iepirk\u0161an\u0101s rut\u012bnas sast\u0101vda\u013cu. Produkti ir ekolo\u0123iski t\u012bri un 50 % bez plastmasas iepakojuma.  <\/div>\n<\/div>\n<\/div>\n<\/div>\n<p>Sast\u0101vda\u013cu kvalit\u0101te ir uzticami biolo\u0123iska, jo biolo\u0123isk\u0101 ra\u017eo\u0161ana ir labv\u0113l\u012bga dz\u012bvniekiem un dabai, kur\u0101 m\u0113s visi dz\u012bvojam. T\u0101p\u0113c ra\u017eot\u0101ji dod priek\u0161roku viet\u0113jiem izejvielu avotiem un, ja iesp\u0113jams, iepako tos iepakojumos, kas p\u0113c iesp\u0113jas maz\u0101k ietekm\u0113 vidi un dabu (piem\u0113ram, biolo\u0123iski no\u0101rd\u0101m\u0101s pl\u0113v\u0113s un eti\u0137et\u0113s). <\/p>\n<p>M\u016bsu m\u0113r\u0137is ir kop\u012bgi r\u016bp\u0113ties par m\u016bsu plan\u0113tu. Uz\u0146\u0113muma logotips simboliz\u0113 &#8220;kop\u012bgas r\u016bpes par plan\u0113tu&#8221; un saikni starp Zemi un cilv\u0113kiem. Tas uzsver ar\u012b uz\u0146\u0113muma p\u0101rstr\u0101des filozofiju. Vi\u0146u v\u0113rt\u012bbas ir past\u0101v\u012bgi nov\u0113rt\u0113t v\u012bziju un uzraudz\u012bt, lai vi\u0146u darba prakse atbilst \u0161ai v\u012bzijai. Uz\u0146\u0113muma m\u0113r\u0137is ir darboties saska\u0146\u0101 ar noteiktaj\u0101m v\u0113rt\u012bb\u0101m un b\u016bt par paraugu biolo\u0123isk\u0101s p\u0101rtikas pasaul\u0113 un ar savu izv\u0113li apliecin\u0101t l\u012bder\u012bbu. V\u012bzija ir uz\u0146emties atbild\u012bbu par vesel\u012bgu un ilgtsp\u0113j\u012bgu p\u0101rtikas \u0137\u0113di, kas nodro\u0161ina p\u0101rtikas izcelsmes p\u0101rredzam\u012bbu.      <\/p>\n<p><img decoding=\"async\" class=\"alignleft wp-image-55010 size-full\" src=\"https:\/\/old.elusvali.ee\/wp-content\/uploads\/2024\/11\/vegan-lasanje-gluteenivaba.jpg\" alt=\"\" width=\"900\" height=\"1350\" srcset=\"https:\/\/old.elusvali.ee\/wp-content\/uploads\/2024\/11\/vegan-lasanje-gluteenivaba.jpg 900w, https:\/\/old.elusvali.ee\/wp-content\/uploads\/2024\/11\/vegan-lasanje-gluteenivaba-200x300.jpg 200w, https:\/\/old.elusvali.ee\/wp-content\/uploads\/2024\/11\/vegan-lasanje-gluteenivaba-533x800.jpg 533w, https:\/\/old.elusvali.ee\/wp-content\/uploads\/2024\/11\/vegan-lasanje-gluteenivaba-768x1152.jpg 768w, https:\/\/old.elusvali.ee\/wp-content\/uploads\/2024\/11\/vegan-lasanje-gluteenivaba-430x645.jpg 430w, https:\/\/old.elusvali.ee\/wp-content\/uploads\/2024\/11\/vegan-lasanje-gluteenivaba-700x1050.jpg 700w, https:\/\/old.elusvali.ee\/wp-content\/uploads\/2024\/11\/vegan-lasanje-gluteenivaba-150x225.jpg 150w\" sizes=\"(max-width: 900px) 100vw, 900px\" \/><\/p>\n<p>&nbsp;<\/p>\n<p>&nbsp;<\/p>\n<p>&nbsp;<\/p>\n<p>&nbsp;<\/p>\n","protected":false},"excerpt":{"rendered":"<p>Vai esat sap\u0146ojis par vesel\u012bgu un viegli pagatavojamu lazanju? Tagad tas ir iesp\u0113jams! J\u016bsu Organic Nature lazanja ir pagatavota tikai no div\u0101m vesel\u012bg\u0101m un bezglut\u0113na sast\u0101vda\u013c\u0101m: dzeltenaj\u0101m l\u0113c\u0101m un br\u016bnajiem r\u012bsiem.  <\/p>\n<p>Lazanjas pl\u0101ksn\u0113s ir daudz olbaltumvielu un \u0161\u0137iedrvielu, kas nodro\u0161ina gardu un iztur\u012bgu pamatu jebkurai lazanjai. Sast\u0101vda\u013cas ir no sertific\u0113tas biolo\u0123isk\u0101s lauksaimniec\u012bbas. Garant\u0113ta laba gar\u0161a &#8211; izm\u0113\u0123iniet un p\u0101rliecinieties pa\u0161i.  <\/p>\n","protected":false},"featured_media":55031,"comment_status":"open","ping_status":"closed","template":"","meta":{"_acf_changed":false},"product_brand":[],"product_cat":[442,459],"product_tag":[],"class_list":{"0":"post-61750","1":"product","2":"type-product","3":"status-publish","4":"has-post-thumbnail","6":"product_cat-majas-virtuve","7":"product_cat-sausie-izstradajumi","9":"first","10":"instock","11":"taxable","12":"shipping-taxable","13":"purchasable","14":"product-type-simple"},"acf":[],"yoast_head":"<!-- This site is optimized with the Yoast SEO plugin v25.3.1 - https:\/\/yoast.com\/wordpress\/plugins\/seo\/ -->\n<title>L\u0113cu lazanjas pl\u0101ksnes 250g | Your Organic Nature - Pure Nature<\/title>\n<meta name=\"description\" content=\"Lazanjas pl\u0101ksnes ir gatavotas no dzeltenaj\u0101m l\u0113c\u0101m un br\u016bnajiem r\u012bsiem. T\u0101s nesatur lipekli un ir bag\u0101tas ar olbaltumviel\u0101m, nodro\u0161inot gardu un barojo\u0161u lazanju.\" \/>\n<meta name=\"robots\" content=\"noindex, follow, max-snippet:-1, max-image-preview:large, max-video-preview:-1\" \/>\n<meta property=\"og:locale\" content=\"lv_LV\" \/>\n<meta property=\"og:type\" content=\"article\" \/>\n<meta property=\"og:title\" content=\"L\u0113cu lazanjas pl\u0101ksnes 250g | Your Organic Nature - Pure Nature\" \/>\n<meta property=\"og:description\" content=\"Lazanjas pl\u0101ksnes ir gatavotas no dzeltenaj\u0101m l\u0113c\u0101m un br\u016bnajiem r\u012bsiem. T\u0101s nesatur lipekli un ir bag\u0101tas ar olbaltumviel\u0101m, nodro\u0161inot gardu un barojo\u0161u lazanju.\" \/>\n<meta property=\"og:url\" content=\"https:\/\/old.elusvali.ee\/lv\/produkts\/lecu-lazanjas-plaksnes-250g-your-organic-nature\/\" \/>\n<meta property=\"og:site_name\" content=\"Elusv&auml;li\" \/>\n<meta property=\"article:publisher\" content=\"https:\/\/www.facebook.com\/profile.php?id=100064131067985\" \/>\n<meta property=\"og:image\" content=\"https:\/\/purenature.lv\/wp-content\/uploads\/2024\/11\/Laatse-lasanjeplaadid-gluteenivaba.jpg\" \/>\n\t<meta property=\"og:image:width\" content=\"1500\" \/>\n\t<meta property=\"og:image:height\" content=\"1500\" \/>\n\t<meta property=\"og:image:type\" content=\"image\/jpeg\" \/>\n<meta name=\"twitter:card\" content=\"summary_large_image\" \/>\n<meta name=\"twitter:label1\" content=\"Est. reading time\" \/>\n\t<meta name=\"twitter:data1\" content=\"4 minutes\" \/>\n<script type=\"application\/ld+json\" class=\"yoast-schema-graph\">{\"@context\":\"https:\/\/schema.org\",\"@graph\":[{\"@type\":\"WebPage\",\"@id\":\"https:\/\/old.elusvali.ee\/lv\/produkts\/lecu-lazanjas-plaksnes-250g-your-organic-nature\/\",\"url\":\"https:\/\/old.elusvali.ee\/lv\/produkts\/lecu-lazanjas-plaksnes-250g-your-organic-nature\/\",\"name\":\"L\u0113cu lazanjas pl\u0101ksnes 250g | Your Organic Nature - Pure Nature\",\"isPartOf\":{\"@id\":\"https:\/\/old.elusvali.ee\/lv\/#website\"},\"primaryImageOfPage\":{\"@id\":\"https:\/\/old.elusvali.ee\/lv\/produkts\/lecu-lazanjas-plaksnes-250g-your-organic-nature\/#primaryimage\"},\"image\":{\"@id\":\"https:\/\/old.elusvali.ee\/lv\/produkts\/lecu-lazanjas-plaksnes-250g-your-organic-nature\/#primaryimage\"},\"thumbnailUrl\":\"https:\/\/old.elusvali.ee\/wp-content\/uploads\/2024\/11\/Laatse-lasanjeplaadid-gluteenivaba.jpg\",\"datePublished\":\"2024-11-14T08:05:14+00:00\",\"description\":\"Lazanjas pl\u0101ksnes ir gatavotas no dzeltenaj\u0101m l\u0113c\u0101m un br\u016bnajiem r\u012bsiem. T\u0101s nesatur lipekli un ir bag\u0101tas ar olbaltumviel\u0101m, nodro\u0161inot gardu un barojo\u0161u lazanju.\",\"breadcrumb\":{\"@id\":\"https:\/\/old.elusvali.ee\/lv\/produkts\/lecu-lazanjas-plaksnes-250g-your-organic-nature\/#breadcrumb\"},\"inLanguage\":\"lv-LV\",\"potentialAction\":[{\"@type\":\"ReadAction\",\"target\":[\"https:\/\/old.elusvali.ee\/lv\/produkts\/lecu-lazanjas-plaksnes-250g-your-organic-nature\/\"]}]},{\"@type\":\"ImageObject\",\"inLanguage\":\"lv-LV\",\"@id\":\"https:\/\/old.elusvali.ee\/lv\/produkts\/lecu-lazanjas-plaksnes-250g-your-organic-nature\/#primaryimage\",\"url\":\"https:\/\/old.elusvali.ee\/wp-content\/uploads\/2024\/11\/Laatse-lasanjeplaadid-gluteenivaba.jpg\",\"contentUrl\":\"https:\/\/old.elusvali.ee\/wp-content\/uploads\/2024\/11\/Laatse-lasanjeplaadid-gluteenivaba.jpg\",\"width\":1500,\"height\":1500},{\"@type\":\"BreadcrumbList\",\"@id\":\"https:\/\/old.elusvali.ee\/lv\/produkts\/lecu-lazanjas-plaksnes-250g-your-organic-nature\/#breadcrumb\",\"itemListElement\":[{\"@type\":\"ListItem\",\"position\":1,\"name\":\"Home\",\"item\":\"https:\/\/purenature.lv\/\"},{\"@type\":\"ListItem\",\"position\":2,\"name\":\"E-veikals\",\"item\":\"https:\/\/purenature.lv\/veikals\/\"},{\"@type\":\"ListItem\",\"position\":3,\"name\":\"L\u0113cu lazanjas pl\u0101ksnes 250g | Your Organic Nature\"}]},{\"@type\":\"WebSite\",\"@id\":\"https:\/\/old.elusvali.ee\/lv\/#website\",\"url\":\"https:\/\/old.elusvali.ee\/lv\/\",\"name\":\"Elusv\u00e4li\",\"description\":\"Puhas k&ouml;&ouml;k ja koduapteek\",\"publisher\":{\"@id\":\"https:\/\/old.elusvali.ee\/lv\/#organization\"},\"potentialAction\":[{\"@type\":\"SearchAction\",\"target\":{\"@type\":\"EntryPoint\",\"urlTemplate\":\"https:\/\/old.elusvali.ee\/lv\/?s={search_term_string}\"},\"query-input\":{\"@type\":\"PropertyValueSpecification\",\"valueRequired\":true,\"valueName\":\"search_term_string\"}}],\"inLanguage\":\"lv-LV\"},{\"@type\":\"Organization\",\"@id\":\"https:\/\/old.elusvali.ee\/lv\/#organization\",\"name\":\"Elusv\u00e4li\",\"url\":\"https:\/\/old.elusvali.ee\/lv\/\",\"logo\":{\"@type\":\"ImageObject\",\"inLanguage\":\"lv-LV\",\"@id\":\"https:\/\/old.elusvali.ee\/lv\/#\/schema\/logo\/image\/\",\"url\":\"https:\/\/purenature.lt\/wp-content\/uploads\/2023\/07\/logo.png\",\"contentUrl\":\"https:\/\/purenature.lt\/wp-content\/uploads\/2023\/07\/logo.png\",\"width\":526,\"height\":146,\"caption\":\"Elusv\u00e4li\"},\"image\":{\"@id\":\"https:\/\/old.elusvali.ee\/lv\/#\/schema\/logo\/image\/\"},\"sameAs\":[\"https:\/\/www.facebook.com\/profile.php?id=100064131067985\",\"https:\/\/www.instagram.com\/elusvali\/\",\"https:\/\/www.youtube.com\/@elusvali2110\"]}]}<\/script>\n<!-- \/ Yoast SEO plugin. -->","yoast_head_json":{"title":"L\u0113cu lazanjas pl\u0101ksnes 250g | Your Organic Nature - Pure Nature","description":"Lazanjas pl\u0101ksnes ir gatavotas no dzeltenaj\u0101m l\u0113c\u0101m un br\u016bnajiem r\u012bsiem. T\u0101s nesatur lipekli un ir bag\u0101tas ar olbaltumviel\u0101m, nodro\u0161inot gardu un barojo\u0161u lazanju.","robots":{"index":"noindex","follow":"follow","max-snippet":"max-snippet:-1","max-image-preview":"max-image-preview:large","max-video-preview":"max-video-preview:-1"},"og_locale":"lv_LV","og_type":"article","og_title":"L\u0113cu lazanjas pl\u0101ksnes 250g | Your Organic Nature - Pure Nature","og_description":"Lazanjas pl\u0101ksnes ir gatavotas no dzeltenaj\u0101m l\u0113c\u0101m un br\u016bnajiem r\u012bsiem. T\u0101s nesatur lipekli un ir bag\u0101tas ar olbaltumviel\u0101m, nodro\u0161inot gardu un barojo\u0161u lazanju.","og_url":"https:\/\/old.elusvali.ee\/lv\/produkts\/lecu-lazanjas-plaksnes-250g-your-organic-nature\/","og_site_name":"Elusv&auml;li","article_publisher":"https:\/\/www.facebook.com\/profile.php?id=100064131067985","og_image":[{"width":1500,"height":1500,"url":"https:\/\/purenature.lv\/wp-content\/uploads\/2024\/11\/Laatse-lasanjeplaadid-gluteenivaba.jpg","type":"image\/jpeg"}],"twitter_card":"summary_large_image","twitter_misc":{"Est. reading time":"4 minutes"},"schema":{"@context":"https:\/\/schema.org","@graph":[{"@type":"WebPage","@id":"https:\/\/old.elusvali.ee\/lv\/produkts\/lecu-lazanjas-plaksnes-250g-your-organic-nature\/","url":"https:\/\/old.elusvali.ee\/lv\/produkts\/lecu-lazanjas-plaksnes-250g-your-organic-nature\/","name":"L\u0113cu lazanjas pl\u0101ksnes 250g | Your Organic Nature - Pure Nature","isPartOf":{"@id":"https:\/\/old.elusvali.ee\/lv\/#website"},"primaryImageOfPage":{"@id":"https:\/\/old.elusvali.ee\/lv\/produkts\/lecu-lazanjas-plaksnes-250g-your-organic-nature\/#primaryimage"},"image":{"@id":"https:\/\/old.elusvali.ee\/lv\/produkts\/lecu-lazanjas-plaksnes-250g-your-organic-nature\/#primaryimage"},"thumbnailUrl":"https:\/\/old.elusvali.ee\/wp-content\/uploads\/2024\/11\/Laatse-lasanjeplaadid-gluteenivaba.jpg","datePublished":"2024-11-14T08:05:14+00:00","description":"Lazanjas pl\u0101ksnes ir gatavotas no dzeltenaj\u0101m l\u0113c\u0101m un br\u016bnajiem r\u012bsiem. T\u0101s nesatur lipekli un ir bag\u0101tas ar olbaltumviel\u0101m, nodro\u0161inot gardu un barojo\u0161u lazanju.","breadcrumb":{"@id":"https:\/\/old.elusvali.ee\/lv\/produkts\/lecu-lazanjas-plaksnes-250g-your-organic-nature\/#breadcrumb"},"inLanguage":"lv-LV","potentialAction":[{"@type":"ReadAction","target":["https:\/\/old.elusvali.ee\/lv\/produkts\/lecu-lazanjas-plaksnes-250g-your-organic-nature\/"]}]},{"@type":"ImageObject","inLanguage":"lv-LV","@id":"https:\/\/old.elusvali.ee\/lv\/produkts\/lecu-lazanjas-plaksnes-250g-your-organic-nature\/#primaryimage","url":"https:\/\/old.elusvali.ee\/wp-content\/uploads\/2024\/11\/Laatse-lasanjeplaadid-gluteenivaba.jpg","contentUrl":"https:\/\/old.elusvali.ee\/wp-content\/uploads\/2024\/11\/Laatse-lasanjeplaadid-gluteenivaba.jpg","width":1500,"height":1500},{"@type":"BreadcrumbList","@id":"https:\/\/old.elusvali.ee\/lv\/produkts\/lecu-lazanjas-plaksnes-250g-your-organic-nature\/#breadcrumb","itemListElement":[{"@type":"ListItem","position":1,"name":"Home","item":"https:\/\/purenature.lv\/"},{"@type":"ListItem","position":2,"name":"E-veikals","item":"https:\/\/purenature.lv\/veikals\/"},{"@type":"ListItem","position":3,"name":"L\u0113cu lazanjas pl\u0101ksnes 250g | Your Organic Nature"}]},{"@type":"WebSite","@id":"https:\/\/old.elusvali.ee\/lv\/#website","url":"https:\/\/old.elusvali.ee\/lv\/","name":"Elusv\u00e4li","description":"Puhas k&ouml;&ouml;k ja koduapteek","publisher":{"@id":"https:\/\/old.elusvali.ee\/lv\/#organization"},"potentialAction":[{"@type":"SearchAction","target":{"@type":"EntryPoint","urlTemplate":"https:\/\/old.elusvali.ee\/lv\/?s={search_term_string}"},"query-input":{"@type":"PropertyValueSpecification","valueRequired":true,"valueName":"search_term_string"}}],"inLanguage":"lv-LV"},{"@type":"Organization","@id":"https:\/\/old.elusvali.ee\/lv\/#organization","name":"Elusv\u00e4li","url":"https:\/\/old.elusvali.ee\/lv\/","logo":{"@type":"ImageObject","inLanguage":"lv-LV","@id":"https:\/\/old.elusvali.ee\/lv\/#\/schema\/logo\/image\/","url":"https:\/\/purenature.lt\/wp-content\/uploads\/2023\/07\/logo.png","contentUrl":"https:\/\/purenature.lt\/wp-content\/uploads\/2023\/07\/logo.png","width":526,"height":146,"caption":"Elusv\u00e4li"},"image":{"@id":"https:\/\/old.elusvali.ee\/lv\/#\/schema\/logo\/image\/"},"sameAs":["https:\/\/www.facebook.com\/profile.php?id=100064131067985","https:\/\/www.instagram.com\/elusvali\/","https:\/\/www.youtube.com\/@elusvali2110"]}]}},"_links":{"self":[{"href":"https:\/\/old.elusvali.ee\/lv\/wp-json\/wp\/v2\/product\/61750","targetHints":{"allow":["GET"]}}],"collection":[{"href":"https:\/\/old.elusvali.ee\/lv\/wp-json\/wp\/v2\/product"}],"about":[{"href":"https:\/\/old.elusvali.ee\/lv\/wp-json\/wp\/v2\/types\/product"}],"replies":[{"embeddable":true,"href":"https:\/\/old.elusvali.ee\/lv\/wp-json\/wp\/v2\/comments?post=61750"}],"version-history":[{"count":0,"href":"https:\/\/old.elusvali.ee\/lv\/wp-json\/wp\/v2\/product\/61750\/revisions"}],"wp:featuredmedia":[{"embeddable":true,"href":"https:\/\/old.elusvali.ee\/lv\/wp-json\/wp\/v2\/media\/55031"}],"wp:attachment":[{"href":"https:\/\/old.elusvali.ee\/lv\/wp-json\/wp\/v2\/media?parent=61750"}],"wp:term":[{"taxonomy":"product_brand","embeddable":true,"href":"https:\/\/old.elusvali.ee\/lv\/wp-json\/wp\/v2\/product_brand?post=61750"},{"taxonomy":"product_cat","embeddable":true,"href":"https:\/\/old.elusvali.ee\/lv\/wp-json\/wp\/v2\/product_cat?post=61750"},{"taxonomy":"product_tag","embeddable":true,"href":"https:\/\/old.elusvali.ee\/lv\/wp-json\/wp\/v2\/product_tag?post=61750"}],"curies":[{"name":"wp","href":"https:\/\/api.w.org\/{rel}","templated":true}]}}