{"id":60912,"date":"2024-12-13T11:25:20","date_gmt":"2024-12-13T09:25:20","guid":{"rendered":"https:\/\/old.elusvali.ee\/product\/biologisks-silicija-gels-uzklasanai-uz-adas-silica-gel-150ml-silicium\/"},"modified":"2025-04-13T09:51:14","modified_gmt":"2025-04-13T06:51:14","slug":"biologisks-silicija-gels-uzklasanai-uz-adas-silica-gel-150ml-silicium","status":"publish","type":"product","link":"https:\/\/old.elusvali.ee\/lv\/produkts\/biologisks-silicija-gels-uzklasanai-uz-adas-silica-gel-150ml-silicium\/","title":{"rendered":"Biolo\u0123isks sil\u012bcija g\u0113ls uzkl\u0101\u0161anai uz \u0101das (Silica gel) 150ml | Silicium"},"content":{"rendered":"<p>Organiskais sil\u012bcija dioks\u012bda g\u0113ls satur visaugst\u0101ko monometilsilanetriola (dab\u012bgs organisk\u0101 sil\u012bcija dioks\u012bda mikroelements, kas labi \u0161\u0137\u012bst un ir 100% biolo\u0123iski pieejams) koncentr\u0101ciju \u0101r\u0113jai lieto\u0161anai tirg\u016b. P\u0113t\u012bjuma rezult\u0101ti liecina, ka Silicija G7 \u017eeleja iev\u0113rojami palielina kolag\u0113na l\u012bmeni fibroblastos (kolag\u0113nu sintez\u0113jo\u0161\u0101s \u0161\u016bn\u0101s). \u0160\u0137idr\u0101 sil\u012bcija dioks\u012bda lieto\u0161anu var papildin\u0101t ar sil\u012bcija dioks\u012bda gelu, lai rad\u012btu siner\u0123isku efektu. Sil\u012bcija dioks\u012bda g\u0113ls ir \u013coti efekt\u012bvs loc\u012btavu un \u0101das st\u0101vok\u013ca uzlabo\u0161anai (pl\u0101n\u0101 k\u0101rt\u0101 uzkl\u0101j uz sejas, ar\u012b ap ac\u012bm). Lieliski uzs\u016bcas. Visaugst\u0101k\u0101 organisk\u0101 sil\u012bcija koncentr\u0101cija tirg\u016b (2500 mg\/litr\u0101). Dr. Lo\u00efc le Ribault ori\u0123in\u0101l\u0101 formula.       <img fetchpriority=\"high\" decoding=\"async\" class=\"size-medium wp-image-53849 alignleft\" src=\"https:\/\/old.elusvali.ee\/wp-content\/uploads\/2024\/11\/Silicium-laboratories-g7-gel-150ml-231x300.webp\" alt=\"Silicum laboratories - g7-gel\" width=\"231\" height=\"300\" srcset=\"https:\/\/old.elusvali.ee\/wp-content\/uploads\/2024\/11\/Silicium-laboratories-g7-gel-150ml-231x300.webp 231w, https:\/\/old.elusvali.ee\/wp-content\/uploads\/2024\/11\/Silicium-laboratories-g7-gel-150ml-615x800.webp 615w, https:\/\/old.elusvali.ee\/wp-content\/uploads\/2024\/11\/Silicium-laboratories-g7-gel-150ml-768x998.webp 768w, https:\/\/old.elusvali.ee\/wp-content\/uploads\/2024\/11\/Silicium-laboratories-g7-gel-150ml-430x559.webp 430w, https:\/\/old.elusvali.ee\/wp-content\/uploads\/2024\/11\/Silicium-laboratories-g7-gel-150ml-700x910.webp 700w, https:\/\/old.elusvali.ee\/wp-content\/uploads\/2024\/11\/Silicium-laboratories-g7-gel-150ml-150x195.webp 150w, https:\/\/old.elusvali.ee\/wp-content\/uploads\/2024\/11\/Silicium-laboratories-g7-gel-150ml.webp 1000w\" sizes=\"(max-width: 231px) 100vw, 231px\" \/><\/p>\n<ul>\n<li><strong>Kolag\u0113ns:<\/strong> stimul\u0113 dabisko kolag\u0113na veido\u0161anos.<\/li>\n<li><strong>Loc\u012btavas:<\/strong> pal\u012bdz uzlabot loc\u012btavu vesel\u012bbu un mazin\u0101t diskomfortu, ko izraisa traumas, nolieto\u0161an\u0101s vai intens\u012bvas fizisk\u0101 slodzes. \u0100tri uzs\u016bcas \u0101d\u0101. Pal\u012bdz ra\u017eot kolag\u0113nu, kas pozit\u012bvi ietekm\u0113 loc\u012btavu un musku\u013cu audu st\u0101vokli.  <\/li>\n<li><strong>Musku\u013ci:<\/strong> stiprina un atbalsta c\u012bpslas, skrim\u0161\u013cus un musku\u013cus.<\/li>\n<li><strong>Audu re\u0123ener\u0101cija:<\/strong> veicina \u0101das re\u0123ener\u0101ciju apdegumu, pigment\u0101cijas plankumu un r\u0113tu zon\u0101s.<\/li>\n<li><strong>\u0100das vesel\u012bba:<\/strong> tas ir produkts, kas nodro\u0161ina visaptvero\u0161u kop\u0161anu ar mitrino\u0161\u0101m, nostiprino\u0161\u0101m un atjaunojo\u0161\u0101m \u012bpa\u0161\u012bb\u0101m.<\/li>\n<li><strong>Jaun\u012bbas saglab\u0101\u0161ana:<\/strong> pal\u0113lina noveco\u0161anu, pal\u012bdz samazin\u0101t grumbas.<\/li>\n<li><strong>Antioksidants:<\/strong> bag\u0101tin\u0101ts ar E vitam\u012bnu. Bag\u0101ts ar A vitam\u012bnu. Nov\u0113r\u0161 \u0101das probl\u0113mas, jo stimul\u0113 dabisk\u0101 kolag\u0113na veido\u0161anos.  <\/li>\n<li><strong>Laba uzs\u016bktsp\u0113ja:<\/strong> svar\u012bga \u0161\u012b gela \u012bpa\u0161\u012bba ir sp\u0113ja \u0101tri ies\u016bkties \u0101d\u0101, iedarbojoties tie\u0161i uz problem\u0101tisko zonu.<\/li>\n<\/ul>\n<p>&nbsp;<\/p>\n<h3 style=\"text-align: left;\"><strong>Sast\u0101vda\u013cas<\/strong><strong> <img decoding=\"async\" class=\"wp-image-54531 alignright\" src=\"https:\/\/old.elusvali.ee\/wp-content\/uploads\/2024\/11\/silicium-mineral-400x266.jpg\" alt=\"\" width=\"284\" height=\"189\" srcset=\"https:\/\/old.elusvali.ee\/wp-content\/uploads\/2024\/11\/silicium-mineral-400x266.jpg 400w, https:\/\/old.elusvali.ee\/wp-content\/uploads\/2024\/11\/silicium-mineral-1204x800.jpg 1204w, https:\/\/old.elusvali.ee\/wp-content\/uploads\/2024\/11\/silicium-mineral-768x510.jpg 768w, https:\/\/old.elusvali.ee\/wp-content\/uploads\/2024\/11\/silicium-mineral-430x286.jpg 430w, https:\/\/old.elusvali.ee\/wp-content\/uploads\/2024\/11\/silicium-mineral-700x465.jpg 700w, https:\/\/old.elusvali.ee\/wp-content\/uploads\/2024\/11\/silicium-mineral-150x100.jpg 150w, https:\/\/old.elusvali.ee\/wp-content\/uploads\/2024\/11\/silicium-mineral.jpg 1350w\" sizes=\"(max-width: 284px) 100vw, 284px\" \/><\/strong><\/h3>\n<ul>\n<li>\u016adens, silanetriols, tokoferols, etilheksilglicer\u012bns, karbom\u0113rs, n\u0101trija hidroks\u012bds, k\u0101lija sorb\u0101ts, n\u0101trija benzo\u0101ts, benzilspirts.<\/li>\n<li>Visaugst\u0101k\u0101 organisk\u0101 sil\u012bcija dioks\u012bda koncentr\u0101cija tirg\u016b (2500 mg\/litr\u0101).<\/li>\n<\/ul>\n<h3><strong>K\u0101 lietot sil\u012bcija g\u0113lu?<\/strong><\/h3>\n<ul>\n<li>Pa\u0146emiet nelielu daudzumu gela un uzkl\u0101jiet uz v\u0113lam\u0101s \u0101das zonas. Atk\u0101rtojiet 3-4 reizes dien\u0101. <\/li>\n<li>P\u0113c atv\u0113r\u0161anas gels der\u012bgs 12 m\u0113ne\u0161us.<\/li>\n<li>\u013boti efekt\u012bvs, pateicoties t\u0101 absorbcijas un atjaunojo\u0161aj\u0101m \u012bpa\u0161\u012bb\u0101m. Tas ar\u012b stimul\u0113 kolag\u0113na un elast\u012bna sint\u0113zi. <\/li>\n<\/ul>\n<p><a href=\"https:\/\/siliciumg5.com\/en\/content\/20-the-company\">Silicium Laboratories<\/a> izstr\u0101d\u0101 produktus, kas ir \u013coti efekt\u012bvi un konkur\u0113tsp\u0113j\u012bgi. To galvenais m\u0113r\u0137is ir iepaz\u012bstin\u0101t pasauli ar sil\u012bcija \u012bpa\u0161\u012bb\u0101m, lai ikviens var\u0113tu g\u016bt no t\u0101 labumu. Izejvielas, ko komp\u0101nija izmanto savu produktu ra\u017eo\u0161an\u0101, tiek pak\u013cautas ekskluz\u012bvam procesam, kas saglab\u0101 akt\u012bvo sast\u0101vda\u013cu un vielu efektivit\u0101ti. Uz\u0146\u0113mums darbojas holistiski, uz cilv\u0113ka \u0137ermeni un vesel\u012bbu raugoties kopum\u0101. Vi\u0146u m\u0113r\u0137is ir produktu efektivit\u0101te un cilv\u0113ku labkl\u0101j\u012bba. Silicium Laboratories principi balst\u0101s uz dabisk\u0101s dziedniec\u012bbas principiem, \u0146emot v\u0113r\u0101, ka organisms var atjaunoties un dzied\u0113t pats sevi, ja tam ir pareiz\u0101s uzturvielas.     <\/p>\n<p>M\u016bsdienu pasaul\u0113 lauksaimniec\u012bba un p\u0101rtikas r\u016bpniec\u012bba apdraud svar\u012bg\u0101ko uzturvielu pieejam\u012bbu. &#8220;Lai tava p\u0101rtika ir tavas z\u0101les, un tavas z\u0101les ir tava p\u0101rtika,&#8221; ir teiku\u0161i gudrie. Par laimi, organismam ir apbr\u012bnojami re\u0123ener\u0101cijas meh\u0101nismi, kas kop\u0101 ar gar\u012bgo un emocion\u0101lo l\u012bdzsvaru padara z\u0101\u013cu lieto\u0161anu nepiecie\u0161amu tikai \u013coti \u012bpa\u0161os gad\u012bjumos.  <\/p>\n<p><img decoding=\"async\" class=\"alignleft wp-image-54527 size-large\" src=\"https:\/\/old.elusvali.ee\/wp-content\/uploads\/2024\/11\/Silicium-G5-Gel-1199x800.jpg\" alt=\"\" width=\"1199\" height=\"800\" srcset=\"https:\/\/old.elusvali.ee\/wp-content\/uploads\/2024\/11\/Silicium-G5-Gel-1199x800.jpg 1199w, https:\/\/old.elusvali.ee\/wp-content\/uploads\/2024\/11\/Silicium-G5-Gel-400x267.jpg 400w, https:\/\/old.elusvali.ee\/wp-content\/uploads\/2024\/11\/Silicium-G5-Gel-768x513.jpg 768w, https:\/\/old.elusvali.ee\/wp-content\/uploads\/2024\/11\/Silicium-G5-Gel-430x287.jpg 430w, https:\/\/old.elusvali.ee\/wp-content\/uploads\/2024\/11\/Silicium-G5-Gel-700x467.jpg 700w, https:\/\/old.elusvali.ee\/wp-content\/uploads\/2024\/11\/Silicium-G5-Gel-150x100.jpg 150w, https:\/\/old.elusvali.ee\/wp-content\/uploads\/2024\/11\/Silicium-G5-Gel.jpg 1350w\" sizes=\"(max-width: 1199px) 100vw, 1199px\" \/><\/p>\n<p>&nbsp;<\/p>\n","protected":false},"excerpt":{"rendered":"<p>Sil\u012bcija dioks\u012bda g\u0113ls ir ar augst\u0101ko organisk\u0101 sil\u012bcija dioks\u012bda koncentr\u0101ciju tirg\u016b (2500 mg\/litr\u0101), kas ir \u013coti efekt\u012bvs, pateicoties t\u0101 absorbcijas un atjaunojo\u0161aj\u0101m \u012bpa\u0161\u012bb\u0101m. Tas stimul\u0113 kolag\u0113na un elast\u012bna sint\u0113zi, padarot to \u013coti efekt\u012bvu loc\u012btav\u0101m un \u0101dai. Sil\u012bcija dioks\u012bda g\u0113lam piem\u012bt ar\u012b pretnoveco\u0161an\u0101s \u012bpa\u0161\u012bbas, kas pal\u012bdz samazin\u0101t grumbas.  <\/p>\n","protected":false},"featured_media":53859,"comment_status":"open","ping_status":"closed","template":"","meta":{"_acf_changed":false},"product_brand":[],"product_cat":[404,468,403],"product_tag":[750],"class_list":{"0":"post-60912","1":"product","2":"type-product","3":"status-publish","4":"has-post-thumbnail","6":"product_cat-acis-un-locitavas","7":"product_cat-kermenim","8":"product_cat-nagi-un-ada","9":"product_tag-silicium-laboratories-lv","11":"first","12":"instock","13":"taxable","14":"shipping-taxable","15":"purchasable","16":"product-type-simple"},"acf":[],"yoast_head":"<!-- This site is optimized with the Yoast SEO plugin v25.3.1 - https:\/\/yoast.com\/wordpress\/plugins\/seo\/ -->\n<title>Biolo\u0123isks sil\u012bcija g\u0113ls uzkl\u0101\u0161anai uz \u0101das (Silica gel) 150ml | Silicium - Pure Nature<\/title>\n<meta name=\"description\" content=\"Efekt\u012bvs sil\u012bcija dioks\u012bda gels, pateicoties t\u0101 absorbcijas un atjaunojo\u0161aj\u0101m \u012bpa\u0161\u012bb\u0101m. Atbalsta loc\u012btavas un musku\u013cus. Nov\u0113r\u0161 noveco\u0161anos, stimul\u0113jot kolag\u0113na sint\u0113zi.\" \/>\n<meta name=\"robots\" content=\"noindex, follow, max-snippet:-1, max-image-preview:large, max-video-preview:-1\" \/>\n<meta property=\"og:locale\" content=\"lv_LV\" \/>\n<meta property=\"og:type\" content=\"article\" \/>\n<meta property=\"og:title\" content=\"Biolo\u0123isks sil\u012bcija g\u0113ls uzkl\u0101\u0161anai uz \u0101das (Silica gel) 150ml | Silicium - Pure Nature\" \/>\n<meta property=\"og:description\" content=\"Efekt\u012bvs sil\u012bcija dioks\u012bda gels, pateicoties t\u0101 absorbcijas un atjaunojo\u0161aj\u0101m \u012bpa\u0161\u012bb\u0101m. Atbalsta loc\u012btavas un musku\u013cus. Nov\u0113r\u0161 noveco\u0161anos, stimul\u0113jot kolag\u0113na sint\u0113zi.\" \/>\n<meta property=\"og:url\" content=\"https:\/\/old.elusvali.ee\/lv\/produkts\/biologisks-silicija-gels-uzklasanai-uz-adas-silica-gel-150ml-silicium\/\" \/>\n<meta property=\"og:site_name\" content=\"Elusv&auml;li\" \/>\n<meta property=\"article:publisher\" content=\"https:\/\/www.facebook.com\/profile.php?id=100064131067985\" \/>\n<meta property=\"article:modified_time\" content=\"2025-04-13T06:51:14+00:00\" \/>\n<meta property=\"og:image\" content=\"https:\/\/purenature.lv\/wp-content\/uploads\/2024\/11\/Silicum-laboratories-g7-gel.webp\" \/>\n\t<meta property=\"og:image:width\" content=\"1000\" \/>\n\t<meta property=\"og:image:height\" content=\"1300\" \/>\n\t<meta property=\"og:image:type\" content=\"image\/webp\" \/>\n<meta name=\"twitter:card\" content=\"summary_large_image\" \/>\n<meta name=\"twitter:label1\" content=\"Est. reading time\" \/>\n\t<meta name=\"twitter:data1\" content=\"3 minutes\" \/>\n<script type=\"application\/ld+json\" class=\"yoast-schema-graph\">{\"@context\":\"https:\/\/schema.org\",\"@graph\":[{\"@type\":\"WebPage\",\"@id\":\"https:\/\/old.elusvali.ee\/lv\/produkts\/biologisks-silicija-gels-uzklasanai-uz-adas-silica-gel-150ml-silicium\/\",\"url\":\"https:\/\/old.elusvali.ee\/lv\/produkts\/biologisks-silicija-gels-uzklasanai-uz-adas-silica-gel-150ml-silicium\/\",\"name\":\"Biolo\u0123isks sil\u012bcija g\u0113ls uzkl\u0101\u0161anai uz \u0101das (Silica gel) 150ml | Silicium - Pure Nature\",\"isPartOf\":{\"@id\":\"https:\/\/old.elusvali.ee\/lv\/#website\"},\"primaryImageOfPage\":{\"@id\":\"https:\/\/old.elusvali.ee\/lv\/produkts\/biologisks-silicija-gels-uzklasanai-uz-adas-silica-gel-150ml-silicium\/#primaryimage\"},\"image\":{\"@id\":\"https:\/\/old.elusvali.ee\/lv\/produkts\/biologisks-silicija-gels-uzklasanai-uz-adas-silica-gel-150ml-silicium\/#primaryimage\"},\"thumbnailUrl\":\"https:\/\/old.elusvali.ee\/wp-content\/uploads\/2024\/11\/Silicum-laboratories-g7-gel.webp\",\"datePublished\":\"2024-12-13T09:25:20+00:00\",\"dateModified\":\"2025-04-13T06:51:14+00:00\",\"description\":\"Efekt\u012bvs sil\u012bcija dioks\u012bda gels, pateicoties t\u0101 absorbcijas un atjaunojo\u0161aj\u0101m \u012bpa\u0161\u012bb\u0101m. Atbalsta loc\u012btavas un musku\u013cus. Nov\u0113r\u0161 noveco\u0161anos, stimul\u0113jot kolag\u0113na sint\u0113zi.\",\"breadcrumb\":{\"@id\":\"https:\/\/old.elusvali.ee\/lv\/produkts\/biologisks-silicija-gels-uzklasanai-uz-adas-silica-gel-150ml-silicium\/#breadcrumb\"},\"inLanguage\":\"lv-LV\",\"potentialAction\":[{\"@type\":\"ReadAction\",\"target\":[\"https:\/\/old.elusvali.ee\/lv\/produkts\/biologisks-silicija-gels-uzklasanai-uz-adas-silica-gel-150ml-silicium\/\"]}]},{\"@type\":\"ImageObject\",\"inLanguage\":\"lv-LV\",\"@id\":\"https:\/\/old.elusvali.ee\/lv\/produkts\/biologisks-silicija-gels-uzklasanai-uz-adas-silica-gel-150ml-silicium\/#primaryimage\",\"url\":\"https:\/\/old.elusvali.ee\/wp-content\/uploads\/2024\/11\/Silicum-laboratories-g7-gel.webp\",\"contentUrl\":\"https:\/\/old.elusvali.ee\/wp-content\/uploads\/2024\/11\/Silicum-laboratories-g7-gel.webp\",\"width\":1000,\"height\":1300,\"caption\":\"Silikagelis odai 150ml\"},{\"@type\":\"BreadcrumbList\",\"@id\":\"https:\/\/old.elusvali.ee\/lv\/produkts\/biologisks-silicija-gels-uzklasanai-uz-adas-silica-gel-150ml-silicium\/#breadcrumb\",\"itemListElement\":[{\"@type\":\"ListItem\",\"position\":1,\"name\":\"Home\",\"item\":\"https:\/\/purenature.lv\/\"},{\"@type\":\"ListItem\",\"position\":2,\"name\":\"E-veikals\",\"item\":\"https:\/\/purenature.lv\/veikals\/\"},{\"@type\":\"ListItem\",\"position\":3,\"name\":\"Biolo\u0123isks sil\u012bcija g\u0113ls uzkl\u0101\u0161anai uz \u0101das (Silica gel) 150ml | Silicium\"}]},{\"@type\":\"WebSite\",\"@id\":\"https:\/\/old.elusvali.ee\/lv\/#website\",\"url\":\"https:\/\/old.elusvali.ee\/lv\/\",\"name\":\"Elusv\u00e4li\",\"description\":\"Puhas k&ouml;&ouml;k ja koduapteek\",\"publisher\":{\"@id\":\"https:\/\/old.elusvali.ee\/lv\/#organization\"},\"potentialAction\":[{\"@type\":\"SearchAction\",\"target\":{\"@type\":\"EntryPoint\",\"urlTemplate\":\"https:\/\/old.elusvali.ee\/lv\/?s={search_term_string}\"},\"query-input\":{\"@type\":\"PropertyValueSpecification\",\"valueRequired\":true,\"valueName\":\"search_term_string\"}}],\"inLanguage\":\"lv-LV\"},{\"@type\":\"Organization\",\"@id\":\"https:\/\/old.elusvali.ee\/lv\/#organization\",\"name\":\"Elusv\u00e4li\",\"url\":\"https:\/\/old.elusvali.ee\/lv\/\",\"logo\":{\"@type\":\"ImageObject\",\"inLanguage\":\"lv-LV\",\"@id\":\"https:\/\/old.elusvali.ee\/lv\/#\/schema\/logo\/image\/\",\"url\":\"https:\/\/purenature.lt\/wp-content\/uploads\/2023\/07\/logo.png\",\"contentUrl\":\"https:\/\/purenature.lt\/wp-content\/uploads\/2023\/07\/logo.png\",\"width\":526,\"height\":146,\"caption\":\"Elusv\u00e4li\"},\"image\":{\"@id\":\"https:\/\/old.elusvali.ee\/lv\/#\/schema\/logo\/image\/\"},\"sameAs\":[\"https:\/\/www.facebook.com\/profile.php?id=100064131067985\",\"https:\/\/www.instagram.com\/elusvali\/\",\"https:\/\/www.youtube.com\/@elusvali2110\"]}]}<\/script>\n<!-- \/ Yoast SEO plugin. -->","yoast_head_json":{"title":"Biolo\u0123isks sil\u012bcija g\u0113ls uzkl\u0101\u0161anai uz \u0101das (Silica gel) 150ml | Silicium - Pure Nature","description":"Efekt\u012bvs sil\u012bcija dioks\u012bda gels, pateicoties t\u0101 absorbcijas un atjaunojo\u0161aj\u0101m \u012bpa\u0161\u012bb\u0101m. Atbalsta loc\u012btavas un musku\u013cus. Nov\u0113r\u0161 noveco\u0161anos, stimul\u0113jot kolag\u0113na sint\u0113zi.","robots":{"index":"noindex","follow":"follow","max-snippet":"max-snippet:-1","max-image-preview":"max-image-preview:large","max-video-preview":"max-video-preview:-1"},"og_locale":"lv_LV","og_type":"article","og_title":"Biolo\u0123isks sil\u012bcija g\u0113ls uzkl\u0101\u0161anai uz \u0101das (Silica gel) 150ml | Silicium - Pure Nature","og_description":"Efekt\u012bvs sil\u012bcija dioks\u012bda gels, pateicoties t\u0101 absorbcijas un atjaunojo\u0161aj\u0101m \u012bpa\u0161\u012bb\u0101m. Atbalsta loc\u012btavas un musku\u013cus. Nov\u0113r\u0161 noveco\u0161anos, stimul\u0113jot kolag\u0113na sint\u0113zi.","og_url":"https:\/\/old.elusvali.ee\/lv\/produkts\/biologisks-silicija-gels-uzklasanai-uz-adas-silica-gel-150ml-silicium\/","og_site_name":"Elusv&auml;li","article_publisher":"https:\/\/www.facebook.com\/profile.php?id=100064131067985","article_modified_time":"2025-04-13T06:51:14+00:00","og_image":[{"width":1000,"height":1300,"url":"https:\/\/purenature.lv\/wp-content\/uploads\/2024\/11\/Silicum-laboratories-g7-gel.webp","type":"image\/webp"}],"twitter_card":"summary_large_image","twitter_misc":{"Est. reading time":"3 minutes"},"schema":{"@context":"https:\/\/schema.org","@graph":[{"@type":"WebPage","@id":"https:\/\/old.elusvali.ee\/lv\/produkts\/biologisks-silicija-gels-uzklasanai-uz-adas-silica-gel-150ml-silicium\/","url":"https:\/\/old.elusvali.ee\/lv\/produkts\/biologisks-silicija-gels-uzklasanai-uz-adas-silica-gel-150ml-silicium\/","name":"Biolo\u0123isks sil\u012bcija g\u0113ls uzkl\u0101\u0161anai uz \u0101das (Silica gel) 150ml | Silicium - Pure Nature","isPartOf":{"@id":"https:\/\/old.elusvali.ee\/lv\/#website"},"primaryImageOfPage":{"@id":"https:\/\/old.elusvali.ee\/lv\/produkts\/biologisks-silicija-gels-uzklasanai-uz-adas-silica-gel-150ml-silicium\/#primaryimage"},"image":{"@id":"https:\/\/old.elusvali.ee\/lv\/produkts\/biologisks-silicija-gels-uzklasanai-uz-adas-silica-gel-150ml-silicium\/#primaryimage"},"thumbnailUrl":"https:\/\/old.elusvali.ee\/wp-content\/uploads\/2024\/11\/Silicum-laboratories-g7-gel.webp","datePublished":"2024-12-13T09:25:20+00:00","dateModified":"2025-04-13T06:51:14+00:00","description":"Efekt\u012bvs sil\u012bcija dioks\u012bda gels, pateicoties t\u0101 absorbcijas un atjaunojo\u0161aj\u0101m \u012bpa\u0161\u012bb\u0101m. Atbalsta loc\u012btavas un musku\u013cus. Nov\u0113r\u0161 noveco\u0161anos, stimul\u0113jot kolag\u0113na sint\u0113zi.","breadcrumb":{"@id":"https:\/\/old.elusvali.ee\/lv\/produkts\/biologisks-silicija-gels-uzklasanai-uz-adas-silica-gel-150ml-silicium\/#breadcrumb"},"inLanguage":"lv-LV","potentialAction":[{"@type":"ReadAction","target":["https:\/\/old.elusvali.ee\/lv\/produkts\/biologisks-silicija-gels-uzklasanai-uz-adas-silica-gel-150ml-silicium\/"]}]},{"@type":"ImageObject","inLanguage":"lv-LV","@id":"https:\/\/old.elusvali.ee\/lv\/produkts\/biologisks-silicija-gels-uzklasanai-uz-adas-silica-gel-150ml-silicium\/#primaryimage","url":"https:\/\/old.elusvali.ee\/wp-content\/uploads\/2024\/11\/Silicum-laboratories-g7-gel.webp","contentUrl":"https:\/\/old.elusvali.ee\/wp-content\/uploads\/2024\/11\/Silicum-laboratories-g7-gel.webp","width":1000,"height":1300,"caption":"Silikagelis odai 150ml"},{"@type":"BreadcrumbList","@id":"https:\/\/old.elusvali.ee\/lv\/produkts\/biologisks-silicija-gels-uzklasanai-uz-adas-silica-gel-150ml-silicium\/#breadcrumb","itemListElement":[{"@type":"ListItem","position":1,"name":"Home","item":"https:\/\/purenature.lv\/"},{"@type":"ListItem","position":2,"name":"E-veikals","item":"https:\/\/purenature.lv\/veikals\/"},{"@type":"ListItem","position":3,"name":"Biolo\u0123isks sil\u012bcija g\u0113ls uzkl\u0101\u0161anai uz \u0101das (Silica gel) 150ml | Silicium"}]},{"@type":"WebSite","@id":"https:\/\/old.elusvali.ee\/lv\/#website","url":"https:\/\/old.elusvali.ee\/lv\/","name":"Elusv\u00e4li","description":"Puhas k&ouml;&ouml;k ja koduapteek","publisher":{"@id":"https:\/\/old.elusvali.ee\/lv\/#organization"},"potentialAction":[{"@type":"SearchAction","target":{"@type":"EntryPoint","urlTemplate":"https:\/\/old.elusvali.ee\/lv\/?s={search_term_string}"},"query-input":{"@type":"PropertyValueSpecification","valueRequired":true,"valueName":"search_term_string"}}],"inLanguage":"lv-LV"},{"@type":"Organization","@id":"https:\/\/old.elusvali.ee\/lv\/#organization","name":"Elusv\u00e4li","url":"https:\/\/old.elusvali.ee\/lv\/","logo":{"@type":"ImageObject","inLanguage":"lv-LV","@id":"https:\/\/old.elusvali.ee\/lv\/#\/schema\/logo\/image\/","url":"https:\/\/purenature.lt\/wp-content\/uploads\/2023\/07\/logo.png","contentUrl":"https:\/\/purenature.lt\/wp-content\/uploads\/2023\/07\/logo.png","width":526,"height":146,"caption":"Elusv\u00e4li"},"image":{"@id":"https:\/\/old.elusvali.ee\/lv\/#\/schema\/logo\/image\/"},"sameAs":["https:\/\/www.facebook.com\/profile.php?id=100064131067985","https:\/\/www.instagram.com\/elusvali\/","https:\/\/www.youtube.com\/@elusvali2110"]}]}},"_links":{"self":[{"href":"https:\/\/old.elusvali.ee\/lv\/wp-json\/wp\/v2\/product\/60912","targetHints":{"allow":["GET"]}}],"collection":[{"href":"https:\/\/old.elusvali.ee\/lv\/wp-json\/wp\/v2\/product"}],"about":[{"href":"https:\/\/old.elusvali.ee\/lv\/wp-json\/wp\/v2\/types\/product"}],"replies":[{"embeddable":true,"href":"https:\/\/old.elusvali.ee\/lv\/wp-json\/wp\/v2\/comments?post=60912"}],"version-history":[{"count":0,"href":"https:\/\/old.elusvali.ee\/lv\/wp-json\/wp\/v2\/product\/60912\/revisions"}],"wp:featuredmedia":[{"embeddable":true,"href":"https:\/\/old.elusvali.ee\/lv\/wp-json\/wp\/v2\/media\/53859"}],"wp:attachment":[{"href":"https:\/\/old.elusvali.ee\/lv\/wp-json\/wp\/v2\/media?parent=60912"}],"wp:term":[{"taxonomy":"product_brand","embeddable":true,"href":"https:\/\/old.elusvali.ee\/lv\/wp-json\/wp\/v2\/product_brand?post=60912"},{"taxonomy":"product_cat","embeddable":true,"href":"https:\/\/old.elusvali.ee\/lv\/wp-json\/wp\/v2\/product_cat?post=60912"},{"taxonomy":"product_tag","embeddable":true,"href":"https:\/\/old.elusvali.ee\/lv\/wp-json\/wp\/v2\/product_tag?post=60912"}],"curies":[{"name":"wp","href":"https:\/\/api.w.org\/{rel}","templated":true}]}}