{"id":49495,"date":"2024-05-31T16:01:16","date_gmt":"2024-05-31T13:01:16","guid":{"rendered":"https:\/\/old.elusvali.ee\/product\/karri-garsvielu-maisijums-230g-biomenu-garsvielas\/"},"modified":"2025-05-24T13:21:56","modified_gmt":"2025-05-24T10:21:56","slug":"karri-garsvielu-maisijums-230g-biomenu-garsvielas","status":"publish","type":"product","link":"https:\/\/old.elusvali.ee\/lv\/produkts\/karri-garsvielu-maisijums-230g-biomenu-garsvielas\/","title":{"rendered":"Karija gar\u0161vielu mais\u012bjums 230g | BIOMENU Gar\u0161vielas"},"content":{"rendered":"<h2><img fetchpriority=\"high\" decoding=\"async\" class=\"alignleft wp-image-59257 size-medium\" src=\"https:\/\/purenature.lv\/wp-content\/uploads\/2025\/01\/turmeric-roots-on-green-leaf-over-white-background-2023-11-27-05-35-49-utc-400x267.jpg\" alt=\"kurkumas saknes\" width=\"400\" height=\"267\" srcset=\"https:\/\/old.elusvali.ee\/wp-content\/uploads\/2025\/01\/turmeric-roots-on-green-leaf-over-white-background-2023-11-27-05-35-49-utc-400x267.jpg 400w, https:\/\/old.elusvali.ee\/wp-content\/uploads\/2025\/01\/turmeric-roots-on-green-leaf-over-white-background-2023-11-27-05-35-49-utc-1200x800.jpg 1200w, https:\/\/old.elusvali.ee\/wp-content\/uploads\/2025\/01\/turmeric-roots-on-green-leaf-over-white-background-2023-11-27-05-35-49-utc-768x512.jpg 768w, https:\/\/old.elusvali.ee\/wp-content\/uploads\/2025\/01\/turmeric-roots-on-green-leaf-over-white-background-2023-11-27-05-35-49-utc-430x287.jpg 430w, https:\/\/old.elusvali.ee\/wp-content\/uploads\/2025\/01\/turmeric-roots-on-green-leaf-over-white-background-2023-11-27-05-35-49-utc-700x467.jpg 700w, https:\/\/old.elusvali.ee\/wp-content\/uploads\/2025\/01\/turmeric-roots-on-green-leaf-over-white-background-2023-11-27-05-35-49-utc-150x100.jpg 150w, https:\/\/old.elusvali.ee\/wp-content\/uploads\/2025\/01\/turmeric-roots-on-green-leaf-over-white-background-2023-11-27-05-35-49-utc.jpg 1350w\" sizes=\"(max-width: 400px) 100vw, 400px\" \/><\/h2>\n<h4>Karija pulveris &#8211; kas tas ir?<\/h4>\n<p>Karijs ir gar\u0161vielu mais\u012bjums, kura pamat\u0101 ir indie\u0161u gar\u0161viela &#8220;garam masala&#8221;, kas ieguvusi popularit\u0101ti vis\u0101 pasaul\u0113. Kariju pirmo reizi s\u0101ka izmantot 18. gadsimt\u0101, kad indie\u0161u tirgot\u0101ji izgudroja &#8220;viss vien\u0101&#8221; gar\u0161vielu britu pat\u0113r\u0113t\u0101jiem, \u013caujot ang\u013ciem \u0113rti pagatavot indie\u0161u \u0113dienus. Ir daudz da\u017e\u0101du karija veidu, bet gandr\u012bz visos to pamatsast\u0101vda\u013cas ir kurkuma, koriandrs, \u0137imenes un gar\u0161vielas, kam pievieno citus gar\u0161augus un gar\u0161vielas.<\/p>\n<p>Karija galven\u0101 sast\u0101vda\u013ca &#8211; kurkuma &#8211; ir ieg\u016bta no kurkumas auga (lat\u012b\u0146u valod\u0101 <em>Curcuma longa<\/em>), kas ir ingveru dzimtas augs. \u0160is tropu augs aug galvenok\u0101rt Dienvid\u0101zij\u0101, \u012bpa\u0161i Indij\u0101, kur to audz\u0113 un izmanto jau gadsimtiem ilgi.<\/p>\n<p>Gar\u0161u kombin\u0101cija karija pulver\u012b stimul\u0113 da\u017e\u0101das m\u0113les zonas un padara t\u0101 lieto\u0161anu par atkar\u012bbu lab\u0101 noz\u012bm\u0113. Karijs var izrais\u012bt sliktu atkar\u012bbu, ja tam pievieno nevesel\u012bgas sast\u0101vda\u013cas, piem\u0113ram, gar\u0161as pastiprin\u0101t\u0101jus (MNG) vai kait\u012bgas e\u013c\u013cas, piem\u0113ram, rap\u0161u e\u013c\u013cu, bet t\u012bras gar\u0161vielas ir prieks gan \u0137ermenim, gan pr\u0101tam.<\/p>\n<h4>Karija gar\u0161vielu mais\u012bjums 230 g | BIOMENU Gar\u0161vielas<\/h4>\n<p>BIOMENU nes\u0101l\u012btais un asais organiskais karija aromatiz\u0113t\u0101js ir piem\u0113rots lieto\u0161anai t\u0101d\u0101 pa\u0161\u0101 veid\u0101, k\u0101 vienm\u0113r tiek izmantots karija pulveris: ceptos un saut\u0113tos \u0113dienos, r\u012bsu un d\u0101rze\u0146u \u0113dienos un, protams, karija m\u0113rc\u0113s. Lai pagatavotu pikant\u0101ku \u0113dienu, pievienojiet BIOMENU karija pulverim melnos piparus, kaj\u0113nas piparus vai \u010dilli gar\u0161vielu.<\/p>\n<p>BIOMENU karija gar\u0161vielu<strong> mais\u012bjums sast\u0101v no 12 da\u017e\u0101d\u0101m gar\u0161viel\u0101m<\/strong>: meln\u0101s \u0137imenes, \u0137iploku pulvera, s\u012bpolu pulvera, kurkumas, kum\u012bna (\u0137imenes), grie\u0137u sier\u0101boli\u0146a, melnajiem pipariem, gar\u0161viel\u0101m, \u010dilli, koriandra, citronz\u0101les un muskatrieksta. Vis\u0101m karija mais\u012bjuma gar\u0161viel\u0101m ir sertific\u0113ta biolo\u0123iska izcelsme. Karija pulvera mais\u012bjumam nav pievienota s\u0101ls.<\/p>\n<p>\u0160\u012b karija pulvera \u012bpa\u0161\u0101 \u012bpa\u0161\u012bba ir t\u0101, ka tas ir diezgan ass. Tas \u013cauj pie\u0161\u0137irt karija gar\u0161u visiem \u0113dieniem, pat tiem, kuriem nepiecie\u0161ams asums.<\/p>\n<h3>Karija ieguvumi vesel\u012bbai<\/h3>\n<p>1. <strong>Pretiekaisuma iedarb\u012bba<\/strong><\/p>\n<ul>\n<li>Kurkuma, kas ir viena no galvenaj\u0101m karija pulvera sast\u0101vda\u013c\u0101m, satur kurkum\u012bnu &#8211; sp\u0113c\u012bgu pretiekaisuma l\u012bdzekli. Tas var pal\u012bdz\u0113t mazin\u0101t hronisku iekaisumu un uzlabot loc\u012btavu vesel\u012bbu.<\/li>\n<\/ul>\n<p>2. <strong>Antioksidantu avots<\/strong><\/p>\n<ul>\n<li>Karijs satur antioksidantus, kas pal\u012bdz organismam c\u012bn\u012bties ar br\u012bvajiem radik\u0101\u013ciem, aizsarg\u0101 \u0161\u016bnas un pal\u0113nina noveco\u0161anos.<\/li>\n<\/ul>\n<p>3. <strong>Uzlabo gremo\u0161anu<\/strong><\/p>\n<ul>\n<li>\u0136imenes un koriandrs stimul\u0113 gremo\u0161anu, mazina v\u0113dera p\u016b\u0161anos un veicina gremo\u0161anu.<\/li>\n<\/ul>\n<p>4. <strong>Atbalsts sirds vesel\u012bbai<\/strong><\/p>\n<ul>\n<li>Karija sast\u0101vda\u013cas, piem\u0113ram, kurkuma un \u0137imenes, var pal\u012bdz\u0113t samazin\u0101t slikt\u0101 holester\u012bna l\u012bmeni un veicin\u0101t sirds un asinsvadu vesel\u012bbu.<\/li>\n<li>Da\u017ei p\u0113t\u012bjumi liecina, ka kurkuma var uzlabot asinsriti.<\/li>\n<\/ul>\n<p>5. <strong>Im\u016bnsist\u0113mas stiprin\u0101\u0161ana<\/strong><\/p>\n<ul>\n<li>Kurkuma piem\u012bt antimikrobi\u0101las \u012bpa\u0161\u012bbas, kas var veicin\u0101t organisma aizsargsp\u0113jas.<\/li>\n<\/ul>\n<p>6. <strong>Smadze\u0146u funkciju atbalsts<\/strong><\/p>\n<ul>\n<li>P\u0113t\u012bjumi liecina, ka kurkum\u012bns var uzlabot atmi\u0146u un samazin\u0101t neirode\u0123enerat\u012bvo slim\u012bbu, piem\u0113ram, Alcheimera slim\u012bbas, risku.<\/li>\n<\/ul>\n<p>7. <strong>V\u0113\u017ea profilakse<\/strong><\/p>\n<ul>\n<li>Kurkum\u012bns tiek p\u0113t\u012bts t\u0101 potenci\u0101l\u0101s pretv\u0113\u017ea aktivit\u0101tes d\u0113\u013c. Regul\u0101ra t\u0101 lieto\u0161ana var pal\u012bdz\u0113t samazin\u0101t da\u017eu v\u0113\u017ea veidu risku. Tom\u0113r ir nepiecie\u0161ami turpm\u0101ki p\u0113t\u012bjumi. (<a href=\"https:\/\/www.cancerresearchuk.org\/about-cancer\/treatment\/complementary-alternative-therapies\/individual-therapies\/turmeric\">Atsauce.<\/a>)<\/li>\n<\/ul>\n<p>8. <strong>Cukura l\u012bme\u0146a kontrole asin\u012bs<\/strong><\/p>\n<ul>\n<li>Da\u017eas karija gar\u0161vielas, piem\u0113ram, \u0137imenes, var pal\u012bdz\u0113t regul\u0113t cukura l\u012bmeni asin\u012bs un uzlabot jut\u012bbu pret insul\u012bnu.<\/li>\n<\/ul>\n<p>9. <strong>Dab\u012bga detoksik\u0101cija<\/strong><\/p>\n<ul>\n<li>Kurkuma atbalsta aknu darb\u012bbu un pal\u012bdz no organisma izvad\u012bt toks\u012bnus.<\/li>\n<\/ul>\n<p>10. <strong>Svara zudums un vielmai\u0146as pa\u0101trin\u0101\u0161ana<\/strong><\/p>\n<ul>\n<li>Pikantas sast\u0101vda\u013cas var pa\u0101trin\u0101t vielmai\u0146u un palielin\u0101t kaloriju sadedzin\u0101\u0161anu.<\/li>\n<\/ul>\n<p><a href=\"https:\/\/purenature.lv\/?p=28293\">Entonijs Viljamss<\/a>, paz\u012bstams k\u0101 Medic\u012bnas v\u012brs, sav\u0101s recept\u0113s diezgan bie\u017ei izmanto karija pulveri. Piem\u0113ram, vi\u0146a &#8220;Dzelten\u0101s karija n\u016bdeles&#8221; ir \u0113diens, kas satur karija pulveri un ir da\u013ca no vi\u0146a ieteikt\u0101s aknu att\u012br\u012b\u0161anas programmas. \u0160aj\u0101 recept\u0113 karija pulveris tiek izmantots kop\u0101 ar cit\u0101m vesel\u012bg\u0101m sast\u0101vda\u013c\u0101m, lai atbalst\u012btu aknu vesel\u012bbu un nodro\u0161in\u0101tu gar\u0161\u012bgu malt\u012bti. \u0160\u012b recepte ir elast\u012bga, un to var piel\u0101got individu\u0101laj\u0101m v\u0113lm\u0113m, gatavojot to vai nu neapstr\u0101d\u0101tu, ceptu, bez taukiem vai ar kokosriekstu pienu. K\u0101 pagatavot \u0161\u012bs n\u016bdeles, vair\u0101k par to lasiet vi\u0146a <span style=\"color: #000000;\"><a style=\"color: #000000;\" href=\"https:\/\/www.medicalmedium.com\/blog\/yellow-curry-noodles\">blog\u0101.<\/a><\/span><\/p>\n<p>Da\u017e\u0101das karija receptes var atrast ar\u012b, piem\u0113ram, Purenature lap\u0101.<span style=\"color: #000000;\"> <a style=\"color: #000000;\" href=\"https:\/\/old.elusvali.ee\/karrine-kartuli-hernepada\/\">kartupe\u013cu un zir\u0146u saut\u0113jums ar kariju<\/a> <\/span>un daudzi citi. Lai atrastu receptes, ierakstiet mekl\u0113t\u0101j\u0101 v\u0101rdu curry (karijs), un tiks par\u0101d\u012btas da\u017e\u0101das receptes, kur\u0101s tas izmantots.<\/p>\n<p><img decoding=\"async\" class=\"alignleft wp-image-59261 size-large\" src=\"https:\/\/purenature.lv\/wp-content\/uploads\/2025\/01\/turmeric-drink-1200x800.jpg\" alt=\"kurkuma\" width=\"1200\" height=\"800\" srcset=\"https:\/\/old.elusvali.ee\/wp-content\/uploads\/2025\/01\/turmeric-drink-1200x800.jpg 1200w, https:\/\/old.elusvali.ee\/wp-content\/uploads\/2025\/01\/turmeric-drink-400x267.jpg 400w, https:\/\/old.elusvali.ee\/wp-content\/uploads\/2025\/01\/turmeric-drink-768x512.jpg 768w, https:\/\/old.elusvali.ee\/wp-content\/uploads\/2025\/01\/turmeric-drink-430x287.jpg 430w, https:\/\/old.elusvali.ee\/wp-content\/uploads\/2025\/01\/turmeric-drink-700x467.jpg 700w, https:\/\/old.elusvali.ee\/wp-content\/uploads\/2025\/01\/turmeric-drink-150x100.jpg 150w, https:\/\/old.elusvali.ee\/wp-content\/uploads\/2025\/01\/turmeric-drink.jpg 1350w\" sizes=\"(max-width: 1200px) 100vw, 1200px\" \/><\/p>\n","protected":false},"excerpt":{"rendered":"<p>Karija gar\u0161viela bez s\u0101ls un ar pikanto gar\u0161u ir ide\u0101li piem\u0113rota j\u016bsu gar\u0161vielu plauktam, ja jums pat\u012bk gatavot gar\u0161\u012bgus austrumu mais\u012bjumus, zupas, saut\u0113jumus un karija m\u0113rces. Karija gar\u0161vielas ir viegli lietot, jo visas lab\u0101s sast\u0101vda\u013cas jau ir sajauktas kop\u0101 vien\u0101 burci\u0146\u0101. Viss, kas jums j\u0101dara, ir j\u0101doz\u0113. \ud83d\ude42<\/p>\n","protected":false},"featured_media":44169,"comment_status":"open","ping_status":"closed","template":"","meta":{"_acf_changed":false},"product_brand":[],"product_cat":[456,442],"product_tag":[752],"class_list":{"0":"post-49495","1":"product","2":"type-product","3":"status-publish","4":"has-post-thumbnail","6":"product_cat-garsvielas","7":"product_cat-majas-virtuve","8":"product_tag-garsvielas","10":"first","11":"instock","12":"taxable","13":"shipping-taxable","14":"purchasable","15":"product-type-simple"},"acf":[],"yoast_head":"<!-- This site is optimized with the Yoast SEO plugin v25.3.1 - https:\/\/yoast.com\/wordpress\/plugins\/seo\/ -->\n<title>Karija gar\u0161vielu mais\u012bjums 230g | BIOMENU Gar\u0161vielas - Pure Nature<\/title>\n<meta name=\"description\" content=\"S\u0101li nesaturo\u0161a, vid\u0113ji pikanta karija MAHE gar\u0161viela. Lieto da\u017e\u0101diem r\u012bsu, saut\u0113jumu un ceptiem \u0113dieniem. 12 da\u017e\u0101du gar\u0161vielu mais\u012bjums.\" \/>\n<meta name=\"robots\" content=\"noindex, follow, max-snippet:-1, max-image-preview:large, max-video-preview:-1\" \/>\n<meta property=\"og:locale\" content=\"lv_LV\" \/>\n<meta property=\"og:type\" content=\"article\" \/>\n<meta property=\"og:title\" content=\"Karija gar\u0161vielu mais\u012bjums 230g | BIOMENU Gar\u0161vielas - Pure Nature\" \/>\n<meta property=\"og:description\" content=\"S\u0101li nesaturo\u0161a, vid\u0113ji pikanta karija MAHE gar\u0161viela. Lieto da\u017e\u0101diem r\u012bsu, saut\u0113jumu un ceptiem \u0113dieniem. 12 da\u017e\u0101du gar\u0161vielu mais\u012bjums.\" \/>\n<meta property=\"og:url\" content=\"https:\/\/old.elusvali.ee\/lv\/produkts\/karri-garsvielu-maisijums-230g-biomenu-garsvielas\/\" \/>\n<meta property=\"og:site_name\" content=\"Elusv&auml;li\" \/>\n<meta property=\"article:publisher\" content=\"https:\/\/www.facebook.com\/profile.php?id=100064131067985\" \/>\n<meta property=\"article:modified_time\" content=\"2025-05-24T10:21:56+00:00\" \/>\n<meta property=\"og:image\" content=\"https:\/\/old.elusvali.ee\/wp-content\/uploads\/2024\/05\/karri-maitseaine-maitseainesegu-mahe.jpg\" \/>\n\t<meta property=\"og:image:width\" content=\"1500\" \/>\n\t<meta property=\"og:image:height\" content=\"1500\" \/>\n\t<meta property=\"og:image:type\" content=\"image\/jpeg\" \/>\n<meta name=\"twitter:card\" content=\"summary_large_image\" \/>\n<meta name=\"twitter:label1\" content=\"Est. reading time\" \/>\n\t<meta name=\"twitter:data1\" content=\"4 minutes\" \/>\n<script type=\"application\/ld+json\" class=\"yoast-schema-graph\">{\"@context\":\"https:\/\/schema.org\",\"@graph\":[{\"@type\":\"WebPage\",\"@id\":\"https:\/\/old.elusvali.ee\/lv\/produkts\/karri-garsvielu-maisijums-230g-biomenu-garsvielas\/\",\"url\":\"https:\/\/old.elusvali.ee\/lv\/produkts\/karri-garsvielu-maisijums-230g-biomenu-garsvielas\/\",\"name\":\"Karija gar\u0161vielu mais\u012bjums 230g | BIOMENU Gar\u0161vielas - Pure Nature\",\"isPartOf\":{\"@id\":\"https:\/\/old.elusvali.ee\/lv\/#website\"},\"primaryImageOfPage\":{\"@id\":\"https:\/\/old.elusvali.ee\/lv\/produkts\/karri-garsvielu-maisijums-230g-biomenu-garsvielas\/#primaryimage\"},\"image\":{\"@id\":\"https:\/\/old.elusvali.ee\/lv\/produkts\/karri-garsvielu-maisijums-230g-biomenu-garsvielas\/#primaryimage\"},\"thumbnailUrl\":\"https:\/\/old.elusvali.ee\/wp-content\/uploads\/2024\/05\/karri-maitseaine-maitseainesegu-mahe.jpg\",\"datePublished\":\"2024-05-31T13:01:16+00:00\",\"dateModified\":\"2025-05-24T10:21:56+00:00\",\"description\":\"S\u0101li nesaturo\u0161a, vid\u0113ji pikanta karija MAHE gar\u0161viela. Lieto da\u017e\u0101diem r\u012bsu, saut\u0113jumu un ceptiem \u0113dieniem. 12 da\u017e\u0101du gar\u0161vielu mais\u012bjums.\",\"breadcrumb\":{\"@id\":\"https:\/\/old.elusvali.ee\/lv\/produkts\/karri-garsvielu-maisijums-230g-biomenu-garsvielas\/#breadcrumb\"},\"inLanguage\":\"lv-LV\",\"potentialAction\":[{\"@type\":\"ReadAction\",\"target\":[\"https:\/\/old.elusvali.ee\/lv\/produkts\/karri-garsvielu-maisijums-230g-biomenu-garsvielas\/\"]}]},{\"@type\":\"ImageObject\",\"inLanguage\":\"lv-LV\",\"@id\":\"https:\/\/old.elusvali.ee\/lv\/produkts\/karri-garsvielu-maisijums-230g-biomenu-garsvielas\/#primaryimage\",\"url\":\"https:\/\/old.elusvali.ee\/wp-content\/uploads\/2024\/05\/karri-maitseaine-maitseainesegu-mahe.jpg\",\"contentUrl\":\"https:\/\/old.elusvali.ee\/wp-content\/uploads\/2024\/05\/karri-maitseaine-maitseainesegu-mahe.jpg\",\"width\":1500,\"height\":1500,\"caption\":\"Kario prieskoniu misinys\"},{\"@type\":\"BreadcrumbList\",\"@id\":\"https:\/\/old.elusvali.ee\/lv\/produkts\/karri-garsvielu-maisijums-230g-biomenu-garsvielas\/#breadcrumb\",\"itemListElement\":[{\"@type\":\"ListItem\",\"position\":1,\"name\":\"Home\",\"item\":\"https:\/\/purenature.lv\/\"},{\"@type\":\"ListItem\",\"position\":2,\"name\":\"E-veikals\",\"item\":\"https:\/\/purenature.lv\/veikals\/\"},{\"@type\":\"ListItem\",\"position\":3,\"name\":\"Karija gar\u0161vielu mais\u012bjums 230g | BIOMENU Gar\u0161vielas\"}]},{\"@type\":\"WebSite\",\"@id\":\"https:\/\/old.elusvali.ee\/lv\/#website\",\"url\":\"https:\/\/old.elusvali.ee\/lv\/\",\"name\":\"Elusv\u00e4li\",\"description\":\"Puhas k&ouml;&ouml;k ja koduapteek\",\"publisher\":{\"@id\":\"https:\/\/old.elusvali.ee\/lv\/#organization\"},\"potentialAction\":[{\"@type\":\"SearchAction\",\"target\":{\"@type\":\"EntryPoint\",\"urlTemplate\":\"https:\/\/old.elusvali.ee\/lv\/?s={search_term_string}\"},\"query-input\":{\"@type\":\"PropertyValueSpecification\",\"valueRequired\":true,\"valueName\":\"search_term_string\"}}],\"inLanguage\":\"lv-LV\"},{\"@type\":\"Organization\",\"@id\":\"https:\/\/old.elusvali.ee\/lv\/#organization\",\"name\":\"Elusv\u00e4li\",\"url\":\"https:\/\/old.elusvali.ee\/lv\/\",\"logo\":{\"@type\":\"ImageObject\",\"inLanguage\":\"lv-LV\",\"@id\":\"https:\/\/old.elusvali.ee\/lv\/#\/schema\/logo\/image\/\",\"url\":\"https:\/\/purenature.lt\/wp-content\/uploads\/2023\/07\/logo.png\",\"contentUrl\":\"https:\/\/purenature.lt\/wp-content\/uploads\/2023\/07\/logo.png\",\"width\":526,\"height\":146,\"caption\":\"Elusv\u00e4li\"},\"image\":{\"@id\":\"https:\/\/old.elusvali.ee\/lv\/#\/schema\/logo\/image\/\"},\"sameAs\":[\"https:\/\/www.facebook.com\/profile.php?id=100064131067985\",\"https:\/\/www.instagram.com\/elusvali\/\",\"https:\/\/www.youtube.com\/@elusvali2110\"]}]}<\/script>\n<!-- \/ Yoast SEO plugin. -->","yoast_head_json":{"title":"Karija gar\u0161vielu mais\u012bjums 230g | BIOMENU Gar\u0161vielas - Pure Nature","description":"S\u0101li nesaturo\u0161a, vid\u0113ji pikanta karija MAHE gar\u0161viela. Lieto da\u017e\u0101diem r\u012bsu, saut\u0113jumu un ceptiem \u0113dieniem. 12 da\u017e\u0101du gar\u0161vielu mais\u012bjums.","robots":{"index":"noindex","follow":"follow","max-snippet":"max-snippet:-1","max-image-preview":"max-image-preview:large","max-video-preview":"max-video-preview:-1"},"og_locale":"lv_LV","og_type":"article","og_title":"Karija gar\u0161vielu mais\u012bjums 230g | BIOMENU Gar\u0161vielas - Pure Nature","og_description":"S\u0101li nesaturo\u0161a, vid\u0113ji pikanta karija MAHE gar\u0161viela. Lieto da\u017e\u0101diem r\u012bsu, saut\u0113jumu un ceptiem \u0113dieniem. 12 da\u017e\u0101du gar\u0161vielu mais\u012bjums.","og_url":"https:\/\/old.elusvali.ee\/lv\/produkts\/karri-garsvielu-maisijums-230g-biomenu-garsvielas\/","og_site_name":"Elusv&auml;li","article_publisher":"https:\/\/www.facebook.com\/profile.php?id=100064131067985","article_modified_time":"2025-05-24T10:21:56+00:00","og_image":[{"width":1500,"height":1500,"url":"https:\/\/old.elusvali.ee\/wp-content\/uploads\/2024\/05\/karri-maitseaine-maitseainesegu-mahe.jpg","type":"image\/jpeg"}],"twitter_card":"summary_large_image","twitter_misc":{"Est. reading time":"4 minutes"},"schema":{"@context":"https:\/\/schema.org","@graph":[{"@type":"WebPage","@id":"https:\/\/old.elusvali.ee\/lv\/produkts\/karri-garsvielu-maisijums-230g-biomenu-garsvielas\/","url":"https:\/\/old.elusvali.ee\/lv\/produkts\/karri-garsvielu-maisijums-230g-biomenu-garsvielas\/","name":"Karija gar\u0161vielu mais\u012bjums 230g | BIOMENU Gar\u0161vielas - Pure Nature","isPartOf":{"@id":"https:\/\/old.elusvali.ee\/lv\/#website"},"primaryImageOfPage":{"@id":"https:\/\/old.elusvali.ee\/lv\/produkts\/karri-garsvielu-maisijums-230g-biomenu-garsvielas\/#primaryimage"},"image":{"@id":"https:\/\/old.elusvali.ee\/lv\/produkts\/karri-garsvielu-maisijums-230g-biomenu-garsvielas\/#primaryimage"},"thumbnailUrl":"https:\/\/old.elusvali.ee\/wp-content\/uploads\/2024\/05\/karri-maitseaine-maitseainesegu-mahe.jpg","datePublished":"2024-05-31T13:01:16+00:00","dateModified":"2025-05-24T10:21:56+00:00","description":"S\u0101li nesaturo\u0161a, vid\u0113ji pikanta karija MAHE gar\u0161viela. Lieto da\u017e\u0101diem r\u012bsu, saut\u0113jumu un ceptiem \u0113dieniem. 12 da\u017e\u0101du gar\u0161vielu mais\u012bjums.","breadcrumb":{"@id":"https:\/\/old.elusvali.ee\/lv\/produkts\/karri-garsvielu-maisijums-230g-biomenu-garsvielas\/#breadcrumb"},"inLanguage":"lv-LV","potentialAction":[{"@type":"ReadAction","target":["https:\/\/old.elusvali.ee\/lv\/produkts\/karri-garsvielu-maisijums-230g-biomenu-garsvielas\/"]}]},{"@type":"ImageObject","inLanguage":"lv-LV","@id":"https:\/\/old.elusvali.ee\/lv\/produkts\/karri-garsvielu-maisijums-230g-biomenu-garsvielas\/#primaryimage","url":"https:\/\/old.elusvali.ee\/wp-content\/uploads\/2024\/05\/karri-maitseaine-maitseainesegu-mahe.jpg","contentUrl":"https:\/\/old.elusvali.ee\/wp-content\/uploads\/2024\/05\/karri-maitseaine-maitseainesegu-mahe.jpg","width":1500,"height":1500,"caption":"Kario prieskoniu misinys"},{"@type":"BreadcrumbList","@id":"https:\/\/old.elusvali.ee\/lv\/produkts\/karri-garsvielu-maisijums-230g-biomenu-garsvielas\/#breadcrumb","itemListElement":[{"@type":"ListItem","position":1,"name":"Home","item":"https:\/\/purenature.lv\/"},{"@type":"ListItem","position":2,"name":"E-veikals","item":"https:\/\/purenature.lv\/veikals\/"},{"@type":"ListItem","position":3,"name":"Karija gar\u0161vielu mais\u012bjums 230g | BIOMENU Gar\u0161vielas"}]},{"@type":"WebSite","@id":"https:\/\/old.elusvali.ee\/lv\/#website","url":"https:\/\/old.elusvali.ee\/lv\/","name":"Elusv\u00e4li","description":"Puhas k&ouml;&ouml;k ja koduapteek","publisher":{"@id":"https:\/\/old.elusvali.ee\/lv\/#organization"},"potentialAction":[{"@type":"SearchAction","target":{"@type":"EntryPoint","urlTemplate":"https:\/\/old.elusvali.ee\/lv\/?s={search_term_string}"},"query-input":{"@type":"PropertyValueSpecification","valueRequired":true,"valueName":"search_term_string"}}],"inLanguage":"lv-LV"},{"@type":"Organization","@id":"https:\/\/old.elusvali.ee\/lv\/#organization","name":"Elusv\u00e4li","url":"https:\/\/old.elusvali.ee\/lv\/","logo":{"@type":"ImageObject","inLanguage":"lv-LV","@id":"https:\/\/old.elusvali.ee\/lv\/#\/schema\/logo\/image\/","url":"https:\/\/purenature.lt\/wp-content\/uploads\/2023\/07\/logo.png","contentUrl":"https:\/\/purenature.lt\/wp-content\/uploads\/2023\/07\/logo.png","width":526,"height":146,"caption":"Elusv\u00e4li"},"image":{"@id":"https:\/\/old.elusvali.ee\/lv\/#\/schema\/logo\/image\/"},"sameAs":["https:\/\/www.facebook.com\/profile.php?id=100064131067985","https:\/\/www.instagram.com\/elusvali\/","https:\/\/www.youtube.com\/@elusvali2110"]}]}},"_links":{"self":[{"href":"https:\/\/old.elusvali.ee\/lv\/wp-json\/wp\/v2\/product\/49495","targetHints":{"allow":["GET"]}}],"collection":[{"href":"https:\/\/old.elusvali.ee\/lv\/wp-json\/wp\/v2\/product"}],"about":[{"href":"https:\/\/old.elusvali.ee\/lv\/wp-json\/wp\/v2\/types\/product"}],"replies":[{"embeddable":true,"href":"https:\/\/old.elusvali.ee\/lv\/wp-json\/wp\/v2\/comments?post=49495"}],"version-history":[{"count":3,"href":"https:\/\/old.elusvali.ee\/lv\/wp-json\/wp\/v2\/product\/49495\/revisions"}],"predecessor-version":[{"id":66820,"href":"https:\/\/old.elusvali.ee\/lv\/wp-json\/wp\/v2\/product\/49495\/revisions\/66820"}],"wp:featuredmedia":[{"embeddable":true,"href":"https:\/\/old.elusvali.ee\/lv\/wp-json\/wp\/v2\/media\/44169"}],"wp:attachment":[{"href":"https:\/\/old.elusvali.ee\/lv\/wp-json\/wp\/v2\/media?parent=49495"}],"wp:term":[{"taxonomy":"product_brand","embeddable":true,"href":"https:\/\/old.elusvali.ee\/lv\/wp-json\/wp\/v2\/product_brand?post=49495"},{"taxonomy":"product_cat","embeddable":true,"href":"https:\/\/old.elusvali.ee\/lv\/wp-json\/wp\/v2\/product_cat?post=49495"},{"taxonomy":"product_tag","embeddable":true,"href":"https:\/\/old.elusvali.ee\/lv\/wp-json\/wp\/v2\/product_tag?post=49495"}],"curies":[{"name":"wp","href":"https:\/\/api.w.org\/{rel}","templated":true}]}}