{"id":40310,"date":"2024-02-08T14:14:03","date_gmt":"2024-02-08T12:14:03","guid":{"rendered":"https:\/\/old.elusvali.ee\/product\/bisu-vaska-svece\/"},"modified":"2025-04-21T08:31:27","modified_gmt":"2025-04-21T05:31:27","slug":"bisu-vaska-svece","status":"publish","type":"product","link":"https:\/\/old.elusvali.ee\/lv\/produkts\/bisu-vaska-svece\/","title":{"rendered":"Bi\u0161u vaska svece"},"content":{"rendered":"<p>Bi\u0161u vaska svece ir vesel\u012bga alternat\u012bva tradicion\u0101laj\u0101m svec\u0113m uz e\u013c\u013cas b\u0101zes. Tradicion\u0101l\u0101s t\u0113jas svec\u012btes tiek izgatavotas, izmantojot l\u0113tu m\u0101ksl\u012bgo sve\u0137i, kas sintez\u0113ts no naftas. Lai gan \u012bpa\u0161i toksiskas ir arom\u0101tisk\u0101s sveces, pat dedzinot sint\u0113tisk\u0101s sveces bez smar\u017eas, telpas gais\u0101 izdal\u0101s neliels daudzums toksisku g\u0101zu. \u0160\u0101das probl\u0113mas nav, izmantojot bi\u0161u vasku.<\/p>\n<ul>\n<li>K\u0101 nor\u0101da nosaukums, bi\u0161u vaska sveces ir izgatavotas no bi\u0161u vaska, un, t\u012bri sadegot, neizdala toksiskas atliekas gais\u0101.<\/li>\n<li>Svece ir izgatavota ar rok\u0101m no Igaunijas bi\u0161u vaska.<\/li>\n<\/ul>\n<p>Ieteicams sveces dedzin\u0101t sec\u012bgi ne ilg\u0101k k\u0101 2h, lai izvair\u012btos no t\u0101, ka svece sadeg pavisam. Optim\u0101lajam dakts garumam j\u0101b\u016bt l\u012bdz 5 mm, jo tas \u013caus svecei degt vienm\u0113r\u012bgi. Ja dakts ir p\u0101r\u0101k gara, t\u0101 j\u0101sa\u012bsina, kad svece ir atdzisusi.<\/p>\n","protected":false},"excerpt":{"rendered":"<p>Ar rok\u0101m darin\u0101ta igau\u0146u bi\u0161u vaska svece.<\/p>\n<p>K\u0101p\u0113c izv\u0113l\u0113ties bi\u0161u vaska sveci?<\/p>\n<ol>\n<li>Bez \u0137imik\u0101lij\u0101m<\/li>\n<li>Nesatur e\u013c\u013cu<\/li>\n<li>Nesatur b\u012bstamas smar\u017evielas<\/li>\n<li>Igaunijas amatnieku izstr\u0101d\u0101jums<\/li>\n<li>Bez arom\u0101ta<\/li>\n<\/ol>\n","protected":false},"featured_media":37633,"comment_status":"open","ping_status":"closed","template":"","meta":{"_acf_changed":false},"product_brand":[],"product_cat":[411,465,78],"product_tag":[],"class_list":{"0":"post-40310","1":"product","2":"type-product","3":"status-publish","4":"has-post-thumbnail","6":"product_cat-ar-atlaidi","7":"product_cat-davanai","8":"product_cat-soodushinnaga","10":"first","11":"instock","12":"sale","13":"taxable","14":"shipping-taxable","15":"purchasable","16":"product-type-variable","17":"has-default-attributes"},"acf":[],"yoast_head":"<!-- This site is optimized with the Yoast SEO plugin v25.3.1 - https:\/\/yoast.com\/wordpress\/plugins\/seo\/ -->\n<title>Bi\u0161u vaska svece - Pure Nature<\/title>\n<meta name=\"description\" content=\"Bi\u0161u vaska svece bez smar\u017eas ir izgatavota no bi\u0161u vaska, un, t\u012bri sadegot, neizdala toksiskas atliekas gais\u0101.\" \/>\n<meta name=\"robots\" content=\"noindex, follow, max-snippet:-1, max-image-preview:large, max-video-preview:-1\" \/>\n<meta property=\"og:locale\" content=\"lv_LV\" \/>\n<meta property=\"og:type\" content=\"article\" \/>\n<meta property=\"og:title\" content=\"Bi\u0161u vaska svece - Pure Nature\" \/>\n<meta property=\"og:description\" content=\"Bi\u0161u vaska svece bez smar\u017eas ir izgatavota no bi\u0161u vaska, un, t\u012bri sadegot, neizdala toksiskas atliekas gais\u0101.\" \/>\n<meta property=\"og:url\" content=\"https:\/\/old.elusvali.ee\/lv\/produkts\/bisu-vaska-svece\/\" \/>\n<meta property=\"og:site_name\" content=\"Elusv&auml;li\" \/>\n<meta property=\"article:publisher\" content=\"https:\/\/www.facebook.com\/profile.php?id=100064131067985\" \/>\n<meta property=\"article:modified_time\" content=\"2025-04-21T05:31:27+00:00\" \/>\n<meta property=\"og:image\" content=\"https:\/\/old.elusvali.ee\/wp-content\/uploads\/2024\/02\/mesilasvaha-kuunlad.png\" \/>\n\t<meta property=\"og:image:width\" content=\"900\" \/>\n\t<meta property=\"og:image:height\" content=\"900\" \/>\n\t<meta property=\"og:image:type\" content=\"image\/png\" \/>\n<meta name=\"twitter:card\" content=\"summary_large_image\" \/>\n<meta name=\"twitter:label1\" content=\"Est. reading time\" \/>\n\t<meta name=\"twitter:data1\" content=\"1 minute\" \/>\n<script type=\"application\/ld+json\" class=\"yoast-schema-graph\">{\"@context\":\"https:\/\/schema.org\",\"@graph\":[{\"@type\":\"WebPage\",\"@id\":\"https:\/\/old.elusvali.ee\/lv\/produkts\/bisu-vaska-svece\/\",\"url\":\"https:\/\/old.elusvali.ee\/lv\/produkts\/bisu-vaska-svece\/\",\"name\":\"Bi\u0161u vaska svece - Pure Nature\",\"isPartOf\":{\"@id\":\"https:\/\/old.elusvali.ee\/lv\/#website\"},\"primaryImageOfPage\":{\"@id\":\"https:\/\/old.elusvali.ee\/lv\/produkts\/bisu-vaska-svece\/#primaryimage\"},\"image\":{\"@id\":\"https:\/\/old.elusvali.ee\/lv\/produkts\/bisu-vaska-svece\/#primaryimage\"},\"thumbnailUrl\":\"https:\/\/old.elusvali.ee\/wp-content\/uploads\/2024\/02\/mesilasvaha-kuunlad.png\",\"datePublished\":\"2024-02-08T12:14:03+00:00\",\"dateModified\":\"2025-04-21T05:31:27+00:00\",\"description\":\"Bi\u0161u vaska svece bez smar\u017eas ir izgatavota no bi\u0161u vaska, un, t\u012bri sadegot, neizdala toksiskas atliekas gais\u0101.\",\"breadcrumb\":{\"@id\":\"https:\/\/old.elusvali.ee\/lv\/produkts\/bisu-vaska-svece\/#breadcrumb\"},\"inLanguage\":\"lv-LV\",\"potentialAction\":[{\"@type\":\"ReadAction\",\"target\":[\"https:\/\/old.elusvali.ee\/lv\/produkts\/bisu-vaska-svece\/\"]}]},{\"@type\":\"ImageObject\",\"inLanguage\":\"lv-LV\",\"@id\":\"https:\/\/old.elusvali.ee\/lv\/produkts\/bisu-vaska-svece\/#primaryimage\",\"url\":\"https:\/\/old.elusvali.ee\/wp-content\/uploads\/2024\/02\/mesilasvaha-kuunlad.png\",\"contentUrl\":\"https:\/\/old.elusvali.ee\/wp-content\/uploads\/2024\/02\/mesilasvaha-kuunlad.png\",\"width\":900,\"height\":900,\"caption\":\"Biciu vasko zvake\"},{\"@type\":\"BreadcrumbList\",\"@id\":\"https:\/\/old.elusvali.ee\/lv\/produkts\/bisu-vaska-svece\/#breadcrumb\",\"itemListElement\":[{\"@type\":\"ListItem\",\"position\":1,\"name\":\"Home\",\"item\":\"https:\/\/purenature.lv\/\"},{\"@type\":\"ListItem\",\"position\":2,\"name\":\"E-veikals\",\"item\":\"https:\/\/purenature.lv\/veikals\/\"},{\"@type\":\"ListItem\",\"position\":3,\"name\":\"Bi\u0161u vaska svece\"}]},{\"@type\":\"WebSite\",\"@id\":\"https:\/\/old.elusvali.ee\/lv\/#website\",\"url\":\"https:\/\/old.elusvali.ee\/lv\/\",\"name\":\"Elusv\u00e4li\",\"description\":\"Puhas k&ouml;&ouml;k ja koduapteek\",\"publisher\":{\"@id\":\"https:\/\/old.elusvali.ee\/lv\/#organization\"},\"potentialAction\":[{\"@type\":\"SearchAction\",\"target\":{\"@type\":\"EntryPoint\",\"urlTemplate\":\"https:\/\/old.elusvali.ee\/lv\/?s={search_term_string}\"},\"query-input\":{\"@type\":\"PropertyValueSpecification\",\"valueRequired\":true,\"valueName\":\"search_term_string\"}}],\"inLanguage\":\"lv-LV\"},{\"@type\":\"Organization\",\"@id\":\"https:\/\/old.elusvali.ee\/lv\/#organization\",\"name\":\"Elusv\u00e4li\",\"url\":\"https:\/\/old.elusvali.ee\/lv\/\",\"logo\":{\"@type\":\"ImageObject\",\"inLanguage\":\"lv-LV\",\"@id\":\"https:\/\/old.elusvali.ee\/lv\/#\/schema\/logo\/image\/\",\"url\":\"https:\/\/purenature.lt\/wp-content\/uploads\/2023\/07\/logo.png\",\"contentUrl\":\"https:\/\/purenature.lt\/wp-content\/uploads\/2023\/07\/logo.png\",\"width\":526,\"height\":146,\"caption\":\"Elusv\u00e4li\"},\"image\":{\"@id\":\"https:\/\/old.elusvali.ee\/lv\/#\/schema\/logo\/image\/\"},\"sameAs\":[\"https:\/\/www.facebook.com\/profile.php?id=100064131067985\",\"https:\/\/www.instagram.com\/elusvali\/\",\"https:\/\/www.youtube.com\/@elusvali2110\"]}]}<\/script>\n<!-- \/ Yoast SEO plugin. -->","yoast_head_json":{"title":"Bi\u0161u vaska svece - Pure Nature","description":"Bi\u0161u vaska svece bez smar\u017eas ir izgatavota no bi\u0161u vaska, un, t\u012bri sadegot, neizdala toksiskas atliekas gais\u0101.","robots":{"index":"noindex","follow":"follow","max-snippet":"max-snippet:-1","max-image-preview":"max-image-preview:large","max-video-preview":"max-video-preview:-1"},"og_locale":"lv_LV","og_type":"article","og_title":"Bi\u0161u vaska svece - Pure Nature","og_description":"Bi\u0161u vaska svece bez smar\u017eas ir izgatavota no bi\u0161u vaska, un, t\u012bri sadegot, neizdala toksiskas atliekas gais\u0101.","og_url":"https:\/\/old.elusvali.ee\/lv\/produkts\/bisu-vaska-svece\/","og_site_name":"Elusv&auml;li","article_publisher":"https:\/\/www.facebook.com\/profile.php?id=100064131067985","article_modified_time":"2025-04-21T05:31:27+00:00","og_image":[{"width":900,"height":900,"url":"https:\/\/old.elusvali.ee\/wp-content\/uploads\/2024\/02\/mesilasvaha-kuunlad.png","type":"image\/png"}],"twitter_card":"summary_large_image","twitter_misc":{"Est. reading time":"1 minute"},"schema":{"@context":"https:\/\/schema.org","@graph":[{"@type":"WebPage","@id":"https:\/\/old.elusvali.ee\/lv\/produkts\/bisu-vaska-svece\/","url":"https:\/\/old.elusvali.ee\/lv\/produkts\/bisu-vaska-svece\/","name":"Bi\u0161u vaska svece - Pure Nature","isPartOf":{"@id":"https:\/\/old.elusvali.ee\/lv\/#website"},"primaryImageOfPage":{"@id":"https:\/\/old.elusvali.ee\/lv\/produkts\/bisu-vaska-svece\/#primaryimage"},"image":{"@id":"https:\/\/old.elusvali.ee\/lv\/produkts\/bisu-vaska-svece\/#primaryimage"},"thumbnailUrl":"https:\/\/old.elusvali.ee\/wp-content\/uploads\/2024\/02\/mesilasvaha-kuunlad.png","datePublished":"2024-02-08T12:14:03+00:00","dateModified":"2025-04-21T05:31:27+00:00","description":"Bi\u0161u vaska svece bez smar\u017eas ir izgatavota no bi\u0161u vaska, un, t\u012bri sadegot, neizdala toksiskas atliekas gais\u0101.","breadcrumb":{"@id":"https:\/\/old.elusvali.ee\/lv\/produkts\/bisu-vaska-svece\/#breadcrumb"},"inLanguage":"lv-LV","potentialAction":[{"@type":"ReadAction","target":["https:\/\/old.elusvali.ee\/lv\/produkts\/bisu-vaska-svece\/"]}]},{"@type":"ImageObject","inLanguage":"lv-LV","@id":"https:\/\/old.elusvali.ee\/lv\/produkts\/bisu-vaska-svece\/#primaryimage","url":"https:\/\/old.elusvali.ee\/wp-content\/uploads\/2024\/02\/mesilasvaha-kuunlad.png","contentUrl":"https:\/\/old.elusvali.ee\/wp-content\/uploads\/2024\/02\/mesilasvaha-kuunlad.png","width":900,"height":900,"caption":"Biciu vasko zvake"},{"@type":"BreadcrumbList","@id":"https:\/\/old.elusvali.ee\/lv\/produkts\/bisu-vaska-svece\/#breadcrumb","itemListElement":[{"@type":"ListItem","position":1,"name":"Home","item":"https:\/\/purenature.lv\/"},{"@type":"ListItem","position":2,"name":"E-veikals","item":"https:\/\/purenature.lv\/veikals\/"},{"@type":"ListItem","position":3,"name":"Bi\u0161u vaska svece"}]},{"@type":"WebSite","@id":"https:\/\/old.elusvali.ee\/lv\/#website","url":"https:\/\/old.elusvali.ee\/lv\/","name":"Elusv\u00e4li","description":"Puhas k&ouml;&ouml;k ja koduapteek","publisher":{"@id":"https:\/\/old.elusvali.ee\/lv\/#organization"},"potentialAction":[{"@type":"SearchAction","target":{"@type":"EntryPoint","urlTemplate":"https:\/\/old.elusvali.ee\/lv\/?s={search_term_string}"},"query-input":{"@type":"PropertyValueSpecification","valueRequired":true,"valueName":"search_term_string"}}],"inLanguage":"lv-LV"},{"@type":"Organization","@id":"https:\/\/old.elusvali.ee\/lv\/#organization","name":"Elusv\u00e4li","url":"https:\/\/old.elusvali.ee\/lv\/","logo":{"@type":"ImageObject","inLanguage":"lv-LV","@id":"https:\/\/old.elusvali.ee\/lv\/#\/schema\/logo\/image\/","url":"https:\/\/purenature.lt\/wp-content\/uploads\/2023\/07\/logo.png","contentUrl":"https:\/\/purenature.lt\/wp-content\/uploads\/2023\/07\/logo.png","width":526,"height":146,"caption":"Elusv\u00e4li"},"image":{"@id":"https:\/\/old.elusvali.ee\/lv\/#\/schema\/logo\/image\/"},"sameAs":["https:\/\/www.facebook.com\/profile.php?id=100064131067985","https:\/\/www.instagram.com\/elusvali\/","https:\/\/www.youtube.com\/@elusvali2110"]}]}},"_links":{"self":[{"href":"https:\/\/old.elusvali.ee\/lv\/wp-json\/wp\/v2\/product\/40310","targetHints":{"allow":["GET"]}}],"collection":[{"href":"https:\/\/old.elusvali.ee\/lv\/wp-json\/wp\/v2\/product"}],"about":[{"href":"https:\/\/old.elusvali.ee\/lv\/wp-json\/wp\/v2\/types\/product"}],"replies":[{"embeddable":true,"href":"https:\/\/old.elusvali.ee\/lv\/wp-json\/wp\/v2\/comments?post=40310"}],"version-history":[{"count":2,"href":"https:\/\/old.elusvali.ee\/lv\/wp-json\/wp\/v2\/product\/40310\/revisions"}],"predecessor-version":[{"id":64749,"href":"https:\/\/old.elusvali.ee\/lv\/wp-json\/wp\/v2\/product\/40310\/revisions\/64749"}],"wp:featuredmedia":[{"embeddable":true,"href":"https:\/\/old.elusvali.ee\/lv\/wp-json\/wp\/v2\/media\/37633"}],"wp:attachment":[{"href":"https:\/\/old.elusvali.ee\/lv\/wp-json\/wp\/v2\/media?parent=40310"}],"wp:term":[{"taxonomy":"product_brand","embeddable":true,"href":"https:\/\/old.elusvali.ee\/lv\/wp-json\/wp\/v2\/product_brand?post=40310"},{"taxonomy":"product_cat","embeddable":true,"href":"https:\/\/old.elusvali.ee\/lv\/wp-json\/wp\/v2\/product_cat?post=40310"},{"taxonomy":"product_tag","embeddable":true,"href":"https:\/\/old.elusvali.ee\/lv\/wp-json\/wp\/v2\/product_tag?post=40310"}],"curies":[{"name":"wp","href":"https:\/\/api.w.org\/{rel}","templated":true}]}}