{"id":38550,"date":"2024-02-19T11:05:08","date_gmt":"2024-02-19T09:05:08","guid":{"rendered":"https:\/\/old.elusvali.ee\/?post_type=product&#038;p=38550"},"modified":"2025-05-24T11:19:50","modified_gmt":"2025-05-24T08:19:50","slug":"color-sensitive-15-l-skidrais-audumu-mazgasanas-lidzeklis-sodasan-kopeeri","status":"publish","type":"product","link":"https:\/\/old.elusvali.ee\/lv\/produkts\/color-sensitive-15-l-skidrais-audumu-mazgasanas-lidzeklis-sodasan-kopeeri\/","title":{"rendered":"Stikla un logu t\u012br\u012b\u0161anas l\u012bdzeklis 500ml eco | Sodasan"},"content":{"rendered":"<p>Piem\u0113rots logu, automa\u0161\u012bnu logu, spogu\u013cu un fl\u012b\u017eu mazg\u0101\u0161anai, padarot tos mirdzo\u0161i t\u012brus, nekait\u0113jot ne jums, ne videi. Bez smar\u017eviel\u0101m, t\u0101p\u0113c piem\u0113rots ar\u012b cilv\u0113kiem ar jut\u012bgu \u0101du. 100% dab\u012bgas sast\u0101vda\u013cas, 14% sast\u0101vda\u013cu ir organiskas. Biolo\u0123isks. Nesatur sint\u0113tiskas kr\u0101svielas, konservantus un smar\u017evielas. Ra\u017eots bez naftas \u0137\u012bmijas un g\u0113nu in\u017eenierijas.<\/p>\n","protected":false},"excerpt":{"rendered":"<p>Piem\u0113rots logu, automa\u0161\u012bnu logu, spogu\u013cu un fl\u012b\u017eu mazg\u0101\u0161anai, padarot tos mirdzo\u0161i t\u012brus, nekait\u0113jot ne jums, ne videi.<\/p>\n<p>Lieto\u0161ana: izsmidziniet l\u012bdzekli uz virsmas no 20 cm att\u0101luma un noslaukiet ar nevainojamu dr\u0101nu. Ja stikls ir \u013coti net\u012brs, \u013caujiet mazg\u0101\u0161anas l\u012bdzeklim k\u0101du laiku iedarboties.<\/p>\n","protected":false},"featured_media":50084,"comment_status":"open","ping_status":"closed","template":"","meta":{"_acf_changed":false},"product_brand":[],"product_cat":[418],"product_tag":[602],"class_list":{"0":"post-38550","1":"product","2":"type-product","3":"status-publish","4":"has-post-thumbnail","6":"product_cat-dabigi-tirisanas-lidzekli","7":"product_tag-sodasan-lv","9":"first","10":"instock","11":"taxable","12":"shipping-taxable","13":"purchasable","14":"product-type-simple"},"acf":[],"yoast_head":"<!-- This site is optimized with the Yoast SEO plugin v25.3.1 - https:\/\/yoast.com\/wordpress\/plugins\/seo\/ -->\n<title>Stikla un logu t\u012br\u012b\u0161anas l\u012bdzeklis 500ml eco | Sodasan - Pure Nature<\/title>\n<meta name=\"description\" content=\"Piem\u0113rots logu, automa\u0161\u012bnu logu, spogu\u013cu un fl\u012b\u017eu mazg\u0101\u0161anai, padarot tos mirdzo\u0161i t\u012brus, nekait\u0113jot ne jums, ne videi.\" \/>\n<meta name=\"robots\" content=\"noindex, follow, max-snippet:-1, max-image-preview:large, max-video-preview:-1\" \/>\n<meta property=\"og:locale\" content=\"lv_LV\" \/>\n<meta property=\"og:type\" content=\"article\" \/>\n<meta property=\"og:title\" content=\"Stikla un logu t\u012br\u012b\u0161anas l\u012bdzeklis 500ml eco | Sodasan - Pure Nature\" \/>\n<meta property=\"og:description\" content=\"Piem\u0113rots logu, automa\u0161\u012bnu logu, spogu\u013cu un fl\u012b\u017eu mazg\u0101\u0161anai, padarot tos mirdzo\u0161i t\u012brus, nekait\u0113jot ne jums, ne videi.\" \/>\n<meta property=\"og:url\" content=\"https:\/\/old.elusvali.ee\/lv\/produkts\/color-sensitive-15-l-skidrais-audumu-mazgasanas-lidzeklis-sodasan-kopeeri\/\" \/>\n<meta property=\"og:site_name\" content=\"Elusv&auml;li\" \/>\n<meta property=\"article:publisher\" content=\"https:\/\/www.facebook.com\/profile.php?id=100064131067985\" \/>\n<meta property=\"article:modified_time\" content=\"2025-05-24T08:19:50+00:00\" \/>\n<meta property=\"og:image\" content=\"https:\/\/old.elusvali.ee\/wp-content\/uploads\/2024\/02\/Klaasipesuvahend.jpg\" \/>\n\t<meta property=\"og:image:width\" content=\"800\" \/>\n\t<meta property=\"og:image:height\" content=\"800\" \/>\n\t<meta property=\"og:image:type\" content=\"image\/jpeg\" \/>\n<meta name=\"twitter:card\" content=\"summary_large_image\" \/>\n<meta name=\"twitter:label1\" content=\"Est. reading time\" \/>\n\t<meta name=\"twitter:data1\" content=\"1 minute\" \/>\n<script type=\"application\/ld+json\" class=\"yoast-schema-graph\">{\"@context\":\"https:\/\/schema.org\",\"@graph\":[{\"@type\":\"WebPage\",\"@id\":\"https:\/\/old.elusvali.ee\/lv\/produkts\/color-sensitive-15-l-skidrais-audumu-mazgasanas-lidzeklis-sodasan-kopeeri\/\",\"url\":\"https:\/\/old.elusvali.ee\/lv\/produkts\/color-sensitive-15-l-skidrais-audumu-mazgasanas-lidzeklis-sodasan-kopeeri\/\",\"name\":\"Stikla un logu t\u012br\u012b\u0161anas l\u012bdzeklis 500ml eco | Sodasan - Pure Nature\",\"isPartOf\":{\"@id\":\"https:\/\/old.elusvali.ee\/lv\/#website\"},\"primaryImageOfPage\":{\"@id\":\"https:\/\/old.elusvali.ee\/lv\/produkts\/color-sensitive-15-l-skidrais-audumu-mazgasanas-lidzeklis-sodasan-kopeeri\/#primaryimage\"},\"image\":{\"@id\":\"https:\/\/old.elusvali.ee\/lv\/produkts\/color-sensitive-15-l-skidrais-audumu-mazgasanas-lidzeklis-sodasan-kopeeri\/#primaryimage\"},\"thumbnailUrl\":\"https:\/\/old.elusvali.ee\/wp-content\/uploads\/2024\/02\/Klaasipesuvahend.jpg\",\"datePublished\":\"2024-02-19T09:05:08+00:00\",\"dateModified\":\"2025-05-24T08:19:50+00:00\",\"description\":\"Piem\u0113rots logu, automa\u0161\u012bnu logu, spogu\u013cu un fl\u012b\u017eu mazg\u0101\u0161anai, padarot tos mirdzo\u0161i t\u012brus, nekait\u0113jot ne jums, ne videi.\",\"breadcrumb\":{\"@id\":\"https:\/\/old.elusvali.ee\/lv\/produkts\/color-sensitive-15-l-skidrais-audumu-mazgasanas-lidzeklis-sodasan-kopeeri\/#breadcrumb\"},\"inLanguage\":\"lv-LV\",\"potentialAction\":[{\"@type\":\"ReadAction\",\"target\":[\"https:\/\/old.elusvali.ee\/lv\/produkts\/color-sensitive-15-l-skidrais-audumu-mazgasanas-lidzeklis-sodasan-kopeeri\/\"]}]},{\"@type\":\"ImageObject\",\"inLanguage\":\"lv-LV\",\"@id\":\"https:\/\/old.elusvali.ee\/lv\/produkts\/color-sensitive-15-l-skidrais-audumu-mazgasanas-lidzeklis-sodasan-kopeeri\/#primaryimage\",\"url\":\"https:\/\/old.elusvali.ee\/wp-content\/uploads\/2024\/02\/Klaasipesuvahend.jpg\",\"contentUrl\":\"https:\/\/old.elusvali.ee\/wp-content\/uploads\/2024\/02\/Klaasipesuvahend.jpg\",\"width\":800,\"height\":800,\"caption\":\"Sodasan klaasipesuvahend \u00f6ko 500ml\"},{\"@type\":\"BreadcrumbList\",\"@id\":\"https:\/\/old.elusvali.ee\/lv\/produkts\/color-sensitive-15-l-skidrais-audumu-mazgasanas-lidzeklis-sodasan-kopeeri\/#breadcrumb\",\"itemListElement\":[{\"@type\":\"ListItem\",\"position\":1,\"name\":\"Home\",\"item\":\"https:\/\/purenature.lv\/\"},{\"@type\":\"ListItem\",\"position\":2,\"name\":\"E-veikals\",\"item\":\"https:\/\/purenature.lv\/veikals\/\"},{\"@type\":\"ListItem\",\"position\":3,\"name\":\"Stikla un logu t\u012br\u012b\u0161anas l\u012bdzeklis 500ml eco | Sodasan\"}]},{\"@type\":\"WebSite\",\"@id\":\"https:\/\/old.elusvali.ee\/lv\/#website\",\"url\":\"https:\/\/old.elusvali.ee\/lv\/\",\"name\":\"Elusv\u00e4li\",\"description\":\"Puhas k&ouml;&ouml;k ja koduapteek\",\"publisher\":{\"@id\":\"https:\/\/old.elusvali.ee\/lv\/#organization\"},\"potentialAction\":[{\"@type\":\"SearchAction\",\"target\":{\"@type\":\"EntryPoint\",\"urlTemplate\":\"https:\/\/old.elusvali.ee\/lv\/?s={search_term_string}\"},\"query-input\":{\"@type\":\"PropertyValueSpecification\",\"valueRequired\":true,\"valueName\":\"search_term_string\"}}],\"inLanguage\":\"lv-LV\"},{\"@type\":\"Organization\",\"@id\":\"https:\/\/old.elusvali.ee\/lv\/#organization\",\"name\":\"Elusv\u00e4li\",\"url\":\"https:\/\/old.elusvali.ee\/lv\/\",\"logo\":{\"@type\":\"ImageObject\",\"inLanguage\":\"lv-LV\",\"@id\":\"https:\/\/old.elusvali.ee\/lv\/#\/schema\/logo\/image\/\",\"url\":\"https:\/\/purenature.lt\/wp-content\/uploads\/2023\/07\/logo.png\",\"contentUrl\":\"https:\/\/purenature.lt\/wp-content\/uploads\/2023\/07\/logo.png\",\"width\":526,\"height\":146,\"caption\":\"Elusv\u00e4li\"},\"image\":{\"@id\":\"https:\/\/old.elusvali.ee\/lv\/#\/schema\/logo\/image\/\"},\"sameAs\":[\"https:\/\/www.facebook.com\/profile.php?id=100064131067985\",\"https:\/\/www.instagram.com\/elusvali\/\",\"https:\/\/www.youtube.com\/@elusvali2110\"]}]}<\/script>\n<!-- \/ Yoast SEO plugin. -->","yoast_head_json":{"title":"Stikla un logu t\u012br\u012b\u0161anas l\u012bdzeklis 500ml eco | Sodasan - Pure Nature","description":"Piem\u0113rots logu, automa\u0161\u012bnu logu, spogu\u013cu un fl\u012b\u017eu mazg\u0101\u0161anai, padarot tos mirdzo\u0161i t\u012brus, nekait\u0113jot ne jums, ne videi.","robots":{"index":"noindex","follow":"follow","max-snippet":"max-snippet:-1","max-image-preview":"max-image-preview:large","max-video-preview":"max-video-preview:-1"},"og_locale":"lv_LV","og_type":"article","og_title":"Stikla un logu t\u012br\u012b\u0161anas l\u012bdzeklis 500ml eco | Sodasan - Pure Nature","og_description":"Piem\u0113rots logu, automa\u0161\u012bnu logu, spogu\u013cu un fl\u012b\u017eu mazg\u0101\u0161anai, padarot tos mirdzo\u0161i t\u012brus, nekait\u0113jot ne jums, ne videi.","og_url":"https:\/\/old.elusvali.ee\/lv\/produkts\/color-sensitive-15-l-skidrais-audumu-mazgasanas-lidzeklis-sodasan-kopeeri\/","og_site_name":"Elusv&auml;li","article_publisher":"https:\/\/www.facebook.com\/profile.php?id=100064131067985","article_modified_time":"2025-05-24T08:19:50+00:00","og_image":[{"width":800,"height":800,"url":"https:\/\/old.elusvali.ee\/wp-content\/uploads\/2024\/02\/Klaasipesuvahend.jpg","type":"image\/jpeg"}],"twitter_card":"summary_large_image","twitter_misc":{"Est. reading time":"1 minute"},"schema":{"@context":"https:\/\/schema.org","@graph":[{"@type":"WebPage","@id":"https:\/\/old.elusvali.ee\/lv\/produkts\/color-sensitive-15-l-skidrais-audumu-mazgasanas-lidzeklis-sodasan-kopeeri\/","url":"https:\/\/old.elusvali.ee\/lv\/produkts\/color-sensitive-15-l-skidrais-audumu-mazgasanas-lidzeklis-sodasan-kopeeri\/","name":"Stikla un logu t\u012br\u012b\u0161anas l\u012bdzeklis 500ml eco | Sodasan - Pure Nature","isPartOf":{"@id":"https:\/\/old.elusvali.ee\/lv\/#website"},"primaryImageOfPage":{"@id":"https:\/\/old.elusvali.ee\/lv\/produkts\/color-sensitive-15-l-skidrais-audumu-mazgasanas-lidzeklis-sodasan-kopeeri\/#primaryimage"},"image":{"@id":"https:\/\/old.elusvali.ee\/lv\/produkts\/color-sensitive-15-l-skidrais-audumu-mazgasanas-lidzeklis-sodasan-kopeeri\/#primaryimage"},"thumbnailUrl":"https:\/\/old.elusvali.ee\/wp-content\/uploads\/2024\/02\/Klaasipesuvahend.jpg","datePublished":"2024-02-19T09:05:08+00:00","dateModified":"2025-05-24T08:19:50+00:00","description":"Piem\u0113rots logu, automa\u0161\u012bnu logu, spogu\u013cu un fl\u012b\u017eu mazg\u0101\u0161anai, padarot tos mirdzo\u0161i t\u012brus, nekait\u0113jot ne jums, ne videi.","breadcrumb":{"@id":"https:\/\/old.elusvali.ee\/lv\/produkts\/color-sensitive-15-l-skidrais-audumu-mazgasanas-lidzeklis-sodasan-kopeeri\/#breadcrumb"},"inLanguage":"lv-LV","potentialAction":[{"@type":"ReadAction","target":["https:\/\/old.elusvali.ee\/lv\/produkts\/color-sensitive-15-l-skidrais-audumu-mazgasanas-lidzeklis-sodasan-kopeeri\/"]}]},{"@type":"ImageObject","inLanguage":"lv-LV","@id":"https:\/\/old.elusvali.ee\/lv\/produkts\/color-sensitive-15-l-skidrais-audumu-mazgasanas-lidzeklis-sodasan-kopeeri\/#primaryimage","url":"https:\/\/old.elusvali.ee\/wp-content\/uploads\/2024\/02\/Klaasipesuvahend.jpg","contentUrl":"https:\/\/old.elusvali.ee\/wp-content\/uploads\/2024\/02\/Klaasipesuvahend.jpg","width":800,"height":800,"caption":"Sodasan klaasipesuvahend \u00f6ko 500ml"},{"@type":"BreadcrumbList","@id":"https:\/\/old.elusvali.ee\/lv\/produkts\/color-sensitive-15-l-skidrais-audumu-mazgasanas-lidzeklis-sodasan-kopeeri\/#breadcrumb","itemListElement":[{"@type":"ListItem","position":1,"name":"Home","item":"https:\/\/purenature.lv\/"},{"@type":"ListItem","position":2,"name":"E-veikals","item":"https:\/\/purenature.lv\/veikals\/"},{"@type":"ListItem","position":3,"name":"Stikla un logu t\u012br\u012b\u0161anas l\u012bdzeklis 500ml eco | Sodasan"}]},{"@type":"WebSite","@id":"https:\/\/old.elusvali.ee\/lv\/#website","url":"https:\/\/old.elusvali.ee\/lv\/","name":"Elusv\u00e4li","description":"Puhas k&ouml;&ouml;k ja koduapteek","publisher":{"@id":"https:\/\/old.elusvali.ee\/lv\/#organization"},"potentialAction":[{"@type":"SearchAction","target":{"@type":"EntryPoint","urlTemplate":"https:\/\/old.elusvali.ee\/lv\/?s={search_term_string}"},"query-input":{"@type":"PropertyValueSpecification","valueRequired":true,"valueName":"search_term_string"}}],"inLanguage":"lv-LV"},{"@type":"Organization","@id":"https:\/\/old.elusvali.ee\/lv\/#organization","name":"Elusv\u00e4li","url":"https:\/\/old.elusvali.ee\/lv\/","logo":{"@type":"ImageObject","inLanguage":"lv-LV","@id":"https:\/\/old.elusvali.ee\/lv\/#\/schema\/logo\/image\/","url":"https:\/\/purenature.lt\/wp-content\/uploads\/2023\/07\/logo.png","contentUrl":"https:\/\/purenature.lt\/wp-content\/uploads\/2023\/07\/logo.png","width":526,"height":146,"caption":"Elusv\u00e4li"},"image":{"@id":"https:\/\/old.elusvali.ee\/lv\/#\/schema\/logo\/image\/"},"sameAs":["https:\/\/www.facebook.com\/profile.php?id=100064131067985","https:\/\/www.instagram.com\/elusvali\/","https:\/\/www.youtube.com\/@elusvali2110"]}]}},"_links":{"self":[{"href":"https:\/\/old.elusvali.ee\/lv\/wp-json\/wp\/v2\/product\/38550","targetHints":{"allow":["GET"]}}],"collection":[{"href":"https:\/\/old.elusvali.ee\/lv\/wp-json\/wp\/v2\/product"}],"about":[{"href":"https:\/\/old.elusvali.ee\/lv\/wp-json\/wp\/v2\/types\/product"}],"replies":[{"embeddable":true,"href":"https:\/\/old.elusvali.ee\/lv\/wp-json\/wp\/v2\/comments?post=38550"}],"version-history":[{"count":2,"href":"https:\/\/old.elusvali.ee\/lv\/wp-json\/wp\/v2\/product\/38550\/revisions"}],"predecessor-version":[{"id":66806,"href":"https:\/\/old.elusvali.ee\/lv\/wp-json\/wp\/v2\/product\/38550\/revisions\/66806"}],"wp:featuredmedia":[{"embeddable":true,"href":"https:\/\/old.elusvali.ee\/lv\/wp-json\/wp\/v2\/media\/50084"}],"wp:attachment":[{"href":"https:\/\/old.elusvali.ee\/lv\/wp-json\/wp\/v2\/media?parent=38550"}],"wp:term":[{"taxonomy":"product_brand","embeddable":true,"href":"https:\/\/old.elusvali.ee\/lv\/wp-json\/wp\/v2\/product_brand?post=38550"},{"taxonomy":"product_cat","embeddable":true,"href":"https:\/\/old.elusvali.ee\/lv\/wp-json\/wp\/v2\/product_cat?post=38550"},{"taxonomy":"product_tag","embeddable":true,"href":"https:\/\/old.elusvali.ee\/lv\/wp-json\/wp\/v2\/product_tag?post=38550"}],"curies":[{"name":"wp","href":"https:\/\/api.w.org\/{rel}","templated":true}]}}