{"id":36846,"date":"2024-01-30T11:41:24","date_gmt":"2024-01-30T09:41:24","guid":{"rendered":"https:\/\/old.elusvali.ee\/?post_type=product&#038;p=36846"},"modified":"2025-03-21T16:28:05","modified_gmt":"2025-03-21T14:28:05","slug":"eco-multisectar-200ml-foodwine","status":"publish","type":"product","link":"https:\/\/old.elusvali.ee\/lv\/produkts\/eco-multisectar-200ml-foodwine\/","title":{"rendered":"Eko multinekt\u0101rs 200ml | FOODWINE"},"content":{"rendered":"<p style=\"font-weight: 400;\">Multinekt\u0101rs, kas gatavots tikai no nobriedu\u0161iem biolo\u0123iski audz\u0113tiem aug\u013ciem, ir \u012bpa\u0161i sul\u012bgs, jo satur l\u012bdz pat 60 % biolo\u0123iski audz\u0113tu aug\u013cu sulas un bieze\u0146a.<br \/>\nTas dz\u0113rienam pie\u0161\u0137ir bag\u0101t\u012bgu gar\u0161u.<\/p>\n<p style=\"font-weight: 400;\">Sula ir dabiski salda, jo satur tikai aug\u013cos un d\u0101rze\u0146os eso\u0161os cukurus.<br \/>\nSula, kas spiesta no nobriedu\u0161iem, gar\u0161\u012bgiem biolo\u0123iskiem aug\u013ciem, ir pietiekami salda, un tai nav nepiecie\u0161ami citi saldin\u0101t\u0101ji.<\/p>\n<p style=\"font-weight: 400;\">Sulas sast\u0101vs ir tikpat t\u012brs, cik t\u012bri ir aug\u013ci, no kuriem t\u0101 gatavota. Biolo\u0123iski audz\u0113t\u0101s kult\u016bras tiek audz\u0113tas bez m\u0101ksl\u012bg\u0101 m\u0113slojuma un pestic\u012bdiem.<\/p>\n<p style=\"font-weight: 400;\">Dz\u0113riens nesatur m\u0101ksl\u012bg\u0101s gar\u0161as, kr\u0101svielas, konservantus un pievienoto cukuru.<\/p>\n<p style=\"font-weight: 400;\">Lai lab\u0101k saglab\u0101tu atsvaidzino\u0161o nekt\u0101ru, tas tiek pasteriz\u0113ts jeb termiski apstr\u0101d\u0101ts, ta\u010du tikai tik \u012bsu br\u012bdi, lai nodro\u0161in\u0101tu, ka visi v\u0113rt\u012bgie vitam\u012bni un aug\u013cu gar\u0161a saglab\u0101jas.<br \/>\nT\u0101p\u0113c \u0161o dz\u0113rienu bez piedev\u0101m dro\u0161i var pasniegt b\u0113rniem.<\/p>\n<p style=\"font-weight: 400;\">200 ml dz\u0113riens ar salmi\u0146u ir piem\u0113rota izm\u0113ra, lai to var\u0113tu \u0113rti ievietot som\u0101 vai kabat\u0101, un tas ir lielisks sl\u0101pju remdin\u0101t\u0101js, ko \u0146emt l\u012bdzi lieliem vai maziem,<br \/>\npiknik\u0101 vai uz sporta z\u0101li, vasar\u0101 vai ziem\u0101.<\/p>\n<p style=\"font-weight: 400;\">\n","protected":false},"excerpt":{"rendered":"<h2 style=\"font-weight: 400;\">Septi\u0146u aug\u013cu sula bez pievienot\u0101 cukura, t\u012brs sast\u0101vs un augsts aug\u013cu saturs.<\/h2>\n<p style=\"font-weight: 400;\">Lielisks sl\u0101pes remdino\u0161s dz\u0113riens gan jauniem, gan veciem visos gadalaikos un jebkuros apst\u0101k\u013cos.<\/p>\n<ul>\n<li style=\"font-weight: 400;\">Bez pievienot\u0101 cukura. Satur tikai dab\u012bgo aug\u013cu cukuru.<\/li>\n<li style=\"font-weight: 400;\">Sulas saturs 60% (aug\u013cu saturs 54%, d\u0101rze\u0146u saturs 6%)<\/li>\n<li style=\"font-weight: 400;\">Septi\u0146i aug\u013ci (un d\u0101rze\u0146i) &#8211; \u0101bols, apels\u012bns, persiks, mango, gran\u0101t\u0101bols, citrons, burk\u0101ns.<\/li>\n<li style=\"font-weight: 400;\">Bez piedev\u0101m, kr\u0101sviel\u0101m un konservantiem<\/li>\n<li>Sertific\u0113ts biolo\u0123isks produkts<\/li>\n<\/ul>\n","protected":false},"featured_media":36325,"comment_status":"open","ping_status":"closed","template":"","meta":{"_acf_changed":false},"product_brand":[],"product_cat":[458],"product_tag":[],"class_list":{"0":"post-36846","1":"product","2":"type-product","3":"status-publish","4":"has-post-thumbnail","6":"product_cat-dzerieni","8":"first","9":"instock","10":"taxable","11":"shipping-taxable","12":"purchasable","13":"product-type-simple"},"acf":[],"yoast_head":"<!-- This site is optimized with the Yoast SEO plugin v25.3.1 - https:\/\/yoast.com\/wordpress\/plugins\/seo\/ -->\n<title>Eko multinekt\u0101rs 200ml | FOODWINE - Pure Nature<\/title>\n<meta name=\"description\" content=\"Pateicoties t\u012brai konsistencei un augstam sulas saturam, \u0161is multinekt\u0101rs ir labs sl\u0101pju remdin\u0101t\u0101js gan maziem, gan lieliem visos gadalaikos un vis\u0101s situ\u0101cij\u0101s.\" \/>\n<meta name=\"robots\" content=\"noindex, follow, max-snippet:-1, max-image-preview:large, max-video-preview:-1\" \/>\n<meta property=\"og:locale\" content=\"lv_LV\" \/>\n<meta property=\"og:type\" content=\"article\" \/>\n<meta property=\"og:title\" content=\"Eko multinekt\u0101rs 200ml | FOODWINE - Pure Nature\" \/>\n<meta property=\"og:description\" content=\"Pateicoties t\u012brai konsistencei un augstam sulas saturam, \u0161is multinekt\u0101rs ir labs sl\u0101pju remdin\u0101t\u0101js gan maziem, gan lieliem visos gadalaikos un vis\u0101s situ\u0101cij\u0101s.\" \/>\n<meta property=\"og:url\" content=\"https:\/\/old.elusvali.ee\/lv\/produkts\/eco-multisectar-200ml-foodwine\/\" \/>\n<meta property=\"og:site_name\" content=\"Elusv&auml;li\" \/>\n<meta property=\"article:publisher\" content=\"https:\/\/www.facebook.com\/profile.php?id=100064131067985\" \/>\n<meta property=\"article:modified_time\" content=\"2025-03-21T14:28:05+00:00\" \/>\n<meta property=\"og:image\" content=\"https:\/\/old.elusvali.ee\/wp-content\/uploads\/2024\/01\/oko-korrejook-multivitamiin-200ml.jpg\" \/>\n\t<meta property=\"og:image:width\" content=\"1100\" \/>\n\t<meta property=\"og:image:height\" content=\"1422\" \/>\n\t<meta property=\"og:image:type\" content=\"image\/jpeg\" \/>\n<meta name=\"twitter:card\" content=\"summary_large_image\" \/>\n<meta name=\"twitter:label1\" content=\"Est. reading time\" \/>\n\t<meta name=\"twitter:data1\" content=\"1 minute\" \/>\n<script type=\"application\/ld+json\" class=\"yoast-schema-graph\">{\"@context\":\"https:\/\/schema.org\",\"@graph\":[{\"@type\":\"WebPage\",\"@id\":\"https:\/\/old.elusvali.ee\/lv\/produkts\/eco-multisectar-200ml-foodwine\/\",\"url\":\"https:\/\/old.elusvali.ee\/lv\/produkts\/eco-multisectar-200ml-foodwine\/\",\"name\":\"Eko multinekt\u0101rs 200ml | FOODWINE - Pure Nature\",\"isPartOf\":{\"@id\":\"https:\/\/old.elusvali.ee\/lv\/#website\"},\"primaryImageOfPage\":{\"@id\":\"https:\/\/old.elusvali.ee\/lv\/produkts\/eco-multisectar-200ml-foodwine\/#primaryimage\"},\"image\":{\"@id\":\"https:\/\/old.elusvali.ee\/lv\/produkts\/eco-multisectar-200ml-foodwine\/#primaryimage\"},\"thumbnailUrl\":\"https:\/\/old.elusvali.ee\/wp-content\/uploads\/2024\/01\/oko-korrejook-multivitamiin-200ml.jpg\",\"datePublished\":\"2024-01-30T09:41:24+00:00\",\"dateModified\":\"2025-03-21T14:28:05+00:00\",\"description\":\"Pateicoties t\u012brai konsistencei un augstam sulas saturam, \u0161is multinekt\u0101rs ir labs sl\u0101pju remdin\u0101t\u0101js gan maziem, gan lieliem visos gadalaikos un vis\u0101s situ\u0101cij\u0101s.\",\"breadcrumb\":{\"@id\":\"https:\/\/old.elusvali.ee\/lv\/produkts\/eco-multisectar-200ml-foodwine\/#breadcrumb\"},\"inLanguage\":\"lv-LV\",\"potentialAction\":[{\"@type\":\"ReadAction\",\"target\":[\"https:\/\/old.elusvali.ee\/lv\/produkts\/eco-multisectar-200ml-foodwine\/\"]}]},{\"@type\":\"ImageObject\",\"inLanguage\":\"lv-LV\",\"@id\":\"https:\/\/old.elusvali.ee\/lv\/produkts\/eco-multisectar-200ml-foodwine\/#primaryimage\",\"url\":\"https:\/\/old.elusvali.ee\/wp-content\/uploads\/2024\/01\/oko-korrejook-multivitamiin-200ml.jpg\",\"contentUrl\":\"https:\/\/old.elusvali.ee\/wp-content\/uploads\/2024\/01\/oko-korrejook-multivitamiin-200ml.jpg\",\"width\":1100,\"height\":1422,\"caption\":\"Multivitaminu sultys be cukraus\"},{\"@type\":\"BreadcrumbList\",\"@id\":\"https:\/\/old.elusvali.ee\/lv\/produkts\/eco-multisectar-200ml-foodwine\/#breadcrumb\",\"itemListElement\":[{\"@type\":\"ListItem\",\"position\":1,\"name\":\"Home\",\"item\":\"https:\/\/purenature.lv\/\"},{\"@type\":\"ListItem\",\"position\":2,\"name\":\"E-veikals\",\"item\":\"https:\/\/purenature.lv\/veikals\/\"},{\"@type\":\"ListItem\",\"position\":3,\"name\":\"Eko multinekt\u0101rs 200ml | FOODWINE\"}]},{\"@type\":\"WebSite\",\"@id\":\"https:\/\/old.elusvali.ee\/lv\/#website\",\"url\":\"https:\/\/old.elusvali.ee\/lv\/\",\"name\":\"Elusv\u00e4li\",\"description\":\"Puhas k&ouml;&ouml;k ja koduapteek\",\"publisher\":{\"@id\":\"https:\/\/old.elusvali.ee\/lv\/#organization\"},\"potentialAction\":[{\"@type\":\"SearchAction\",\"target\":{\"@type\":\"EntryPoint\",\"urlTemplate\":\"https:\/\/old.elusvali.ee\/lv\/?s={search_term_string}\"},\"query-input\":{\"@type\":\"PropertyValueSpecification\",\"valueRequired\":true,\"valueName\":\"search_term_string\"}}],\"inLanguage\":\"lv-LV\"},{\"@type\":\"Organization\",\"@id\":\"https:\/\/old.elusvali.ee\/lv\/#organization\",\"name\":\"Elusv\u00e4li\",\"url\":\"https:\/\/old.elusvali.ee\/lv\/\",\"logo\":{\"@type\":\"ImageObject\",\"inLanguage\":\"lv-LV\",\"@id\":\"https:\/\/old.elusvali.ee\/lv\/#\/schema\/logo\/image\/\",\"url\":\"https:\/\/purenature.lt\/wp-content\/uploads\/2023\/07\/logo.png\",\"contentUrl\":\"https:\/\/purenature.lt\/wp-content\/uploads\/2023\/07\/logo.png\",\"width\":526,\"height\":146,\"caption\":\"Elusv\u00e4li\"},\"image\":{\"@id\":\"https:\/\/old.elusvali.ee\/lv\/#\/schema\/logo\/image\/\"},\"sameAs\":[\"https:\/\/www.facebook.com\/profile.php?id=100064131067985\",\"https:\/\/www.instagram.com\/elusvali\/\",\"https:\/\/www.youtube.com\/@elusvali2110\"]}]}<\/script>\n<!-- \/ Yoast SEO plugin. -->","yoast_head_json":{"title":"Eko multinekt\u0101rs 200ml | FOODWINE - Pure Nature","description":"Pateicoties t\u012brai konsistencei un augstam sulas saturam, \u0161is multinekt\u0101rs ir labs sl\u0101pju remdin\u0101t\u0101js gan maziem, gan lieliem visos gadalaikos un vis\u0101s situ\u0101cij\u0101s.","robots":{"index":"noindex","follow":"follow","max-snippet":"max-snippet:-1","max-image-preview":"max-image-preview:large","max-video-preview":"max-video-preview:-1"},"og_locale":"lv_LV","og_type":"article","og_title":"Eko multinekt\u0101rs 200ml | FOODWINE - Pure Nature","og_description":"Pateicoties t\u012brai konsistencei un augstam sulas saturam, \u0161is multinekt\u0101rs ir labs sl\u0101pju remdin\u0101t\u0101js gan maziem, gan lieliem visos gadalaikos un vis\u0101s situ\u0101cij\u0101s.","og_url":"https:\/\/old.elusvali.ee\/lv\/produkts\/eco-multisectar-200ml-foodwine\/","og_site_name":"Elusv&auml;li","article_publisher":"https:\/\/www.facebook.com\/profile.php?id=100064131067985","article_modified_time":"2025-03-21T14:28:05+00:00","og_image":[{"width":1100,"height":1422,"url":"https:\/\/old.elusvali.ee\/wp-content\/uploads\/2024\/01\/oko-korrejook-multivitamiin-200ml.jpg","type":"image\/jpeg"}],"twitter_card":"summary_large_image","twitter_misc":{"Est. reading time":"1 minute"},"schema":{"@context":"https:\/\/schema.org","@graph":[{"@type":"WebPage","@id":"https:\/\/old.elusvali.ee\/lv\/produkts\/eco-multisectar-200ml-foodwine\/","url":"https:\/\/old.elusvali.ee\/lv\/produkts\/eco-multisectar-200ml-foodwine\/","name":"Eko multinekt\u0101rs 200ml | FOODWINE - Pure Nature","isPartOf":{"@id":"https:\/\/old.elusvali.ee\/lv\/#website"},"primaryImageOfPage":{"@id":"https:\/\/old.elusvali.ee\/lv\/produkts\/eco-multisectar-200ml-foodwine\/#primaryimage"},"image":{"@id":"https:\/\/old.elusvali.ee\/lv\/produkts\/eco-multisectar-200ml-foodwine\/#primaryimage"},"thumbnailUrl":"https:\/\/old.elusvali.ee\/wp-content\/uploads\/2024\/01\/oko-korrejook-multivitamiin-200ml.jpg","datePublished":"2024-01-30T09:41:24+00:00","dateModified":"2025-03-21T14:28:05+00:00","description":"Pateicoties t\u012brai konsistencei un augstam sulas saturam, \u0161is multinekt\u0101rs ir labs sl\u0101pju remdin\u0101t\u0101js gan maziem, gan lieliem visos gadalaikos un vis\u0101s situ\u0101cij\u0101s.","breadcrumb":{"@id":"https:\/\/old.elusvali.ee\/lv\/produkts\/eco-multisectar-200ml-foodwine\/#breadcrumb"},"inLanguage":"lv-LV","potentialAction":[{"@type":"ReadAction","target":["https:\/\/old.elusvali.ee\/lv\/produkts\/eco-multisectar-200ml-foodwine\/"]}]},{"@type":"ImageObject","inLanguage":"lv-LV","@id":"https:\/\/old.elusvali.ee\/lv\/produkts\/eco-multisectar-200ml-foodwine\/#primaryimage","url":"https:\/\/old.elusvali.ee\/wp-content\/uploads\/2024\/01\/oko-korrejook-multivitamiin-200ml.jpg","contentUrl":"https:\/\/old.elusvali.ee\/wp-content\/uploads\/2024\/01\/oko-korrejook-multivitamiin-200ml.jpg","width":1100,"height":1422,"caption":"Multivitaminu sultys be cukraus"},{"@type":"BreadcrumbList","@id":"https:\/\/old.elusvali.ee\/lv\/produkts\/eco-multisectar-200ml-foodwine\/#breadcrumb","itemListElement":[{"@type":"ListItem","position":1,"name":"Home","item":"https:\/\/purenature.lv\/"},{"@type":"ListItem","position":2,"name":"E-veikals","item":"https:\/\/purenature.lv\/veikals\/"},{"@type":"ListItem","position":3,"name":"Eko multinekt\u0101rs 200ml | FOODWINE"}]},{"@type":"WebSite","@id":"https:\/\/old.elusvali.ee\/lv\/#website","url":"https:\/\/old.elusvali.ee\/lv\/","name":"Elusv\u00e4li","description":"Puhas k&ouml;&ouml;k ja koduapteek","publisher":{"@id":"https:\/\/old.elusvali.ee\/lv\/#organization"},"potentialAction":[{"@type":"SearchAction","target":{"@type":"EntryPoint","urlTemplate":"https:\/\/old.elusvali.ee\/lv\/?s={search_term_string}"},"query-input":{"@type":"PropertyValueSpecification","valueRequired":true,"valueName":"search_term_string"}}],"inLanguage":"lv-LV"},{"@type":"Organization","@id":"https:\/\/old.elusvali.ee\/lv\/#organization","name":"Elusv\u00e4li","url":"https:\/\/old.elusvali.ee\/lv\/","logo":{"@type":"ImageObject","inLanguage":"lv-LV","@id":"https:\/\/old.elusvali.ee\/lv\/#\/schema\/logo\/image\/","url":"https:\/\/purenature.lt\/wp-content\/uploads\/2023\/07\/logo.png","contentUrl":"https:\/\/purenature.lt\/wp-content\/uploads\/2023\/07\/logo.png","width":526,"height":146,"caption":"Elusv\u00e4li"},"image":{"@id":"https:\/\/old.elusvali.ee\/lv\/#\/schema\/logo\/image\/"},"sameAs":["https:\/\/www.facebook.com\/profile.php?id=100064131067985","https:\/\/www.instagram.com\/elusvali\/","https:\/\/www.youtube.com\/@elusvali2110"]}]}},"_links":{"self":[{"href":"https:\/\/old.elusvali.ee\/lv\/wp-json\/wp\/v2\/product\/36846","targetHints":{"allow":["GET"]}}],"collection":[{"href":"https:\/\/old.elusvali.ee\/lv\/wp-json\/wp\/v2\/product"}],"about":[{"href":"https:\/\/old.elusvali.ee\/lv\/wp-json\/wp\/v2\/types\/product"}],"replies":[{"embeddable":true,"href":"https:\/\/old.elusvali.ee\/lv\/wp-json\/wp\/v2\/comments?post=36846"}],"version-history":[{"count":1,"href":"https:\/\/old.elusvali.ee\/lv\/wp-json\/wp\/v2\/product\/36846\/revisions"}],"predecessor-version":[{"id":63591,"href":"https:\/\/old.elusvali.ee\/lv\/wp-json\/wp\/v2\/product\/36846\/revisions\/63591"}],"wp:featuredmedia":[{"embeddable":true,"href":"https:\/\/old.elusvali.ee\/lv\/wp-json\/wp\/v2\/media\/36325"}],"wp:attachment":[{"href":"https:\/\/old.elusvali.ee\/lv\/wp-json\/wp\/v2\/media?parent=36846"}],"wp:term":[{"taxonomy":"product_brand","embeddable":true,"href":"https:\/\/old.elusvali.ee\/lv\/wp-json\/wp\/v2\/product_brand?post=36846"},{"taxonomy":"product_cat","embeddable":true,"href":"https:\/\/old.elusvali.ee\/lv\/wp-json\/wp\/v2\/product_cat?post=36846"},{"taxonomy":"product_tag","embeddable":true,"href":"https:\/\/old.elusvali.ee\/lv\/wp-json\/wp\/v2\/product_tag?post=36846"}],"curies":[{"name":"wp","href":"https:\/\/api.w.org\/{rel}","templated":true}]}}