{"id":36180,"date":"2023-10-24T10:46:19","date_gmt":"2023-10-24T07:46:19","guid":{"rendered":"https:\/\/old.elusvali.ee\/product\/davanu-kaste-ar-vaku-un-logu-l-33x30x8cm\/"},"modified":"2025-03-28T13:58:23","modified_gmt":"2025-03-28T11:58:23","slug":"davanu-kaste-ar-vaku-un-logu-l-33x30x8cm","status":"publish","type":"product","link":"https:\/\/old.elusvali.ee\/lv\/produkts\/davanu-kaste-ar-vaku-un-logu-l-33x30x8cm\/","title":{"rendered":"D\u0101vanu kaste ar v\u0101ku un logu L (33x30x8cm)"},"content":{"rendered":"<ul>\n<li>Gofr\u0113t\u0101 kaste ir piem\u0113rota da\u017e\u0101du produktu iepako\u0161anai.<\/li>\n<li>Kastes aug\u0161pus\u0113 ir caursp\u012bd\u012bgs logs.<\/li>\n<li>Kasti var \u0113rti un \u0101tri saloc\u012bt, kad t\u0101 netiek izmantota.<\/li>\n<\/ul>\n<p>Kastes izm\u0113ri 33 cm x 30 cm x 8 cm.<\/p>\n<p>D\u0101vanu kaste ir iesai\u0146ota atsevi\u0161\u0137\u0101 iepakojum\u0101, t\u0101p\u0113c t\u0101 non\u0101ks pie jums neskarta un t\u012bra.<br \/>\nD\u0101vanu kastei p\u0113c j\u016bsu v\u0113l\u0113\u0161an\u0101s varam pievienot ar\u012b koka vilnu.<\/p>\n<p>Kast\u0113 var ievietot, piem\u0113ram, 3 x 1 kg miltu paci\u0146as vai veselu kaudzi p\u0101rtikas piedevu burci\u0146u un konservu k\u0101rbu (~10 da\u017e\u0101du).<\/p>\n","protected":false},"excerpt":{"rendered":"<p>Kastes izm\u0113ri ir 33 cm x 30 cm x 8 cm.<\/p>\n<p>D\u0101vanu kaste ir iesai\u0146ota atsevi\u0161\u0137\u0101 s\u016bt\u012bjum\u0101, t\u0101p\u0113c t\u0101 tiek nog\u0101d\u0101ta neskarta un t\u012bra.<br \/>\nJa v\u0113laties, d\u0101vanu kastei varam pievienot ar\u012b koka vilnu.<\/p>\n<p>Uz\u0146\u0113muma d\u0101vanas, Ziemassv\u0113tku d\u0101vanas, dzim\u0161anas dienas d\u0101vanas vai d\u0101vanas cit\u0101s \u012bpa\u0161\u0101s dien\u0101s un notikumos.<br \/>\nSalieciet vesel\u012bgu d\u0101vanu komplektu pats.<\/p>\n","protected":false},"featured_media":35214,"comment_status":"open","ping_status":"closed","template":"","meta":{"_acf_changed":false},"product_brand":[],"product_cat":[465],"product_tag":[],"class_list":{"0":"post-36180","1":"product","2":"type-product","3":"status-publish","4":"has-post-thumbnail","6":"product_cat-davanai","8":"first","9":"instock","10":"taxable","11":"shipping-taxable","12":"purchasable","13":"product-type-simple"},"acf":[],"yoast_head":"<!-- This site is optimized with the Yoast SEO plugin v25.3.1 - https:\/\/yoast.com\/wordpress\/plugins\/seo\/ -->\n<title>D\u0101vanu kaste ar v\u0101ku un logu L (33x30x8cm) - Pure Nature<\/title>\n<meta name=\"robots\" content=\"noindex, follow, max-snippet:-1, max-image-preview:large, max-video-preview:-1\" \/>\n<meta property=\"og:locale\" content=\"lv_LV\" \/>\n<meta property=\"og:type\" content=\"article\" \/>\n<meta property=\"og:title\" content=\"D\u0101vanu kaste ar v\u0101ku un logu L (33x30x8cm) - Pure Nature\" \/>\n<meta property=\"og:description\" content=\"Kastes izm\u0113ri ir 33 cm x 30 cm x 8 cm. D\u0101vanu kaste ir iesai\u0146ota atsevi\u0161\u0137\u0101 s\u016bt\u012bjum\u0101, t\u0101p\u0113c t\u0101 tiek nog\u0101d\u0101ta neskarta un t\u012bra. Ja v\u0113laties, d\u0101vanu kastei varam pievienot ar\u012b koka vilnu. Uz\u0146\u0113muma d\u0101vanas, Ziemassv\u0113tku d\u0101vanas, dzim\u0161anas dienas d\u0101vanas vai d\u0101vanas cit\u0101s \u012bpa\u0161\u0101s dien\u0101s un notikumos. Salieciet vesel\u012bgu d\u0101vanu komplektu pats.\" \/>\n<meta property=\"og:url\" content=\"https:\/\/old.elusvali.ee\/lv\/produkts\/davanu-kaste-ar-vaku-un-logu-l-33x30x8cm\/\" \/>\n<meta property=\"og:site_name\" content=\"Elusv&auml;li\" \/>\n<meta property=\"article:publisher\" content=\"https:\/\/www.facebook.com\/profile.php?id=100064131067985\" \/>\n<meta property=\"article:modified_time\" content=\"2025-03-28T11:58:23+00:00\" \/>\n<meta property=\"og:image\" content=\"https:\/\/old.elusvali.ee\/wp-content\/uploads\/2023\/10\/Kinkekarp-L.webp\" \/>\n\t<meta property=\"og:image:width\" content=\"390\" \/>\n\t<meta property=\"og:image:height\" content=\"390\" \/>\n\t<meta property=\"og:image:type\" content=\"image\/webp\" \/>\n<meta name=\"twitter:card\" content=\"summary_large_image\" \/>\n<script type=\"application\/ld+json\" class=\"yoast-schema-graph\">{\"@context\":\"https:\/\/schema.org\",\"@graph\":[{\"@type\":\"WebPage\",\"@id\":\"https:\/\/old.elusvali.ee\/lv\/produkts\/davanu-kaste-ar-vaku-un-logu-l-33x30x8cm\/\",\"url\":\"https:\/\/old.elusvali.ee\/lv\/produkts\/davanu-kaste-ar-vaku-un-logu-l-33x30x8cm\/\",\"name\":\"D\u0101vanu kaste ar v\u0101ku un logu L (33x30x8cm) - Pure Nature\",\"isPartOf\":{\"@id\":\"https:\/\/old.elusvali.ee\/lv\/#website\"},\"primaryImageOfPage\":{\"@id\":\"https:\/\/old.elusvali.ee\/lv\/produkts\/davanu-kaste-ar-vaku-un-logu-l-33x30x8cm\/#primaryimage\"},\"image\":{\"@id\":\"https:\/\/old.elusvali.ee\/lv\/produkts\/davanu-kaste-ar-vaku-un-logu-l-33x30x8cm\/#primaryimage\"},\"thumbnailUrl\":\"https:\/\/old.elusvali.ee\/wp-content\/uploads\/2023\/10\/Kinkekarp-L.webp\",\"datePublished\":\"2023-10-24T07:46:19+00:00\",\"dateModified\":\"2025-03-28T11:58:23+00:00\",\"breadcrumb\":{\"@id\":\"https:\/\/old.elusvali.ee\/lv\/produkts\/davanu-kaste-ar-vaku-un-logu-l-33x30x8cm\/#breadcrumb\"},\"inLanguage\":\"lv-LV\",\"potentialAction\":[{\"@type\":\"ReadAction\",\"target\":[\"https:\/\/old.elusvali.ee\/lv\/produkts\/davanu-kaste-ar-vaku-un-logu-l-33x30x8cm\/\"]}]},{\"@type\":\"ImageObject\",\"inLanguage\":\"lv-LV\",\"@id\":\"https:\/\/old.elusvali.ee\/lv\/produkts\/davanu-kaste-ar-vaku-un-logu-l-33x30x8cm\/#primaryimage\",\"url\":\"https:\/\/old.elusvali.ee\/wp-content\/uploads\/2023\/10\/Kinkekarp-L.webp\",\"contentUrl\":\"https:\/\/old.elusvali.ee\/wp-content\/uploads\/2023\/10\/Kinkekarp-L.webp\",\"width\":390,\"height\":390,\"caption\":\"Dovanu dezute\"},{\"@type\":\"BreadcrumbList\",\"@id\":\"https:\/\/old.elusvali.ee\/lv\/produkts\/davanu-kaste-ar-vaku-un-logu-l-33x30x8cm\/#breadcrumb\",\"itemListElement\":[{\"@type\":\"ListItem\",\"position\":1,\"name\":\"Home\",\"item\":\"https:\/\/purenature.lv\/\"},{\"@type\":\"ListItem\",\"position\":2,\"name\":\"E-veikals\",\"item\":\"https:\/\/purenature.lv\/veikals\/\"},{\"@type\":\"ListItem\",\"position\":3,\"name\":\"D\u0101vanu kaste ar v\u0101ku un logu L (33x30x8cm)\"}]},{\"@type\":\"WebSite\",\"@id\":\"https:\/\/old.elusvali.ee\/lv\/#website\",\"url\":\"https:\/\/old.elusvali.ee\/lv\/\",\"name\":\"Elusv\u00e4li\",\"description\":\"Puhas k&ouml;&ouml;k ja koduapteek\",\"publisher\":{\"@id\":\"https:\/\/old.elusvali.ee\/lv\/#organization\"},\"potentialAction\":[{\"@type\":\"SearchAction\",\"target\":{\"@type\":\"EntryPoint\",\"urlTemplate\":\"https:\/\/old.elusvali.ee\/lv\/?s={search_term_string}\"},\"query-input\":{\"@type\":\"PropertyValueSpecification\",\"valueRequired\":true,\"valueName\":\"search_term_string\"}}],\"inLanguage\":\"lv-LV\"},{\"@type\":\"Organization\",\"@id\":\"https:\/\/old.elusvali.ee\/lv\/#organization\",\"name\":\"Elusv\u00e4li\",\"url\":\"https:\/\/old.elusvali.ee\/lv\/\",\"logo\":{\"@type\":\"ImageObject\",\"inLanguage\":\"lv-LV\",\"@id\":\"https:\/\/old.elusvali.ee\/lv\/#\/schema\/logo\/image\/\",\"url\":\"https:\/\/purenature.lt\/wp-content\/uploads\/2023\/07\/logo.png\",\"contentUrl\":\"https:\/\/purenature.lt\/wp-content\/uploads\/2023\/07\/logo.png\",\"width\":526,\"height\":146,\"caption\":\"Elusv\u00e4li\"},\"image\":{\"@id\":\"https:\/\/old.elusvali.ee\/lv\/#\/schema\/logo\/image\/\"},\"sameAs\":[\"https:\/\/www.facebook.com\/profile.php?id=100064131067985\",\"https:\/\/www.instagram.com\/elusvali\/\",\"https:\/\/www.youtube.com\/@elusvali2110\"]}]}<\/script>\n<!-- \/ Yoast SEO plugin. -->","yoast_head_json":{"title":"D\u0101vanu kaste ar v\u0101ku un logu L (33x30x8cm) - Pure Nature","robots":{"index":"noindex","follow":"follow","max-snippet":"max-snippet:-1","max-image-preview":"max-image-preview:large","max-video-preview":"max-video-preview:-1"},"og_locale":"lv_LV","og_type":"article","og_title":"D\u0101vanu kaste ar v\u0101ku un logu L (33x30x8cm) - Pure Nature","og_description":"Kastes izm\u0113ri ir 33 cm x 30 cm x 8 cm. D\u0101vanu kaste ir iesai\u0146ota atsevi\u0161\u0137\u0101 s\u016bt\u012bjum\u0101, t\u0101p\u0113c t\u0101 tiek nog\u0101d\u0101ta neskarta un t\u012bra. Ja v\u0113laties, d\u0101vanu kastei varam pievienot ar\u012b koka vilnu. Uz\u0146\u0113muma d\u0101vanas, Ziemassv\u0113tku d\u0101vanas, dzim\u0161anas dienas d\u0101vanas vai d\u0101vanas cit\u0101s \u012bpa\u0161\u0101s dien\u0101s un notikumos. Salieciet vesel\u012bgu d\u0101vanu komplektu pats.","og_url":"https:\/\/old.elusvali.ee\/lv\/produkts\/davanu-kaste-ar-vaku-un-logu-l-33x30x8cm\/","og_site_name":"Elusv&auml;li","article_publisher":"https:\/\/www.facebook.com\/profile.php?id=100064131067985","article_modified_time":"2025-03-28T11:58:23+00:00","og_image":[{"width":390,"height":390,"url":"https:\/\/old.elusvali.ee\/wp-content\/uploads\/2023\/10\/Kinkekarp-L.webp","type":"image\/webp"}],"twitter_card":"summary_large_image","schema":{"@context":"https:\/\/schema.org","@graph":[{"@type":"WebPage","@id":"https:\/\/old.elusvali.ee\/lv\/produkts\/davanu-kaste-ar-vaku-un-logu-l-33x30x8cm\/","url":"https:\/\/old.elusvali.ee\/lv\/produkts\/davanu-kaste-ar-vaku-un-logu-l-33x30x8cm\/","name":"D\u0101vanu kaste ar v\u0101ku un logu L (33x30x8cm) - Pure Nature","isPartOf":{"@id":"https:\/\/old.elusvali.ee\/lv\/#website"},"primaryImageOfPage":{"@id":"https:\/\/old.elusvali.ee\/lv\/produkts\/davanu-kaste-ar-vaku-un-logu-l-33x30x8cm\/#primaryimage"},"image":{"@id":"https:\/\/old.elusvali.ee\/lv\/produkts\/davanu-kaste-ar-vaku-un-logu-l-33x30x8cm\/#primaryimage"},"thumbnailUrl":"https:\/\/old.elusvali.ee\/wp-content\/uploads\/2023\/10\/Kinkekarp-L.webp","datePublished":"2023-10-24T07:46:19+00:00","dateModified":"2025-03-28T11:58:23+00:00","breadcrumb":{"@id":"https:\/\/old.elusvali.ee\/lv\/produkts\/davanu-kaste-ar-vaku-un-logu-l-33x30x8cm\/#breadcrumb"},"inLanguage":"lv-LV","potentialAction":[{"@type":"ReadAction","target":["https:\/\/old.elusvali.ee\/lv\/produkts\/davanu-kaste-ar-vaku-un-logu-l-33x30x8cm\/"]}]},{"@type":"ImageObject","inLanguage":"lv-LV","@id":"https:\/\/old.elusvali.ee\/lv\/produkts\/davanu-kaste-ar-vaku-un-logu-l-33x30x8cm\/#primaryimage","url":"https:\/\/old.elusvali.ee\/wp-content\/uploads\/2023\/10\/Kinkekarp-L.webp","contentUrl":"https:\/\/old.elusvali.ee\/wp-content\/uploads\/2023\/10\/Kinkekarp-L.webp","width":390,"height":390,"caption":"Dovanu dezute"},{"@type":"BreadcrumbList","@id":"https:\/\/old.elusvali.ee\/lv\/produkts\/davanu-kaste-ar-vaku-un-logu-l-33x30x8cm\/#breadcrumb","itemListElement":[{"@type":"ListItem","position":1,"name":"Home","item":"https:\/\/purenature.lv\/"},{"@type":"ListItem","position":2,"name":"E-veikals","item":"https:\/\/purenature.lv\/veikals\/"},{"@type":"ListItem","position":3,"name":"D\u0101vanu kaste ar v\u0101ku un logu L (33x30x8cm)"}]},{"@type":"WebSite","@id":"https:\/\/old.elusvali.ee\/lv\/#website","url":"https:\/\/old.elusvali.ee\/lv\/","name":"Elusv\u00e4li","description":"Puhas k&ouml;&ouml;k ja koduapteek","publisher":{"@id":"https:\/\/old.elusvali.ee\/lv\/#organization"},"potentialAction":[{"@type":"SearchAction","target":{"@type":"EntryPoint","urlTemplate":"https:\/\/old.elusvali.ee\/lv\/?s={search_term_string}"},"query-input":{"@type":"PropertyValueSpecification","valueRequired":true,"valueName":"search_term_string"}}],"inLanguage":"lv-LV"},{"@type":"Organization","@id":"https:\/\/old.elusvali.ee\/lv\/#organization","name":"Elusv\u00e4li","url":"https:\/\/old.elusvali.ee\/lv\/","logo":{"@type":"ImageObject","inLanguage":"lv-LV","@id":"https:\/\/old.elusvali.ee\/lv\/#\/schema\/logo\/image\/","url":"https:\/\/purenature.lt\/wp-content\/uploads\/2023\/07\/logo.png","contentUrl":"https:\/\/purenature.lt\/wp-content\/uploads\/2023\/07\/logo.png","width":526,"height":146,"caption":"Elusv\u00e4li"},"image":{"@id":"https:\/\/old.elusvali.ee\/lv\/#\/schema\/logo\/image\/"},"sameAs":["https:\/\/www.facebook.com\/profile.php?id=100064131067985","https:\/\/www.instagram.com\/elusvali\/","https:\/\/www.youtube.com\/@elusvali2110"]}]}},"_links":{"self":[{"href":"https:\/\/old.elusvali.ee\/lv\/wp-json\/wp\/v2\/product\/36180","targetHints":{"allow":["GET"]}}],"collection":[{"href":"https:\/\/old.elusvali.ee\/lv\/wp-json\/wp\/v2\/product"}],"about":[{"href":"https:\/\/old.elusvali.ee\/lv\/wp-json\/wp\/v2\/types\/product"}],"replies":[{"embeddable":true,"href":"https:\/\/old.elusvali.ee\/lv\/wp-json\/wp\/v2\/comments?post=36180"}],"version-history":[{"count":1,"href":"https:\/\/old.elusvali.ee\/lv\/wp-json\/wp\/v2\/product\/36180\/revisions"}],"predecessor-version":[{"id":63858,"href":"https:\/\/old.elusvali.ee\/lv\/wp-json\/wp\/v2\/product\/36180\/revisions\/63858"}],"wp:featuredmedia":[{"embeddable":true,"href":"https:\/\/old.elusvali.ee\/lv\/wp-json\/wp\/v2\/media\/35214"}],"wp:attachment":[{"href":"https:\/\/old.elusvali.ee\/lv\/wp-json\/wp\/v2\/media?parent=36180"}],"wp:term":[{"taxonomy":"product_brand","embeddable":true,"href":"https:\/\/old.elusvali.ee\/lv\/wp-json\/wp\/v2\/product_brand?post=36180"},{"taxonomy":"product_cat","embeddable":true,"href":"https:\/\/old.elusvali.ee\/lv\/wp-json\/wp\/v2\/product_cat?post=36180"},{"taxonomy":"product_tag","embeddable":true,"href":"https:\/\/old.elusvali.ee\/lv\/wp-json\/wp\/v2\/product_tag?post=36180"}],"curies":[{"name":"wp","href":"https:\/\/api.w.org\/{rel}","templated":true}]}}