{"id":36171,"date":"2023-10-24T11:59:49","date_gmt":"2023-10-24T08:59:49","guid":{"rendered":"https:\/\/old.elusvali.ee\/product\/davanu-kaste-ar-vaku-un-logu-m-33x20x10cm\/"},"modified":"2025-03-28T13:54:38","modified_gmt":"2025-03-28T11:54:38","slug":"davanu-kaste-ar-vaku-un-logu-m-33x20x10cm","status":"publish","type":"product","link":"https:\/\/old.elusvali.ee\/lv\/produkts\/davanu-kaste-ar-vaku-un-logu-m-33x20x10cm\/","title":{"rendered":"D\u0101vanu kaste ar v\u0101ku un logu M (33x20x10cm)"},"content":{"rendered":"<p>Kasti ir viegli salikt.<br \/>\nKastes izm\u0113ri ir 33 cm x 20 cm x 10 cm.<\/p>\n<p>D\u0101vanu kasti iesai\u0146ojam atsevi\u0161\u0137i v\u0113l liel\u0101k\u0101 kast\u0113 &#8211; t\u0101 non\u0101ks pie jums <strong>neskarta <\/strong>un <strong>t\u012bra<\/strong>.<br \/>\nJa v\u0113laties, d\u0101vanu kasti varam piepild\u012bt ar\u012b ar koka vati.<\/p>\n<p>Kast\u0113 var ievietot, piem\u0113ram, 2-3 t\u0113jas paci\u0146as un 1 k\u013cavu s\u012brupa\/meda, 4-5 uztura bag\u0101tin\u0101t\u0101jus vai 3-4 gar\u0161vielu burci\u0146as.<\/p>\n","protected":false},"excerpt":{"rendered":"<p>Kasti ir viegli salikt.<br \/>\nKastes izm\u0113ri ir 33 cm x 20 cm x 10 cm.<br \/>\nPiem\u0113ram, kast\u0113 var ievietot 2 t\u0113jas paci\u0146as un 1 k\u013cavu s\u012brupu\/medu, 4-5 uztura bag\u0101tin\u0101t\u0101jus vai 3-4 gar\u0161vielu burci\u0146as.<\/p>\n<p>Uz\u0146\u0113muma d\u0101vanas, Ziemassv\u0113tku d\u0101vanas, dzim\u0161anas dienas d\u0101vanas vai d\u0101vanas cit\u0101s \u012bpa\u0161\u0101s dien\u0101s un notikumos<br \/>\nSalieciet vesel\u012bgu d\u0101vanu komplektu pats.<\/p>\n","protected":false},"featured_media":35212,"comment_status":"open","ping_status":"closed","template":"","meta":{"_acf_changed":false},"product_brand":[],"product_cat":[465],"product_tag":[],"class_list":{"0":"post-36171","1":"product","2":"type-product","3":"status-publish","4":"has-post-thumbnail","6":"product_cat-davanai","8":"first","9":"instock","10":"taxable","11":"shipping-taxable","12":"purchasable","13":"product-type-simple"},"acf":[],"yoast_head":"<!-- This site is optimized with the Yoast SEO plugin v25.3.1 - https:\/\/yoast.com\/wordpress\/plugins\/seo\/ -->\n<title>D\u0101vanu kaste ar v\u0101ku un logu M (33x20x10cm) - Pure Nature<\/title>\n<meta name=\"robots\" content=\"noindex, follow, max-snippet:-1, max-image-preview:large, max-video-preview:-1\" \/>\n<meta property=\"og:locale\" content=\"lv_LV\" \/>\n<meta property=\"og:type\" content=\"article\" \/>\n<meta property=\"og:title\" content=\"D\u0101vanu kaste ar v\u0101ku un logu M (33x20x10cm) - Pure Nature\" \/>\n<meta property=\"og:description\" content=\"Kasti ir viegli salikt. Kastes izm\u0113ri ir 33 cm x 20 cm x 10 cm. Piem\u0113ram, kast\u0113 var ievietot 2 t\u0113jas paci\u0146as un 1 k\u013cavu s\u012brupu\/medu, 4-5 uztura bag\u0101tin\u0101t\u0101jus vai 3-4 gar\u0161vielu burci\u0146as. Uz\u0146\u0113muma d\u0101vanas, Ziemassv\u0113tku d\u0101vanas, dzim\u0161anas dienas d\u0101vanas vai d\u0101vanas cit\u0101s \u012bpa\u0161\u0101s dien\u0101s un notikumos Salieciet vesel\u012bgu d\u0101vanu komplektu pats.\" \/>\n<meta property=\"og:url\" content=\"https:\/\/old.elusvali.ee\/lv\/produkts\/davanu-kaste-ar-vaku-un-logu-m-33x20x10cm\/\" \/>\n<meta property=\"og:site_name\" content=\"Elusv&auml;li\" \/>\n<meta property=\"article:publisher\" content=\"https:\/\/www.facebook.com\/profile.php?id=100064131067985\" \/>\n<meta property=\"article:modified_time\" content=\"2025-03-28T11:54:38+00:00\" \/>\n<meta property=\"og:image\" content=\"https:\/\/old.elusvali.ee\/wp-content\/uploads\/2023\/10\/Kinkekarp_M-s.webp\" \/>\n\t<meta property=\"og:image:width\" content=\"560\" \/>\n\t<meta property=\"og:image:height\" content=\"560\" \/>\n\t<meta property=\"og:image:type\" content=\"image\/webp\" \/>\n<meta name=\"twitter:card\" content=\"summary_large_image\" \/>\n<script type=\"application\/ld+json\" class=\"yoast-schema-graph\">{\"@context\":\"https:\/\/schema.org\",\"@graph\":[{\"@type\":\"WebPage\",\"@id\":\"https:\/\/old.elusvali.ee\/lv\/produkts\/davanu-kaste-ar-vaku-un-logu-m-33x20x10cm\/\",\"url\":\"https:\/\/old.elusvali.ee\/lv\/produkts\/davanu-kaste-ar-vaku-un-logu-m-33x20x10cm\/\",\"name\":\"D\u0101vanu kaste ar v\u0101ku un logu M (33x20x10cm) - Pure Nature\",\"isPartOf\":{\"@id\":\"https:\/\/old.elusvali.ee\/lv\/#website\"},\"primaryImageOfPage\":{\"@id\":\"https:\/\/old.elusvali.ee\/lv\/produkts\/davanu-kaste-ar-vaku-un-logu-m-33x20x10cm\/#primaryimage\"},\"image\":{\"@id\":\"https:\/\/old.elusvali.ee\/lv\/produkts\/davanu-kaste-ar-vaku-un-logu-m-33x20x10cm\/#primaryimage\"},\"thumbnailUrl\":\"https:\/\/old.elusvali.ee\/wp-content\/uploads\/2023\/10\/Kinkekarp_M-s.webp\",\"datePublished\":\"2023-10-24T08:59:49+00:00\",\"dateModified\":\"2025-03-28T11:54:38+00:00\",\"breadcrumb\":{\"@id\":\"https:\/\/old.elusvali.ee\/lv\/produkts\/davanu-kaste-ar-vaku-un-logu-m-33x20x10cm\/#breadcrumb\"},\"inLanguage\":\"lv-LV\",\"potentialAction\":[{\"@type\":\"ReadAction\",\"target\":[\"https:\/\/old.elusvali.ee\/lv\/produkts\/davanu-kaste-ar-vaku-un-logu-m-33x20x10cm\/\"]}]},{\"@type\":\"ImageObject\",\"inLanguage\":\"lv-LV\",\"@id\":\"https:\/\/old.elusvali.ee\/lv\/produkts\/davanu-kaste-ar-vaku-un-logu-m-33x20x10cm\/#primaryimage\",\"url\":\"https:\/\/old.elusvali.ee\/wp-content\/uploads\/2023\/10\/Kinkekarp_M-s.webp\",\"contentUrl\":\"https:\/\/old.elusvali.ee\/wp-content\/uploads\/2023\/10\/Kinkekarp_M-s.webp\",\"width\":560,\"height\":560,\"caption\":\"Dovanu dezute\"},{\"@type\":\"BreadcrumbList\",\"@id\":\"https:\/\/old.elusvali.ee\/lv\/produkts\/davanu-kaste-ar-vaku-un-logu-m-33x20x10cm\/#breadcrumb\",\"itemListElement\":[{\"@type\":\"ListItem\",\"position\":1,\"name\":\"Home\",\"item\":\"https:\/\/purenature.lv\/\"},{\"@type\":\"ListItem\",\"position\":2,\"name\":\"E-veikals\",\"item\":\"https:\/\/purenature.lv\/veikals\/\"},{\"@type\":\"ListItem\",\"position\":3,\"name\":\"D\u0101vanu kaste ar v\u0101ku un logu M (33x20x10cm)\"}]},{\"@type\":\"WebSite\",\"@id\":\"https:\/\/old.elusvali.ee\/lv\/#website\",\"url\":\"https:\/\/old.elusvali.ee\/lv\/\",\"name\":\"Elusv\u00e4li\",\"description\":\"Puhas k&ouml;&ouml;k ja koduapteek\",\"publisher\":{\"@id\":\"https:\/\/old.elusvali.ee\/lv\/#organization\"},\"potentialAction\":[{\"@type\":\"SearchAction\",\"target\":{\"@type\":\"EntryPoint\",\"urlTemplate\":\"https:\/\/old.elusvali.ee\/lv\/?s={search_term_string}\"},\"query-input\":{\"@type\":\"PropertyValueSpecification\",\"valueRequired\":true,\"valueName\":\"search_term_string\"}}],\"inLanguage\":\"lv-LV\"},{\"@type\":\"Organization\",\"@id\":\"https:\/\/old.elusvali.ee\/lv\/#organization\",\"name\":\"Elusv\u00e4li\",\"url\":\"https:\/\/old.elusvali.ee\/lv\/\",\"logo\":{\"@type\":\"ImageObject\",\"inLanguage\":\"lv-LV\",\"@id\":\"https:\/\/old.elusvali.ee\/lv\/#\/schema\/logo\/image\/\",\"url\":\"https:\/\/purenature.lt\/wp-content\/uploads\/2023\/07\/logo.png\",\"contentUrl\":\"https:\/\/purenature.lt\/wp-content\/uploads\/2023\/07\/logo.png\",\"width\":526,\"height\":146,\"caption\":\"Elusv\u00e4li\"},\"image\":{\"@id\":\"https:\/\/old.elusvali.ee\/lv\/#\/schema\/logo\/image\/\"},\"sameAs\":[\"https:\/\/www.facebook.com\/profile.php?id=100064131067985\",\"https:\/\/www.instagram.com\/elusvali\/\",\"https:\/\/www.youtube.com\/@elusvali2110\"]}]}<\/script>\n<!-- \/ Yoast SEO plugin. -->","yoast_head_json":{"title":"D\u0101vanu kaste ar v\u0101ku un logu M (33x20x10cm) - Pure Nature","robots":{"index":"noindex","follow":"follow","max-snippet":"max-snippet:-1","max-image-preview":"max-image-preview:large","max-video-preview":"max-video-preview:-1"},"og_locale":"lv_LV","og_type":"article","og_title":"D\u0101vanu kaste ar v\u0101ku un logu M (33x20x10cm) - Pure Nature","og_description":"Kasti ir viegli salikt. Kastes izm\u0113ri ir 33 cm x 20 cm x 10 cm. Piem\u0113ram, kast\u0113 var ievietot 2 t\u0113jas paci\u0146as un 1 k\u013cavu s\u012brupu\/medu, 4-5 uztura bag\u0101tin\u0101t\u0101jus vai 3-4 gar\u0161vielu burci\u0146as. Uz\u0146\u0113muma d\u0101vanas, Ziemassv\u0113tku d\u0101vanas, dzim\u0161anas dienas d\u0101vanas vai d\u0101vanas cit\u0101s \u012bpa\u0161\u0101s dien\u0101s un notikumos Salieciet vesel\u012bgu d\u0101vanu komplektu pats.","og_url":"https:\/\/old.elusvali.ee\/lv\/produkts\/davanu-kaste-ar-vaku-un-logu-m-33x20x10cm\/","og_site_name":"Elusv&auml;li","article_publisher":"https:\/\/www.facebook.com\/profile.php?id=100064131067985","article_modified_time":"2025-03-28T11:54:38+00:00","og_image":[{"width":560,"height":560,"url":"https:\/\/old.elusvali.ee\/wp-content\/uploads\/2023\/10\/Kinkekarp_M-s.webp","type":"image\/webp"}],"twitter_card":"summary_large_image","schema":{"@context":"https:\/\/schema.org","@graph":[{"@type":"WebPage","@id":"https:\/\/old.elusvali.ee\/lv\/produkts\/davanu-kaste-ar-vaku-un-logu-m-33x20x10cm\/","url":"https:\/\/old.elusvali.ee\/lv\/produkts\/davanu-kaste-ar-vaku-un-logu-m-33x20x10cm\/","name":"D\u0101vanu kaste ar v\u0101ku un logu M (33x20x10cm) - Pure Nature","isPartOf":{"@id":"https:\/\/old.elusvali.ee\/lv\/#website"},"primaryImageOfPage":{"@id":"https:\/\/old.elusvali.ee\/lv\/produkts\/davanu-kaste-ar-vaku-un-logu-m-33x20x10cm\/#primaryimage"},"image":{"@id":"https:\/\/old.elusvali.ee\/lv\/produkts\/davanu-kaste-ar-vaku-un-logu-m-33x20x10cm\/#primaryimage"},"thumbnailUrl":"https:\/\/old.elusvali.ee\/wp-content\/uploads\/2023\/10\/Kinkekarp_M-s.webp","datePublished":"2023-10-24T08:59:49+00:00","dateModified":"2025-03-28T11:54:38+00:00","breadcrumb":{"@id":"https:\/\/old.elusvali.ee\/lv\/produkts\/davanu-kaste-ar-vaku-un-logu-m-33x20x10cm\/#breadcrumb"},"inLanguage":"lv-LV","potentialAction":[{"@type":"ReadAction","target":["https:\/\/old.elusvali.ee\/lv\/produkts\/davanu-kaste-ar-vaku-un-logu-m-33x20x10cm\/"]}]},{"@type":"ImageObject","inLanguage":"lv-LV","@id":"https:\/\/old.elusvali.ee\/lv\/produkts\/davanu-kaste-ar-vaku-un-logu-m-33x20x10cm\/#primaryimage","url":"https:\/\/old.elusvali.ee\/wp-content\/uploads\/2023\/10\/Kinkekarp_M-s.webp","contentUrl":"https:\/\/old.elusvali.ee\/wp-content\/uploads\/2023\/10\/Kinkekarp_M-s.webp","width":560,"height":560,"caption":"Dovanu dezute"},{"@type":"BreadcrumbList","@id":"https:\/\/old.elusvali.ee\/lv\/produkts\/davanu-kaste-ar-vaku-un-logu-m-33x20x10cm\/#breadcrumb","itemListElement":[{"@type":"ListItem","position":1,"name":"Home","item":"https:\/\/purenature.lv\/"},{"@type":"ListItem","position":2,"name":"E-veikals","item":"https:\/\/purenature.lv\/veikals\/"},{"@type":"ListItem","position":3,"name":"D\u0101vanu kaste ar v\u0101ku un logu M (33x20x10cm)"}]},{"@type":"WebSite","@id":"https:\/\/old.elusvali.ee\/lv\/#website","url":"https:\/\/old.elusvali.ee\/lv\/","name":"Elusv\u00e4li","description":"Puhas k&ouml;&ouml;k ja koduapteek","publisher":{"@id":"https:\/\/old.elusvali.ee\/lv\/#organization"},"potentialAction":[{"@type":"SearchAction","target":{"@type":"EntryPoint","urlTemplate":"https:\/\/old.elusvali.ee\/lv\/?s={search_term_string}"},"query-input":{"@type":"PropertyValueSpecification","valueRequired":true,"valueName":"search_term_string"}}],"inLanguage":"lv-LV"},{"@type":"Organization","@id":"https:\/\/old.elusvali.ee\/lv\/#organization","name":"Elusv\u00e4li","url":"https:\/\/old.elusvali.ee\/lv\/","logo":{"@type":"ImageObject","inLanguage":"lv-LV","@id":"https:\/\/old.elusvali.ee\/lv\/#\/schema\/logo\/image\/","url":"https:\/\/purenature.lt\/wp-content\/uploads\/2023\/07\/logo.png","contentUrl":"https:\/\/purenature.lt\/wp-content\/uploads\/2023\/07\/logo.png","width":526,"height":146,"caption":"Elusv\u00e4li"},"image":{"@id":"https:\/\/old.elusvali.ee\/lv\/#\/schema\/logo\/image\/"},"sameAs":["https:\/\/www.facebook.com\/profile.php?id=100064131067985","https:\/\/www.instagram.com\/elusvali\/","https:\/\/www.youtube.com\/@elusvali2110"]}]}},"_links":{"self":[{"href":"https:\/\/old.elusvali.ee\/lv\/wp-json\/wp\/v2\/product\/36171","targetHints":{"allow":["GET"]}}],"collection":[{"href":"https:\/\/old.elusvali.ee\/lv\/wp-json\/wp\/v2\/product"}],"about":[{"href":"https:\/\/old.elusvali.ee\/lv\/wp-json\/wp\/v2\/types\/product"}],"replies":[{"embeddable":true,"href":"https:\/\/old.elusvali.ee\/lv\/wp-json\/wp\/v2\/comments?post=36171"}],"version-history":[{"count":1,"href":"https:\/\/old.elusvali.ee\/lv\/wp-json\/wp\/v2\/product\/36171\/revisions"}],"predecessor-version":[{"id":63857,"href":"https:\/\/old.elusvali.ee\/lv\/wp-json\/wp\/v2\/product\/36171\/revisions\/63857"}],"wp:featuredmedia":[{"embeddable":true,"href":"https:\/\/old.elusvali.ee\/lv\/wp-json\/wp\/v2\/media\/35212"}],"wp:attachment":[{"href":"https:\/\/old.elusvali.ee\/lv\/wp-json\/wp\/v2\/media?parent=36171"}],"wp:term":[{"taxonomy":"product_brand","embeddable":true,"href":"https:\/\/old.elusvali.ee\/lv\/wp-json\/wp\/v2\/product_brand?post=36171"},{"taxonomy":"product_cat","embeddable":true,"href":"https:\/\/old.elusvali.ee\/lv\/wp-json\/wp\/v2\/product_cat?post=36171"},{"taxonomy":"product_tag","embeddable":true,"href":"https:\/\/old.elusvali.ee\/lv\/wp-json\/wp\/v2\/product_tag?post=36171"}],"curies":[{"name":"wp","href":"https:\/\/api.w.org\/{rel}","templated":true}]}}