{"id":36022,"date":"2020-10-17T04:39:44","date_gmt":"2020-10-17T01:39:44","guid":{"rendered":"https:\/\/old.elusvali.ee\/product\/vimergy-vegan-oomega-3-epa-dha-90-kapsulas\/"},"modified":"2025-06-25T15:09:14","modified_gmt":"2025-06-25T12:09:14","slug":"vimergy-vegan-oomega-3-epa-dha-90-kapsulas","status":"publish","type":"product","link":"https:\/\/old.elusvali.ee\/lv\/produkts\/vimergy-vegan-oomega-3-epa-dha-90-kapsulas\/","title":{"rendered":"Vimergy Vegan Omega-3 (EPA DHA) &#8211; 90 kapsulas"},"content":{"rendered":"<h1>Omega 3 kapsulas no a\u013c\u0123\u0113m<\/h1>\n<p>Omega 3 kapsulas bez zivju e\u013c\u013cas. K\u0101p\u0113c ir svar\u012bgi izv\u0113l\u0113ties augu izcelsmes omega 3 kapsulas? Liel\u0101 j\u016bras pies\u0101r\u0146ojuma d\u0113\u013c zivis un citi j\u016bras dz\u012bvnieki ir pies\u0101r\u0146oti ar da\u017e\u0101diem toks\u012bniem. \u0160ie toks\u012bni (smagie met\u0101li, plastmasas atliekas, indes) bie\u017ei non\u0101k omega 3 kapsul\u0101s, kuru pamat\u0101 ir zivju e\u013c\u013ca. Pies\u0101r\u0146ojuma risks ir daudzk\u0101rt maz\u0101ks, lietojot omega 3 kapsulas, kuru pamat\u0101 ir a\u013c\u0123u e\u013c\u013ca.<\/p>\n<p>Turkl\u0101t gan omega 3 (EPA DHA), gan visi p\u0101r\u0113jie Vimergy produkti un partijas ir tr\u012bsk\u0101rt p\u0101rbaud\u012btas objekt\u012bv\u0101 laboratorij\u0101, lai nodro\u0161in\u0101tu vislab\u0101ko produktu kvalit\u0101ti.<\/p>\n<p>Ja j\u016bs mekl\u0113jat augstas kvalit\u0101tes EPA\/DHA bez ziv\u012bm, \u0161eit tas ir! Vimergy Vegan EPA\/DHA satur 163 mg EPA (eikozapenta\u0113nsk\u0101bes), 326 mg DHA (dokozaheksa\u0113nsk\u0101bes), k\u0101 ar\u012b lielu daudzumu antioksidanta E vitam\u012bna. Nav j\u0101uztraucas par to, vai sa\u0146emat pietiekami daudz omega 3 tauksk\u0101bju &#8211; vienk\u0101r\u0161i iedzeriet da\u017eas kapsulas un turpiniet ies\u0101kto dienu.<\/p>\n<h4><img fetchpriority=\"high\" decoding=\"async\" class=\"alignleft size-medium wp-image-43979\" style=\"margin-bottom: 0px;\" src=\"https:\/\/purenature.lv\/wp-content\/uploads\/2020\/10\/vegan-epa-dha-vimergy-supplements-vitamins-36312841650346-300x300.jpg\" alt=\"\" width=\"300\" height=\"300\" srcset=\"https:\/\/old.elusvali.ee\/wp-content\/uploads\/2020\/10\/vegan-epa-dha-vimergy-supplements-vitamins-36312841650346-300x300.jpg 300w, https:\/\/old.elusvali.ee\/wp-content\/uploads\/2020\/10\/vegan-epa-dha-vimergy-supplements-vitamins-36312841650346-150x150.jpg 150w, https:\/\/old.elusvali.ee\/wp-content\/uploads\/2020\/10\/vegan-epa-dha-vimergy-supplements-vitamins-36312841650346-768x768.jpg 768w, https:\/\/old.elusvali.ee\/wp-content\/uploads\/2020\/10\/vegan-epa-dha-vimergy-supplements-vitamins-36312841650346-430x430.jpg 430w, https:\/\/old.elusvali.ee\/wp-content\/uploads\/2020\/10\/vegan-epa-dha-vimergy-supplements-vitamins-36312841650346-700x700.jpg 700w, https:\/\/old.elusvali.ee\/wp-content\/uploads\/2020\/10\/vegan-epa-dha-vimergy-supplements-vitamins-36312841650346.jpg 800w\" sizes=\"(max-width: 300px) 100vw, 300px\" \/>Bez ziv\u012bm, bez glut\u0113na, bez dab\u012bg\u0101m un m\u0101ksl\u012bg\u0101m gar\u0161viel\u0101m, bez karagin\u0101na, bez citronsk\u0101bes, bez \u017eelat\u012bna.<\/h4>\n<ul>\n<li>Ieguvumi sirds un asinsvadu vesel\u012bbai<\/li>\n<li>Veicina vesel\u012bgu \u0161\u016bnu komunik\u0101ciju smadzen\u0113s un uzlabo kognit\u012bv\u0101s funkcijas.<\/li>\n<li>Atbalsta loc\u012btavu vesel\u012bbu<\/li>\n<li>Veicina acu vesel\u012bbu<\/li>\n<li>Svar\u012bgu \u0161\u016bnu strukt\u016bru neat\u0146emama sast\u0101vda\u013ca<\/li>\n<\/ul>\n<p>&nbsp;<\/p>\n<p><em>* Apgalvojumi \u0146emti no Vimergy t\u012bmek\u013ca vietnes.<\/em><\/p>\n<h2>K\u0101 lietot omega-3 kapsulas?<\/h2>\n<ul>\n<li><strong>Lieto\u0161ana<\/strong>: lietojiet 3 kapsulas dien\u0101, uzdzerot \u016bdeni. 90 porcijas vien\u0101 burci\u0146\u0101.<\/li>\n<li><strong>Uzglab\u0101\u0161ana: <\/strong>Glab\u0101t v\u0113s\u0101, tum\u0161\u0101 viet\u0101.<br \/><em>Piem\u0113ram, aizsl\u0113gt\u0101 virtuves skap\u012b b\u0113rniem nepieejam\u0101 viet\u0101. Uzglab\u0101t sausum\u0101.<\/em><\/li>\n<li><strong>Kontrindik\u0101cijas<\/strong>: Nelietot k\u0101 pilnv\u0113rt\u012bga un sabalans\u0113ta uztura aizst\u0101j\u0113ju. Gr\u016btniec\u012bbas, z\u012bd\u012b\u0161anas, medikamentu lieto\u0161anas vai vesel\u012bbas probl\u0113mu gad\u012bjum\u0101 pirms lieto\u0161anas konsult\u0113jieties ar \u0101rstu.<\/li>\n<\/ul>\n<p>Skat\u012bt ar\u012b <a href=\"https:\/\/purenature.lv\/3-biezakas-kludas-kuras-partikas-piedevas-tiek-lietotas-kad-tas-tiek-lietotas\/?_gl=1*1htr1de*_gcl_au*NDI3MzQxODMyLjE3MzQwMDk4MTU.*_ga*NzE0MDY5OTMxLjE3MzQwMDk4MTU.*_ga_G9DKBME5C1*MTczNDU0NjkxNS41LjEuMTczNDU0NzkxMS4wLjAuMA..\">3 bie\u017e\u0101k pie\u013caut\u0101s k\u013c\u016bdas, lietojot uztura bag\u0101tin\u0101t\u0101jus<\/a><\/p>\n<p><a href=\"https:\/\/vimergy.com\/\">Vimergy<\/a> ir paz\u012bstams k\u0101 viens no pasaul\u0113 augst\u0101k\u0101s kvalit\u0101tes ASV biolo\u0123isko uztura bag\u0101tin\u0101t\u0101ju z\u012bmoliem.<br \/>\nVisi Vimergy produkti ir ekolo\u0123iski t\u012bri, nesatur alkoholu un ir piem\u0113roti veg\u0101niem. Turkl\u0101t neviens no m\u016bsu uztura bag\u0101tin\u0101t\u0101jiem nesatur citronsk\u0101bi, pildvielas vai m\u0101ksl\u012bg\u0101s piedevas.<\/p>\n<p><img decoding=\"async\" class=\"aligncenter wp-image-43983 size-large\" src=\"https:\/\/purenature.lv\/wp-content\/uploads\/2020\/10\/Vegan_EPA_DHA_How_To_Desktop-1300x679.png\" alt=\"\" width=\"1300\" height=\"679\" srcset=\"https:\/\/old.elusvali.ee\/wp-content\/uploads\/2020\/10\/Vegan_EPA_DHA_How_To_Desktop-1300x679.png 1300w, https:\/\/old.elusvali.ee\/wp-content\/uploads\/2020\/10\/Vegan_EPA_DHA_How_To_Desktop-400x209.png 400w, https:\/\/old.elusvali.ee\/wp-content\/uploads\/2020\/10\/Vegan_EPA_DHA_How_To_Desktop-768x401.png 768w, https:\/\/old.elusvali.ee\/wp-content\/uploads\/2020\/10\/Vegan_EPA_DHA_How_To_Desktop-1536x803.png 1536w, https:\/\/old.elusvali.ee\/wp-content\/uploads\/2020\/10\/Vegan_EPA_DHA_How_To_Desktop-430x225.png 430w, https:\/\/old.elusvali.ee\/wp-content\/uploads\/2020\/10\/Vegan_EPA_DHA_How_To_Desktop-700x366.png 700w, https:\/\/old.elusvali.ee\/wp-content\/uploads\/2020\/10\/Vegan_EPA_DHA_How_To_Desktop-150x78.png 150w, https:\/\/old.elusvali.ee\/wp-content\/uploads\/2020\/10\/Vegan_EPA_DHA_How_To_Desktop.png 2000w\" sizes=\"(max-width: 1300px) 100vw, 1300px\" \/><\/p>\n","protected":false},"excerpt":{"rendered":"<p>Vai esat dzird\u0113ju\u0161i par omega-3 tauksk\u0101bju noz\u012bmi? Izv\u0113loties omega-3 uztura bag\u0101tin\u0101t\u0101ju, jums j\u0101zina, ka kvalit\u0101te un produkta izcelsme ir \u0101rk\u0101rt\u012bgi svar\u012bga. Vimergy veg\u0101ns EPA\/DHA ir uz a\u013c\u0123u (nevis zivju) b\u0101zes veidots uztura bag\u0101tin\u0101t\u0101js, kas veicina smadze\u0146u, acu, sirds un asinsvadu vesel\u012bbu. Turkl\u0101t taj\u0101 nav karagin\u0101na, citronsk\u0101bes un m\u0101ksl\u012bgo aromatiz\u0113t\u0101ju, kas bie\u017ei sastopami citu z\u012bmolu produktos.<\/p>\n","protected":false},"featured_media":32425,"comment_status":"open","ping_status":"closed","template":"","meta":{"_acf_changed":false},"product_brand":[],"product_cat":[404,402,408,696],"product_tag":[406,405],"class_list":{"0":"post-36022","1":"product","2":"type-product","3":"status-publish","4":"has-post-thumbnail","6":"product_cat-acis-un-locitavas","7":"product_cat-partikas-piedevas","8":"product_cat-smadzenu-veseliba","9":"product_cat-vimergy-lt-lv","10":"product_tag-kapsulas","11":"product_tag-vimergy-lv","13":"first","14":"instock","15":"taxable","16":"shipping-taxable","17":"purchasable","18":"product-type-simple"},"acf":[],"yoast_head":"<!-- This site is optimized with the Yoast SEO plugin v25.3.1 - https:\/\/yoast.com\/wordpress\/plugins\/seo\/ -->\n<title>Vimergy Vegan Omega-3 (EPA DHA) - 90 kapsulas - Pure Nature<\/title>\n<meta name=\"description\" content=\"Vimergy veg\u0101ns EPA\/DHA ir uz a\u013c\u0123u b\u0101zes (nevis zivju e\u013c\u013cas) veidots uztura bag\u0101tin\u0101t\u0101js, kas veicina smadze\u0146u, acu un sirds un asinsvadu vesel\u012bbu.\" \/>\n<meta name=\"robots\" content=\"noindex, follow, max-snippet:-1, max-image-preview:large, max-video-preview:-1\" \/>\n<meta property=\"og:locale\" content=\"lv_LV\" \/>\n<meta property=\"og:type\" content=\"article\" \/>\n<meta property=\"og:title\" content=\"Vimergy Vegan Omega-3 (EPA DHA) - 90 kapsulas - Pure Nature\" \/>\n<meta property=\"og:description\" content=\"Vimergy veg\u0101ns EPA\/DHA ir uz a\u013c\u0123u b\u0101zes (nevis zivju e\u013c\u013cas) veidots uztura bag\u0101tin\u0101t\u0101js, kas veicina smadze\u0146u, acu un sirds un asinsvadu vesel\u012bbu.\" \/>\n<meta property=\"og:url\" content=\"https:\/\/old.elusvali.ee\/lv\/produkts\/vimergy-vegan-oomega-3-epa-dha-90-kapsulas\/\" \/>\n<meta property=\"og:site_name\" content=\"Elusv&auml;li\" \/>\n<meta property=\"article:publisher\" content=\"https:\/\/www.facebook.com\/profile.php?id=100064131067985\" \/>\n<meta property=\"article:modified_time\" content=\"2025-06-25T12:09:14+00:00\" \/>\n<meta property=\"og:image\" content=\"https:\/\/purenature.lv\/wp-content\/uploads\/2020\/10\/Vimergy-EPA-DHA-Oomega-3-eesti.jpg\" \/>\n\t<meta property=\"og:image:width\" content=\"1400\" \/>\n\t<meta property=\"og:image:height\" content=\"1400\" \/>\n\t<meta property=\"og:image:type\" content=\"image\/jpeg\" \/>\n<meta name=\"twitter:card\" content=\"summary_large_image\" \/>\n<meta name=\"twitter:label1\" content=\"Est. reading time\" \/>\n\t<meta name=\"twitter:data1\" content=\"2 minutes\" \/>\n<script type=\"application\/ld+json\" class=\"yoast-schema-graph\">{\"@context\":\"https:\/\/schema.org\",\"@graph\":[{\"@type\":\"WebPage\",\"@id\":\"https:\/\/old.elusvali.ee\/lv\/produkts\/vimergy-vegan-oomega-3-epa-dha-90-kapsulas\/\",\"url\":\"https:\/\/old.elusvali.ee\/lv\/produkts\/vimergy-vegan-oomega-3-epa-dha-90-kapsulas\/\",\"name\":\"Vimergy Vegan Omega-3 (EPA DHA) - 90 kapsulas - Pure Nature\",\"isPartOf\":{\"@id\":\"https:\/\/old.elusvali.ee\/lv\/#website\"},\"primaryImageOfPage\":{\"@id\":\"https:\/\/old.elusvali.ee\/lv\/produkts\/vimergy-vegan-oomega-3-epa-dha-90-kapsulas\/#primaryimage\"},\"image\":{\"@id\":\"https:\/\/old.elusvali.ee\/lv\/produkts\/vimergy-vegan-oomega-3-epa-dha-90-kapsulas\/#primaryimage\"},\"thumbnailUrl\":\"https:\/\/old.elusvali.ee\/wp-content\/uploads\/2020\/10\/Vimergy-EPA-DHA-Oomega-3-eesti.jpg\",\"datePublished\":\"2020-10-17T01:39:44+00:00\",\"dateModified\":\"2025-06-25T12:09:14+00:00\",\"description\":\"Vimergy veg\u0101ns EPA\/DHA ir uz a\u013c\u0123u b\u0101zes (nevis zivju e\u013c\u013cas) veidots uztura bag\u0101tin\u0101t\u0101js, kas veicina smadze\u0146u, acu un sirds un asinsvadu vesel\u012bbu.\",\"breadcrumb\":{\"@id\":\"https:\/\/old.elusvali.ee\/lv\/produkts\/vimergy-vegan-oomega-3-epa-dha-90-kapsulas\/#breadcrumb\"},\"inLanguage\":\"lv-LV\",\"potentialAction\":[{\"@type\":\"ReadAction\",\"target\":[\"https:\/\/old.elusvali.ee\/lv\/produkts\/vimergy-vegan-oomega-3-epa-dha-90-kapsulas\/\"]}]},{\"@type\":\"ImageObject\",\"inLanguage\":\"lv-LV\",\"@id\":\"https:\/\/old.elusvali.ee\/lv\/produkts\/vimergy-vegan-oomega-3-epa-dha-90-kapsulas\/#primaryimage\",\"url\":\"https:\/\/old.elusvali.ee\/wp-content\/uploads\/2020\/10\/Vimergy-EPA-DHA-Oomega-3-eesti.jpg\",\"contentUrl\":\"https:\/\/old.elusvali.ee\/wp-content\/uploads\/2020\/10\/Vimergy-EPA-DHA-Oomega-3-eesti.jpg\",\"width\":1400,\"height\":1400,\"caption\":\"Veganiskas omega3\"},{\"@type\":\"BreadcrumbList\",\"@id\":\"https:\/\/old.elusvali.ee\/lv\/produkts\/vimergy-vegan-oomega-3-epa-dha-90-kapsulas\/#breadcrumb\",\"itemListElement\":[{\"@type\":\"ListItem\",\"position\":1,\"name\":\"Home\",\"item\":\"https:\/\/purenature.lv\/\"},{\"@type\":\"ListItem\",\"position\":2,\"name\":\"E-veikals\",\"item\":\"https:\/\/purenature.lv\/veikals\/\"},{\"@type\":\"ListItem\",\"position\":3,\"name\":\"Vimergy Vegan Omega-3 (EPA DHA) &#8211; 90 kapsulas\"}]},{\"@type\":\"WebSite\",\"@id\":\"https:\/\/old.elusvali.ee\/lv\/#website\",\"url\":\"https:\/\/old.elusvali.ee\/lv\/\",\"name\":\"Elusv\u00e4li\",\"description\":\"Puhas k&ouml;&ouml;k ja koduapteek\",\"publisher\":{\"@id\":\"https:\/\/old.elusvali.ee\/lv\/#organization\"},\"potentialAction\":[{\"@type\":\"SearchAction\",\"target\":{\"@type\":\"EntryPoint\",\"urlTemplate\":\"https:\/\/old.elusvali.ee\/lv\/?s={search_term_string}\"},\"query-input\":{\"@type\":\"PropertyValueSpecification\",\"valueRequired\":true,\"valueName\":\"search_term_string\"}}],\"inLanguage\":\"lv-LV\"},{\"@type\":\"Organization\",\"@id\":\"https:\/\/old.elusvali.ee\/lv\/#organization\",\"name\":\"Elusv\u00e4li\",\"url\":\"https:\/\/old.elusvali.ee\/lv\/\",\"logo\":{\"@type\":\"ImageObject\",\"inLanguage\":\"lv-LV\",\"@id\":\"https:\/\/old.elusvali.ee\/lv\/#\/schema\/logo\/image\/\",\"url\":\"https:\/\/purenature.lt\/wp-content\/uploads\/2023\/07\/logo.png\",\"contentUrl\":\"https:\/\/purenature.lt\/wp-content\/uploads\/2023\/07\/logo.png\",\"width\":526,\"height\":146,\"caption\":\"Elusv\u00e4li\"},\"image\":{\"@id\":\"https:\/\/old.elusvali.ee\/lv\/#\/schema\/logo\/image\/\"},\"sameAs\":[\"https:\/\/www.facebook.com\/profile.php?id=100064131067985\",\"https:\/\/www.instagram.com\/elusvali\/\",\"https:\/\/www.youtube.com\/@elusvali2110\"]}]}<\/script>\n<!-- \/ Yoast SEO plugin. -->","yoast_head_json":{"title":"Vimergy Vegan Omega-3 (EPA DHA) - 90 kapsulas - Pure Nature","description":"Vimergy veg\u0101ns EPA\/DHA ir uz a\u013c\u0123u b\u0101zes (nevis zivju e\u013c\u013cas) veidots uztura bag\u0101tin\u0101t\u0101js, kas veicina smadze\u0146u, acu un sirds un asinsvadu vesel\u012bbu.","robots":{"index":"noindex","follow":"follow","max-snippet":"max-snippet:-1","max-image-preview":"max-image-preview:large","max-video-preview":"max-video-preview:-1"},"og_locale":"lv_LV","og_type":"article","og_title":"Vimergy Vegan Omega-3 (EPA DHA) - 90 kapsulas - Pure Nature","og_description":"Vimergy veg\u0101ns EPA\/DHA ir uz a\u013c\u0123u b\u0101zes (nevis zivju e\u013c\u013cas) veidots uztura bag\u0101tin\u0101t\u0101js, kas veicina smadze\u0146u, acu un sirds un asinsvadu vesel\u012bbu.","og_url":"https:\/\/old.elusvali.ee\/lv\/produkts\/vimergy-vegan-oomega-3-epa-dha-90-kapsulas\/","og_site_name":"Elusv&auml;li","article_publisher":"https:\/\/www.facebook.com\/profile.php?id=100064131067985","article_modified_time":"2025-06-25T12:09:14+00:00","og_image":[{"width":1400,"height":1400,"url":"https:\/\/purenature.lv\/wp-content\/uploads\/2020\/10\/Vimergy-EPA-DHA-Oomega-3-eesti.jpg","type":"image\/jpeg"}],"twitter_card":"summary_large_image","twitter_misc":{"Est. reading time":"2 minutes"},"schema":{"@context":"https:\/\/schema.org","@graph":[{"@type":"WebPage","@id":"https:\/\/old.elusvali.ee\/lv\/produkts\/vimergy-vegan-oomega-3-epa-dha-90-kapsulas\/","url":"https:\/\/old.elusvali.ee\/lv\/produkts\/vimergy-vegan-oomega-3-epa-dha-90-kapsulas\/","name":"Vimergy Vegan Omega-3 (EPA DHA) - 90 kapsulas - Pure Nature","isPartOf":{"@id":"https:\/\/old.elusvali.ee\/lv\/#website"},"primaryImageOfPage":{"@id":"https:\/\/old.elusvali.ee\/lv\/produkts\/vimergy-vegan-oomega-3-epa-dha-90-kapsulas\/#primaryimage"},"image":{"@id":"https:\/\/old.elusvali.ee\/lv\/produkts\/vimergy-vegan-oomega-3-epa-dha-90-kapsulas\/#primaryimage"},"thumbnailUrl":"https:\/\/old.elusvali.ee\/wp-content\/uploads\/2020\/10\/Vimergy-EPA-DHA-Oomega-3-eesti.jpg","datePublished":"2020-10-17T01:39:44+00:00","dateModified":"2025-06-25T12:09:14+00:00","description":"Vimergy veg\u0101ns EPA\/DHA ir uz a\u013c\u0123u b\u0101zes (nevis zivju e\u013c\u013cas) veidots uztura bag\u0101tin\u0101t\u0101js, kas veicina smadze\u0146u, acu un sirds un asinsvadu vesel\u012bbu.","breadcrumb":{"@id":"https:\/\/old.elusvali.ee\/lv\/produkts\/vimergy-vegan-oomega-3-epa-dha-90-kapsulas\/#breadcrumb"},"inLanguage":"lv-LV","potentialAction":[{"@type":"ReadAction","target":["https:\/\/old.elusvali.ee\/lv\/produkts\/vimergy-vegan-oomega-3-epa-dha-90-kapsulas\/"]}]},{"@type":"ImageObject","inLanguage":"lv-LV","@id":"https:\/\/old.elusvali.ee\/lv\/produkts\/vimergy-vegan-oomega-3-epa-dha-90-kapsulas\/#primaryimage","url":"https:\/\/old.elusvali.ee\/wp-content\/uploads\/2020\/10\/Vimergy-EPA-DHA-Oomega-3-eesti.jpg","contentUrl":"https:\/\/old.elusvali.ee\/wp-content\/uploads\/2020\/10\/Vimergy-EPA-DHA-Oomega-3-eesti.jpg","width":1400,"height":1400,"caption":"Veganiskas omega3"},{"@type":"BreadcrumbList","@id":"https:\/\/old.elusvali.ee\/lv\/produkts\/vimergy-vegan-oomega-3-epa-dha-90-kapsulas\/#breadcrumb","itemListElement":[{"@type":"ListItem","position":1,"name":"Home","item":"https:\/\/purenature.lv\/"},{"@type":"ListItem","position":2,"name":"E-veikals","item":"https:\/\/purenature.lv\/veikals\/"},{"@type":"ListItem","position":3,"name":"Vimergy Vegan Omega-3 (EPA DHA) &#8211; 90 kapsulas"}]},{"@type":"WebSite","@id":"https:\/\/old.elusvali.ee\/lv\/#website","url":"https:\/\/old.elusvali.ee\/lv\/","name":"Elusv\u00e4li","description":"Puhas k&ouml;&ouml;k ja koduapteek","publisher":{"@id":"https:\/\/old.elusvali.ee\/lv\/#organization"},"potentialAction":[{"@type":"SearchAction","target":{"@type":"EntryPoint","urlTemplate":"https:\/\/old.elusvali.ee\/lv\/?s={search_term_string}"},"query-input":{"@type":"PropertyValueSpecification","valueRequired":true,"valueName":"search_term_string"}}],"inLanguage":"lv-LV"},{"@type":"Organization","@id":"https:\/\/old.elusvali.ee\/lv\/#organization","name":"Elusv\u00e4li","url":"https:\/\/old.elusvali.ee\/lv\/","logo":{"@type":"ImageObject","inLanguage":"lv-LV","@id":"https:\/\/old.elusvali.ee\/lv\/#\/schema\/logo\/image\/","url":"https:\/\/purenature.lt\/wp-content\/uploads\/2023\/07\/logo.png","contentUrl":"https:\/\/purenature.lt\/wp-content\/uploads\/2023\/07\/logo.png","width":526,"height":146,"caption":"Elusv\u00e4li"},"image":{"@id":"https:\/\/old.elusvali.ee\/lv\/#\/schema\/logo\/image\/"},"sameAs":["https:\/\/www.facebook.com\/profile.php?id=100064131067985","https:\/\/www.instagram.com\/elusvali\/","https:\/\/www.youtube.com\/@elusvali2110"]}]}},"_links":{"self":[{"href":"https:\/\/old.elusvali.ee\/lv\/wp-json\/wp\/v2\/product\/36022","targetHints":{"allow":["GET"]}}],"collection":[{"href":"https:\/\/old.elusvali.ee\/lv\/wp-json\/wp\/v2\/product"}],"about":[{"href":"https:\/\/old.elusvali.ee\/lv\/wp-json\/wp\/v2\/types\/product"}],"replies":[{"embeddable":true,"href":"https:\/\/old.elusvali.ee\/lv\/wp-json\/wp\/v2\/comments?post=36022"}],"version-history":[{"count":2,"href":"https:\/\/old.elusvali.ee\/lv\/wp-json\/wp\/v2\/product\/36022\/revisions"}],"predecessor-version":[{"id":60058,"href":"https:\/\/old.elusvali.ee\/lv\/wp-json\/wp\/v2\/product\/36022\/revisions\/60058"}],"wp:featuredmedia":[{"embeddable":true,"href":"https:\/\/old.elusvali.ee\/lv\/wp-json\/wp\/v2\/media\/32425"}],"wp:attachment":[{"href":"https:\/\/old.elusvali.ee\/lv\/wp-json\/wp\/v2\/media?parent=36022"}],"wp:term":[{"taxonomy":"product_brand","embeddable":true,"href":"https:\/\/old.elusvali.ee\/lv\/wp-json\/wp\/v2\/product_brand?post=36022"},{"taxonomy":"product_cat","embeddable":true,"href":"https:\/\/old.elusvali.ee\/lv\/wp-json\/wp\/v2\/product_cat?post=36022"},{"taxonomy":"product_tag","embeddable":true,"href":"https:\/\/old.elusvali.ee\/lv\/wp-json\/wp\/v2\/product_tag?post=36022"}],"curies":[{"name":"wp","href":"https:\/\/api.w.org\/{rel}","templated":true}]}}