{"id":36010,"date":"2020-10-17T04:40:12","date_gmt":"2020-10-17T01:40:12","guid":{"rendered":"https:\/\/old.elusvali.ee\/product\/vimergy-natru-ekstrakts-115ml\/"},"modified":"2025-03-11T11:01:26","modified_gmt":"2025-03-11T09:01:26","slug":"vimergy-natru-ekstrakts-115ml","status":"publish","type":"product","link":"https:\/\/old.elusvali.ee\/lv\/produkts\/vimergy-natru-ekstrakts-115ml\/","title":{"rendered":"Vimergy N\u0101tru ekstrakts &#8211; 115ml"},"content":{"rendered":"<p>N\u0101tres lap\u0101m piem\u012bt pla\u0161as labv\u0113l\u012bgas \u012bpa\u0161\u012bbas, t\u0101s r\u016bp\u0113jas par ur\u012bnp\u016bsli, prostatu un loc\u012btav\u0101m, vienlaikus atbalstot j\u016bsu im\u016bnsist\u0113mu. Vienk\u0101r\u0161i iedzeriet da\u017eus pilienus Vimergy organisk\u0101 n\u0101tru \u0161\u0137idruma ekstrakta &#8211; varat to lietot t\u012bru vai sajaukt ar nedaudz \u016bdens vai sulas &#8211; un turpiniet savu dienu!<\/p>\n<p><img fetchpriority=\"high\" decoding=\"async\" class=\"alignleft size-medium wp-image-44236\" style=\"margin-bottom: 0px;\" src=\"https:\/\/purenature.lv\/wp-content\/uploads\/2020\/10\/organic-nettle-10-1-vimergy-supplements-vitamins-36303357509802-300x300.jpg\" alt=\"\" width=\"300\" height=\"300\" srcset=\"https:\/\/old.elusvali.ee\/wp-content\/uploads\/2020\/10\/organic-nettle-10-1-vimergy-supplements-vitamins-36303357509802-300x300.jpg 300w, https:\/\/old.elusvali.ee\/wp-content\/uploads\/2020\/10\/organic-nettle-10-1-vimergy-supplements-vitamins-36303357509802-150x150.jpg 150w, https:\/\/old.elusvali.ee\/wp-content\/uploads\/2020\/10\/organic-nettle-10-1-vimergy-supplements-vitamins-36303357509802-768x768.jpg 768w, https:\/\/old.elusvali.ee\/wp-content\/uploads\/2020\/10\/organic-nettle-10-1-vimergy-supplements-vitamins-36303357509802-430x430.jpg 430w, https:\/\/old.elusvali.ee\/wp-content\/uploads\/2020\/10\/organic-nettle-10-1-vimergy-supplements-vitamins-36303357509802-700x700.jpg 700w, https:\/\/old.elusvali.ee\/wp-content\/uploads\/2020\/10\/organic-nettle-10-1-vimergy-supplements-vitamins-36303357509802.jpg 800w\" sizes=\"(max-width: 300px) 100vw, 300px\" \/><\/p>\n<h3>N\u0101tres lapas var uzskat\u012bt par \u0101rstniecisko augu karalieni to \u0101rstniecisko \u012bpa\u0161\u012bbu d\u0113\u013c!<\/h3>\n<ul>\n<li>Barojo\u0161s augs, kas bag\u0101ts ar t\u0101diem fitonutrientiem k\u0101 polifenoli un karotino\u012bdi, kuri veicina \u0161\u016bnu vesel\u012bbu.<\/li>\n<li>Superprodukti sp\u0113c\u012bgam \u0161\u016bnu atbalstam<\/li>\n<li>Atbalsta loc\u012btavu funkciju un vesel\u012bbu<\/li>\n<li>Nesatur citronsk\u0101bi, pildvielas, piedevas, m\u0101ksl\u012bgos vai dab\u012bgos aromatiz\u0113t\u0101jus.<\/li>\n<\/ul>\n<p><em>* Apgalvojumi \u0146emti no Vimergy t\u012bmek\u013ca vietnes<\/em><\/p>\n<h2>K\u0101 lietot n\u0101tru ekstraktu?<\/h2>\n<ul>\n<li><strong>Lieto\u0161ana<\/strong>: 2 pipetes (2 ml) dien\u0101. 57 devas pudel\u0113.<\/li>\n<li><strong>Uzglab\u0101\u0161ana: <\/strong>Glab\u0101t v\u0113s\u0101, tum\u0161\u0101 viet\u0101. <em>Piem\u0113ram, aizsl\u0113gt\u0101 virtuves skap\u012b b\u0113rniem nepieejam\u0101 viet\u0101. Ilg\u0101ku laiku uzglab\u0101jot, vislab\u0101k ir tur\u0113t ledusskapja aug\u0161\u0113j\u0101 atvilktn\u0113.<br \/>\n<\/em><\/li>\n<li><strong>Kontrindik\u0101cijas<\/strong>: Nelietot k\u0101 pilnv\u0113rt\u012bga un sabalans\u0113ta uztura aizst\u0101j\u0113ju. Gr\u016btniec\u012bbas, z\u012bd\u012b\u0161anas, medikamentu lieto\u0161anas vai vesel\u012bbas probl\u0113mu gad\u012bjum\u0101 pirms lieto\u0161anas konsult\u0113jieties ar \u0101rstu.<\/li>\n<\/ul>\n<p>Skat\u012bt ar\u012b <a href=\"https:\/\/purenature.lv\/3-biezakas-kludas-kuras-partikas-piedevas-tiek-lietotas-kad-tas-tiek-lietotas\/?_gl=1*1htr1de*_gcl_au*NDI3MzQxODMyLjE3MzQwMDk4MTU.*_ga*NzE0MDY5OTMxLjE3MzQwMDk4MTU.*_ga_G9DKBME5C1*MTczNDU0NjkxNS41LjEuMTczNDU0NzkxMS4wLjAuMA..\">3 bie\u017e\u0101k pie\u013caut\u0101s k\u013c\u016bdas, lietojot uztura bag\u0101tin\u0101t\u0101jus<\/a><\/p>\n<p><a href=\"https:\/\/vimergy.com\/\">Vimergy<\/a> ir paz\u012bstams k\u0101 viens no pasaul\u0113 augst\u0101k\u0101s kvalit\u0101tes ASV biolo\u0123isko uztura bag\u0101tin\u0101t\u0101ju z\u012bmoliem.<br \/>\nVisi Vimergy produkti ir ekolo\u0123iski t\u012bri, nesatur alkoholu un ir piem\u0113roti veg\u0101niem.<br \/>Turkl\u0101t neviena Vimergy piedeva nesatur citronsk\u0101bi, pildvielas vai m\u0101ksl\u012bg\u0101s piedevas.<\/p>\n<p><img decoding=\"async\" class=\"aligncenter wp-image-44240 size-large\" src=\"https:\/\/purenature.lv\/wp-content\/uploads\/2020\/10\/Nettle_How_To_Desktop-1300x679.png\" alt=\"\" width=\"1300\" height=\"679\" srcset=\"https:\/\/old.elusvali.ee\/wp-content\/uploads\/2020\/10\/Nettle_How_To_Desktop-1300x679.png 1300w, https:\/\/old.elusvali.ee\/wp-content\/uploads\/2020\/10\/Nettle_How_To_Desktop-400x209.png 400w, https:\/\/old.elusvali.ee\/wp-content\/uploads\/2020\/10\/Nettle_How_To_Desktop-768x401.png 768w, https:\/\/old.elusvali.ee\/wp-content\/uploads\/2020\/10\/Nettle_How_To_Desktop-1536x803.png 1536w, https:\/\/old.elusvali.ee\/wp-content\/uploads\/2020\/10\/Nettle_How_To_Desktop-430x225.png 430w, https:\/\/old.elusvali.ee\/wp-content\/uploads\/2020\/10\/Nettle_How_To_Desktop-700x366.png 700w, https:\/\/old.elusvali.ee\/wp-content\/uploads\/2020\/10\/Nettle_How_To_Desktop-150x78.png 150w, https:\/\/old.elusvali.ee\/wp-content\/uploads\/2020\/10\/Nettle_How_To_Desktop.png 2000w\" sizes=\"(max-width: 1300px) 100vw, 1300px\" \/><\/p>\n","protected":false},"excerpt":{"rendered":"<p>J\u016bsu r\u012bc\u012bb\u0101 ir Vimergy alkoholu nesaturo\u0161s organiskais n\u0101tru ekstrakts ar sp\u0113c\u012bgu dziedino\u0161o sp\u0113ku. \u0160\u0137idr\u0101 ekstrakta koncentr\u0101cija 10:1 ar 2000 mg kalt\u0113tu n\u0101tres lapu dienas dev\u0101 \u013cauj viegl\u0101k nek\u0101 jebkad agr\u0101k piek\u013c\u016bt \u0161\u012b auga labv\u0113l\u012bgaj\u0101m \u012bpa\u0161\u012bb\u0101m!<\/p>\n","protected":false},"featured_media":32525,"comment_status":"open","ping_status":"closed","template":"","meta":{"_acf_changed":false},"product_brand":[],"product_cat":[404,409,468,402,696],"product_tag":[410,405],"class_list":{"0":"post-36010","1":"product","2":"type-product","3":"status-publish","4":"has-post-thumbnail","6":"product_cat-acis-un-locitavas","7":"product_cat-imunitate","8":"product_cat-kermenim","9":"product_cat-partikas-piedevas","10":"product_cat-vimergy-lt-lv","11":"product_tag-skidrie-produkti-lv","12":"product_tag-vimergy-lv","14":"first","15":"instock","16":"taxable","17":"shipping-taxable","18":"purchasable","19":"product-type-simple"},"acf":[],"yoast_head":"<!-- This site is optimized with the Yoast SEO plugin v25.3.1 - https:\/\/yoast.com\/wordpress\/plugins\/seo\/ -->\n<title>Vimergy N\u0101tru ekstrakts - 115ml - Pure Nature<\/title>\n<meta name=\"robots\" content=\"noindex, follow, max-snippet:-1, max-image-preview:large, max-video-preview:-1\" \/>\n<meta property=\"og:locale\" content=\"lv_LV\" \/>\n<meta property=\"og:type\" content=\"article\" \/>\n<meta property=\"og:title\" content=\"Vimergy N\u0101tru ekstrakts - 115ml - Pure Nature\" \/>\n<meta property=\"og:description\" content=\"J\u016bsu r\u012bc\u012bb\u0101 ir Vimergy alkoholu nesaturo\u0161s organiskais n\u0101tru ekstrakts ar sp\u0113c\u012bgu dziedino\u0161o sp\u0113ku. \u0160\u0137idr\u0101 ekstrakta koncentr\u0101cija 10:1 ar 2000 mg kalt\u0113tu n\u0101tres lapu dienas dev\u0101 \u013cauj viegl\u0101k nek\u0101 jebkad agr\u0101k piek\u013c\u016bt \u0161\u012b auga labv\u0113l\u012bgaj\u0101m \u012bpa\u0161\u012bb\u0101m!\" \/>\n<meta property=\"og:url\" content=\"https:\/\/old.elusvali.ee\/lv\/produkts\/vimergy-natru-ekstrakts-115ml\/\" \/>\n<meta property=\"og:site_name\" content=\"Elusv&auml;li\" \/>\n<meta property=\"article:publisher\" content=\"https:\/\/www.facebook.com\/profile.php?id=100064131067985\" \/>\n<meta property=\"article:modified_time\" content=\"2025-03-11T09:01:26+00:00\" \/>\n<meta property=\"og:image\" content=\"https:\/\/purenature.lv\/wp-content\/uploads\/2020\/10\/Nettle.jpg\" \/>\n\t<meta property=\"og:image:width\" content=\"1400\" \/>\n\t<meta property=\"og:image:height\" content=\"1400\" \/>\n\t<meta property=\"og:image:type\" content=\"image\/jpeg\" \/>\n<meta name=\"twitter:card\" content=\"summary_large_image\" \/>\n<meta name=\"twitter:label1\" content=\"Est. reading time\" \/>\n\t<meta name=\"twitter:data1\" content=\"1 minute\" \/>\n<script type=\"application\/ld+json\" class=\"yoast-schema-graph\">{\"@context\":\"https:\/\/schema.org\",\"@graph\":[{\"@type\":\"WebPage\",\"@id\":\"https:\/\/old.elusvali.ee\/lv\/produkts\/vimergy-natru-ekstrakts-115ml\/\",\"url\":\"https:\/\/old.elusvali.ee\/lv\/produkts\/vimergy-natru-ekstrakts-115ml\/\",\"name\":\"Vimergy N\u0101tru ekstrakts - 115ml - Pure Nature\",\"isPartOf\":{\"@id\":\"https:\/\/old.elusvali.ee\/lv\/#website\"},\"primaryImageOfPage\":{\"@id\":\"https:\/\/old.elusvali.ee\/lv\/produkts\/vimergy-natru-ekstrakts-115ml\/#primaryimage\"},\"image\":{\"@id\":\"https:\/\/old.elusvali.ee\/lv\/produkts\/vimergy-natru-ekstrakts-115ml\/#primaryimage\"},\"thumbnailUrl\":\"https:\/\/old.elusvali.ee\/wp-content\/uploads\/2020\/10\/Nettle.jpg\",\"datePublished\":\"2020-10-17T01:40:12+00:00\",\"dateModified\":\"2025-03-11T09:01:26+00:00\",\"breadcrumb\":{\"@id\":\"https:\/\/old.elusvali.ee\/lv\/produkts\/vimergy-natru-ekstrakts-115ml\/#breadcrumb\"},\"inLanguage\":\"lv-LV\",\"potentialAction\":[{\"@type\":\"ReadAction\",\"target\":[\"https:\/\/old.elusvali.ee\/lv\/produkts\/vimergy-natru-ekstrakts-115ml\/\"]}]},{\"@type\":\"ImageObject\",\"inLanguage\":\"lv-LV\",\"@id\":\"https:\/\/old.elusvali.ee\/lv\/produkts\/vimergy-natru-ekstrakts-115ml\/#primaryimage\",\"url\":\"https:\/\/old.elusvali.ee\/wp-content\/uploads\/2020\/10\/Nettle.jpg\",\"contentUrl\":\"https:\/\/old.elusvali.ee\/wp-content\/uploads\/2020\/10\/Nettle.jpg\",\"width\":1400,\"height\":1400,\"caption\":\"Dilgeliu ekstraktas\"},{\"@type\":\"BreadcrumbList\",\"@id\":\"https:\/\/old.elusvali.ee\/lv\/produkts\/vimergy-natru-ekstrakts-115ml\/#breadcrumb\",\"itemListElement\":[{\"@type\":\"ListItem\",\"position\":1,\"name\":\"Home\",\"item\":\"https:\/\/purenature.lv\/\"},{\"@type\":\"ListItem\",\"position\":2,\"name\":\"E-veikals\",\"item\":\"https:\/\/purenature.lv\/veikals\/\"},{\"@type\":\"ListItem\",\"position\":3,\"name\":\"Vimergy N\u0101tru ekstrakts &#8211; 115ml\"}]},{\"@type\":\"WebSite\",\"@id\":\"https:\/\/old.elusvali.ee\/lv\/#website\",\"url\":\"https:\/\/old.elusvali.ee\/lv\/\",\"name\":\"Elusv\u00e4li\",\"description\":\"Puhas k&ouml;&ouml;k ja koduapteek\",\"publisher\":{\"@id\":\"https:\/\/old.elusvali.ee\/lv\/#organization\"},\"potentialAction\":[{\"@type\":\"SearchAction\",\"target\":{\"@type\":\"EntryPoint\",\"urlTemplate\":\"https:\/\/old.elusvali.ee\/lv\/?s={search_term_string}\"},\"query-input\":{\"@type\":\"PropertyValueSpecification\",\"valueRequired\":true,\"valueName\":\"search_term_string\"}}],\"inLanguage\":\"lv-LV\"},{\"@type\":\"Organization\",\"@id\":\"https:\/\/old.elusvali.ee\/lv\/#organization\",\"name\":\"Elusv\u00e4li\",\"url\":\"https:\/\/old.elusvali.ee\/lv\/\",\"logo\":{\"@type\":\"ImageObject\",\"inLanguage\":\"lv-LV\",\"@id\":\"https:\/\/old.elusvali.ee\/lv\/#\/schema\/logo\/image\/\",\"url\":\"https:\/\/purenature.lt\/wp-content\/uploads\/2023\/07\/logo.png\",\"contentUrl\":\"https:\/\/purenature.lt\/wp-content\/uploads\/2023\/07\/logo.png\",\"width\":526,\"height\":146,\"caption\":\"Elusv\u00e4li\"},\"image\":{\"@id\":\"https:\/\/old.elusvali.ee\/lv\/#\/schema\/logo\/image\/\"},\"sameAs\":[\"https:\/\/www.facebook.com\/profile.php?id=100064131067985\",\"https:\/\/www.instagram.com\/elusvali\/\",\"https:\/\/www.youtube.com\/@elusvali2110\"]}]}<\/script>\n<!-- \/ Yoast SEO plugin. -->","yoast_head_json":{"title":"Vimergy N\u0101tru ekstrakts - 115ml - Pure Nature","robots":{"index":"noindex","follow":"follow","max-snippet":"max-snippet:-1","max-image-preview":"max-image-preview:large","max-video-preview":"max-video-preview:-1"},"og_locale":"lv_LV","og_type":"article","og_title":"Vimergy N\u0101tru ekstrakts - 115ml - Pure Nature","og_description":"J\u016bsu r\u012bc\u012bb\u0101 ir Vimergy alkoholu nesaturo\u0161s organiskais n\u0101tru ekstrakts ar sp\u0113c\u012bgu dziedino\u0161o sp\u0113ku. \u0160\u0137idr\u0101 ekstrakta koncentr\u0101cija 10:1 ar 2000 mg kalt\u0113tu n\u0101tres lapu dienas dev\u0101 \u013cauj viegl\u0101k nek\u0101 jebkad agr\u0101k piek\u013c\u016bt \u0161\u012b auga labv\u0113l\u012bgaj\u0101m \u012bpa\u0161\u012bb\u0101m!","og_url":"https:\/\/old.elusvali.ee\/lv\/produkts\/vimergy-natru-ekstrakts-115ml\/","og_site_name":"Elusv&auml;li","article_publisher":"https:\/\/www.facebook.com\/profile.php?id=100064131067985","article_modified_time":"2025-03-11T09:01:26+00:00","og_image":[{"width":1400,"height":1400,"url":"https:\/\/purenature.lv\/wp-content\/uploads\/2020\/10\/Nettle.jpg","type":"image\/jpeg"}],"twitter_card":"summary_large_image","twitter_misc":{"Est. reading time":"1 minute"},"schema":{"@context":"https:\/\/schema.org","@graph":[{"@type":"WebPage","@id":"https:\/\/old.elusvali.ee\/lv\/produkts\/vimergy-natru-ekstrakts-115ml\/","url":"https:\/\/old.elusvali.ee\/lv\/produkts\/vimergy-natru-ekstrakts-115ml\/","name":"Vimergy N\u0101tru ekstrakts - 115ml - Pure Nature","isPartOf":{"@id":"https:\/\/old.elusvali.ee\/lv\/#website"},"primaryImageOfPage":{"@id":"https:\/\/old.elusvali.ee\/lv\/produkts\/vimergy-natru-ekstrakts-115ml\/#primaryimage"},"image":{"@id":"https:\/\/old.elusvali.ee\/lv\/produkts\/vimergy-natru-ekstrakts-115ml\/#primaryimage"},"thumbnailUrl":"https:\/\/old.elusvali.ee\/wp-content\/uploads\/2020\/10\/Nettle.jpg","datePublished":"2020-10-17T01:40:12+00:00","dateModified":"2025-03-11T09:01:26+00:00","breadcrumb":{"@id":"https:\/\/old.elusvali.ee\/lv\/produkts\/vimergy-natru-ekstrakts-115ml\/#breadcrumb"},"inLanguage":"lv-LV","potentialAction":[{"@type":"ReadAction","target":["https:\/\/old.elusvali.ee\/lv\/produkts\/vimergy-natru-ekstrakts-115ml\/"]}]},{"@type":"ImageObject","inLanguage":"lv-LV","@id":"https:\/\/old.elusvali.ee\/lv\/produkts\/vimergy-natru-ekstrakts-115ml\/#primaryimage","url":"https:\/\/old.elusvali.ee\/wp-content\/uploads\/2020\/10\/Nettle.jpg","contentUrl":"https:\/\/old.elusvali.ee\/wp-content\/uploads\/2020\/10\/Nettle.jpg","width":1400,"height":1400,"caption":"Dilgeliu ekstraktas"},{"@type":"BreadcrumbList","@id":"https:\/\/old.elusvali.ee\/lv\/produkts\/vimergy-natru-ekstrakts-115ml\/#breadcrumb","itemListElement":[{"@type":"ListItem","position":1,"name":"Home","item":"https:\/\/purenature.lv\/"},{"@type":"ListItem","position":2,"name":"E-veikals","item":"https:\/\/purenature.lv\/veikals\/"},{"@type":"ListItem","position":3,"name":"Vimergy N\u0101tru ekstrakts &#8211; 115ml"}]},{"@type":"WebSite","@id":"https:\/\/old.elusvali.ee\/lv\/#website","url":"https:\/\/old.elusvali.ee\/lv\/","name":"Elusv\u00e4li","description":"Puhas k&ouml;&ouml;k ja koduapteek","publisher":{"@id":"https:\/\/old.elusvali.ee\/lv\/#organization"},"potentialAction":[{"@type":"SearchAction","target":{"@type":"EntryPoint","urlTemplate":"https:\/\/old.elusvali.ee\/lv\/?s={search_term_string}"},"query-input":{"@type":"PropertyValueSpecification","valueRequired":true,"valueName":"search_term_string"}}],"inLanguage":"lv-LV"},{"@type":"Organization","@id":"https:\/\/old.elusvali.ee\/lv\/#organization","name":"Elusv\u00e4li","url":"https:\/\/old.elusvali.ee\/lv\/","logo":{"@type":"ImageObject","inLanguage":"lv-LV","@id":"https:\/\/old.elusvali.ee\/lv\/#\/schema\/logo\/image\/","url":"https:\/\/purenature.lt\/wp-content\/uploads\/2023\/07\/logo.png","contentUrl":"https:\/\/purenature.lt\/wp-content\/uploads\/2023\/07\/logo.png","width":526,"height":146,"caption":"Elusv\u00e4li"},"image":{"@id":"https:\/\/old.elusvali.ee\/lv\/#\/schema\/logo\/image\/"},"sameAs":["https:\/\/www.facebook.com\/profile.php?id=100064131067985","https:\/\/www.instagram.com\/elusvali\/","https:\/\/www.youtube.com\/@elusvali2110"]}]}},"_links":{"self":[{"href":"https:\/\/old.elusvali.ee\/lv\/wp-json\/wp\/v2\/product\/36010","targetHints":{"allow":["GET"]}}],"collection":[{"href":"https:\/\/old.elusvali.ee\/lv\/wp-json\/wp\/v2\/product"}],"about":[{"href":"https:\/\/old.elusvali.ee\/lv\/wp-json\/wp\/v2\/types\/product"}],"replies":[{"embeddable":true,"href":"https:\/\/old.elusvali.ee\/lv\/wp-json\/wp\/v2\/comments?post=36010"}],"version-history":[{"count":1,"href":"https:\/\/old.elusvali.ee\/lv\/wp-json\/wp\/v2\/product\/36010\/revisions"}],"predecessor-version":[{"id":59960,"href":"https:\/\/old.elusvali.ee\/lv\/wp-json\/wp\/v2\/product\/36010\/revisions\/59960"}],"wp:featuredmedia":[{"embeddable":true,"href":"https:\/\/old.elusvali.ee\/lv\/wp-json\/wp\/v2\/media\/32525"}],"wp:attachment":[{"href":"https:\/\/old.elusvali.ee\/lv\/wp-json\/wp\/v2\/media?parent=36010"}],"wp:term":[{"taxonomy":"product_brand","embeddable":true,"href":"https:\/\/old.elusvali.ee\/lv\/wp-json\/wp\/v2\/product_brand?post=36010"},{"taxonomy":"product_cat","embeddable":true,"href":"https:\/\/old.elusvali.ee\/lv\/wp-json\/wp\/v2\/product_cat?post=36010"},{"taxonomy":"product_tag","embeddable":true,"href":"https:\/\/old.elusvali.ee\/lv\/wp-json\/wp\/v2\/product_tag?post=36010"}],"curies":[{"name":"wp","href":"https:\/\/api.w.org\/{rel}","templated":true}]}}