{"id":36001,"date":"2020-10-17T04:39:39","date_gmt":"2020-10-17T01:39:39","guid":{"rendered":"https:\/\/old.elusvali.ee\/product\/vimergy-kurkumins-ar-kurkumu\/"},"modified":"2025-05-24T08:49:11","modified_gmt":"2025-05-24T05:49:11","slug":"vimergy-kurkumins-ar-kurkumu","status":"publish","type":"product","link":"https:\/\/old.elusvali.ee\/lv\/produkts\/vimergy-kurkumins-ar-kurkumu\/","title":{"rendered":"Vimergy Kurkum\u012bns ar kurkumu"},"content":{"rendered":"<p>Vai esat dzird\u0113ju\u0161i st\u0101stus par kurkumas priek\u0161roc\u012bb\u0101m? Kurkumas galven\u0101 akt\u012bv\u0101 viela ir kurkum\u012bns, ta\u010du to ir gr\u016bti uz\u0146emt pietiekami daudz, vienk\u0101r\u0161i \u0113dot kurkumas saknes. T\u0101p\u0113c ir lieliski lietot augstas kvalit\u0101tes, efekt\u012bvu kurkum\u012bna uztura bag\u0101tin\u0101t\u0101ju. Vimergy Kurkum\u012bna ekstrakts ar kurkumu nesatur m\u0101ksl\u012bgas piedevas un \u013cauj jums viegli un dabiski r\u016bp\u0113ties par savu vesel\u012bbu.<\/p>\n<h4><img fetchpriority=\"high\" decoding=\"async\" class=\"alignleft size-medium wp-image-43970\" src=\"https:\/\/purenature.lv\/wp-content\/uploads\/2020\/10\/curcumin-with-turmeric-vimergy-supplements-vitamins-36964393713834-300x300.jpg\" alt=\"\" width=\"300\" height=\"300\" srcset=\"https:\/\/old.elusvali.ee\/wp-content\/uploads\/2020\/10\/curcumin-with-turmeric-vimergy-supplements-vitamins-36964393713834-300x300.jpg 300w, https:\/\/old.elusvali.ee\/wp-content\/uploads\/2020\/10\/curcumin-with-turmeric-vimergy-supplements-vitamins-36964393713834-150x150.jpg 150w, https:\/\/old.elusvali.ee\/wp-content\/uploads\/2020\/10\/curcumin-with-turmeric-vimergy-supplements-vitamins-36964393713834-768x768.jpg 768w, https:\/\/old.elusvali.ee\/wp-content\/uploads\/2020\/10\/curcumin-with-turmeric-vimergy-supplements-vitamins-36964393713834-430x430.jpg 430w, https:\/\/old.elusvali.ee\/wp-content\/uploads\/2020\/10\/curcumin-with-turmeric-vimergy-supplements-vitamins-36964393713834-700x700.jpg 700w, https:\/\/old.elusvali.ee\/wp-content\/uploads\/2020\/10\/curcumin-with-turmeric-vimergy-supplements-vitamins-36964393713834.jpg 800w\" sizes=\"(max-width: 300px) 100vw, 300px\" \/>Atbalsta sirds un asinsvadu darbu:<\/h4>\n<ul>\n<li>Sp\u0113c\u012bgs mais\u012bjums, katr\u0101 porcij\u0101 ir 1000 mg kurkum\u012bna un 10 mg kurkumas saknes, kas nodro\u0161ina lielisku siner\u0123iju.<\/li>\n<li>Atbalsta im\u016bnsist\u0113mas vesel\u012bbu<\/li>\n<li>Veicina \u0161\u016bnu vesel\u012bbu un visp\u0101r\u0113jo labsaj\u016btu<\/li>\n<li>Fitonutrientu sp\u0113c\u012bg\u0101s antioksidantu \u012bpa\u0161\u012bbas pal\u012bdz aizsarg\u0101t pret oksidat\u012bvo stresu.<\/li>\n<\/ul>\n<p><em>* Apgalvojumi \u0146emti no Vimergy t\u012bmek\u013ca vietnes<\/em><\/p>\n<p>&nbsp;<\/p>\n<p>&nbsp;<\/p>\n<h2><\/h2>\n<h2>K\u0101 lietot kurkum\u012bnu?<\/h2>\n<ul>\n<li><strong>Lieto\u0161ana<\/strong>: lietojiet 3 kapsulas dien\u0101, uzdzerot \u016bdeni. Burci\u0146\u0101 ir 30\/90 devas.<\/li>\n<li><strong>Uzglab\u0101\u0161ana: <\/strong>Glab\u0101t v\u0113s\u0101, tum\u0161\u0101 viet\u0101. <em>Piem\u0113ram, aizsl\u0113gt\u0101 virtuves skap\u012b b\u0113rniem nepieejam\u0101 viet\u0101.<br \/>\n<\/em><\/li>\n<li><strong>Kontrindik\u0101cijas<\/strong>: Nelietot k\u0101 pilnv\u0113rt\u012bga un sabalans\u0113ta uztura aizst\u0101j\u0113ju. Gr\u016btniec\u012bbas, z\u012bd\u012b\u0161anas, medikamentu lieto\u0161anas vai vesel\u012bbas probl\u0113mu gad\u012bjum\u0101 pirms lieto\u0161anas konsult\u0113jieties ar \u0101rstu.<\/li>\n<\/ul>\n<p>Skat\u012bt ar\u012b <a href=\"https:\/\/purenature.lv\/3-biezakas-kludas-kuras-partikas-piedevas-tiek-lietotas-kad-tas-tiek-lietotas\/?_gl=1*1htr1de*_gcl_au*NDI3MzQxODMyLjE3MzQwMDk4MTU.*_ga*NzE0MDY5OTMxLjE3MzQwMDk4MTU.*_ga_G9DKBME5C1*MTczNDU0NjkxNS41LjEuMTczNDU0NzkxMS4wLjAuMA..\">3 bie\u017e\u0101k pie\u013caut\u0101s k\u013c\u016bdas, lietojot uztura bag\u0101tin\u0101t\u0101jus<\/a><\/p>\n<p><a href=\"https:\/\/vimergy.com\/\">Vimergy<\/a> ir paz\u012bstams k\u0101 viens no pasaul\u0113 augst\u0101k\u0101s kvalit\u0101tes ASV biolo\u0123isko uztura bag\u0101tin\u0101t\u0101ju z\u012bmoliem.<br \/>\nVisi Vimergy produkti ir ekolo\u0123iski t\u012bri, nesatur alkoholu un ir piem\u0113roti veg\u0101niem. Turkl\u0101t neviens no m\u016bsu uztura bag\u0101tin\u0101t\u0101jiem nesatur citronsk\u0101bi, pildvielas vai m\u0101ksl\u012bg\u0101s piedevas.<\/p>\n","protected":false},"excerpt":{"rendered":"<p>Vai mekl\u0113jat atbalstu savai im\u016bnsist\u0113mai? Vai v\u0113laties nostiprin\u0101t savas vesel\u012bbas pamatu &#8211; \u0161\u016bnu vesel\u012bbu? Dz\u012bves straujaj\u0101 temp\u0101 un daudzajos izaicin\u0101jumos ir svar\u012bgi izv\u0113l\u0113ties sabiedrotos, kas pal\u012bdz\u0113s jums saglab\u0101t vesel\u012bbu un dz\u012bvesprieku. Vimergy Kurkum\u012bns ar kurkumu pal\u012bdz\u0113s jums! Tas ir \u012bpa\u0161s mais\u012bjums, kur\u0101 katr\u0101 dev\u0101 atrad\u012bsiet 1000 mg kurkum\u012bna ekstrakta ar 10 mg kurkumas sakni.<\/p>\n","protected":false},"featured_media":32349,"comment_status":"open","ping_status":"closed","template":"","meta":{"_acf_changed":false},"product_brand":[],"product_cat":[774,409,402,696],"product_tag":[406,405],"class_list":{"0":"post-36001","1":"product","2":"type-product","3":"status-publish","4":"has-post-thumbnail","6":"product_cat-garigajai-veselibai","7":"product_cat-imunitate","8":"product_cat-partikas-piedevas","9":"product_cat-vimergy-lt-lv","10":"product_tag-kapsulas","11":"product_tag-vimergy-lv","13":"first","14":"instock","15":"taxable","16":"shipping-taxable","17":"purchasable","18":"product-type-variable","19":"has-default-attributes"},"acf":[],"yoast_head":"<!-- This site is optimized with the Yoast SEO plugin v25.3.1 - https:\/\/yoast.com\/wordpress\/plugins\/seo\/ -->\n<title>Vimergy Kurkum\u012bns ar kurkumu - Pure Nature<\/title>\n<meta name=\"description\" content=\"Kurkum\u012bns ir akt\u012bv\u0101 kurkumas sast\u0101vda\u013ca, kas veicina im\u016bnsist\u0113mas un \u0161\u016bnu vesel\u012bbu. Kurkum\u012bns ir lielisks sabiedrotais strauja dz\u012bves ritma un stresa laik\u0101.\" \/>\n<meta name=\"robots\" content=\"noindex, follow, max-snippet:-1, max-image-preview:large, max-video-preview:-1\" \/>\n<meta property=\"og:locale\" content=\"lv_LV\" \/>\n<meta property=\"og:type\" content=\"article\" \/>\n<meta property=\"og:title\" content=\"Vimergy Kurkum\u012bns ar kurkumu - Pure Nature\" \/>\n<meta property=\"og:description\" content=\"Kurkum\u012bns ir akt\u012bv\u0101 kurkumas sast\u0101vda\u013ca, kas veicina im\u016bnsist\u0113mas un \u0161\u016bnu vesel\u012bbu. Kurkum\u012bns ir lielisks sabiedrotais strauja dz\u012bves ritma un stresa laik\u0101.\" \/>\n<meta property=\"og:url\" content=\"https:\/\/old.elusvali.ee\/lv\/produkts\/vimergy-kurkumins-ar-kurkumu\/\" \/>\n<meta property=\"og:site_name\" content=\"Elusv&auml;li\" \/>\n<meta property=\"article:publisher\" content=\"https:\/\/www.facebook.com\/profile.php?id=100064131067985\" \/>\n<meta property=\"article:modified_time\" content=\"2025-05-24T05:49:11+00:00\" \/>\n<meta property=\"og:image\" content=\"https:\/\/purenature.lv\/wp-content\/uploads\/2020\/10\/Vimergy-kurkumiin.jpg\" \/>\n\t<meta property=\"og:image:width\" content=\"1400\" \/>\n\t<meta property=\"og:image:height\" content=\"1400\" \/>\n\t<meta property=\"og:image:type\" content=\"image\/jpeg\" \/>\n<meta name=\"twitter:card\" content=\"summary_large_image\" \/>\n<meta name=\"twitter:label1\" content=\"Est. reading time\" \/>\n\t<meta name=\"twitter:data1\" content=\"2 minutes\" \/>\n<script type=\"application\/ld+json\" class=\"yoast-schema-graph\">{\"@context\":\"https:\/\/schema.org\",\"@graph\":[{\"@type\":\"WebPage\",\"@id\":\"https:\/\/old.elusvali.ee\/lv\/produkts\/vimergy-kurkumins-ar-kurkumu\/\",\"url\":\"https:\/\/old.elusvali.ee\/lv\/produkts\/vimergy-kurkumins-ar-kurkumu\/\",\"name\":\"Vimergy Kurkum\u012bns ar kurkumu - Pure Nature\",\"isPartOf\":{\"@id\":\"https:\/\/old.elusvali.ee\/lv\/#website\"},\"primaryImageOfPage\":{\"@id\":\"https:\/\/old.elusvali.ee\/lv\/produkts\/vimergy-kurkumins-ar-kurkumu\/#primaryimage\"},\"image\":{\"@id\":\"https:\/\/old.elusvali.ee\/lv\/produkts\/vimergy-kurkumins-ar-kurkumu\/#primaryimage\"},\"thumbnailUrl\":\"https:\/\/old.elusvali.ee\/wp-content\/uploads\/2020\/10\/Vimergy-kurkumiin.jpg\",\"datePublished\":\"2020-10-17T01:39:39+00:00\",\"dateModified\":\"2025-05-24T05:49:11+00:00\",\"description\":\"Kurkum\u012bns ir akt\u012bv\u0101 kurkumas sast\u0101vda\u013ca, kas veicina im\u016bnsist\u0113mas un \u0161\u016bnu vesel\u012bbu. Kurkum\u012bns ir lielisks sabiedrotais strauja dz\u012bves ritma un stresa laik\u0101.\",\"breadcrumb\":{\"@id\":\"https:\/\/old.elusvali.ee\/lv\/produkts\/vimergy-kurkumins-ar-kurkumu\/#breadcrumb\"},\"inLanguage\":\"lv-LV\",\"potentialAction\":[{\"@type\":\"ReadAction\",\"target\":[\"https:\/\/old.elusvali.ee\/lv\/produkts\/vimergy-kurkumins-ar-kurkumu\/\"]}]},{\"@type\":\"ImageObject\",\"inLanguage\":\"lv-LV\",\"@id\":\"https:\/\/old.elusvali.ee\/lv\/produkts\/vimergy-kurkumins-ar-kurkumu\/#primaryimage\",\"url\":\"https:\/\/old.elusvali.ee\/wp-content\/uploads\/2020\/10\/Vimergy-kurkumiin.jpg\",\"contentUrl\":\"https:\/\/old.elusvali.ee\/wp-content\/uploads\/2020\/10\/Vimergy-kurkumiin.jpg\",\"width\":1400,\"height\":1400,\"caption\":\"Kurkuminas ir ciberzole maisto papildas\"},{\"@type\":\"BreadcrumbList\",\"@id\":\"https:\/\/old.elusvali.ee\/lv\/produkts\/vimergy-kurkumins-ar-kurkumu\/#breadcrumb\",\"itemListElement\":[{\"@type\":\"ListItem\",\"position\":1,\"name\":\"Home\",\"item\":\"https:\/\/purenature.lv\/\"},{\"@type\":\"ListItem\",\"position\":2,\"name\":\"E-veikals\",\"item\":\"https:\/\/purenature.lv\/veikals\/\"},{\"@type\":\"ListItem\",\"position\":3,\"name\":\"Vimergy Kurkum\u012bns ar kurkumu\"}]},{\"@type\":\"WebSite\",\"@id\":\"https:\/\/old.elusvali.ee\/lv\/#website\",\"url\":\"https:\/\/old.elusvali.ee\/lv\/\",\"name\":\"Elusv\u00e4li\",\"description\":\"Puhas k&ouml;&ouml;k ja koduapteek\",\"publisher\":{\"@id\":\"https:\/\/old.elusvali.ee\/lv\/#organization\"},\"potentialAction\":[{\"@type\":\"SearchAction\",\"target\":{\"@type\":\"EntryPoint\",\"urlTemplate\":\"https:\/\/old.elusvali.ee\/lv\/?s={search_term_string}\"},\"query-input\":{\"@type\":\"PropertyValueSpecification\",\"valueRequired\":true,\"valueName\":\"search_term_string\"}}],\"inLanguage\":\"lv-LV\"},{\"@type\":\"Organization\",\"@id\":\"https:\/\/old.elusvali.ee\/lv\/#organization\",\"name\":\"Elusv\u00e4li\",\"url\":\"https:\/\/old.elusvali.ee\/lv\/\",\"logo\":{\"@type\":\"ImageObject\",\"inLanguage\":\"lv-LV\",\"@id\":\"https:\/\/old.elusvali.ee\/lv\/#\/schema\/logo\/image\/\",\"url\":\"https:\/\/purenature.lt\/wp-content\/uploads\/2023\/07\/logo.png\",\"contentUrl\":\"https:\/\/purenature.lt\/wp-content\/uploads\/2023\/07\/logo.png\",\"width\":526,\"height\":146,\"caption\":\"Elusv\u00e4li\"},\"image\":{\"@id\":\"https:\/\/old.elusvali.ee\/lv\/#\/schema\/logo\/image\/\"},\"sameAs\":[\"https:\/\/www.facebook.com\/profile.php?id=100064131067985\",\"https:\/\/www.instagram.com\/elusvali\/\",\"https:\/\/www.youtube.com\/@elusvali2110\"]}]}<\/script>\n<!-- \/ Yoast SEO plugin. -->","yoast_head_json":{"title":"Vimergy Kurkum\u012bns ar kurkumu - Pure Nature","description":"Kurkum\u012bns ir akt\u012bv\u0101 kurkumas sast\u0101vda\u013ca, kas veicina im\u016bnsist\u0113mas un \u0161\u016bnu vesel\u012bbu. Kurkum\u012bns ir lielisks sabiedrotais strauja dz\u012bves ritma un stresa laik\u0101.","robots":{"index":"noindex","follow":"follow","max-snippet":"max-snippet:-1","max-image-preview":"max-image-preview:large","max-video-preview":"max-video-preview:-1"},"og_locale":"lv_LV","og_type":"article","og_title":"Vimergy Kurkum\u012bns ar kurkumu - Pure Nature","og_description":"Kurkum\u012bns ir akt\u012bv\u0101 kurkumas sast\u0101vda\u013ca, kas veicina im\u016bnsist\u0113mas un \u0161\u016bnu vesel\u012bbu. Kurkum\u012bns ir lielisks sabiedrotais strauja dz\u012bves ritma un stresa laik\u0101.","og_url":"https:\/\/old.elusvali.ee\/lv\/produkts\/vimergy-kurkumins-ar-kurkumu\/","og_site_name":"Elusv&auml;li","article_publisher":"https:\/\/www.facebook.com\/profile.php?id=100064131067985","article_modified_time":"2025-05-24T05:49:11+00:00","og_image":[{"width":1400,"height":1400,"url":"https:\/\/purenature.lv\/wp-content\/uploads\/2020\/10\/Vimergy-kurkumiin.jpg","type":"image\/jpeg"}],"twitter_card":"summary_large_image","twitter_misc":{"Est. reading time":"2 minutes"},"schema":{"@context":"https:\/\/schema.org","@graph":[{"@type":"WebPage","@id":"https:\/\/old.elusvali.ee\/lv\/produkts\/vimergy-kurkumins-ar-kurkumu\/","url":"https:\/\/old.elusvali.ee\/lv\/produkts\/vimergy-kurkumins-ar-kurkumu\/","name":"Vimergy Kurkum\u012bns ar kurkumu - Pure Nature","isPartOf":{"@id":"https:\/\/old.elusvali.ee\/lv\/#website"},"primaryImageOfPage":{"@id":"https:\/\/old.elusvali.ee\/lv\/produkts\/vimergy-kurkumins-ar-kurkumu\/#primaryimage"},"image":{"@id":"https:\/\/old.elusvali.ee\/lv\/produkts\/vimergy-kurkumins-ar-kurkumu\/#primaryimage"},"thumbnailUrl":"https:\/\/old.elusvali.ee\/wp-content\/uploads\/2020\/10\/Vimergy-kurkumiin.jpg","datePublished":"2020-10-17T01:39:39+00:00","dateModified":"2025-05-24T05:49:11+00:00","description":"Kurkum\u012bns ir akt\u012bv\u0101 kurkumas sast\u0101vda\u013ca, kas veicina im\u016bnsist\u0113mas un \u0161\u016bnu vesel\u012bbu. Kurkum\u012bns ir lielisks sabiedrotais strauja dz\u012bves ritma un stresa laik\u0101.","breadcrumb":{"@id":"https:\/\/old.elusvali.ee\/lv\/produkts\/vimergy-kurkumins-ar-kurkumu\/#breadcrumb"},"inLanguage":"lv-LV","potentialAction":[{"@type":"ReadAction","target":["https:\/\/old.elusvali.ee\/lv\/produkts\/vimergy-kurkumins-ar-kurkumu\/"]}]},{"@type":"ImageObject","inLanguage":"lv-LV","@id":"https:\/\/old.elusvali.ee\/lv\/produkts\/vimergy-kurkumins-ar-kurkumu\/#primaryimage","url":"https:\/\/old.elusvali.ee\/wp-content\/uploads\/2020\/10\/Vimergy-kurkumiin.jpg","contentUrl":"https:\/\/old.elusvali.ee\/wp-content\/uploads\/2020\/10\/Vimergy-kurkumiin.jpg","width":1400,"height":1400,"caption":"Kurkuminas ir ciberzole maisto papildas"},{"@type":"BreadcrumbList","@id":"https:\/\/old.elusvali.ee\/lv\/produkts\/vimergy-kurkumins-ar-kurkumu\/#breadcrumb","itemListElement":[{"@type":"ListItem","position":1,"name":"Home","item":"https:\/\/purenature.lv\/"},{"@type":"ListItem","position":2,"name":"E-veikals","item":"https:\/\/purenature.lv\/veikals\/"},{"@type":"ListItem","position":3,"name":"Vimergy Kurkum\u012bns ar kurkumu"}]},{"@type":"WebSite","@id":"https:\/\/old.elusvali.ee\/lv\/#website","url":"https:\/\/old.elusvali.ee\/lv\/","name":"Elusv\u00e4li","description":"Puhas k&ouml;&ouml;k ja koduapteek","publisher":{"@id":"https:\/\/old.elusvali.ee\/lv\/#organization"},"potentialAction":[{"@type":"SearchAction","target":{"@type":"EntryPoint","urlTemplate":"https:\/\/old.elusvali.ee\/lv\/?s={search_term_string}"},"query-input":{"@type":"PropertyValueSpecification","valueRequired":true,"valueName":"search_term_string"}}],"inLanguage":"lv-LV"},{"@type":"Organization","@id":"https:\/\/old.elusvali.ee\/lv\/#organization","name":"Elusv\u00e4li","url":"https:\/\/old.elusvali.ee\/lv\/","logo":{"@type":"ImageObject","inLanguage":"lv-LV","@id":"https:\/\/old.elusvali.ee\/lv\/#\/schema\/logo\/image\/","url":"https:\/\/purenature.lt\/wp-content\/uploads\/2023\/07\/logo.png","contentUrl":"https:\/\/purenature.lt\/wp-content\/uploads\/2023\/07\/logo.png","width":526,"height":146,"caption":"Elusv\u00e4li"},"image":{"@id":"https:\/\/old.elusvali.ee\/lv\/#\/schema\/logo\/image\/"},"sameAs":["https:\/\/www.facebook.com\/profile.php?id=100064131067985","https:\/\/www.instagram.com\/elusvali\/","https:\/\/www.youtube.com\/@elusvali2110"]}]}},"_links":{"self":[{"href":"https:\/\/old.elusvali.ee\/lv\/wp-json\/wp\/v2\/product\/36001","targetHints":{"allow":["GET"]}}],"collection":[{"href":"https:\/\/old.elusvali.ee\/lv\/wp-json\/wp\/v2\/product"}],"about":[{"href":"https:\/\/old.elusvali.ee\/lv\/wp-json\/wp\/v2\/types\/product"}],"replies":[{"embeddable":true,"href":"https:\/\/old.elusvali.ee\/lv\/wp-json\/wp\/v2\/comments?post=36001"}],"version-history":[{"count":2,"href":"https:\/\/old.elusvali.ee\/lv\/wp-json\/wp\/v2\/product\/36001\/revisions"}],"predecessor-version":[{"id":66790,"href":"https:\/\/old.elusvali.ee\/lv\/wp-json\/wp\/v2\/product\/36001\/revisions\/66790"}],"wp:featuredmedia":[{"embeddable":true,"href":"https:\/\/old.elusvali.ee\/lv\/wp-json\/wp\/v2\/media\/32349"}],"wp:attachment":[{"href":"https:\/\/old.elusvali.ee\/lv\/wp-json\/wp\/v2\/media?parent=36001"}],"wp:term":[{"taxonomy":"product_brand","embeddable":true,"href":"https:\/\/old.elusvali.ee\/lv\/wp-json\/wp\/v2\/product_brand?post=36001"},{"taxonomy":"product_cat","embeddable":true,"href":"https:\/\/old.elusvali.ee\/lv\/wp-json\/wp\/v2\/product_cat?post=36001"},{"taxonomy":"product_tag","embeddable":true,"href":"https:\/\/old.elusvali.ee\/lv\/wp-json\/wp\/v2\/product_tag?post=36001"}],"curies":[{"name":"wp","href":"https:\/\/api.w.org\/{rel}","templated":true}]}}