{"id":35996,"date":"2020-12-06T13:06:59","date_gmt":"2020-12-06T11:06:59","guid":{"rendered":"https:\/\/old.elusvali.ee\/product\/vimergy-odraorase-malts-pulveris\/"},"modified":"2025-05-24T08:36:25","modified_gmt":"2025-05-24T05:36:25","slug":"vimergy-odraorase-malts-pulveris","status":"publish","type":"product","link":"https:\/\/old.elusvali.ee\/lv\/produkts\/vimergy-odraorase-malts-pulveris\/","title":{"rendered":"Vimergy mie\u017eu sulas pulveris"},"content":{"rendered":"<p>M\u016bsdienu pasaul\u0113 m\u0113s katru dienu saskaramies ar toks\u012bniem, pies\u0101r\u0146ojumu un citiem vesel\u012bbas apdraud\u0113jumiem. Jums pal\u012bdz\u0113s uzturviel\u0101m bag\u0101tais mie\u017eu sulas pulveris. Svar\u012bgie vitam\u012bni, miner\u0101lvielas, aminosk\u0101bes un citi savienojumi, kas atrodami mie\u017eu sulas pulver\u012b, veicina sirds un asinsrites sist\u0113mas darb\u012bbu.<\/p>\n<p>\u0160is koncentr\u0113tais ekstrakts ir vienk\u0101r\u0161s un \u0113rts veids, k\u0101 ieviest mie\u017eu sulas sp\u0113ku sav\u0101 \u0113dienkart\u0113 pat visnoslogot\u0101kaj\u0101 dien\u0101!<\/p>\n<p><img fetchpriority=\"high\" decoding=\"async\" class=\"alignleft size-medium wp-image-44406\" style=\"margin-bottom: 0px;\" src=\"https:\/\/purenature.lv\/wp-content\/uploads\/2020\/12\/organic-barley-grass-juice-vimergy-supplements-vitamins-36964104011946-1-300x300.jpg\" alt=\"\" width=\"300\" height=\"300\" srcset=\"https:\/\/old.elusvali.ee\/wp-content\/uploads\/2020\/12\/organic-barley-grass-juice-vimergy-supplements-vitamins-36964104011946-1-300x300.jpg 300w, https:\/\/old.elusvali.ee\/wp-content\/uploads\/2020\/12\/organic-barley-grass-juice-vimergy-supplements-vitamins-36964104011946-1-150x150.jpg 150w, https:\/\/old.elusvali.ee\/wp-content\/uploads\/2020\/12\/organic-barley-grass-juice-vimergy-supplements-vitamins-36964104011946-1-768x768.jpg 768w, https:\/\/old.elusvali.ee\/wp-content\/uploads\/2020\/12\/organic-barley-grass-juice-vimergy-supplements-vitamins-36964104011946-1-430x430.jpg 430w, https:\/\/old.elusvali.ee\/wp-content\/uploads\/2020\/12\/organic-barley-grass-juice-vimergy-supplements-vitamins-36964104011946-1-700x700.jpg 700w, https:\/\/old.elusvali.ee\/wp-content\/uploads\/2020\/12\/organic-barley-grass-juice-vimergy-supplements-vitamins-36964104011946-1.jpg 800w\" sizes=\"(max-width: 300px) 100vw, 300px\" \/><\/p>\n<h3>Izgatavots no augstas kvalit\u0101tes 21x koncentr\u0113tas neapstr\u0101d\u0101tas mie\u017eu sulas.<\/h3>\n<ul>\n<li>Izgatavots no auksti spiestas mie\u017eu sulas, nevis vesela mie\u017eu siena, t\u0101p\u0113c bar\u012bbas vielas tiek atbr\u012bvotas no augu \u0161\u016bn\u0101m un tiek atdal\u012btas visas augu celulozes \u0161\u0137iedras, padarot to viegl\u0101k sagremojamu un absorb\u0113jamu.<\/li>\n<li>Svar\u012bgs augu izcelsmes fitonutrientu avots.<\/li>\n<li>Sirds un asinsvadu sist\u0113mas atbalstam b\u016btisku polifenolu avots.<\/li>\n<li>Sp\u0113c\u012bgs fitonutrients polifenols antioksidantu atbalstam.<\/li>\n<li>Mie\u017eu z\u0101le at\u0161\u0137ir\u012bb\u0101 no mie\u017eu graudiem nesatur lipekli.<\/li>\n<li>Mie\u017eu sulas pulveris tiek pagatavots bez kars\u0113\u0161anas, lai izvair\u012btos no uzturvielu zuduma.<\/li>\n<\/ul>\n<p>&nbsp;<\/p>\n<p><em>* Apgalvojumi \u0146emti no Vimergy t\u012bmek\u013ca vietnes<\/em><\/p>\n<p>K\u0101 lietot mie\u017eu rap\u0161u sulas pulveri?<\/p>\n<ul>\n<li><strong>Lieto\u0161anas instrukcija<\/strong>: <span class=\"wd-attr-term\">1 t\u0113jkaroti pulvera uzdzert ar \u016bdeni,<\/span> <span class=\"wd-attr-term\">kokteil\u012b vai sajaukt ar sulu 1-4 reizes dien\u0101. Iepakojum\u0101 ir 63 devas.<\/span><\/li>\n<li><strong>Uzglab\u0101\u0161ana: <\/strong>Glab\u0101t v\u0113s\u0101, tum\u0161\u0101 viet\u0101.<br \/>\n<em>Piem\u0113ram, aizsl\u0113gt\u0101 virtuves skap\u012b b\u0113rniem nepieejam\u0101 viet\u0101. Uzglab\u0101t sausum\u0101.<\/em><\/li>\n<li><strong>Kontrindik\u0101cijas<\/strong>: Nelietot k\u0101 pilnv\u0113rt\u012bga un sabalans\u0113ta uztura aizst\u0101j\u0113ju. Gr\u016btniec\u012bbas, z\u012bd\u012b\u0161anas, medikamentu lieto\u0161anas vai vesel\u012bbas probl\u0113mu gad\u012bjum\u0101 pirms lieto\u0161anas konsult\u0113jieties ar \u0101rstu.<\/li>\n<\/ul>\n<p>Skat\u012bt ar\u012b <a href=\"https:\/\/purenature.lv\/3-biezakas-kludas-kuras-partikas-piedevas-tiek-lietotas-kad-tas-tiek-lietotas\/?_gl=1*1htr1de*_gcl_au*NDI3MzQxODMyLjE3MzQwMDk4MTU.*_ga*NzE0MDY5OTMxLjE3MzQwMDk4MTU.*_ga_G9DKBME5C1*MTczNDU0NjkxNS41LjEuMTczNDU0NzkxMS4wLjAuMA..\">3 bie\u017e\u0101k pie\u013caut\u0101s k\u013c\u016bdas, lietojot uztura bag\u0101tin\u0101t\u0101jus<\/a><\/p>\n<p><a href=\"https:\/\/vimergy.com\/\">Vimergy<\/a> ir paz\u012bstams k\u0101 viens no pasaul\u0113 visaugst\u0101k\u0101s kvalit\u0101tes ASV biolo\u0123isko uztura bag\u0101tin\u0101t\u0101ju z\u012bmoliem.<br \/>\nVisi Vimergy produkti ir ekolo\u0123iski t\u012bri, nesatur alkoholu un ir piem\u0113roti veg\u0101niem. Turkl\u0101t neviena Vimergy piedeva nesatur citronsk\u0101bi, pildvielas vai m\u0101ksl\u012bg\u0101s piedevas.<\/p>\n<p><img decoding=\"async\" class=\"aligncenter wp-image-44414 size-large\" src=\"https:\/\/purenature.lv\/wp-content\/uploads\/2020\/12\/Barley_Grass_Juice_How_To_Desktop-1300x679.png\" alt=\"\" width=\"1300\" height=\"679\" srcset=\"https:\/\/old.elusvali.ee\/wp-content\/uploads\/2020\/12\/Barley_Grass_Juice_How_To_Desktop-1300x679.png 1300w, https:\/\/old.elusvali.ee\/wp-content\/uploads\/2020\/12\/Barley_Grass_Juice_How_To_Desktop-400x209.png 400w, https:\/\/old.elusvali.ee\/wp-content\/uploads\/2020\/12\/Barley_Grass_Juice_How_To_Desktop-768x401.png 768w, https:\/\/old.elusvali.ee\/wp-content\/uploads\/2020\/12\/Barley_Grass_Juice_How_To_Desktop-1536x803.png 1536w, https:\/\/old.elusvali.ee\/wp-content\/uploads\/2020\/12\/Barley_Grass_Juice_How_To_Desktop-430x225.png 430w, https:\/\/old.elusvali.ee\/wp-content\/uploads\/2020\/12\/Barley_Grass_Juice_How_To_Desktop-700x366.png 700w, https:\/\/old.elusvali.ee\/wp-content\/uploads\/2020\/12\/Barley_Grass_Juice_How_To_Desktop-150x78.png 150w, https:\/\/old.elusvali.ee\/wp-content\/uploads\/2020\/12\/Barley_Grass_Juice_How_To_Desktop.png 2000w\" sizes=\"(max-width: 1300px) 100vw, 1300px\" \/><\/p>\n","protected":false},"excerpt":{"rendered":"<p>L\u016bk, visvienk\u0101r\u0161\u0101kais veids, k\u0101 veikt \u012bstu za\u013cu pav\u0113rsienu sav\u0101 dz\u012bv\u0113! Vimergy augstas kvalit\u0101tes organiskais mie\u017eu sulas pulveris satur t\u0101dus svar\u012bgus mikroelementus k\u0101 dzelzi, kalciju, sel\u0113nu, C un E vitam\u012bnus, neaizst\u0101jam\u0101s aminosk\u0101bes un virkni citu uzturvielu.<\/p>\n<p>Produkts ir pulvera veid\u0101. Iepakojum\u0101 ir ar\u012b m\u0113r\u012b\u0161anas aizb\u0101zni\u0146\u0161.<\/p>\n","protected":false},"featured_media":32575,"comment_status":"open","ping_status":"closed","template":"","meta":{"_acf_changed":false},"product_brand":[],"product_cat":[409,462,468,402,696],"product_tag":[412,405],"class_list":{"0":"post-35996","1":"product","2":"type-product","3":"status-publish","4":"has-post-thumbnail","6":"product_cat-imunitate","7":"product_cat-kermena-attirisana","8":"product_cat-kermenim","9":"product_cat-partikas-piedevas","10":"product_cat-vimergy-lt-lv","11":"product_tag-pulveri","12":"product_tag-vimergy-lv","14":"first","15":"instock","16":"taxable","17":"shipping-taxable","18":"purchasable","19":"product-type-variable","20":"has-default-attributes"},"acf":[],"yoast_head":"<!-- This site is optimized with the Yoast SEO plugin v25.3.1 - https:\/\/yoast.com\/wordpress\/plugins\/seo\/ -->\n<title>Vimergy mie\u017eu sulas pulveris - Pure Nature<\/title>\n<meta name=\"robots\" content=\"noindex, follow, max-snippet:-1, max-image-preview:large, max-video-preview:-1\" \/>\n<meta property=\"og:locale\" content=\"lv_LV\" \/>\n<meta property=\"og:type\" content=\"article\" \/>\n<meta property=\"og:title\" content=\"Vimergy mie\u017eu sulas pulveris - Pure Nature\" \/>\n<meta property=\"og:description\" content=\"L\u016bk, visvienk\u0101r\u0161\u0101kais veids, k\u0101 veikt \u012bstu za\u013cu pav\u0113rsienu sav\u0101 dz\u012bv\u0113! Vimergy augstas kvalit\u0101tes organiskais mie\u017eu sulas pulveris satur t\u0101dus svar\u012bgus mikroelementus k\u0101 dzelzi, kalciju, sel\u0113nu, C un E vitam\u012bnus, neaizst\u0101jam\u0101s aminosk\u0101bes un virkni citu uzturvielu.  Produkts ir pulvera veid\u0101. Iepakojum\u0101 ir ar\u012b m\u0113r\u012b\u0161anas aizb\u0101zni\u0146\u0161.\" \/>\n<meta property=\"og:url\" content=\"https:\/\/old.elusvali.ee\/lv\/produkts\/vimergy-odraorase-malts-pulveris\/\" \/>\n<meta property=\"og:site_name\" content=\"Elusv&auml;li\" \/>\n<meta property=\"article:publisher\" content=\"https:\/\/www.facebook.com\/profile.php?id=100064131067985\" \/>\n<meta property=\"article:modified_time\" content=\"2025-05-24T05:36:25+00:00\" \/>\n<meta property=\"og:image\" content=\"https:\/\/purenature.lv\/wp-content\/uploads\/2020\/12\/Odraorase-mahlapulber.jpg\" \/>\n\t<meta property=\"og:image:width\" content=\"1400\" \/>\n\t<meta property=\"og:image:height\" content=\"1400\" \/>\n\t<meta property=\"og:image:type\" content=\"image\/jpeg\" \/>\n<meta name=\"twitter:card\" content=\"summary_large_image\" \/>\n<meta name=\"twitter:label1\" content=\"Est. reading time\" \/>\n\t<meta name=\"twitter:data1\" content=\"2 minutes\" \/>\n<script type=\"application\/ld+json\" class=\"yoast-schema-graph\">{\"@context\":\"https:\/\/schema.org\",\"@graph\":[{\"@type\":\"WebPage\",\"@id\":\"https:\/\/old.elusvali.ee\/lv\/produkts\/vimergy-odraorase-malts-pulveris\/\",\"url\":\"https:\/\/old.elusvali.ee\/lv\/produkts\/vimergy-odraorase-malts-pulveris\/\",\"name\":\"Vimergy mie\u017eu sulas pulveris - Pure Nature\",\"isPartOf\":{\"@id\":\"https:\/\/old.elusvali.ee\/lv\/#website\"},\"primaryImageOfPage\":{\"@id\":\"https:\/\/old.elusvali.ee\/lv\/produkts\/vimergy-odraorase-malts-pulveris\/#primaryimage\"},\"image\":{\"@id\":\"https:\/\/old.elusvali.ee\/lv\/produkts\/vimergy-odraorase-malts-pulveris\/#primaryimage\"},\"thumbnailUrl\":\"https:\/\/old.elusvali.ee\/wp-content\/uploads\/2020\/12\/Odraorase-mahlapulber.jpg\",\"datePublished\":\"2020-12-06T11:06:59+00:00\",\"dateModified\":\"2025-05-24T05:36:25+00:00\",\"breadcrumb\":{\"@id\":\"https:\/\/old.elusvali.ee\/lv\/produkts\/vimergy-odraorase-malts-pulveris\/#breadcrumb\"},\"inLanguage\":\"lv-LV\",\"potentialAction\":[{\"@type\":\"ReadAction\",\"target\":[\"https:\/\/old.elusvali.ee\/lv\/produkts\/vimergy-odraorase-malts-pulveris\/\"]}]},{\"@type\":\"ImageObject\",\"inLanguage\":\"lv-LV\",\"@id\":\"https:\/\/old.elusvali.ee\/lv\/produkts\/vimergy-odraorase-malts-pulveris\/#primaryimage\",\"url\":\"https:\/\/old.elusvali.ee\/wp-content\/uploads\/2020\/12\/Odraorase-mahlapulber.jpg\",\"contentUrl\":\"https:\/\/old.elusvali.ee\/wp-content\/uploads\/2020\/12\/Odraorase-mahlapulber.jpg\",\"width\":1400,\"height\":1400,\"caption\":\"Mieziu zelmenu milteliai\"},{\"@type\":\"BreadcrumbList\",\"@id\":\"https:\/\/old.elusvali.ee\/lv\/produkts\/vimergy-odraorase-malts-pulveris\/#breadcrumb\",\"itemListElement\":[{\"@type\":\"ListItem\",\"position\":1,\"name\":\"Home\",\"item\":\"https:\/\/purenature.lv\/\"},{\"@type\":\"ListItem\",\"position\":2,\"name\":\"E-veikals\",\"item\":\"https:\/\/purenature.lv\/veikals\/\"},{\"@type\":\"ListItem\",\"position\":3,\"name\":\"Vimergy mie\u017eu sulas pulveris\"}]},{\"@type\":\"WebSite\",\"@id\":\"https:\/\/old.elusvali.ee\/lv\/#website\",\"url\":\"https:\/\/old.elusvali.ee\/lv\/\",\"name\":\"Elusv\u00e4li\",\"description\":\"Puhas k&ouml;&ouml;k ja koduapteek\",\"publisher\":{\"@id\":\"https:\/\/old.elusvali.ee\/lv\/#organization\"},\"potentialAction\":[{\"@type\":\"SearchAction\",\"target\":{\"@type\":\"EntryPoint\",\"urlTemplate\":\"https:\/\/old.elusvali.ee\/lv\/?s={search_term_string}\"},\"query-input\":{\"@type\":\"PropertyValueSpecification\",\"valueRequired\":true,\"valueName\":\"search_term_string\"}}],\"inLanguage\":\"lv-LV\"},{\"@type\":\"Organization\",\"@id\":\"https:\/\/old.elusvali.ee\/lv\/#organization\",\"name\":\"Elusv\u00e4li\",\"url\":\"https:\/\/old.elusvali.ee\/lv\/\",\"logo\":{\"@type\":\"ImageObject\",\"inLanguage\":\"lv-LV\",\"@id\":\"https:\/\/old.elusvali.ee\/lv\/#\/schema\/logo\/image\/\",\"url\":\"https:\/\/purenature.lt\/wp-content\/uploads\/2023\/07\/logo.png\",\"contentUrl\":\"https:\/\/purenature.lt\/wp-content\/uploads\/2023\/07\/logo.png\",\"width\":526,\"height\":146,\"caption\":\"Elusv\u00e4li\"},\"image\":{\"@id\":\"https:\/\/old.elusvali.ee\/lv\/#\/schema\/logo\/image\/\"},\"sameAs\":[\"https:\/\/www.facebook.com\/profile.php?id=100064131067985\",\"https:\/\/www.instagram.com\/elusvali\/\",\"https:\/\/www.youtube.com\/@elusvali2110\"]}]}<\/script>\n<!-- \/ Yoast SEO plugin. -->","yoast_head_json":{"title":"Vimergy mie\u017eu sulas pulveris - Pure Nature","robots":{"index":"noindex","follow":"follow","max-snippet":"max-snippet:-1","max-image-preview":"max-image-preview:large","max-video-preview":"max-video-preview:-1"},"og_locale":"lv_LV","og_type":"article","og_title":"Vimergy mie\u017eu sulas pulveris - Pure Nature","og_description":"L\u016bk, visvienk\u0101r\u0161\u0101kais veids, k\u0101 veikt \u012bstu za\u013cu pav\u0113rsienu sav\u0101 dz\u012bv\u0113! Vimergy augstas kvalit\u0101tes organiskais mie\u017eu sulas pulveris satur t\u0101dus svar\u012bgus mikroelementus k\u0101 dzelzi, kalciju, sel\u0113nu, C un E vitam\u012bnus, neaizst\u0101jam\u0101s aminosk\u0101bes un virkni citu uzturvielu.  Produkts ir pulvera veid\u0101. Iepakojum\u0101 ir ar\u012b m\u0113r\u012b\u0161anas aizb\u0101zni\u0146\u0161.","og_url":"https:\/\/old.elusvali.ee\/lv\/produkts\/vimergy-odraorase-malts-pulveris\/","og_site_name":"Elusv&auml;li","article_publisher":"https:\/\/www.facebook.com\/profile.php?id=100064131067985","article_modified_time":"2025-05-24T05:36:25+00:00","og_image":[{"width":1400,"height":1400,"url":"https:\/\/purenature.lv\/wp-content\/uploads\/2020\/12\/Odraorase-mahlapulber.jpg","type":"image\/jpeg"}],"twitter_card":"summary_large_image","twitter_misc":{"Est. reading time":"2 minutes"},"schema":{"@context":"https:\/\/schema.org","@graph":[{"@type":"WebPage","@id":"https:\/\/old.elusvali.ee\/lv\/produkts\/vimergy-odraorase-malts-pulveris\/","url":"https:\/\/old.elusvali.ee\/lv\/produkts\/vimergy-odraorase-malts-pulveris\/","name":"Vimergy mie\u017eu sulas pulveris - Pure Nature","isPartOf":{"@id":"https:\/\/old.elusvali.ee\/lv\/#website"},"primaryImageOfPage":{"@id":"https:\/\/old.elusvali.ee\/lv\/produkts\/vimergy-odraorase-malts-pulveris\/#primaryimage"},"image":{"@id":"https:\/\/old.elusvali.ee\/lv\/produkts\/vimergy-odraorase-malts-pulveris\/#primaryimage"},"thumbnailUrl":"https:\/\/old.elusvali.ee\/wp-content\/uploads\/2020\/12\/Odraorase-mahlapulber.jpg","datePublished":"2020-12-06T11:06:59+00:00","dateModified":"2025-05-24T05:36:25+00:00","breadcrumb":{"@id":"https:\/\/old.elusvali.ee\/lv\/produkts\/vimergy-odraorase-malts-pulveris\/#breadcrumb"},"inLanguage":"lv-LV","potentialAction":[{"@type":"ReadAction","target":["https:\/\/old.elusvali.ee\/lv\/produkts\/vimergy-odraorase-malts-pulveris\/"]}]},{"@type":"ImageObject","inLanguage":"lv-LV","@id":"https:\/\/old.elusvali.ee\/lv\/produkts\/vimergy-odraorase-malts-pulveris\/#primaryimage","url":"https:\/\/old.elusvali.ee\/wp-content\/uploads\/2020\/12\/Odraorase-mahlapulber.jpg","contentUrl":"https:\/\/old.elusvali.ee\/wp-content\/uploads\/2020\/12\/Odraorase-mahlapulber.jpg","width":1400,"height":1400,"caption":"Mieziu zelmenu milteliai"},{"@type":"BreadcrumbList","@id":"https:\/\/old.elusvali.ee\/lv\/produkts\/vimergy-odraorase-malts-pulveris\/#breadcrumb","itemListElement":[{"@type":"ListItem","position":1,"name":"Home","item":"https:\/\/purenature.lv\/"},{"@type":"ListItem","position":2,"name":"E-veikals","item":"https:\/\/purenature.lv\/veikals\/"},{"@type":"ListItem","position":3,"name":"Vimergy mie\u017eu sulas pulveris"}]},{"@type":"WebSite","@id":"https:\/\/old.elusvali.ee\/lv\/#website","url":"https:\/\/old.elusvali.ee\/lv\/","name":"Elusv\u00e4li","description":"Puhas k&ouml;&ouml;k ja koduapteek","publisher":{"@id":"https:\/\/old.elusvali.ee\/lv\/#organization"},"potentialAction":[{"@type":"SearchAction","target":{"@type":"EntryPoint","urlTemplate":"https:\/\/old.elusvali.ee\/lv\/?s={search_term_string}"},"query-input":{"@type":"PropertyValueSpecification","valueRequired":true,"valueName":"search_term_string"}}],"inLanguage":"lv-LV"},{"@type":"Organization","@id":"https:\/\/old.elusvali.ee\/lv\/#organization","name":"Elusv\u00e4li","url":"https:\/\/old.elusvali.ee\/lv\/","logo":{"@type":"ImageObject","inLanguage":"lv-LV","@id":"https:\/\/old.elusvali.ee\/lv\/#\/schema\/logo\/image\/","url":"https:\/\/purenature.lt\/wp-content\/uploads\/2023\/07\/logo.png","contentUrl":"https:\/\/purenature.lt\/wp-content\/uploads\/2023\/07\/logo.png","width":526,"height":146,"caption":"Elusv\u00e4li"},"image":{"@id":"https:\/\/old.elusvali.ee\/lv\/#\/schema\/logo\/image\/"},"sameAs":["https:\/\/www.facebook.com\/profile.php?id=100064131067985","https:\/\/www.instagram.com\/elusvali\/","https:\/\/www.youtube.com\/@elusvali2110"]}]}},"_links":{"self":[{"href":"https:\/\/old.elusvali.ee\/lv\/wp-json\/wp\/v2\/product\/35996","targetHints":{"allow":["GET"]}}],"collection":[{"href":"https:\/\/old.elusvali.ee\/lv\/wp-json\/wp\/v2\/product"}],"about":[{"href":"https:\/\/old.elusvali.ee\/lv\/wp-json\/wp\/v2\/types\/product"}],"replies":[{"embeddable":true,"href":"https:\/\/old.elusvali.ee\/lv\/wp-json\/wp\/v2\/comments?post=35996"}],"version-history":[{"count":4,"href":"https:\/\/old.elusvali.ee\/lv\/wp-json\/wp\/v2\/product\/35996\/revisions"}],"predecessor-version":[{"id":66787,"href":"https:\/\/old.elusvali.ee\/lv\/wp-json\/wp\/v2\/product\/35996\/revisions\/66787"}],"wp:featuredmedia":[{"embeddable":true,"href":"https:\/\/old.elusvali.ee\/lv\/wp-json\/wp\/v2\/media\/32575"}],"wp:attachment":[{"href":"https:\/\/old.elusvali.ee\/lv\/wp-json\/wp\/v2\/media?parent=35996"}],"wp:term":[{"taxonomy":"product_brand","embeddable":true,"href":"https:\/\/old.elusvali.ee\/lv\/wp-json\/wp\/v2\/product_brand?post=35996"},{"taxonomy":"product_cat","embeddable":true,"href":"https:\/\/old.elusvali.ee\/lv\/wp-json\/wp\/v2\/product_cat?post=35996"},{"taxonomy":"product_tag","embeddable":true,"href":"https:\/\/old.elusvali.ee\/lv\/wp-json\/wp\/v2\/product_tag?post=35996"}],"curies":[{"name":"wp","href":"https:\/\/api.w.org\/{rel}","templated":true}]}}