{"id":35995,"date":"2020-12-06T12:22:44","date_gmt":"2020-12-06T10:22:44","guid":{"rendered":"https:\/\/old.elusvali.ee\/product\/vimergy-gaba-60-kapsulas\/"},"modified":"2025-07-07T21:30:10","modified_gmt":"2025-07-07T18:30:10","slug":"vimergy-gaba-60-kapsulas","status":"publish","type":"product","link":"https:\/\/old.elusvali.ee\/lv\/produkts\/vimergy-gaba-60-kapsulas\/","title":{"rendered":"Vimergy GABA &#8211; 60 kapsulas"},"content":{"rendered":"<p>GABA ir \u013coti svar\u012bga viela nervu sist\u0113mas pareizai darb\u012bbai. Tas ir galvenais inhib\u0113jo\u0161ais neiromediators cilv\u0113ka smadze\u0146u garoz\u0101, kas pal\u012bdz nom\u0101kt p\u0101rm\u0113r\u012bgu smadze\u0146u stimul\u0101ciju. Ja lietojat 750-800 mg GABA, tas uzlabo j\u016bsu koncentr\u0113\u0161an\u0101s sp\u0113jas. Magnijs ir nepiecie\u0161ams DNS un RNS sint\u0113zei, \u0161\u016bnu vesel\u012bbai un \u0161\u016bnu ener\u0123ijas ra\u017eo\u0161anai. Magnijam ir svar\u012bga noz\u012bme neirolo\u0123isko funkciju norm\u0101l\u0101 darb\u012bb\u0101, un tas ir nepiecie\u0161ams kofaktors vair\u0101k nek\u0101 300 enz\u012bmu sist\u0113m\u0101m.<\/p>\n<p><img fetchpriority=\"high\" decoding=\"async\" class=\"alignleft size-medium wp-image-44324\" style=\"margin-bottom: 0px;\" src=\"https:\/\/purenature.lv\/wp-content\/uploads\/2020\/12\/gaba-vimergy-supplements-vitamins-36312790466730-300x300.jpg\" alt=\"\" width=\"300\" height=\"300\" srcset=\"https:\/\/old.elusvali.ee\/wp-content\/uploads\/2020\/12\/gaba-vimergy-supplements-vitamins-36312790466730-300x300.jpg 300w, https:\/\/old.elusvali.ee\/wp-content\/uploads\/2020\/12\/gaba-vimergy-supplements-vitamins-36312790466730-150x150.jpg 150w, https:\/\/old.elusvali.ee\/wp-content\/uploads\/2020\/12\/gaba-vimergy-supplements-vitamins-36312790466730-768x768.jpg 768w, https:\/\/old.elusvali.ee\/wp-content\/uploads\/2020\/12\/gaba-vimergy-supplements-vitamins-36312790466730-430x430.jpg 430w, https:\/\/old.elusvali.ee\/wp-content\/uploads\/2020\/12\/gaba-vimergy-supplements-vitamins-36312790466730-700x700.jpg 700w, https:\/\/old.elusvali.ee\/wp-content\/uploads\/2020\/12\/gaba-vimergy-supplements-vitamins-36312790466730.jpg 800w\" sizes=\"(max-width: 300px) 100vw, 300px\" \/><\/p>\n<ul>\n<li>GABA pal\u012bdz organismam atsl\u0101bin\u0101ties un nomierin\u0101ties.<\/li>\n<li>GABA pal\u012bdz organismam lab\u0101k rea\u0123\u0113t uz stresa situ\u0101cij\u0101m.<\/li>\n<li>Katra kapsula satur 250 mg GABA un 50 mg magnija glicin\u0101ta.<\/li>\n<li>Vimergy GABA nesatur \u0122MO, lipekli, glut\u0113nu, ir ko\u0161era, nesatur soju, ir piem\u0113rots veg\u0101niem un paleodi\u0113tai.<\/li>\n<li>Nesatur citronsk\u0101bi vai \u017eelat\u012bnu.<\/li>\n<\/ul>\n<p><em>* Apgalvojumi \u0146emti no Vimergy t\u012bmek\u013ca vietnes<\/em><\/p>\n<h2>K\u0101 lietot GABA?<\/h2>\n<ul>\n<li><strong>Lieto\u0161anas instrukcija<\/strong>: lietojiet 1 l\u012bdz 2 kapsulas dien\u0101, uzdzerot \u016bdeni. 60 devas burci\u0146\u0101.<\/li>\n<li><strong>Uzglab\u0101\u0161ana: <\/strong>Glab\u0101t v\u0113s\u0101, tum\u0161\u0101 viet\u0101. <em>Piem\u0113ram, aizsl\u0113gt\u0101 virtuves skap\u012b b\u0113rniem nepieejam\u0101 viet\u0101.<br \/>\n<\/em><\/li>\n<li><strong>Kontrindik\u0101cijas<\/strong>: Nelietot k\u0101 pilnv\u0113rt\u012bga un sabalans\u0113ta uztura aizst\u0101j\u0113ju. Gr\u016btniec\u012bbas, z\u012bd\u012b\u0161anas, medikamentu lieto\u0161anas vai vesel\u012bbas probl\u0113mu gad\u012bjum\u0101 pirms lieto\u0161anas konsult\u0113jieties ar \u0101rstu.<\/li>\n<\/ul>\n<p>Skat\u012bt ar\u012b <a href=\"https:\/\/purenature.lv\/3-biezakas-kludas-kuras-partikas-piedevas-tiek-lietotas-kad-tas-tiek-lietotas\/?_gl=1*1htr1de*_gcl_au*NDI3MzQxODMyLjE3MzQwMDk4MTU.*_ga*NzE0MDY5OTMxLjE3MzQwMDk4MTU.*_ga_G9DKBME5C1*MTczNDU0NjkxNS41LjEuMTczNDU0NzkxMS4wLjAuMA..\">3 bie\u017e\u0101k pie\u013caut\u0101s k\u013c\u016bdas, lietojot uztura bag\u0101tin\u0101t\u0101jus<\/a><\/p>\n<p><a href=\"https:\/\/vimergy.com\/\">Vimergy<\/a> ir paz\u012bstams k\u0101 viens no pasaul\u0113 augst\u0101k\u0101s kvalit\u0101tes ASV biolo\u0123isko uztura bag\u0101tin\u0101t\u0101ju z\u012bmoliem.<br \/>\nVisi Vimergy produkti ir ekolo\u0123iski t\u012bri, nesatur alkoholu un ir piem\u0113roti veg\u0101niem.<br \/>\nTurkl\u0101t neviena Vimergy piedeva nesatur citronsk\u0101bi, pildvielas vai m\u0101ksl\u012bg\u0101s piedevas.<\/p>\n<p><img decoding=\"async\" class=\"aligncenter wp-image-44331 size-large\" src=\"https:\/\/purenature.lv\/wp-content\/uploads\/2020\/12\/Gaba_How_To_Desktop-1300x679.png\" alt=\"\" width=\"1300\" height=\"679\" srcset=\"https:\/\/old.elusvali.ee\/wp-content\/uploads\/2020\/12\/Gaba_How_To_Desktop-1300x679.png 1300w, https:\/\/old.elusvali.ee\/wp-content\/uploads\/2020\/12\/Gaba_How_To_Desktop-400x209.png 400w, https:\/\/old.elusvali.ee\/wp-content\/uploads\/2020\/12\/Gaba_How_To_Desktop-768x401.png 768w, https:\/\/old.elusvali.ee\/wp-content\/uploads\/2020\/12\/Gaba_How_To_Desktop-1536x803.png 1536w, https:\/\/old.elusvali.ee\/wp-content\/uploads\/2020\/12\/Gaba_How_To_Desktop-430x225.png 430w, https:\/\/old.elusvali.ee\/wp-content\/uploads\/2020\/12\/Gaba_How_To_Desktop-700x366.png 700w, https:\/\/old.elusvali.ee\/wp-content\/uploads\/2020\/12\/Gaba_How_To_Desktop-150x78.png 150w, https:\/\/old.elusvali.ee\/wp-content\/uploads\/2020\/12\/Gaba_How_To_Desktop.png 2000w\" sizes=\"(max-width: 1300px) 100vw, 1300px\" \/><\/p>\n","protected":false},"excerpt":{"rendered":"<p>M\u016bsdienu nebeidzamaj\u0101 steig\u0101 daudzi no mums var\u0113tu sa\u0146emt pal\u012bdz\u012bbu, lai pien\u0101c\u012bgi atp\u016bstos! GABA (gamma-aminosviestsk\u0101be) veicina relaks\u0101ciju un pal\u012bdz vesel\u012bgi rea\u0123\u0113t uz stresa situ\u0101cij\u0101m. Katr\u0101 kapsul\u0101 ir 250 mg GABA un 50 mg magnija glicin\u0101ta. Magnijam ir svar\u012bga noz\u012bme neirolo\u0123isko funkciju nodro\u0161in\u0101\u0161an\u0101. Vimergy GABA ar magniju ir viens no m\u016bsu iecien\u012bt\u0101kajiem ikdienas uztura bag\u0101tin\u0101t\u0101jiem, kas pal\u012bdz p\u0101rvar\u0113t negaid\u012btus stresa faktorus.<\/p>\n","protected":false},"featured_media":32359,"comment_status":"open","ping_status":"closed","template":"","meta":{"_acf_changed":false},"product_brand":[],"product_cat":[774,468,402,408,696],"product_tag":[406,405],"class_list":{"0":"post-35995","1":"product","2":"type-product","3":"status-publish","4":"has-post-thumbnail","6":"product_cat-garigajai-veselibai","7":"product_cat-kermenim","8":"product_cat-partikas-piedevas","9":"product_cat-smadzenu-veseliba","10":"product_cat-vimergy-lt-lv","11":"product_tag-kapsulas","12":"product_tag-vimergy-lv","14":"first","15":"instock","16":"taxable","17":"shipping-taxable","18":"purchasable","19":"product-type-simple"},"acf":[],"yoast_head":"<!-- This site is optimized with the Yoast SEO plugin v25.3.1 - https:\/\/yoast.com\/wordpress\/plugins\/seo\/ -->\n<title>Vimergy GABA - 60 kapsulas - Pure Nature<\/title>\n<meta name=\"robots\" content=\"noindex, follow, max-snippet:-1, max-image-preview:large, max-video-preview:-1\" \/>\n<meta property=\"og:locale\" content=\"lv_LV\" \/>\n<meta property=\"og:type\" content=\"article\" \/>\n<meta property=\"og:title\" content=\"Vimergy GABA - 60 kapsulas - Pure Nature\" \/>\n<meta property=\"og:description\" content=\"M\u016bsdienu nebeidzamaj\u0101 steig\u0101 daudzi no mums var\u0113tu sa\u0146emt pal\u012bdz\u012bbu, lai pien\u0101c\u012bgi atp\u016bstos! GABA (gamma-aminosviestsk\u0101be) veicina relaks\u0101ciju un pal\u012bdz vesel\u012bgi rea\u0123\u0113t uz stresa situ\u0101cij\u0101m. Katr\u0101 kapsul\u0101 ir 250 mg GABA un 50 mg magnija glicin\u0101ta. Magnijam ir svar\u012bga noz\u012bme neirolo\u0123isko funkciju nodro\u0161in\u0101\u0161an\u0101. Vimergy GABA ar magniju ir viens no m\u016bsu iecien\u012bt\u0101kajiem ikdienas uztura bag\u0101tin\u0101t\u0101jiem, kas pal\u012bdz p\u0101rvar\u0113t negaid\u012btus stresa faktorus.\" \/>\n<meta property=\"og:url\" content=\"https:\/\/old.elusvali.ee\/lv\/produkts\/vimergy-gaba-60-kapsulas\/\" \/>\n<meta property=\"og:site_name\" content=\"Elusv&auml;li\" \/>\n<meta property=\"article:publisher\" content=\"https:\/\/www.facebook.com\/profile.php?id=100064131067985\" \/>\n<meta property=\"article:modified_time\" content=\"2025-07-07T18:30:10+00:00\" \/>\n<meta property=\"og:image\" content=\"https:\/\/old.elusvali.ee\/wp-content\/uploads\/2020\/12\/Vimergy-Gaba-eesti.jpg\" \/>\n\t<meta property=\"og:image:width\" content=\"1400\" \/>\n\t<meta property=\"og:image:height\" content=\"1400\" \/>\n\t<meta property=\"og:image:type\" content=\"image\/jpeg\" \/>\n<meta name=\"twitter:card\" content=\"summary_large_image\" \/>\n<meta name=\"twitter:label1\" content=\"Est. reading time\" \/>\n\t<meta name=\"twitter:data1\" content=\"2 minutes\" \/>\n<script type=\"application\/ld+json\" class=\"yoast-schema-graph\">{\"@context\":\"https:\/\/schema.org\",\"@graph\":[{\"@type\":\"WebPage\",\"@id\":\"https:\/\/old.elusvali.ee\/lv\/produkts\/vimergy-gaba-60-kapsulas\/\",\"url\":\"https:\/\/old.elusvali.ee\/lv\/produkts\/vimergy-gaba-60-kapsulas\/\",\"name\":\"Vimergy GABA - 60 kapsulas - Pure Nature\",\"isPartOf\":{\"@id\":\"https:\/\/old.elusvali.ee\/lv\/#website\"},\"primaryImageOfPage\":{\"@id\":\"https:\/\/old.elusvali.ee\/lv\/produkts\/vimergy-gaba-60-kapsulas\/#primaryimage\"},\"image\":{\"@id\":\"https:\/\/old.elusvali.ee\/lv\/produkts\/vimergy-gaba-60-kapsulas\/#primaryimage\"},\"thumbnailUrl\":\"https:\/\/old.elusvali.ee\/wp-content\/uploads\/2020\/12\/Vimergy-Gaba-eesti.jpg\",\"datePublished\":\"2020-12-06T10:22:44+00:00\",\"dateModified\":\"2025-07-07T18:30:10+00:00\",\"breadcrumb\":{\"@id\":\"https:\/\/old.elusvali.ee\/lv\/produkts\/vimergy-gaba-60-kapsulas\/#breadcrumb\"},\"inLanguage\":\"lv-LV\",\"potentialAction\":[{\"@type\":\"ReadAction\",\"target\":[\"https:\/\/old.elusvali.ee\/lv\/produkts\/vimergy-gaba-60-kapsulas\/\"]}]},{\"@type\":\"ImageObject\",\"inLanguage\":\"lv-LV\",\"@id\":\"https:\/\/old.elusvali.ee\/lv\/produkts\/vimergy-gaba-60-kapsulas\/#primaryimage\",\"url\":\"https:\/\/old.elusvali.ee\/wp-content\/uploads\/2020\/12\/Vimergy-Gaba-eesti.jpg\",\"contentUrl\":\"https:\/\/old.elusvali.ee\/wp-content\/uploads\/2020\/12\/Vimergy-Gaba-eesti.jpg\",\"width\":1400,\"height\":1400,\"caption\":\"Gaba maisto papildas\"},{\"@type\":\"BreadcrumbList\",\"@id\":\"https:\/\/old.elusvali.ee\/lv\/produkts\/vimergy-gaba-60-kapsulas\/#breadcrumb\",\"itemListElement\":[{\"@type\":\"ListItem\",\"position\":1,\"name\":\"Home\",\"item\":\"https:\/\/purenature.lv\/\"},{\"@type\":\"ListItem\",\"position\":2,\"name\":\"E-veikals\",\"item\":\"https:\/\/purenature.lv\/veikals\/\"},{\"@type\":\"ListItem\",\"position\":3,\"name\":\"Vimergy GABA &#8211; 60 kapsulas\"}]},{\"@type\":\"WebSite\",\"@id\":\"https:\/\/old.elusvali.ee\/lv\/#website\",\"url\":\"https:\/\/old.elusvali.ee\/lv\/\",\"name\":\"Elusv\u00e4li\",\"description\":\"Puhas k&ouml;&ouml;k ja koduapteek\",\"publisher\":{\"@id\":\"https:\/\/old.elusvali.ee\/lv\/#organization\"},\"potentialAction\":[{\"@type\":\"SearchAction\",\"target\":{\"@type\":\"EntryPoint\",\"urlTemplate\":\"https:\/\/old.elusvali.ee\/lv\/?s={search_term_string}\"},\"query-input\":{\"@type\":\"PropertyValueSpecification\",\"valueRequired\":true,\"valueName\":\"search_term_string\"}}],\"inLanguage\":\"lv-LV\"},{\"@type\":\"Organization\",\"@id\":\"https:\/\/old.elusvali.ee\/lv\/#organization\",\"name\":\"Elusv\u00e4li\",\"url\":\"https:\/\/old.elusvali.ee\/lv\/\",\"logo\":{\"@type\":\"ImageObject\",\"inLanguage\":\"lv-LV\",\"@id\":\"https:\/\/old.elusvali.ee\/lv\/#\/schema\/logo\/image\/\",\"url\":\"https:\/\/purenature.lt\/wp-content\/uploads\/2023\/07\/logo.png\",\"contentUrl\":\"https:\/\/purenature.lt\/wp-content\/uploads\/2023\/07\/logo.png\",\"width\":526,\"height\":146,\"caption\":\"Elusv\u00e4li\"},\"image\":{\"@id\":\"https:\/\/old.elusvali.ee\/lv\/#\/schema\/logo\/image\/\"},\"sameAs\":[\"https:\/\/www.facebook.com\/profile.php?id=100064131067985\",\"https:\/\/www.instagram.com\/elusvali\/\",\"https:\/\/www.youtube.com\/@elusvali2110\"]}]}<\/script>\n<!-- \/ Yoast SEO plugin. -->","yoast_head_json":{"title":"Vimergy GABA - 60 kapsulas - Pure Nature","robots":{"index":"noindex","follow":"follow","max-snippet":"max-snippet:-1","max-image-preview":"max-image-preview:large","max-video-preview":"max-video-preview:-1"},"og_locale":"lv_LV","og_type":"article","og_title":"Vimergy GABA - 60 kapsulas - Pure Nature","og_description":"M\u016bsdienu nebeidzamaj\u0101 steig\u0101 daudzi no mums var\u0113tu sa\u0146emt pal\u012bdz\u012bbu, lai pien\u0101c\u012bgi atp\u016bstos! GABA (gamma-aminosviestsk\u0101be) veicina relaks\u0101ciju un pal\u012bdz vesel\u012bgi rea\u0123\u0113t uz stresa situ\u0101cij\u0101m. Katr\u0101 kapsul\u0101 ir 250 mg GABA un 50 mg magnija glicin\u0101ta. Magnijam ir svar\u012bga noz\u012bme neirolo\u0123isko funkciju nodro\u0161in\u0101\u0161an\u0101. Vimergy GABA ar magniju ir viens no m\u016bsu iecien\u012bt\u0101kajiem ikdienas uztura bag\u0101tin\u0101t\u0101jiem, kas pal\u012bdz p\u0101rvar\u0113t negaid\u012btus stresa faktorus.","og_url":"https:\/\/old.elusvali.ee\/lv\/produkts\/vimergy-gaba-60-kapsulas\/","og_site_name":"Elusv&auml;li","article_publisher":"https:\/\/www.facebook.com\/profile.php?id=100064131067985","article_modified_time":"2025-07-07T18:30:10+00:00","og_image":[{"width":1400,"height":1400,"url":"https:\/\/old.elusvali.ee\/wp-content\/uploads\/2020\/12\/Vimergy-Gaba-eesti.jpg","type":"image\/jpeg"}],"twitter_card":"summary_large_image","twitter_misc":{"Est. reading time":"2 minutes"},"schema":{"@context":"https:\/\/schema.org","@graph":[{"@type":"WebPage","@id":"https:\/\/old.elusvali.ee\/lv\/produkts\/vimergy-gaba-60-kapsulas\/","url":"https:\/\/old.elusvali.ee\/lv\/produkts\/vimergy-gaba-60-kapsulas\/","name":"Vimergy GABA - 60 kapsulas - Pure Nature","isPartOf":{"@id":"https:\/\/old.elusvali.ee\/lv\/#website"},"primaryImageOfPage":{"@id":"https:\/\/old.elusvali.ee\/lv\/produkts\/vimergy-gaba-60-kapsulas\/#primaryimage"},"image":{"@id":"https:\/\/old.elusvali.ee\/lv\/produkts\/vimergy-gaba-60-kapsulas\/#primaryimage"},"thumbnailUrl":"https:\/\/old.elusvali.ee\/wp-content\/uploads\/2020\/12\/Vimergy-Gaba-eesti.jpg","datePublished":"2020-12-06T10:22:44+00:00","dateModified":"2025-07-07T18:30:10+00:00","breadcrumb":{"@id":"https:\/\/old.elusvali.ee\/lv\/produkts\/vimergy-gaba-60-kapsulas\/#breadcrumb"},"inLanguage":"lv-LV","potentialAction":[{"@type":"ReadAction","target":["https:\/\/old.elusvali.ee\/lv\/produkts\/vimergy-gaba-60-kapsulas\/"]}]},{"@type":"ImageObject","inLanguage":"lv-LV","@id":"https:\/\/old.elusvali.ee\/lv\/produkts\/vimergy-gaba-60-kapsulas\/#primaryimage","url":"https:\/\/old.elusvali.ee\/wp-content\/uploads\/2020\/12\/Vimergy-Gaba-eesti.jpg","contentUrl":"https:\/\/old.elusvali.ee\/wp-content\/uploads\/2020\/12\/Vimergy-Gaba-eesti.jpg","width":1400,"height":1400,"caption":"Gaba maisto papildas"},{"@type":"BreadcrumbList","@id":"https:\/\/old.elusvali.ee\/lv\/produkts\/vimergy-gaba-60-kapsulas\/#breadcrumb","itemListElement":[{"@type":"ListItem","position":1,"name":"Home","item":"https:\/\/purenature.lv\/"},{"@type":"ListItem","position":2,"name":"E-veikals","item":"https:\/\/purenature.lv\/veikals\/"},{"@type":"ListItem","position":3,"name":"Vimergy GABA &#8211; 60 kapsulas"}]},{"@type":"WebSite","@id":"https:\/\/old.elusvali.ee\/lv\/#website","url":"https:\/\/old.elusvali.ee\/lv\/","name":"Elusv\u00e4li","description":"Puhas k&ouml;&ouml;k ja koduapteek","publisher":{"@id":"https:\/\/old.elusvali.ee\/lv\/#organization"},"potentialAction":[{"@type":"SearchAction","target":{"@type":"EntryPoint","urlTemplate":"https:\/\/old.elusvali.ee\/lv\/?s={search_term_string}"},"query-input":{"@type":"PropertyValueSpecification","valueRequired":true,"valueName":"search_term_string"}}],"inLanguage":"lv-LV"},{"@type":"Organization","@id":"https:\/\/old.elusvali.ee\/lv\/#organization","name":"Elusv\u00e4li","url":"https:\/\/old.elusvali.ee\/lv\/","logo":{"@type":"ImageObject","inLanguage":"lv-LV","@id":"https:\/\/old.elusvali.ee\/lv\/#\/schema\/logo\/image\/","url":"https:\/\/purenature.lt\/wp-content\/uploads\/2023\/07\/logo.png","contentUrl":"https:\/\/purenature.lt\/wp-content\/uploads\/2023\/07\/logo.png","width":526,"height":146,"caption":"Elusv\u00e4li"},"image":{"@id":"https:\/\/old.elusvali.ee\/lv\/#\/schema\/logo\/image\/"},"sameAs":["https:\/\/www.facebook.com\/profile.php?id=100064131067985","https:\/\/www.instagram.com\/elusvali\/","https:\/\/www.youtube.com\/@elusvali2110"]}]}},"_links":{"self":[{"href":"https:\/\/old.elusvali.ee\/lv\/wp-json\/wp\/v2\/product\/35995","targetHints":{"allow":["GET"]}}],"collection":[{"href":"https:\/\/old.elusvali.ee\/lv\/wp-json\/wp\/v2\/product"}],"about":[{"href":"https:\/\/old.elusvali.ee\/lv\/wp-json\/wp\/v2\/types\/product"}],"replies":[{"embeddable":true,"href":"https:\/\/old.elusvali.ee\/lv\/wp-json\/wp\/v2\/comments?post=35995"}],"version-history":[{"count":2,"href":"https:\/\/old.elusvali.ee\/lv\/wp-json\/wp\/v2\/product\/35995\/revisions"}],"predecessor-version":[{"id":66575,"href":"https:\/\/old.elusvali.ee\/lv\/wp-json\/wp\/v2\/product\/35995\/revisions\/66575"}],"wp:featuredmedia":[{"embeddable":true,"href":"https:\/\/old.elusvali.ee\/lv\/wp-json\/wp\/v2\/media\/32359"}],"wp:attachment":[{"href":"https:\/\/old.elusvali.ee\/lv\/wp-json\/wp\/v2\/media?parent=35995"}],"wp:term":[{"taxonomy":"product_brand","embeddable":true,"href":"https:\/\/old.elusvali.ee\/lv\/wp-json\/wp\/v2\/product_brand?post=35995"},{"taxonomy":"product_cat","embeddable":true,"href":"https:\/\/old.elusvali.ee\/lv\/wp-json\/wp\/v2\/product_cat?post=35995"},{"taxonomy":"product_tag","embeddable":true,"href":"https:\/\/old.elusvali.ee\/lv\/wp-json\/wp\/v2\/product_tag?post=35995"}],"curies":[{"name":"wp","href":"https:\/\/api.w.org\/{rel}","templated":true}]}}