{"id":35994,"date":"2020-12-06T12:19:03","date_gmt":"2020-12-06T10:19:03","guid":{"rendered":"https:\/\/old.elusvali.ee\/product\/vimergy-glutations-60-kapsulas\/"},"modified":"2025-06-12T20:49:26","modified_gmt":"2025-06-12T17:49:26","slug":"vimergy-glutations-60-kapsulas","status":"publish","type":"product","link":"https:\/\/old.elusvali.ee\/lv\/produkts\/vimergy-glutations-60-kapsulas\/","title":{"rendered":"Vimergy Glutations &#8211; 60 kapsulas"},"content":{"rendered":"<p>Glutations ir neliels prote\u012bns, kas sast\u0101v no ciste\u012bna, glutam\u0101ta un glic\u012bna un ir sastopams piln\u012bgi vis\u0101s \u0137erme\u0146a \u0161\u016bn\u0101s. T\u0101 ir olbaltumviela, kas ir \u013coti svar\u012bga \u0161\u016bnu un im\u016bnsist\u0113mas vesel\u012bbai, pal\u012bdz samazin\u0101t br\u012bvo radik\u0101\u013cu iedarb\u012bbu un ir iesaist\u012bta ar\u012b organisma dabiskaj\u0101 detoksik\u0101cijas proces\u0101.<\/p>\n<p><img fetchpriority=\"high\" decoding=\"async\" class=\"alignleft size-medium wp-image-44310\" style=\"margin-bottom: 0px;\" src=\"https:\/\/purenature.lv\/wp-content\/uploads\/2020\/12\/glutathione-vimergy-supplements-vitamins-36312796725418-300x300.jpg\" alt=\"\" width=\"300\" height=\"300\" srcset=\"https:\/\/old.elusvali.ee\/wp-content\/uploads\/2020\/12\/glutathione-vimergy-supplements-vitamins-36312796725418-300x300.jpg 300w, https:\/\/old.elusvali.ee\/wp-content\/uploads\/2020\/12\/glutathione-vimergy-supplements-vitamins-36312796725418-150x150.jpg 150w, https:\/\/old.elusvali.ee\/wp-content\/uploads\/2020\/12\/glutathione-vimergy-supplements-vitamins-36312796725418-768x768.jpg 768w, https:\/\/old.elusvali.ee\/wp-content\/uploads\/2020\/12\/glutathione-vimergy-supplements-vitamins-36312796725418-430x430.jpg 430w, https:\/\/old.elusvali.ee\/wp-content\/uploads\/2020\/12\/glutathione-vimergy-supplements-vitamins-36312796725418-700x700.jpg 700w, https:\/\/old.elusvali.ee\/wp-content\/uploads\/2020\/12\/glutathione-vimergy-supplements-vitamins-36312796725418.jpg 800w\" sizes=\"(max-width: 300px) 100vw, 300px\" \/><\/p>\n<ul>\n<li>Glutationam ir vair\u0101kas b\u016btiskas vielmai\u0146as funkcijas, kas pal\u012bdz nodro\u0161in\u0101t labu \u0161\u016bnu vesel\u012bbu.<\/li>\n<li>Glutationam ir b\u016btiska noz\u012bme oksidat\u012bv\u0101 stresa un im\u016bnsist\u0113mas funkciju regul\u0113\u0161an\u0101.<\/li>\n<li>Glutations ir iesaist\u012bts organisma detoksik\u0101cijas procesos. Glutations piesaist\u0101s taukos \u0161\u0137\u012bsto\u0161iem toks\u012bniem, piem\u0113ram, smagajiem met\u0101liem un pestic\u012bdiem, un padara tos \u016bden\u012b \u0161\u0137\u012bsto\u0161us, lai organisms tos var\u0113tu izvad\u012bt ar ur\u012bnu.<\/li>\n<li>Glutationam ir svar\u012bga loma C un E vitam\u012bnu re\u0123ener\u0101cij\u0101 organism\u0101.<\/li>\n<li>Glutations pal\u012bdz samazin\u0101t br\u012bvo radik\u0101\u013cu daudzumu organism\u0101.<\/li>\n<li>Katra kapsula satur 150 mg glutationa.<\/li>\n<li><a href=\"https:\/\/vimergy.com\">Vimergy<\/a> glutations nesatur \u0122MO, glut\u0113nu, ir nekait\u012bgs, bez lipek\u013ca, ko\u0161era, bez sojas, piem\u0113rots veg\u0101niem un paleodi\u0113tai.<\/li>\n<li>Produkts nesatur citronsk\u0101bi, r\u012bsu miltus un \u017eelat\u012bnu.<\/li>\n<\/ul>\n<p><em>* Apgalvojumi \u0146emti no Vimergy t\u012bmek\u013ca vietnes<\/em><\/p>\n<h2>K\u0101 lietot glutationu?<\/h2>\n<ul>\n<li><strong>Lieto\u0161anas instrukcija<\/strong>: lietojiet 1 l\u012bdz 2 kapsulas dien\u0101, uzdzerot \u016bdeni. 60 devas burci\u0146\u0101.<\/li>\n<li><strong>Uzglab\u0101\u0161ana: <\/strong>Glab\u0101t v\u0113s\u0101, tum\u0161\u0101 viet\u0101.<br \/>\n<em>Piem\u0113ram, aizsl\u0113gt\u0101 virtuves skap\u012b b\u0113rniem nepieejam\u0101 viet\u0101.<br \/>\n<\/em><\/li>\n<li><strong>Kontrindik\u0101cijas<\/strong>: Nelietot k\u0101 pilnv\u0113rt\u012bga un sabalans\u0113ta uztura aizst\u0101j\u0113ju. Gr\u016btniec\u012bbas, z\u012bd\u012b\u0161anas, medikamentu lieto\u0161anas vai vesel\u012bbas probl\u0113mu gad\u012bjum\u0101 pirms lieto\u0161anas konsult\u0113jieties ar \u0101rstu.<\/li>\n<\/ul>\n<p>Skat\u012bt ar\u012b <a href=\"https:\/\/purenature.lv\/3-biezakas-kludas-kuras-partikas-piedevas-tiek-lietotas-kad-tas-tiek-lietotas\/?_gl=1*1htr1de*_gcl_au*NDI3MzQxODMyLjE3MzQwMDk4MTU.*_ga*NzE0MDY5OTMxLjE3MzQwMDk4MTU.*_ga_G9DKBME5C1*MTczNDU0NjkxNS41LjEuMTczNDU0NzkxMS4wLjAuMA..\">3 bie\u017e\u0101k pie\u013caut\u0101s k\u013c\u016bdas, lietojot uztura bag\u0101tin\u0101t\u0101jus<\/a><\/p>\n<p><a href=\"https:\/\/vimergy.com\/\">Vimergy<\/a> ir paz\u012bstams k\u0101 viens no pasaul\u0113 augst\u0101k\u0101s kvalit\u0101tes ASV biolo\u0123isko uztura bag\u0101tin\u0101t\u0101ju z\u012bmoliem.<br \/>\nVisi Vimergy produkti ir ekolo\u0123iski t\u012bri, nesatur alkoholu un ir piem\u0113roti veg\u0101niem.<br \/>\nTurkl\u0101t neviena Vimergy piedeva nesatur citronsk\u0101bi, pildvielas vai m\u0101ksl\u012bg\u0101s piedevas.<\/p>\n<p><img decoding=\"async\" class=\"aligncenter size-full wp-image-44315\" src=\"https:\/\/purenature.lv\/wp-content\/uploads\/2020\/12\/Glutathione_How_To_Desktop.png\" alt=\"\" width=\"2000\" height=\"1045\" srcset=\"https:\/\/old.elusvali.ee\/wp-content\/uploads\/2020\/12\/Glutathione_How_To_Desktop.png 2000w, https:\/\/old.elusvali.ee\/wp-content\/uploads\/2020\/12\/Glutathione_How_To_Desktop-400x209.png 400w, https:\/\/old.elusvali.ee\/wp-content\/uploads\/2020\/12\/Glutathione_How_To_Desktop-1300x679.png 1300w, https:\/\/old.elusvali.ee\/wp-content\/uploads\/2020\/12\/Glutathione_How_To_Desktop-768x401.png 768w, https:\/\/old.elusvali.ee\/wp-content\/uploads\/2020\/12\/Glutathione_How_To_Desktop-1536x803.png 1536w, https:\/\/old.elusvali.ee\/wp-content\/uploads\/2020\/12\/Glutathione_How_To_Desktop-430x225.png 430w, https:\/\/old.elusvali.ee\/wp-content\/uploads\/2020\/12\/Glutathione_How_To_Desktop-700x366.png 700w, https:\/\/old.elusvali.ee\/wp-content\/uploads\/2020\/12\/Glutathione_How_To_Desktop-150x78.png 150w\" sizes=\"(max-width: 2000px) 100vw, 2000px\" \/><\/p>\n","protected":false},"excerpt":{"rendered":"<p>Katr\u0101 Vimergy Glutationa veg\u0101nisk\u0101 kapsul\u0101 ir 150 mg glutationa. K\u0101 vienm\u0113r Vimergy sast\u0101v\u0101 nav nek\u0101du kait\u012bgu piedevu &#8211; nek\u0101du ap\u0161aub\u0101mu pildvielu, aromatiz\u0113t\u0101ju, \u017eelat\u012bna vai citronsk\u0101bes.<\/p>\n","protected":false},"featured_media":32369,"comment_status":"open","ping_status":"closed","template":"","meta":{"_acf_changed":false},"product_brand":[],"product_cat":[774,409,462,402,696],"product_tag":[406,405],"class_list":{"0":"post-35994","1":"product","2":"type-product","3":"status-publish","4":"has-post-thumbnail","6":"product_cat-garigajai-veselibai","7":"product_cat-imunitate","8":"product_cat-kermena-attirisana","9":"product_cat-partikas-piedevas","10":"product_cat-vimergy-lt-lv","11":"product_tag-kapsulas","12":"product_tag-vimergy-lv","14":"first","15":"instock","16":"taxable","17":"shipping-taxable","18":"purchasable","19":"product-type-simple"},"acf":[],"yoast_head":"<!-- This site is optimized with the Yoast SEO plugin v25.3.1 - https:\/\/yoast.com\/wordpress\/plugins\/seo\/ -->\n<title>Vimergy Glutations - 60 kapsulas - Pure Nature<\/title>\n<meta name=\"robots\" content=\"noindex, follow, max-snippet:-1, max-image-preview:large, max-video-preview:-1\" \/>\n<meta property=\"og:locale\" content=\"lv_LV\" \/>\n<meta property=\"og:type\" content=\"article\" \/>\n<meta property=\"og:title\" content=\"Vimergy Glutations - 60 kapsulas - Pure Nature\" \/>\n<meta property=\"og:description\" content=\"Katr\u0101 Vimergy Glutationa veg\u0101nisk\u0101 kapsul\u0101 ir 150 mg glutationa. K\u0101 vienm\u0113r Vimergy sast\u0101v\u0101 nav nek\u0101du kait\u012bgu piedevu - nek\u0101du ap\u0161aub\u0101mu pildvielu, aromatiz\u0113t\u0101ju, \u017eelat\u012bna vai citronsk\u0101bes.\" \/>\n<meta property=\"og:url\" content=\"https:\/\/old.elusvali.ee\/lv\/produkts\/vimergy-glutations-60-kapsulas\/\" \/>\n<meta property=\"og:site_name\" content=\"Elusv&auml;li\" \/>\n<meta property=\"article:publisher\" content=\"https:\/\/www.facebook.com\/profile.php?id=100064131067985\" \/>\n<meta property=\"article:modified_time\" content=\"2025-06-12T17:49:26+00:00\" \/>\n<meta property=\"og:image\" content=\"https:\/\/purenature.lt\/wp-content\/uploads\/2020\/12\/Vimergy-Glutatioon.jpg\" \/>\n\t<meta property=\"og:image:width\" content=\"1400\" \/>\n\t<meta property=\"og:image:height\" content=\"1400\" \/>\n\t<meta property=\"og:image:type\" content=\"image\/jpeg\" \/>\n<meta name=\"twitter:card\" content=\"summary_large_image\" \/>\n<meta name=\"twitter:label1\" content=\"Est. reading time\" \/>\n\t<meta name=\"twitter:data1\" content=\"2 minutes\" \/>\n<script type=\"application\/ld+json\" class=\"yoast-schema-graph\">{\"@context\":\"https:\/\/schema.org\",\"@graph\":[{\"@type\":\"WebPage\",\"@id\":\"https:\/\/old.elusvali.ee\/lv\/produkts\/vimergy-glutations-60-kapsulas\/\",\"url\":\"https:\/\/old.elusvali.ee\/lv\/produkts\/vimergy-glutations-60-kapsulas\/\",\"name\":\"Vimergy Glutations - 60 kapsulas - Pure Nature\",\"isPartOf\":{\"@id\":\"https:\/\/old.elusvali.ee\/lv\/#website\"},\"primaryImageOfPage\":{\"@id\":\"https:\/\/old.elusvali.ee\/lv\/produkts\/vimergy-glutations-60-kapsulas\/#primaryimage\"},\"image\":{\"@id\":\"https:\/\/old.elusvali.ee\/lv\/produkts\/vimergy-glutations-60-kapsulas\/#primaryimage\"},\"thumbnailUrl\":\"https:\/\/old.elusvali.ee\/wp-content\/uploads\/2020\/12\/Vimergy-Glutatioon.jpg\",\"datePublished\":\"2020-12-06T10:19:03+00:00\",\"dateModified\":\"2025-06-12T17:49:26+00:00\",\"breadcrumb\":{\"@id\":\"https:\/\/old.elusvali.ee\/lv\/produkts\/vimergy-glutations-60-kapsulas\/#breadcrumb\"},\"inLanguage\":\"lv-LV\",\"potentialAction\":[{\"@type\":\"ReadAction\",\"target\":[\"https:\/\/old.elusvali.ee\/lv\/produkts\/vimergy-glutations-60-kapsulas\/\"]}]},{\"@type\":\"ImageObject\",\"inLanguage\":\"lv-LV\",\"@id\":\"https:\/\/old.elusvali.ee\/lv\/produkts\/vimergy-glutations-60-kapsulas\/#primaryimage\",\"url\":\"https:\/\/old.elusvali.ee\/wp-content\/uploads\/2020\/12\/Vimergy-Glutatioon.jpg\",\"contentUrl\":\"https:\/\/old.elusvali.ee\/wp-content\/uploads\/2020\/12\/Vimergy-Glutatioon.jpg\",\"width\":1400,\"height\":1400,\"caption\":\"Glutationas\"},{\"@type\":\"BreadcrumbList\",\"@id\":\"https:\/\/old.elusvali.ee\/lv\/produkts\/vimergy-glutations-60-kapsulas\/#breadcrumb\",\"itemListElement\":[{\"@type\":\"ListItem\",\"position\":1,\"name\":\"Home\",\"item\":\"https:\/\/purenature.lv\/\"},{\"@type\":\"ListItem\",\"position\":2,\"name\":\"E-veikals\",\"item\":\"https:\/\/purenature.lv\/veikals\/\"},{\"@type\":\"ListItem\",\"position\":3,\"name\":\"Vimergy Glutations &#8211; 60 kapsulas\"}]},{\"@type\":\"WebSite\",\"@id\":\"https:\/\/old.elusvali.ee\/lv\/#website\",\"url\":\"https:\/\/old.elusvali.ee\/lv\/\",\"name\":\"Elusv\u00e4li\",\"description\":\"Puhas k&ouml;&ouml;k ja koduapteek\",\"publisher\":{\"@id\":\"https:\/\/old.elusvali.ee\/lv\/#organization\"},\"potentialAction\":[{\"@type\":\"SearchAction\",\"target\":{\"@type\":\"EntryPoint\",\"urlTemplate\":\"https:\/\/old.elusvali.ee\/lv\/?s={search_term_string}\"},\"query-input\":{\"@type\":\"PropertyValueSpecification\",\"valueRequired\":true,\"valueName\":\"search_term_string\"}}],\"inLanguage\":\"lv-LV\"},{\"@type\":\"Organization\",\"@id\":\"https:\/\/old.elusvali.ee\/lv\/#organization\",\"name\":\"Elusv\u00e4li\",\"url\":\"https:\/\/old.elusvali.ee\/lv\/\",\"logo\":{\"@type\":\"ImageObject\",\"inLanguage\":\"lv-LV\",\"@id\":\"https:\/\/old.elusvali.ee\/lv\/#\/schema\/logo\/image\/\",\"url\":\"https:\/\/purenature.lt\/wp-content\/uploads\/2023\/07\/logo.png\",\"contentUrl\":\"https:\/\/purenature.lt\/wp-content\/uploads\/2023\/07\/logo.png\",\"width\":526,\"height\":146,\"caption\":\"Elusv\u00e4li\"},\"image\":{\"@id\":\"https:\/\/old.elusvali.ee\/lv\/#\/schema\/logo\/image\/\"},\"sameAs\":[\"https:\/\/www.facebook.com\/profile.php?id=100064131067985\",\"https:\/\/www.instagram.com\/elusvali\/\",\"https:\/\/www.youtube.com\/@elusvali2110\"]}]}<\/script>\n<!-- \/ Yoast SEO plugin. -->","yoast_head_json":{"title":"Vimergy Glutations - 60 kapsulas - Pure Nature","robots":{"index":"noindex","follow":"follow","max-snippet":"max-snippet:-1","max-image-preview":"max-image-preview:large","max-video-preview":"max-video-preview:-1"},"og_locale":"lv_LV","og_type":"article","og_title":"Vimergy Glutations - 60 kapsulas - Pure Nature","og_description":"Katr\u0101 Vimergy Glutationa veg\u0101nisk\u0101 kapsul\u0101 ir 150 mg glutationa. K\u0101 vienm\u0113r Vimergy sast\u0101v\u0101 nav nek\u0101du kait\u012bgu piedevu - nek\u0101du ap\u0161aub\u0101mu pildvielu, aromatiz\u0113t\u0101ju, \u017eelat\u012bna vai citronsk\u0101bes.","og_url":"https:\/\/old.elusvali.ee\/lv\/produkts\/vimergy-glutations-60-kapsulas\/","og_site_name":"Elusv&auml;li","article_publisher":"https:\/\/www.facebook.com\/profile.php?id=100064131067985","article_modified_time":"2025-06-12T17:49:26+00:00","og_image":[{"width":1400,"height":1400,"url":"https:\/\/purenature.lt\/wp-content\/uploads\/2020\/12\/Vimergy-Glutatioon.jpg","type":"image\/jpeg"}],"twitter_card":"summary_large_image","twitter_misc":{"Est. reading time":"2 minutes"},"schema":{"@context":"https:\/\/schema.org","@graph":[{"@type":"WebPage","@id":"https:\/\/old.elusvali.ee\/lv\/produkts\/vimergy-glutations-60-kapsulas\/","url":"https:\/\/old.elusvali.ee\/lv\/produkts\/vimergy-glutations-60-kapsulas\/","name":"Vimergy Glutations - 60 kapsulas - Pure Nature","isPartOf":{"@id":"https:\/\/old.elusvali.ee\/lv\/#website"},"primaryImageOfPage":{"@id":"https:\/\/old.elusvali.ee\/lv\/produkts\/vimergy-glutations-60-kapsulas\/#primaryimage"},"image":{"@id":"https:\/\/old.elusvali.ee\/lv\/produkts\/vimergy-glutations-60-kapsulas\/#primaryimage"},"thumbnailUrl":"https:\/\/old.elusvali.ee\/wp-content\/uploads\/2020\/12\/Vimergy-Glutatioon.jpg","datePublished":"2020-12-06T10:19:03+00:00","dateModified":"2025-06-12T17:49:26+00:00","breadcrumb":{"@id":"https:\/\/old.elusvali.ee\/lv\/produkts\/vimergy-glutations-60-kapsulas\/#breadcrumb"},"inLanguage":"lv-LV","potentialAction":[{"@type":"ReadAction","target":["https:\/\/old.elusvali.ee\/lv\/produkts\/vimergy-glutations-60-kapsulas\/"]}]},{"@type":"ImageObject","inLanguage":"lv-LV","@id":"https:\/\/old.elusvali.ee\/lv\/produkts\/vimergy-glutations-60-kapsulas\/#primaryimage","url":"https:\/\/old.elusvali.ee\/wp-content\/uploads\/2020\/12\/Vimergy-Glutatioon.jpg","contentUrl":"https:\/\/old.elusvali.ee\/wp-content\/uploads\/2020\/12\/Vimergy-Glutatioon.jpg","width":1400,"height":1400,"caption":"Glutationas"},{"@type":"BreadcrumbList","@id":"https:\/\/old.elusvali.ee\/lv\/produkts\/vimergy-glutations-60-kapsulas\/#breadcrumb","itemListElement":[{"@type":"ListItem","position":1,"name":"Home","item":"https:\/\/purenature.lv\/"},{"@type":"ListItem","position":2,"name":"E-veikals","item":"https:\/\/purenature.lv\/veikals\/"},{"@type":"ListItem","position":3,"name":"Vimergy Glutations &#8211; 60 kapsulas"}]},{"@type":"WebSite","@id":"https:\/\/old.elusvali.ee\/lv\/#website","url":"https:\/\/old.elusvali.ee\/lv\/","name":"Elusv\u00e4li","description":"Puhas k&ouml;&ouml;k ja koduapteek","publisher":{"@id":"https:\/\/old.elusvali.ee\/lv\/#organization"},"potentialAction":[{"@type":"SearchAction","target":{"@type":"EntryPoint","urlTemplate":"https:\/\/old.elusvali.ee\/lv\/?s={search_term_string}"},"query-input":{"@type":"PropertyValueSpecification","valueRequired":true,"valueName":"search_term_string"}}],"inLanguage":"lv-LV"},{"@type":"Organization","@id":"https:\/\/old.elusvali.ee\/lv\/#organization","name":"Elusv\u00e4li","url":"https:\/\/old.elusvali.ee\/lv\/","logo":{"@type":"ImageObject","inLanguage":"lv-LV","@id":"https:\/\/old.elusvali.ee\/lv\/#\/schema\/logo\/image\/","url":"https:\/\/purenature.lt\/wp-content\/uploads\/2023\/07\/logo.png","contentUrl":"https:\/\/purenature.lt\/wp-content\/uploads\/2023\/07\/logo.png","width":526,"height":146,"caption":"Elusv\u00e4li"},"image":{"@id":"https:\/\/old.elusvali.ee\/lv\/#\/schema\/logo\/image\/"},"sameAs":["https:\/\/www.facebook.com\/profile.php?id=100064131067985","https:\/\/www.instagram.com\/elusvali\/","https:\/\/www.youtube.com\/@elusvali2110"]}]}},"_links":{"self":[{"href":"https:\/\/old.elusvali.ee\/lv\/wp-json\/wp\/v2\/product\/35994","targetHints":{"allow":["GET"]}}],"collection":[{"href":"https:\/\/old.elusvali.ee\/lv\/wp-json\/wp\/v2\/product"}],"about":[{"href":"https:\/\/old.elusvali.ee\/lv\/wp-json\/wp\/v2\/types\/product"}],"replies":[{"embeddable":true,"href":"https:\/\/old.elusvali.ee\/lv\/wp-json\/wp\/v2\/comments?post=35994"}],"version-history":[{"count":2,"href":"https:\/\/old.elusvali.ee\/lv\/wp-json\/wp\/v2\/product\/35994\/revisions"}],"predecessor-version":[{"id":66636,"href":"https:\/\/old.elusvali.ee\/lv\/wp-json\/wp\/v2\/product\/35994\/revisions\/66636"}],"wp:featuredmedia":[{"embeddable":true,"href":"https:\/\/old.elusvali.ee\/lv\/wp-json\/wp\/v2\/media\/32369"}],"wp:attachment":[{"href":"https:\/\/old.elusvali.ee\/lv\/wp-json\/wp\/v2\/media?parent=35994"}],"wp:term":[{"taxonomy":"product_brand","embeddable":true,"href":"https:\/\/old.elusvali.ee\/lv\/wp-json\/wp\/v2\/product_brand?post=35994"},{"taxonomy":"product_cat","embeddable":true,"href":"https:\/\/old.elusvali.ee\/lv\/wp-json\/wp\/v2\/product_cat?post=35994"},{"taxonomy":"product_tag","embeddable":true,"href":"https:\/\/old.elusvali.ee\/lv\/wp-json\/wp\/v2\/product_tag?post=35994"}],"curies":[{"name":"wp","href":"https:\/\/api.w.org\/{rel}","templated":true}]}}