{"id":35981,"date":"2021-08-03T15:37:38","date_gmt":"2021-08-03T12:37:38","guid":{"rendered":"https:\/\/old.elusvali.ee\/product\/biologiski-aunazirnu-milti-1kg-biomenu\/"},"modified":"2025-04-14T14:27:37","modified_gmt":"2025-04-14T11:27:37","slug":"biologiski-aunazirnu-milti-1kg-biomenu","status":"publish","type":"product","link":"https:\/\/old.elusvali.ee\/lv\/produkts\/biologiski-aunazirnu-milti-1kg-biomenu\/","title":{"rendered":"Biolo\u0123iski turku zir\u0146u milti 1kg | Biomenu"},"content":{"rendered":"<p>Turku zir\u0146u milti ir gatavoti no turku zir\u0146iem, un tos izmanto k\u0101 bezglut\u0113na alternat\u012bvu da\u017e\u0101diem p\u0101rtikas produktiem. Da\u017ei no \u0113dieniem, ko var pagatavot no turku zir\u0146u miltiem, ir omletes, p\u012br\u0101gi, d\u0101rze\u0146u kotletes, pank\u016bkas, k\u016bkas, smalkmaiz\u012btes un cepumi.<\/p>\n<p>Turku zir\u0146u milti \u013coti labi satur kop\u0101 ceptus izstr\u0101d\u0101jumus. P\u0113c cep\u0161anas turku zir\u0146u gar\u0161a ir tikai nedaudz j\u016btama. Neapstr\u0101d\u0101tiem turku zir\u0146u miltiem ir r\u016bgta gar\u0161a, bet, tos pagatavojot, r\u016bgtums piln\u012bb\u0101 izz\u016bd. Lai \u0101tri un vienk\u0101r\u0161i pagatavotu uzturviel\u0101m bag\u0101tu omleti bez olu piedev\u0101m, vienm\u0113r ir v\u0113rts sav\u0101 skap\u012b glab\u0101t turku zir\u0146u miltus.<\/p>\n<p>Iedvesmai apl\u016bkojiet, k\u0101 pagatavot <a href=\"https:\/\/purenature.lv\/?p=29809\">bezglut\u0113na klimpas<\/a>, k\u0101 galvenos miltus izmantojot turku zir\u0146u miltus.<\/p>\n<ul>\n<li>Lieliska alternat\u012bva maizes izstr\u0101d\u0101jumu pagatavo\u0161anai bez glut\u0113na un riekstiem<\/li>\n<li>Pla\u0161s pielietojums, piem\u0113rots gan pikantiem, gan saldiem \u0113dieniem.<\/li>\n<li>Labs olu aizst\u0101j\u0113js<\/li>\n<li>Ieg\u016bti kontrol\u0113t\u0101 biolo\u0123iskaj\u0101 lauksaimniec\u012bb\u0101<\/li>\n<\/ul>\n<p>&nbsp;<\/p>\n","protected":false},"excerpt":{"rendered":"<p>Turku zir\u0146u milti ir gatavoti no turku zir\u0146iem, un tos izmanto k\u0101 bezglut\u0113na alternat\u012bvu da\u017e\u0101diem p\u0101rtikas produktiem. Da\u017ei no \u0113dieniem, ko var pagatavot no turku zir\u0146u miltiem, ir omletes, p\u012br\u0101gi, d\u0101rze\u0146u kotletes, pank\u016bkas, k\u016bkas, smalkmaiz\u012btes un cepumi.<\/p>\n<ul>\n<li>Lieliska alternat\u012bva maizes izstr\u0101d\u0101jumu pagatavo\u0161anai bez glut\u0113na un riekstiem<\/li>\n<li>Pla\u0161s pielietojums, piem\u0113rots gan pikantiem, gan saldiem \u0113dieniem.<\/li>\n<li>Labs olu aizst\u0101j\u0113js<\/li>\n<li>Ieg\u016bti kontrol\u0113t\u0101 biolo\u0123iskaj\u0101 lauksaimniec\u012bb\u0101<\/li>\n<\/ul>\n","protected":false},"featured_media":30823,"comment_status":"open","ping_status":"closed","template":"","meta":{"_acf_changed":false},"product_brand":[],"product_cat":[442,459],"product_tag":[],"class_list":{"0":"post-35981","1":"product","2":"type-product","3":"status-publish","4":"has-post-thumbnail","6":"product_cat-majas-virtuve","7":"product_cat-sausie-izstradajumi","9":"first","10":"instock","11":"taxable","12":"shipping-taxable","13":"purchasable","14":"product-type-simple"},"acf":[],"yoast_head":"<!-- This site is optimized with the Yoast SEO plugin v25.3.1 - https:\/\/yoast.com\/wordpress\/plugins\/seo\/ -->\n<title>Biolo\u0123iski turku zir\u0146u milti 1kg | Biomenu - Pure Nature<\/title>\n<meta name=\"robots\" content=\"noindex, follow, max-snippet:-1, max-image-preview:large, max-video-preview:-1\" \/>\n<meta property=\"og:locale\" content=\"lv_LV\" \/>\n<meta property=\"og:type\" content=\"article\" \/>\n<meta property=\"og:title\" content=\"Biolo\u0123iski turku zir\u0146u milti 1kg | Biomenu - Pure Nature\" \/>\n<meta property=\"og:description\" content=\"Turku zir\u0146u milti ir gatavoti no turku zir\u0146iem, un tos izmanto k\u0101 bezglut\u0113na alternat\u012bvu da\u017e\u0101diem p\u0101rtikas produktiem. Da\u017ei no \u0113dieniem, ko var pagatavot no turku zir\u0146u miltiem, ir omletes, p\u012br\u0101gi, d\u0101rze\u0146u kotletes, pank\u016bkas, k\u016bkas, smalkmaiz\u012btes un cepumi.  Lieliska alternat\u012bva maizes izstr\u0101d\u0101jumu pagatavo\u0161anai bez glut\u0113na un riekstiem  Pla\u0161s pielietojums, piem\u0113rots gan pikantiem, gan saldiem \u0113dieniem.  Labs olu aizst\u0101j\u0113js  Ieg\u016bti kontrol\u0113t\u0101 biolo\u0123iskaj\u0101 lauksaimniec\u012bb\u0101\" \/>\n<meta property=\"og:url\" content=\"https:\/\/old.elusvali.ee\/lv\/produkts\/biologiski-aunazirnu-milti-1kg-biomenu\/\" \/>\n<meta property=\"og:site_name\" content=\"Elusv&auml;li\" \/>\n<meta property=\"article:publisher\" content=\"https:\/\/www.facebook.com\/profile.php?id=100064131067985\" \/>\n<meta property=\"article:modified_time\" content=\"2025-04-14T11:27:37+00:00\" \/>\n<meta property=\"og:image\" content=\"https:\/\/purenature.lv\/wp-content\/uploads\/2023\/03\/Kikerherne-jahu-Elusvali.jpg\" \/>\n\t<meta property=\"og:image:width\" content=\"900\" \/>\n\t<meta property=\"og:image:height\" content=\"633\" \/>\n\t<meta property=\"og:image:type\" content=\"image\/jpeg\" \/>\n<meta name=\"twitter:card\" content=\"summary_large_image\" \/>\n<meta name=\"twitter:label1\" content=\"Est. reading time\" \/>\n\t<meta name=\"twitter:data1\" content=\"1 minute\" \/>\n<script type=\"application\/ld+json\" class=\"yoast-schema-graph\">{\"@context\":\"https:\/\/schema.org\",\"@graph\":[{\"@type\":\"WebPage\",\"@id\":\"https:\/\/old.elusvali.ee\/lv\/produkts\/biologiski-aunazirnu-milti-1kg-biomenu\/\",\"url\":\"https:\/\/old.elusvali.ee\/lv\/produkts\/biologiski-aunazirnu-milti-1kg-biomenu\/\",\"name\":\"Biolo\u0123iski turku zir\u0146u milti 1kg | Biomenu - Pure Nature\",\"isPartOf\":{\"@id\":\"https:\/\/old.elusvali.ee\/lv\/#website\"},\"primaryImageOfPage\":{\"@id\":\"https:\/\/old.elusvali.ee\/lv\/produkts\/biologiski-aunazirnu-milti-1kg-biomenu\/#primaryimage\"},\"image\":{\"@id\":\"https:\/\/old.elusvali.ee\/lv\/produkts\/biologiski-aunazirnu-milti-1kg-biomenu\/#primaryimage\"},\"thumbnailUrl\":\"https:\/\/old.elusvali.ee\/wp-content\/uploads\/2023\/03\/Kikerherne-jahu-Elusvali.jpg\",\"datePublished\":\"2021-08-03T12:37:38+00:00\",\"dateModified\":\"2025-04-14T11:27:37+00:00\",\"breadcrumb\":{\"@id\":\"https:\/\/old.elusvali.ee\/lv\/produkts\/biologiski-aunazirnu-milti-1kg-biomenu\/#breadcrumb\"},\"inLanguage\":\"lv-LV\",\"potentialAction\":[{\"@type\":\"ReadAction\",\"target\":[\"https:\/\/old.elusvali.ee\/lv\/produkts\/biologiski-aunazirnu-milti-1kg-biomenu\/\"]}]},{\"@type\":\"ImageObject\",\"inLanguage\":\"lv-LV\",\"@id\":\"https:\/\/old.elusvali.ee\/lv\/produkts\/biologiski-aunazirnu-milti-1kg-biomenu\/#primaryimage\",\"url\":\"https:\/\/old.elusvali.ee\/wp-content\/uploads\/2023\/03\/Kikerherne-jahu-Elusvali.jpg\",\"contentUrl\":\"https:\/\/old.elusvali.ee\/wp-content\/uploads\/2023\/03\/Kikerherne-jahu-Elusvali.jpg\",\"width\":900,\"height\":633,\"caption\":\"Ekologiski avinzirniu miltai\"},{\"@type\":\"BreadcrumbList\",\"@id\":\"https:\/\/old.elusvali.ee\/lv\/produkts\/biologiski-aunazirnu-milti-1kg-biomenu\/#breadcrumb\",\"itemListElement\":[{\"@type\":\"ListItem\",\"position\":1,\"name\":\"Home\",\"item\":\"https:\/\/purenature.lv\/\"},{\"@type\":\"ListItem\",\"position\":2,\"name\":\"E-veikals\",\"item\":\"https:\/\/purenature.lv\/veikals\/\"},{\"@type\":\"ListItem\",\"position\":3,\"name\":\"Biolo\u0123iski turku zir\u0146u milti 1kg | Biomenu\"}]},{\"@type\":\"WebSite\",\"@id\":\"https:\/\/old.elusvali.ee\/lv\/#website\",\"url\":\"https:\/\/old.elusvali.ee\/lv\/\",\"name\":\"Elusv\u00e4li\",\"description\":\"Puhas k&ouml;&ouml;k ja koduapteek\",\"publisher\":{\"@id\":\"https:\/\/old.elusvali.ee\/lv\/#organization\"},\"potentialAction\":[{\"@type\":\"SearchAction\",\"target\":{\"@type\":\"EntryPoint\",\"urlTemplate\":\"https:\/\/old.elusvali.ee\/lv\/?s={search_term_string}\"},\"query-input\":{\"@type\":\"PropertyValueSpecification\",\"valueRequired\":true,\"valueName\":\"search_term_string\"}}],\"inLanguage\":\"lv-LV\"},{\"@type\":\"Organization\",\"@id\":\"https:\/\/old.elusvali.ee\/lv\/#organization\",\"name\":\"Elusv\u00e4li\",\"url\":\"https:\/\/old.elusvali.ee\/lv\/\",\"logo\":{\"@type\":\"ImageObject\",\"inLanguage\":\"lv-LV\",\"@id\":\"https:\/\/old.elusvali.ee\/lv\/#\/schema\/logo\/image\/\",\"url\":\"https:\/\/purenature.lt\/wp-content\/uploads\/2023\/07\/logo.png\",\"contentUrl\":\"https:\/\/purenature.lt\/wp-content\/uploads\/2023\/07\/logo.png\",\"width\":526,\"height\":146,\"caption\":\"Elusv\u00e4li\"},\"image\":{\"@id\":\"https:\/\/old.elusvali.ee\/lv\/#\/schema\/logo\/image\/\"},\"sameAs\":[\"https:\/\/www.facebook.com\/profile.php?id=100064131067985\",\"https:\/\/www.instagram.com\/elusvali\/\",\"https:\/\/www.youtube.com\/@elusvali2110\"]}]}<\/script>\n<!-- \/ Yoast SEO plugin. -->","yoast_head_json":{"title":"Biolo\u0123iski turku zir\u0146u milti 1kg | Biomenu - Pure Nature","robots":{"index":"noindex","follow":"follow","max-snippet":"max-snippet:-1","max-image-preview":"max-image-preview:large","max-video-preview":"max-video-preview:-1"},"og_locale":"lv_LV","og_type":"article","og_title":"Biolo\u0123iski turku zir\u0146u milti 1kg | Biomenu - Pure Nature","og_description":"Turku zir\u0146u milti ir gatavoti no turku zir\u0146iem, un tos izmanto k\u0101 bezglut\u0113na alternat\u012bvu da\u017e\u0101diem p\u0101rtikas produktiem. Da\u017ei no \u0113dieniem, ko var pagatavot no turku zir\u0146u miltiem, ir omletes, p\u012br\u0101gi, d\u0101rze\u0146u kotletes, pank\u016bkas, k\u016bkas, smalkmaiz\u012btes un cepumi.  Lieliska alternat\u012bva maizes izstr\u0101d\u0101jumu pagatavo\u0161anai bez glut\u0113na un riekstiem  Pla\u0161s pielietojums, piem\u0113rots gan pikantiem, gan saldiem \u0113dieniem.  Labs olu aizst\u0101j\u0113js  Ieg\u016bti kontrol\u0113t\u0101 biolo\u0123iskaj\u0101 lauksaimniec\u012bb\u0101","og_url":"https:\/\/old.elusvali.ee\/lv\/produkts\/biologiski-aunazirnu-milti-1kg-biomenu\/","og_site_name":"Elusv&auml;li","article_publisher":"https:\/\/www.facebook.com\/profile.php?id=100064131067985","article_modified_time":"2025-04-14T11:27:37+00:00","og_image":[{"width":900,"height":633,"url":"https:\/\/purenature.lv\/wp-content\/uploads\/2023\/03\/Kikerherne-jahu-Elusvali.jpg","type":"image\/jpeg"}],"twitter_card":"summary_large_image","twitter_misc":{"Est. reading time":"1 minute"},"schema":{"@context":"https:\/\/schema.org","@graph":[{"@type":"WebPage","@id":"https:\/\/old.elusvali.ee\/lv\/produkts\/biologiski-aunazirnu-milti-1kg-biomenu\/","url":"https:\/\/old.elusvali.ee\/lv\/produkts\/biologiski-aunazirnu-milti-1kg-biomenu\/","name":"Biolo\u0123iski turku zir\u0146u milti 1kg | Biomenu - Pure Nature","isPartOf":{"@id":"https:\/\/old.elusvali.ee\/lv\/#website"},"primaryImageOfPage":{"@id":"https:\/\/old.elusvali.ee\/lv\/produkts\/biologiski-aunazirnu-milti-1kg-biomenu\/#primaryimage"},"image":{"@id":"https:\/\/old.elusvali.ee\/lv\/produkts\/biologiski-aunazirnu-milti-1kg-biomenu\/#primaryimage"},"thumbnailUrl":"https:\/\/old.elusvali.ee\/wp-content\/uploads\/2023\/03\/Kikerherne-jahu-Elusvali.jpg","datePublished":"2021-08-03T12:37:38+00:00","dateModified":"2025-04-14T11:27:37+00:00","breadcrumb":{"@id":"https:\/\/old.elusvali.ee\/lv\/produkts\/biologiski-aunazirnu-milti-1kg-biomenu\/#breadcrumb"},"inLanguage":"lv-LV","potentialAction":[{"@type":"ReadAction","target":["https:\/\/old.elusvali.ee\/lv\/produkts\/biologiski-aunazirnu-milti-1kg-biomenu\/"]}]},{"@type":"ImageObject","inLanguage":"lv-LV","@id":"https:\/\/old.elusvali.ee\/lv\/produkts\/biologiski-aunazirnu-milti-1kg-biomenu\/#primaryimage","url":"https:\/\/old.elusvali.ee\/wp-content\/uploads\/2023\/03\/Kikerherne-jahu-Elusvali.jpg","contentUrl":"https:\/\/old.elusvali.ee\/wp-content\/uploads\/2023\/03\/Kikerherne-jahu-Elusvali.jpg","width":900,"height":633,"caption":"Ekologiski avinzirniu miltai"},{"@type":"BreadcrumbList","@id":"https:\/\/old.elusvali.ee\/lv\/produkts\/biologiski-aunazirnu-milti-1kg-biomenu\/#breadcrumb","itemListElement":[{"@type":"ListItem","position":1,"name":"Home","item":"https:\/\/purenature.lv\/"},{"@type":"ListItem","position":2,"name":"E-veikals","item":"https:\/\/purenature.lv\/veikals\/"},{"@type":"ListItem","position":3,"name":"Biolo\u0123iski turku zir\u0146u milti 1kg | Biomenu"}]},{"@type":"WebSite","@id":"https:\/\/old.elusvali.ee\/lv\/#website","url":"https:\/\/old.elusvali.ee\/lv\/","name":"Elusv\u00e4li","description":"Puhas k&ouml;&ouml;k ja koduapteek","publisher":{"@id":"https:\/\/old.elusvali.ee\/lv\/#organization"},"potentialAction":[{"@type":"SearchAction","target":{"@type":"EntryPoint","urlTemplate":"https:\/\/old.elusvali.ee\/lv\/?s={search_term_string}"},"query-input":{"@type":"PropertyValueSpecification","valueRequired":true,"valueName":"search_term_string"}}],"inLanguage":"lv-LV"},{"@type":"Organization","@id":"https:\/\/old.elusvali.ee\/lv\/#organization","name":"Elusv\u00e4li","url":"https:\/\/old.elusvali.ee\/lv\/","logo":{"@type":"ImageObject","inLanguage":"lv-LV","@id":"https:\/\/old.elusvali.ee\/lv\/#\/schema\/logo\/image\/","url":"https:\/\/purenature.lt\/wp-content\/uploads\/2023\/07\/logo.png","contentUrl":"https:\/\/purenature.lt\/wp-content\/uploads\/2023\/07\/logo.png","width":526,"height":146,"caption":"Elusv\u00e4li"},"image":{"@id":"https:\/\/old.elusvali.ee\/lv\/#\/schema\/logo\/image\/"},"sameAs":["https:\/\/www.facebook.com\/profile.php?id=100064131067985","https:\/\/www.instagram.com\/elusvali\/","https:\/\/www.youtube.com\/@elusvali2110"]}]}},"_links":{"self":[{"href":"https:\/\/old.elusvali.ee\/lv\/wp-json\/wp\/v2\/product\/35981","targetHints":{"allow":["GET"]}}],"collection":[{"href":"https:\/\/old.elusvali.ee\/lv\/wp-json\/wp\/v2\/product"}],"about":[{"href":"https:\/\/old.elusvali.ee\/lv\/wp-json\/wp\/v2\/types\/product"}],"replies":[{"embeddable":true,"href":"https:\/\/old.elusvali.ee\/lv\/wp-json\/wp\/v2\/comments?post=35981"}],"version-history":[{"count":1,"href":"https:\/\/old.elusvali.ee\/lv\/wp-json\/wp\/v2\/product\/35981\/revisions"}],"predecessor-version":[{"id":63585,"href":"https:\/\/old.elusvali.ee\/lv\/wp-json\/wp\/v2\/product\/35981\/revisions\/63585"}],"wp:featuredmedia":[{"embeddable":true,"href":"https:\/\/old.elusvali.ee\/lv\/wp-json\/wp\/v2\/media\/30823"}],"wp:attachment":[{"href":"https:\/\/old.elusvali.ee\/lv\/wp-json\/wp\/v2\/media?parent=35981"}],"wp:term":[{"taxonomy":"product_brand","embeddable":true,"href":"https:\/\/old.elusvali.ee\/lv\/wp-json\/wp\/v2\/product_brand?post=35981"},{"taxonomy":"product_cat","embeddable":true,"href":"https:\/\/old.elusvali.ee\/lv\/wp-json\/wp\/v2\/product_cat?post=35981"},{"taxonomy":"product_tag","embeddable":true,"href":"https:\/\/old.elusvali.ee\/lv\/wp-json\/wp\/v2\/product_tag?post=35981"}],"curies":[{"name":"wp","href":"https:\/\/api.w.org\/{rel}","templated":true}]}}