{"id":35980,"date":"2021-07-19T13:19:14","date_gmt":"2021-07-19T10:19:14","guid":{"rendered":"https:\/\/old.elusvali.ee\/product\/organiskie-auzu-milti-bez-lipekla-1kg-biomenu\/"},"modified":"2025-07-04T22:03:53","modified_gmt":"2025-07-04T19:03:53","slug":"organiskie-auzu-milti-bez-lipekla-1kg-biomenu","status":"publish","type":"product","link":"https:\/\/old.elusvali.ee\/lv\/produkts\/organiskie-auzu-milti-bez-lipekla-1kg-biomenu\/","title":{"rendered":"Organiskie auzu milti bez glut\u0113na 1kg | Biomenu"},"content":{"rendered":"<h2>Organiski auzu milti bez glut\u0113na<\/h2>\n<p>Bezglut\u0113na auzu milti ir milti, kas gatavoti no bezglut\u0113na auzu p\u0101rsl\u0101m un ir ide\u0101li piem\u0113roti da\u017e\u0101diem konditorejas izstr\u0101d\u0101jumiem. Tie ir \u012bpa\u0161i piem\u0113roti saldo k\u016bku, cepumu un pank\u016bku pagatavo\u0161anai, ta\u010du to izmanto\u0161anas iesp\u0113jas ir praktiski neierobe\u017eotas.<\/p>\n<ul>\n<li>Milti, kas gatavoti no auzu p\u0101rsl\u0101m bez glut\u0113na<\/li>\n<li>Labi piem\u0113roti cilv\u0113kiem ar glut\u0113na nepanes\u012bbu un cilv\u0113kiem, kuri nev\u0113las kairin\u0101t gremo\u0161anas traktu un barot patog\u0113nus organism\u0101.<\/li>\n<li>100% biolo\u0123iski ra\u017eoti<\/li>\n<\/ul>\n<h2>K\u0101da ir at\u0161\u0137ir\u012bba starp parastaj\u0101m un bezglut\u0113na auzu p\u0101rsl\u0101m?<\/h2>\n<p>Visi lauka apst\u0101k\u013cos audz\u0113tie auzu p\u0101rslu produkti nesatur glut\u0113nu, ta\u010du at\u0161\u0137ir\u012bba ir ra\u017eo\u0161an\u0101 un apstr\u0101d\u0113. Bezglut\u0113na auzu p\u0101rslas tiek ra\u017eotas atsevi\u0161\u0137\u0101s ra\u017eo\u0161anas telp\u0101s, un t\u0101s nav pies\u0101r\u0146otas ar citu graudaugu glut\u0113nu, kas ra\u017eo\u0161anas laik\u0101 br\u012bvi iztvaiko. T\u0101p\u0113c bezglut\u0113na auzu p\u0101rslas ir 100% br\u012bvas no jebk\u0101das krustenisk\u0101s kontamin\u0101cijas.<\/p>\n","protected":false},"excerpt":{"rendered":"<p>Bezglut\u0113na auzu milti ir milti, kas gatavoti no bezglut\u0113na auzu p\u0101rsl\u0101m un ir ide\u0101li piem\u0113roti da\u017e\u0101diem konditorejas izstr\u0101d\u0101jumiem. Tie ir \u012bpa\u0161i piem\u0113roti saldo k\u016bku, cepumu un pank\u016bku pagatavo\u0161anai, ta\u010du to izmanto\u0161anas iesp\u0113jas ir praktiski neierobe\u017eotas.<\/p>\n<ul>\n<li>Milti, kas gatavoti no auzu p\u0101rsl\u0101m bez glut\u0113na<\/li>\n<li>Labi piem\u0113roti cilv\u0113kiem ar lipek\u013ca nepanes\u012bbu un cilv\u0113kiem, kuri nev\u0113las kairin\u0101t gremo\u0161anas traktu un barot patog\u0113nus organism\u0101.<\/li>\n<li>100% biolo\u0123iski ra\u017eoti<\/li>\n<\/ul>\n","protected":false},"featured_media":46904,"comment_status":"open","ping_status":"closed","template":"","meta":{"_acf_changed":false},"product_brand":[],"product_cat":[442,459],"product_tag":[],"class_list":{"0":"post-35980","1":"product","2":"type-product","3":"status-publish","4":"has-post-thumbnail","6":"product_cat-majas-virtuve","7":"product_cat-sausie-izstradajumi","9":"first","10":"outofstock","11":"taxable","12":"shipping-taxable","13":"purchasable","14":"product-type-simple"},"acf":[],"yoast_head":"<!-- This site is optimized with the Yoast SEO plugin v25.3.1 - https:\/\/yoast.com\/wordpress\/plugins\/seo\/ -->\n<title>Organiskie auzu milti bez glut\u0113na 1kg | Biomenu - Pure Nature<\/title>\n<meta name=\"description\" content=\"Milti, kas gatavoti no auzu p\u0101rsl\u0101m bez glut\u0113na. Piem\u0113roti cilv\u0113kiem ar glut\u0113na nepanes\u012bbu, 100% biolo\u0123iski audz\u0113ti.\" \/>\n<meta name=\"robots\" content=\"noindex, follow, max-snippet:-1, max-image-preview:large, max-video-preview:-1\" \/>\n<meta property=\"og:locale\" content=\"lv_LV\" \/>\n<meta property=\"og:type\" content=\"article\" \/>\n<meta property=\"og:title\" content=\"Organiskie auzu milti bez glut\u0113na 1kg | Biomenu - Pure Nature\" \/>\n<meta property=\"og:description\" content=\"Milti, kas gatavoti no auzu p\u0101rsl\u0101m bez glut\u0113na. Piem\u0113roti cilv\u0113kiem ar glut\u0113na nepanes\u012bbu, 100% biolo\u0123iski audz\u0113ti.\" \/>\n<meta property=\"og:url\" content=\"https:\/\/old.elusvali.ee\/lv\/produkts\/organiskie-auzu-milti-bez-lipekla-1kg-biomenu\/\" \/>\n<meta property=\"og:site_name\" content=\"Elusv&auml;li\" \/>\n<meta property=\"article:publisher\" content=\"https:\/\/www.facebook.com\/profile.php?id=100064131067985\" \/>\n<meta property=\"article:modified_time\" content=\"2025-07-04T19:03:53+00:00\" \/>\n<meta property=\"og:image\" content=\"https:\/\/purenature.lv\/wp-content\/uploads\/2021\/07\/mahe-taistera-gluteenivaba-kaerajahu.jpg\" \/>\n\t<meta property=\"og:image:width\" content=\"1500\" \/>\n\t<meta property=\"og:image:height\" content=\"1500\" \/>\n\t<meta property=\"og:image:type\" content=\"image\/jpeg\" \/>\n<meta name=\"twitter:card\" content=\"summary_large_image\" \/>\n<meta name=\"twitter:label1\" content=\"Est. reading time\" \/>\n\t<meta name=\"twitter:data1\" content=\"1 minute\" \/>\n<script type=\"application\/ld+json\" class=\"yoast-schema-graph\">{\"@context\":\"https:\/\/schema.org\",\"@graph\":[{\"@type\":\"WebPage\",\"@id\":\"https:\/\/old.elusvali.ee\/lv\/produkts\/organiskie-auzu-milti-bez-lipekla-1kg-biomenu\/\",\"url\":\"https:\/\/old.elusvali.ee\/lv\/produkts\/organiskie-auzu-milti-bez-lipekla-1kg-biomenu\/\",\"name\":\"Organiskie auzu milti bez glut\u0113na 1kg | Biomenu - Pure Nature\",\"isPartOf\":{\"@id\":\"https:\/\/old.elusvali.ee\/lv\/#website\"},\"primaryImageOfPage\":{\"@id\":\"https:\/\/old.elusvali.ee\/lv\/produkts\/organiskie-auzu-milti-bez-lipekla-1kg-biomenu\/#primaryimage\"},\"image\":{\"@id\":\"https:\/\/old.elusvali.ee\/lv\/produkts\/organiskie-auzu-milti-bez-lipekla-1kg-biomenu\/#primaryimage\"},\"thumbnailUrl\":\"https:\/\/old.elusvali.ee\/wp-content\/uploads\/2021\/07\/mahe-taistera-gluteenivaba-kaerajahu.jpg\",\"datePublished\":\"2021-07-19T10:19:14+00:00\",\"dateModified\":\"2025-07-04T19:03:53+00:00\",\"description\":\"Milti, kas gatavoti no auzu p\u0101rsl\u0101m bez glut\u0113na. Piem\u0113roti cilv\u0113kiem ar glut\u0113na nepanes\u012bbu, 100% biolo\u0123iski audz\u0113ti.\",\"breadcrumb\":{\"@id\":\"https:\/\/old.elusvali.ee\/lv\/produkts\/organiskie-auzu-milti-bez-lipekla-1kg-biomenu\/#breadcrumb\"},\"inLanguage\":\"lv-LV\",\"potentialAction\":[{\"@type\":\"ReadAction\",\"target\":[\"https:\/\/old.elusvali.ee\/lv\/produkts\/organiskie-auzu-milti-bez-lipekla-1kg-biomenu\/\"]}]},{\"@type\":\"ImageObject\",\"inLanguage\":\"lv-LV\",\"@id\":\"https:\/\/old.elusvali.ee\/lv\/produkts\/organiskie-auzu-milti-bez-lipekla-1kg-biomenu\/#primaryimage\",\"url\":\"https:\/\/old.elusvali.ee\/wp-content\/uploads\/2021\/07\/mahe-taistera-gluteenivaba-kaerajahu.jpg\",\"contentUrl\":\"https:\/\/old.elusvali.ee\/wp-content\/uploads\/2021\/07\/mahe-taistera-gluteenivaba-kaerajahu.jpg\",\"width\":1500,\"height\":1500,\"caption\":\"Ekologi\u0161ki avi\u017einiai miltai be glitimo\"},{\"@type\":\"BreadcrumbList\",\"@id\":\"https:\/\/old.elusvali.ee\/lv\/produkts\/organiskie-auzu-milti-bez-lipekla-1kg-biomenu\/#breadcrumb\",\"itemListElement\":[{\"@type\":\"ListItem\",\"position\":1,\"name\":\"Home\",\"item\":\"https:\/\/purenature.lv\/\"},{\"@type\":\"ListItem\",\"position\":2,\"name\":\"E-veikals\",\"item\":\"https:\/\/purenature.lv\/veikals\/\"},{\"@type\":\"ListItem\",\"position\":3,\"name\":\"Organiskie auzu milti bez glut\u0113na 1kg | Biomenu\"}]},{\"@type\":\"WebSite\",\"@id\":\"https:\/\/old.elusvali.ee\/lv\/#website\",\"url\":\"https:\/\/old.elusvali.ee\/lv\/\",\"name\":\"Elusv\u00e4li\",\"description\":\"Puhas k&ouml;&ouml;k ja koduapteek\",\"publisher\":{\"@id\":\"https:\/\/old.elusvali.ee\/lv\/#organization\"},\"potentialAction\":[{\"@type\":\"SearchAction\",\"target\":{\"@type\":\"EntryPoint\",\"urlTemplate\":\"https:\/\/old.elusvali.ee\/lv\/?s={search_term_string}\"},\"query-input\":{\"@type\":\"PropertyValueSpecification\",\"valueRequired\":true,\"valueName\":\"search_term_string\"}}],\"inLanguage\":\"lv-LV\"},{\"@type\":\"Organization\",\"@id\":\"https:\/\/old.elusvali.ee\/lv\/#organization\",\"name\":\"Elusv\u00e4li\",\"url\":\"https:\/\/old.elusvali.ee\/lv\/\",\"logo\":{\"@type\":\"ImageObject\",\"inLanguage\":\"lv-LV\",\"@id\":\"https:\/\/old.elusvali.ee\/lv\/#\/schema\/logo\/image\/\",\"url\":\"https:\/\/purenature.lt\/wp-content\/uploads\/2023\/07\/logo.png\",\"contentUrl\":\"https:\/\/purenature.lt\/wp-content\/uploads\/2023\/07\/logo.png\",\"width\":526,\"height\":146,\"caption\":\"Elusv\u00e4li\"},\"image\":{\"@id\":\"https:\/\/old.elusvali.ee\/lv\/#\/schema\/logo\/image\/\"},\"sameAs\":[\"https:\/\/www.facebook.com\/profile.php?id=100064131067985\",\"https:\/\/www.instagram.com\/elusvali\/\",\"https:\/\/www.youtube.com\/@elusvali2110\"]}]}<\/script>\n<!-- \/ Yoast SEO plugin. -->","yoast_head_json":{"title":"Organiskie auzu milti bez glut\u0113na 1kg | Biomenu - Pure Nature","description":"Milti, kas gatavoti no auzu p\u0101rsl\u0101m bez glut\u0113na. Piem\u0113roti cilv\u0113kiem ar glut\u0113na nepanes\u012bbu, 100% biolo\u0123iski audz\u0113ti.","robots":{"index":"noindex","follow":"follow","max-snippet":"max-snippet:-1","max-image-preview":"max-image-preview:large","max-video-preview":"max-video-preview:-1"},"og_locale":"lv_LV","og_type":"article","og_title":"Organiskie auzu milti bez glut\u0113na 1kg | Biomenu - Pure Nature","og_description":"Milti, kas gatavoti no auzu p\u0101rsl\u0101m bez glut\u0113na. Piem\u0113roti cilv\u0113kiem ar glut\u0113na nepanes\u012bbu, 100% biolo\u0123iski audz\u0113ti.","og_url":"https:\/\/old.elusvali.ee\/lv\/produkts\/organiskie-auzu-milti-bez-lipekla-1kg-biomenu\/","og_site_name":"Elusv&auml;li","article_publisher":"https:\/\/www.facebook.com\/profile.php?id=100064131067985","article_modified_time":"2025-07-04T19:03:53+00:00","og_image":[{"width":1500,"height":1500,"url":"https:\/\/purenature.lv\/wp-content\/uploads\/2021\/07\/mahe-taistera-gluteenivaba-kaerajahu.jpg","type":"image\/jpeg"}],"twitter_card":"summary_large_image","twitter_misc":{"Est. reading time":"1 minute"},"schema":{"@context":"https:\/\/schema.org","@graph":[{"@type":"WebPage","@id":"https:\/\/old.elusvali.ee\/lv\/produkts\/organiskie-auzu-milti-bez-lipekla-1kg-biomenu\/","url":"https:\/\/old.elusvali.ee\/lv\/produkts\/organiskie-auzu-milti-bez-lipekla-1kg-biomenu\/","name":"Organiskie auzu milti bez glut\u0113na 1kg | Biomenu - Pure Nature","isPartOf":{"@id":"https:\/\/old.elusvali.ee\/lv\/#website"},"primaryImageOfPage":{"@id":"https:\/\/old.elusvali.ee\/lv\/produkts\/organiskie-auzu-milti-bez-lipekla-1kg-biomenu\/#primaryimage"},"image":{"@id":"https:\/\/old.elusvali.ee\/lv\/produkts\/organiskie-auzu-milti-bez-lipekla-1kg-biomenu\/#primaryimage"},"thumbnailUrl":"https:\/\/old.elusvali.ee\/wp-content\/uploads\/2021\/07\/mahe-taistera-gluteenivaba-kaerajahu.jpg","datePublished":"2021-07-19T10:19:14+00:00","dateModified":"2025-07-04T19:03:53+00:00","description":"Milti, kas gatavoti no auzu p\u0101rsl\u0101m bez glut\u0113na. Piem\u0113roti cilv\u0113kiem ar glut\u0113na nepanes\u012bbu, 100% biolo\u0123iski audz\u0113ti.","breadcrumb":{"@id":"https:\/\/old.elusvali.ee\/lv\/produkts\/organiskie-auzu-milti-bez-lipekla-1kg-biomenu\/#breadcrumb"},"inLanguage":"lv-LV","potentialAction":[{"@type":"ReadAction","target":["https:\/\/old.elusvali.ee\/lv\/produkts\/organiskie-auzu-milti-bez-lipekla-1kg-biomenu\/"]}]},{"@type":"ImageObject","inLanguage":"lv-LV","@id":"https:\/\/old.elusvali.ee\/lv\/produkts\/organiskie-auzu-milti-bez-lipekla-1kg-biomenu\/#primaryimage","url":"https:\/\/old.elusvali.ee\/wp-content\/uploads\/2021\/07\/mahe-taistera-gluteenivaba-kaerajahu.jpg","contentUrl":"https:\/\/old.elusvali.ee\/wp-content\/uploads\/2021\/07\/mahe-taistera-gluteenivaba-kaerajahu.jpg","width":1500,"height":1500,"caption":"Ekologi\u0161ki avi\u017einiai miltai be glitimo"},{"@type":"BreadcrumbList","@id":"https:\/\/old.elusvali.ee\/lv\/produkts\/organiskie-auzu-milti-bez-lipekla-1kg-biomenu\/#breadcrumb","itemListElement":[{"@type":"ListItem","position":1,"name":"Home","item":"https:\/\/purenature.lv\/"},{"@type":"ListItem","position":2,"name":"E-veikals","item":"https:\/\/purenature.lv\/veikals\/"},{"@type":"ListItem","position":3,"name":"Organiskie auzu milti bez glut\u0113na 1kg | Biomenu"}]},{"@type":"WebSite","@id":"https:\/\/old.elusvali.ee\/lv\/#website","url":"https:\/\/old.elusvali.ee\/lv\/","name":"Elusv\u00e4li","description":"Puhas k&ouml;&ouml;k ja koduapteek","publisher":{"@id":"https:\/\/old.elusvali.ee\/lv\/#organization"},"potentialAction":[{"@type":"SearchAction","target":{"@type":"EntryPoint","urlTemplate":"https:\/\/old.elusvali.ee\/lv\/?s={search_term_string}"},"query-input":{"@type":"PropertyValueSpecification","valueRequired":true,"valueName":"search_term_string"}}],"inLanguage":"lv-LV"},{"@type":"Organization","@id":"https:\/\/old.elusvali.ee\/lv\/#organization","name":"Elusv\u00e4li","url":"https:\/\/old.elusvali.ee\/lv\/","logo":{"@type":"ImageObject","inLanguage":"lv-LV","@id":"https:\/\/old.elusvali.ee\/lv\/#\/schema\/logo\/image\/","url":"https:\/\/purenature.lt\/wp-content\/uploads\/2023\/07\/logo.png","contentUrl":"https:\/\/purenature.lt\/wp-content\/uploads\/2023\/07\/logo.png","width":526,"height":146,"caption":"Elusv\u00e4li"},"image":{"@id":"https:\/\/old.elusvali.ee\/lv\/#\/schema\/logo\/image\/"},"sameAs":["https:\/\/www.facebook.com\/profile.php?id=100064131067985","https:\/\/www.instagram.com\/elusvali\/","https:\/\/www.youtube.com\/@elusvali2110"]}]}},"_links":{"self":[{"href":"https:\/\/old.elusvali.ee\/lv\/wp-json\/wp\/v2\/product\/35980","targetHints":{"allow":["GET"]}}],"collection":[{"href":"https:\/\/old.elusvali.ee\/lv\/wp-json\/wp\/v2\/product"}],"about":[{"href":"https:\/\/old.elusvali.ee\/lv\/wp-json\/wp\/v2\/types\/product"}],"replies":[{"embeddable":true,"href":"https:\/\/old.elusvali.ee\/lv\/wp-json\/wp\/v2\/comments?post=35980"}],"version-history":[{"count":2,"href":"https:\/\/old.elusvali.ee\/lv\/wp-json\/wp\/v2\/product\/35980\/revisions"}],"predecessor-version":[{"id":63590,"href":"https:\/\/old.elusvali.ee\/lv\/wp-json\/wp\/v2\/product\/35980\/revisions\/63590"}],"wp:featuredmedia":[{"embeddable":true,"href":"https:\/\/old.elusvali.ee\/lv\/wp-json\/wp\/v2\/media\/46904"}],"wp:attachment":[{"href":"https:\/\/old.elusvali.ee\/lv\/wp-json\/wp\/v2\/media?parent=35980"}],"wp:term":[{"taxonomy":"product_brand","embeddable":true,"href":"https:\/\/old.elusvali.ee\/lv\/wp-json\/wp\/v2\/product_brand?post=35980"},{"taxonomy":"product_cat","embeddable":true,"href":"https:\/\/old.elusvali.ee\/lv\/wp-json\/wp\/v2\/product_cat?post=35980"},{"taxonomy":"product_tag","embeddable":true,"href":"https:\/\/old.elusvali.ee\/lv\/wp-json\/wp\/v2\/product_tag?post=35980"}],"curies":[{"name":"wp","href":"https:\/\/api.w.org\/{rel}","templated":true}]}}