{"id":35978,"date":"2021-09-13T08:06:36","date_gmt":"2021-09-13T05:06:36","guid":{"rendered":"https:\/\/old.elusvali.ee\/product\/vimergy-atlantijas-dulse-55ml\/"},"modified":"2025-01-28T12:19:31","modified_gmt":"2025-01-28T10:19:31","slug":"vimergy-atlantijas-dulse-55ml","status":"publish","type":"product","link":"https:\/\/old.elusvali.ee\/lv\/produkts\/vimergy-atlantijas-dulse-55ml\/","title":{"rendered":"Vimergy Atlantijas Dulse &#8211; 55ml"},"content":{"rendered":"<p>Dulse ir j\u016bras a\u013c\u0123es, ko cilv\u0113ki lieto uztur\u0101 jau gadsimtiem, ja ne t\u016bksto\u0161gad\u0113m ilgi. \u012as\u0101s ra\u017eas sezonas d\u0113\u013c \u0161is savva\u013cas \u0113damais augs ir gr\u016bti pieejams, ta\u010du t\u0101 lielisk\u0101s \u0101rstniecisk\u0101s \u012bpa\u0161\u012bbas padara to par \u013coti noder\u012bgu p\u0101rtiku visa gada garum\u0101. Tagad jums ir iesp\u0113ja &#8211; Vimergy organiskais dulse ekstrakts ir pieejams visu gadu! Vienk\u0101r\u0161i sajauciet pipeti dulses ar \u016bdeni, sulu vai kokteili. V\u0113l viena iesp\u0113ja ir pievienot \u0161\u012bs gar\u0161\u012bg\u0101s j\u016bras a\u013c\u0123es saviem \u0113dieniem, piem\u0113ram, zupai, buljonam vai saut\u0113jumiem.<\/p>\n<p>Vimergy dulse ekstrakts ir lieliski piem\u0113rots ar\u012b \u0100rstnieciskajam Medium Detox sm\u016btijam.<\/p>\n<p><img fetchpriority=\"high\" decoding=\"async\" class=\"alignleft size-medium wp-image-44455\" style=\"margin-bottom: 0px;\" src=\"https:\/\/purenature.lv\/wp-content\/uploads\/2021\/09\/organic-atlantic-dulse-vimergy-supplements-vitamins-36303117680810-300x300.jpg\" alt=\"\" width=\"300\" height=\"300\" srcset=\"https:\/\/old.elusvali.ee\/wp-content\/uploads\/2021\/09\/organic-atlantic-dulse-vimergy-supplements-vitamins-36303117680810-300x300.jpg 300w, https:\/\/old.elusvali.ee\/wp-content\/uploads\/2021\/09\/organic-atlantic-dulse-vimergy-supplements-vitamins-36303117680810-150x150.jpg 150w, https:\/\/old.elusvali.ee\/wp-content\/uploads\/2021\/09\/organic-atlantic-dulse-vimergy-supplements-vitamins-36303117680810-768x768.jpg 768w, https:\/\/old.elusvali.ee\/wp-content\/uploads\/2021\/09\/organic-atlantic-dulse-vimergy-supplements-vitamins-36303117680810-430x430.jpg 430w, https:\/\/old.elusvali.ee\/wp-content\/uploads\/2021\/09\/organic-atlantic-dulse-vimergy-supplements-vitamins-36303117680810-700x700.jpg 700w, https:\/\/old.elusvali.ee\/wp-content\/uploads\/2021\/09\/organic-atlantic-dulse-vimergy-supplements-vitamins-36303117680810.jpg 800w\" sizes=\"(max-width: 300px) 100vw, 300px\" \/><\/p>\n<p><b>Sertific\u0113ts organiskais Vimergy 6:1 dulse ekstrakts:<\/b><\/p>\n<ul>\n<li>Katra deva (viena pipete) satur 1050 mg Atlantijas dulses.<\/li>\n<li>Sp\u0113c\u012bga alkoholu nesaturo\u0161a recepte uz \u016bdens b\u0101zes 6:1<\/li>\n<li>Sast\u0101v\u0101 ir organiskais glicer\u012bns un organisk\u0101 citronu sula.<\/li>\n<li>Dulses ekstraktu var lietot kop\u0101 ar \u016bdeni, sulu vai koktei\u013ciem. To var pievienot ar\u012b sal\u0101tu m\u0113rc\u0113m, zup\u0101m, saut\u0113jumiem vai buljonam.<\/li>\n<li>&#8220;USDA&#8221; sertific\u0113ts biolo\u0123isks produkts, nesatur alkoholu, bez lipek\u013ca, bez \u0122MO, bez kukur\u016bzas, veg\u0101ns un paleodi\u0113tai piem\u0113rots.<\/li>\n<li>Nesatur citronsk\u0101bi, pildvielas, piedevas, dab\u012bg\u0101s aromatiz\u0113t\u0101jvielas.<\/li>\n<\/ul>\n<p><em>* Apgalvojumi \u0146emti no Vimergy t\u012bmek\u013ca vietnes<\/em><\/p>\n<h2>K\u0101 lietot Vimergy Atlantijas dulsi?<\/h2>\n<ul>\n<li><strong>Lieto\u0161anas instrukcija:<\/strong> <span class=\"wd-attr-term\">1 pipete (1ml) vienu reizi dien\u0101, uzdzerot ar \u016bdeni<\/span>, <span class=\"wd-attr-term\">ar sulu vai kokteili. Viena deva (viena pipete) satur aptuveni 27-33 pilienus. 55 devas pudel\u0113.<\/span><\/li>\n<li><strong>Uzglab\u0101\u0161ana: <\/strong>Glab\u0101t v\u0113s\u0101, tum\u0161\u0101 viet\u0101. <em>Piem\u0113ram, aizsl\u0113gt\u0101 virtuves skap\u012b b\u0113rniem nepieejam\u0101 viet\u0101. Ilg\u0101ku laiku uzglab\u0101jot, vislab\u0101k ir tur\u0113t ledusskapja aug\u0161\u0113j\u0101 atvilktn\u0113. <\/em><\/li>\n<li><strong>Kontrindik\u0101cijas<\/strong>: Nelietot k\u0101 pilnv\u0113rt\u012bga un sabalans\u0113ta uztura aizst\u0101j\u0113ju. Gr\u016btniec\u012bbas, z\u012bd\u012b\u0161anas, medikamentu lieto\u0161anas vai vesel\u012bbas probl\u0113mu gad\u012bjum\u0101 pirms lieto\u0161anas konsult\u0113jieties ar \u0101rstu.<\/li>\n<\/ul>\n<p>Skat\u012bt ar\u012b <a href=\"https:\/\/purenature.lv\/3-biezakas-kludas-kuras-partikas-piedevas-tiek-lietotas-kad-tas-tiek-lietotas\/?_gl=1*1htr1de*_gcl_au*NDI3MzQxODMyLjE3MzQwMDk4MTU.*_ga*NzE0MDY5OTMxLjE3MzQwMDk4MTU.*_ga_G9DKBME5C1*MTczNDU0NjkxNS41LjEuMTczNDU0NzkxMS4wLjAuMA..\">3 bie\u017e\u0101k pie\u013caut\u0101s k\u013c\u016bdas, lietojot uztura bag\u0101tin\u0101t\u0101jus<\/a><\/p>\n<p><a href=\"https:\/\/vimergy.com\/\">Vimergy<\/a> ir paz\u012bstams k\u0101 viens no pasaul\u0113 augst\u0101k\u0101s kvalit\u0101tes ASV biolo\u0123isko uztura bag\u0101tin\u0101t\u0101ju z\u012bmoliem.<br \/>\nVisi Vimergy produkti ir ekolo\u0123iski t\u012bri, nesatur alkoholu un ir piem\u0113roti veg\u0101niem.<br \/>Turkl\u0101t neviena Vimergy piedeva nesatur citronsk\u0101bi, pildvielas vai m\u0101ksl\u012bg\u0101s piedevas.<\/p>\n<p><img decoding=\"async\" class=\"aligncenter wp-image-44460 size-large\" src=\"https:\/\/purenature.lv\/wp-content\/uploads\/2021\/09\/Atlantic_Dulse_How_To_Desktop-1300x679.png\" alt=\"\" width=\"1300\" height=\"679\" srcset=\"https:\/\/old.elusvali.ee\/wp-content\/uploads\/2021\/09\/Atlantic_Dulse_How_To_Desktop-1300x679.png 1300w, https:\/\/old.elusvali.ee\/wp-content\/uploads\/2021\/09\/Atlantic_Dulse_How_To_Desktop-400x209.png 400w, https:\/\/old.elusvali.ee\/wp-content\/uploads\/2021\/09\/Atlantic_Dulse_How_To_Desktop-768x401.png 768w, https:\/\/old.elusvali.ee\/wp-content\/uploads\/2021\/09\/Atlantic_Dulse_How_To_Desktop-1536x803.png 1536w, https:\/\/old.elusvali.ee\/wp-content\/uploads\/2021\/09\/Atlantic_Dulse_How_To_Desktop-430x225.png 430w, https:\/\/old.elusvali.ee\/wp-content\/uploads\/2021\/09\/Atlantic_Dulse_How_To_Desktop-700x366.png 700w, https:\/\/old.elusvali.ee\/wp-content\/uploads\/2021\/09\/Atlantic_Dulse_How_To_Desktop-150x78.png 150w, https:\/\/old.elusvali.ee\/wp-content\/uploads\/2021\/09\/Atlantic_Dulse_How_To_Desktop.png 2000w\" sizes=\"(max-width: 1300px) 100vw, 1300px\" \/><\/p>\n","protected":false},"excerpt":{"rendered":"<p>J\u016bsu priek\u0161\u0101 ir visvienk\u0101r\u0161\u0101kais veids, k\u0101 pat\u0113r\u0113t kvalitat\u012bvu dulsi! Katra Vimergy dulses ekstrakta deva satur 1050 mg Atlantijas dulses. \u0160\u012bs \u012bpa\u0161\u0101s bezalkoholisk\u0101s tinkt\u016bras sast\u0101v\u0101 ir tikai tr\u012bs sast\u0101vda\u013cas: organisk\u0101 Atlantijas dulse, organiskais glicer\u012bns un organisk\u0101 citronu sula.<\/p>\n","protected":false},"featured_media":32447,"comment_status":"open","ping_status":"closed","template":"","meta":{"_acf_changed":false},"product_brand":[],"product_cat":[462,402,696],"product_tag":[410,405],"class_list":{"0":"post-35978","1":"product","2":"type-product","3":"status-publish","4":"has-post-thumbnail","6":"product_cat-kermena-attirisana","7":"product_cat-partikas-piedevas","8":"product_cat-vimergy-lt-lv","9":"product_tag-skidrie-produkti-lv","10":"product_tag-vimergy-lv","12":"first","13":"instock","14":"taxable","15":"shipping-taxable","16":"purchasable","17":"product-type-simple"},"acf":[],"yoast_head":"<!-- This site is optimized with the Yoast SEO plugin v25.3.1 - https:\/\/yoast.com\/wordpress\/plugins\/seo\/ -->\n<title>Vimergy Atlantijas Dulse - 55ml - Pure Nature<\/title>\n<meta name=\"robots\" content=\"noindex, follow, max-snippet:-1, max-image-preview:large, max-video-preview:-1\" \/>\n<meta property=\"og:locale\" content=\"lv_LV\" \/>\n<meta property=\"og:type\" content=\"article\" \/>\n<meta property=\"og:title\" content=\"Vimergy Atlantijas Dulse - 55ml - Pure Nature\" \/>\n<meta property=\"og:description\" content=\"J\u016bsu priek\u0161\u0101 ir visvienk\u0101r\u0161\u0101kais veids, k\u0101 pat\u0113r\u0113t kvalitat\u012bvu dulsi! Katra Vimergy dulses ekstrakta deva satur 1050 mg Atlantijas dulses. \u0160\u012bs \u012bpa\u0161\u0101s bezalkoholisk\u0101s tinkt\u016bras sast\u0101v\u0101 ir tikai tr\u012bs sast\u0101vda\u013cas: organisk\u0101 Atlantijas dulse, organiskais glicer\u012bns un organisk\u0101 citronu sula.\" \/>\n<meta property=\"og:url\" content=\"https:\/\/old.elusvali.ee\/lv\/produkts\/vimergy-atlantijas-dulse-55ml\/\" \/>\n<meta property=\"og:site_name\" content=\"Elusv&auml;li\" \/>\n<meta property=\"article:publisher\" content=\"https:\/\/www.facebook.com\/profile.php?id=100064131067985\" \/>\n<meta property=\"article:modified_time\" content=\"2025-01-28T10:19:31+00:00\" \/>\n<meta property=\"og:image\" content=\"https:\/\/purenature.lv\/wp-content\/uploads\/2021\/09\/AtlanticDulse.jpg\" \/>\n\t<meta property=\"og:image:width\" content=\"1400\" \/>\n\t<meta property=\"og:image:height\" content=\"1400\" \/>\n\t<meta property=\"og:image:type\" content=\"image\/jpeg\" \/>\n<meta name=\"twitter:card\" content=\"summary_large_image\" \/>\n<meta name=\"twitter:label1\" content=\"Est. reading time\" \/>\n\t<meta name=\"twitter:data1\" content=\"2 minutes\" \/>\n<script type=\"application\/ld+json\" class=\"yoast-schema-graph\">{\"@context\":\"https:\/\/schema.org\",\"@graph\":[{\"@type\":\"WebPage\",\"@id\":\"https:\/\/old.elusvali.ee\/lv\/produkts\/vimergy-atlantijas-dulse-55ml\/\",\"url\":\"https:\/\/old.elusvali.ee\/lv\/produkts\/vimergy-atlantijas-dulse-55ml\/\",\"name\":\"Vimergy Atlantijas Dulse - 55ml - Pure Nature\",\"isPartOf\":{\"@id\":\"https:\/\/old.elusvali.ee\/lv\/#website\"},\"primaryImageOfPage\":{\"@id\":\"https:\/\/old.elusvali.ee\/lv\/produkts\/vimergy-atlantijas-dulse-55ml\/#primaryimage\"},\"image\":{\"@id\":\"https:\/\/old.elusvali.ee\/lv\/produkts\/vimergy-atlantijas-dulse-55ml\/#primaryimage\"},\"thumbnailUrl\":\"https:\/\/old.elusvali.ee\/wp-content\/uploads\/2021\/09\/AtlanticDulse.jpg\",\"datePublished\":\"2021-09-13T05:06:36+00:00\",\"dateModified\":\"2025-01-28T10:19:31+00:00\",\"breadcrumb\":{\"@id\":\"https:\/\/old.elusvali.ee\/lv\/produkts\/vimergy-atlantijas-dulse-55ml\/#breadcrumb\"},\"inLanguage\":\"lv-LV\",\"potentialAction\":[{\"@type\":\"ReadAction\",\"target\":[\"https:\/\/old.elusvali.ee\/lv\/produkts\/vimergy-atlantijas-dulse-55ml\/\"]}]},{\"@type\":\"ImageObject\",\"inLanguage\":\"lv-LV\",\"@id\":\"https:\/\/old.elusvali.ee\/lv\/produkts\/vimergy-atlantijas-dulse-55ml\/#primaryimage\",\"url\":\"https:\/\/old.elusvali.ee\/wp-content\/uploads\/2021\/09\/AtlanticDulse.jpg\",\"contentUrl\":\"https:\/\/old.elusvali.ee\/wp-content\/uploads\/2021\/09\/AtlanticDulse.jpg\",\"width\":1400,\"height\":1400,\"caption\":\"Dulse dumbliu ekstraktas\"},{\"@type\":\"BreadcrumbList\",\"@id\":\"https:\/\/old.elusvali.ee\/lv\/produkts\/vimergy-atlantijas-dulse-55ml\/#breadcrumb\",\"itemListElement\":[{\"@type\":\"ListItem\",\"position\":1,\"name\":\"Home\",\"item\":\"https:\/\/purenature.lv\/\"},{\"@type\":\"ListItem\",\"position\":2,\"name\":\"E-veikals\",\"item\":\"https:\/\/purenature.lv\/veikals\/\"},{\"@type\":\"ListItem\",\"position\":3,\"name\":\"Vimergy Atlantijas Dulse &#8211; 55ml\"}]},{\"@type\":\"WebSite\",\"@id\":\"https:\/\/old.elusvali.ee\/lv\/#website\",\"url\":\"https:\/\/old.elusvali.ee\/lv\/\",\"name\":\"Elusv\u00e4li\",\"description\":\"Puhas k&ouml;&ouml;k ja koduapteek\",\"publisher\":{\"@id\":\"https:\/\/old.elusvali.ee\/lv\/#organization\"},\"potentialAction\":[{\"@type\":\"SearchAction\",\"target\":{\"@type\":\"EntryPoint\",\"urlTemplate\":\"https:\/\/old.elusvali.ee\/lv\/?s={search_term_string}\"},\"query-input\":{\"@type\":\"PropertyValueSpecification\",\"valueRequired\":true,\"valueName\":\"search_term_string\"}}],\"inLanguage\":\"lv-LV\"},{\"@type\":\"Organization\",\"@id\":\"https:\/\/old.elusvali.ee\/lv\/#organization\",\"name\":\"Elusv\u00e4li\",\"url\":\"https:\/\/old.elusvali.ee\/lv\/\",\"logo\":{\"@type\":\"ImageObject\",\"inLanguage\":\"lv-LV\",\"@id\":\"https:\/\/old.elusvali.ee\/lv\/#\/schema\/logo\/image\/\",\"url\":\"https:\/\/purenature.lt\/wp-content\/uploads\/2023\/07\/logo.png\",\"contentUrl\":\"https:\/\/purenature.lt\/wp-content\/uploads\/2023\/07\/logo.png\",\"width\":526,\"height\":146,\"caption\":\"Elusv\u00e4li\"},\"image\":{\"@id\":\"https:\/\/old.elusvali.ee\/lv\/#\/schema\/logo\/image\/\"},\"sameAs\":[\"https:\/\/www.facebook.com\/profile.php?id=100064131067985\",\"https:\/\/www.instagram.com\/elusvali\/\",\"https:\/\/www.youtube.com\/@elusvali2110\"]}]}<\/script>\n<!-- \/ Yoast SEO plugin. -->","yoast_head_json":{"title":"Vimergy Atlantijas Dulse - 55ml - Pure Nature","robots":{"index":"noindex","follow":"follow","max-snippet":"max-snippet:-1","max-image-preview":"max-image-preview:large","max-video-preview":"max-video-preview:-1"},"og_locale":"lv_LV","og_type":"article","og_title":"Vimergy Atlantijas Dulse - 55ml - Pure Nature","og_description":"J\u016bsu priek\u0161\u0101 ir visvienk\u0101r\u0161\u0101kais veids, k\u0101 pat\u0113r\u0113t kvalitat\u012bvu dulsi! Katra Vimergy dulses ekstrakta deva satur 1050 mg Atlantijas dulses. \u0160\u012bs \u012bpa\u0161\u0101s bezalkoholisk\u0101s tinkt\u016bras sast\u0101v\u0101 ir tikai tr\u012bs sast\u0101vda\u013cas: organisk\u0101 Atlantijas dulse, organiskais glicer\u012bns un organisk\u0101 citronu sula.","og_url":"https:\/\/old.elusvali.ee\/lv\/produkts\/vimergy-atlantijas-dulse-55ml\/","og_site_name":"Elusv&auml;li","article_publisher":"https:\/\/www.facebook.com\/profile.php?id=100064131067985","article_modified_time":"2025-01-28T10:19:31+00:00","og_image":[{"width":1400,"height":1400,"url":"https:\/\/purenature.lv\/wp-content\/uploads\/2021\/09\/AtlanticDulse.jpg","type":"image\/jpeg"}],"twitter_card":"summary_large_image","twitter_misc":{"Est. reading time":"2 minutes"},"schema":{"@context":"https:\/\/schema.org","@graph":[{"@type":"WebPage","@id":"https:\/\/old.elusvali.ee\/lv\/produkts\/vimergy-atlantijas-dulse-55ml\/","url":"https:\/\/old.elusvali.ee\/lv\/produkts\/vimergy-atlantijas-dulse-55ml\/","name":"Vimergy Atlantijas Dulse - 55ml - Pure Nature","isPartOf":{"@id":"https:\/\/old.elusvali.ee\/lv\/#website"},"primaryImageOfPage":{"@id":"https:\/\/old.elusvali.ee\/lv\/produkts\/vimergy-atlantijas-dulse-55ml\/#primaryimage"},"image":{"@id":"https:\/\/old.elusvali.ee\/lv\/produkts\/vimergy-atlantijas-dulse-55ml\/#primaryimage"},"thumbnailUrl":"https:\/\/old.elusvali.ee\/wp-content\/uploads\/2021\/09\/AtlanticDulse.jpg","datePublished":"2021-09-13T05:06:36+00:00","dateModified":"2025-01-28T10:19:31+00:00","breadcrumb":{"@id":"https:\/\/old.elusvali.ee\/lv\/produkts\/vimergy-atlantijas-dulse-55ml\/#breadcrumb"},"inLanguage":"lv-LV","potentialAction":[{"@type":"ReadAction","target":["https:\/\/old.elusvali.ee\/lv\/produkts\/vimergy-atlantijas-dulse-55ml\/"]}]},{"@type":"ImageObject","inLanguage":"lv-LV","@id":"https:\/\/old.elusvali.ee\/lv\/produkts\/vimergy-atlantijas-dulse-55ml\/#primaryimage","url":"https:\/\/old.elusvali.ee\/wp-content\/uploads\/2021\/09\/AtlanticDulse.jpg","contentUrl":"https:\/\/old.elusvali.ee\/wp-content\/uploads\/2021\/09\/AtlanticDulse.jpg","width":1400,"height":1400,"caption":"Dulse dumbliu ekstraktas"},{"@type":"BreadcrumbList","@id":"https:\/\/old.elusvali.ee\/lv\/produkts\/vimergy-atlantijas-dulse-55ml\/#breadcrumb","itemListElement":[{"@type":"ListItem","position":1,"name":"Home","item":"https:\/\/purenature.lv\/"},{"@type":"ListItem","position":2,"name":"E-veikals","item":"https:\/\/purenature.lv\/veikals\/"},{"@type":"ListItem","position":3,"name":"Vimergy Atlantijas Dulse &#8211; 55ml"}]},{"@type":"WebSite","@id":"https:\/\/old.elusvali.ee\/lv\/#website","url":"https:\/\/old.elusvali.ee\/lv\/","name":"Elusv\u00e4li","description":"Puhas k&ouml;&ouml;k ja koduapteek","publisher":{"@id":"https:\/\/old.elusvali.ee\/lv\/#organization"},"potentialAction":[{"@type":"SearchAction","target":{"@type":"EntryPoint","urlTemplate":"https:\/\/old.elusvali.ee\/lv\/?s={search_term_string}"},"query-input":{"@type":"PropertyValueSpecification","valueRequired":true,"valueName":"search_term_string"}}],"inLanguage":"lv-LV"},{"@type":"Organization","@id":"https:\/\/old.elusvali.ee\/lv\/#organization","name":"Elusv\u00e4li","url":"https:\/\/old.elusvali.ee\/lv\/","logo":{"@type":"ImageObject","inLanguage":"lv-LV","@id":"https:\/\/old.elusvali.ee\/lv\/#\/schema\/logo\/image\/","url":"https:\/\/purenature.lt\/wp-content\/uploads\/2023\/07\/logo.png","contentUrl":"https:\/\/purenature.lt\/wp-content\/uploads\/2023\/07\/logo.png","width":526,"height":146,"caption":"Elusv\u00e4li"},"image":{"@id":"https:\/\/old.elusvali.ee\/lv\/#\/schema\/logo\/image\/"},"sameAs":["https:\/\/www.facebook.com\/profile.php?id=100064131067985","https:\/\/www.instagram.com\/elusvali\/","https:\/\/www.youtube.com\/@elusvali2110"]}]}},"_links":{"self":[{"href":"https:\/\/old.elusvali.ee\/lv\/wp-json\/wp\/v2\/product\/35978","targetHints":{"allow":["GET"]}}],"collection":[{"href":"https:\/\/old.elusvali.ee\/lv\/wp-json\/wp\/v2\/product"}],"about":[{"href":"https:\/\/old.elusvali.ee\/lv\/wp-json\/wp\/v2\/types\/product"}],"replies":[{"embeddable":true,"href":"https:\/\/old.elusvali.ee\/lv\/wp-json\/wp\/v2\/comments?post=35978"}],"version-history":[{"count":1,"href":"https:\/\/old.elusvali.ee\/lv\/wp-json\/wp\/v2\/product\/35978\/revisions"}],"predecessor-version":[{"id":59752,"href":"https:\/\/old.elusvali.ee\/lv\/wp-json\/wp\/v2\/product\/35978\/revisions\/59752"}],"wp:featuredmedia":[{"embeddable":true,"href":"https:\/\/old.elusvali.ee\/lv\/wp-json\/wp\/v2\/media\/32447"}],"wp:attachment":[{"href":"https:\/\/old.elusvali.ee\/lv\/wp-json\/wp\/v2\/media?parent=35978"}],"wp:term":[{"taxonomy":"product_brand","embeddable":true,"href":"https:\/\/old.elusvali.ee\/lv\/wp-json\/wp\/v2\/product_brand?post=35978"},{"taxonomy":"product_cat","embeddable":true,"href":"https:\/\/old.elusvali.ee\/lv\/wp-json\/wp\/v2\/product_cat?post=35978"},{"taxonomy":"product_tag","embeddable":true,"href":"https:\/\/old.elusvali.ee\/lv\/wp-json\/wp\/v2\/product_tag?post=35978"}],"curies":[{"name":"wp","href":"https:\/\/api.w.org\/{rel}","templated":true}]}}