{"id":35977,"date":"2020-12-14T13:18:19","date_gmt":"2020-12-14T11:18:19","guid":{"rendered":"https:\/\/old.elusvali.ee\/product\/detox-smoothie-komplekts\/"},"modified":"2025-05-27T13:27:47","modified_gmt":"2025-05-27T10:27:47","slug":"detox-smoothie-komplekts","status":"publish","type":"product","link":"https:\/\/old.elusvali.ee\/lv\/produkts\/detox-smoothie-komplekts\/","title":{"rendered":"Detox sm\u016btiju komplekts"},"content":{"rendered":"<p>Detox pulveri &#8211; kam man tie ir nepiecie\u0161ami? M\u016bsdienu pasaul\u0113 m\u0113s past\u0101v\u012bgi saskaramies ar da\u017e\u0101diem toksisk\u0101 pies\u0101r\u0146ojuma avotiem, un m\u016bsu organismam ir nepiecie\u0161ama liela pal\u012bdz\u012bba, lai ar to visu tiktu gal\u0101. Spirul\u012bnas un mie\u017eu ekstrakta pulverim piem\u012bt organisma att\u012br\u012b\u0161anas un smago met\u0101lu likvid\u0113\u0161anas \u012bpa\u0161\u012bbas. Savuk\u0101rt savva\u013cas mellenes ir br\u012bni\u0161\u0137\u012bgs superprodukts ar atjaunojo\u0161u, oksidat\u012bvo stresu mazino\u0161u iedarb\u012bbu. Visi tr\u012bs pulveri ir bag\u0101ti ar uzturviel\u0101m, vitam\u012bniem un miner\u0101lviel\u0101m, kas j\u016bsu sm\u016btijam pie\u0161\u0137ir pavisam jaunu l\u012bmeni!<\/p>\n<p>Vimergy Spirulina un Mie\u017eu sulas ekstrakta pulveri ir iztur\u0113ju\u0161i vair\u0101kas kvalit\u0101tes p\u0101rbaudes, ko veiku\u0161as neatkar\u012bgas tre\u0161\u0101s puses, un satur tikai t\u012br\u0101k\u0101s izejvielas. Sast\u0101vda\u013cas tiek audz\u0113tas, nov\u0101ktas un iepakotas ASV ar lielu r\u016bp\u012bbu un cie\u0146u. Savuk\u0101rt Vimergy savva\u013cas mellenes n\u0101k no \u0145\u016bfaundlendas, Kan\u0101d\u0101, kur ir vienas no pasaul\u0113 t\u012br\u0101kaj\u0101m gaisa, t\u012br\u0101ko \u016bde\u0146u un neskart\u0101kaj\u0101m savva\u013cas teritorij\u0101m.<\/p>\n<p>Uzziniet vair\u0101k par produktiem \u0161eit:<\/p>\n<ul>\n<li><strong><a href=\"https:\/\/purenature.lv\/produkts\/vimergy-odraorase-malts-pulveris\">Mie\u017eu sulas pulveris<\/a><\/strong><\/li>\n<li><strong><a href=\"https:\/\/purenature.lv\/produkts\/vimergy-spirulina-pulveris-asv\/\">Spirul\u012bnas pulveris<\/a><\/strong><\/li>\n<li><strong><a href=\"https:\/\/purenature.lv\/produkts\/vimergy-lolize-kaltetas-meza-mellenes\">Liofiliz\u0113ts savva\u013cas melle\u0146u pulveris<\/a><\/strong><\/li>\n<\/ul>\n<h2>K\u0101 lietot detox sm\u016btiju komplektu?<\/h2>\n<ul>\n<li><strong>Lieto\u0161ana:<\/strong> mais\u012bjumus var pievienot j\u016bsu izv\u0113l\u0113tam kokteilim, bet, lai pan\u0101ktu vislab\u0101ko iedarb\u012bbu, m\u0113s iesak\u0101m <a href=\"https:\/\/purenature.lv\/mediciniska-medija-detox-maina-receptes\/\">l\u012bdzekli lietot detox sm\u016btija sast\u0101v\u0101<\/a>.<\/li>\n<li><strong>Uzglab\u0101\u0161ana: <\/strong>Glab\u0101t v\u0113s\u0101, tum\u0161\u0101 viet\u0101.<br \/>\n<em>Piem\u0113ram, aizsl\u0113gt\u0101 virtuves skap\u012b b\u0113rniem nepieejam\u0101 viet\u0101. Uzglab\u0101t sausum\u0101.<\/em><\/li>\n<li><strong>Kontrindik\u0101cijas<\/strong>: Nelietot k\u0101 pilnv\u0113rt\u012bga un sabalans\u0113ta uztura aizst\u0101j\u0113ju. Gr\u016btniec\u012bbas, z\u012bd\u012b\u0161anas, medikamentu lieto\u0161anas vai vesel\u012bbas probl\u0113mu gad\u012bjum\u0101 pirms lieto\u0161anas konsult\u0113jieties ar \u0101rstu.<\/li>\n<\/ul>\n<p>Skat\u012bt ar\u012b <a href=\"https:\/\/purenature.lv\/3-biezakas-kludas-kuras-partikas-piedevas-tiek-lietotas-kad-tas-tiek-lietotas\/?_gl=1*1htr1de*_gcl_au*NDI3MzQxODMyLjE3MzQwMDk4MTU.*_ga*NzE0MDY5OTMxLjE3MzQwMDk4MTU.*_ga_G9DKBME5C1*MTczNDU0NjkxNS41LjEuMTczNDU0NzkxMS4wLjAuMA..\">3 bie\u017e\u0101k pie\u013caut\u0101s k\u013c\u016bdas, lietojot uztura bag\u0101tin\u0101t\u0101jus<\/a><\/p>\n<p><a href=\"https:\/\/vimergy.com\/\">Vimergy<\/a> ir paz\u012bstams k\u0101 viens no pasaul\u0113 visaugst\u0101k\u0101s kvalit\u0101tes ASV biolo\u0123isko uztura bag\u0101tin\u0101t\u0101ju z\u012bmoliem.<br \/>\nVisi Vimergy produkti ir ekolo\u0123iski t\u012bri, nesatur alkoholu un ir piem\u0113roti veg\u0101niem. Turkl\u0101t neviens no m\u016bsu uztura bag\u0101tin\u0101t\u0101jiem nesatur citronsk\u0101bi, pildvielas vai m\u0101ksl\u012bg\u0101s piedevas.<\/p>\n","protected":false},"excerpt":{"rendered":"<p>Detox sm\u016btiju komplekts ir izstr\u0101d\u0101ts, lai pal\u012bdz\u0113tu dro\u0161i izvad\u012bt no organisma kait\u012bg\u0101s vielas un toks\u012bnus. \u0160is augst\u0101k\u0101s kvalit\u0101tes pulveru komplekts ir sp\u0113c\u012bgs un gar\u0161\u012bgs papildin\u0101jums j\u016bsu r\u012bta kokteilim!<\/p>\n","protected":false},"featured_media":34961,"comment_status":"open","ping_status":"closed","template":"","meta":{"_acf_changed":false},"product_brand":[],"product_cat":[411,462,460,402],"product_tag":[412,405],"class_list":{"0":"post-35977","1":"product","2":"type-product","3":"status-publish","4":"has-post-thumbnail","6":"product_cat-ar-atlaidi","7":"product_cat-kermena-attirisana","8":"product_cat-komplekti","9":"product_cat-partikas-piedevas","10":"product_tag-pulveri","11":"product_tag-vimergy-lv","13":"first","14":"instock","15":"sale","16":"taxable","17":"shipping-taxable","18":"purchasable","19":"product-type-simple"},"acf":[],"yoast_head":"<!-- This site is optimized with the Yoast SEO plugin v25.3.1 - https:\/\/yoast.com\/wordpress\/plugins\/seo\/ -->\n<title>Detox sm\u016btiju komplekts - Pure Nature<\/title>\n<meta name=\"robots\" content=\"noindex, follow, max-snippet:-1, max-image-preview:large, max-video-preview:-1\" \/>\n<meta property=\"og:locale\" content=\"lv_LV\" \/>\n<meta property=\"og:type\" content=\"article\" \/>\n<meta property=\"og:title\" content=\"Detox sm\u016btiju komplekts - Pure Nature\" \/>\n<meta property=\"og:description\" content=\"Detox sm\u016btiju komplekts ir izstr\u0101d\u0101ts, lai pal\u012bdz\u0113tu dro\u0161i izvad\u012bt no organisma kait\u012bg\u0101s vielas un toks\u012bnus. \u0160is augst\u0101k\u0101s kvalit\u0101tes pulveru komplekts ir sp\u0113c\u012bgs un gar\u0161\u012bgs papildin\u0101jums j\u016bsu r\u012bta kokteilim!\" \/>\n<meta property=\"og:url\" content=\"https:\/\/old.elusvali.ee\/lv\/produkts\/detox-smoothie-komplekts\/\" \/>\n<meta property=\"og:site_name\" content=\"Elusv&auml;li\" \/>\n<meta property=\"article:publisher\" content=\"https:\/\/www.facebook.com\/profile.php?id=100064131067985\" \/>\n<meta property=\"article:modified_time\" content=\"2025-05-27T10:27:47+00:00\" \/>\n<meta property=\"og:image\" content=\"https:\/\/purenature.lv\/wp-content\/uploads\/2024\/03\/detox-smuuti-komplekt-eng-2.jpg\" \/>\n\t<meta property=\"og:image:width\" content=\"1000\" \/>\n\t<meta property=\"og:image:height\" content=\"1000\" \/>\n\t<meta property=\"og:image:type\" content=\"image\/jpeg\" \/>\n<meta name=\"twitter:card\" content=\"summary_large_image\" \/>\n<meta name=\"twitter:label1\" content=\"Est. reading time\" \/>\n\t<meta name=\"twitter:data1\" content=\"2 minutes\" \/>\n<script type=\"application\/ld+json\" class=\"yoast-schema-graph\">{\"@context\":\"https:\/\/schema.org\",\"@graph\":[{\"@type\":\"WebPage\",\"@id\":\"https:\/\/old.elusvali.ee\/lv\/produkts\/detox-smoothie-komplekts\/\",\"url\":\"https:\/\/old.elusvali.ee\/lv\/produkts\/detox-smoothie-komplekts\/\",\"name\":\"Detox sm\u016btiju komplekts - Pure Nature\",\"isPartOf\":{\"@id\":\"https:\/\/old.elusvali.ee\/lv\/#website\"},\"primaryImageOfPage\":{\"@id\":\"https:\/\/old.elusvali.ee\/lv\/produkts\/detox-smoothie-komplekts\/#primaryimage\"},\"image\":{\"@id\":\"https:\/\/old.elusvali.ee\/lv\/produkts\/detox-smoothie-komplekts\/#primaryimage\"},\"thumbnailUrl\":\"https:\/\/old.elusvali.ee\/wp-content\/uploads\/2024\/03\/detox-smuuti-komplekt-eng-2.jpg\",\"datePublished\":\"2020-12-14T11:18:19+00:00\",\"dateModified\":\"2025-05-27T10:27:47+00:00\",\"breadcrumb\":{\"@id\":\"https:\/\/old.elusvali.ee\/lv\/produkts\/detox-smoothie-komplekts\/#breadcrumb\"},\"inLanguage\":\"lv-LV\",\"potentialAction\":[{\"@type\":\"ReadAction\",\"target\":[\"https:\/\/old.elusvali.ee\/lv\/produkts\/detox-smoothie-komplekts\/\"]}]},{\"@type\":\"ImageObject\",\"inLanguage\":\"lv-LV\",\"@id\":\"https:\/\/old.elusvali.ee\/lv\/produkts\/detox-smoothie-komplekts\/#primaryimage\",\"url\":\"https:\/\/old.elusvali.ee\/wp-content\/uploads\/2024\/03\/detox-smuuti-komplekt-eng-2.jpg\",\"contentUrl\":\"https:\/\/old.elusvali.ee\/wp-content\/uploads\/2024\/03\/detox-smuuti-komplekt-eng-2.jpg\",\"width\":1000,\"height\":1000,\"caption\":\"Spirulinos milteliai\"},{\"@type\":\"BreadcrumbList\",\"@id\":\"https:\/\/old.elusvali.ee\/lv\/produkts\/detox-smoothie-komplekts\/#breadcrumb\",\"itemListElement\":[{\"@type\":\"ListItem\",\"position\":1,\"name\":\"Home\",\"item\":\"https:\/\/purenature.lv\/\"},{\"@type\":\"ListItem\",\"position\":2,\"name\":\"E-veikals\",\"item\":\"https:\/\/purenature.lv\/veikals\/\"},{\"@type\":\"ListItem\",\"position\":3,\"name\":\"Detox sm\u016btiju komplekts\"}]},{\"@type\":\"WebSite\",\"@id\":\"https:\/\/old.elusvali.ee\/lv\/#website\",\"url\":\"https:\/\/old.elusvali.ee\/lv\/\",\"name\":\"Elusv\u00e4li\",\"description\":\"Puhas k&ouml;&ouml;k ja koduapteek\",\"publisher\":{\"@id\":\"https:\/\/old.elusvali.ee\/lv\/#organization\"},\"potentialAction\":[{\"@type\":\"SearchAction\",\"target\":{\"@type\":\"EntryPoint\",\"urlTemplate\":\"https:\/\/old.elusvali.ee\/lv\/?s={search_term_string}\"},\"query-input\":{\"@type\":\"PropertyValueSpecification\",\"valueRequired\":true,\"valueName\":\"search_term_string\"}}],\"inLanguage\":\"lv-LV\"},{\"@type\":\"Organization\",\"@id\":\"https:\/\/old.elusvali.ee\/lv\/#organization\",\"name\":\"Elusv\u00e4li\",\"url\":\"https:\/\/old.elusvali.ee\/lv\/\",\"logo\":{\"@type\":\"ImageObject\",\"inLanguage\":\"lv-LV\",\"@id\":\"https:\/\/old.elusvali.ee\/lv\/#\/schema\/logo\/image\/\",\"url\":\"https:\/\/purenature.lt\/wp-content\/uploads\/2023\/07\/logo.png\",\"contentUrl\":\"https:\/\/purenature.lt\/wp-content\/uploads\/2023\/07\/logo.png\",\"width\":526,\"height\":146,\"caption\":\"Elusv\u00e4li\"},\"image\":{\"@id\":\"https:\/\/old.elusvali.ee\/lv\/#\/schema\/logo\/image\/\"},\"sameAs\":[\"https:\/\/www.facebook.com\/profile.php?id=100064131067985\",\"https:\/\/www.instagram.com\/elusvali\/\",\"https:\/\/www.youtube.com\/@elusvali2110\"]}]}<\/script>\n<!-- \/ Yoast SEO plugin. -->","yoast_head_json":{"title":"Detox sm\u016btiju komplekts - Pure Nature","robots":{"index":"noindex","follow":"follow","max-snippet":"max-snippet:-1","max-image-preview":"max-image-preview:large","max-video-preview":"max-video-preview:-1"},"og_locale":"lv_LV","og_type":"article","og_title":"Detox sm\u016btiju komplekts - Pure Nature","og_description":"Detox sm\u016btiju komplekts ir izstr\u0101d\u0101ts, lai pal\u012bdz\u0113tu dro\u0161i izvad\u012bt no organisma kait\u012bg\u0101s vielas un toks\u012bnus. \u0160is augst\u0101k\u0101s kvalit\u0101tes pulveru komplekts ir sp\u0113c\u012bgs un gar\u0161\u012bgs papildin\u0101jums j\u016bsu r\u012bta kokteilim!","og_url":"https:\/\/old.elusvali.ee\/lv\/produkts\/detox-smoothie-komplekts\/","og_site_name":"Elusv&auml;li","article_publisher":"https:\/\/www.facebook.com\/profile.php?id=100064131067985","article_modified_time":"2025-05-27T10:27:47+00:00","og_image":[{"width":1000,"height":1000,"url":"https:\/\/purenature.lv\/wp-content\/uploads\/2024\/03\/detox-smuuti-komplekt-eng-2.jpg","type":"image\/jpeg"}],"twitter_card":"summary_large_image","twitter_misc":{"Est. reading time":"2 minutes"},"schema":{"@context":"https:\/\/schema.org","@graph":[{"@type":"WebPage","@id":"https:\/\/old.elusvali.ee\/lv\/produkts\/detox-smoothie-komplekts\/","url":"https:\/\/old.elusvali.ee\/lv\/produkts\/detox-smoothie-komplekts\/","name":"Detox sm\u016btiju komplekts - Pure Nature","isPartOf":{"@id":"https:\/\/old.elusvali.ee\/lv\/#website"},"primaryImageOfPage":{"@id":"https:\/\/old.elusvali.ee\/lv\/produkts\/detox-smoothie-komplekts\/#primaryimage"},"image":{"@id":"https:\/\/old.elusvali.ee\/lv\/produkts\/detox-smoothie-komplekts\/#primaryimage"},"thumbnailUrl":"https:\/\/old.elusvali.ee\/wp-content\/uploads\/2024\/03\/detox-smuuti-komplekt-eng-2.jpg","datePublished":"2020-12-14T11:18:19+00:00","dateModified":"2025-05-27T10:27:47+00:00","breadcrumb":{"@id":"https:\/\/old.elusvali.ee\/lv\/produkts\/detox-smoothie-komplekts\/#breadcrumb"},"inLanguage":"lv-LV","potentialAction":[{"@type":"ReadAction","target":["https:\/\/old.elusvali.ee\/lv\/produkts\/detox-smoothie-komplekts\/"]}]},{"@type":"ImageObject","inLanguage":"lv-LV","@id":"https:\/\/old.elusvali.ee\/lv\/produkts\/detox-smoothie-komplekts\/#primaryimage","url":"https:\/\/old.elusvali.ee\/wp-content\/uploads\/2024\/03\/detox-smuuti-komplekt-eng-2.jpg","contentUrl":"https:\/\/old.elusvali.ee\/wp-content\/uploads\/2024\/03\/detox-smuuti-komplekt-eng-2.jpg","width":1000,"height":1000,"caption":"Spirulinos milteliai"},{"@type":"BreadcrumbList","@id":"https:\/\/old.elusvali.ee\/lv\/produkts\/detox-smoothie-komplekts\/#breadcrumb","itemListElement":[{"@type":"ListItem","position":1,"name":"Home","item":"https:\/\/purenature.lv\/"},{"@type":"ListItem","position":2,"name":"E-veikals","item":"https:\/\/purenature.lv\/veikals\/"},{"@type":"ListItem","position":3,"name":"Detox sm\u016btiju komplekts"}]},{"@type":"WebSite","@id":"https:\/\/old.elusvali.ee\/lv\/#website","url":"https:\/\/old.elusvali.ee\/lv\/","name":"Elusv\u00e4li","description":"Puhas k&ouml;&ouml;k ja koduapteek","publisher":{"@id":"https:\/\/old.elusvali.ee\/lv\/#organization"},"potentialAction":[{"@type":"SearchAction","target":{"@type":"EntryPoint","urlTemplate":"https:\/\/old.elusvali.ee\/lv\/?s={search_term_string}"},"query-input":{"@type":"PropertyValueSpecification","valueRequired":true,"valueName":"search_term_string"}}],"inLanguage":"lv-LV"},{"@type":"Organization","@id":"https:\/\/old.elusvali.ee\/lv\/#organization","name":"Elusv\u00e4li","url":"https:\/\/old.elusvali.ee\/lv\/","logo":{"@type":"ImageObject","inLanguage":"lv-LV","@id":"https:\/\/old.elusvali.ee\/lv\/#\/schema\/logo\/image\/","url":"https:\/\/purenature.lt\/wp-content\/uploads\/2023\/07\/logo.png","contentUrl":"https:\/\/purenature.lt\/wp-content\/uploads\/2023\/07\/logo.png","width":526,"height":146,"caption":"Elusv\u00e4li"},"image":{"@id":"https:\/\/old.elusvali.ee\/lv\/#\/schema\/logo\/image\/"},"sameAs":["https:\/\/www.facebook.com\/profile.php?id=100064131067985","https:\/\/www.instagram.com\/elusvali\/","https:\/\/www.youtube.com\/@elusvali2110"]}]}},"_links":{"self":[{"href":"https:\/\/old.elusvali.ee\/lv\/wp-json\/wp\/v2\/product\/35977","targetHints":{"allow":["GET"]}}],"collection":[{"href":"https:\/\/old.elusvali.ee\/lv\/wp-json\/wp\/v2\/product"}],"about":[{"href":"https:\/\/old.elusvali.ee\/lv\/wp-json\/wp\/v2\/types\/product"}],"replies":[{"embeddable":true,"href":"https:\/\/old.elusvali.ee\/lv\/wp-json\/wp\/v2\/comments?post=35977"}],"version-history":[{"count":3,"href":"https:\/\/old.elusvali.ee\/lv\/wp-json\/wp\/v2\/product\/35977\/revisions"}],"predecessor-version":[{"id":66952,"href":"https:\/\/old.elusvali.ee\/lv\/wp-json\/wp\/v2\/product\/35977\/revisions\/66952"}],"wp:featuredmedia":[{"embeddable":true,"href":"https:\/\/old.elusvali.ee\/lv\/wp-json\/wp\/v2\/media\/34961"}],"wp:attachment":[{"href":"https:\/\/old.elusvali.ee\/lv\/wp-json\/wp\/v2\/media?parent=35977"}],"wp:term":[{"taxonomy":"product_brand","embeddable":true,"href":"https:\/\/old.elusvali.ee\/lv\/wp-json\/wp\/v2\/product_brand?post=35977"},{"taxonomy":"product_cat","embeddable":true,"href":"https:\/\/old.elusvali.ee\/lv\/wp-json\/wp\/v2\/product_cat?post=35977"},{"taxonomy":"product_tag","embeddable":true,"href":"https:\/\/old.elusvali.ee\/lv\/wp-json\/wp\/v2\/product_tag?post=35977"}],"curies":[{"name":"wp","href":"https:\/\/api.w.org\/{rel}","templated":true}]}}