{"id":35972,"date":"2021-03-11T11:16:15","date_gmt":"2021-03-11T09:16:15","guid":{"rendered":"https:\/\/old.elusvali.ee\/product\/vimergy-kanadas-zeltmetra-115ml\/"},"modified":"2025-05-20T15:30:45","modified_gmt":"2025-05-20T12:30:45","slug":"vimergy-kanadas-zeltmetra-115ml","status":"publish","type":"product","link":"https:\/\/old.elusvali.ee\/lv\/produkts\/vimergy-kanadas-zeltmetra-115ml\/","title":{"rendered":"Vimergy Kan\u0101das zeltsakne- 115ml"},"content":{"rendered":"<p>Kan\u0101das zeltsakne ir p\u0101rsteidzo\u0161s Zieme\u013camerikas izcelsmes \u0101rstniec\u012bbas augs. Amerikas pamatiedz\u012bvot\u0101ji jau kop\u0161 neatminamiem laikiem to ir pla\u0161i izmantoju\u0161i sav\u0101s \u0101rstniec\u012bbas praks\u0113s. 19. gadsimts un Apvienotaj\u0101 Karalist\u0113 20. gadsimta s\u0101kum\u0101 zeltsakne tika uzskat\u012bta par vienu no svar\u012bg\u0101kajiem \u0101rstniec\u012bbas augiem. T\u0101 jau sen ir iek\u013cauta Amerikas ofici\u0101li ieteikto \u0101rst\u0113\u0161anas meto\u017eu sarakst\u0101.<\/p>\n<p>Kan\u0101das zeltsakne ir \u012bsts im\u016bnsist\u0113mas stiprin\u0101t\u0101js, un tas ir paz\u012bstams ar\u012b k\u0101 dabisks antibioti\u0137is. Kan\u0101das zeltsakne ir paz\u012bstama k\u0101 lielisks ku\u0146\u0123a saslim\u0161anas mazino\u0161s l\u012bdzeklis, kas pal\u012bdz pat saind\u0113\u0161an\u0101s ar p\u0101rtiku un v\u0113derv\u012brusu gad\u012bjum\u0101. Turkl\u0101t to veiksm\u012bgi izmanto da\u017e\u0101du infekciju, tostarp deguna blakusdobumu, elpce\u013cu, r\u012bkles, ur\u012bnp\u016b\u0161\u013ca, nieru un ur\u012bnce\u013cu infekciju, \u0101rst\u0113\u0161an\u0101.<\/p>\n<p><img fetchpriority=\"high\" decoding=\"async\" class=\"alignleft size-medium wp-image-44419\" style=\"margin-bottom: 0px;\" src=\"https:\/\/purenature.lv\/wp-content\/uploads\/2021\/03\/organic-goldenseal-10-1-vimergy-supplements-vitamins-36303333195946-300x300.jpg\" alt=\"\" width=\"300\" height=\"300\" srcset=\"https:\/\/old.elusvali.ee\/wp-content\/uploads\/2021\/03\/organic-goldenseal-10-1-vimergy-supplements-vitamins-36303333195946-300x300.jpg 300w, https:\/\/old.elusvali.ee\/wp-content\/uploads\/2021\/03\/organic-goldenseal-10-1-vimergy-supplements-vitamins-36303333195946-150x150.jpg 150w, https:\/\/old.elusvali.ee\/wp-content\/uploads\/2021\/03\/organic-goldenseal-10-1-vimergy-supplements-vitamins-36303333195946-768x768.jpg 768w, https:\/\/old.elusvali.ee\/wp-content\/uploads\/2021\/03\/organic-goldenseal-10-1-vimergy-supplements-vitamins-36303333195946-430x430.jpg 430w, https:\/\/old.elusvali.ee\/wp-content\/uploads\/2021\/03\/organic-goldenseal-10-1-vimergy-supplements-vitamins-36303333195946-700x700.jpg 700w, https:\/\/old.elusvali.ee\/wp-content\/uploads\/2021\/03\/organic-goldenseal-10-1-vimergy-supplements-vitamins-36303333195946.jpg 800w\" sizes=\"(max-width: 300px) 100vw, 300px\" \/><\/p>\n<ul>\n<li>Sp\u0113c\u012bgs 10:1 alkoholu nesaturo\u0161s sast\u0101vs<\/li>\n<li>Viena porcija satur 2000 mg Kan\u0101das zelta saknes.<\/li>\n<li>Satur organisko glicer\u012bnu un organisko citronu sulu.<\/li>\n<li>To var iepilin\u0101t mut\u0113 tie\u0161i no pipetes vai pievienot \u016bdenim, sulai, koktei\u013ciem.<\/li>\n<li>Pal\u012bdz uztur\u0113t sp\u0113c\u012bgu im\u016bnsist\u0113mu<\/li>\n<li>USDA biolo\u0123iski t\u012brs produkts, nesatur alkoholu, bez glut\u0113na, bez \u0122MO, ko\u0161era, bez kukur\u016bzas, bez sojas, veg\u0101ns un paleodi\u0113tai piem\u0113rots.<\/li>\n<li>Nesatur citronsk\u0101bi, pildvielas, piedevas, m\u0101ksl\u012bgos un dab\u012bgos aromatiz\u0113t\u0101jus.<\/li>\n<\/ul>\n<p>&nbsp;<\/p>\n<p><em>* Apgalvojumi \u0146emti no Vimergy t\u012bmek\u013ca vietnes<\/em><\/p>\n<h2>K\u0101 lietot Kan\u0101das zeltsakni?<\/h2>\n<ul>\n<li><strong>Lieto\u0161ana:<\/strong> Divas pipetes (2ml) vienu reizi dien\u0101. Viena deva (divas pipetes) satur aptuveni 40-44 pilienus. 57 devas pudel\u0113.<\/li>\n<li><strong>Uzglab\u0101\u0161ana: <\/strong>Glab\u0101t v\u0113s\u0101, tum\u0161\u0101 viet\u0101. <em>Piem\u0113ram, aizsl\u0113gt\u0101 virtuves skap\u012b b\u0113rniem nepieejam\u0101 viet\u0101. Ilg\u0101ku laiku uzglab\u0101jot atkl\u0101t\u0101 veid\u0101, vislab\u0101k ir uzglab\u0101t ledusskapja aug\u0161\u0113j\u0101 atvilktn\u0113. <\/em><\/li>\n<li><strong>Kontrindik\u0101cijas<\/strong>: Nelietot k\u0101 pilnv\u0113rt\u012bga un sabalans\u0113ta uztura aizst\u0101j\u0113ju. Gr\u016btniec\u012bbas, z\u012bd\u012b\u0161anas, medikamentu lieto\u0161anas vai vesel\u012bbas probl\u0113mu gad\u012bjum\u0101 pirms lieto\u0161anas konsult\u0113jieties ar \u0101rstu.<\/li>\n<\/ul>\n<p>Skat\u012bt ar\u012b <a href=\"https:\/\/purenature.lv\/3-biezakas-kludas-kuras-partikas-piedevas-tiek-lietotas-kad-tas-tiek-lietotas\/?_gl=1*1htr1de*_gcl_au*NDI3MzQxODMyLjE3MzQwMDk4MTU.*_ga*NzE0MDY5OTMxLjE3MzQwMDk4MTU.*_ga_G9DKBME5C1*MTczNDU0NjkxNS41LjEuMTczNDU0NzkxMS4wLjAuMA..\">3 bie\u017e\u0101k pie\u013caut\u0101s k\u013c\u016bdas, lietojot uztura bag\u0101tin\u0101t\u0101jus<\/a><\/p>\n<p><a href=\"https:\/\/vimergy.com\/\">Vimergy<\/a> ir paz\u012bstams k\u0101 viens no pasaul\u0113 visaugst\u0101k\u0101s kvalit\u0101tes ASV biolo\u0123isko uztura bag\u0101tin\u0101t\u0101ju z\u012bmoliem.<br \/>\nVisi Vimergy produkti ir ekolo\u0123iski t\u012bri, nesatur alkoholu un ir piem\u0113roti veg\u0101niem. Turkl\u0101t neviena Vimergy piedeva nesatur citronsk\u0101bi, pildvielas vai m\u0101ksl\u012bg\u0101s piedevas.<\/p>\n<p><img decoding=\"async\" class=\"aligncenter wp-image-44425 size-large\" src=\"https:\/\/purenature.lv\/wp-content\/uploads\/2021\/03\/Goldenseal_How_To_Desktop-1300x679.png\" alt=\"\" width=\"1300\" height=\"679\" srcset=\"https:\/\/old.elusvali.ee\/wp-content\/uploads\/2021\/03\/Goldenseal_How_To_Desktop-1300x679.png 1300w, https:\/\/old.elusvali.ee\/wp-content\/uploads\/2021\/03\/Goldenseal_How_To_Desktop-400x209.png 400w, https:\/\/old.elusvali.ee\/wp-content\/uploads\/2021\/03\/Goldenseal_How_To_Desktop-768x401.png 768w, https:\/\/old.elusvali.ee\/wp-content\/uploads\/2021\/03\/Goldenseal_How_To_Desktop-1536x803.png 1536w, https:\/\/old.elusvali.ee\/wp-content\/uploads\/2021\/03\/Goldenseal_How_To_Desktop-430x225.png 430w, https:\/\/old.elusvali.ee\/wp-content\/uploads\/2021\/03\/Goldenseal_How_To_Desktop-700x366.png 700w, https:\/\/old.elusvali.ee\/wp-content\/uploads\/2021\/03\/Goldenseal_How_To_Desktop-150x78.png 150w, https:\/\/old.elusvali.ee\/wp-content\/uploads\/2021\/03\/Goldenseal_How_To_Desktop.png 2000w\" sizes=\"(max-width: 1300px) 100vw, 1300px\" \/><\/p>\n","protected":false},"excerpt":{"rendered":"<p>Viena porcija Vimergy Organisk\u0101s Kan\u0101das zeltsaknes 10:1 \u0161\u0137idr\u0101 ekstrakta satur 2000 mg zeltsaknes! Tas ir \u012bpa\u0161s alkoholu nesaturo\u0161s augu ekstrakts, kas satur tikai tr\u012bs sast\u0101vda\u013cas: organisko Kan\u0101das zeltsakni, organisko glicer\u012bnu un organisko citronu sulu.<\/p>\n","protected":false},"featured_media":32483,"comment_status":"open","ping_status":"closed","template":"","meta":{"_acf_changed":false},"product_brand":[],"product_cat":[409,468,402,467,696],"product_tag":[410,405],"class_list":{"0":"post-35972","1":"product","2":"type-product","3":"status-publish","4":"has-post-thumbnail","6":"product_cat-imunitate","7":"product_cat-kermenim","8":"product_cat-partikas-piedevas","9":"product_cat-zidaini-un-mates","10":"product_cat-vimergy-lt-lv","11":"product_tag-skidrie-produkti-lv","12":"product_tag-vimergy-lv","14":"first","15":"instock","16":"taxable","17":"shipping-taxable","18":"purchasable","19":"product-type-simple"},"acf":[],"yoast_head":"<!-- This site is optimized with the Yoast SEO plugin v25.3.1 - https:\/\/yoast.com\/wordpress\/plugins\/seo\/ -->\n<title>Vimergy Kan\u0101das zeltsakne- 115ml - Pure Nature<\/title>\n<meta name=\"robots\" content=\"noindex, follow, max-snippet:-1, max-image-preview:large, max-video-preview:-1\" \/>\n<meta property=\"og:locale\" content=\"lv_LV\" \/>\n<meta property=\"og:type\" content=\"article\" \/>\n<meta property=\"og:title\" content=\"Vimergy Kan\u0101das zeltsakne- 115ml - Pure Nature\" \/>\n<meta property=\"og:description\" content=\"Viena porcija Vimergy Organisk\u0101s Kan\u0101das zeltsaknes 10:1 \u0161\u0137idr\u0101 ekstrakta satur 2000 mg zeltsaknes! Tas ir \u012bpa\u0161s alkoholu nesaturo\u0161s augu ekstrakts, kas satur tikai tr\u012bs sast\u0101vda\u013cas: organisko Kan\u0101das zeltsakni, organisko glicer\u012bnu un organisko citronu sulu.\" \/>\n<meta property=\"og:url\" content=\"https:\/\/old.elusvali.ee\/lv\/produkts\/vimergy-kanadas-zeltmetra-115ml\/\" \/>\n<meta property=\"og:site_name\" content=\"Elusv&auml;li\" \/>\n<meta property=\"article:publisher\" content=\"https:\/\/www.facebook.com\/profile.php?id=100064131067985\" \/>\n<meta property=\"article:modified_time\" content=\"2025-05-20T12:30:45+00:00\" \/>\n<meta property=\"og:image\" content=\"https:\/\/purenature.lv\/wp-content\/uploads\/2021\/03\/Kanada-koldjuur-tinktuur-Vimergy.jpg\" \/>\n\t<meta property=\"og:image:width\" content=\"1400\" \/>\n\t<meta property=\"og:image:height\" content=\"1400\" \/>\n\t<meta property=\"og:image:type\" content=\"image\/jpeg\" \/>\n<meta name=\"twitter:card\" content=\"summary_large_image\" \/>\n<meta name=\"twitter:label1\" content=\"Est. reading time\" \/>\n\t<meta name=\"twitter:data1\" content=\"2 minutes\" \/>\n<script type=\"application\/ld+json\" class=\"yoast-schema-graph\">{\"@context\":\"https:\/\/schema.org\",\"@graph\":[{\"@type\":\"WebPage\",\"@id\":\"https:\/\/old.elusvali.ee\/lv\/produkts\/vimergy-kanadas-zeltmetra-115ml\/\",\"url\":\"https:\/\/old.elusvali.ee\/lv\/produkts\/vimergy-kanadas-zeltmetra-115ml\/\",\"name\":\"Vimergy Kan\u0101das zeltsakne- 115ml - Pure Nature\",\"isPartOf\":{\"@id\":\"https:\/\/old.elusvali.ee\/lv\/#website\"},\"primaryImageOfPage\":{\"@id\":\"https:\/\/old.elusvali.ee\/lv\/produkts\/vimergy-kanadas-zeltmetra-115ml\/#primaryimage\"},\"image\":{\"@id\":\"https:\/\/old.elusvali.ee\/lv\/produkts\/vimergy-kanadas-zeltmetra-115ml\/#primaryimage\"},\"thumbnailUrl\":\"https:\/\/old.elusvali.ee\/wp-content\/uploads\/2021\/03\/Kanada-koldjuur-tinktuur-Vimergy.jpg\",\"datePublished\":\"2021-03-11T09:16:15+00:00\",\"dateModified\":\"2025-05-20T12:30:45+00:00\",\"breadcrumb\":{\"@id\":\"https:\/\/old.elusvali.ee\/lv\/produkts\/vimergy-kanadas-zeltmetra-115ml\/#breadcrumb\"},\"inLanguage\":\"lv-LV\",\"potentialAction\":[{\"@type\":\"ReadAction\",\"target\":[\"https:\/\/old.elusvali.ee\/lv\/produkts\/vimergy-kanadas-zeltmetra-115ml\/\"]}]},{\"@type\":\"ImageObject\",\"inLanguage\":\"lv-LV\",\"@id\":\"https:\/\/old.elusvali.ee\/lv\/produkts\/vimergy-kanadas-zeltmetra-115ml\/#primaryimage\",\"url\":\"https:\/\/old.elusvali.ee\/wp-content\/uploads\/2021\/03\/Kanada-koldjuur-tinktuur-Vimergy.jpg\",\"contentUrl\":\"https:\/\/old.elusvali.ee\/wp-content\/uploads\/2021\/03\/Kanada-koldjuur-tinktuur-Vimergy.jpg\",\"width\":1400,\"height\":1400,\"caption\":\"Kanadines auksasaknes ekstraktas\"},{\"@type\":\"BreadcrumbList\",\"@id\":\"https:\/\/old.elusvali.ee\/lv\/produkts\/vimergy-kanadas-zeltmetra-115ml\/#breadcrumb\",\"itemListElement\":[{\"@type\":\"ListItem\",\"position\":1,\"name\":\"Home\",\"item\":\"https:\/\/purenature.lv\/\"},{\"@type\":\"ListItem\",\"position\":2,\"name\":\"E-veikals\",\"item\":\"https:\/\/purenature.lv\/veikals\/\"},{\"@type\":\"ListItem\",\"position\":3,\"name\":\"Vimergy Kan\u0101das zeltsakne- 115ml\"}]},{\"@type\":\"WebSite\",\"@id\":\"https:\/\/old.elusvali.ee\/lv\/#website\",\"url\":\"https:\/\/old.elusvali.ee\/lv\/\",\"name\":\"Elusv\u00e4li\",\"description\":\"Puhas k&ouml;&ouml;k ja koduapteek\",\"publisher\":{\"@id\":\"https:\/\/old.elusvali.ee\/lv\/#organization\"},\"potentialAction\":[{\"@type\":\"SearchAction\",\"target\":{\"@type\":\"EntryPoint\",\"urlTemplate\":\"https:\/\/old.elusvali.ee\/lv\/?s={search_term_string}\"},\"query-input\":{\"@type\":\"PropertyValueSpecification\",\"valueRequired\":true,\"valueName\":\"search_term_string\"}}],\"inLanguage\":\"lv-LV\"},{\"@type\":\"Organization\",\"@id\":\"https:\/\/old.elusvali.ee\/lv\/#organization\",\"name\":\"Elusv\u00e4li\",\"url\":\"https:\/\/old.elusvali.ee\/lv\/\",\"logo\":{\"@type\":\"ImageObject\",\"inLanguage\":\"lv-LV\",\"@id\":\"https:\/\/old.elusvali.ee\/lv\/#\/schema\/logo\/image\/\",\"url\":\"https:\/\/purenature.lt\/wp-content\/uploads\/2023\/07\/logo.png\",\"contentUrl\":\"https:\/\/purenature.lt\/wp-content\/uploads\/2023\/07\/logo.png\",\"width\":526,\"height\":146,\"caption\":\"Elusv\u00e4li\"},\"image\":{\"@id\":\"https:\/\/old.elusvali.ee\/lv\/#\/schema\/logo\/image\/\"},\"sameAs\":[\"https:\/\/www.facebook.com\/profile.php?id=100064131067985\",\"https:\/\/www.instagram.com\/elusvali\/\",\"https:\/\/www.youtube.com\/@elusvali2110\"]}]}<\/script>\n<!-- \/ Yoast SEO plugin. -->","yoast_head_json":{"title":"Vimergy Kan\u0101das zeltsakne- 115ml - Pure Nature","robots":{"index":"noindex","follow":"follow","max-snippet":"max-snippet:-1","max-image-preview":"max-image-preview:large","max-video-preview":"max-video-preview:-1"},"og_locale":"lv_LV","og_type":"article","og_title":"Vimergy Kan\u0101das zeltsakne- 115ml - Pure Nature","og_description":"Viena porcija Vimergy Organisk\u0101s Kan\u0101das zeltsaknes 10:1 \u0161\u0137idr\u0101 ekstrakta satur 2000 mg zeltsaknes! Tas ir \u012bpa\u0161s alkoholu nesaturo\u0161s augu ekstrakts, kas satur tikai tr\u012bs sast\u0101vda\u013cas: organisko Kan\u0101das zeltsakni, organisko glicer\u012bnu un organisko citronu sulu.","og_url":"https:\/\/old.elusvali.ee\/lv\/produkts\/vimergy-kanadas-zeltmetra-115ml\/","og_site_name":"Elusv&auml;li","article_publisher":"https:\/\/www.facebook.com\/profile.php?id=100064131067985","article_modified_time":"2025-05-20T12:30:45+00:00","og_image":[{"width":1400,"height":1400,"url":"https:\/\/purenature.lv\/wp-content\/uploads\/2021\/03\/Kanada-koldjuur-tinktuur-Vimergy.jpg","type":"image\/jpeg"}],"twitter_card":"summary_large_image","twitter_misc":{"Est. reading time":"2 minutes"},"schema":{"@context":"https:\/\/schema.org","@graph":[{"@type":"WebPage","@id":"https:\/\/old.elusvali.ee\/lv\/produkts\/vimergy-kanadas-zeltmetra-115ml\/","url":"https:\/\/old.elusvali.ee\/lv\/produkts\/vimergy-kanadas-zeltmetra-115ml\/","name":"Vimergy Kan\u0101das zeltsakne- 115ml - Pure Nature","isPartOf":{"@id":"https:\/\/old.elusvali.ee\/lv\/#website"},"primaryImageOfPage":{"@id":"https:\/\/old.elusvali.ee\/lv\/produkts\/vimergy-kanadas-zeltmetra-115ml\/#primaryimage"},"image":{"@id":"https:\/\/old.elusvali.ee\/lv\/produkts\/vimergy-kanadas-zeltmetra-115ml\/#primaryimage"},"thumbnailUrl":"https:\/\/old.elusvali.ee\/wp-content\/uploads\/2021\/03\/Kanada-koldjuur-tinktuur-Vimergy.jpg","datePublished":"2021-03-11T09:16:15+00:00","dateModified":"2025-05-20T12:30:45+00:00","breadcrumb":{"@id":"https:\/\/old.elusvali.ee\/lv\/produkts\/vimergy-kanadas-zeltmetra-115ml\/#breadcrumb"},"inLanguage":"lv-LV","potentialAction":[{"@type":"ReadAction","target":["https:\/\/old.elusvali.ee\/lv\/produkts\/vimergy-kanadas-zeltmetra-115ml\/"]}]},{"@type":"ImageObject","inLanguage":"lv-LV","@id":"https:\/\/old.elusvali.ee\/lv\/produkts\/vimergy-kanadas-zeltmetra-115ml\/#primaryimage","url":"https:\/\/old.elusvali.ee\/wp-content\/uploads\/2021\/03\/Kanada-koldjuur-tinktuur-Vimergy.jpg","contentUrl":"https:\/\/old.elusvali.ee\/wp-content\/uploads\/2021\/03\/Kanada-koldjuur-tinktuur-Vimergy.jpg","width":1400,"height":1400,"caption":"Kanadines auksasaknes ekstraktas"},{"@type":"BreadcrumbList","@id":"https:\/\/old.elusvali.ee\/lv\/produkts\/vimergy-kanadas-zeltmetra-115ml\/#breadcrumb","itemListElement":[{"@type":"ListItem","position":1,"name":"Home","item":"https:\/\/purenature.lv\/"},{"@type":"ListItem","position":2,"name":"E-veikals","item":"https:\/\/purenature.lv\/veikals\/"},{"@type":"ListItem","position":3,"name":"Vimergy Kan\u0101das zeltsakne- 115ml"}]},{"@type":"WebSite","@id":"https:\/\/old.elusvali.ee\/lv\/#website","url":"https:\/\/old.elusvali.ee\/lv\/","name":"Elusv\u00e4li","description":"Puhas k&ouml;&ouml;k ja koduapteek","publisher":{"@id":"https:\/\/old.elusvali.ee\/lv\/#organization"},"potentialAction":[{"@type":"SearchAction","target":{"@type":"EntryPoint","urlTemplate":"https:\/\/old.elusvali.ee\/lv\/?s={search_term_string}"},"query-input":{"@type":"PropertyValueSpecification","valueRequired":true,"valueName":"search_term_string"}}],"inLanguage":"lv-LV"},{"@type":"Organization","@id":"https:\/\/old.elusvali.ee\/lv\/#organization","name":"Elusv\u00e4li","url":"https:\/\/old.elusvali.ee\/lv\/","logo":{"@type":"ImageObject","inLanguage":"lv-LV","@id":"https:\/\/old.elusvali.ee\/lv\/#\/schema\/logo\/image\/","url":"https:\/\/purenature.lt\/wp-content\/uploads\/2023\/07\/logo.png","contentUrl":"https:\/\/purenature.lt\/wp-content\/uploads\/2023\/07\/logo.png","width":526,"height":146,"caption":"Elusv\u00e4li"},"image":{"@id":"https:\/\/old.elusvali.ee\/lv\/#\/schema\/logo\/image\/"},"sameAs":["https:\/\/www.facebook.com\/profile.php?id=100064131067985","https:\/\/www.instagram.com\/elusvali\/","https:\/\/www.youtube.com\/@elusvali2110"]}]}},"_links":{"self":[{"href":"https:\/\/old.elusvali.ee\/lv\/wp-json\/wp\/v2\/product\/35972","targetHints":{"allow":["GET"]}}],"collection":[{"href":"https:\/\/old.elusvali.ee\/lv\/wp-json\/wp\/v2\/product"}],"about":[{"href":"https:\/\/old.elusvali.ee\/lv\/wp-json\/wp\/v2\/types\/product"}],"replies":[{"embeddable":true,"href":"https:\/\/old.elusvali.ee\/lv\/wp-json\/wp\/v2\/comments?post=35972"}],"version-history":[{"count":2,"href":"https:\/\/old.elusvali.ee\/lv\/wp-json\/wp\/v2\/product\/35972\/revisions"}],"predecessor-version":[{"id":66569,"href":"https:\/\/old.elusvali.ee\/lv\/wp-json\/wp\/v2\/product\/35972\/revisions\/66569"}],"wp:featuredmedia":[{"embeddable":true,"href":"https:\/\/old.elusvali.ee\/lv\/wp-json\/wp\/v2\/media\/32483"}],"wp:attachment":[{"href":"https:\/\/old.elusvali.ee\/lv\/wp-json\/wp\/v2\/media?parent=35972"}],"wp:term":[{"taxonomy":"product_brand","embeddable":true,"href":"https:\/\/old.elusvali.ee\/lv\/wp-json\/wp\/v2\/product_brand?post=35972"},{"taxonomy":"product_cat","embeddable":true,"href":"https:\/\/old.elusvali.ee\/lv\/wp-json\/wp\/v2\/product_cat?post=35972"},{"taxonomy":"product_tag","embeddable":true,"href":"https:\/\/old.elusvali.ee\/lv\/wp-json\/wp\/v2\/product_tag?post=35972"}],"curies":[{"name":"wp","href":"https:\/\/api.w.org\/{rel}","templated":true}]}}