{"id":35971,"date":"2021-12-01T10:23:08","date_gmt":"2021-12-01T08:23:08","guid":{"rendered":"https:\/\/old.elusvali.ee\/product\/vimergy-olivu-lapas-115ml\/"},"modified":"2025-05-02T15:03:08","modified_gmt":"2025-05-02T12:03:08","slug":"vimergy-olivu-lapas-115ml","status":"publish","type":"product","link":"https:\/\/old.elusvali.ee\/lv\/produkts\/vimergy-olivu-lapas-115ml\/","title":{"rendered":"Vimergy Ol\u012bvu lapas &#8211; 115ml"},"content":{"rendered":"<p>Ol\u012bvu lapas, kas ieg\u016btas no ol\u012bvkoka Olea europaea, kam dzimtene ir Vidusj\u016bras re\u0123ions. V\u0113sturiski ol\u012bvu lapas ir pla\u0161i izmantotas k\u0101 bar\u012bbas vielu avots, medic\u012bn\u0101 un ceremonij\u0101s. Ol\u012bvu lapu ekstrakts satur oleirope\u012bnu, sp\u0113c\u012bgu antioksidantu, kas aizsarg\u0101 sirdi. Ol\u012bvu lapas pal\u012bdz uzlabot asinsriti, regul\u0113 sirdsdarb\u012bbu un uzlabo koron\u0101ro asinsriti. Turkl\u0101t \u0161is sp\u0113c\u012bgais augs ir paz\u012bstams ar\u012b ar sav\u0101m pretiekaisuma, aknu un im\u016bnsist\u0113mas darb\u012bbu veicino\u0161aj\u0101m \u012bpa\u0161\u012bb\u0101m, k\u0101 ar\u012b ar zarnu mikrofloras uzlabo\u0161anu.<\/p>\n<p>Vimergy Ol\u012bvu lapu ekstrakts 10:1 sniedz \u0161\u012b v\u0113rt\u012bg\u0101 \u0101rstniec\u012bbas auga labv\u0113l\u012bg\u0101s \u012bpa\u0161\u012bbas \u0113rt\u0101 veid\u0101.<\/p>\n<p><strong>USDA sertific\u0113ts organisks, alkoholu nesaturo\u0161s ol\u012bvu lapu ekstrakts:<\/strong><\/p>\n<p><img fetchpriority=\"high\" decoding=\"async\" class=\"alignleft size-medium wp-image-44495\" style=\"margin-bottom: 0px;\" src=\"https:\/\/purenature.lv\/wp-content\/uploads\/2021\/12\/organic-olive-leaf-10-1-vimergy-supplements-vitamins-36303363801258-300x300.jpg\" alt=\"\" width=\"300\" height=\"300\" srcset=\"https:\/\/old.elusvali.ee\/wp-content\/uploads\/2021\/12\/organic-olive-leaf-10-1-vimergy-supplements-vitamins-36303363801258-300x300.jpg 300w, https:\/\/old.elusvali.ee\/wp-content\/uploads\/2021\/12\/organic-olive-leaf-10-1-vimergy-supplements-vitamins-36303363801258-150x150.jpg 150w, https:\/\/old.elusvali.ee\/wp-content\/uploads\/2021\/12\/organic-olive-leaf-10-1-vimergy-supplements-vitamins-36303363801258-768x768.jpg 768w, https:\/\/old.elusvali.ee\/wp-content\/uploads\/2021\/12\/organic-olive-leaf-10-1-vimergy-supplements-vitamins-36303363801258-430x430.jpg 430w, https:\/\/old.elusvali.ee\/wp-content\/uploads\/2021\/12\/organic-olive-leaf-10-1-vimergy-supplements-vitamins-36303363801258-700x700.jpg 700w, https:\/\/old.elusvali.ee\/wp-content\/uploads\/2021\/12\/organic-olive-leaf-10-1-vimergy-supplements-vitamins-36303363801258.jpg 800w\" sizes=\"(max-width: 300px) 100vw, 300px\" \/><\/p>\n<ul>\n<li>Ol\u012bvu lapas atbalsta im\u016bnsist\u0113mu<\/li>\n<li>Ol\u012bvu lapas atbalsta sirds un asinsvadu vesel\u012bbu<\/li>\n<li>Sp\u0113c\u012bga, alkoholu nesaturo\u0161a tinkt\u016bra 10:1 koncentr\u0101cij\u0101<\/li>\n<li>Ra\u017eots ar organisko glicer\u012bnu (100% lins\u0113klu b\u0101ze, bez taukiem).<\/li>\n<li>Ol\u012bvu lapas sav\u0101 dabiskaj\u0101 form\u0101 ir \u013coti sp\u0113c\u012bgs \u0101rstniec\u012bbas augs. Vimergy Ol\u012bvu lapu tinkt\u016bra satur nelielu daudzumu organisk\u0101s \u0101bolu sulas, organisko z\u012bdkoka kr\u016bmu ekstrakta un organisko citronu sulu, lai nodro\u0161in\u0101tu papildu uzturvielas un uzlabotu gar\u0161u.<\/li>\n<li>USDA biolo\u0123iski t\u012brs, bez alkohola, bez glut\u0113na, bez \u0122MO, ko\u0161era, bez kukur\u016bzas, bez sojas, veg\u0101ns un paleodi\u0113tai piem\u0113rots.<\/li>\n<li>Nesatur citronsk\u0101bi, pildvielas, piedevas, m\u0101ksl\u012bgos vai dab\u012bgos aromatiz\u0113t\u0101jus.<\/li>\n<\/ul>\n<p><em>* Apgalvojumi \u0146emti no Vimergy t\u012bmek\u013ca vietnes<\/em><\/p>\n<h2>K\u0101 lietot Vimergy Ol\u012bvu lapu ekstraktu?<\/h2>\n<ul>\n<li><strong>Lieto\u0161ana:<\/strong> 2 pipetes (2ml) 1 reizi dien\u0101. Viena deva (divas pipetes) satur aptuveni 56-60 pilienus. 57 devas pudel\u0113.<\/li>\n<li><strong>Uzglab\u0101\u0161ana: <\/strong>Glab\u0101t v\u0113s\u0101, tum\u0161\u0101 viet\u0101. <em>Piem\u0113ram, aizsl\u0113gt\u0101 virtuves skap\u012b b\u0113rniem nepieejam\u0101 viet\u0101. Ilg\u0101ku laiku uzglab\u0101jot atkl\u0101t\u0101 veid\u0101, vislab\u0101k ir uzglab\u0101t ledusskapja aug\u0161\u0113j\u0101 atvilktn\u0113. <\/em><\/li>\n<li><strong>Kontrindik\u0101cijas<\/strong>: Nelietot k\u0101 pilnv\u0113rt\u012bga un sabalans\u0113ta uztura aizst\u0101j\u0113ju. Gr\u016btniec\u012bbas, z\u012bd\u012b\u0161anas, medikamentu lieto\u0161anas vai vesel\u012bbas probl\u0113mu gad\u012bjum\u0101 pirms lieto\u0161anas konsult\u0113jieties ar \u0101rstu.<\/li>\n<\/ul>\n<p>Skat\u012bt ar\u012b <a href=\"https:\/\/purenature.lv\/3-biezakas-kludas-kuras-partikas-piedevas-tiek-lietotas-kad-tas-tiek-lietotas\/?_gl=1*1htr1de*_gcl_au*NDI3MzQxODMyLjE3MzQwMDk4MTU.*_ga*NzE0MDY5OTMxLjE3MzQwMDk4MTU.*_ga_G9DKBME5C1*MTczNDU0NjkxNS41LjEuMTczNDU0NzkxMS4wLjAuMA..\">3 bie\u017e\u0101k pie\u013caut\u0101s k\u013c\u016bdas, lietojot uztura bag\u0101tin\u0101t\u0101jus<\/a><\/p>\n<p><a href=\"https:\/\/vimergy.com\/\">Vimergy<\/a> ir paz\u012bstams k\u0101 viens no pasaul\u0113 visaugst\u0101k\u0101s kvalit\u0101tes ASV biolo\u0123isko uztura bag\u0101tin\u0101t\u0101ju z\u012bmoliem.<br \/>\nVisi Vimergy produkti ir ekolo\u0123iski t\u012bri, nesatur alkoholu un ir piem\u0113roti veg\u0101niem. Turkl\u0101t neviena Vimergy piedeva nesatur citronsk\u0101bi, pildvielas vai m\u0101ksl\u012bg\u0101s piedevas.<\/p>\n<p><img decoding=\"async\" class=\"aligncenter wp-image-44499 size-large\" src=\"https:\/\/purenature.lv\/wp-content\/uploads\/2021\/12\/Olive_Leaf_How_To_Desktop-1300x679.png\" alt=\"\" width=\"1300\" height=\"679\" srcset=\"https:\/\/old.elusvali.ee\/wp-content\/uploads\/2021\/12\/Olive_Leaf_How_To_Desktop-1300x679.png 1300w, https:\/\/old.elusvali.ee\/wp-content\/uploads\/2021\/12\/Olive_Leaf_How_To_Desktop-400x209.png 400w, https:\/\/old.elusvali.ee\/wp-content\/uploads\/2021\/12\/Olive_Leaf_How_To_Desktop-768x401.png 768w, https:\/\/old.elusvali.ee\/wp-content\/uploads\/2021\/12\/Olive_Leaf_How_To_Desktop-1536x803.png 1536w, https:\/\/old.elusvali.ee\/wp-content\/uploads\/2021\/12\/Olive_Leaf_How_To_Desktop-430x225.png 430w, https:\/\/old.elusvali.ee\/wp-content\/uploads\/2021\/12\/Olive_Leaf_How_To_Desktop-700x366.png 700w, https:\/\/old.elusvali.ee\/wp-content\/uploads\/2021\/12\/Olive_Leaf_How_To_Desktop-150x78.png 150w, https:\/\/old.elusvali.ee\/wp-content\/uploads\/2021\/12\/Olive_Leaf_How_To_Desktop.png 2000w\" sizes=\"(max-width: 1300px) 100vw, 1300px\" \/><\/p>\n","protected":false},"excerpt":{"rendered":"<p>Viens no lab\u0101kajiem veidiem, k\u0101 aizsarg\u0101t savu vesel\u012bbu, ir aizsarg\u0101t im\u016bnsist\u0113mu, lai t\u0101 var\u0113tu veiksm\u012bgi c\u012bn\u012bties ar iebruc\u0113jiem. Tie\u0161i \u0161eit ir vieta, kur imunit\u0101ti stiprino\u0161i augi, piem\u0113ram, ol\u012bvkoku lapas, s\u0101k sp\u0113l\u0113t savu lomu! Vimergy Organic Olive Leaf ir 10:1 koncentr\u0101cijas tinkt\u016bra, kuras viena deva ir ekvivalenta 2000 mg ol\u012bvu lapu. Ol\u012bvu lapas veicina ar\u012b sirds un asinsvadu vesel\u012bbu.<\/p>\n","protected":false},"featured_media":32535,"comment_status":"open","ping_status":"closed","template":"","meta":{"_acf_changed":false},"product_brand":[],"product_cat":[409,402,696],"product_tag":[410,405],"class_list":{"0":"post-35971","1":"product","2":"type-product","3":"status-publish","4":"has-post-thumbnail","6":"product_cat-imunitate","7":"product_cat-partikas-piedevas","8":"product_cat-vimergy-lt-lv","9":"product_tag-skidrie-produkti-lv","10":"product_tag-vimergy-lv","12":"first","13":"instock","14":"taxable","15":"shipping-taxable","16":"purchasable","17":"product-type-simple"},"acf":[],"yoast_head":"<!-- This site is optimized with the Yoast SEO plugin v25.3.1 - https:\/\/yoast.com\/wordpress\/plugins\/seo\/ -->\n<title>Vimergy Ol\u012bvu lapas - 115ml - Pure Nature<\/title>\n<meta name=\"robots\" content=\"noindex, follow, max-snippet:-1, max-image-preview:large, max-video-preview:-1\" \/>\n<meta property=\"og:locale\" content=\"lv_LV\" \/>\n<meta property=\"og:type\" content=\"article\" \/>\n<meta property=\"og:title\" content=\"Vimergy Ol\u012bvu lapas - 115ml - Pure Nature\" \/>\n<meta property=\"og:description\" content=\"Viens no lab\u0101kajiem veidiem, k\u0101 aizsarg\u0101t savu vesel\u012bbu, ir aizsarg\u0101t im\u016bnsist\u0113mu, lai t\u0101 var\u0113tu veiksm\u012bgi c\u012bn\u012bties ar iebruc\u0113jiem. Tie\u0161i \u0161eit ir vieta, kur imunit\u0101ti stiprino\u0161i augi, piem\u0113ram, ol\u012bvkoku lapas, s\u0101k sp\u0113l\u0113t savu lomu! Vimergy Organic Olive Leaf ir 10:1 koncentr\u0101cijas tinkt\u016bra, kuras viena deva ir ekvivalenta 2000 mg ol\u012bvu lapu. Ol\u012bvu lapas veicina ar\u012b sirds un asinsvadu vesel\u012bbu.\" \/>\n<meta property=\"og:url\" content=\"https:\/\/old.elusvali.ee\/lv\/produkts\/vimergy-olivu-lapas-115ml\/\" \/>\n<meta property=\"og:site_name\" content=\"Elusv&auml;li\" \/>\n<meta property=\"article:publisher\" content=\"https:\/\/www.facebook.com\/profile.php?id=100064131067985\" \/>\n<meta property=\"article:modified_time\" content=\"2025-05-02T12:03:08+00:00\" \/>\n<meta property=\"og:image\" content=\"https:\/\/purenature.lv\/wp-content\/uploads\/2021\/12\/OliveLeaf.jpg\" \/>\n\t<meta property=\"og:image:width\" content=\"1400\" \/>\n\t<meta property=\"og:image:height\" content=\"1400\" \/>\n\t<meta property=\"og:image:type\" content=\"image\/jpeg\" \/>\n<meta name=\"twitter:card\" content=\"summary_large_image\" \/>\n<meta name=\"twitter:label1\" content=\"Est. reading time\" \/>\n\t<meta name=\"twitter:data1\" content=\"2 minutes\" \/>\n<script type=\"application\/ld+json\" class=\"yoast-schema-graph\">{\"@context\":\"https:\/\/schema.org\",\"@graph\":[{\"@type\":\"WebPage\",\"@id\":\"https:\/\/old.elusvali.ee\/lv\/produkts\/vimergy-olivu-lapas-115ml\/\",\"url\":\"https:\/\/old.elusvali.ee\/lv\/produkts\/vimergy-olivu-lapas-115ml\/\",\"name\":\"Vimergy Ol\u012bvu lapas - 115ml - Pure Nature\",\"isPartOf\":{\"@id\":\"https:\/\/old.elusvali.ee\/lv\/#website\"},\"primaryImageOfPage\":{\"@id\":\"https:\/\/old.elusvali.ee\/lv\/produkts\/vimergy-olivu-lapas-115ml\/#primaryimage\"},\"image\":{\"@id\":\"https:\/\/old.elusvali.ee\/lv\/produkts\/vimergy-olivu-lapas-115ml\/#primaryimage\"},\"thumbnailUrl\":\"https:\/\/old.elusvali.ee\/wp-content\/uploads\/2021\/12\/OliveLeaf.jpg\",\"datePublished\":\"2021-12-01T08:23:08+00:00\",\"dateModified\":\"2025-05-02T12:03:08+00:00\",\"breadcrumb\":{\"@id\":\"https:\/\/old.elusvali.ee\/lv\/produkts\/vimergy-olivu-lapas-115ml\/#breadcrumb\"},\"inLanguage\":\"lv-LV\",\"potentialAction\":[{\"@type\":\"ReadAction\",\"target\":[\"https:\/\/old.elusvali.ee\/lv\/produkts\/vimergy-olivu-lapas-115ml\/\"]}]},{\"@type\":\"ImageObject\",\"inLanguage\":\"lv-LV\",\"@id\":\"https:\/\/old.elusvali.ee\/lv\/produkts\/vimergy-olivu-lapas-115ml\/#primaryimage\",\"url\":\"https:\/\/old.elusvali.ee\/wp-content\/uploads\/2021\/12\/OliveLeaf.jpg\",\"contentUrl\":\"https:\/\/old.elusvali.ee\/wp-content\/uploads\/2021\/12\/OliveLeaf.jpg\",\"width\":1400,\"height\":1400,\"caption\":\"Alyvuogiu lapu ekstraktas\"},{\"@type\":\"BreadcrumbList\",\"@id\":\"https:\/\/old.elusvali.ee\/lv\/produkts\/vimergy-olivu-lapas-115ml\/#breadcrumb\",\"itemListElement\":[{\"@type\":\"ListItem\",\"position\":1,\"name\":\"Home\",\"item\":\"https:\/\/purenature.lv\/\"},{\"@type\":\"ListItem\",\"position\":2,\"name\":\"E-veikals\",\"item\":\"https:\/\/purenature.lv\/veikals\/\"},{\"@type\":\"ListItem\",\"position\":3,\"name\":\"Vimergy Ol\u012bvu lapas &#8211; 115ml\"}]},{\"@type\":\"WebSite\",\"@id\":\"https:\/\/old.elusvali.ee\/lv\/#website\",\"url\":\"https:\/\/old.elusvali.ee\/lv\/\",\"name\":\"Elusv\u00e4li\",\"description\":\"Puhas k&ouml;&ouml;k ja koduapteek\",\"publisher\":{\"@id\":\"https:\/\/old.elusvali.ee\/lv\/#organization\"},\"potentialAction\":[{\"@type\":\"SearchAction\",\"target\":{\"@type\":\"EntryPoint\",\"urlTemplate\":\"https:\/\/old.elusvali.ee\/lv\/?s={search_term_string}\"},\"query-input\":{\"@type\":\"PropertyValueSpecification\",\"valueRequired\":true,\"valueName\":\"search_term_string\"}}],\"inLanguage\":\"lv-LV\"},{\"@type\":\"Organization\",\"@id\":\"https:\/\/old.elusvali.ee\/lv\/#organization\",\"name\":\"Elusv\u00e4li\",\"url\":\"https:\/\/old.elusvali.ee\/lv\/\",\"logo\":{\"@type\":\"ImageObject\",\"inLanguage\":\"lv-LV\",\"@id\":\"https:\/\/old.elusvali.ee\/lv\/#\/schema\/logo\/image\/\",\"url\":\"https:\/\/purenature.lt\/wp-content\/uploads\/2023\/07\/logo.png\",\"contentUrl\":\"https:\/\/purenature.lt\/wp-content\/uploads\/2023\/07\/logo.png\",\"width\":526,\"height\":146,\"caption\":\"Elusv\u00e4li\"},\"image\":{\"@id\":\"https:\/\/old.elusvali.ee\/lv\/#\/schema\/logo\/image\/\"},\"sameAs\":[\"https:\/\/www.facebook.com\/profile.php?id=100064131067985\",\"https:\/\/www.instagram.com\/elusvali\/\",\"https:\/\/www.youtube.com\/@elusvali2110\"]}]}<\/script>\n<!-- \/ Yoast SEO plugin. -->","yoast_head_json":{"title":"Vimergy Ol\u012bvu lapas - 115ml - Pure Nature","robots":{"index":"noindex","follow":"follow","max-snippet":"max-snippet:-1","max-image-preview":"max-image-preview:large","max-video-preview":"max-video-preview:-1"},"og_locale":"lv_LV","og_type":"article","og_title":"Vimergy Ol\u012bvu lapas - 115ml - Pure Nature","og_description":"Viens no lab\u0101kajiem veidiem, k\u0101 aizsarg\u0101t savu vesel\u012bbu, ir aizsarg\u0101t im\u016bnsist\u0113mu, lai t\u0101 var\u0113tu veiksm\u012bgi c\u012bn\u012bties ar iebruc\u0113jiem. Tie\u0161i \u0161eit ir vieta, kur imunit\u0101ti stiprino\u0161i augi, piem\u0113ram, ol\u012bvkoku lapas, s\u0101k sp\u0113l\u0113t savu lomu! Vimergy Organic Olive Leaf ir 10:1 koncentr\u0101cijas tinkt\u016bra, kuras viena deva ir ekvivalenta 2000 mg ol\u012bvu lapu. Ol\u012bvu lapas veicina ar\u012b sirds un asinsvadu vesel\u012bbu.","og_url":"https:\/\/old.elusvali.ee\/lv\/produkts\/vimergy-olivu-lapas-115ml\/","og_site_name":"Elusv&auml;li","article_publisher":"https:\/\/www.facebook.com\/profile.php?id=100064131067985","article_modified_time":"2025-05-02T12:03:08+00:00","og_image":[{"width":1400,"height":1400,"url":"https:\/\/purenature.lv\/wp-content\/uploads\/2021\/12\/OliveLeaf.jpg","type":"image\/jpeg"}],"twitter_card":"summary_large_image","twitter_misc":{"Est. reading time":"2 minutes"},"schema":{"@context":"https:\/\/schema.org","@graph":[{"@type":"WebPage","@id":"https:\/\/old.elusvali.ee\/lv\/produkts\/vimergy-olivu-lapas-115ml\/","url":"https:\/\/old.elusvali.ee\/lv\/produkts\/vimergy-olivu-lapas-115ml\/","name":"Vimergy Ol\u012bvu lapas - 115ml - Pure Nature","isPartOf":{"@id":"https:\/\/old.elusvali.ee\/lv\/#website"},"primaryImageOfPage":{"@id":"https:\/\/old.elusvali.ee\/lv\/produkts\/vimergy-olivu-lapas-115ml\/#primaryimage"},"image":{"@id":"https:\/\/old.elusvali.ee\/lv\/produkts\/vimergy-olivu-lapas-115ml\/#primaryimage"},"thumbnailUrl":"https:\/\/old.elusvali.ee\/wp-content\/uploads\/2021\/12\/OliveLeaf.jpg","datePublished":"2021-12-01T08:23:08+00:00","dateModified":"2025-05-02T12:03:08+00:00","breadcrumb":{"@id":"https:\/\/old.elusvali.ee\/lv\/produkts\/vimergy-olivu-lapas-115ml\/#breadcrumb"},"inLanguage":"lv-LV","potentialAction":[{"@type":"ReadAction","target":["https:\/\/old.elusvali.ee\/lv\/produkts\/vimergy-olivu-lapas-115ml\/"]}]},{"@type":"ImageObject","inLanguage":"lv-LV","@id":"https:\/\/old.elusvali.ee\/lv\/produkts\/vimergy-olivu-lapas-115ml\/#primaryimage","url":"https:\/\/old.elusvali.ee\/wp-content\/uploads\/2021\/12\/OliveLeaf.jpg","contentUrl":"https:\/\/old.elusvali.ee\/wp-content\/uploads\/2021\/12\/OliveLeaf.jpg","width":1400,"height":1400,"caption":"Alyvuogiu lapu ekstraktas"},{"@type":"BreadcrumbList","@id":"https:\/\/old.elusvali.ee\/lv\/produkts\/vimergy-olivu-lapas-115ml\/#breadcrumb","itemListElement":[{"@type":"ListItem","position":1,"name":"Home","item":"https:\/\/purenature.lv\/"},{"@type":"ListItem","position":2,"name":"E-veikals","item":"https:\/\/purenature.lv\/veikals\/"},{"@type":"ListItem","position":3,"name":"Vimergy Ol\u012bvu lapas &#8211; 115ml"}]},{"@type":"WebSite","@id":"https:\/\/old.elusvali.ee\/lv\/#website","url":"https:\/\/old.elusvali.ee\/lv\/","name":"Elusv\u00e4li","description":"Puhas k&ouml;&ouml;k ja koduapteek","publisher":{"@id":"https:\/\/old.elusvali.ee\/lv\/#organization"},"potentialAction":[{"@type":"SearchAction","target":{"@type":"EntryPoint","urlTemplate":"https:\/\/old.elusvali.ee\/lv\/?s={search_term_string}"},"query-input":{"@type":"PropertyValueSpecification","valueRequired":true,"valueName":"search_term_string"}}],"inLanguage":"lv-LV"},{"@type":"Organization","@id":"https:\/\/old.elusvali.ee\/lv\/#organization","name":"Elusv\u00e4li","url":"https:\/\/old.elusvali.ee\/lv\/","logo":{"@type":"ImageObject","inLanguage":"lv-LV","@id":"https:\/\/old.elusvali.ee\/lv\/#\/schema\/logo\/image\/","url":"https:\/\/purenature.lt\/wp-content\/uploads\/2023\/07\/logo.png","contentUrl":"https:\/\/purenature.lt\/wp-content\/uploads\/2023\/07\/logo.png","width":526,"height":146,"caption":"Elusv\u00e4li"},"image":{"@id":"https:\/\/old.elusvali.ee\/lv\/#\/schema\/logo\/image\/"},"sameAs":["https:\/\/www.facebook.com\/profile.php?id=100064131067985","https:\/\/www.instagram.com\/elusvali\/","https:\/\/www.youtube.com\/@elusvali2110"]}]}},"_links":{"self":[{"href":"https:\/\/old.elusvali.ee\/lv\/wp-json\/wp\/v2\/product\/35971","targetHints":{"allow":["GET"]}}],"collection":[{"href":"https:\/\/old.elusvali.ee\/lv\/wp-json\/wp\/v2\/product"}],"about":[{"href":"https:\/\/old.elusvali.ee\/lv\/wp-json\/wp\/v2\/types\/product"}],"replies":[{"embeddable":true,"href":"https:\/\/old.elusvali.ee\/lv\/wp-json\/wp\/v2\/comments?post=35971"}],"version-history":[{"count":5,"href":"https:\/\/old.elusvali.ee\/lv\/wp-json\/wp\/v2\/product\/35971\/revisions"}],"predecessor-version":[{"id":65556,"href":"https:\/\/old.elusvali.ee\/lv\/wp-json\/wp\/v2\/product\/35971\/revisions\/65556"}],"wp:featuredmedia":[{"embeddable":true,"href":"https:\/\/old.elusvali.ee\/lv\/wp-json\/wp\/v2\/media\/32535"}],"wp:attachment":[{"href":"https:\/\/old.elusvali.ee\/lv\/wp-json\/wp\/v2\/media?parent=35971"}],"wp:term":[{"taxonomy":"product_brand","embeddable":true,"href":"https:\/\/old.elusvali.ee\/lv\/wp-json\/wp\/v2\/product_brand?post=35971"},{"taxonomy":"product_cat","embeddable":true,"href":"https:\/\/old.elusvali.ee\/lv\/wp-json\/wp\/v2\/product_cat?post=35971"},{"taxonomy":"product_tag","embeddable":true,"href":"https:\/\/old.elusvali.ee\/lv\/wp-json\/wp\/v2\/product_tag?post=35971"}],"curies":[{"name":"wp","href":"https:\/\/api.w.org\/{rel}","templated":true}]}}