{"id":35966,"date":"2021-03-11T11:16:33","date_gmt":"2021-03-11T09:16:33","guid":{"rendered":"https:\/\/old.elusvali.ee\/product\/vimergy-ashwagandha\/"},"modified":"2025-03-11T11:00:43","modified_gmt":"2025-03-11T09:00:43","slug":"vimergy-ashwagandha","status":"publish","type":"product","link":"https:\/\/old.elusvali.ee\/lv\/produkts\/vimergy-ashwagandha\/","title":{"rendered":"Vimergy A\u0161vaganda"},"content":{"rendered":"<p>A\u0161vaganda ir \u012bpa\u0161s augs, kas organism\u0101 darbojas k\u0101 adaptog\u0113ns, pal\u012bdzot organismam labi p\u0101rvar\u0113t stresu. Un m\u016bsdien\u0101s stresa un spriedzes netr\u016bkst. Ta\u010du tas v\u0113l nav viss, ko a\u0161vaganda var dar\u012bt j\u016bsu lab\u0101: t\u0101 pal\u012bdz smadze\u0146u un gar\u012bgajai darbsp\u0113jai, k\u0101 ar\u012b veicina miega kvalit\u0101ti, lai j\u016bs var\u0113tu justies lab\u0101k katru dienu! <\/p>\n<p><img fetchpriority=\"high\" decoding=\"async\" class=\"alignleft wp-image-44446 size-woocommerce_thumbnail\" style=\"margin-bottom: 0px;\" src=\"https:\/\/purenature.lv\/wp-content\/uploads\/2021\/03\/organic-ashwagandha-10-1-vimergy-supplements-vitamins-36303052079274-1-430x430.jpg\" alt=\"\" width=\"430\" height=\"430\" srcset=\"https:\/\/old.elusvali.ee\/wp-content\/uploads\/2021\/03\/organic-ashwagandha-10-1-vimergy-supplements-vitamins-36303052079274-1-430x430.jpg 430w, https:\/\/old.elusvali.ee\/wp-content\/uploads\/2021\/03\/organic-ashwagandha-10-1-vimergy-supplements-vitamins-36303052079274-1-300x300.jpg 300w, https:\/\/old.elusvali.ee\/wp-content\/uploads\/2021\/03\/organic-ashwagandha-10-1-vimergy-supplements-vitamins-36303052079274-1-150x150.jpg 150w, https:\/\/old.elusvali.ee\/wp-content\/uploads\/2021\/03\/organic-ashwagandha-10-1-vimergy-supplements-vitamins-36303052079274-1-768x768.jpg 768w, https:\/\/old.elusvali.ee\/wp-content\/uploads\/2021\/03\/organic-ashwagandha-10-1-vimergy-supplements-vitamins-36303052079274-1-700x700.jpg 700w, https:\/\/old.elusvali.ee\/wp-content\/uploads\/2021\/03\/organic-ashwagandha-10-1-vimergy-supplements-vitamins-36303052079274-1.jpg 800w\" sizes=\"(max-width: 430px) 100vw, 430px\" \/><\/p>\n<p>&nbsp;<\/p>\n<ul>\n<li>Pal\u012bdz organismam tikt gal\u0101 ar stresu un spriedzi.<\/li>\n<li>Atbalsta kognit\u012bv\u0101s funkcijas<\/li>\n<li>Veicina labu miegu<\/li>\n<li>Efekt\u012bvs alkoholu nesaturo\u0161s augu ekstrakts 10:1<\/li>\n<li>Citas sast\u0101vda\u013cas ir tikai organiskais glicer\u012bns un organisk\u0101 citronu sula.<\/li>\n<li>To var lietot, izspie\u017eot tie\u0161i mut\u0113 no pipetes vai sajaucot ar \u016bdeni, sulu, koktei\u013ciem.<\/li>\n<li>USDA biolo\u0123iski t\u012brs produkts, nesatur alkoholu, bez glut\u0113na, bez \u0122MO, ko\u0161era, bez kukur\u016bzas, bez sojas, veg\u0101ns un paleodi\u0113tai piem\u0113rots.<\/li>\n<li>Nesatur citronsk\u0101bi, pildvielas, piedevas, m\u0101ksl\u012bgos un dab\u012bgos aromatiz\u0113t\u0101jus.<\/li>\n<\/ul>\n<p>&nbsp;<\/p>\n<p><em>* Apgalvojumi \u0146emti no Vimergy t\u012bmek\u013ca vietnes.<\/em><\/p>\n<h2><\/h2>\n<h2><\/h2>\n<h2><\/h2>\n<h2><\/h2>\n<h2>K\u0101 lietot a\u0161vagandu?<\/h2>\n<ul>\n<li>Lieto\u0161anas <strong>instrukcija<\/strong>: lietojiet 2 pipetes (2ml) 1-2 reizes dien\u0101. Viena deva (divas pipetes) satur aptuveni 48-54 pilienus. Lielaj\u0101 115 ml pudel\u0113 ir 57 porcijas. Mazaj\u0101 55 ml pudel\u012bt\u0113 ir aptuveni 28 devas.<\/li>\n<li><strong>Uzglab\u0101\u0161ana: <\/strong>Glab\u0101t v\u0113s\u0101, tum\u0161\u0101 viet\u0101. <em>Piem\u0113ram, aizsl\u0113gt\u0101 virtuves skap\u012b b\u0113rniem nepieejam\u0101 viet\u0101. Ilg\u0101ku laiku uzglab\u0101jot, vislab\u0101k ir tur\u0113t ledusskapja aug\u0161\u0113j\u0101 atvilktn\u0113. <\/em><\/li>\n<li><strong>Kontrindik\u0101cijas<\/strong>: Nelietot k\u0101 pilnv\u0113rt\u012bga un sabalans\u0113ta uztura aizst\u0101j\u0113ju. Gr\u016btniec\u012bbas, z\u012bd\u012b\u0161anas, medikamentu lieto\u0161anas vai vesel\u012bbas probl\u0113mu gad\u012bjum\u0101 pirms lieto\u0161anas konsult\u0113jieties ar \u0101rstu.<\/li>\n<\/ul>\n<p>Skat\u012bt ar\u012b <a href=\"https:\/\/purenature.lv\/3-biezakas-kludas-kuras-partikas-piedevas-tiek-lietotas-kad-tas-tiek-lietotas\/?_gl=1*1htr1de*_gcl_au*NDI3MzQxODMyLjE3MzQwMDk4MTU.*_ga*NzE0MDY5OTMxLjE3MzQwMDk4MTU.*_ga_G9DKBME5C1*MTczNDU0NjkxNS41LjEuMTczNDU0NzkxMS4wLjAuMA..\">3 bie\u017e\u0101k pie\u013caut\u0101s k\u013c\u016bdas, lietojot uztura bag\u0101tin\u0101t\u0101jus<\/a><\/p>\n<p><a href=\"https:\/\/vimergy.com\/\">Vimergy<\/a> ir paz\u012bstams k\u0101 viens no pasaul\u0113 augst\u0101k\u0101s kvalit\u0101tes ASV biolo\u0123isko uztura bag\u0101tin\u0101t\u0101ju z\u012bmoliem.<br \/>\nVisi Vimergy produkti ir ekolo\u0123iski t\u012bri, nesatur alkoholu un ir piem\u0113roti veg\u0101niem.<br \/>Turkl\u0101t neviena Vimergy piedeva nesatur citronsk\u0101bi, pildvielas vai m\u0101ksl\u012bg\u0101s piedevas.<\/p>\n<p><img decoding=\"async\" class=\"aligncenter wp-image-44441 size-large\" src=\"https:\/\/purenature.lv\/wp-content\/uploads\/2021\/03\/Ashwagandha_How_To_Desktop-1300x679.png\" alt=\"\" width=\"1300\" height=\"679\" srcset=\"https:\/\/old.elusvali.ee\/wp-content\/uploads\/2021\/03\/Ashwagandha_How_To_Desktop-1300x679.png 1300w, https:\/\/old.elusvali.ee\/wp-content\/uploads\/2021\/03\/Ashwagandha_How_To_Desktop-400x209.png 400w, https:\/\/old.elusvali.ee\/wp-content\/uploads\/2021\/03\/Ashwagandha_How_To_Desktop-768x401.png 768w, https:\/\/old.elusvali.ee\/wp-content\/uploads\/2021\/03\/Ashwagandha_How_To_Desktop-1536x803.png 1536w, https:\/\/old.elusvali.ee\/wp-content\/uploads\/2021\/03\/Ashwagandha_How_To_Desktop-430x225.png 430w, https:\/\/old.elusvali.ee\/wp-content\/uploads\/2021\/03\/Ashwagandha_How_To_Desktop-700x366.png 700w, https:\/\/old.elusvali.ee\/wp-content\/uploads\/2021\/03\/Ashwagandha_How_To_Desktop-150x78.png 150w, https:\/\/old.elusvali.ee\/wp-content\/uploads\/2021\/03\/Ashwagandha_How_To_Desktop.png 2000w\" sizes=\"(max-width: 1300px) 100vw, 1300px\" \/><\/p>\n","protected":false},"excerpt":{"rendered":"<p>V\u0113laties pal\u012bdz\u0113t smadzen\u0113m str\u0101d\u0101t? Veicin\u0101t organisma sp\u0113ju tikt gal\u0101 ar stresu? Uzlabot miega kvalit\u0101ti? Ja j\u0101, tad Vimergy Organiskais A\u0161vagandas10:1 \u0161\u0137idrais ekstrakts ir dom\u0101ts tie\u0161i jums. Viena porcija satur l\u012bdz 2200 mg a\u0161vgandas! Alkoholu nesaturo\u0161s ekstrakts, kas sast\u0101v no 10:1 organisk\u0101s a\u0161vagandas, organisk\u0101 glicer\u012bna un organisk\u0101s citrona sulas.     <\/p>\n","protected":false},"featured_media":32437,"comment_status":"open","ping_status":"closed","template":"","meta":{"_acf_changed":false},"product_brand":[],"product_cat":[774,468,402,408,808,696],"product_tag":[410,405],"class_list":{"0":"post-35966","1":"product","2":"type-product","3":"status-publish","4":"has-post-thumbnail","6":"product_cat-garigajai-veselibai","7":"product_cat-kermenim","8":"product_cat-partikas-piedevas","9":"product_cat-smadzenu-veseliba","10":"product_cat-uni-lv","11":"product_cat-vimergy-lt-lv","12":"product_tag-skidrie-produkti-lv","13":"product_tag-vimergy-lv","15":"first","16":"instock","17":"taxable","18":"shipping-taxable","19":"purchasable","20":"product-type-variable","21":"has-default-attributes"},"acf":[],"yoast_head":"<!-- This site is optimized with the Yoast SEO plugin v25.3.1 - https:\/\/yoast.com\/wordpress\/plugins\/seo\/ -->\n<title>Vimergy A\u0161vaganda - Pure Nature<\/title>\n<meta name=\"description\" content=\"A\u0161vaganda ir \u012bpa\u0161s augs, kas organism\u0101 darbojas k\u0101 adaptog\u0113ns, pal\u012bdzot organismam labi p\u0101rvar\u0113t stresu.\" \/>\n<meta name=\"robots\" content=\"noindex, follow, max-snippet:-1, max-image-preview:large, max-video-preview:-1\" \/>\n<meta property=\"og:locale\" content=\"lv_LV\" \/>\n<meta property=\"og:type\" content=\"article\" \/>\n<meta property=\"og:title\" content=\"Vimergy A\u0161vaganda - Pure Nature\" \/>\n<meta property=\"og:description\" content=\"A\u0161vaganda ir \u012bpa\u0161s augs, kas organism\u0101 darbojas k\u0101 adaptog\u0113ns, pal\u012bdzot organismam labi p\u0101rvar\u0113t stresu.\" \/>\n<meta property=\"og:url\" content=\"https:\/\/old.elusvali.ee\/lv\/produkts\/vimergy-ashwagandha\/\" \/>\n<meta property=\"og:site_name\" content=\"Elusv&auml;li\" \/>\n<meta property=\"article:publisher\" content=\"https:\/\/www.facebook.com\/profile.php?id=100064131067985\" \/>\n<meta property=\"article:modified_time\" content=\"2025-03-11T09:00:43+00:00\" \/>\n<meta property=\"og:image\" content=\"https:\/\/purenature.lv\/wp-content\/uploads\/2021\/03\/Ashwagandha.jpg\" \/>\n\t<meta property=\"og:image:width\" content=\"1400\" \/>\n\t<meta property=\"og:image:height\" content=\"1400\" \/>\n\t<meta property=\"og:image:type\" content=\"image\/jpeg\" \/>\n<meta name=\"twitter:card\" content=\"summary_large_image\" \/>\n<meta name=\"twitter:label1\" content=\"Est. reading time\" \/>\n\t<meta name=\"twitter:data1\" content=\"2 minutes\" \/>\n<script type=\"application\/ld+json\" class=\"yoast-schema-graph\">{\"@context\":\"https:\/\/schema.org\",\"@graph\":[{\"@type\":\"WebPage\",\"@id\":\"https:\/\/old.elusvali.ee\/lv\/produkts\/vimergy-ashwagandha\/\",\"url\":\"https:\/\/old.elusvali.ee\/lv\/produkts\/vimergy-ashwagandha\/\",\"name\":\"Vimergy A\u0161vaganda - Pure Nature\",\"isPartOf\":{\"@id\":\"https:\/\/old.elusvali.ee\/lv\/#website\"},\"primaryImageOfPage\":{\"@id\":\"https:\/\/old.elusvali.ee\/lv\/produkts\/vimergy-ashwagandha\/#primaryimage\"},\"image\":{\"@id\":\"https:\/\/old.elusvali.ee\/lv\/produkts\/vimergy-ashwagandha\/#primaryimage\"},\"thumbnailUrl\":\"https:\/\/old.elusvali.ee\/wp-content\/uploads\/2021\/03\/Ashwagandha.jpg\",\"datePublished\":\"2021-03-11T09:16:33+00:00\",\"dateModified\":\"2025-03-11T09:00:43+00:00\",\"description\":\"A\u0161vaganda ir \u012bpa\u0161s augs, kas organism\u0101 darbojas k\u0101 adaptog\u0113ns, pal\u012bdzot organismam labi p\u0101rvar\u0113t stresu.\",\"breadcrumb\":{\"@id\":\"https:\/\/old.elusvali.ee\/lv\/produkts\/vimergy-ashwagandha\/#breadcrumb\"},\"inLanguage\":\"lv-LV\",\"potentialAction\":[{\"@type\":\"ReadAction\",\"target\":[\"https:\/\/old.elusvali.ee\/lv\/produkts\/vimergy-ashwagandha\/\"]}]},{\"@type\":\"ImageObject\",\"inLanguage\":\"lv-LV\",\"@id\":\"https:\/\/old.elusvali.ee\/lv\/produkts\/vimergy-ashwagandha\/#primaryimage\",\"url\":\"https:\/\/old.elusvali.ee\/wp-content\/uploads\/2021\/03\/Ashwagandha.jpg\",\"contentUrl\":\"https:\/\/old.elusvali.ee\/wp-content\/uploads\/2021\/03\/Ashwagandha.jpg\",\"width\":1400,\"height\":1400,\"caption\":\"Asvagandos ekstraktas\"},{\"@type\":\"BreadcrumbList\",\"@id\":\"https:\/\/old.elusvali.ee\/lv\/produkts\/vimergy-ashwagandha\/#breadcrumb\",\"itemListElement\":[{\"@type\":\"ListItem\",\"position\":1,\"name\":\"Home\",\"item\":\"https:\/\/purenature.lv\/\"},{\"@type\":\"ListItem\",\"position\":2,\"name\":\"E-veikals\",\"item\":\"https:\/\/purenature.lv\/veikals\/\"},{\"@type\":\"ListItem\",\"position\":3,\"name\":\"Vimergy A\u0161vaganda\"}]},{\"@type\":\"WebSite\",\"@id\":\"https:\/\/old.elusvali.ee\/lv\/#website\",\"url\":\"https:\/\/old.elusvali.ee\/lv\/\",\"name\":\"Elusv\u00e4li\",\"description\":\"Puhas k&ouml;&ouml;k ja koduapteek\",\"publisher\":{\"@id\":\"https:\/\/old.elusvali.ee\/lv\/#organization\"},\"potentialAction\":[{\"@type\":\"SearchAction\",\"target\":{\"@type\":\"EntryPoint\",\"urlTemplate\":\"https:\/\/old.elusvali.ee\/lv\/?s={search_term_string}\"},\"query-input\":{\"@type\":\"PropertyValueSpecification\",\"valueRequired\":true,\"valueName\":\"search_term_string\"}}],\"inLanguage\":\"lv-LV\"},{\"@type\":\"Organization\",\"@id\":\"https:\/\/old.elusvali.ee\/lv\/#organization\",\"name\":\"Elusv\u00e4li\",\"url\":\"https:\/\/old.elusvali.ee\/lv\/\",\"logo\":{\"@type\":\"ImageObject\",\"inLanguage\":\"lv-LV\",\"@id\":\"https:\/\/old.elusvali.ee\/lv\/#\/schema\/logo\/image\/\",\"url\":\"https:\/\/purenature.lt\/wp-content\/uploads\/2023\/07\/logo.png\",\"contentUrl\":\"https:\/\/purenature.lt\/wp-content\/uploads\/2023\/07\/logo.png\",\"width\":526,\"height\":146,\"caption\":\"Elusv\u00e4li\"},\"image\":{\"@id\":\"https:\/\/old.elusvali.ee\/lv\/#\/schema\/logo\/image\/\"},\"sameAs\":[\"https:\/\/www.facebook.com\/profile.php?id=100064131067985\",\"https:\/\/www.instagram.com\/elusvali\/\",\"https:\/\/www.youtube.com\/@elusvali2110\"]}]}<\/script>\n<!-- \/ Yoast SEO plugin. -->","yoast_head_json":{"title":"Vimergy A\u0161vaganda - Pure Nature","description":"A\u0161vaganda ir \u012bpa\u0161s augs, kas organism\u0101 darbojas k\u0101 adaptog\u0113ns, pal\u012bdzot organismam labi p\u0101rvar\u0113t stresu.","robots":{"index":"noindex","follow":"follow","max-snippet":"max-snippet:-1","max-image-preview":"max-image-preview:large","max-video-preview":"max-video-preview:-1"},"og_locale":"lv_LV","og_type":"article","og_title":"Vimergy A\u0161vaganda - Pure Nature","og_description":"A\u0161vaganda ir \u012bpa\u0161s augs, kas organism\u0101 darbojas k\u0101 adaptog\u0113ns, pal\u012bdzot organismam labi p\u0101rvar\u0113t stresu.","og_url":"https:\/\/old.elusvali.ee\/lv\/produkts\/vimergy-ashwagandha\/","og_site_name":"Elusv&auml;li","article_publisher":"https:\/\/www.facebook.com\/profile.php?id=100064131067985","article_modified_time":"2025-03-11T09:00:43+00:00","og_image":[{"width":1400,"height":1400,"url":"https:\/\/purenature.lv\/wp-content\/uploads\/2021\/03\/Ashwagandha.jpg","type":"image\/jpeg"}],"twitter_card":"summary_large_image","twitter_misc":{"Est. reading time":"2 minutes"},"schema":{"@context":"https:\/\/schema.org","@graph":[{"@type":"WebPage","@id":"https:\/\/old.elusvali.ee\/lv\/produkts\/vimergy-ashwagandha\/","url":"https:\/\/old.elusvali.ee\/lv\/produkts\/vimergy-ashwagandha\/","name":"Vimergy A\u0161vaganda - Pure Nature","isPartOf":{"@id":"https:\/\/old.elusvali.ee\/lv\/#website"},"primaryImageOfPage":{"@id":"https:\/\/old.elusvali.ee\/lv\/produkts\/vimergy-ashwagandha\/#primaryimage"},"image":{"@id":"https:\/\/old.elusvali.ee\/lv\/produkts\/vimergy-ashwagandha\/#primaryimage"},"thumbnailUrl":"https:\/\/old.elusvali.ee\/wp-content\/uploads\/2021\/03\/Ashwagandha.jpg","datePublished":"2021-03-11T09:16:33+00:00","dateModified":"2025-03-11T09:00:43+00:00","description":"A\u0161vaganda ir \u012bpa\u0161s augs, kas organism\u0101 darbojas k\u0101 adaptog\u0113ns, pal\u012bdzot organismam labi p\u0101rvar\u0113t stresu.","breadcrumb":{"@id":"https:\/\/old.elusvali.ee\/lv\/produkts\/vimergy-ashwagandha\/#breadcrumb"},"inLanguage":"lv-LV","potentialAction":[{"@type":"ReadAction","target":["https:\/\/old.elusvali.ee\/lv\/produkts\/vimergy-ashwagandha\/"]}]},{"@type":"ImageObject","inLanguage":"lv-LV","@id":"https:\/\/old.elusvali.ee\/lv\/produkts\/vimergy-ashwagandha\/#primaryimage","url":"https:\/\/old.elusvali.ee\/wp-content\/uploads\/2021\/03\/Ashwagandha.jpg","contentUrl":"https:\/\/old.elusvali.ee\/wp-content\/uploads\/2021\/03\/Ashwagandha.jpg","width":1400,"height":1400,"caption":"Asvagandos ekstraktas"},{"@type":"BreadcrumbList","@id":"https:\/\/old.elusvali.ee\/lv\/produkts\/vimergy-ashwagandha\/#breadcrumb","itemListElement":[{"@type":"ListItem","position":1,"name":"Home","item":"https:\/\/purenature.lv\/"},{"@type":"ListItem","position":2,"name":"E-veikals","item":"https:\/\/purenature.lv\/veikals\/"},{"@type":"ListItem","position":3,"name":"Vimergy A\u0161vaganda"}]},{"@type":"WebSite","@id":"https:\/\/old.elusvali.ee\/lv\/#website","url":"https:\/\/old.elusvali.ee\/lv\/","name":"Elusv\u00e4li","description":"Puhas k&ouml;&ouml;k ja koduapteek","publisher":{"@id":"https:\/\/old.elusvali.ee\/lv\/#organization"},"potentialAction":[{"@type":"SearchAction","target":{"@type":"EntryPoint","urlTemplate":"https:\/\/old.elusvali.ee\/lv\/?s={search_term_string}"},"query-input":{"@type":"PropertyValueSpecification","valueRequired":true,"valueName":"search_term_string"}}],"inLanguage":"lv-LV"},{"@type":"Organization","@id":"https:\/\/old.elusvali.ee\/lv\/#organization","name":"Elusv\u00e4li","url":"https:\/\/old.elusvali.ee\/lv\/","logo":{"@type":"ImageObject","inLanguage":"lv-LV","@id":"https:\/\/old.elusvali.ee\/lv\/#\/schema\/logo\/image\/","url":"https:\/\/purenature.lt\/wp-content\/uploads\/2023\/07\/logo.png","contentUrl":"https:\/\/purenature.lt\/wp-content\/uploads\/2023\/07\/logo.png","width":526,"height":146,"caption":"Elusv\u00e4li"},"image":{"@id":"https:\/\/old.elusvali.ee\/lv\/#\/schema\/logo\/image\/"},"sameAs":["https:\/\/www.facebook.com\/profile.php?id=100064131067985","https:\/\/www.instagram.com\/elusvali\/","https:\/\/www.youtube.com\/@elusvali2110"]}]}},"_links":{"self":[{"href":"https:\/\/old.elusvali.ee\/lv\/wp-json\/wp\/v2\/product\/35966","targetHints":{"allow":["GET"]}}],"collection":[{"href":"https:\/\/old.elusvali.ee\/lv\/wp-json\/wp\/v2\/product"}],"about":[{"href":"https:\/\/old.elusvali.ee\/lv\/wp-json\/wp\/v2\/types\/product"}],"replies":[{"embeddable":true,"href":"https:\/\/old.elusvali.ee\/lv\/wp-json\/wp\/v2\/comments?post=35966"}],"version-history":[{"count":1,"href":"https:\/\/old.elusvali.ee\/lv\/wp-json\/wp\/v2\/product\/35966\/revisions"}],"predecessor-version":[{"id":59753,"href":"https:\/\/old.elusvali.ee\/lv\/wp-json\/wp\/v2\/product\/35966\/revisions\/59753"}],"wp:featuredmedia":[{"embeddable":true,"href":"https:\/\/old.elusvali.ee\/lv\/wp-json\/wp\/v2\/media\/32437"}],"wp:attachment":[{"href":"https:\/\/old.elusvali.ee\/lv\/wp-json\/wp\/v2\/media?parent=35966"}],"wp:term":[{"taxonomy":"product_brand","embeddable":true,"href":"https:\/\/old.elusvali.ee\/lv\/wp-json\/wp\/v2\/product_brand?post=35966"},{"taxonomy":"product_cat","embeddable":true,"href":"https:\/\/old.elusvali.ee\/lv\/wp-json\/wp\/v2\/product_cat?post=35966"},{"taxonomy":"product_tag","embeddable":true,"href":"https:\/\/old.elusvali.ee\/lv\/wp-json\/wp\/v2\/product_tag?post=35966"}],"curies":[{"name":"wp","href":"https:\/\/api.w.org\/{rel}","templated":true}]}}