{"id":35962,"date":"2022-06-29T07:31:37","date_gmt":"2022-06-29T04:31:37","guid":{"rendered":"https:\/\/old.elusvali.ee\/product\/cepama-soda-bez-aluminija-300g-healthy-choice\/"},"modified":"2025-06-27T15:25:08","modified_gmt":"2025-06-27T12:25:08","slug":"cepama-soda-bez-aluminija-300g-healthy-choice","status":"publish","type":"product","link":"https:\/\/old.elusvali.ee\/lv\/produkts\/cepama-soda-bez-aluminija-300g-healthy-choice\/","title":{"rendered":"Alum\u012bniju nesaturo\u0161a dzeram\u0101 soda 300g | Healthy Choice"},"content":{"rendered":"<h3 data-start=\"385\" data-end=\"432\"><strong data-start=\"392\" data-end=\"430\">Kas ir alum\u012bniju nesaturo\u0161a dzeram\u0101 soda?<\/strong><\/h3>\n<p data-start=\"433\" data-end=\"792\">Healthy Choice dzeram\u0101 soda ir laboratoriski p\u0101rbaud\u012bta dzeram\u0101 soda jeb n\u0101trija bikarbon\u0101ts (NaHCO\u2083), kas nesatur alum\u012bniju alum\u012bnija. Tas ir augstas kvalit\u0101tes daudzfunkcion\u0101ls pulveris. At\u0161\u0137ir\u012bb\u0101 no parast\u0101s cepam\u0101s sodas, kas var satur\u0113t smago met\u0101lu atliekas, \u0161is produkts ir t\u012bra un dro\u0161a izv\u0113le ikdienas lieto\u0161anai virtuv\u0113, m\u0101j\u0101s un person\u012bg\u0101s higi\u0113nas vajadz\u012bb\u0101m.  <\/p>\n<p style=\"font-weight: 400;\">Tas ir dab\u012bgs produkts, ko, starpcitu, ra\u017eo no ka\u013c\u0137akmens un s\u0101ls. Cepamo sodu var izmantot da\u017e\u0101diem m\u0113r\u0137iem. Tas patie\u0161\u0101m ir p\u0101rtikas produkts, kam j\u0101b\u016bt ikviena m\u0101j\u0101s. S\u0101kotn\u0113ji to izmantoja k\u0101 dab\u012bgo balin\u0101t\u0101ju, bet m\u016bsdien\u0101s to izmanto ar\u012b ap\u0123\u0113rbu un m\u0101jsaimniec\u012bbas t\u012br\u012b\u0161anas l\u012bdzek\u013cos, zobu past\u0101s un dezodorantos.    Sodu var izmantot ar\u012b m\u0113be\u013cu, tekstilizstr\u0101d\u0101jumu, sadz\u012bves tehnikas utt. t\u012br\u012b\u0161anai. To var sajaukt, piem\u0113ram, ar eti\u0137i vai 3% \u016bde\u0146ra\u017ea peroks\u012bdu. Sodai piem\u012bt smakas neitraliz\u0113jo\u0161as un balino\u0161as \u012bpa\u0161\u012bbas. <\/p>\n<p>Tom\u0113r \u0146emiet v\u0113r\u0101, ka nav ieteicams iek\u0161\u0137\u012bgi lietot lielu daudzumu sodas (piem\u0113ram, k\u0101 sodas \u016bdeni).<\/p>\n<p>Katrai partijai tiek veiktas laboratorijas p\u0101rbaudes. Laboratorijas testa rezult\u0101ti, kas tika veikts 02.2024. gad\u0101, ir pieejami <a href=\"https:\/\/purenature.lv\/wp-content\/uploads\/2022\/06\/Alumiiniumuvaba-sooda-laboritulemused.pdf\">\u0161eit (PDF)<\/a>. <\/p>\n<h3 data-start=\"799\" data-end=\"847\"><strong data-start=\"805\" data-end=\"847\">K\u0101p\u0113c izv\u0113l\u0113ties Healthy Choice cepamo sodu?<\/strong><\/h3>\n<ul data-start=\"849\" data-end=\"1207\">\n<li data-start=\"849\" data-end=\"930\">\n<p data-start=\"851\" data-end=\"930\"><strong data-start=\"851\" data-end=\"865\">100% t\u012brs<\/strong> &#8211; bez alum\u012bnija, glut\u0113na un sint\u0113tisk\u0101m piedev\u0101m.<\/p>\n<\/li>\n<li data-start=\"931\" data-end=\"1007\">\n<p data-start=\"933\" data-end=\"1007\"><strong data-start=\"933\" data-end=\"949\">P\u0101rtikas kategorijas<\/strong> &#8211; piem\u0113rota izmanto\u0161anai \u0113dienu gatavo\u0161an\u0101 un cep\u0161an\u0101.<\/p>\n<\/li>\n<li data-start=\"1008\" data-end=\"1065\">\n<p data-start=\"1010\" data-end=\"1065\"><strong data-start=\"1010\" data-end=\"1025\">Daudzpus\u012bga<\/strong> &#8211; viens produkts, desmitiem pielietojumu.<\/p>\n<\/li>\n<li data-start=\"1066\" data-end=\"1154\">\n<p data-start=\"1068\" data-end=\"1154\"><strong data-start=\"1068\" data-end=\"1089\">Videi draudz\u012bgi<\/strong> &#8211; \u0137\u012bmiskos t\u012br\u012b\u0161anas l\u012bdzek\u013cus nomainiet ar dab\u012bg\u0101m alternat\u012bv\u0101m.<\/p>\n<\/li>\n<\/ul>\n<h3 data-start=\"1214\" data-end=\"1242\"><strong data-start=\"1221\" data-end=\"1242\">Lieto\u0161ana p\u0101rtik\u0101<\/strong><\/h3>\n<ul data-start=\"1244\" data-end=\"1529\">\n<li data-start=\"1244\" data-end=\"1323\">\n<p data-start=\"1246\" data-end=\"1323\"><strong data-start=\"1246\" data-end=\"1261\">Cep\u0161ana<\/strong>: dab\u012bgs k\u016bku, pank\u016bku un maizes raudz\u0113t\u0101js. Veiksm\u012bgs rauga aizst\u0101j\u0113js. <\/p>\n<\/li>\n<li data-start=\"1324\" data-end=\"1415\">\n<p data-start=\"1326\" data-end=\"1415\"><strong data-start=\"1326\" data-end=\"1366\">Neitraliz\u0113 sk\u0101bumu p\u0101rtikas produktos<\/strong>: samazina tom\u0101tu, citrona vai eti\u0137a sk\u0101bumu.<\/p>\n<\/li>\n<\/ul>\n<h3 data-start=\"1536\" data-end=\"1578\"><strong data-start=\"1543\" data-end=\"1578\">Person\u012bg\u0101 higi\u0113na un kop\u0161ana<\/strong><\/h3>\n<ul data-start=\"1580\" data-end=\"2076\">\n<li data-start=\"1686\" data-end=\"1784\">\n<p data-start=\"1688\" data-end=\"1784\"><strong data-start=\"1688\" data-end=\"1717\">Arom\u0101tu neitraliz\u0113\u0161ana<\/strong>: var izmantot k\u0101 dezodorantu vai k\u0101ju vann\u0101s, lai mazin\u0101tu sviedru arom\u0101tu.<\/p>\n<\/li>\n<li data-start=\"1785\" data-end=\"2076\">\n<p data-start=\"1787\" data-end=\"2076\"><strong data-start=\"1787\" data-end=\"1813\">\u0136erme\u0146a skrubji un maskas<\/strong>: sajauciet ar kokosriekstu e\u013c\u013cu vai medu, lai ieg\u016btu dabisku \u0137erme\u0146a t\u012br\u012b\u0161anas l\u012bdzekli.<\/p>\n<\/li>\n<\/ul>\n<h3 data-start=\"2083\" data-end=\"2138\"><strong data-start=\"2090\" data-end=\"2138\">M\u0101jas uzkop\u0161ana un ekolo\u0123iska m\u0101jsaimniec\u012bba<\/strong><\/h3>\n<ul data-start=\"2140\" data-end=\"2565\">\n<li data-start=\"2140\" data-end=\"2251\">\n<p data-start=\"2142\" data-end=\"2251\"><strong data-start=\"2142\" data-end=\"2172\">Virtuves un vannas istabas t\u012br\u012b\u0161ana<\/strong>: no\u0146em nos\u0113dumus un taukus, piem\u0113rota kr\u0101nu, cepe\u0161kr\u0101sns, izliet\u0146u t\u012br\u012b\u0161anai.<\/p>\n<\/li>\n<li data-start=\"2252\" data-end=\"2344\">\n<p data-start=\"2254\" data-end=\"2344\"><strong data-start=\"2254\" data-end=\"2292\">Ledusskapja un apavu dezodor\u0113t\u0101js<\/strong>: ielieciet atv\u0113rtu trauku ar sodu ledusskap\u012b vai apavu iek\u0161pus\u0113.<\/p>\n<\/li>\n<li data-start=\"2345\" data-end=\"2434\">\n<p data-start=\"2347\" data-end=\"2434\"><strong data-start=\"2347\" data-end=\"2383\">Balin\u0101t\u0101js un traipu t\u012br\u012bt\u0101js<\/strong>: pievienojiet ve\u013cas mazg\u0101\u0161anas ma\u0161\u012bn\u0101, lai pan\u0101ktu t\u012br\u0101ku rezult\u0101tu.<\/p>\n<\/li>\n<li data-start=\"2435\" data-end=\"2565\">\n<p data-start=\"2437\" data-end=\"2565\"><strong data-start=\"2437\" data-end=\"2457\">Augu aizsardz\u012bba<\/strong>: mazos daudzumos pievienojot ap\u016bde\u0146o\u0161anas \u016bdenim, mazina pel\u0113juma veido\u0161anos.<\/p>\n<\/li>\n<\/ul>\n<h3 data-start=\"2572\" data-end=\"2604\"><strong data-start=\"2579\" data-end=\"2604\">M\u0101jdz\u012bvnieku apr\u016bpe<\/strong><\/h3>\n<ul data-start=\"2606\" data-end=\"2759\">\n<li data-start=\"2606\" data-end=\"2691\">\n<p data-start=\"2608\" data-end=\"2691\"><strong data-start=\"2608\" data-end=\"2630\">Mazg\u0101\u0161anas l\u012bdzek\u013ca piedeva<\/strong>: neitraliz\u0113 ka\u017eoka arom\u0101tu un uztur m\u0101jdz\u012bvnieku t\u012br\u0101ku.<\/p>\n<\/li>\n<li data-start=\"2692\" data-end=\"2759\">\n<p data-start=\"2694\" data-end=\"2759\"><strong data-start=\"2694\" data-end=\"2720\">Smil\u0161u kastu t\u012br\u012b\u0161ana<\/strong>: pievienojiet smilt\u012bm, pal\u012bdz samazin\u0101t nepat\u012bkamas smakas.<\/p>\n<\/li>\n<\/ul>\n<div>\n<h4><a href=\"https:\/\/www.stevija.nl\/\">Healthy Choice\/SteviJa<\/a><\/h4>\n<p>Uz\u0146\u0113muma dibin\u0101t\u0101ja Anna Greta Vi\u0161ere bija kaisl\u012bga vizion\u0101re vesel\u012bga uztura jom\u0101. Vi\u0146a bija p\u0101rliecin\u0101ta, ka var pied\u0101v\u0101t risin\u0101jumu cilv\u0113kiem ar vesel\u012bbas probl\u0113m\u0101m, izmantojot t\u012brus produktus. Ar cent\u012bbu un apzin\u012bgumu vi\u0146a piln\u012bb\u0101 ap\u0146\u0113m\u0101s padar\u012bt savus produktus pieejamus visiem. Anna Greta aizg\u0101ja m\u016b\u017e\u012bb\u0101 2016. gad\u0101.    gad\u0101. i\u0146as uz\u0146\u0113m\u0113jdarb\u012bbu ar t\u0101du pa\u0161u entuziasmu un ap\u0146\u0113m\u012bbu turpina d\u0113ls L\u016bkass. Annas silt\u0101s person\u012bbas joproj\u0101m pietr\u016bkst katru dienu, jo vi\u0146a bija \u012bpa\u0161a sieviete, kuras aizrau\u0161an\u0101s bija vesel\u012bgs uzturs un vesel\u012bgs dz\u012bvesveids. Kop\u0161 uz\u0146\u0113muma dibin\u0101\u0161anas uz\u0146\u0113mums SteviJa ir iespaid\u012bgi att\u012bst\u012bjies, un tagad t\u0101 produkti ir pieejami vair\u0101k\u0101s Eiropas un pasaules valst\u012bs. Vi\u0146u \u012bpa\u0161ais p\u0113tniec\u012bbas un izstr\u0101des departaments past\u0101v\u012bgi cie\u0161i sadarbojas ar neatkar\u012bg\u0101m laboratorij\u0101m, lai p\u0113t\u012btu un izstr\u0101d\u0101tu jaunus produktus, nodro\u0161inot augstu kvalit\u0101ti. Uz\u0146\u0113mums pie\u0161\u0137ir lielu noz\u012bmi ilgtsp\u0113j\u012bgas ra\u017eo\u0161anas praksei. Uz\u0146\u0113muma izejvielas tiek audz\u0113tas un atlas\u012btas, r\u016bp\u0113joties par vidi un saudz\u0113jot to.     <\/p>\n<\/div>\n","protected":false},"excerpt":{"rendered":"<p><strong>Nesatur alum\u012bniju!<br \/>\n<\/strong><br \/>\nLaboratoriski p\u0101rbaud\u012bta dzeram\u0101 soda jeb n\u0101trija bikarbon\u0101ts (NaHCO\u2083) bez alum\u012bnija. T\u012brs un dab\u012bgs produkts &#8211; bez alum\u012bnija, bez lipek\u013ca, bez laktozes, veg\u0101ns.<\/p>\n","protected":false},"featured_media":32171,"comment_status":"open","ping_status":"closed","template":"","meta":{"_acf_changed":false},"product_brand":[],"product_cat":[442,459],"product_tag":[],"class_list":{"0":"post-35962","1":"product","2":"type-product","3":"status-publish","4":"has-post-thumbnail","6":"product_cat-majas-virtuve","7":"product_cat-sausie-izstradajumi","9":"first","10":"instock","11":"taxable","12":"shipping-taxable","13":"purchasable","14":"product-type-simple"},"acf":[],"yoast_head":"<!-- This site is optimized with the Yoast SEO plugin v25.3.1 - https:\/\/yoast.com\/wordpress\/plugins\/seo\/ -->\n<title>Alum\u012bniju nesaturo\u0161a dzeram\u0101 soda 300g | Healthy Choice - Pure Nature<\/title>\n<meta name=\"description\" content=\"Healthy Choice dzeram\u0101 soda ir laboratoriski p\u0101rbaud\u012bta, augstas kvalit\u0101tes, bez alum\u012bnija, dzeram\u0101 soda jeb n\u0101trija bikarbon\u0101ts (NaHCO\u2083).\" \/>\n<meta name=\"robots\" content=\"noindex, follow, max-snippet:-1, max-image-preview:large, max-video-preview:-1\" \/>\n<meta property=\"og:locale\" content=\"lv_LV\" \/>\n<meta property=\"og:type\" content=\"article\" \/>\n<meta property=\"og:title\" content=\"Alum\u012bniju nesaturo\u0161a dzeram\u0101 soda 300g | Healthy Choice - Pure Nature\" \/>\n<meta property=\"og:description\" content=\"Healthy Choice dzeram\u0101 soda ir laboratoriski p\u0101rbaud\u012bta, augstas kvalit\u0101tes, bez alum\u012bnija, dzeram\u0101 soda jeb n\u0101trija bikarbon\u0101ts (NaHCO\u2083).\" \/>\n<meta property=\"og:url\" content=\"https:\/\/old.elusvali.ee\/lv\/produkts\/cepama-soda-bez-aluminija-300g-healthy-choice\/\" \/>\n<meta property=\"og:site_name\" content=\"Elusv&auml;li\" \/>\n<meta property=\"article:publisher\" content=\"https:\/\/www.facebook.com\/profile.php?id=100064131067985\" \/>\n<meta property=\"article:modified_time\" content=\"2025-06-27T12:25:08+00:00\" \/>\n<meta property=\"og:image\" content=\"https:\/\/old.elusvali.ee\/wp-content\/uploads\/2023\/07\/Alumiiniumivaba-sooda-Healthy-choice-Baksoda-baking-soda.jpg\" \/>\n\t<meta property=\"og:image:width\" content=\"1000\" \/>\n\t<meta property=\"og:image:height\" content=\"1000\" \/>\n\t<meta property=\"og:image:type\" content=\"image\/jpeg\" \/>\n<meta name=\"twitter:card\" content=\"summary_large_image\" \/>\n<meta name=\"twitter:label1\" content=\"Est. reading time\" \/>\n\t<meta name=\"twitter:data1\" content=\"4 minutes\" \/>\n<script type=\"application\/ld+json\" class=\"yoast-schema-graph\">{\"@context\":\"https:\/\/schema.org\",\"@graph\":[{\"@type\":\"WebPage\",\"@id\":\"https:\/\/old.elusvali.ee\/lv\/produkts\/cepama-soda-bez-aluminija-300g-healthy-choice\/\",\"url\":\"https:\/\/old.elusvali.ee\/lv\/produkts\/cepama-soda-bez-aluminija-300g-healthy-choice\/\",\"name\":\"Alum\u012bniju nesaturo\u0161a dzeram\u0101 soda 300g | Healthy Choice - Pure Nature\",\"isPartOf\":{\"@id\":\"https:\/\/old.elusvali.ee\/lv\/#website\"},\"primaryImageOfPage\":{\"@id\":\"https:\/\/old.elusvali.ee\/lv\/produkts\/cepama-soda-bez-aluminija-300g-healthy-choice\/#primaryimage\"},\"image\":{\"@id\":\"https:\/\/old.elusvali.ee\/lv\/produkts\/cepama-soda-bez-aluminija-300g-healthy-choice\/#primaryimage\"},\"thumbnailUrl\":\"https:\/\/old.elusvali.ee\/wp-content\/uploads\/2023\/07\/Alumiiniumivaba-sooda-Healthy-choice-Baksoda-baking-soda.jpg\",\"datePublished\":\"2022-06-29T04:31:37+00:00\",\"dateModified\":\"2025-06-27T12:25:08+00:00\",\"description\":\"Healthy Choice dzeram\u0101 soda ir laboratoriski p\u0101rbaud\u012bta, augstas kvalit\u0101tes, bez alum\u012bnija, dzeram\u0101 soda jeb n\u0101trija bikarbon\u0101ts (NaHCO\u2083).\",\"breadcrumb\":{\"@id\":\"https:\/\/old.elusvali.ee\/lv\/produkts\/cepama-soda-bez-aluminija-300g-healthy-choice\/#breadcrumb\"},\"inLanguage\":\"lv-LV\",\"potentialAction\":[{\"@type\":\"ReadAction\",\"target\":[\"https:\/\/old.elusvali.ee\/lv\/produkts\/cepama-soda-bez-aluminija-300g-healthy-choice\/\"]}]},{\"@type\":\"ImageObject\",\"inLanguage\":\"lv-LV\",\"@id\":\"https:\/\/old.elusvali.ee\/lv\/produkts\/cepama-soda-bez-aluminija-300g-healthy-choice\/#primaryimage\",\"url\":\"https:\/\/old.elusvali.ee\/wp-content\/uploads\/2023\/07\/Alumiiniumivaba-sooda-Healthy-choice-Baksoda-baking-soda.jpg\",\"contentUrl\":\"https:\/\/old.elusvali.ee\/wp-content\/uploads\/2023\/07\/Alumiiniumivaba-sooda-Healthy-choice-Baksoda-baking-soda.jpg\",\"width\":1000,\"height\":1000,\"caption\":\"Valgomoji soda\"},{\"@type\":\"BreadcrumbList\",\"@id\":\"https:\/\/old.elusvali.ee\/lv\/produkts\/cepama-soda-bez-aluminija-300g-healthy-choice\/#breadcrumb\",\"itemListElement\":[{\"@type\":\"ListItem\",\"position\":1,\"name\":\"Home\",\"item\":\"https:\/\/purenature.lv\/\"},{\"@type\":\"ListItem\",\"position\":2,\"name\":\"E-veikals\",\"item\":\"https:\/\/purenature.lv\/veikals\/\"},{\"@type\":\"ListItem\",\"position\":3,\"name\":\"Alum\u012bniju nesaturo\u0161a dzeram\u0101 soda 300g | Healthy Choice\"}]},{\"@type\":\"WebSite\",\"@id\":\"https:\/\/old.elusvali.ee\/lv\/#website\",\"url\":\"https:\/\/old.elusvali.ee\/lv\/\",\"name\":\"Elusv\u00e4li\",\"description\":\"Puhas k&ouml;&ouml;k ja koduapteek\",\"publisher\":{\"@id\":\"https:\/\/old.elusvali.ee\/lv\/#organization\"},\"potentialAction\":[{\"@type\":\"SearchAction\",\"target\":{\"@type\":\"EntryPoint\",\"urlTemplate\":\"https:\/\/old.elusvali.ee\/lv\/?s={search_term_string}\"},\"query-input\":{\"@type\":\"PropertyValueSpecification\",\"valueRequired\":true,\"valueName\":\"search_term_string\"}}],\"inLanguage\":\"lv-LV\"},{\"@type\":\"Organization\",\"@id\":\"https:\/\/old.elusvali.ee\/lv\/#organization\",\"name\":\"Elusv\u00e4li\",\"url\":\"https:\/\/old.elusvali.ee\/lv\/\",\"logo\":{\"@type\":\"ImageObject\",\"inLanguage\":\"lv-LV\",\"@id\":\"https:\/\/old.elusvali.ee\/lv\/#\/schema\/logo\/image\/\",\"url\":\"https:\/\/purenature.lt\/wp-content\/uploads\/2023\/07\/logo.png\",\"contentUrl\":\"https:\/\/purenature.lt\/wp-content\/uploads\/2023\/07\/logo.png\",\"width\":526,\"height\":146,\"caption\":\"Elusv\u00e4li\"},\"image\":{\"@id\":\"https:\/\/old.elusvali.ee\/lv\/#\/schema\/logo\/image\/\"},\"sameAs\":[\"https:\/\/www.facebook.com\/profile.php?id=100064131067985\",\"https:\/\/www.instagram.com\/elusvali\/\",\"https:\/\/www.youtube.com\/@elusvali2110\"]}]}<\/script>\n<!-- \/ Yoast SEO plugin. -->","yoast_head_json":{"title":"Alum\u012bniju nesaturo\u0161a dzeram\u0101 soda 300g | Healthy Choice - Pure Nature","description":"Healthy Choice dzeram\u0101 soda ir laboratoriski p\u0101rbaud\u012bta, augstas kvalit\u0101tes, bez alum\u012bnija, dzeram\u0101 soda jeb n\u0101trija bikarbon\u0101ts (NaHCO\u2083).","robots":{"index":"noindex","follow":"follow","max-snippet":"max-snippet:-1","max-image-preview":"max-image-preview:large","max-video-preview":"max-video-preview:-1"},"og_locale":"lv_LV","og_type":"article","og_title":"Alum\u012bniju nesaturo\u0161a dzeram\u0101 soda 300g | Healthy Choice - Pure Nature","og_description":"Healthy Choice dzeram\u0101 soda ir laboratoriski p\u0101rbaud\u012bta, augstas kvalit\u0101tes, bez alum\u012bnija, dzeram\u0101 soda jeb n\u0101trija bikarbon\u0101ts (NaHCO\u2083).","og_url":"https:\/\/old.elusvali.ee\/lv\/produkts\/cepama-soda-bez-aluminija-300g-healthy-choice\/","og_site_name":"Elusv&auml;li","article_publisher":"https:\/\/www.facebook.com\/profile.php?id=100064131067985","article_modified_time":"2025-06-27T12:25:08+00:00","og_image":[{"width":1000,"height":1000,"url":"https:\/\/old.elusvali.ee\/wp-content\/uploads\/2023\/07\/Alumiiniumivaba-sooda-Healthy-choice-Baksoda-baking-soda.jpg","type":"image\/jpeg"}],"twitter_card":"summary_large_image","twitter_misc":{"Est. reading time":"4 minutes"},"schema":{"@context":"https:\/\/schema.org","@graph":[{"@type":"WebPage","@id":"https:\/\/old.elusvali.ee\/lv\/produkts\/cepama-soda-bez-aluminija-300g-healthy-choice\/","url":"https:\/\/old.elusvali.ee\/lv\/produkts\/cepama-soda-bez-aluminija-300g-healthy-choice\/","name":"Alum\u012bniju nesaturo\u0161a dzeram\u0101 soda 300g | Healthy Choice - Pure Nature","isPartOf":{"@id":"https:\/\/old.elusvali.ee\/lv\/#website"},"primaryImageOfPage":{"@id":"https:\/\/old.elusvali.ee\/lv\/produkts\/cepama-soda-bez-aluminija-300g-healthy-choice\/#primaryimage"},"image":{"@id":"https:\/\/old.elusvali.ee\/lv\/produkts\/cepama-soda-bez-aluminija-300g-healthy-choice\/#primaryimage"},"thumbnailUrl":"https:\/\/old.elusvali.ee\/wp-content\/uploads\/2023\/07\/Alumiiniumivaba-sooda-Healthy-choice-Baksoda-baking-soda.jpg","datePublished":"2022-06-29T04:31:37+00:00","dateModified":"2025-06-27T12:25:08+00:00","description":"Healthy Choice dzeram\u0101 soda ir laboratoriski p\u0101rbaud\u012bta, augstas kvalit\u0101tes, bez alum\u012bnija, dzeram\u0101 soda jeb n\u0101trija bikarbon\u0101ts (NaHCO\u2083).","breadcrumb":{"@id":"https:\/\/old.elusvali.ee\/lv\/produkts\/cepama-soda-bez-aluminija-300g-healthy-choice\/#breadcrumb"},"inLanguage":"lv-LV","potentialAction":[{"@type":"ReadAction","target":["https:\/\/old.elusvali.ee\/lv\/produkts\/cepama-soda-bez-aluminija-300g-healthy-choice\/"]}]},{"@type":"ImageObject","inLanguage":"lv-LV","@id":"https:\/\/old.elusvali.ee\/lv\/produkts\/cepama-soda-bez-aluminija-300g-healthy-choice\/#primaryimage","url":"https:\/\/old.elusvali.ee\/wp-content\/uploads\/2023\/07\/Alumiiniumivaba-sooda-Healthy-choice-Baksoda-baking-soda.jpg","contentUrl":"https:\/\/old.elusvali.ee\/wp-content\/uploads\/2023\/07\/Alumiiniumivaba-sooda-Healthy-choice-Baksoda-baking-soda.jpg","width":1000,"height":1000,"caption":"Valgomoji soda"},{"@type":"BreadcrumbList","@id":"https:\/\/old.elusvali.ee\/lv\/produkts\/cepama-soda-bez-aluminija-300g-healthy-choice\/#breadcrumb","itemListElement":[{"@type":"ListItem","position":1,"name":"Home","item":"https:\/\/purenature.lv\/"},{"@type":"ListItem","position":2,"name":"E-veikals","item":"https:\/\/purenature.lv\/veikals\/"},{"@type":"ListItem","position":3,"name":"Alum\u012bniju nesaturo\u0161a dzeram\u0101 soda 300g | Healthy Choice"}]},{"@type":"WebSite","@id":"https:\/\/old.elusvali.ee\/lv\/#website","url":"https:\/\/old.elusvali.ee\/lv\/","name":"Elusv\u00e4li","description":"Puhas k&ouml;&ouml;k ja koduapteek","publisher":{"@id":"https:\/\/old.elusvali.ee\/lv\/#organization"},"potentialAction":[{"@type":"SearchAction","target":{"@type":"EntryPoint","urlTemplate":"https:\/\/old.elusvali.ee\/lv\/?s={search_term_string}"},"query-input":{"@type":"PropertyValueSpecification","valueRequired":true,"valueName":"search_term_string"}}],"inLanguage":"lv-LV"},{"@type":"Organization","@id":"https:\/\/old.elusvali.ee\/lv\/#organization","name":"Elusv\u00e4li","url":"https:\/\/old.elusvali.ee\/lv\/","logo":{"@type":"ImageObject","inLanguage":"lv-LV","@id":"https:\/\/old.elusvali.ee\/lv\/#\/schema\/logo\/image\/","url":"https:\/\/purenature.lt\/wp-content\/uploads\/2023\/07\/logo.png","contentUrl":"https:\/\/purenature.lt\/wp-content\/uploads\/2023\/07\/logo.png","width":526,"height":146,"caption":"Elusv\u00e4li"},"image":{"@id":"https:\/\/old.elusvali.ee\/lv\/#\/schema\/logo\/image\/"},"sameAs":["https:\/\/www.facebook.com\/profile.php?id=100064131067985","https:\/\/www.instagram.com\/elusvali\/","https:\/\/www.youtube.com\/@elusvali2110"]}]}},"_links":{"self":[{"href":"https:\/\/old.elusvali.ee\/lv\/wp-json\/wp\/v2\/product\/35962","targetHints":{"allow":["GET"]}}],"collection":[{"href":"https:\/\/old.elusvali.ee\/lv\/wp-json\/wp\/v2\/product"}],"about":[{"href":"https:\/\/old.elusvali.ee\/lv\/wp-json\/wp\/v2\/types\/product"}],"replies":[{"embeddable":true,"href":"https:\/\/old.elusvali.ee\/lv\/wp-json\/wp\/v2\/comments?post=35962"}],"version-history":[{"count":2,"href":"https:\/\/old.elusvali.ee\/lv\/wp-json\/wp\/v2\/product\/35962\/revisions"}],"predecessor-version":[{"id":67097,"href":"https:\/\/old.elusvali.ee\/lv\/wp-json\/wp\/v2\/product\/35962\/revisions\/67097"}],"wp:featuredmedia":[{"embeddable":true,"href":"https:\/\/old.elusvali.ee\/lv\/wp-json\/wp\/v2\/media\/32171"}],"wp:attachment":[{"href":"https:\/\/old.elusvali.ee\/lv\/wp-json\/wp\/v2\/media?parent=35962"}],"wp:term":[{"taxonomy":"product_brand","embeddable":true,"href":"https:\/\/old.elusvali.ee\/lv\/wp-json\/wp\/v2\/product_brand?post=35962"},{"taxonomy":"product_cat","embeddable":true,"href":"https:\/\/old.elusvali.ee\/lv\/wp-json\/wp\/v2\/product_cat?post=35962"},{"taxonomy":"product_tag","embeddable":true,"href":"https:\/\/old.elusvali.ee\/lv\/wp-json\/wp\/v2\/product_tag?post=35962"}],"curies":[{"name":"wp","href":"https:\/\/api.w.org\/{rel}","templated":true}]}}