{"id":35955,"date":"2023-01-26T12:49:57","date_gmt":"2023-01-26T10:49:57","guid":{"rendered":"https:\/\/old.elusvali.ee\/product\/biologiski-manioka-milti-1kg-greenest\/"},"modified":"2025-06-08T10:06:09","modified_gmt":"2025-06-08T07:06:09","slug":"biologiski-manioka-milti-1kg-greenest","status":"publish","type":"product","link":"https:\/\/old.elusvali.ee\/lv\/produkts\/biologiski-manioka-milti-1kg-greenest\/","title":{"rendered":"Organiski Kasavas milti 1kg | Greenest"},"content":{"rendered":"<p>L\u012bdz\u012bgi k\u0101 kartupe\u013ci Igaunij\u0101 ir pamatbar\u012bba, ar\u012b kasava jeb maniokas sakne ir pamatbar\u012bba Dienvidamerik\u0101, \u0100zij\u0101 un \u0100frik\u0101. Augstais kaloriju saturs un nekait\u012bgais (bez lipek\u013ca) sast\u0101vs padara to par labu ikdienas p\u0101rtiku.<\/p>\n<p>Cepumos maniokas milti ir l\u012bdz\u012bgi k\u0101 kvie\u0161u milti, pie\u0161\u0137irot neitr\u0101lu graudainu konsistenci. Kasavas milti ir lielisks pal\u012bgs virtuv\u0113, ja v\u0113laties pagatavot \u0113dienus bez lipek\u013ca. Kasavas milti nesatur lipekli, graudus un riekstus.<\/p>\n<p>Kasavas miltus un tapiokas cieti ieg\u016bst no viena un t\u0101 pa\u0161a maniokas auga, ta\u010du to ra\u017eo\u0161anas process ir at\u0161\u0137ir\u012bgs.<\/p>\n<ul>\n<li>Bezglut\u0113na alternat\u012bva cep\u0161anai<\/li>\n<li>Nesatur riekstus<\/li>\n<li>Piem\u0113roti konditorejas izstr\u0101d\u0101jumiem<\/li>\n<li>Neitr\u0101la gar\u0161a<\/li>\n<li>Ieg\u016bti kontrol\u0113t\u0101 biolo\u0123iskaj\u0101 lauksaimniec\u012bb\u0101<\/li>\n<\/ul>\n<p>Ja nekad iepriek\u0161 neesat izmantojis maniokas miltus un nezin\u0101t, ko ar tiem dar\u012bt, iesak\u0101m izm\u0113\u0123in\u0101t \u0161o vienk\u0101r\u0161o it\u0101\u013cu makaronu <a href=\"https:\/\/purenature.lv\/?p=28948\"><em>foka\u010das <\/em><\/a>recepti.<\/p>\n","protected":false},"excerpt":{"rendered":"<p>Kasavas milti nesatur lipekli, graudus un riekstus. Cepamajos izstr\u0101d\u0101jumos maniokas milti izturas l\u012bdz\u012bgi k\u0101 kvie\u0161u milti. Tiem ir neitr\u0101la un smalka tekst\u016bra.<\/p>\n<p>Maniokas milti ir lielisks pal\u012bgs virtuv\u0113, ja v\u0113laties gatavot bezglut\u0113na \u0113dienus.<\/p>\n","protected":false},"featured_media":32233,"comment_status":"open","ping_status":"closed","template":"","meta":{"_acf_changed":false},"product_brand":[],"product_cat":[442,459],"product_tag":[],"class_list":{"0":"post-35955","1":"product","2":"type-product","3":"status-publish","4":"has-post-thumbnail","6":"product_cat-majas-virtuve","7":"product_cat-sausie-izstradajumi","9":"first","10":"outofstock","11":"taxable","12":"shipping-taxable","13":"purchasable","14":"product-type-simple"},"acf":[],"yoast_head":"<!-- This site is optimized with the Yoast SEO plugin v25.3.1 - https:\/\/yoast.com\/wordpress\/plugins\/seo\/ -->\n<title>Organiski Kasavas milti 1kg | Greenest - Pure Nature<\/title>\n<meta name=\"robots\" content=\"noindex, follow, max-snippet:-1, max-image-preview:large, max-video-preview:-1\" \/>\n<meta property=\"og:locale\" content=\"lv_LV\" \/>\n<meta property=\"og:type\" content=\"article\" \/>\n<meta property=\"og:title\" content=\"Organiski Kasavas milti 1kg | Greenest - Pure Nature\" \/>\n<meta property=\"og:description\" content=\"Kasavas milti nesatur lipekli, graudus un riekstus. Cepamajos izstr\u0101d\u0101jumos maniokas milti izturas l\u012bdz\u012bgi k\u0101 kvie\u0161u milti. Tiem ir neitr\u0101la un smalka tekst\u016bra.  Maniokas milti ir lielisks pal\u012bgs virtuv\u0113, ja v\u0113laties gatavot bezglut\u0113na \u0113dienus.\" \/>\n<meta property=\"og:url\" content=\"https:\/\/old.elusvali.ee\/lv\/produkts\/biologiski-manioka-milti-1kg-greenest\/\" \/>\n<meta property=\"og:site_name\" content=\"Elusv&auml;li\" \/>\n<meta property=\"article:publisher\" content=\"https:\/\/www.facebook.com\/profile.php?id=100064131067985\" \/>\n<meta property=\"article:modified_time\" content=\"2025-06-08T07:06:09+00:00\" \/>\n<meta property=\"og:image\" content=\"https:\/\/old.elusvali.ee\/wp-content\/uploads\/2023\/07\/Cassava-jahu-1kg.jpg\" \/>\n\t<meta property=\"og:image:width\" content=\"1500\" \/>\n\t<meta property=\"og:image:height\" content=\"1500\" \/>\n\t<meta property=\"og:image:type\" content=\"image\/jpeg\" \/>\n<meta name=\"twitter:card\" content=\"summary_large_image\" \/>\n<meta name=\"twitter:label1\" content=\"Est. reading time\" \/>\n\t<meta name=\"twitter:data1\" content=\"1 minute\" \/>\n<script type=\"application\/ld+json\" class=\"yoast-schema-graph\">{\"@context\":\"https:\/\/schema.org\",\"@graph\":[{\"@type\":\"WebPage\",\"@id\":\"https:\/\/old.elusvali.ee\/lv\/produkts\/biologiski-manioka-milti-1kg-greenest\/\",\"url\":\"https:\/\/old.elusvali.ee\/lv\/produkts\/biologiski-manioka-milti-1kg-greenest\/\",\"name\":\"Organiski Kasavas milti 1kg | Greenest - Pure Nature\",\"isPartOf\":{\"@id\":\"https:\/\/old.elusvali.ee\/lv\/#website\"},\"primaryImageOfPage\":{\"@id\":\"https:\/\/old.elusvali.ee\/lv\/produkts\/biologiski-manioka-milti-1kg-greenest\/#primaryimage\"},\"image\":{\"@id\":\"https:\/\/old.elusvali.ee\/lv\/produkts\/biologiski-manioka-milti-1kg-greenest\/#primaryimage\"},\"thumbnailUrl\":\"https:\/\/old.elusvali.ee\/wp-content\/uploads\/2023\/07\/Cassava-jahu-1kg.jpg\",\"datePublished\":\"2023-01-26T10:49:57+00:00\",\"dateModified\":\"2025-06-08T07:06:09+00:00\",\"breadcrumb\":{\"@id\":\"https:\/\/old.elusvali.ee\/lv\/produkts\/biologiski-manioka-milti-1kg-greenest\/#breadcrumb\"},\"inLanguage\":\"lv-LV\",\"potentialAction\":[{\"@type\":\"ReadAction\",\"target\":[\"https:\/\/old.elusvali.ee\/lv\/produkts\/biologiski-manioka-milti-1kg-greenest\/\"]}]},{\"@type\":\"ImageObject\",\"inLanguage\":\"lv-LV\",\"@id\":\"https:\/\/old.elusvali.ee\/lv\/produkts\/biologiski-manioka-milti-1kg-greenest\/#primaryimage\",\"url\":\"https:\/\/old.elusvali.ee\/wp-content\/uploads\/2023\/07\/Cassava-jahu-1kg.jpg\",\"contentUrl\":\"https:\/\/old.elusvali.ee\/wp-content\/uploads\/2023\/07\/Cassava-jahu-1kg.jpg\",\"width\":1500,\"height\":1500,\"caption\":\"Ekologiski manioko miltai\"},{\"@type\":\"BreadcrumbList\",\"@id\":\"https:\/\/old.elusvali.ee\/lv\/produkts\/biologiski-manioka-milti-1kg-greenest\/#breadcrumb\",\"itemListElement\":[{\"@type\":\"ListItem\",\"position\":1,\"name\":\"Home\",\"item\":\"https:\/\/purenature.lv\/\"},{\"@type\":\"ListItem\",\"position\":2,\"name\":\"E-veikals\",\"item\":\"https:\/\/purenature.lv\/veikals\/\"},{\"@type\":\"ListItem\",\"position\":3,\"name\":\"Organiski Kasavas milti 1kg | Greenest\"}]},{\"@type\":\"WebSite\",\"@id\":\"https:\/\/old.elusvali.ee\/lv\/#website\",\"url\":\"https:\/\/old.elusvali.ee\/lv\/\",\"name\":\"Elusv\u00e4li\",\"description\":\"Puhas k&ouml;&ouml;k ja koduapteek\",\"publisher\":{\"@id\":\"https:\/\/old.elusvali.ee\/lv\/#organization\"},\"potentialAction\":[{\"@type\":\"SearchAction\",\"target\":{\"@type\":\"EntryPoint\",\"urlTemplate\":\"https:\/\/old.elusvali.ee\/lv\/?s={search_term_string}\"},\"query-input\":{\"@type\":\"PropertyValueSpecification\",\"valueRequired\":true,\"valueName\":\"search_term_string\"}}],\"inLanguage\":\"lv-LV\"},{\"@type\":\"Organization\",\"@id\":\"https:\/\/old.elusvali.ee\/lv\/#organization\",\"name\":\"Elusv\u00e4li\",\"url\":\"https:\/\/old.elusvali.ee\/lv\/\",\"logo\":{\"@type\":\"ImageObject\",\"inLanguage\":\"lv-LV\",\"@id\":\"https:\/\/old.elusvali.ee\/lv\/#\/schema\/logo\/image\/\",\"url\":\"https:\/\/purenature.lt\/wp-content\/uploads\/2023\/07\/logo.png\",\"contentUrl\":\"https:\/\/purenature.lt\/wp-content\/uploads\/2023\/07\/logo.png\",\"width\":526,\"height\":146,\"caption\":\"Elusv\u00e4li\"},\"image\":{\"@id\":\"https:\/\/old.elusvali.ee\/lv\/#\/schema\/logo\/image\/\"},\"sameAs\":[\"https:\/\/www.facebook.com\/profile.php?id=100064131067985\",\"https:\/\/www.instagram.com\/elusvali\/\",\"https:\/\/www.youtube.com\/@elusvali2110\"]}]}<\/script>\n<!-- \/ Yoast SEO plugin. -->","yoast_head_json":{"title":"Organiski Kasavas milti 1kg | Greenest - Pure Nature","robots":{"index":"noindex","follow":"follow","max-snippet":"max-snippet:-1","max-image-preview":"max-image-preview:large","max-video-preview":"max-video-preview:-1"},"og_locale":"lv_LV","og_type":"article","og_title":"Organiski Kasavas milti 1kg | Greenest - Pure Nature","og_description":"Kasavas milti nesatur lipekli, graudus un riekstus. Cepamajos izstr\u0101d\u0101jumos maniokas milti izturas l\u012bdz\u012bgi k\u0101 kvie\u0161u milti. Tiem ir neitr\u0101la un smalka tekst\u016bra.  Maniokas milti ir lielisks pal\u012bgs virtuv\u0113, ja v\u0113laties gatavot bezglut\u0113na \u0113dienus.","og_url":"https:\/\/old.elusvali.ee\/lv\/produkts\/biologiski-manioka-milti-1kg-greenest\/","og_site_name":"Elusv&auml;li","article_publisher":"https:\/\/www.facebook.com\/profile.php?id=100064131067985","article_modified_time":"2025-06-08T07:06:09+00:00","og_image":[{"width":1500,"height":1500,"url":"https:\/\/old.elusvali.ee\/wp-content\/uploads\/2023\/07\/Cassava-jahu-1kg.jpg","type":"image\/jpeg"}],"twitter_card":"summary_large_image","twitter_misc":{"Est. reading time":"1 minute"},"schema":{"@context":"https:\/\/schema.org","@graph":[{"@type":"WebPage","@id":"https:\/\/old.elusvali.ee\/lv\/produkts\/biologiski-manioka-milti-1kg-greenest\/","url":"https:\/\/old.elusvali.ee\/lv\/produkts\/biologiski-manioka-milti-1kg-greenest\/","name":"Organiski Kasavas milti 1kg | Greenest - Pure Nature","isPartOf":{"@id":"https:\/\/old.elusvali.ee\/lv\/#website"},"primaryImageOfPage":{"@id":"https:\/\/old.elusvali.ee\/lv\/produkts\/biologiski-manioka-milti-1kg-greenest\/#primaryimage"},"image":{"@id":"https:\/\/old.elusvali.ee\/lv\/produkts\/biologiski-manioka-milti-1kg-greenest\/#primaryimage"},"thumbnailUrl":"https:\/\/old.elusvali.ee\/wp-content\/uploads\/2023\/07\/Cassava-jahu-1kg.jpg","datePublished":"2023-01-26T10:49:57+00:00","dateModified":"2025-06-08T07:06:09+00:00","breadcrumb":{"@id":"https:\/\/old.elusvali.ee\/lv\/produkts\/biologiski-manioka-milti-1kg-greenest\/#breadcrumb"},"inLanguage":"lv-LV","potentialAction":[{"@type":"ReadAction","target":["https:\/\/old.elusvali.ee\/lv\/produkts\/biologiski-manioka-milti-1kg-greenest\/"]}]},{"@type":"ImageObject","inLanguage":"lv-LV","@id":"https:\/\/old.elusvali.ee\/lv\/produkts\/biologiski-manioka-milti-1kg-greenest\/#primaryimage","url":"https:\/\/old.elusvali.ee\/wp-content\/uploads\/2023\/07\/Cassava-jahu-1kg.jpg","contentUrl":"https:\/\/old.elusvali.ee\/wp-content\/uploads\/2023\/07\/Cassava-jahu-1kg.jpg","width":1500,"height":1500,"caption":"Ekologiski manioko miltai"},{"@type":"BreadcrumbList","@id":"https:\/\/old.elusvali.ee\/lv\/produkts\/biologiski-manioka-milti-1kg-greenest\/#breadcrumb","itemListElement":[{"@type":"ListItem","position":1,"name":"Home","item":"https:\/\/purenature.lv\/"},{"@type":"ListItem","position":2,"name":"E-veikals","item":"https:\/\/purenature.lv\/veikals\/"},{"@type":"ListItem","position":3,"name":"Organiski Kasavas milti 1kg | Greenest"}]},{"@type":"WebSite","@id":"https:\/\/old.elusvali.ee\/lv\/#website","url":"https:\/\/old.elusvali.ee\/lv\/","name":"Elusv\u00e4li","description":"Puhas k&ouml;&ouml;k ja koduapteek","publisher":{"@id":"https:\/\/old.elusvali.ee\/lv\/#organization"},"potentialAction":[{"@type":"SearchAction","target":{"@type":"EntryPoint","urlTemplate":"https:\/\/old.elusvali.ee\/lv\/?s={search_term_string}"},"query-input":{"@type":"PropertyValueSpecification","valueRequired":true,"valueName":"search_term_string"}}],"inLanguage":"lv-LV"},{"@type":"Organization","@id":"https:\/\/old.elusvali.ee\/lv\/#organization","name":"Elusv\u00e4li","url":"https:\/\/old.elusvali.ee\/lv\/","logo":{"@type":"ImageObject","inLanguage":"lv-LV","@id":"https:\/\/old.elusvali.ee\/lv\/#\/schema\/logo\/image\/","url":"https:\/\/purenature.lt\/wp-content\/uploads\/2023\/07\/logo.png","contentUrl":"https:\/\/purenature.lt\/wp-content\/uploads\/2023\/07\/logo.png","width":526,"height":146,"caption":"Elusv\u00e4li"},"image":{"@id":"https:\/\/old.elusvali.ee\/lv\/#\/schema\/logo\/image\/"},"sameAs":["https:\/\/www.facebook.com\/profile.php?id=100064131067985","https:\/\/www.instagram.com\/elusvali\/","https:\/\/www.youtube.com\/@elusvali2110"]}]}},"_links":{"self":[{"href":"https:\/\/old.elusvali.ee\/lv\/wp-json\/wp\/v2\/product\/35955","targetHints":{"allow":["GET"]}}],"collection":[{"href":"https:\/\/old.elusvali.ee\/lv\/wp-json\/wp\/v2\/product"}],"about":[{"href":"https:\/\/old.elusvali.ee\/lv\/wp-json\/wp\/v2\/types\/product"}],"replies":[{"embeddable":true,"href":"https:\/\/old.elusvali.ee\/lv\/wp-json\/wp\/v2\/comments?post=35955"}],"version-history":[{"count":3,"href":"https:\/\/old.elusvali.ee\/lv\/wp-json\/wp\/v2\/product\/35955\/revisions"}],"predecessor-version":[{"id":66948,"href":"https:\/\/old.elusvali.ee\/lv\/wp-json\/wp\/v2\/product\/35955\/revisions\/66948"}],"wp:featuredmedia":[{"embeddable":true,"href":"https:\/\/old.elusvali.ee\/lv\/wp-json\/wp\/v2\/media\/32233"}],"wp:attachment":[{"href":"https:\/\/old.elusvali.ee\/lv\/wp-json\/wp\/v2\/media?parent=35955"}],"wp:term":[{"taxonomy":"product_brand","embeddable":true,"href":"https:\/\/old.elusvali.ee\/lv\/wp-json\/wp\/v2\/product_brand?post=35955"},{"taxonomy":"product_cat","embeddable":true,"href":"https:\/\/old.elusvali.ee\/lv\/wp-json\/wp\/v2\/product_cat?post=35955"},{"taxonomy":"product_tag","embeddable":true,"href":"https:\/\/old.elusvali.ee\/lv\/wp-json\/wp\/v2\/product_tag?post=35955"}],"curies":[{"name":"wp","href":"https:\/\/api.w.org\/{rel}","templated":true}]}}