{"id":35954,"date":"2022-12-14T07:49:56","date_gmt":"2022-12-14T05:49:56","guid":{"rendered":"https:\/\/old.elusvali.ee\/product\/organiskais-auzu-dzeriens-bez-lipekla-1l-natumi\/"},"modified":"2025-05-27T12:44:16","modified_gmt":"2025-05-27T09:44:16","slug":"organiskais-auzu-dzeriens-bez-lipekla-1l-natumi","status":"publish","type":"product","link":"https:\/\/old.elusvali.ee\/lv\/produkts\/organiskais-auzu-dzeriens-bez-lipekla-1l-natumi\/","title":{"rendered":"Organiskais auzu dz\u0113riens bez glut\u0113na 1l | Natumi"},"content":{"rendered":"<h2>Organiskais auzu dz\u0113riens bez glut\u0113na 1l<\/h2>\n<p>Ja apl\u016bkojam visas augu izcelsmes piena produktu iesp\u0113jas, piem\u0113ram, r\u012bsu dz\u0113rienu, sojas dz\u0113rienu, mande\u013cu dz\u0113rienu, Indijas riekstu dz\u0113rienu, r\u012bsu-kokoksriekstu dz\u0113rienu un auzu dz\u0113rienu, tad auzu dz\u0113riens ir viens no videi draudz\u012bg\u0101kajiem. Neliel\u0101 sald\u016bdens pat\u0113ri\u0146a un sal\u012bdzino\u0161i viet\u0113jo resursu d\u0113\u013c auzu \u016bdens ir laba videi draudz\u012bga alternat\u012bva pienam.<\/p>\n<p>No vesel\u012bbas viedok\u013ca auzu dz\u0113riens, kas pagatavots no organisk\u0101m bezglut\u0113na auzu p\u0101rsl\u0101m, neap\u0161aub\u0101mi ir viens no lab\u0101kajiem. Turkl\u0101t \u0161is auzu dz\u0113riens nesatur ne rap\u0161u e\u013c\u013cu, ne p\u0101rtikas s\u0101li. T\u0101 viet\u0101 tiek izmantots neliels daudzums saulespu\u0137u e\u013c\u013cas un j\u016bras s\u0101ls. Produktam nav pievienots cukurs un sint\u0113tiskas piedevas vai konservanti.<\/p>\n<p>Auzu dz\u0113rienu, t\u0101pat k\u0101 parasto govs pienu, var izmantot gandr\u012bz jebkuram m\u0113r\u0137im.<\/p>\n<p>&nbsp;<\/p>\n","protected":false},"excerpt":{"rendered":"<p>Bezglut\u0113na auzu dz\u0113riens (saukts ar\u012b par auzu pienu) ir dz\u0113riens, kas gatavots no bezglut\u0113na auzu p\u0101rsl\u0101m un tiek izmantots k\u0101 augu izcelsmes piena aizst\u0101j\u0113js.<\/p>\n<p>Auzu dz\u0113rienu var izmantot gandr\u012bz visiem tiem pa\u0161iem m\u0113r\u0137iem k\u0101 parasto govs pienu, piem\u0113ram, da\u017e\u0101du konditorejas izstr\u0101d\u0101jumu pagatavo\u0161anai, lejot pie karstiem dz\u0113rieniem, gatavojot koktei\u013cus un ban\u0101nu sald\u0113jumu utt.<\/p>\n<p>&nbsp;<\/p>\n","protected":false},"featured_media":66328,"comment_status":"open","ping_status":"closed","template":"","meta":{"_acf_changed":false},"product_brand":[],"product_cat":[458,442],"product_tag":[],"class_list":{"0":"post-35954","1":"product","2":"type-product","3":"status-publish","4":"has-post-thumbnail","6":"product_cat-dzerieni","7":"product_cat-majas-virtuve","9":"first","10":"instock","11":"taxable","12":"shipping-taxable","13":"purchasable","14":"product-type-simple"},"acf":[],"yoast_head":"<!-- This site is optimized with the Yoast SEO plugin v25.3.1 - https:\/\/yoast.com\/wordpress\/plugins\/seo\/ -->\n<title>Organiskais auzu dz\u0113riens bez glut\u0113na 1l | Natumi - Pure Nature<\/title>\n<meta name=\"robots\" content=\"noindex, follow, max-snippet:-1, max-image-preview:large, max-video-preview:-1\" \/>\n<meta property=\"og:locale\" content=\"lv_LV\" \/>\n<meta property=\"og:type\" content=\"article\" \/>\n<meta property=\"og:title\" content=\"Organiskais auzu dz\u0113riens bez glut\u0113na 1l | Natumi - Pure Nature\" \/>\n<meta property=\"og:description\" content=\"Bezglut\u0113na auzu dz\u0113riens (saukts ar\u012b par auzu pienu) ir dz\u0113riens, kas gatavots no bezglut\u0113na auzu p\u0101rsl\u0101m un tiek izmantots k\u0101 augu izcelsmes piena aizst\u0101j\u0113js.  Auzu dz\u0113rienu var izmantot gandr\u012bz visiem tiem pa\u0161iem m\u0113r\u0137iem k\u0101 parasto govs pienu, piem\u0113ram, da\u017e\u0101du konditorejas izstr\u0101d\u0101jumu pagatavo\u0161anai, lejot pie karstiem dz\u0113rieniem, gatavojot koktei\u013cus un ban\u0101nu sald\u0113jumu utt.  &nbsp;\" \/>\n<meta property=\"og:url\" content=\"https:\/\/old.elusvali.ee\/lv\/produkts\/organiskais-auzu-dzeriens-bez-lipekla-1l-natumi\/\" \/>\n<meta property=\"og:site_name\" content=\"Elusv&auml;li\" \/>\n<meta property=\"article:publisher\" content=\"https:\/\/www.facebook.com\/profile.php?id=100064131067985\" \/>\n<meta property=\"article:modified_time\" content=\"2025-05-27T09:44:16+00:00\" \/>\n<meta property=\"og:image\" content=\"https:\/\/old.elusvali.ee\/wp-content\/uploads\/2022\/12\/Kaerapiim-natumi-gluteenivaba-mahe.png\" \/>\n\t<meta property=\"og:image:width\" content=\"1080\" \/>\n\t<meta property=\"og:image:height\" content=\"1080\" \/>\n\t<meta property=\"og:image:type\" content=\"image\/png\" \/>\n<meta name=\"twitter:card\" content=\"summary_large_image\" \/>\n<meta name=\"twitter:label1\" content=\"Est. reading time\" \/>\n\t<meta name=\"twitter:data1\" content=\"1 minute\" \/>\n<script type=\"application\/ld+json\" class=\"yoast-schema-graph\">{\"@context\":\"https:\/\/schema.org\",\"@graph\":[{\"@type\":\"WebPage\",\"@id\":\"https:\/\/old.elusvali.ee\/lv\/produkts\/organiskais-auzu-dzeriens-bez-lipekla-1l-natumi\/\",\"url\":\"https:\/\/old.elusvali.ee\/lv\/produkts\/organiskais-auzu-dzeriens-bez-lipekla-1l-natumi\/\",\"name\":\"Organiskais auzu dz\u0113riens bez glut\u0113na 1l | Natumi - Pure Nature\",\"isPartOf\":{\"@id\":\"https:\/\/old.elusvali.ee\/lv\/#website\"},\"primaryImageOfPage\":{\"@id\":\"https:\/\/old.elusvali.ee\/lv\/produkts\/organiskais-auzu-dzeriens-bez-lipekla-1l-natumi\/#primaryimage\"},\"image\":{\"@id\":\"https:\/\/old.elusvali.ee\/lv\/produkts\/organiskais-auzu-dzeriens-bez-lipekla-1l-natumi\/#primaryimage\"},\"thumbnailUrl\":\"https:\/\/old.elusvali.ee\/wp-content\/uploads\/2022\/12\/Kaerapiim-natumi-gluteenivaba-mahe.png\",\"datePublished\":\"2022-12-14T05:49:56+00:00\",\"dateModified\":\"2025-05-27T09:44:16+00:00\",\"breadcrumb\":{\"@id\":\"https:\/\/old.elusvali.ee\/lv\/produkts\/organiskais-auzu-dzeriens-bez-lipekla-1l-natumi\/#breadcrumb\"},\"inLanguage\":\"lv-LV\",\"potentialAction\":[{\"@type\":\"ReadAction\",\"target\":[\"https:\/\/old.elusvali.ee\/lv\/produkts\/organiskais-auzu-dzeriens-bez-lipekla-1l-natumi\/\"]}]},{\"@type\":\"ImageObject\",\"inLanguage\":\"lv-LV\",\"@id\":\"https:\/\/old.elusvali.ee\/lv\/produkts\/organiskais-auzu-dzeriens-bez-lipekla-1l-natumi\/#primaryimage\",\"url\":\"https:\/\/old.elusvali.ee\/wp-content\/uploads\/2022\/12\/Kaerapiim-natumi-gluteenivaba-mahe.png\",\"contentUrl\":\"https:\/\/old.elusvali.ee\/wp-content\/uploads\/2022\/12\/Kaerapiim-natumi-gluteenivaba-mahe.png\",\"width\":1080,\"height\":1080},{\"@type\":\"BreadcrumbList\",\"@id\":\"https:\/\/old.elusvali.ee\/lv\/produkts\/organiskais-auzu-dzeriens-bez-lipekla-1l-natumi\/#breadcrumb\",\"itemListElement\":[{\"@type\":\"ListItem\",\"position\":1,\"name\":\"Home\",\"item\":\"https:\/\/purenature.lv\/\"},{\"@type\":\"ListItem\",\"position\":2,\"name\":\"E-veikals\",\"item\":\"https:\/\/purenature.lv\/veikals\/\"},{\"@type\":\"ListItem\",\"position\":3,\"name\":\"Organiskais auzu dz\u0113riens bez glut\u0113na 1l | Natumi\"}]},{\"@type\":\"WebSite\",\"@id\":\"https:\/\/old.elusvali.ee\/lv\/#website\",\"url\":\"https:\/\/old.elusvali.ee\/lv\/\",\"name\":\"Elusv\u00e4li\",\"description\":\"Puhas k&ouml;&ouml;k ja koduapteek\",\"publisher\":{\"@id\":\"https:\/\/old.elusvali.ee\/lv\/#organization\"},\"potentialAction\":[{\"@type\":\"SearchAction\",\"target\":{\"@type\":\"EntryPoint\",\"urlTemplate\":\"https:\/\/old.elusvali.ee\/lv\/?s={search_term_string}\"},\"query-input\":{\"@type\":\"PropertyValueSpecification\",\"valueRequired\":true,\"valueName\":\"search_term_string\"}}],\"inLanguage\":\"lv-LV\"},{\"@type\":\"Organization\",\"@id\":\"https:\/\/old.elusvali.ee\/lv\/#organization\",\"name\":\"Elusv\u00e4li\",\"url\":\"https:\/\/old.elusvali.ee\/lv\/\",\"logo\":{\"@type\":\"ImageObject\",\"inLanguage\":\"lv-LV\",\"@id\":\"https:\/\/old.elusvali.ee\/lv\/#\/schema\/logo\/image\/\",\"url\":\"https:\/\/purenature.lt\/wp-content\/uploads\/2023\/07\/logo.png\",\"contentUrl\":\"https:\/\/purenature.lt\/wp-content\/uploads\/2023\/07\/logo.png\",\"width\":526,\"height\":146,\"caption\":\"Elusv\u00e4li\"},\"image\":{\"@id\":\"https:\/\/old.elusvali.ee\/lv\/#\/schema\/logo\/image\/\"},\"sameAs\":[\"https:\/\/www.facebook.com\/profile.php?id=100064131067985\",\"https:\/\/www.instagram.com\/elusvali\/\",\"https:\/\/www.youtube.com\/@elusvali2110\"]}]}<\/script>\n<!-- \/ Yoast SEO plugin. -->","yoast_head_json":{"title":"Organiskais auzu dz\u0113riens bez glut\u0113na 1l | Natumi - Pure Nature","robots":{"index":"noindex","follow":"follow","max-snippet":"max-snippet:-1","max-image-preview":"max-image-preview:large","max-video-preview":"max-video-preview:-1"},"og_locale":"lv_LV","og_type":"article","og_title":"Organiskais auzu dz\u0113riens bez glut\u0113na 1l | Natumi - Pure Nature","og_description":"Bezglut\u0113na auzu dz\u0113riens (saukts ar\u012b par auzu pienu) ir dz\u0113riens, kas gatavots no bezglut\u0113na auzu p\u0101rsl\u0101m un tiek izmantots k\u0101 augu izcelsmes piena aizst\u0101j\u0113js.  Auzu dz\u0113rienu var izmantot gandr\u012bz visiem tiem pa\u0161iem m\u0113r\u0137iem k\u0101 parasto govs pienu, piem\u0113ram, da\u017e\u0101du konditorejas izstr\u0101d\u0101jumu pagatavo\u0161anai, lejot pie karstiem dz\u0113rieniem, gatavojot koktei\u013cus un ban\u0101nu sald\u0113jumu utt.  &nbsp;","og_url":"https:\/\/old.elusvali.ee\/lv\/produkts\/organiskais-auzu-dzeriens-bez-lipekla-1l-natumi\/","og_site_name":"Elusv&auml;li","article_publisher":"https:\/\/www.facebook.com\/profile.php?id=100064131067985","article_modified_time":"2025-05-27T09:44:16+00:00","og_image":[{"width":1080,"height":1080,"url":"https:\/\/old.elusvali.ee\/wp-content\/uploads\/2022\/12\/Kaerapiim-natumi-gluteenivaba-mahe.png","type":"image\/png"}],"twitter_card":"summary_large_image","twitter_misc":{"Est. reading time":"1 minute"},"schema":{"@context":"https:\/\/schema.org","@graph":[{"@type":"WebPage","@id":"https:\/\/old.elusvali.ee\/lv\/produkts\/organiskais-auzu-dzeriens-bez-lipekla-1l-natumi\/","url":"https:\/\/old.elusvali.ee\/lv\/produkts\/organiskais-auzu-dzeriens-bez-lipekla-1l-natumi\/","name":"Organiskais auzu dz\u0113riens bez glut\u0113na 1l | Natumi - Pure Nature","isPartOf":{"@id":"https:\/\/old.elusvali.ee\/lv\/#website"},"primaryImageOfPage":{"@id":"https:\/\/old.elusvali.ee\/lv\/produkts\/organiskais-auzu-dzeriens-bez-lipekla-1l-natumi\/#primaryimage"},"image":{"@id":"https:\/\/old.elusvali.ee\/lv\/produkts\/organiskais-auzu-dzeriens-bez-lipekla-1l-natumi\/#primaryimage"},"thumbnailUrl":"https:\/\/old.elusvali.ee\/wp-content\/uploads\/2022\/12\/Kaerapiim-natumi-gluteenivaba-mahe.png","datePublished":"2022-12-14T05:49:56+00:00","dateModified":"2025-05-27T09:44:16+00:00","breadcrumb":{"@id":"https:\/\/old.elusvali.ee\/lv\/produkts\/organiskais-auzu-dzeriens-bez-lipekla-1l-natumi\/#breadcrumb"},"inLanguage":"lv-LV","potentialAction":[{"@type":"ReadAction","target":["https:\/\/old.elusvali.ee\/lv\/produkts\/organiskais-auzu-dzeriens-bez-lipekla-1l-natumi\/"]}]},{"@type":"ImageObject","inLanguage":"lv-LV","@id":"https:\/\/old.elusvali.ee\/lv\/produkts\/organiskais-auzu-dzeriens-bez-lipekla-1l-natumi\/#primaryimage","url":"https:\/\/old.elusvali.ee\/wp-content\/uploads\/2022\/12\/Kaerapiim-natumi-gluteenivaba-mahe.png","contentUrl":"https:\/\/old.elusvali.ee\/wp-content\/uploads\/2022\/12\/Kaerapiim-natumi-gluteenivaba-mahe.png","width":1080,"height":1080},{"@type":"BreadcrumbList","@id":"https:\/\/old.elusvali.ee\/lv\/produkts\/organiskais-auzu-dzeriens-bez-lipekla-1l-natumi\/#breadcrumb","itemListElement":[{"@type":"ListItem","position":1,"name":"Home","item":"https:\/\/purenature.lv\/"},{"@type":"ListItem","position":2,"name":"E-veikals","item":"https:\/\/purenature.lv\/veikals\/"},{"@type":"ListItem","position":3,"name":"Organiskais auzu dz\u0113riens bez glut\u0113na 1l | Natumi"}]},{"@type":"WebSite","@id":"https:\/\/old.elusvali.ee\/lv\/#website","url":"https:\/\/old.elusvali.ee\/lv\/","name":"Elusv\u00e4li","description":"Puhas k&ouml;&ouml;k ja koduapteek","publisher":{"@id":"https:\/\/old.elusvali.ee\/lv\/#organization"},"potentialAction":[{"@type":"SearchAction","target":{"@type":"EntryPoint","urlTemplate":"https:\/\/old.elusvali.ee\/lv\/?s={search_term_string}"},"query-input":{"@type":"PropertyValueSpecification","valueRequired":true,"valueName":"search_term_string"}}],"inLanguage":"lv-LV"},{"@type":"Organization","@id":"https:\/\/old.elusvali.ee\/lv\/#organization","name":"Elusv\u00e4li","url":"https:\/\/old.elusvali.ee\/lv\/","logo":{"@type":"ImageObject","inLanguage":"lv-LV","@id":"https:\/\/old.elusvali.ee\/lv\/#\/schema\/logo\/image\/","url":"https:\/\/purenature.lt\/wp-content\/uploads\/2023\/07\/logo.png","contentUrl":"https:\/\/purenature.lt\/wp-content\/uploads\/2023\/07\/logo.png","width":526,"height":146,"caption":"Elusv\u00e4li"},"image":{"@id":"https:\/\/old.elusvali.ee\/lv\/#\/schema\/logo\/image\/"},"sameAs":["https:\/\/www.facebook.com\/profile.php?id=100064131067985","https:\/\/www.instagram.com\/elusvali\/","https:\/\/www.youtube.com\/@elusvali2110"]}]}},"_links":{"self":[{"href":"https:\/\/old.elusvali.ee\/lv\/wp-json\/wp\/v2\/product\/35954","targetHints":{"allow":["GET"]}}],"collection":[{"href":"https:\/\/old.elusvali.ee\/lv\/wp-json\/wp\/v2\/product"}],"about":[{"href":"https:\/\/old.elusvali.ee\/lv\/wp-json\/wp\/v2\/types\/product"}],"replies":[{"embeddable":true,"href":"https:\/\/old.elusvali.ee\/lv\/wp-json\/wp\/v2\/comments?post=35954"}],"version-history":[{"count":1,"href":"https:\/\/old.elusvali.ee\/lv\/wp-json\/wp\/v2\/product\/35954\/revisions"}],"predecessor-version":[{"id":63584,"href":"https:\/\/old.elusvali.ee\/lv\/wp-json\/wp\/v2\/product\/35954\/revisions\/63584"}],"wp:featuredmedia":[{"embeddable":true,"href":"https:\/\/old.elusvali.ee\/lv\/wp-json\/wp\/v2\/media\/66328"}],"wp:attachment":[{"href":"https:\/\/old.elusvali.ee\/lv\/wp-json\/wp\/v2\/media?parent=35954"}],"wp:term":[{"taxonomy":"product_brand","embeddable":true,"href":"https:\/\/old.elusvali.ee\/lv\/wp-json\/wp\/v2\/product_brand?post=35954"},{"taxonomy":"product_cat","embeddable":true,"href":"https:\/\/old.elusvali.ee\/lv\/wp-json\/wp\/v2\/product_cat?post=35954"},{"taxonomy":"product_tag","embeddable":true,"href":"https:\/\/old.elusvali.ee\/lv\/wp-json\/wp\/v2\/product_tag?post=35954"}],"curies":[{"name":"wp","href":"https:\/\/api.w.org\/{rel}","templated":true}]}}