{"id":35953,"date":"2023-02-02T11:11:29","date_gmt":"2023-02-02T09:11:29","guid":{"rendered":"https:\/\/old.elusvali.ee\/product\/organiskais-kokosriekstu-sviesta-cukurs-1kg-greenest\/"},"modified":"2025-06-02T13:02:00","modified_gmt":"2025-06-02T10:02:00","slug":"organiskais-kokosriekstu-sviesta-cukurs-1kg-greenest","status":"publish","type":"product","link":"https:\/\/old.elusvali.ee\/lv\/produkts\/organiskais-kokosriekstu-sviesta-cukurs-1kg-greenest\/","title":{"rendered":"Organisks kokosriekstu ziedu cukurs 1kg | Greenest"},"content":{"rendered":"<p>Kokosriekstu ziedu cukurs ir vesel\u012bg\u0101ka alternat\u012bva baltajam un br\u016bnajam cukuram, ko var izmantot konditorejas izstr\u0101d\u0101jumos t\u0101pat k\u0101 citus rafin\u0113tos cukurus. Kokosriekstu ziedu cukuram ir bag\u0101ta karame\u013cu gar\u0161a.<\/p>\n<p>Kokosriekstu ziedu cukuru ieg\u016bst no kokosriekstu palmas ziedpumpuriem. Tam ir augsta uzturv\u0113rt\u012bba, jo taj\u0101 ir daudz k\u0101lija, magnija, cinka un fosfora. Turkl\u0101t kokosriekstu cukurs satur ar\u012b B1, B2, B3, B6 un C vitam\u012bnus.<\/p>\n<p>Kokosriekstu ziedu cukurs ir t\u0101d\u0101 form\u0101, ko organisms viegl\u0101k asimil\u0113 nek\u0101 parasto galda cukuru, t\u0101p\u0113c tas ir stabils glikozes avots. Kokosriekstu cukurs l\u0113ni izdal\u0101s asin\u012bs.<\/p>\n<ul>\n<li>Lieliska alternat\u012bva parastajam rafin\u0113tajam cukuram<\/li>\n<li>Lieto konditorejas izstr\u0101d\u0101jumos un desertos<\/li>\n<li>Bag\u0101ta karame\u013cu gar\u0161a<\/li>\n<li>P\u0101rsteidzo\u0161s miner\u0101lvielu un vitam\u012bnu avots<\/li>\n<li>Stabils glikozes avots organismam<\/li>\n<li>Ieg\u016bta kontrol\u0113t\u0101 biolo\u0123iskaj\u0101 lauksaimniec\u012bb\u0101<\/li>\n<\/ul>\n","protected":false},"excerpt":{"rendered":"<p>Kokosriekstu ziedu cukurs ir vesel\u012bg\u0101ka alternat\u012bva parastajam baltajam vai br\u016bnajam cukuram. Lietojiet maizes izstr\u0101d\u0101jumos, uz pus\u0113m sajaucot ar medu vai k\u013cavu s\u012brupu, lai ieg\u016btu parastajam rafin\u0113tajam cukuram l\u012bdz\u012bgu gar\u0161u.<\/p>\n<p>Kokosriekstu ziedu cukuru ieg\u016bst no kokosriekstu palmas ziedpumpuriem. Ar\u012b uzturv\u0113rt\u012bba ir augsta &#8211; taj\u0101 ir daudz k\u0101lija, magnija, cinka, fosfora. Turkl\u0101t kokosriekstu cukurs satur ar\u012b B1, B2, B3, B6 un C vitam\u012bnus.<\/p>\n","protected":false},"featured_media":32237,"comment_status":"open","ping_status":"closed","template":"","meta":{"_acf_changed":false},"product_brand":[],"product_cat":[464,442,459],"product_tag":[],"class_list":{"0":"post-35953","1":"product","2":"type-product","3":"status-publish","4":"has-post-thumbnail","6":"product_cat-dabigie-cukuri","7":"product_cat-majas-virtuve","8":"product_cat-sausie-izstradajumi","10":"first","11":"instock","12":"taxable","13":"shipping-taxable","14":"purchasable","15":"product-type-simple"},"acf":[],"yoast_head":"<!-- This site is optimized with the Yoast SEO plugin v25.3.1 - https:\/\/yoast.com\/wordpress\/plugins\/seo\/ -->\n<title>Organisks kokosriekstu ziedu cukurs 1kg | Greenest - Pure Nature<\/title>\n<meta name=\"robots\" content=\"noindex, follow, max-snippet:-1, max-image-preview:large, max-video-preview:-1\" \/>\n<meta property=\"og:locale\" content=\"lv_LV\" \/>\n<meta property=\"og:type\" content=\"article\" \/>\n<meta property=\"og:title\" content=\"Organisks kokosriekstu ziedu cukurs 1kg | Greenest - Pure Nature\" \/>\n<meta property=\"og:description\" content=\"Kokosriekstu ziedu cukurs ir vesel\u012bg\u0101ka alternat\u012bva parastajam baltajam vai br\u016bnajam cukuram. Lietojiet maizes izstr\u0101d\u0101jumos, uz pus\u0113m sajaucot ar medu vai k\u013cavu s\u012brupu, lai ieg\u016btu parastajam rafin\u0113tajam cukuram l\u012bdz\u012bgu gar\u0161u. Kokosriekstu ziedu cukuru ieg\u016bst no kokosriekstu palmas ziedpumpuriem. Ar\u012b uzturv\u0113rt\u012bba ir augsta - taj\u0101 ir daudz k\u0101lija, magnija, cinka, fosfora. Turkl\u0101t kokosriekstu cukurs satur ar\u012b B1, B2, B3, B6 un C vitam\u012bnus.\" \/>\n<meta property=\"og:url\" content=\"https:\/\/old.elusvali.ee\/lv\/produkts\/organiskais-kokosriekstu-sviesta-cukurs-1kg-greenest\/\" \/>\n<meta property=\"og:site_name\" content=\"Elusv&auml;li\" \/>\n<meta property=\"article:publisher\" content=\"https:\/\/www.facebook.com\/profile.php?id=100064131067985\" \/>\n<meta property=\"article:modified_time\" content=\"2025-06-02T10:02:00+00:00\" \/>\n<meta property=\"og:image\" content=\"https:\/\/purenature.lv\/wp-content\/uploads\/2023\/07\/Mahe-kookosoie-suhkur-greenest-1kg.jpg\" \/>\n\t<meta property=\"og:image:width\" content=\"1500\" \/>\n\t<meta property=\"og:image:height\" content=\"1500\" \/>\n\t<meta property=\"og:image:type\" content=\"image\/jpeg\" \/>\n<meta name=\"twitter:card\" content=\"summary_large_image\" \/>\n<meta name=\"twitter:label1\" content=\"Est. reading time\" \/>\n\t<meta name=\"twitter:data1\" content=\"1 minute\" \/>\n<script type=\"application\/ld+json\" class=\"yoast-schema-graph\">{\"@context\":\"https:\/\/schema.org\",\"@graph\":[{\"@type\":\"WebPage\",\"@id\":\"https:\/\/old.elusvali.ee\/lv\/produkts\/organiskais-kokosriekstu-sviesta-cukurs-1kg-greenest\/\",\"url\":\"https:\/\/old.elusvali.ee\/lv\/produkts\/organiskais-kokosriekstu-sviesta-cukurs-1kg-greenest\/\",\"name\":\"Organisks kokosriekstu ziedu cukurs 1kg | Greenest - Pure Nature\",\"isPartOf\":{\"@id\":\"https:\/\/old.elusvali.ee\/lv\/#website\"},\"primaryImageOfPage\":{\"@id\":\"https:\/\/old.elusvali.ee\/lv\/produkts\/organiskais-kokosriekstu-sviesta-cukurs-1kg-greenest\/#primaryimage\"},\"image\":{\"@id\":\"https:\/\/old.elusvali.ee\/lv\/produkts\/organiskais-kokosriekstu-sviesta-cukurs-1kg-greenest\/#primaryimage\"},\"thumbnailUrl\":\"https:\/\/old.elusvali.ee\/wp-content\/uploads\/2023\/07\/Mahe-kookosoie-suhkur-greenest-1kg.jpg\",\"datePublished\":\"2023-02-02T09:11:29+00:00\",\"dateModified\":\"2025-06-02T10:02:00+00:00\",\"breadcrumb\":{\"@id\":\"https:\/\/old.elusvali.ee\/lv\/produkts\/organiskais-kokosriekstu-sviesta-cukurs-1kg-greenest\/#breadcrumb\"},\"inLanguage\":\"lv-LV\",\"potentialAction\":[{\"@type\":\"ReadAction\",\"target\":[\"https:\/\/old.elusvali.ee\/lv\/produkts\/organiskais-kokosriekstu-sviesta-cukurs-1kg-greenest\/\"]}]},{\"@type\":\"ImageObject\",\"inLanguage\":\"lv-LV\",\"@id\":\"https:\/\/old.elusvali.ee\/lv\/produkts\/organiskais-kokosriekstu-sviesta-cukurs-1kg-greenest\/#primaryimage\",\"url\":\"https:\/\/old.elusvali.ee\/wp-content\/uploads\/2023\/07\/Mahe-kookosoie-suhkur-greenest-1kg.jpg\",\"contentUrl\":\"https:\/\/old.elusvali.ee\/wp-content\/uploads\/2023\/07\/Mahe-kookosoie-suhkur-greenest-1kg.jpg\",\"width\":1500,\"height\":1500,\"caption\":\"Ekologiskas kokoso cukrus\"},{\"@type\":\"BreadcrumbList\",\"@id\":\"https:\/\/old.elusvali.ee\/lv\/produkts\/organiskais-kokosriekstu-sviesta-cukurs-1kg-greenest\/#breadcrumb\",\"itemListElement\":[{\"@type\":\"ListItem\",\"position\":1,\"name\":\"Home\",\"item\":\"https:\/\/purenature.lv\/\"},{\"@type\":\"ListItem\",\"position\":2,\"name\":\"E-veikals\",\"item\":\"https:\/\/purenature.lv\/veikals\/\"},{\"@type\":\"ListItem\",\"position\":3,\"name\":\"Organisks kokosriekstu ziedu cukurs 1kg | Greenest\"}]},{\"@type\":\"WebSite\",\"@id\":\"https:\/\/old.elusvali.ee\/lv\/#website\",\"url\":\"https:\/\/old.elusvali.ee\/lv\/\",\"name\":\"Elusv\u00e4li\",\"description\":\"Puhas k&ouml;&ouml;k ja koduapteek\",\"publisher\":{\"@id\":\"https:\/\/old.elusvali.ee\/lv\/#organization\"},\"potentialAction\":[{\"@type\":\"SearchAction\",\"target\":{\"@type\":\"EntryPoint\",\"urlTemplate\":\"https:\/\/old.elusvali.ee\/lv\/?s={search_term_string}\"},\"query-input\":{\"@type\":\"PropertyValueSpecification\",\"valueRequired\":true,\"valueName\":\"search_term_string\"}}],\"inLanguage\":\"lv-LV\"},{\"@type\":\"Organization\",\"@id\":\"https:\/\/old.elusvali.ee\/lv\/#organization\",\"name\":\"Elusv\u00e4li\",\"url\":\"https:\/\/old.elusvali.ee\/lv\/\",\"logo\":{\"@type\":\"ImageObject\",\"inLanguage\":\"lv-LV\",\"@id\":\"https:\/\/old.elusvali.ee\/lv\/#\/schema\/logo\/image\/\",\"url\":\"https:\/\/purenature.lt\/wp-content\/uploads\/2023\/07\/logo.png\",\"contentUrl\":\"https:\/\/purenature.lt\/wp-content\/uploads\/2023\/07\/logo.png\",\"width\":526,\"height\":146,\"caption\":\"Elusv\u00e4li\"},\"image\":{\"@id\":\"https:\/\/old.elusvali.ee\/lv\/#\/schema\/logo\/image\/\"},\"sameAs\":[\"https:\/\/www.facebook.com\/profile.php?id=100064131067985\",\"https:\/\/www.instagram.com\/elusvali\/\",\"https:\/\/www.youtube.com\/@elusvali2110\"]}]}<\/script>\n<!-- \/ Yoast SEO plugin. -->","yoast_head_json":{"title":"Organisks kokosriekstu ziedu cukurs 1kg | Greenest - Pure Nature","robots":{"index":"noindex","follow":"follow","max-snippet":"max-snippet:-1","max-image-preview":"max-image-preview:large","max-video-preview":"max-video-preview:-1"},"og_locale":"lv_LV","og_type":"article","og_title":"Organisks kokosriekstu ziedu cukurs 1kg | Greenest - Pure Nature","og_description":"Kokosriekstu ziedu cukurs ir vesel\u012bg\u0101ka alternat\u012bva parastajam baltajam vai br\u016bnajam cukuram. Lietojiet maizes izstr\u0101d\u0101jumos, uz pus\u0113m sajaucot ar medu vai k\u013cavu s\u012brupu, lai ieg\u016btu parastajam rafin\u0113tajam cukuram l\u012bdz\u012bgu gar\u0161u. Kokosriekstu ziedu cukuru ieg\u016bst no kokosriekstu palmas ziedpumpuriem. Ar\u012b uzturv\u0113rt\u012bba ir augsta - taj\u0101 ir daudz k\u0101lija, magnija, cinka, fosfora. Turkl\u0101t kokosriekstu cukurs satur ar\u012b B1, B2, B3, B6 un C vitam\u012bnus.","og_url":"https:\/\/old.elusvali.ee\/lv\/produkts\/organiskais-kokosriekstu-sviesta-cukurs-1kg-greenest\/","og_site_name":"Elusv&auml;li","article_publisher":"https:\/\/www.facebook.com\/profile.php?id=100064131067985","article_modified_time":"2025-06-02T10:02:00+00:00","og_image":[{"width":1500,"height":1500,"url":"https:\/\/purenature.lv\/wp-content\/uploads\/2023\/07\/Mahe-kookosoie-suhkur-greenest-1kg.jpg","type":"image\/jpeg"}],"twitter_card":"summary_large_image","twitter_misc":{"Est. reading time":"1 minute"},"schema":{"@context":"https:\/\/schema.org","@graph":[{"@type":"WebPage","@id":"https:\/\/old.elusvali.ee\/lv\/produkts\/organiskais-kokosriekstu-sviesta-cukurs-1kg-greenest\/","url":"https:\/\/old.elusvali.ee\/lv\/produkts\/organiskais-kokosriekstu-sviesta-cukurs-1kg-greenest\/","name":"Organisks kokosriekstu ziedu cukurs 1kg | Greenest - Pure Nature","isPartOf":{"@id":"https:\/\/old.elusvali.ee\/lv\/#website"},"primaryImageOfPage":{"@id":"https:\/\/old.elusvali.ee\/lv\/produkts\/organiskais-kokosriekstu-sviesta-cukurs-1kg-greenest\/#primaryimage"},"image":{"@id":"https:\/\/old.elusvali.ee\/lv\/produkts\/organiskais-kokosriekstu-sviesta-cukurs-1kg-greenest\/#primaryimage"},"thumbnailUrl":"https:\/\/old.elusvali.ee\/wp-content\/uploads\/2023\/07\/Mahe-kookosoie-suhkur-greenest-1kg.jpg","datePublished":"2023-02-02T09:11:29+00:00","dateModified":"2025-06-02T10:02:00+00:00","breadcrumb":{"@id":"https:\/\/old.elusvali.ee\/lv\/produkts\/organiskais-kokosriekstu-sviesta-cukurs-1kg-greenest\/#breadcrumb"},"inLanguage":"lv-LV","potentialAction":[{"@type":"ReadAction","target":["https:\/\/old.elusvali.ee\/lv\/produkts\/organiskais-kokosriekstu-sviesta-cukurs-1kg-greenest\/"]}]},{"@type":"ImageObject","inLanguage":"lv-LV","@id":"https:\/\/old.elusvali.ee\/lv\/produkts\/organiskais-kokosriekstu-sviesta-cukurs-1kg-greenest\/#primaryimage","url":"https:\/\/old.elusvali.ee\/wp-content\/uploads\/2023\/07\/Mahe-kookosoie-suhkur-greenest-1kg.jpg","contentUrl":"https:\/\/old.elusvali.ee\/wp-content\/uploads\/2023\/07\/Mahe-kookosoie-suhkur-greenest-1kg.jpg","width":1500,"height":1500,"caption":"Ekologiskas kokoso cukrus"},{"@type":"BreadcrumbList","@id":"https:\/\/old.elusvali.ee\/lv\/produkts\/organiskais-kokosriekstu-sviesta-cukurs-1kg-greenest\/#breadcrumb","itemListElement":[{"@type":"ListItem","position":1,"name":"Home","item":"https:\/\/purenature.lv\/"},{"@type":"ListItem","position":2,"name":"E-veikals","item":"https:\/\/purenature.lv\/veikals\/"},{"@type":"ListItem","position":3,"name":"Organisks kokosriekstu ziedu cukurs 1kg | Greenest"}]},{"@type":"WebSite","@id":"https:\/\/old.elusvali.ee\/lv\/#website","url":"https:\/\/old.elusvali.ee\/lv\/","name":"Elusv\u00e4li","description":"Puhas k&ouml;&ouml;k ja koduapteek","publisher":{"@id":"https:\/\/old.elusvali.ee\/lv\/#organization"},"potentialAction":[{"@type":"SearchAction","target":{"@type":"EntryPoint","urlTemplate":"https:\/\/old.elusvali.ee\/lv\/?s={search_term_string}"},"query-input":{"@type":"PropertyValueSpecification","valueRequired":true,"valueName":"search_term_string"}}],"inLanguage":"lv-LV"},{"@type":"Organization","@id":"https:\/\/old.elusvali.ee\/lv\/#organization","name":"Elusv\u00e4li","url":"https:\/\/old.elusvali.ee\/lv\/","logo":{"@type":"ImageObject","inLanguage":"lv-LV","@id":"https:\/\/old.elusvali.ee\/lv\/#\/schema\/logo\/image\/","url":"https:\/\/purenature.lt\/wp-content\/uploads\/2023\/07\/logo.png","contentUrl":"https:\/\/purenature.lt\/wp-content\/uploads\/2023\/07\/logo.png","width":526,"height":146,"caption":"Elusv\u00e4li"},"image":{"@id":"https:\/\/old.elusvali.ee\/lv\/#\/schema\/logo\/image\/"},"sameAs":["https:\/\/www.facebook.com\/profile.php?id=100064131067985","https:\/\/www.instagram.com\/elusvali\/","https:\/\/www.youtube.com\/@elusvali2110"]}]}},"_links":{"self":[{"href":"https:\/\/old.elusvali.ee\/lv\/wp-json\/wp\/v2\/product\/35953","targetHints":{"allow":["GET"]}}],"collection":[{"href":"https:\/\/old.elusvali.ee\/lv\/wp-json\/wp\/v2\/product"}],"about":[{"href":"https:\/\/old.elusvali.ee\/lv\/wp-json\/wp\/v2\/types\/product"}],"replies":[{"embeddable":true,"href":"https:\/\/old.elusvali.ee\/lv\/wp-json\/wp\/v2\/comments?post=35953"}],"version-history":[{"count":1,"href":"https:\/\/old.elusvali.ee\/lv\/wp-json\/wp\/v2\/product\/35953\/revisions"}],"predecessor-version":[{"id":63571,"href":"https:\/\/old.elusvali.ee\/lv\/wp-json\/wp\/v2\/product\/35953\/revisions\/63571"}],"wp:featuredmedia":[{"embeddable":true,"href":"https:\/\/old.elusvali.ee\/lv\/wp-json\/wp\/v2\/media\/32237"}],"wp:attachment":[{"href":"https:\/\/old.elusvali.ee\/lv\/wp-json\/wp\/v2\/media?parent=35953"}],"wp:term":[{"taxonomy":"product_brand","embeddable":true,"href":"https:\/\/old.elusvali.ee\/lv\/wp-json\/wp\/v2\/product_brand?post=35953"},{"taxonomy":"product_cat","embeddable":true,"href":"https:\/\/old.elusvali.ee\/lv\/wp-json\/wp\/v2\/product_cat?post=35953"},{"taxonomy":"product_tag","embeddable":true,"href":"https:\/\/old.elusvali.ee\/lv\/wp-json\/wp\/v2\/product_tag?post=35953"}],"curies":[{"name":"wp","href":"https:\/\/api.w.org\/{rel}","templated":true}]}}