{"id":35952,"date":"2023-02-14T13:45:34","date_gmt":"2023-02-14T11:45:34","guid":{"rendered":"https:\/\/old.elusvali.ee\/product\/tapiokas-ciete-400g-organic-bio-planet\/"},"modified":"2025-03-28T20:18:43","modified_gmt":"2025-03-28T18:18:43","slug":"tapiokas-ciete-400g-organic-bio-planet","status":"publish","type":"product","link":"https:\/\/old.elusvali.ee\/lv\/produkts\/tapiokas-ciete-400g-organic-bio-planet\/","title":{"rendered":"Tapiokas ciete 400g | Organiska, Bio Planet"},"content":{"rendered":"<p>Tapiokas ciete ir ciete, kas ieg\u016bta no maniokas auga saknes. Nejaukt ar maniokas miltiem, kuri nav ra\u017eoti \u012bpa\u0161\u0101 cietes ra\u017eo\u0161anas proces\u0101. Tapiokas ciete nesatur lipekli, graudus un riekstus un ir ide\u0101li piem\u0113rota bezglut\u0113na konditorejas izstr\u0101d\u0101jumiem. Tapiokas ciete \u0113dienu gatavo\u0161an\u0101 der t\u0101pat k\u0101 jebkura cita ciete &#8211; t\u0101 sabiezina zupas, saut\u0113jumus, m\u0113rces un tiek izmantota ar\u012b cep\u0161an\u0101.<\/p>\n<p>Gatavo\u0161anai pietiek ar tikai vienu t\u0113jkaroti, t\u0101p\u0113c iepakojums kalpos ilgu laiku. Tapiokas ciete ir neaizst\u0101jama virtuv\u0113s, kur gatavo daudzus bezglut\u0113na desertus un konditorejas izstr\u0101d\u0101jumus.<\/p>\n<ul>\n<li>Bezglut\u0113na alternat\u012bva maizes izstr\u0101d\u0101jumos<\/li>\n<li>Bez riekstiem<\/li>\n<li>Bez graudaugiem<\/li>\n<li>Neitr\u0101la gar\u0161a<\/li>\n<li>Izmantojiet k\u0101 parastu cieti<\/li>\n<li>Ieg\u016bta kontrol\u0113t\u0101 biolo\u0123iskaj\u0101 lauksaimniec\u012bb\u0101<\/li>\n<\/ul>\n","protected":false},"excerpt":{"rendered":"<p>Tapiokas ciete \u0113diena gatavo\u0161an\u0101 der t\u0101pat k\u0101 jebkura cita ciete &#8211; t\u0101 sabiezina zupas, saut\u0113jumus un m\u0113rces. Gatavo\u0161anai pietiek ar tikai vienu t\u0113jkaroti, t\u0101p\u0113c iepakojums kalpos ilgu laiku. Tapiokas ciete ir neaizst\u0101jama virtuv\u0113s, kur gatavo daudzus bezglut\u0113na desertus un konditorejas izstr\u0101d\u0101jumus.<\/p>\n<p>Tapiokas ciete nesatur lipekli, graudus un riekstus.<\/p>\n","protected":false},"featured_media":32239,"comment_status":"open","ping_status":"closed","template":"","meta":{"_acf_changed":false},"product_brand":[],"product_cat":[442,459],"product_tag":[],"class_list":{"0":"post-35952","1":"product","2":"type-product","3":"status-publish","4":"has-post-thumbnail","6":"product_cat-majas-virtuve","7":"product_cat-sausie-izstradajumi","9":"first","10":"instock","11":"taxable","12":"shipping-taxable","13":"purchasable","14":"product-type-simple"},"acf":[],"yoast_head":"<!-- This site is optimized with the Yoast SEO plugin v25.3.1 - https:\/\/yoast.com\/wordpress\/plugins\/seo\/ -->\n<title>Tapiokas ciete 400g | Organiska, Bio Planet - Pure Nature<\/title>\n<meta name=\"robots\" content=\"noindex, follow, max-snippet:-1, max-image-preview:large, max-video-preview:-1\" \/>\n<meta property=\"og:locale\" content=\"lv_LV\" \/>\n<meta property=\"og:type\" content=\"article\" \/>\n<meta property=\"og:title\" content=\"Tapiokas ciete 400g | Organiska, Bio Planet - Pure Nature\" \/>\n<meta property=\"og:description\" content=\"Tapiokas ciete \u0113diena gatavo\u0161an\u0101 der t\u0101pat k\u0101 jebkura cita ciete - t\u0101 sabiezina zupas, saut\u0113jumus un m\u0113rces. Gatavo\u0161anai pietiek ar tikai vienu t\u0113jkaroti, t\u0101p\u0113c iepakojums kalpos ilgu laiku. Tapiokas ciete ir neaizst\u0101jama virtuv\u0113s, kur gatavo daudzus bezglut\u0113na desertus un konditorejas izstr\u0101d\u0101jumus. Tapiokas ciete nesatur lipekli, graudus un riekstus.\" \/>\n<meta property=\"og:url\" content=\"https:\/\/old.elusvali.ee\/lv\/produkts\/tapiokas-ciete-400g-organic-bio-planet\/\" \/>\n<meta property=\"og:site_name\" content=\"Elusv&auml;li\" \/>\n<meta property=\"article:publisher\" content=\"https:\/\/www.facebook.com\/profile.php?id=100064131067985\" \/>\n<meta property=\"article:modified_time\" content=\"2025-03-28T18:18:43+00:00\" \/>\n<meta property=\"og:image\" content=\"https:\/\/purenature.lv\/wp-content\/uploads\/2023\/07\/Bio-Planet-mahe-tapiokitarklis-tapiokijahu-tapioki-400g.jpg\" \/>\n\t<meta property=\"og:image:width\" content=\"1500\" \/>\n\t<meta property=\"og:image:height\" content=\"1500\" \/>\n\t<meta property=\"og:image:type\" content=\"image\/jpeg\" \/>\n<meta name=\"twitter:card\" content=\"summary_large_image\" \/>\n<meta name=\"twitter:label1\" content=\"Est. reading time\" \/>\n\t<meta name=\"twitter:data1\" content=\"1 minute\" \/>\n<script type=\"application\/ld+json\" class=\"yoast-schema-graph\">{\"@context\":\"https:\/\/schema.org\",\"@graph\":[{\"@type\":\"WebPage\",\"@id\":\"https:\/\/old.elusvali.ee\/lv\/produkts\/tapiokas-ciete-400g-organic-bio-planet\/\",\"url\":\"https:\/\/old.elusvali.ee\/lv\/produkts\/tapiokas-ciete-400g-organic-bio-planet\/\",\"name\":\"Tapiokas ciete 400g | Organiska, Bio Planet - Pure Nature\",\"isPartOf\":{\"@id\":\"https:\/\/old.elusvali.ee\/lv\/#website\"},\"primaryImageOfPage\":{\"@id\":\"https:\/\/old.elusvali.ee\/lv\/produkts\/tapiokas-ciete-400g-organic-bio-planet\/#primaryimage\"},\"image\":{\"@id\":\"https:\/\/old.elusvali.ee\/lv\/produkts\/tapiokas-ciete-400g-organic-bio-planet\/#primaryimage\"},\"thumbnailUrl\":\"https:\/\/old.elusvali.ee\/wp-content\/uploads\/2023\/07\/Bio-Planet-mahe-tapiokitarklis-tapiokijahu-tapioki-400g.jpg\",\"datePublished\":\"2023-02-14T11:45:34+00:00\",\"dateModified\":\"2025-03-28T18:18:43+00:00\",\"breadcrumb\":{\"@id\":\"https:\/\/old.elusvali.ee\/lv\/produkts\/tapiokas-ciete-400g-organic-bio-planet\/#breadcrumb\"},\"inLanguage\":\"lv-LV\",\"potentialAction\":[{\"@type\":\"ReadAction\",\"target\":[\"https:\/\/old.elusvali.ee\/lv\/produkts\/tapiokas-ciete-400g-organic-bio-planet\/\"]}]},{\"@type\":\"ImageObject\",\"inLanguage\":\"lv-LV\",\"@id\":\"https:\/\/old.elusvali.ee\/lv\/produkts\/tapiokas-ciete-400g-organic-bio-planet\/#primaryimage\",\"url\":\"https:\/\/old.elusvali.ee\/wp-content\/uploads\/2023\/07\/Bio-Planet-mahe-tapiokitarklis-tapiokijahu-tapioki-400g.jpg\",\"contentUrl\":\"https:\/\/old.elusvali.ee\/wp-content\/uploads\/2023\/07\/Bio-Planet-mahe-tapiokitarklis-tapiokijahu-tapioki-400g.jpg\",\"width\":1500,\"height\":1500,\"caption\":\"Tapijokos krakmolas\"},{\"@type\":\"BreadcrumbList\",\"@id\":\"https:\/\/old.elusvali.ee\/lv\/produkts\/tapiokas-ciete-400g-organic-bio-planet\/#breadcrumb\",\"itemListElement\":[{\"@type\":\"ListItem\",\"position\":1,\"name\":\"Home\",\"item\":\"https:\/\/purenature.lv\/\"},{\"@type\":\"ListItem\",\"position\":2,\"name\":\"E-veikals\",\"item\":\"https:\/\/purenature.lv\/veikals\/\"},{\"@type\":\"ListItem\",\"position\":3,\"name\":\"Tapiokas ciete 400g | Organiska, Bio Planet\"}]},{\"@type\":\"WebSite\",\"@id\":\"https:\/\/old.elusvali.ee\/lv\/#website\",\"url\":\"https:\/\/old.elusvali.ee\/lv\/\",\"name\":\"Elusv\u00e4li\",\"description\":\"Puhas k&ouml;&ouml;k ja koduapteek\",\"publisher\":{\"@id\":\"https:\/\/old.elusvali.ee\/lv\/#organization\"},\"potentialAction\":[{\"@type\":\"SearchAction\",\"target\":{\"@type\":\"EntryPoint\",\"urlTemplate\":\"https:\/\/old.elusvali.ee\/lv\/?s={search_term_string}\"},\"query-input\":{\"@type\":\"PropertyValueSpecification\",\"valueRequired\":true,\"valueName\":\"search_term_string\"}}],\"inLanguage\":\"lv-LV\"},{\"@type\":\"Organization\",\"@id\":\"https:\/\/old.elusvali.ee\/lv\/#organization\",\"name\":\"Elusv\u00e4li\",\"url\":\"https:\/\/old.elusvali.ee\/lv\/\",\"logo\":{\"@type\":\"ImageObject\",\"inLanguage\":\"lv-LV\",\"@id\":\"https:\/\/old.elusvali.ee\/lv\/#\/schema\/logo\/image\/\",\"url\":\"https:\/\/purenature.lt\/wp-content\/uploads\/2023\/07\/logo.png\",\"contentUrl\":\"https:\/\/purenature.lt\/wp-content\/uploads\/2023\/07\/logo.png\",\"width\":526,\"height\":146,\"caption\":\"Elusv\u00e4li\"},\"image\":{\"@id\":\"https:\/\/old.elusvali.ee\/lv\/#\/schema\/logo\/image\/\"},\"sameAs\":[\"https:\/\/www.facebook.com\/profile.php?id=100064131067985\",\"https:\/\/www.instagram.com\/elusvali\/\",\"https:\/\/www.youtube.com\/@elusvali2110\"]}]}<\/script>\n<!-- \/ Yoast SEO plugin. -->","yoast_head_json":{"title":"Tapiokas ciete 400g | Organiska, Bio Planet - Pure Nature","robots":{"index":"noindex","follow":"follow","max-snippet":"max-snippet:-1","max-image-preview":"max-image-preview:large","max-video-preview":"max-video-preview:-1"},"og_locale":"lv_LV","og_type":"article","og_title":"Tapiokas ciete 400g | Organiska, Bio Planet - Pure Nature","og_description":"Tapiokas ciete \u0113diena gatavo\u0161an\u0101 der t\u0101pat k\u0101 jebkura cita ciete - t\u0101 sabiezina zupas, saut\u0113jumus un m\u0113rces. Gatavo\u0161anai pietiek ar tikai vienu t\u0113jkaroti, t\u0101p\u0113c iepakojums kalpos ilgu laiku. Tapiokas ciete ir neaizst\u0101jama virtuv\u0113s, kur gatavo daudzus bezglut\u0113na desertus un konditorejas izstr\u0101d\u0101jumus. Tapiokas ciete nesatur lipekli, graudus un riekstus.","og_url":"https:\/\/old.elusvali.ee\/lv\/produkts\/tapiokas-ciete-400g-organic-bio-planet\/","og_site_name":"Elusv&auml;li","article_publisher":"https:\/\/www.facebook.com\/profile.php?id=100064131067985","article_modified_time":"2025-03-28T18:18:43+00:00","og_image":[{"width":1500,"height":1500,"url":"https:\/\/purenature.lv\/wp-content\/uploads\/2023\/07\/Bio-Planet-mahe-tapiokitarklis-tapiokijahu-tapioki-400g.jpg","type":"image\/jpeg"}],"twitter_card":"summary_large_image","twitter_misc":{"Est. reading time":"1 minute"},"schema":{"@context":"https:\/\/schema.org","@graph":[{"@type":"WebPage","@id":"https:\/\/old.elusvali.ee\/lv\/produkts\/tapiokas-ciete-400g-organic-bio-planet\/","url":"https:\/\/old.elusvali.ee\/lv\/produkts\/tapiokas-ciete-400g-organic-bio-planet\/","name":"Tapiokas ciete 400g | Organiska, Bio Planet - Pure Nature","isPartOf":{"@id":"https:\/\/old.elusvali.ee\/lv\/#website"},"primaryImageOfPage":{"@id":"https:\/\/old.elusvali.ee\/lv\/produkts\/tapiokas-ciete-400g-organic-bio-planet\/#primaryimage"},"image":{"@id":"https:\/\/old.elusvali.ee\/lv\/produkts\/tapiokas-ciete-400g-organic-bio-planet\/#primaryimage"},"thumbnailUrl":"https:\/\/old.elusvali.ee\/wp-content\/uploads\/2023\/07\/Bio-Planet-mahe-tapiokitarklis-tapiokijahu-tapioki-400g.jpg","datePublished":"2023-02-14T11:45:34+00:00","dateModified":"2025-03-28T18:18:43+00:00","breadcrumb":{"@id":"https:\/\/old.elusvali.ee\/lv\/produkts\/tapiokas-ciete-400g-organic-bio-planet\/#breadcrumb"},"inLanguage":"lv-LV","potentialAction":[{"@type":"ReadAction","target":["https:\/\/old.elusvali.ee\/lv\/produkts\/tapiokas-ciete-400g-organic-bio-planet\/"]}]},{"@type":"ImageObject","inLanguage":"lv-LV","@id":"https:\/\/old.elusvali.ee\/lv\/produkts\/tapiokas-ciete-400g-organic-bio-planet\/#primaryimage","url":"https:\/\/old.elusvali.ee\/wp-content\/uploads\/2023\/07\/Bio-Planet-mahe-tapiokitarklis-tapiokijahu-tapioki-400g.jpg","contentUrl":"https:\/\/old.elusvali.ee\/wp-content\/uploads\/2023\/07\/Bio-Planet-mahe-tapiokitarklis-tapiokijahu-tapioki-400g.jpg","width":1500,"height":1500,"caption":"Tapijokos krakmolas"},{"@type":"BreadcrumbList","@id":"https:\/\/old.elusvali.ee\/lv\/produkts\/tapiokas-ciete-400g-organic-bio-planet\/#breadcrumb","itemListElement":[{"@type":"ListItem","position":1,"name":"Home","item":"https:\/\/purenature.lv\/"},{"@type":"ListItem","position":2,"name":"E-veikals","item":"https:\/\/purenature.lv\/veikals\/"},{"@type":"ListItem","position":3,"name":"Tapiokas ciete 400g | Organiska, Bio Planet"}]},{"@type":"WebSite","@id":"https:\/\/old.elusvali.ee\/lv\/#website","url":"https:\/\/old.elusvali.ee\/lv\/","name":"Elusv\u00e4li","description":"Puhas k&ouml;&ouml;k ja koduapteek","publisher":{"@id":"https:\/\/old.elusvali.ee\/lv\/#organization"},"potentialAction":[{"@type":"SearchAction","target":{"@type":"EntryPoint","urlTemplate":"https:\/\/old.elusvali.ee\/lv\/?s={search_term_string}"},"query-input":{"@type":"PropertyValueSpecification","valueRequired":true,"valueName":"search_term_string"}}],"inLanguage":"lv-LV"},{"@type":"Organization","@id":"https:\/\/old.elusvali.ee\/lv\/#organization","name":"Elusv\u00e4li","url":"https:\/\/old.elusvali.ee\/lv\/","logo":{"@type":"ImageObject","inLanguage":"lv-LV","@id":"https:\/\/old.elusvali.ee\/lv\/#\/schema\/logo\/image\/","url":"https:\/\/purenature.lt\/wp-content\/uploads\/2023\/07\/logo.png","contentUrl":"https:\/\/purenature.lt\/wp-content\/uploads\/2023\/07\/logo.png","width":526,"height":146,"caption":"Elusv\u00e4li"},"image":{"@id":"https:\/\/old.elusvali.ee\/lv\/#\/schema\/logo\/image\/"},"sameAs":["https:\/\/www.facebook.com\/profile.php?id=100064131067985","https:\/\/www.instagram.com\/elusvali\/","https:\/\/www.youtube.com\/@elusvali2110"]}]}},"_links":{"self":[{"href":"https:\/\/old.elusvali.ee\/lv\/wp-json\/wp\/v2\/product\/35952","targetHints":{"allow":["GET"]}}],"collection":[{"href":"https:\/\/old.elusvali.ee\/lv\/wp-json\/wp\/v2\/product"}],"about":[{"href":"https:\/\/old.elusvali.ee\/lv\/wp-json\/wp\/v2\/types\/product"}],"replies":[{"embeddable":true,"href":"https:\/\/old.elusvali.ee\/lv\/wp-json\/wp\/v2\/comments?post=35952"}],"version-history":[{"count":1,"href":"https:\/\/old.elusvali.ee\/lv\/wp-json\/wp\/v2\/product\/35952\/revisions"}],"predecessor-version":[{"id":63570,"href":"https:\/\/old.elusvali.ee\/lv\/wp-json\/wp\/v2\/product\/35952\/revisions\/63570"}],"wp:featuredmedia":[{"embeddable":true,"href":"https:\/\/old.elusvali.ee\/lv\/wp-json\/wp\/v2\/media\/32239"}],"wp:attachment":[{"href":"https:\/\/old.elusvali.ee\/lv\/wp-json\/wp\/v2\/media?parent=35952"}],"wp:term":[{"taxonomy":"product_brand","embeddable":true,"href":"https:\/\/old.elusvali.ee\/lv\/wp-json\/wp\/v2\/product_brand?post=35952"},{"taxonomy":"product_cat","embeddable":true,"href":"https:\/\/old.elusvali.ee\/lv\/wp-json\/wp\/v2\/product_cat?post=35952"},{"taxonomy":"product_tag","embeddable":true,"href":"https:\/\/old.elusvali.ee\/lv\/wp-json\/wp\/v2\/product_tag?post=35952"}],"curies":[{"name":"wp","href":"https:\/\/api.w.org\/{rel}","templated":true}]}}