{"id":35950,"date":"2023-02-03T06:56:04","date_gmt":"2023-02-03T04:56:04","guid":{"rendered":"https:\/\/old.elusvali.ee\/product\/brunie-risu-spageti-250g-mahe-biori\/"},"modified":"2025-06-05T09:48:06","modified_gmt":"2025-06-05T06:48:06","slug":"brunie-risu-spageti-250g-mahe-biori","status":"publish","type":"product","link":"https:\/\/old.elusvali.ee\/lv\/produkts\/brunie-risu-spageti-250g-mahe-biori\/","title":{"rendered":"Br\u016bnie r\u012bsu spageti 250g, biolo\u0123iski |"},"content":{"rendered":"<p>Maigi r\u012bsu p\u012br\u0101dzi\u0146i bez lipek\u013ca ir gatavoti no 100% br\u016bnajiem r\u012bsiem. \u0160ie spageti labi saglab\u0101 savu strukt\u016bru ar\u012b p\u0113c \u0113\u0161anas &#8211; tie nesadal\u0101s un nep\u0101rv\u0113r\u0161as putr\u0101.<\/p>\n<p>Vienm\u0113r ir labi skap\u012bt\u012b tur\u0113t ilgsto\u0161i uzglab\u0101jamu sauso produktu un makaronu kr\u0101jumus. R\u012bsu spageti ir \u0101trs un \u0113rts veids, k\u0101 pagatavot vesel\u012bgu malt\u012bti.<\/p>\n<p>Gatavo\u0161anas laiks: 8 min\u016btes.<\/p>\n","protected":false},"excerpt":{"rendered":"<p>Maigi r\u012bsu p\u012br\u0101dzi\u0146i bez lipek\u013ca ir gatavoti no 100% br\u016bnajiem r\u012bsiem. \u0160ie spageti labi saglab\u0101 savu strukt\u016bru pat p\u0113c nok\u0101\u0161anas. R\u012bsu spageti ir \u0101trs un \u0113rts veids, k\u0101 pagatavot vesel\u012bgu malt\u012bti.<\/p>\n","protected":false},"featured_media":66961,"comment_status":"open","ping_status":"closed","template":"","meta":{"_acf_changed":false},"product_brand":[],"product_cat":[442,459],"product_tag":[],"class_list":{"0":"post-35950","1":"product","2":"type-product","3":"status-publish","4":"has-post-thumbnail","6":"product_cat-majas-virtuve","7":"product_cat-sausie-izstradajumi","9":"first","10":"instock","11":"taxable","12":"shipping-taxable","13":"purchasable","14":"product-type-simple"},"acf":[],"yoast_head":"<!-- This site is optimized with the Yoast SEO plugin v25.3.1 - https:\/\/yoast.com\/wordpress\/plugins\/seo\/ -->\n<title>Br\u016bnie r\u012bsu spageti 250g, biolo\u0123iski | - Pure Nature<\/title>\n<meta name=\"robots\" content=\"noindex, follow, max-snippet:-1, max-image-preview:large, max-video-preview:-1\" \/>\n<meta property=\"og:locale\" content=\"lv_LV\" \/>\n<meta property=\"og:type\" content=\"article\" \/>\n<meta property=\"og:title\" content=\"Br\u016bnie r\u012bsu spageti 250g, biolo\u0123iski | - Pure Nature\" \/>\n<meta property=\"og:description\" content=\"Maigi r\u012bsu p\u012br\u0101dzi\u0146i bez lipek\u013ca ir gatavoti no 100% br\u016bnajiem r\u012bsiem. \u0160ie spageti labi saglab\u0101 savu strukt\u016bru pat p\u0113c nok\u0101\u0161anas. R\u012bsu spageti ir \u0101trs un \u0113rts veids, k\u0101 pagatavot vesel\u012bgu malt\u012bti.\" \/>\n<meta property=\"og:url\" content=\"https:\/\/old.elusvali.ee\/lv\/produkts\/brunie-risu-spageti-250g-mahe-biori\/\" \/>\n<meta property=\"og:site_name\" content=\"Elusv&auml;li\" \/>\n<meta property=\"article:publisher\" content=\"https:\/\/www.facebook.com\/profile.php?id=100064131067985\" \/>\n<meta property=\"article:modified_time\" content=\"2025-06-05T06:48:06+00:00\" \/>\n<meta property=\"og:image\" content=\"https:\/\/purenature.lv\/wp-content\/uploads\/2023\/02\/Felicia-spaghetti-brown-rice-spagetid-pruuni-riisi-spagetid.jpg\" \/>\n\t<meta property=\"og:image:width\" content=\"1192\" \/>\n\t<meta property=\"og:image:height\" content=\"1000\" \/>\n\t<meta property=\"og:image:type\" content=\"image\/jpeg\" \/>\n<meta name=\"twitter:card\" content=\"summary_large_image\" \/>\n<script type=\"application\/ld+json\" class=\"yoast-schema-graph\">{\"@context\":\"https:\/\/schema.org\",\"@graph\":[{\"@type\":\"WebPage\",\"@id\":\"https:\/\/old.elusvali.ee\/lv\/produkts\/brunie-risu-spageti-250g-mahe-biori\/\",\"url\":\"https:\/\/old.elusvali.ee\/lv\/produkts\/brunie-risu-spageti-250g-mahe-biori\/\",\"name\":\"Br\u016bnie r\u012bsu spageti 250g, biolo\u0123iski | - Pure Nature\",\"isPartOf\":{\"@id\":\"https:\/\/old.elusvali.ee\/lv\/#website\"},\"primaryImageOfPage\":{\"@id\":\"https:\/\/old.elusvali.ee\/lv\/produkts\/brunie-risu-spageti-250g-mahe-biori\/#primaryimage\"},\"image\":{\"@id\":\"https:\/\/old.elusvali.ee\/lv\/produkts\/brunie-risu-spageti-250g-mahe-biori\/#primaryimage\"},\"thumbnailUrl\":\"https:\/\/old.elusvali.ee\/wp-content\/uploads\/2023\/02\/Felicia-spaghetti-brown-rice-spagetid-pruuni-riisi-spagetid.jpg\",\"datePublished\":\"2023-02-03T04:56:04+00:00\",\"dateModified\":\"2025-06-05T06:48:06+00:00\",\"breadcrumb\":{\"@id\":\"https:\/\/old.elusvali.ee\/lv\/produkts\/brunie-risu-spageti-250g-mahe-biori\/#breadcrumb\"},\"inLanguage\":\"lv-LV\",\"potentialAction\":[{\"@type\":\"ReadAction\",\"target\":[\"https:\/\/old.elusvali.ee\/lv\/produkts\/brunie-risu-spageti-250g-mahe-biori\/\"]}]},{\"@type\":\"ImageObject\",\"inLanguage\":\"lv-LV\",\"@id\":\"https:\/\/old.elusvali.ee\/lv\/produkts\/brunie-risu-spageti-250g-mahe-biori\/#primaryimage\",\"url\":\"https:\/\/old.elusvali.ee\/wp-content\/uploads\/2023\/02\/Felicia-spaghetti-brown-rice-spagetid-pruuni-riisi-spagetid.jpg\",\"contentUrl\":\"https:\/\/old.elusvali.ee\/wp-content\/uploads\/2023\/02\/Felicia-spaghetti-brown-rice-spagetid-pruuni-riisi-spagetid.jpg\",\"width\":1192,\"height\":1000},{\"@type\":\"BreadcrumbList\",\"@id\":\"https:\/\/old.elusvali.ee\/lv\/produkts\/brunie-risu-spageti-250g-mahe-biori\/#breadcrumb\",\"itemListElement\":[{\"@type\":\"ListItem\",\"position\":1,\"name\":\"Home\",\"item\":\"https:\/\/purenature.lv\/\"},{\"@type\":\"ListItem\",\"position\":2,\"name\":\"E-veikals\",\"item\":\"https:\/\/purenature.lv\/veikals\/\"},{\"@type\":\"ListItem\",\"position\":3,\"name\":\"Br\u016bnie r\u012bsu spageti 250g, biolo\u0123iski |\"}]},{\"@type\":\"WebSite\",\"@id\":\"https:\/\/old.elusvali.ee\/lv\/#website\",\"url\":\"https:\/\/old.elusvali.ee\/lv\/\",\"name\":\"Elusv\u00e4li\",\"description\":\"Puhas k&ouml;&ouml;k ja koduapteek\",\"publisher\":{\"@id\":\"https:\/\/old.elusvali.ee\/lv\/#organization\"},\"potentialAction\":[{\"@type\":\"SearchAction\",\"target\":{\"@type\":\"EntryPoint\",\"urlTemplate\":\"https:\/\/old.elusvali.ee\/lv\/?s={search_term_string}\"},\"query-input\":{\"@type\":\"PropertyValueSpecification\",\"valueRequired\":true,\"valueName\":\"search_term_string\"}}],\"inLanguage\":\"lv-LV\"},{\"@type\":\"Organization\",\"@id\":\"https:\/\/old.elusvali.ee\/lv\/#organization\",\"name\":\"Elusv\u00e4li\",\"url\":\"https:\/\/old.elusvali.ee\/lv\/\",\"logo\":{\"@type\":\"ImageObject\",\"inLanguage\":\"lv-LV\",\"@id\":\"https:\/\/old.elusvali.ee\/lv\/#\/schema\/logo\/image\/\",\"url\":\"https:\/\/purenature.lt\/wp-content\/uploads\/2023\/07\/logo.png\",\"contentUrl\":\"https:\/\/purenature.lt\/wp-content\/uploads\/2023\/07\/logo.png\",\"width\":526,\"height\":146,\"caption\":\"Elusv\u00e4li\"},\"image\":{\"@id\":\"https:\/\/old.elusvali.ee\/lv\/#\/schema\/logo\/image\/\"},\"sameAs\":[\"https:\/\/www.facebook.com\/profile.php?id=100064131067985\",\"https:\/\/www.instagram.com\/elusvali\/\",\"https:\/\/www.youtube.com\/@elusvali2110\"]}]}<\/script>\n<!-- \/ Yoast SEO plugin. -->","yoast_head_json":{"title":"Br\u016bnie r\u012bsu spageti 250g, biolo\u0123iski | - Pure Nature","robots":{"index":"noindex","follow":"follow","max-snippet":"max-snippet:-1","max-image-preview":"max-image-preview:large","max-video-preview":"max-video-preview:-1"},"og_locale":"lv_LV","og_type":"article","og_title":"Br\u016bnie r\u012bsu spageti 250g, biolo\u0123iski | - Pure Nature","og_description":"Maigi r\u012bsu p\u012br\u0101dzi\u0146i bez lipek\u013ca ir gatavoti no 100% br\u016bnajiem r\u012bsiem. \u0160ie spageti labi saglab\u0101 savu strukt\u016bru pat p\u0113c nok\u0101\u0161anas. R\u012bsu spageti ir \u0101trs un \u0113rts veids, k\u0101 pagatavot vesel\u012bgu malt\u012bti.","og_url":"https:\/\/old.elusvali.ee\/lv\/produkts\/brunie-risu-spageti-250g-mahe-biori\/","og_site_name":"Elusv&auml;li","article_publisher":"https:\/\/www.facebook.com\/profile.php?id=100064131067985","article_modified_time":"2025-06-05T06:48:06+00:00","og_image":[{"width":1192,"height":1000,"url":"https:\/\/purenature.lv\/wp-content\/uploads\/2023\/02\/Felicia-spaghetti-brown-rice-spagetid-pruuni-riisi-spagetid.jpg","type":"image\/jpeg"}],"twitter_card":"summary_large_image","schema":{"@context":"https:\/\/schema.org","@graph":[{"@type":"WebPage","@id":"https:\/\/old.elusvali.ee\/lv\/produkts\/brunie-risu-spageti-250g-mahe-biori\/","url":"https:\/\/old.elusvali.ee\/lv\/produkts\/brunie-risu-spageti-250g-mahe-biori\/","name":"Br\u016bnie r\u012bsu spageti 250g, biolo\u0123iski | - Pure Nature","isPartOf":{"@id":"https:\/\/old.elusvali.ee\/lv\/#website"},"primaryImageOfPage":{"@id":"https:\/\/old.elusvali.ee\/lv\/produkts\/brunie-risu-spageti-250g-mahe-biori\/#primaryimage"},"image":{"@id":"https:\/\/old.elusvali.ee\/lv\/produkts\/brunie-risu-spageti-250g-mahe-biori\/#primaryimage"},"thumbnailUrl":"https:\/\/old.elusvali.ee\/wp-content\/uploads\/2023\/02\/Felicia-spaghetti-brown-rice-spagetid-pruuni-riisi-spagetid.jpg","datePublished":"2023-02-03T04:56:04+00:00","dateModified":"2025-06-05T06:48:06+00:00","breadcrumb":{"@id":"https:\/\/old.elusvali.ee\/lv\/produkts\/brunie-risu-spageti-250g-mahe-biori\/#breadcrumb"},"inLanguage":"lv-LV","potentialAction":[{"@type":"ReadAction","target":["https:\/\/old.elusvali.ee\/lv\/produkts\/brunie-risu-spageti-250g-mahe-biori\/"]}]},{"@type":"ImageObject","inLanguage":"lv-LV","@id":"https:\/\/old.elusvali.ee\/lv\/produkts\/brunie-risu-spageti-250g-mahe-biori\/#primaryimage","url":"https:\/\/old.elusvali.ee\/wp-content\/uploads\/2023\/02\/Felicia-spaghetti-brown-rice-spagetid-pruuni-riisi-spagetid.jpg","contentUrl":"https:\/\/old.elusvali.ee\/wp-content\/uploads\/2023\/02\/Felicia-spaghetti-brown-rice-spagetid-pruuni-riisi-spagetid.jpg","width":1192,"height":1000},{"@type":"BreadcrumbList","@id":"https:\/\/old.elusvali.ee\/lv\/produkts\/brunie-risu-spageti-250g-mahe-biori\/#breadcrumb","itemListElement":[{"@type":"ListItem","position":1,"name":"Home","item":"https:\/\/purenature.lv\/"},{"@type":"ListItem","position":2,"name":"E-veikals","item":"https:\/\/purenature.lv\/veikals\/"},{"@type":"ListItem","position":3,"name":"Br\u016bnie r\u012bsu spageti 250g, biolo\u0123iski |"}]},{"@type":"WebSite","@id":"https:\/\/old.elusvali.ee\/lv\/#website","url":"https:\/\/old.elusvali.ee\/lv\/","name":"Elusv\u00e4li","description":"Puhas k&ouml;&ouml;k ja koduapteek","publisher":{"@id":"https:\/\/old.elusvali.ee\/lv\/#organization"},"potentialAction":[{"@type":"SearchAction","target":{"@type":"EntryPoint","urlTemplate":"https:\/\/old.elusvali.ee\/lv\/?s={search_term_string}"},"query-input":{"@type":"PropertyValueSpecification","valueRequired":true,"valueName":"search_term_string"}}],"inLanguage":"lv-LV"},{"@type":"Organization","@id":"https:\/\/old.elusvali.ee\/lv\/#organization","name":"Elusv\u00e4li","url":"https:\/\/old.elusvali.ee\/lv\/","logo":{"@type":"ImageObject","inLanguage":"lv-LV","@id":"https:\/\/old.elusvali.ee\/lv\/#\/schema\/logo\/image\/","url":"https:\/\/purenature.lt\/wp-content\/uploads\/2023\/07\/logo.png","contentUrl":"https:\/\/purenature.lt\/wp-content\/uploads\/2023\/07\/logo.png","width":526,"height":146,"caption":"Elusv\u00e4li"},"image":{"@id":"https:\/\/old.elusvali.ee\/lv\/#\/schema\/logo\/image\/"},"sameAs":["https:\/\/www.facebook.com\/profile.php?id=100064131067985","https:\/\/www.instagram.com\/elusvali\/","https:\/\/www.youtube.com\/@elusvali2110"]}]}},"_links":{"self":[{"href":"https:\/\/old.elusvali.ee\/lv\/wp-json\/wp\/v2\/product\/35950","targetHints":{"allow":["GET"]}}],"collection":[{"href":"https:\/\/old.elusvali.ee\/lv\/wp-json\/wp\/v2\/product"}],"about":[{"href":"https:\/\/old.elusvali.ee\/lv\/wp-json\/wp\/v2\/types\/product"}],"replies":[{"embeddable":true,"href":"https:\/\/old.elusvali.ee\/lv\/wp-json\/wp\/v2\/comments?post=35950"}],"version-history":[{"count":2,"href":"https:\/\/old.elusvali.ee\/lv\/wp-json\/wp\/v2\/product\/35950\/revisions"}],"predecessor-version":[{"id":67062,"href":"https:\/\/old.elusvali.ee\/lv\/wp-json\/wp\/v2\/product\/35950\/revisions\/67062"}],"wp:featuredmedia":[{"embeddable":true,"href":"https:\/\/old.elusvali.ee\/lv\/wp-json\/wp\/v2\/media\/66961"}],"wp:attachment":[{"href":"https:\/\/old.elusvali.ee\/lv\/wp-json\/wp\/v2\/media?parent=35950"}],"wp:term":[{"taxonomy":"product_brand","embeddable":true,"href":"https:\/\/old.elusvali.ee\/lv\/wp-json\/wp\/v2\/product_brand?post=35950"},{"taxonomy":"product_cat","embeddable":true,"href":"https:\/\/old.elusvali.ee\/lv\/wp-json\/wp\/v2\/product_cat?post=35950"},{"taxonomy":"product_tag","embeddable":true,"href":"https:\/\/old.elusvali.ee\/lv\/wp-json\/wp\/v2\/product_tag?post=35950"}],"curies":[{"name":"wp","href":"https:\/\/api.w.org\/{rel}","templated":true}]}}