{"id":35948,"date":"2023-02-02T12:17:14","date_gmt":"2023-02-02T10:17:14","guid":{"rendered":"https:\/\/old.elusvali.ee\/product\/biologiski-audzeti-prunus-risi-fussili-500g-your-organic-nature\/"},"modified":"2025-07-03T16:46:32","modified_gmt":"2025-07-03T13:46:32","slug":"biologiski-audzeti-prunus-risi-fussili-500g-your-organic-nature","status":"publish","type":"product","link":"https:\/\/old.elusvali.ee\/lv\/produkts\/biologiski-audzeti-prunus-risi-fussili-500g-your-organic-nature\/","title":{"rendered":"Biolo\u0123iski audz\u0113ti br\u016bno r\u012bsu fussili &#8211; 500g | Your Organic Nature"},"content":{"rendered":"<p>Your Organic Nature organiskie r\u012bsu makaroni bez glut\u0113na, kas v\u0101r\u012b\u0161anas laik\u0101 nesadal\u0101s un p\u0113c v\u0101r\u012b\u0161anas labi saglab\u0101 savu tekst\u016bru, formu un gar\u0161u.<\/p>\n<p>Organisko un vesel\u012bgo bezglut\u0113na makaronu kategorij\u0101 \u0161ie r\u012bsu makaroni noteikti ir vieni no pieejam\u0101kajiem un cenas un kvalit\u0101tes zi\u0146\u0101 izdev\u012bg\u0101kajiem.<\/p>\n<p>Pateicoties ilgajam der\u012bguma termi\u0146am, \u0161o produktu vienm\u0113r ir v\u0113rts tur\u0113t pieliekamaj\u0101, lai \u0101tri un gar\u0161\u012bgi pagatavotu vesel\u012bgu malt\u012bti.<\/p>\n<p>T\u0101 sast\u0101v\u0101 ir tikai 100% br\u016bno r\u012bsu milti, nekas cits.<\/p>\n<p>Pagatavo\u0161anas laiks: 7 l\u012bdz 9 min\u016btes.<\/p>\n","protected":false},"excerpt":{"rendered":"<p>Br\u016bno r\u012bsu fussili, kas v\u0101r\u012bti nesadal\u0101s. \u013boti laba cenas un kvalit\u0101tes attiec\u012bba.<\/p>\n","protected":false},"featured_media":32247,"comment_status":"open","ping_status":"closed","template":"","meta":{"_acf_changed":false},"product_brand":[],"product_cat":[442,459],"product_tag":[],"class_list":{"0":"post-35948","1":"product","2":"type-product","3":"status-publish","4":"has-post-thumbnail","6":"product_cat-majas-virtuve","7":"product_cat-sausie-izstradajumi","9":"first","10":"instock","11":"taxable","12":"shipping-taxable","13":"purchasable","14":"product-type-simple"},"acf":[],"yoast_head":"<!-- This site is optimized with the Yoast SEO plugin v25.3.1 - https:\/\/yoast.com\/wordpress\/plugins\/seo\/ -->\n<title>Biolo\u0123iski audz\u0113ti br\u016bno r\u012bsu fussili - 500g | Your Organic Nature - Pure Nature<\/title>\n<meta name=\"robots\" content=\"noindex, follow, max-snippet:-1, max-image-preview:large, max-video-preview:-1\" \/>\n<meta property=\"og:locale\" content=\"lv_LV\" \/>\n<meta property=\"og:type\" content=\"article\" \/>\n<meta property=\"og:title\" content=\"Biolo\u0123iski audz\u0113ti br\u016bno r\u012bsu fussili - 500g | Your Organic Nature - Pure Nature\" \/>\n<meta property=\"og:description\" content=\"Br\u016bno r\u012bsu fussili, kas v\u0101r\u012bti nesadal\u0101s. \u013boti laba cenas un kvalit\u0101tes attiec\u012bba.\" \/>\n<meta property=\"og:url\" content=\"https:\/\/old.elusvali.ee\/lv\/produkts\/biologiski-audzeti-prunus-risi-fussili-500g-your-organic-nature\/\" \/>\n<meta property=\"og:site_name\" content=\"Elusv&auml;li\" \/>\n<meta property=\"article:publisher\" content=\"https:\/\/www.facebook.com\/profile.php?id=100064131067985\" \/>\n<meta property=\"article:modified_time\" content=\"2025-07-03T13:46:32+00:00\" \/>\n<meta property=\"og:image\" content=\"https:\/\/purenature.lv\/wp-content\/uploads\/2023\/07\/Pruuni-riisi-pasta-fusilli-500g.jpg\" \/>\n\t<meta property=\"og:image:width\" content=\"1500\" \/>\n\t<meta property=\"og:image:height\" content=\"1500\" \/>\n\t<meta property=\"og:image:type\" content=\"image\/jpeg\" \/>\n<meta name=\"twitter:card\" content=\"summary_large_image\" \/>\n<meta name=\"twitter:label1\" content=\"Est. reading time\" \/>\n\t<meta name=\"twitter:data1\" content=\"1 minute\" \/>\n<script type=\"application\/ld+json\" class=\"yoast-schema-graph\">{\"@context\":\"https:\/\/schema.org\",\"@graph\":[{\"@type\":\"WebPage\",\"@id\":\"https:\/\/old.elusvali.ee\/lv\/produkts\/biologiski-audzeti-prunus-risi-fussili-500g-your-organic-nature\/\",\"url\":\"https:\/\/old.elusvali.ee\/lv\/produkts\/biologiski-audzeti-prunus-risi-fussili-500g-your-organic-nature\/\",\"name\":\"Biolo\u0123iski audz\u0113ti br\u016bno r\u012bsu fussili - 500g | Your Organic Nature - Pure Nature\",\"isPartOf\":{\"@id\":\"https:\/\/old.elusvali.ee\/lv\/#website\"},\"primaryImageOfPage\":{\"@id\":\"https:\/\/old.elusvali.ee\/lv\/produkts\/biologiski-audzeti-prunus-risi-fussili-500g-your-organic-nature\/#primaryimage\"},\"image\":{\"@id\":\"https:\/\/old.elusvali.ee\/lv\/produkts\/biologiski-audzeti-prunus-risi-fussili-500g-your-organic-nature\/#primaryimage\"},\"thumbnailUrl\":\"https:\/\/old.elusvali.ee\/wp-content\/uploads\/2023\/07\/Pruuni-riisi-pasta-fusilli-500g.jpg\",\"datePublished\":\"2023-02-02T10:17:14+00:00\",\"dateModified\":\"2025-07-03T13:46:32+00:00\",\"breadcrumb\":{\"@id\":\"https:\/\/old.elusvali.ee\/lv\/produkts\/biologiski-audzeti-prunus-risi-fussili-500g-your-organic-nature\/#breadcrumb\"},\"inLanguage\":\"lv-LV\",\"potentialAction\":[{\"@type\":\"ReadAction\",\"target\":[\"https:\/\/old.elusvali.ee\/lv\/produkts\/biologiski-audzeti-prunus-risi-fussili-500g-your-organic-nature\/\"]}]},{\"@type\":\"ImageObject\",\"inLanguage\":\"lv-LV\",\"@id\":\"https:\/\/old.elusvali.ee\/lv\/produkts\/biologiski-audzeti-prunus-risi-fussili-500g-your-organic-nature\/#primaryimage\",\"url\":\"https:\/\/old.elusvali.ee\/wp-content\/uploads\/2023\/07\/Pruuni-riisi-pasta-fusilli-500g.jpg\",\"contentUrl\":\"https:\/\/old.elusvali.ee\/wp-content\/uploads\/2023\/07\/Pruuni-riisi-pasta-fusilli-500g.jpg\",\"width\":1500,\"height\":1500,\"caption\":\"Ryziu makaronai be glitimo\"},{\"@type\":\"BreadcrumbList\",\"@id\":\"https:\/\/old.elusvali.ee\/lv\/produkts\/biologiski-audzeti-prunus-risi-fussili-500g-your-organic-nature\/#breadcrumb\",\"itemListElement\":[{\"@type\":\"ListItem\",\"position\":1,\"name\":\"Home\",\"item\":\"https:\/\/purenature.lv\/\"},{\"@type\":\"ListItem\",\"position\":2,\"name\":\"E-veikals\",\"item\":\"https:\/\/purenature.lv\/veikals\/\"},{\"@type\":\"ListItem\",\"position\":3,\"name\":\"Biolo\u0123iski audz\u0113ti br\u016bno r\u012bsu fussili &#8211; 500g | Your Organic Nature\"}]},{\"@type\":\"WebSite\",\"@id\":\"https:\/\/old.elusvali.ee\/lv\/#website\",\"url\":\"https:\/\/old.elusvali.ee\/lv\/\",\"name\":\"Elusv\u00e4li\",\"description\":\"Puhas k&ouml;&ouml;k ja koduapteek\",\"publisher\":{\"@id\":\"https:\/\/old.elusvali.ee\/lv\/#organization\"},\"potentialAction\":[{\"@type\":\"SearchAction\",\"target\":{\"@type\":\"EntryPoint\",\"urlTemplate\":\"https:\/\/old.elusvali.ee\/lv\/?s={search_term_string}\"},\"query-input\":{\"@type\":\"PropertyValueSpecification\",\"valueRequired\":true,\"valueName\":\"search_term_string\"}}],\"inLanguage\":\"lv-LV\"},{\"@type\":\"Organization\",\"@id\":\"https:\/\/old.elusvali.ee\/lv\/#organization\",\"name\":\"Elusv\u00e4li\",\"url\":\"https:\/\/old.elusvali.ee\/lv\/\",\"logo\":{\"@type\":\"ImageObject\",\"inLanguage\":\"lv-LV\",\"@id\":\"https:\/\/old.elusvali.ee\/lv\/#\/schema\/logo\/image\/\",\"url\":\"https:\/\/purenature.lt\/wp-content\/uploads\/2023\/07\/logo.png\",\"contentUrl\":\"https:\/\/purenature.lt\/wp-content\/uploads\/2023\/07\/logo.png\",\"width\":526,\"height\":146,\"caption\":\"Elusv\u00e4li\"},\"image\":{\"@id\":\"https:\/\/old.elusvali.ee\/lv\/#\/schema\/logo\/image\/\"},\"sameAs\":[\"https:\/\/www.facebook.com\/profile.php?id=100064131067985\",\"https:\/\/www.instagram.com\/elusvali\/\",\"https:\/\/www.youtube.com\/@elusvali2110\"]}]}<\/script>\n<!-- \/ Yoast SEO plugin. -->","yoast_head_json":{"title":"Biolo\u0123iski audz\u0113ti br\u016bno r\u012bsu fussili - 500g | Your Organic Nature - Pure Nature","robots":{"index":"noindex","follow":"follow","max-snippet":"max-snippet:-1","max-image-preview":"max-image-preview:large","max-video-preview":"max-video-preview:-1"},"og_locale":"lv_LV","og_type":"article","og_title":"Biolo\u0123iski audz\u0113ti br\u016bno r\u012bsu fussili - 500g | Your Organic Nature - Pure Nature","og_description":"Br\u016bno r\u012bsu fussili, kas v\u0101r\u012bti nesadal\u0101s. \u013boti laba cenas un kvalit\u0101tes attiec\u012bba.","og_url":"https:\/\/old.elusvali.ee\/lv\/produkts\/biologiski-audzeti-prunus-risi-fussili-500g-your-organic-nature\/","og_site_name":"Elusv&auml;li","article_publisher":"https:\/\/www.facebook.com\/profile.php?id=100064131067985","article_modified_time":"2025-07-03T13:46:32+00:00","og_image":[{"width":1500,"height":1500,"url":"https:\/\/purenature.lv\/wp-content\/uploads\/2023\/07\/Pruuni-riisi-pasta-fusilli-500g.jpg","type":"image\/jpeg"}],"twitter_card":"summary_large_image","twitter_misc":{"Est. reading time":"1 minute"},"schema":{"@context":"https:\/\/schema.org","@graph":[{"@type":"WebPage","@id":"https:\/\/old.elusvali.ee\/lv\/produkts\/biologiski-audzeti-prunus-risi-fussili-500g-your-organic-nature\/","url":"https:\/\/old.elusvali.ee\/lv\/produkts\/biologiski-audzeti-prunus-risi-fussili-500g-your-organic-nature\/","name":"Biolo\u0123iski audz\u0113ti br\u016bno r\u012bsu fussili - 500g | Your Organic Nature - Pure Nature","isPartOf":{"@id":"https:\/\/old.elusvali.ee\/lv\/#website"},"primaryImageOfPage":{"@id":"https:\/\/old.elusvali.ee\/lv\/produkts\/biologiski-audzeti-prunus-risi-fussili-500g-your-organic-nature\/#primaryimage"},"image":{"@id":"https:\/\/old.elusvali.ee\/lv\/produkts\/biologiski-audzeti-prunus-risi-fussili-500g-your-organic-nature\/#primaryimage"},"thumbnailUrl":"https:\/\/old.elusvali.ee\/wp-content\/uploads\/2023\/07\/Pruuni-riisi-pasta-fusilli-500g.jpg","datePublished":"2023-02-02T10:17:14+00:00","dateModified":"2025-07-03T13:46:32+00:00","breadcrumb":{"@id":"https:\/\/old.elusvali.ee\/lv\/produkts\/biologiski-audzeti-prunus-risi-fussili-500g-your-organic-nature\/#breadcrumb"},"inLanguage":"lv-LV","potentialAction":[{"@type":"ReadAction","target":["https:\/\/old.elusvali.ee\/lv\/produkts\/biologiski-audzeti-prunus-risi-fussili-500g-your-organic-nature\/"]}]},{"@type":"ImageObject","inLanguage":"lv-LV","@id":"https:\/\/old.elusvali.ee\/lv\/produkts\/biologiski-audzeti-prunus-risi-fussili-500g-your-organic-nature\/#primaryimage","url":"https:\/\/old.elusvali.ee\/wp-content\/uploads\/2023\/07\/Pruuni-riisi-pasta-fusilli-500g.jpg","contentUrl":"https:\/\/old.elusvali.ee\/wp-content\/uploads\/2023\/07\/Pruuni-riisi-pasta-fusilli-500g.jpg","width":1500,"height":1500,"caption":"Ryziu makaronai be glitimo"},{"@type":"BreadcrumbList","@id":"https:\/\/old.elusvali.ee\/lv\/produkts\/biologiski-audzeti-prunus-risi-fussili-500g-your-organic-nature\/#breadcrumb","itemListElement":[{"@type":"ListItem","position":1,"name":"Home","item":"https:\/\/purenature.lv\/"},{"@type":"ListItem","position":2,"name":"E-veikals","item":"https:\/\/purenature.lv\/veikals\/"},{"@type":"ListItem","position":3,"name":"Biolo\u0123iski audz\u0113ti br\u016bno r\u012bsu fussili &#8211; 500g | Your Organic Nature"}]},{"@type":"WebSite","@id":"https:\/\/old.elusvali.ee\/lv\/#website","url":"https:\/\/old.elusvali.ee\/lv\/","name":"Elusv\u00e4li","description":"Puhas k&ouml;&ouml;k ja koduapteek","publisher":{"@id":"https:\/\/old.elusvali.ee\/lv\/#organization"},"potentialAction":[{"@type":"SearchAction","target":{"@type":"EntryPoint","urlTemplate":"https:\/\/old.elusvali.ee\/lv\/?s={search_term_string}"},"query-input":{"@type":"PropertyValueSpecification","valueRequired":true,"valueName":"search_term_string"}}],"inLanguage":"lv-LV"},{"@type":"Organization","@id":"https:\/\/old.elusvali.ee\/lv\/#organization","name":"Elusv\u00e4li","url":"https:\/\/old.elusvali.ee\/lv\/","logo":{"@type":"ImageObject","inLanguage":"lv-LV","@id":"https:\/\/old.elusvali.ee\/lv\/#\/schema\/logo\/image\/","url":"https:\/\/purenature.lt\/wp-content\/uploads\/2023\/07\/logo.png","contentUrl":"https:\/\/purenature.lt\/wp-content\/uploads\/2023\/07\/logo.png","width":526,"height":146,"caption":"Elusv\u00e4li"},"image":{"@id":"https:\/\/old.elusvali.ee\/lv\/#\/schema\/logo\/image\/"},"sameAs":["https:\/\/www.facebook.com\/profile.php?id=100064131067985","https:\/\/www.instagram.com\/elusvali\/","https:\/\/www.youtube.com\/@elusvali2110"]}]}},"_links":{"self":[{"href":"https:\/\/old.elusvali.ee\/lv\/wp-json\/wp\/v2\/product\/35948","targetHints":{"allow":["GET"]}}],"collection":[{"href":"https:\/\/old.elusvali.ee\/lv\/wp-json\/wp\/v2\/product"}],"about":[{"href":"https:\/\/old.elusvali.ee\/lv\/wp-json\/wp\/v2\/types\/product"}],"replies":[{"embeddable":true,"href":"https:\/\/old.elusvali.ee\/lv\/wp-json\/wp\/v2\/comments?post=35948"}],"version-history":[{"count":1,"href":"https:\/\/old.elusvali.ee\/lv\/wp-json\/wp\/v2\/product\/35948\/revisions"}],"predecessor-version":[{"id":63565,"href":"https:\/\/old.elusvali.ee\/lv\/wp-json\/wp\/v2\/product\/35948\/revisions\/63565"}],"wp:featuredmedia":[{"embeddable":true,"href":"https:\/\/old.elusvali.ee\/lv\/wp-json\/wp\/v2\/media\/32247"}],"wp:attachment":[{"href":"https:\/\/old.elusvali.ee\/lv\/wp-json\/wp\/v2\/media?parent=35948"}],"wp:term":[{"taxonomy":"product_brand","embeddable":true,"href":"https:\/\/old.elusvali.ee\/lv\/wp-json\/wp\/v2\/product_brand?post=35948"},{"taxonomy":"product_cat","embeddable":true,"href":"https:\/\/old.elusvali.ee\/lv\/wp-json\/wp\/v2\/product_cat?post=35948"},{"taxonomy":"product_tag","embeddable":true,"href":"https:\/\/old.elusvali.ee\/lv\/wp-json\/wp\/v2\/product_tag?post=35948"}],"curies":[{"name":"wp","href":"https:\/\/api.w.org\/{rel}","templated":true}]}}