{"id":35946,"date":"2023-03-14T17:48:37","date_gmt":"2023-03-14T15:48:37","guid":{"rendered":"https:\/\/old.elusvali.ee\/product\/maranta-saknu-milti-arrowroot-250g\/"},"modified":"2025-06-12T20:49:27","modified_gmt":"2025-06-12T17:49:27","slug":"maranta-saknu-milti-arrowroot-250g","status":"publish","type":"product","link":"https:\/\/old.elusvali.ee\/lv\/produkts\/maranta-saknu-milti-arrowroot-250g\/","title":{"rendered":"Marantas sak\u0146u milti (aror\u016btas) &#8211; 250g"},"content":{"rendered":"<div class=\"mb-3 product-characteristics\" data-v-14376a0b=\"\">\n<div data-v-14376a0b=\"\">Maranta, aror\u016btas milti, aror\u016bta un ar\u012b aror\u016btas sak\u0146u milti &#8211; visi \u0161ie nosaukumi parasti attiecas uz vienu un to pa\u0161u produktu. Tie ir milti, ko ieg\u016bst no tropu izcelsmes auga marantas sakn\u0113m. Maranta ir \u0101rstniec\u012bbas augs, t\u0101p\u0113c t\u0101s milti nesatur graudus.<\/div>\n<div data-v-14376a0b=\"\"><\/div>\n<\/div>\n<div data-v-14376a0b=\"\">Labi piem\u0113rots k\u0101 biezin\u0101t\u0101js zup\u0101s vai konditorejas izstr\u0101d\u0101jumos. Daudz\u0101s recept\u0113s kukur\u016bzas miltus vai kukur\u016bzas cieti aizst\u0101j ar marantas sak\u0146u miltiem.<\/div>\n<div data-v-14376a0b=\"\"><\/div>\n<div data-v-14376a0b=\"\"><strong>Sast\u0101vs:<\/strong> marantas sakne no sertific\u0113tas biolo\u0123isk\u0101s lauksaimniec\u012bbas.<br \/>\nbez \u0122MO, bez lipek\u013ca, bez graudaugiem, bez riekstiem, biolo\u0123iski.<\/div>\n<div data-v-14376a0b=\"\"><\/div>\n<div data-v-14376a0b=\"\">Izmantojiet 1 \u0113damkaroti miltu uz 250 ml \u0161\u0137idruma. Pirms lieto\u0161anas iz\u0161\u0137\u012bdiniet aukst\u0101 \u016bden\u012b.<\/div>\n<div data-v-14376a0b=\"\"><\/div>\n<div data-v-14376a0b=\"\">Marantas miltus var izmantot, piem\u0113ram, <a href=\"https:\/\/purenature.lv\/?p=29246\">lai pagatavotu gais\u012bgas pank\u016bkas.<\/a><\/div>\n<div data-v-14376a0b=\"\"><\/div>\n","protected":false},"excerpt":{"rendered":"<p>Marantas saknes milti ir ciete, kas ieg\u016bta no tropu auga marantas saknes un ir ide\u0101li piem\u0113rota k\u0101 biezin\u0101t\u0101js zup\u0101s vai konditorejas izstr\u0101d\u0101jumos. Daudz\u0101s recept\u0113s kukur\u016bzas miltus vai kukur\u016bzas cieti aizst\u0101j ar marantas sak\u0146u miltiem.<\/p>\n","protected":false},"featured_media":32257,"comment_status":"open","ping_status":"closed","template":"","meta":{"_acf_changed":false},"product_brand":[],"product_cat":[442,459],"product_tag":[],"class_list":{"0":"post-35946","1":"product","2":"type-product","3":"status-publish","4":"has-post-thumbnail","6":"product_cat-majas-virtuve","7":"product_cat-sausie-izstradajumi","9":"first","10":"instock","11":"taxable","12":"shipping-taxable","13":"purchasable","14":"product-type-simple"},"acf":[],"yoast_head":"<!-- This site is optimized with the Yoast SEO plugin v25.3.1 - https:\/\/yoast.com\/wordpress\/plugins\/seo\/ -->\n<title>Marantas sak\u0146u milti (aror\u016btas) - 250g - Pure Nature<\/title>\n<meta name=\"robots\" content=\"noindex, follow, max-snippet:-1, max-image-preview:large, max-video-preview:-1\" \/>\n<meta property=\"og:locale\" content=\"lv_LV\" \/>\n<meta property=\"og:type\" content=\"article\" \/>\n<meta property=\"og:title\" content=\"Marantas sak\u0146u milti (aror\u016btas) - 250g - Pure Nature\" \/>\n<meta property=\"og:description\" content=\"Marantas saknes milti ir ciete, kas ieg\u016bta no tropu auga marantas saknes un ir ide\u0101li piem\u0113rota k\u0101 biezin\u0101t\u0101js zup\u0101s vai konditorejas izstr\u0101d\u0101jumos. Daudz\u0101s recept\u0113s kukur\u016bzas miltus vai kukur\u016bzas cieti aizst\u0101j ar marantas sak\u0146u miltiem.\" \/>\n<meta property=\"og:url\" content=\"https:\/\/old.elusvali.ee\/lv\/produkts\/maranta-saknu-milti-arrowroot-250g\/\" \/>\n<meta property=\"og:site_name\" content=\"Elusv&auml;li\" \/>\n<meta property=\"article:publisher\" content=\"https:\/\/www.facebook.com\/profile.php?id=100064131067985\" \/>\n<meta property=\"article:modified_time\" content=\"2025-06-12T17:49:27+00:00\" \/>\n<meta property=\"og:image\" content=\"https:\/\/purenature.lv\/wp-content\/uploads\/2023\/07\/Piec-Prezemian-Maranta-juur-arrowroot-jahu.jpg\" \/>\n\t<meta property=\"og:image:width\" content=\"1500\" \/>\n\t<meta property=\"og:image:height\" content=\"1500\" \/>\n\t<meta property=\"og:image:type\" content=\"image\/jpeg\" \/>\n<meta name=\"twitter:card\" content=\"summary_large_image\" \/>\n<meta name=\"twitter:label1\" content=\"Est. reading time\" \/>\n\t<meta name=\"twitter:data1\" content=\"1 minute\" \/>\n<script type=\"application\/ld+json\" class=\"yoast-schema-graph\">{\"@context\":\"https:\/\/schema.org\",\"@graph\":[{\"@type\":\"WebPage\",\"@id\":\"https:\/\/old.elusvali.ee\/lv\/produkts\/maranta-saknu-milti-arrowroot-250g\/\",\"url\":\"https:\/\/old.elusvali.ee\/lv\/produkts\/maranta-saknu-milti-arrowroot-250g\/\",\"name\":\"Marantas sak\u0146u milti (aror\u016btas) - 250g - Pure Nature\",\"isPartOf\":{\"@id\":\"https:\/\/old.elusvali.ee\/lv\/#website\"},\"primaryImageOfPage\":{\"@id\":\"https:\/\/old.elusvali.ee\/lv\/produkts\/maranta-saknu-milti-arrowroot-250g\/#primaryimage\"},\"image\":{\"@id\":\"https:\/\/old.elusvali.ee\/lv\/produkts\/maranta-saknu-milti-arrowroot-250g\/#primaryimage\"},\"thumbnailUrl\":\"https:\/\/old.elusvali.ee\/wp-content\/uploads\/2023\/07\/Piec-Prezemian-Maranta-juur-arrowroot-jahu.jpg\",\"datePublished\":\"2023-03-14T15:48:37+00:00\",\"dateModified\":\"2025-06-12T17:49:27+00:00\",\"breadcrumb\":{\"@id\":\"https:\/\/old.elusvali.ee\/lv\/produkts\/maranta-saknu-milti-arrowroot-250g\/#breadcrumb\"},\"inLanguage\":\"lv-LV\",\"potentialAction\":[{\"@type\":\"ReadAction\",\"target\":[\"https:\/\/old.elusvali.ee\/lv\/produkts\/maranta-saknu-milti-arrowroot-250g\/\"]}]},{\"@type\":\"ImageObject\",\"inLanguage\":\"lv-LV\",\"@id\":\"https:\/\/old.elusvali.ee\/lv\/produkts\/maranta-saknu-milti-arrowroot-250g\/#primaryimage\",\"url\":\"https:\/\/old.elusvali.ee\/wp-content\/uploads\/2023\/07\/Piec-Prezemian-Maranta-juur-arrowroot-jahu.jpg\",\"contentUrl\":\"https:\/\/old.elusvali.ee\/wp-content\/uploads\/2023\/07\/Piec-Prezemian-Maranta-juur-arrowroot-jahu.jpg\",\"width\":1500,\"height\":1500},{\"@type\":\"BreadcrumbList\",\"@id\":\"https:\/\/old.elusvali.ee\/lv\/produkts\/maranta-saknu-milti-arrowroot-250g\/#breadcrumb\",\"itemListElement\":[{\"@type\":\"ListItem\",\"position\":1,\"name\":\"Home\",\"item\":\"https:\/\/purenature.lv\/\"},{\"@type\":\"ListItem\",\"position\":2,\"name\":\"E-veikals\",\"item\":\"https:\/\/purenature.lv\/veikals\/\"},{\"@type\":\"ListItem\",\"position\":3,\"name\":\"Marantas sak\u0146u milti (aror\u016btas) &#8211; 250g\"}]},{\"@type\":\"WebSite\",\"@id\":\"https:\/\/old.elusvali.ee\/lv\/#website\",\"url\":\"https:\/\/old.elusvali.ee\/lv\/\",\"name\":\"Elusv\u00e4li\",\"description\":\"Puhas k&ouml;&ouml;k ja koduapteek\",\"publisher\":{\"@id\":\"https:\/\/old.elusvali.ee\/lv\/#organization\"},\"potentialAction\":[{\"@type\":\"SearchAction\",\"target\":{\"@type\":\"EntryPoint\",\"urlTemplate\":\"https:\/\/old.elusvali.ee\/lv\/?s={search_term_string}\"},\"query-input\":{\"@type\":\"PropertyValueSpecification\",\"valueRequired\":true,\"valueName\":\"search_term_string\"}}],\"inLanguage\":\"lv-LV\"},{\"@type\":\"Organization\",\"@id\":\"https:\/\/old.elusvali.ee\/lv\/#organization\",\"name\":\"Elusv\u00e4li\",\"url\":\"https:\/\/old.elusvali.ee\/lv\/\",\"logo\":{\"@type\":\"ImageObject\",\"inLanguage\":\"lv-LV\",\"@id\":\"https:\/\/old.elusvali.ee\/lv\/#\/schema\/logo\/image\/\",\"url\":\"https:\/\/purenature.lt\/wp-content\/uploads\/2023\/07\/logo.png\",\"contentUrl\":\"https:\/\/purenature.lt\/wp-content\/uploads\/2023\/07\/logo.png\",\"width\":526,\"height\":146,\"caption\":\"Elusv\u00e4li\"},\"image\":{\"@id\":\"https:\/\/old.elusvali.ee\/lv\/#\/schema\/logo\/image\/\"},\"sameAs\":[\"https:\/\/www.facebook.com\/profile.php?id=100064131067985\",\"https:\/\/www.instagram.com\/elusvali\/\",\"https:\/\/www.youtube.com\/@elusvali2110\"]}]}<\/script>\n<!-- \/ Yoast SEO plugin. -->","yoast_head_json":{"title":"Marantas sak\u0146u milti (aror\u016btas) - 250g - Pure Nature","robots":{"index":"noindex","follow":"follow","max-snippet":"max-snippet:-1","max-image-preview":"max-image-preview:large","max-video-preview":"max-video-preview:-1"},"og_locale":"lv_LV","og_type":"article","og_title":"Marantas sak\u0146u milti (aror\u016btas) - 250g - Pure Nature","og_description":"Marantas saknes milti ir ciete, kas ieg\u016bta no tropu auga marantas saknes un ir ide\u0101li piem\u0113rota k\u0101 biezin\u0101t\u0101js zup\u0101s vai konditorejas izstr\u0101d\u0101jumos. Daudz\u0101s recept\u0113s kukur\u016bzas miltus vai kukur\u016bzas cieti aizst\u0101j ar marantas sak\u0146u miltiem.","og_url":"https:\/\/old.elusvali.ee\/lv\/produkts\/maranta-saknu-milti-arrowroot-250g\/","og_site_name":"Elusv&auml;li","article_publisher":"https:\/\/www.facebook.com\/profile.php?id=100064131067985","article_modified_time":"2025-06-12T17:49:27+00:00","og_image":[{"width":1500,"height":1500,"url":"https:\/\/purenature.lv\/wp-content\/uploads\/2023\/07\/Piec-Prezemian-Maranta-juur-arrowroot-jahu.jpg","type":"image\/jpeg"}],"twitter_card":"summary_large_image","twitter_misc":{"Est. reading time":"1 minute"},"schema":{"@context":"https:\/\/schema.org","@graph":[{"@type":"WebPage","@id":"https:\/\/old.elusvali.ee\/lv\/produkts\/maranta-saknu-milti-arrowroot-250g\/","url":"https:\/\/old.elusvali.ee\/lv\/produkts\/maranta-saknu-milti-arrowroot-250g\/","name":"Marantas sak\u0146u milti (aror\u016btas) - 250g - Pure Nature","isPartOf":{"@id":"https:\/\/old.elusvali.ee\/lv\/#website"},"primaryImageOfPage":{"@id":"https:\/\/old.elusvali.ee\/lv\/produkts\/maranta-saknu-milti-arrowroot-250g\/#primaryimage"},"image":{"@id":"https:\/\/old.elusvali.ee\/lv\/produkts\/maranta-saknu-milti-arrowroot-250g\/#primaryimage"},"thumbnailUrl":"https:\/\/old.elusvali.ee\/wp-content\/uploads\/2023\/07\/Piec-Prezemian-Maranta-juur-arrowroot-jahu.jpg","datePublished":"2023-03-14T15:48:37+00:00","dateModified":"2025-06-12T17:49:27+00:00","breadcrumb":{"@id":"https:\/\/old.elusvali.ee\/lv\/produkts\/maranta-saknu-milti-arrowroot-250g\/#breadcrumb"},"inLanguage":"lv-LV","potentialAction":[{"@type":"ReadAction","target":["https:\/\/old.elusvali.ee\/lv\/produkts\/maranta-saknu-milti-arrowroot-250g\/"]}]},{"@type":"ImageObject","inLanguage":"lv-LV","@id":"https:\/\/old.elusvali.ee\/lv\/produkts\/maranta-saknu-milti-arrowroot-250g\/#primaryimage","url":"https:\/\/old.elusvali.ee\/wp-content\/uploads\/2023\/07\/Piec-Prezemian-Maranta-juur-arrowroot-jahu.jpg","contentUrl":"https:\/\/old.elusvali.ee\/wp-content\/uploads\/2023\/07\/Piec-Prezemian-Maranta-juur-arrowroot-jahu.jpg","width":1500,"height":1500},{"@type":"BreadcrumbList","@id":"https:\/\/old.elusvali.ee\/lv\/produkts\/maranta-saknu-milti-arrowroot-250g\/#breadcrumb","itemListElement":[{"@type":"ListItem","position":1,"name":"Home","item":"https:\/\/purenature.lv\/"},{"@type":"ListItem","position":2,"name":"E-veikals","item":"https:\/\/purenature.lv\/veikals\/"},{"@type":"ListItem","position":3,"name":"Marantas sak\u0146u milti (aror\u016btas) &#8211; 250g"}]},{"@type":"WebSite","@id":"https:\/\/old.elusvali.ee\/lv\/#website","url":"https:\/\/old.elusvali.ee\/lv\/","name":"Elusv\u00e4li","description":"Puhas k&ouml;&ouml;k ja koduapteek","publisher":{"@id":"https:\/\/old.elusvali.ee\/lv\/#organization"},"potentialAction":[{"@type":"SearchAction","target":{"@type":"EntryPoint","urlTemplate":"https:\/\/old.elusvali.ee\/lv\/?s={search_term_string}"},"query-input":{"@type":"PropertyValueSpecification","valueRequired":true,"valueName":"search_term_string"}}],"inLanguage":"lv-LV"},{"@type":"Organization","@id":"https:\/\/old.elusvali.ee\/lv\/#organization","name":"Elusv\u00e4li","url":"https:\/\/old.elusvali.ee\/lv\/","logo":{"@type":"ImageObject","inLanguage":"lv-LV","@id":"https:\/\/old.elusvali.ee\/lv\/#\/schema\/logo\/image\/","url":"https:\/\/purenature.lt\/wp-content\/uploads\/2023\/07\/logo.png","contentUrl":"https:\/\/purenature.lt\/wp-content\/uploads\/2023\/07\/logo.png","width":526,"height":146,"caption":"Elusv\u00e4li"},"image":{"@id":"https:\/\/old.elusvali.ee\/lv\/#\/schema\/logo\/image\/"},"sameAs":["https:\/\/www.facebook.com\/profile.php?id=100064131067985","https:\/\/www.instagram.com\/elusvali\/","https:\/\/www.youtube.com\/@elusvali2110"]}]}},"_links":{"self":[{"href":"https:\/\/old.elusvali.ee\/lv\/wp-json\/wp\/v2\/product\/35946","targetHints":{"allow":["GET"]}}],"collection":[{"href":"https:\/\/old.elusvali.ee\/lv\/wp-json\/wp\/v2\/product"}],"about":[{"href":"https:\/\/old.elusvali.ee\/lv\/wp-json\/wp\/v2\/types\/product"}],"replies":[{"embeddable":true,"href":"https:\/\/old.elusvali.ee\/lv\/wp-json\/wp\/v2\/comments?post=35946"}],"version-history":[{"count":1,"href":"https:\/\/old.elusvali.ee\/lv\/wp-json\/wp\/v2\/product\/35946\/revisions"}],"predecessor-version":[{"id":63564,"href":"https:\/\/old.elusvali.ee\/lv\/wp-json\/wp\/v2\/product\/35946\/revisions\/63564"}],"wp:featuredmedia":[{"embeddable":true,"href":"https:\/\/old.elusvali.ee\/lv\/wp-json\/wp\/v2\/media\/32257"}],"wp:attachment":[{"href":"https:\/\/old.elusvali.ee\/lv\/wp-json\/wp\/v2\/media?parent=35946"}],"wp:term":[{"taxonomy":"product_brand","embeddable":true,"href":"https:\/\/old.elusvali.ee\/lv\/wp-json\/wp\/v2\/product_brand?post=35946"},{"taxonomy":"product_cat","embeddable":true,"href":"https:\/\/old.elusvali.ee\/lv\/wp-json\/wp\/v2\/product_cat?post=35946"},{"taxonomy":"product_tag","embeddable":true,"href":"https:\/\/old.elusvali.ee\/lv\/wp-json\/wp\/v2\/product_tag?post=35946"}],"curies":[{"name":"wp","href":"https:\/\/api.w.org\/{rel}","templated":true}]}}