{"id":35939,"date":"2023-07-18T18:37:50","date_gmt":"2023-07-18T15:37:50","guid":{"rendered":"https:\/\/old.elusvali.ee\/product\/biologiski-audzetas-prosa-600g-foodin\/"},"modified":"2025-05-19T14:16:31","modified_gmt":"2025-05-19T11:16:31","slug":"biologiski-audzetas-prosa-600g-foodin","status":"publish","type":"product","link":"https:\/\/old.elusvali.ee\/lv\/produkts\/biologiski-audzetas-prosa-600g-foodin\/","title":{"rendered":"Biolo\u0123iski audz\u0113ta prosa 600g | Foodin"},"content":{"rendered":"<h1>K\u0100 \u0160ODIEN IR AR PROSU R\u012aSU VIET\u0100?<\/h1>\n<p>Prosa <em>(Panicum miliaceum)<\/em>, kas nesatur lipekli un ir biolo\u0123iski audz\u0113ta, iesp\u0113jams, ir viena no sen\u0101kaj\u0101m graudaugu kult\u016br\u0101m pasaul\u0113, un joproj\u0101m tiek audz\u0113ta vis\u0101 pasaul\u0113. Lauksaimniec\u012bb\u0101 to izmanto jau t\u016bksto\u0161iem gadu, un to jau nov\u0113rt\u0113 daudzi viet\u0113jie iedz\u012bvot\u0101ji. Prosa Eirop\u0101 tiek audz\u0113ta jau vair\u0101k nek\u0101 6000 gadu.<\/p>\n<p>Prosa ir \u013coti viegli piel\u0101gojama un labi aug saus\u0101 un karst\u0101 klimat\u0101. T\u0101p\u0113c prosa ir popul\u0101ra kult\u016bra jaunatt\u012bst\u012bbas valst\u012bs. Prosai ir \u0101rk\u0101rt\u012bgi \u012bss ve\u0123et\u0101cijas periods, un ra\u017ea var b\u016bt gatava nov\u0101k\u0161anai jau divus m\u0113ne\u0161us p\u0113c iest\u0101d\u012b\u0161anas. Prosas straujais aug\u0161anas temps noteikti ir veicin\u0101jis t\u0101s popularit\u0101ti.<\/p>\n<p>Lob\u012bta prosa ir olbaltumvielu avots, un t\u0101 ir piem\u0113rota da\u017e\u0101d\u0101m di\u0113t\u0101m. Prosa ir graudaugi, kas nesatur lipekli, t\u0101p\u0113c ir laba izv\u0113le cilv\u0113kiem ar celiakiju. Prosu var izmantot k\u0101 piedevu l\u012bdz\u012bgi k\u0101 r\u012bsus vai v\u0101r\u012bt ilg\u0101k un pagatavot no t\u0101s putru. M\u0113rc\u0113ta un lob\u012bta prosa ir lieliski piem\u0113rota ar\u012b neapstr\u0101d\u0101tai putrai un neapstr\u0101d\u0101tai maizei.<\/p>\n<p><strong>K\u0100 PAGATAVOT PROSU<\/strong><br \/>\nNoskalojiet prosu. V\u0101ra 1 da\u013cu noskalotas prosas 3 da\u013c\u0101s \u016bdens apm\u0113ram 25 min\u016btes.<\/p>\n<p><strong>FOODIN P\u0101k\u0161augi un graudaugi<\/strong><br \/>\nP\u0101k\u0161augi un graudaugi ir daudzpus\u012bgas bezglut\u0113na alternat\u012bvas cep\u0161anai, v\u0101r\u012b\u0161anai un uzkod\u0101m. Pieaugot bezglut\u0113na cep\u0161anas un gatavo\u0161anas popularit\u0101tei, l\u012bdz\u0101s tradicion\u0101lajiem makaroniem, r\u012bsiem un auz\u0101m savu vietu atradu\u0161i ar\u012b amarants, kvinoja un prosa.<\/p>\n<p>Pat ja esat vienk\u0101r\u0161u \u0113dienu cien\u012bt\u0101js, nebaidieties no jaun\u0101m alternat\u012bv\u0101m &#8211; bezglut\u0113na p\u0101rslas un graudus ir viegli izmantot. Viss, kas jums nepiecie\u0161ams, ir verdo\u0161s \u016bdens un iecien\u012bt\u0101k\u0101s gar\u0161vielas. Amaranta un prosas putras tiek gatavotas, v\u0101rot nedaudz ilg\u0101k nek\u0101 parast\u0101s auzu p\u0101rslas. Varat ar\u012b veidot jaunas da\u017e\u0101du p\u0101rslu kombin\u0101cijas un izdom\u0101t piln\u012bgi jaunus izmanto\u0161anas veidus! Daudz\u0101m putr\u0101m var pie\u0161\u0137irt jaunu elpu, ja t\u0101s ir paliku\u0161as p\u0101ri no brokast\u012bm. Tikai j\u016bsu izt\u0113le ir robe\u017ea!<\/p>\n","protected":false},"excerpt":{"rendered":"<p>Prosa <em>(Panicum miliaceum)<\/em>, kas nesatur lipekli un ir biolo\u0123iski audz\u0113ta, iesp\u0113jams, ir viena no sen\u0101kaj\u0101m graudaugu kult\u016br\u0101m pasaul\u0113, un joproj\u0101m tiek audz\u0113ta vis\u0101 pasaul\u0113. Lauksaimniec\u012bb\u0101 to izmanto jau t\u016bksto\u0161iem gadu, un to jau nov\u0113rt\u0113 daudzi viet\u0113jie iedz\u012bvot\u0101ji. Prosa Eirop\u0101 tiek audz\u0113ta jau vair\u0101k nek\u0101 6000 gadu.<\/p>\n<p>Lob\u012bta prosa ir olbaltumvielu avots, un t\u0101 ir piem\u0113rotas da\u017e\u0101d\u0101m di\u0113t\u0101m. Prosa ir graudaugi, kas nesatur lipekli, t\u0101p\u0113c ir laba izv\u0113le cilv\u0113kiem ar celiakiju. Prosu var izmantot k\u0101 piedevu l\u012bdz\u012bgi k\u0101 r\u012bsus vai v\u0101r\u012bt ilg\u0101k un pagatavot no t\u0101s putru. M\u0113rc\u0113ta un lob\u012bta prosa ir lieliski piem\u0113rotas ar\u012b neapstr\u0101d\u0101tai putrai un neapstr\u0101d\u0101tai maizei.<\/p>\n","protected":false},"featured_media":32741,"comment_status":"open","ping_status":"closed","template":"","meta":{"_acf_changed":false},"product_brand":[],"product_cat":[442,459],"product_tag":[461],"class_list":{"0":"post-35939","1":"product","2":"type-product","3":"status-publish","4":"has-post-thumbnail","6":"product_cat-majas-virtuve","7":"product_cat-sausie-izstradajumi","8":"product_tag-foodin-lv","10":"first","11":"instock","12":"taxable","13":"shipping-taxable","14":"purchasable","15":"product-type-simple"},"acf":[],"yoast_head":"<!-- This site is optimized with the Yoast SEO plugin v25.3.1 - https:\/\/yoast.com\/wordpress\/plugins\/seo\/ -->\n<title>Biolo\u0123iski audz\u0113ta prosa 600g | Foodin - Pure Nature<\/title>\n<meta name=\"description\" content=\"Lob\u012bta prosa ir olbaltumvielu avots, un t\u0101 ir piem\u0113rota da\u017e\u0101d\u0101m di\u0113t\u0101m. Prosa ir graudaugi, kas nesatur lipekli, t\u0101p\u0113c ir laba izv\u0113le cilv\u0113kiem ar celiakiju.\" \/>\n<meta name=\"robots\" content=\"noindex, follow, max-snippet:-1, max-image-preview:large, max-video-preview:-1\" \/>\n<meta property=\"og:locale\" content=\"lv_LV\" \/>\n<meta property=\"og:type\" content=\"article\" \/>\n<meta property=\"og:title\" content=\"Biolo\u0123iski audz\u0113ta prosa 600g | Foodin - Pure Nature\" \/>\n<meta property=\"og:description\" content=\"Lob\u012bta prosa ir olbaltumvielu avots, un t\u0101 ir piem\u0113rota da\u017e\u0101d\u0101m di\u0113t\u0101m. Prosa ir graudaugi, kas nesatur lipekli, t\u0101p\u0113c ir laba izv\u0113le cilv\u0113kiem ar celiakiju.\" \/>\n<meta property=\"og:url\" content=\"https:\/\/old.elusvali.ee\/lv\/produkts\/biologiski-audzetas-prosa-600g-foodin\/\" \/>\n<meta property=\"og:site_name\" content=\"Elusv&auml;li\" \/>\n<meta property=\"article:publisher\" content=\"https:\/\/www.facebook.com\/profile.php?id=100064131067985\" \/>\n<meta property=\"article:modified_time\" content=\"2025-05-19T11:16:31+00:00\" \/>\n<meta property=\"og:image\" content=\"https:\/\/old.elusvali.ee\/wp-content\/uploads\/2023\/07\/KuorittuHirssi_600g.png\" \/>\n\t<meta property=\"og:image:width\" content=\"1200\" \/>\n\t<meta property=\"og:image:height\" content=\"1200\" \/>\n\t<meta property=\"og:image:type\" content=\"image\/png\" \/>\n<meta name=\"twitter:card\" content=\"summary_large_image\" \/>\n<meta name=\"twitter:label1\" content=\"Est. reading time\" \/>\n\t<meta name=\"twitter:data1\" content=\"2 minutes\" \/>\n<script type=\"application\/ld+json\" class=\"yoast-schema-graph\">{\"@context\":\"https:\/\/schema.org\",\"@graph\":[{\"@type\":\"WebPage\",\"@id\":\"https:\/\/old.elusvali.ee\/lv\/produkts\/biologiski-audzetas-prosa-600g-foodin\/\",\"url\":\"https:\/\/old.elusvali.ee\/lv\/produkts\/biologiski-audzetas-prosa-600g-foodin\/\",\"name\":\"Biolo\u0123iski audz\u0113ta prosa 600g | Foodin - Pure Nature\",\"isPartOf\":{\"@id\":\"https:\/\/old.elusvali.ee\/lv\/#website\"},\"primaryImageOfPage\":{\"@id\":\"https:\/\/old.elusvali.ee\/lv\/produkts\/biologiski-audzetas-prosa-600g-foodin\/#primaryimage\"},\"image\":{\"@id\":\"https:\/\/old.elusvali.ee\/lv\/produkts\/biologiski-audzetas-prosa-600g-foodin\/#primaryimage\"},\"thumbnailUrl\":\"https:\/\/old.elusvali.ee\/wp-content\/uploads\/2023\/07\/KuorittuHirssi_600g.png\",\"datePublished\":\"2023-07-18T15:37:50+00:00\",\"dateModified\":\"2025-05-19T11:16:31+00:00\",\"description\":\"Lob\u012bta prosa ir olbaltumvielu avots, un t\u0101 ir piem\u0113rota da\u017e\u0101d\u0101m di\u0113t\u0101m. Prosa ir graudaugi, kas nesatur lipekli, t\u0101p\u0113c ir laba izv\u0113le cilv\u0113kiem ar celiakiju.\",\"breadcrumb\":{\"@id\":\"https:\/\/old.elusvali.ee\/lv\/produkts\/biologiski-audzetas-prosa-600g-foodin\/#breadcrumb\"},\"inLanguage\":\"lv-LV\",\"potentialAction\":[{\"@type\":\"ReadAction\",\"target\":[\"https:\/\/old.elusvali.ee\/lv\/produkts\/biologiski-audzetas-prosa-600g-foodin\/\"]}]},{\"@type\":\"ImageObject\",\"inLanguage\":\"lv-LV\",\"@id\":\"https:\/\/old.elusvali.ee\/lv\/produkts\/biologiski-audzetas-prosa-600g-foodin\/#primaryimage\",\"url\":\"https:\/\/old.elusvali.ee\/wp-content\/uploads\/2023\/07\/KuorittuHirssi_600g.png\",\"contentUrl\":\"https:\/\/old.elusvali.ee\/wp-content\/uploads\/2023\/07\/KuorittuHirssi_600g.png\",\"width\":1200,\"height\":1200,\"caption\":\"Ekologiskos soros\"},{\"@type\":\"BreadcrumbList\",\"@id\":\"https:\/\/old.elusvali.ee\/lv\/produkts\/biologiski-audzetas-prosa-600g-foodin\/#breadcrumb\",\"itemListElement\":[{\"@type\":\"ListItem\",\"position\":1,\"name\":\"Home\",\"item\":\"https:\/\/purenature.lv\/\"},{\"@type\":\"ListItem\",\"position\":2,\"name\":\"E-veikals\",\"item\":\"https:\/\/purenature.lv\/veikals\/\"},{\"@type\":\"ListItem\",\"position\":3,\"name\":\"Biolo\u0123iski audz\u0113ta prosa 600g | Foodin\"}]},{\"@type\":\"WebSite\",\"@id\":\"https:\/\/old.elusvali.ee\/lv\/#website\",\"url\":\"https:\/\/old.elusvali.ee\/lv\/\",\"name\":\"Elusv\u00e4li\",\"description\":\"Puhas k&ouml;&ouml;k ja koduapteek\",\"publisher\":{\"@id\":\"https:\/\/old.elusvali.ee\/lv\/#organization\"},\"potentialAction\":[{\"@type\":\"SearchAction\",\"target\":{\"@type\":\"EntryPoint\",\"urlTemplate\":\"https:\/\/old.elusvali.ee\/lv\/?s={search_term_string}\"},\"query-input\":{\"@type\":\"PropertyValueSpecification\",\"valueRequired\":true,\"valueName\":\"search_term_string\"}}],\"inLanguage\":\"lv-LV\"},{\"@type\":\"Organization\",\"@id\":\"https:\/\/old.elusvali.ee\/lv\/#organization\",\"name\":\"Elusv\u00e4li\",\"url\":\"https:\/\/old.elusvali.ee\/lv\/\",\"logo\":{\"@type\":\"ImageObject\",\"inLanguage\":\"lv-LV\",\"@id\":\"https:\/\/old.elusvali.ee\/lv\/#\/schema\/logo\/image\/\",\"url\":\"https:\/\/purenature.lt\/wp-content\/uploads\/2023\/07\/logo.png\",\"contentUrl\":\"https:\/\/purenature.lt\/wp-content\/uploads\/2023\/07\/logo.png\",\"width\":526,\"height\":146,\"caption\":\"Elusv\u00e4li\"},\"image\":{\"@id\":\"https:\/\/old.elusvali.ee\/lv\/#\/schema\/logo\/image\/\"},\"sameAs\":[\"https:\/\/www.facebook.com\/profile.php?id=100064131067985\",\"https:\/\/www.instagram.com\/elusvali\/\",\"https:\/\/www.youtube.com\/@elusvali2110\"]}]}<\/script>\n<!-- \/ Yoast SEO plugin. -->","yoast_head_json":{"title":"Biolo\u0123iski audz\u0113ta prosa 600g | Foodin - Pure Nature","description":"Lob\u012bta prosa ir olbaltumvielu avots, un t\u0101 ir piem\u0113rota da\u017e\u0101d\u0101m di\u0113t\u0101m. Prosa ir graudaugi, kas nesatur lipekli, t\u0101p\u0113c ir laba izv\u0113le cilv\u0113kiem ar celiakiju.","robots":{"index":"noindex","follow":"follow","max-snippet":"max-snippet:-1","max-image-preview":"max-image-preview:large","max-video-preview":"max-video-preview:-1"},"og_locale":"lv_LV","og_type":"article","og_title":"Biolo\u0123iski audz\u0113ta prosa 600g | Foodin - Pure Nature","og_description":"Lob\u012bta prosa ir olbaltumvielu avots, un t\u0101 ir piem\u0113rota da\u017e\u0101d\u0101m di\u0113t\u0101m. Prosa ir graudaugi, kas nesatur lipekli, t\u0101p\u0113c ir laba izv\u0113le cilv\u0113kiem ar celiakiju.","og_url":"https:\/\/old.elusvali.ee\/lv\/produkts\/biologiski-audzetas-prosa-600g-foodin\/","og_site_name":"Elusv&auml;li","article_publisher":"https:\/\/www.facebook.com\/profile.php?id=100064131067985","article_modified_time":"2025-05-19T11:16:31+00:00","og_image":[{"width":1200,"height":1200,"url":"https:\/\/old.elusvali.ee\/wp-content\/uploads\/2023\/07\/KuorittuHirssi_600g.png","type":"image\/png"}],"twitter_card":"summary_large_image","twitter_misc":{"Est. reading time":"2 minutes"},"schema":{"@context":"https:\/\/schema.org","@graph":[{"@type":"WebPage","@id":"https:\/\/old.elusvali.ee\/lv\/produkts\/biologiski-audzetas-prosa-600g-foodin\/","url":"https:\/\/old.elusvali.ee\/lv\/produkts\/biologiski-audzetas-prosa-600g-foodin\/","name":"Biolo\u0123iski audz\u0113ta prosa 600g | Foodin - Pure Nature","isPartOf":{"@id":"https:\/\/old.elusvali.ee\/lv\/#website"},"primaryImageOfPage":{"@id":"https:\/\/old.elusvali.ee\/lv\/produkts\/biologiski-audzetas-prosa-600g-foodin\/#primaryimage"},"image":{"@id":"https:\/\/old.elusvali.ee\/lv\/produkts\/biologiski-audzetas-prosa-600g-foodin\/#primaryimage"},"thumbnailUrl":"https:\/\/old.elusvali.ee\/wp-content\/uploads\/2023\/07\/KuorittuHirssi_600g.png","datePublished":"2023-07-18T15:37:50+00:00","dateModified":"2025-05-19T11:16:31+00:00","description":"Lob\u012bta prosa ir olbaltumvielu avots, un t\u0101 ir piem\u0113rota da\u017e\u0101d\u0101m di\u0113t\u0101m. Prosa ir graudaugi, kas nesatur lipekli, t\u0101p\u0113c ir laba izv\u0113le cilv\u0113kiem ar celiakiju.","breadcrumb":{"@id":"https:\/\/old.elusvali.ee\/lv\/produkts\/biologiski-audzetas-prosa-600g-foodin\/#breadcrumb"},"inLanguage":"lv-LV","potentialAction":[{"@type":"ReadAction","target":["https:\/\/old.elusvali.ee\/lv\/produkts\/biologiski-audzetas-prosa-600g-foodin\/"]}]},{"@type":"ImageObject","inLanguage":"lv-LV","@id":"https:\/\/old.elusvali.ee\/lv\/produkts\/biologiski-audzetas-prosa-600g-foodin\/#primaryimage","url":"https:\/\/old.elusvali.ee\/wp-content\/uploads\/2023\/07\/KuorittuHirssi_600g.png","contentUrl":"https:\/\/old.elusvali.ee\/wp-content\/uploads\/2023\/07\/KuorittuHirssi_600g.png","width":1200,"height":1200,"caption":"Ekologiskos soros"},{"@type":"BreadcrumbList","@id":"https:\/\/old.elusvali.ee\/lv\/produkts\/biologiski-audzetas-prosa-600g-foodin\/#breadcrumb","itemListElement":[{"@type":"ListItem","position":1,"name":"Home","item":"https:\/\/purenature.lv\/"},{"@type":"ListItem","position":2,"name":"E-veikals","item":"https:\/\/purenature.lv\/veikals\/"},{"@type":"ListItem","position":3,"name":"Biolo\u0123iski audz\u0113ta prosa 600g | Foodin"}]},{"@type":"WebSite","@id":"https:\/\/old.elusvali.ee\/lv\/#website","url":"https:\/\/old.elusvali.ee\/lv\/","name":"Elusv\u00e4li","description":"Puhas k&ouml;&ouml;k ja koduapteek","publisher":{"@id":"https:\/\/old.elusvali.ee\/lv\/#organization"},"potentialAction":[{"@type":"SearchAction","target":{"@type":"EntryPoint","urlTemplate":"https:\/\/old.elusvali.ee\/lv\/?s={search_term_string}"},"query-input":{"@type":"PropertyValueSpecification","valueRequired":true,"valueName":"search_term_string"}}],"inLanguage":"lv-LV"},{"@type":"Organization","@id":"https:\/\/old.elusvali.ee\/lv\/#organization","name":"Elusv\u00e4li","url":"https:\/\/old.elusvali.ee\/lv\/","logo":{"@type":"ImageObject","inLanguage":"lv-LV","@id":"https:\/\/old.elusvali.ee\/lv\/#\/schema\/logo\/image\/","url":"https:\/\/purenature.lt\/wp-content\/uploads\/2023\/07\/logo.png","contentUrl":"https:\/\/purenature.lt\/wp-content\/uploads\/2023\/07\/logo.png","width":526,"height":146,"caption":"Elusv\u00e4li"},"image":{"@id":"https:\/\/old.elusvali.ee\/lv\/#\/schema\/logo\/image\/"},"sameAs":["https:\/\/www.facebook.com\/profile.php?id=100064131067985","https:\/\/www.instagram.com\/elusvali\/","https:\/\/www.youtube.com\/@elusvali2110"]}]}},"_links":{"self":[{"href":"https:\/\/old.elusvali.ee\/lv\/wp-json\/wp\/v2\/product\/35939","targetHints":{"allow":["GET"]}}],"collection":[{"href":"https:\/\/old.elusvali.ee\/lv\/wp-json\/wp\/v2\/product"}],"about":[{"href":"https:\/\/old.elusvali.ee\/lv\/wp-json\/wp\/v2\/types\/product"}],"replies":[{"embeddable":true,"href":"https:\/\/old.elusvali.ee\/lv\/wp-json\/wp\/v2\/comments?post=35939"}],"version-history":[{"count":1,"href":"https:\/\/old.elusvali.ee\/lv\/wp-json\/wp\/v2\/product\/35939\/revisions"}],"predecessor-version":[{"id":65914,"href":"https:\/\/old.elusvali.ee\/lv\/wp-json\/wp\/v2\/product\/35939\/revisions\/65914"}],"wp:featuredmedia":[{"embeddable":true,"href":"https:\/\/old.elusvali.ee\/lv\/wp-json\/wp\/v2\/media\/32741"}],"wp:attachment":[{"href":"https:\/\/old.elusvali.ee\/lv\/wp-json\/wp\/v2\/media?parent=35939"}],"wp:term":[{"taxonomy":"product_brand","embeddable":true,"href":"https:\/\/old.elusvali.ee\/lv\/wp-json\/wp\/v2\/product_brand?post=35939"},{"taxonomy":"product_cat","embeddable":true,"href":"https:\/\/old.elusvali.ee\/lv\/wp-json\/wp\/v2\/product_cat?post=35939"},{"taxonomy":"product_tag","embeddable":true,"href":"https:\/\/old.elusvali.ee\/lv\/wp-json\/wp\/v2\/product_tag?post=35939"}],"curies":[{"name":"wp","href":"https:\/\/api.w.org\/{rel}","templated":true}]}}