{"id":35937,"date":"2023-07-18T18:35:06","date_gmt":"2023-07-18T15:35:06","guid":{"rendered":"https:\/\/old.elusvali.ee\/product\/biologiski-zavetas-sarkanas-pupinas-500g-foodin\/"},"modified":"2025-05-08T19:53:21","modified_gmt":"2025-05-08T16:53:21","slug":"biologiski-zavetas-sarkanas-pupinas-500g-foodin","status":"publish","type":"product","link":"https:\/\/old.elusvali.ee\/lv\/produkts\/biologiski-zavetas-sarkanas-pupinas-500g-foodin\/","title":{"rendered":"Biolo\u0123iskas \u017e\u0101v\u0113tas sarkan\u0101s pupi\u0146as 500g | Foodin"},"content":{"rendered":"<h1>SARKAN\u0100S PUPI\u0145AS IR BAG\u0100TAS AR \u0160\u0136IEDRVIEL\u0100M.<\/h1>\n<p>Sarkan\u0101s pupi\u0146as (eng. <em>Kidney <\/em>beans) ir bag\u0101tas ar \u0161\u0137iedrviel\u0101m un olbaltumviel\u0101m, un t\u0101s ir piem\u0113rotas sal\u0101tiem, saut\u0113jumiem un zup\u0101m. Pateicoties maigajai gar\u0161ai, t\u0101s ir ide\u0101li piem\u0113roti ar\u012b pikantu \u0113dienu gar\u0161as l\u012bdzsvaro\u0161anai.<\/p>\n<p><strong>K\u0100 PAGATAVOT PUPI\u0145AS?<\/strong><br \/>\nNoskalojiet pupi\u0146as un iem\u0113rciet t\u0101s liel\u0101 \u016bdens daudzum\u0101 vismaz 10 stundas. P\u0113c tam tos 10 min\u016btes v\u0101riet un noteciniet. Pievienojiet jaunu \u016bdeni un v\u0101riet apm\u0113ram stundu. Varat aromatiz\u0113t v\u0101r\u012b\u0161anas \u016bdeni, bet nepievienojiet s\u0101li, jo t\u0101 padar\u012bs pupi\u0146u mizi\u0146u cietu. \u013baujiet pupi\u0146\u0101m atdzist verdo\u0161\u0101 \u016bden\u012b, pirms izlejiet \u016bdeni.<\/p>\n","protected":false},"excerpt":{"rendered":"<p>Sarkan\u0101s pupi\u0146as (eng. <em>Kidney <\/em>beans) ir bag\u0101tas ar \u0161\u0137iedrviel\u0101m un olbaltumviel\u0101m, un t\u0101s ir piem\u0113rotas sal\u0101tiem, saut\u0113jumiem un zup\u0101m. Pateicoties maigajai gar\u0161ai, t\u0101s ir ide\u0101li piem\u0113rotas ar\u012b pikantu \u0113dienu gar\u0161as l\u012bdzsvaro\u0161anai.<\/p>\n","protected":false},"featured_media":32745,"comment_status":"open","ping_status":"closed","template":"","meta":{"_acf_changed":false},"product_brand":[],"product_cat":[442,459],"product_tag":[461],"class_list":{"0":"post-35937","1":"product","2":"type-product","3":"status-publish","4":"has-post-thumbnail","6":"product_cat-majas-virtuve","7":"product_cat-sausie-izstradajumi","8":"product_tag-foodin-lv","10":"first","11":"instock","12":"taxable","13":"shipping-taxable","14":"purchasable","15":"product-type-simple"},"acf":[],"yoast_head":"<!-- This site is optimized with the Yoast SEO plugin v25.3.1 - https:\/\/yoast.com\/wordpress\/plugins\/seo\/ -->\n<title>Biolo\u0123iskas \u017e\u0101v\u0113tas sarkan\u0101s pupi\u0146as 500g | Foodin - Pure Nature<\/title>\n<meta name=\"description\" content=\"Sarkan\u0101s pupi\u0146as (eng. Kidney beans) ir bag\u0101tas ar \u0161\u0137iedrviel\u0101m un olbaltumviel\u0101m, un t\u0101s ir piem\u0113rotas sal\u0101tiem, saut\u0113jumiem un zup\u0101m. Maiga un neitr\u0101la gar\u0161a.\" \/>\n<meta name=\"robots\" content=\"noindex, follow, max-snippet:-1, max-image-preview:large, max-video-preview:-1\" \/>\n<meta property=\"og:locale\" content=\"lv_LV\" \/>\n<meta property=\"og:type\" content=\"article\" \/>\n<meta property=\"og:title\" content=\"Biolo\u0123iskas \u017e\u0101v\u0113tas sarkan\u0101s pupi\u0146as 500g | Foodin - Pure Nature\" \/>\n<meta property=\"og:description\" content=\"Sarkan\u0101s pupi\u0146as (eng. Kidney beans) ir bag\u0101tas ar \u0161\u0137iedrviel\u0101m un olbaltumviel\u0101m, un t\u0101s ir piem\u0113rotas sal\u0101tiem, saut\u0113jumiem un zup\u0101m. Maiga un neitr\u0101la gar\u0161a.\" \/>\n<meta property=\"og:url\" content=\"https:\/\/old.elusvali.ee\/lv\/produkts\/biologiski-zavetas-sarkanas-pupinas-500g-foodin\/\" \/>\n<meta property=\"og:site_name\" content=\"Elusv&auml;li\" \/>\n<meta property=\"article:publisher\" content=\"https:\/\/www.facebook.com\/profile.php?id=100064131067985\" \/>\n<meta property=\"article:modified_time\" content=\"2025-05-08T16:53:21+00:00\" \/>\n<meta property=\"og:image\" content=\"https:\/\/old.elusvali.ee\/wp-content\/uploads\/2023\/07\/Kidneypapu_500g.png\" \/>\n\t<meta property=\"og:image:width\" content=\"1800\" \/>\n\t<meta property=\"og:image:height\" content=\"1800\" \/>\n\t<meta property=\"og:image:type\" content=\"image\/png\" \/>\n<meta name=\"twitter:card\" content=\"summary_large_image\" \/>\n<meta name=\"twitter:label1\" content=\"Est. reading time\" \/>\n\t<meta name=\"twitter:data1\" content=\"1 minute\" \/>\n<script type=\"application\/ld+json\" class=\"yoast-schema-graph\">{\"@context\":\"https:\/\/schema.org\",\"@graph\":[{\"@type\":\"WebPage\",\"@id\":\"https:\/\/old.elusvali.ee\/lv\/produkts\/biologiski-zavetas-sarkanas-pupinas-500g-foodin\/\",\"url\":\"https:\/\/old.elusvali.ee\/lv\/produkts\/biologiski-zavetas-sarkanas-pupinas-500g-foodin\/\",\"name\":\"Biolo\u0123iskas \u017e\u0101v\u0113tas sarkan\u0101s pupi\u0146as 500g | Foodin - Pure Nature\",\"isPartOf\":{\"@id\":\"https:\/\/old.elusvali.ee\/lv\/#website\"},\"primaryImageOfPage\":{\"@id\":\"https:\/\/old.elusvali.ee\/lv\/produkts\/biologiski-zavetas-sarkanas-pupinas-500g-foodin\/#primaryimage\"},\"image\":{\"@id\":\"https:\/\/old.elusvali.ee\/lv\/produkts\/biologiski-zavetas-sarkanas-pupinas-500g-foodin\/#primaryimage\"},\"thumbnailUrl\":\"https:\/\/old.elusvali.ee\/wp-content\/uploads\/2023\/07\/Kidneypapu_500g.png\",\"datePublished\":\"2023-07-18T15:35:06+00:00\",\"dateModified\":\"2025-05-08T16:53:21+00:00\",\"description\":\"Sarkan\u0101s pupi\u0146as (eng. Kidney beans) ir bag\u0101tas ar \u0161\u0137iedrviel\u0101m un olbaltumviel\u0101m, un t\u0101s ir piem\u0113rotas sal\u0101tiem, saut\u0113jumiem un zup\u0101m. Maiga un neitr\u0101la gar\u0161a.\",\"breadcrumb\":{\"@id\":\"https:\/\/old.elusvali.ee\/lv\/produkts\/biologiski-zavetas-sarkanas-pupinas-500g-foodin\/#breadcrumb\"},\"inLanguage\":\"lv-LV\",\"potentialAction\":[{\"@type\":\"ReadAction\",\"target\":[\"https:\/\/old.elusvali.ee\/lv\/produkts\/biologiski-zavetas-sarkanas-pupinas-500g-foodin\/\"]}]},{\"@type\":\"ImageObject\",\"inLanguage\":\"lv-LV\",\"@id\":\"https:\/\/old.elusvali.ee\/lv\/produkts\/biologiski-zavetas-sarkanas-pupinas-500g-foodin\/#primaryimage\",\"url\":\"https:\/\/old.elusvali.ee\/wp-content\/uploads\/2023\/07\/Kidneypapu_500g.png\",\"contentUrl\":\"https:\/\/old.elusvali.ee\/wp-content\/uploads\/2023\/07\/Kidneypapu_500g.png\",\"width\":1800,\"height\":1800,\"caption\":\"Ekologiskos raudonosios pupeles\"},{\"@type\":\"BreadcrumbList\",\"@id\":\"https:\/\/old.elusvali.ee\/lv\/produkts\/biologiski-zavetas-sarkanas-pupinas-500g-foodin\/#breadcrumb\",\"itemListElement\":[{\"@type\":\"ListItem\",\"position\":1,\"name\":\"Home\",\"item\":\"https:\/\/purenature.lv\/\"},{\"@type\":\"ListItem\",\"position\":2,\"name\":\"E-veikals\",\"item\":\"https:\/\/purenature.lv\/veikals\/\"},{\"@type\":\"ListItem\",\"position\":3,\"name\":\"Biolo\u0123iskas \u017e\u0101v\u0113tas sarkan\u0101s pupi\u0146as 500g | Foodin\"}]},{\"@type\":\"WebSite\",\"@id\":\"https:\/\/old.elusvali.ee\/lv\/#website\",\"url\":\"https:\/\/old.elusvali.ee\/lv\/\",\"name\":\"Elusv\u00e4li\",\"description\":\"Puhas k&ouml;&ouml;k ja koduapteek\",\"publisher\":{\"@id\":\"https:\/\/old.elusvali.ee\/lv\/#organization\"},\"potentialAction\":[{\"@type\":\"SearchAction\",\"target\":{\"@type\":\"EntryPoint\",\"urlTemplate\":\"https:\/\/old.elusvali.ee\/lv\/?s={search_term_string}\"},\"query-input\":{\"@type\":\"PropertyValueSpecification\",\"valueRequired\":true,\"valueName\":\"search_term_string\"}}],\"inLanguage\":\"lv-LV\"},{\"@type\":\"Organization\",\"@id\":\"https:\/\/old.elusvali.ee\/lv\/#organization\",\"name\":\"Elusv\u00e4li\",\"url\":\"https:\/\/old.elusvali.ee\/lv\/\",\"logo\":{\"@type\":\"ImageObject\",\"inLanguage\":\"lv-LV\",\"@id\":\"https:\/\/old.elusvali.ee\/lv\/#\/schema\/logo\/image\/\",\"url\":\"https:\/\/purenature.lt\/wp-content\/uploads\/2023\/07\/logo.png\",\"contentUrl\":\"https:\/\/purenature.lt\/wp-content\/uploads\/2023\/07\/logo.png\",\"width\":526,\"height\":146,\"caption\":\"Elusv\u00e4li\"},\"image\":{\"@id\":\"https:\/\/old.elusvali.ee\/lv\/#\/schema\/logo\/image\/\"},\"sameAs\":[\"https:\/\/www.facebook.com\/profile.php?id=100064131067985\",\"https:\/\/www.instagram.com\/elusvali\/\",\"https:\/\/www.youtube.com\/@elusvali2110\"]}]}<\/script>\n<!-- \/ Yoast SEO plugin. -->","yoast_head_json":{"title":"Biolo\u0123iskas \u017e\u0101v\u0113tas sarkan\u0101s pupi\u0146as 500g | Foodin - Pure Nature","description":"Sarkan\u0101s pupi\u0146as (eng. Kidney beans) ir bag\u0101tas ar \u0161\u0137iedrviel\u0101m un olbaltumviel\u0101m, un t\u0101s ir piem\u0113rotas sal\u0101tiem, saut\u0113jumiem un zup\u0101m. Maiga un neitr\u0101la gar\u0161a.","robots":{"index":"noindex","follow":"follow","max-snippet":"max-snippet:-1","max-image-preview":"max-image-preview:large","max-video-preview":"max-video-preview:-1"},"og_locale":"lv_LV","og_type":"article","og_title":"Biolo\u0123iskas \u017e\u0101v\u0113tas sarkan\u0101s pupi\u0146as 500g | Foodin - Pure Nature","og_description":"Sarkan\u0101s pupi\u0146as (eng. Kidney beans) ir bag\u0101tas ar \u0161\u0137iedrviel\u0101m un olbaltumviel\u0101m, un t\u0101s ir piem\u0113rotas sal\u0101tiem, saut\u0113jumiem un zup\u0101m. Maiga un neitr\u0101la gar\u0161a.","og_url":"https:\/\/old.elusvali.ee\/lv\/produkts\/biologiski-zavetas-sarkanas-pupinas-500g-foodin\/","og_site_name":"Elusv&auml;li","article_publisher":"https:\/\/www.facebook.com\/profile.php?id=100064131067985","article_modified_time":"2025-05-08T16:53:21+00:00","og_image":[{"width":1800,"height":1800,"url":"https:\/\/old.elusvali.ee\/wp-content\/uploads\/2023\/07\/Kidneypapu_500g.png","type":"image\/png"}],"twitter_card":"summary_large_image","twitter_misc":{"Est. reading time":"1 minute"},"schema":{"@context":"https:\/\/schema.org","@graph":[{"@type":"WebPage","@id":"https:\/\/old.elusvali.ee\/lv\/produkts\/biologiski-zavetas-sarkanas-pupinas-500g-foodin\/","url":"https:\/\/old.elusvali.ee\/lv\/produkts\/biologiski-zavetas-sarkanas-pupinas-500g-foodin\/","name":"Biolo\u0123iskas \u017e\u0101v\u0113tas sarkan\u0101s pupi\u0146as 500g | Foodin - Pure Nature","isPartOf":{"@id":"https:\/\/old.elusvali.ee\/lv\/#website"},"primaryImageOfPage":{"@id":"https:\/\/old.elusvali.ee\/lv\/produkts\/biologiski-zavetas-sarkanas-pupinas-500g-foodin\/#primaryimage"},"image":{"@id":"https:\/\/old.elusvali.ee\/lv\/produkts\/biologiski-zavetas-sarkanas-pupinas-500g-foodin\/#primaryimage"},"thumbnailUrl":"https:\/\/old.elusvali.ee\/wp-content\/uploads\/2023\/07\/Kidneypapu_500g.png","datePublished":"2023-07-18T15:35:06+00:00","dateModified":"2025-05-08T16:53:21+00:00","description":"Sarkan\u0101s pupi\u0146as (eng. Kidney beans) ir bag\u0101tas ar \u0161\u0137iedrviel\u0101m un olbaltumviel\u0101m, un t\u0101s ir piem\u0113rotas sal\u0101tiem, saut\u0113jumiem un zup\u0101m. Maiga un neitr\u0101la gar\u0161a.","breadcrumb":{"@id":"https:\/\/old.elusvali.ee\/lv\/produkts\/biologiski-zavetas-sarkanas-pupinas-500g-foodin\/#breadcrumb"},"inLanguage":"lv-LV","potentialAction":[{"@type":"ReadAction","target":["https:\/\/old.elusvali.ee\/lv\/produkts\/biologiski-zavetas-sarkanas-pupinas-500g-foodin\/"]}]},{"@type":"ImageObject","inLanguage":"lv-LV","@id":"https:\/\/old.elusvali.ee\/lv\/produkts\/biologiski-zavetas-sarkanas-pupinas-500g-foodin\/#primaryimage","url":"https:\/\/old.elusvali.ee\/wp-content\/uploads\/2023\/07\/Kidneypapu_500g.png","contentUrl":"https:\/\/old.elusvali.ee\/wp-content\/uploads\/2023\/07\/Kidneypapu_500g.png","width":1800,"height":1800,"caption":"Ekologiskos raudonosios pupeles"},{"@type":"BreadcrumbList","@id":"https:\/\/old.elusvali.ee\/lv\/produkts\/biologiski-zavetas-sarkanas-pupinas-500g-foodin\/#breadcrumb","itemListElement":[{"@type":"ListItem","position":1,"name":"Home","item":"https:\/\/purenature.lv\/"},{"@type":"ListItem","position":2,"name":"E-veikals","item":"https:\/\/purenature.lv\/veikals\/"},{"@type":"ListItem","position":3,"name":"Biolo\u0123iskas \u017e\u0101v\u0113tas sarkan\u0101s pupi\u0146as 500g | Foodin"}]},{"@type":"WebSite","@id":"https:\/\/old.elusvali.ee\/lv\/#website","url":"https:\/\/old.elusvali.ee\/lv\/","name":"Elusv\u00e4li","description":"Puhas k&ouml;&ouml;k ja koduapteek","publisher":{"@id":"https:\/\/old.elusvali.ee\/lv\/#organization"},"potentialAction":[{"@type":"SearchAction","target":{"@type":"EntryPoint","urlTemplate":"https:\/\/old.elusvali.ee\/lv\/?s={search_term_string}"},"query-input":{"@type":"PropertyValueSpecification","valueRequired":true,"valueName":"search_term_string"}}],"inLanguage":"lv-LV"},{"@type":"Organization","@id":"https:\/\/old.elusvali.ee\/lv\/#organization","name":"Elusv\u00e4li","url":"https:\/\/old.elusvali.ee\/lv\/","logo":{"@type":"ImageObject","inLanguage":"lv-LV","@id":"https:\/\/old.elusvali.ee\/lv\/#\/schema\/logo\/image\/","url":"https:\/\/purenature.lt\/wp-content\/uploads\/2023\/07\/logo.png","contentUrl":"https:\/\/purenature.lt\/wp-content\/uploads\/2023\/07\/logo.png","width":526,"height":146,"caption":"Elusv\u00e4li"},"image":{"@id":"https:\/\/old.elusvali.ee\/lv\/#\/schema\/logo\/image\/"},"sameAs":["https:\/\/www.facebook.com\/profile.php?id=100064131067985","https:\/\/www.instagram.com\/elusvali\/","https:\/\/www.youtube.com\/@elusvali2110"]}]}},"_links":{"self":[{"href":"https:\/\/old.elusvali.ee\/lv\/wp-json\/wp\/v2\/product\/35937","targetHints":{"allow":["GET"]}}],"collection":[{"href":"https:\/\/old.elusvali.ee\/lv\/wp-json\/wp\/v2\/product"}],"about":[{"href":"https:\/\/old.elusvali.ee\/lv\/wp-json\/wp\/v2\/types\/product"}],"replies":[{"embeddable":true,"href":"https:\/\/old.elusvali.ee\/lv\/wp-json\/wp\/v2\/comments?post=35937"}],"version-history":[{"count":2,"href":"https:\/\/old.elusvali.ee\/lv\/wp-json\/wp\/v2\/product\/35937\/revisions"}],"predecessor-version":[{"id":65925,"href":"https:\/\/old.elusvali.ee\/lv\/wp-json\/wp\/v2\/product\/35937\/revisions\/65925"}],"wp:featuredmedia":[{"embeddable":true,"href":"https:\/\/old.elusvali.ee\/lv\/wp-json\/wp\/v2\/media\/32745"}],"wp:attachment":[{"href":"https:\/\/old.elusvali.ee\/lv\/wp-json\/wp\/v2\/media?parent=35937"}],"wp:term":[{"taxonomy":"product_brand","embeddable":true,"href":"https:\/\/old.elusvali.ee\/lv\/wp-json\/wp\/v2\/product_brand?post=35937"},{"taxonomy":"product_cat","embeddable":true,"href":"https:\/\/old.elusvali.ee\/lv\/wp-json\/wp\/v2\/product_cat?post=35937"},{"taxonomy":"product_tag","embeddable":true,"href":"https:\/\/old.elusvali.ee\/lv\/wp-json\/wp\/v2\/product_tag?post=35937"}],"curies":[{"name":"wp","href":"https:\/\/api.w.org\/{rel}","templated":true}]}}