{"id":35934,"date":"2023-07-18T19:35:12","date_gmt":"2023-07-18T16:35:12","guid":{"rendered":"https:\/\/old.elusvali.ee\/product\/organiska-vanilas-pulveris-30g-foodin\/"},"modified":"2025-05-08T16:36:32","modified_gmt":"2025-05-08T13:36:32","slug":"organiska-vanilas-pulveris-30g-foodin","status":"publish","type":"product","link":"https:\/\/old.elusvali.ee\/lv\/produkts\/organiska-vanilas-pulveris-30g-foodin\/","title":{"rendered":"Biolo\u0123isks vani\u013cas pulveris 30g | Foodin"},"content":{"rendered":"<h1>SALDAIS UN MAIGAIS VANI\u013bAS PULVERIS PACE\u013b CEP\u0160ANU JAUN\u0100 L\u012aMEN\u012a<\/h1>\n<p>Vani\u013ca ir viena no pasaul\u0113 visv\u0113rt\u012bg\u0101kaj\u0101m un visaugst\u0101k nov\u0113rt\u0113taj\u0101m gar\u0161viel\u0101m, ko izmanto, lai pie\u0161\u0137irtu dzi\u013cumu un saldumu visda\u017e\u0101d\u0101kajiem \u0113dieniem un desertiem. Vani\u013cas pulveri (vai vani\u013cas piena pulveri) nedr\u012bkst jaukt ar vani\u013cas cukuru &#8211; t\u012bram pulverim ir daudz arom\u0101tisk\u0101ka un dzi\u013c\u0101ka gar\u0161a nek\u0101 vani\u013cai, kas sajaukta ar cukuru. Viena neliela karote vani\u013cas pulvera ir vien\u0101da ar pusi vani\u013cas p\u0101kstis. Foodin vani\u013cas pulveris nesatur pievienoto cukuru.<\/p>\n<p>Virtuv\u0113 vani\u013cu var izmantot da\u017e\u0101dos veidos. Neatkar\u012bgi no t\u0101, vai gatavojat smalkmaiz\u012btes, koktei\u013cus vai citus desertus, vani\u013ca pie\u0161\u0137ir \u0113dieniem gar\u0161u un maigu saldumu. Vani\u013cas pulveri var izmantot ar\u012b dz\u0113rienos &#8211; sajaucot ar t\u0113ju, kafiju, kakao un citiem karstiem dz\u0113rieniem.<\/p>\n<p>Vani\u013ca ir paz\u012bstama ar savu nomierino\u0161o iedarb\u012bbu uz nervu sist\u0113mu. Jo \u012bpa\u0161i t\u0101d\u0113\u013c, ka vani\u013cas sast\u0101v\u0101 ir vair\u0101ki mikroelementi, piem\u0113ram, cinks, dzelzs, kalcijs un magnijs. P\u0113t\u012bjumi liecina, ka vani\u013ca var samazin\u0101t holester\u012bna l\u012bmeni. Vani\u013ca ir ar\u012b bag\u0101ta ar antioksidantiem un, pateicoties t\u0101s antibakteri\u0101laj\u0101m \u012bpa\u0161\u012bb\u0101m, pal\u012bdz stiprin\u0101t im\u016bnsist\u0113mu. Vani\u013ca var pat pal\u012bdz\u0113t pret trauksmi.<\/p>\n<p>Foodin organisk\u0101, t\u012br\u0101 vani\u013ca n\u0101k no Ugandas.<\/p>\n<p><b>Uzglab\u0101\u0161anas apst\u0101k\u013ci: <\/b>Uzglab\u0101t istabas temperat\u016br\u0101, saus\u0101 viet\u0101, prom no tie\u0161iem saules stariem. P\u0113c lieto\u0161anas burci\u0146u k\u0101rt\u012bgi aizveriet, lai saglab\u0101tu produkta arom\u0101tisk\u0101s \u012bpa\u0161\u012bbas.<\/p>\n<p>Biolo\u0123iski t\u012brs produkts, bez lipek\u013ca, bez piena, veg\u0101ns, bez \u0122MO. Bez piedev\u0101m un konservantiem.<\/p>\n<p>Iepakots r\u016bpn\u012bc\u0101, kas p\u0101rstr\u0101d\u0101 riekstus (Indijas, Braz\u012blijas, pekanriekstus, pist\u0101cijas, makad\u0101mijas, lazdu riekstus un valriekstus), mandeles, sezama s\u0113klas un s\u016bkalu olbaltumvielas (no piena).<\/p>\n","protected":false},"excerpt":{"rendered":"<p>Vani\u013ca ir viena no pasaul\u0113 visv\u0113rt\u012bg\u0101kaj\u0101m un visaugst\u0101k nov\u0113rt\u0113taj\u0101m gar\u0161viel\u0101m, ko izmanto, lai pie\u0161\u0137irtu dzi\u013cumu un saldumu visda\u017e\u0101d\u0101kajiem \u0113dieniem un desertiem. Vani\u013cas pulveri (vai vani\u013cas piena pulveri) nedr\u012bkst jaukt ar vani\u013cas cukuru &#8211; t\u012bram pulverim ir daudz arom\u0101tisk\u0101ka un dzi\u013c\u0101ka gar\u0161a nek\u0101 vani\u013cai, kas sajaukta ar cukuru. Viena neliela karote vani\u013cas pulvera ir vien\u0101da ar pusi vani\u013cas p\u0101kstis. Foodin vani\u013cas pulveris nesatur pievienoto cukuru.<\/p>\n<p>Foodin organisk\u0101, t\u012br\u0101 vani\u013ca n\u0101k no Ugandas.<\/p>\n","protected":false},"featured_media":32751,"comment_status":"open","ping_status":"closed","template":"","meta":{"_acf_changed":false},"product_brand":[],"product_cat":[456,442,459],"product_tag":[461],"class_list":{"0":"post-35934","1":"product","2":"type-product","3":"status-publish","4":"has-post-thumbnail","6":"product_cat-garsvielas","7":"product_cat-majas-virtuve","8":"product_cat-sausie-izstradajumi","9":"product_tag-foodin-lv","11":"first","12":"instock","13":"taxable","14":"shipping-taxable","15":"purchasable","16":"product-type-simple"},"acf":[],"yoast_head":"<!-- This site is optimized with the Yoast SEO plugin v25.3.1 - https:\/\/yoast.com\/wordpress\/plugins\/seo\/ -->\n<title>Biolo\u0123isks vani\u013cas pulveris 30g | Foodin - Pure Nature<\/title>\n<meta name=\"description\" content=\"Foodin arom\u0101tiskais un nedaudz saldais vani\u013cas pulveris jeb vani\u013ca pie\u0161\u0137ir \u0113dienam dzi\u013cumu un \u012bpa\u0161u gar\u0161u. Bez piedev\u0101m un cukura.\" \/>\n<meta name=\"robots\" content=\"noindex, follow, max-snippet:-1, max-image-preview:large, max-video-preview:-1\" \/>\n<meta property=\"og:locale\" content=\"lv_LV\" \/>\n<meta property=\"og:type\" content=\"article\" \/>\n<meta property=\"og:title\" content=\"Biolo\u0123isks vani\u013cas pulveris 30g | Foodin - Pure Nature\" \/>\n<meta property=\"og:description\" content=\"Foodin arom\u0101tiskais un nedaudz saldais vani\u013cas pulveris jeb vani\u013ca pie\u0161\u0137ir \u0113dienam dzi\u013cumu un \u012bpa\u0161u gar\u0161u. Bez piedev\u0101m un cukura.\" \/>\n<meta property=\"og:url\" content=\"https:\/\/old.elusvali.ee\/lv\/produkts\/organiska-vanilas-pulveris-30g-foodin\/\" \/>\n<meta property=\"og:site_name\" content=\"Elusv&auml;li\" \/>\n<meta property=\"article:publisher\" content=\"https:\/\/www.facebook.com\/profile.php?id=100064131067985\" \/>\n<meta property=\"article:modified_time\" content=\"2025-05-08T13:36:32+00:00\" \/>\n<meta property=\"og:image\" content=\"https:\/\/old.elusvali.ee\/wp-content\/uploads\/2023\/07\/vaniljajauhe_prk-e1540994361165.png\" \/>\n\t<meta property=\"og:image:width\" content=\"1000\" \/>\n\t<meta property=\"og:image:height\" content=\"1002\" \/>\n\t<meta property=\"og:image:type\" content=\"image\/png\" \/>\n<meta name=\"twitter:card\" content=\"summary_large_image\" \/>\n<meta name=\"twitter:label1\" content=\"Est. reading time\" \/>\n\t<meta name=\"twitter:data1\" content=\"2 minutes\" \/>\n<script type=\"application\/ld+json\" class=\"yoast-schema-graph\">{\"@context\":\"https:\/\/schema.org\",\"@graph\":[{\"@type\":\"WebPage\",\"@id\":\"https:\/\/old.elusvali.ee\/lv\/produkts\/organiska-vanilas-pulveris-30g-foodin\/\",\"url\":\"https:\/\/old.elusvali.ee\/lv\/produkts\/organiska-vanilas-pulveris-30g-foodin\/\",\"name\":\"Biolo\u0123isks vani\u013cas pulveris 30g | Foodin - Pure Nature\",\"isPartOf\":{\"@id\":\"https:\/\/old.elusvali.ee\/lv\/#website\"},\"primaryImageOfPage\":{\"@id\":\"https:\/\/old.elusvali.ee\/lv\/produkts\/organiska-vanilas-pulveris-30g-foodin\/#primaryimage\"},\"image\":{\"@id\":\"https:\/\/old.elusvali.ee\/lv\/produkts\/organiska-vanilas-pulveris-30g-foodin\/#primaryimage\"},\"thumbnailUrl\":\"https:\/\/old.elusvali.ee\/wp-content\/uploads\/2023\/07\/vaniljajauhe_prk-e1540994361165.png\",\"datePublished\":\"2023-07-18T16:35:12+00:00\",\"dateModified\":\"2025-05-08T13:36:32+00:00\",\"description\":\"Foodin arom\u0101tiskais un nedaudz saldais vani\u013cas pulveris jeb vani\u013ca pie\u0161\u0137ir \u0113dienam dzi\u013cumu un \u012bpa\u0161u gar\u0161u. Bez piedev\u0101m un cukura.\",\"breadcrumb\":{\"@id\":\"https:\/\/old.elusvali.ee\/lv\/produkts\/organiska-vanilas-pulveris-30g-foodin\/#breadcrumb\"},\"inLanguage\":\"lv-LV\",\"potentialAction\":[{\"@type\":\"ReadAction\",\"target\":[\"https:\/\/old.elusvali.ee\/lv\/produkts\/organiska-vanilas-pulveris-30g-foodin\/\"]}]},{\"@type\":\"ImageObject\",\"inLanguage\":\"lv-LV\",\"@id\":\"https:\/\/old.elusvali.ee\/lv\/produkts\/organiska-vanilas-pulveris-30g-foodin\/#primaryimage\",\"url\":\"https:\/\/old.elusvali.ee\/wp-content\/uploads\/2023\/07\/vaniljajauhe_prk-e1540994361165.png\",\"contentUrl\":\"https:\/\/old.elusvali.ee\/wp-content\/uploads\/2023\/07\/vaniljajauhe_prk-e1540994361165.png\",\"width\":1000,\"height\":1002,\"caption\":\"Ekologiski vaniles milteliai\"},{\"@type\":\"BreadcrumbList\",\"@id\":\"https:\/\/old.elusvali.ee\/lv\/produkts\/organiska-vanilas-pulveris-30g-foodin\/#breadcrumb\",\"itemListElement\":[{\"@type\":\"ListItem\",\"position\":1,\"name\":\"Home\",\"item\":\"https:\/\/purenature.lv\/\"},{\"@type\":\"ListItem\",\"position\":2,\"name\":\"E-veikals\",\"item\":\"https:\/\/purenature.lv\/veikals\/\"},{\"@type\":\"ListItem\",\"position\":3,\"name\":\"Biolo\u0123isks vani\u013cas pulveris 30g | Foodin\"}]},{\"@type\":\"WebSite\",\"@id\":\"https:\/\/old.elusvali.ee\/lv\/#website\",\"url\":\"https:\/\/old.elusvali.ee\/lv\/\",\"name\":\"Elusv\u00e4li\",\"description\":\"Puhas k&ouml;&ouml;k ja koduapteek\",\"publisher\":{\"@id\":\"https:\/\/old.elusvali.ee\/lv\/#organization\"},\"potentialAction\":[{\"@type\":\"SearchAction\",\"target\":{\"@type\":\"EntryPoint\",\"urlTemplate\":\"https:\/\/old.elusvali.ee\/lv\/?s={search_term_string}\"},\"query-input\":{\"@type\":\"PropertyValueSpecification\",\"valueRequired\":true,\"valueName\":\"search_term_string\"}}],\"inLanguage\":\"lv-LV\"},{\"@type\":\"Organization\",\"@id\":\"https:\/\/old.elusvali.ee\/lv\/#organization\",\"name\":\"Elusv\u00e4li\",\"url\":\"https:\/\/old.elusvali.ee\/lv\/\",\"logo\":{\"@type\":\"ImageObject\",\"inLanguage\":\"lv-LV\",\"@id\":\"https:\/\/old.elusvali.ee\/lv\/#\/schema\/logo\/image\/\",\"url\":\"https:\/\/purenature.lt\/wp-content\/uploads\/2023\/07\/logo.png\",\"contentUrl\":\"https:\/\/purenature.lt\/wp-content\/uploads\/2023\/07\/logo.png\",\"width\":526,\"height\":146,\"caption\":\"Elusv\u00e4li\"},\"image\":{\"@id\":\"https:\/\/old.elusvali.ee\/lv\/#\/schema\/logo\/image\/\"},\"sameAs\":[\"https:\/\/www.facebook.com\/profile.php?id=100064131067985\",\"https:\/\/www.instagram.com\/elusvali\/\",\"https:\/\/www.youtube.com\/@elusvali2110\"]}]}<\/script>\n<!-- \/ Yoast SEO plugin. -->","yoast_head_json":{"title":"Biolo\u0123isks vani\u013cas pulveris 30g | Foodin - Pure Nature","description":"Foodin arom\u0101tiskais un nedaudz saldais vani\u013cas pulveris jeb vani\u013ca pie\u0161\u0137ir \u0113dienam dzi\u013cumu un \u012bpa\u0161u gar\u0161u. Bez piedev\u0101m un cukura.","robots":{"index":"noindex","follow":"follow","max-snippet":"max-snippet:-1","max-image-preview":"max-image-preview:large","max-video-preview":"max-video-preview:-1"},"og_locale":"lv_LV","og_type":"article","og_title":"Biolo\u0123isks vani\u013cas pulveris 30g | Foodin - Pure Nature","og_description":"Foodin arom\u0101tiskais un nedaudz saldais vani\u013cas pulveris jeb vani\u013ca pie\u0161\u0137ir \u0113dienam dzi\u013cumu un \u012bpa\u0161u gar\u0161u. Bez piedev\u0101m un cukura.","og_url":"https:\/\/old.elusvali.ee\/lv\/produkts\/organiska-vanilas-pulveris-30g-foodin\/","og_site_name":"Elusv&auml;li","article_publisher":"https:\/\/www.facebook.com\/profile.php?id=100064131067985","article_modified_time":"2025-05-08T13:36:32+00:00","og_image":[{"width":1000,"height":1002,"url":"https:\/\/old.elusvali.ee\/wp-content\/uploads\/2023\/07\/vaniljajauhe_prk-e1540994361165.png","type":"image\/png"}],"twitter_card":"summary_large_image","twitter_misc":{"Est. reading time":"2 minutes"},"schema":{"@context":"https:\/\/schema.org","@graph":[{"@type":"WebPage","@id":"https:\/\/old.elusvali.ee\/lv\/produkts\/organiska-vanilas-pulveris-30g-foodin\/","url":"https:\/\/old.elusvali.ee\/lv\/produkts\/organiska-vanilas-pulveris-30g-foodin\/","name":"Biolo\u0123isks vani\u013cas pulveris 30g | Foodin - Pure Nature","isPartOf":{"@id":"https:\/\/old.elusvali.ee\/lv\/#website"},"primaryImageOfPage":{"@id":"https:\/\/old.elusvali.ee\/lv\/produkts\/organiska-vanilas-pulveris-30g-foodin\/#primaryimage"},"image":{"@id":"https:\/\/old.elusvali.ee\/lv\/produkts\/organiska-vanilas-pulveris-30g-foodin\/#primaryimage"},"thumbnailUrl":"https:\/\/old.elusvali.ee\/wp-content\/uploads\/2023\/07\/vaniljajauhe_prk-e1540994361165.png","datePublished":"2023-07-18T16:35:12+00:00","dateModified":"2025-05-08T13:36:32+00:00","description":"Foodin arom\u0101tiskais un nedaudz saldais vani\u013cas pulveris jeb vani\u013ca pie\u0161\u0137ir \u0113dienam dzi\u013cumu un \u012bpa\u0161u gar\u0161u. Bez piedev\u0101m un cukura.","breadcrumb":{"@id":"https:\/\/old.elusvali.ee\/lv\/produkts\/organiska-vanilas-pulveris-30g-foodin\/#breadcrumb"},"inLanguage":"lv-LV","potentialAction":[{"@type":"ReadAction","target":["https:\/\/old.elusvali.ee\/lv\/produkts\/organiska-vanilas-pulveris-30g-foodin\/"]}]},{"@type":"ImageObject","inLanguage":"lv-LV","@id":"https:\/\/old.elusvali.ee\/lv\/produkts\/organiska-vanilas-pulveris-30g-foodin\/#primaryimage","url":"https:\/\/old.elusvali.ee\/wp-content\/uploads\/2023\/07\/vaniljajauhe_prk-e1540994361165.png","contentUrl":"https:\/\/old.elusvali.ee\/wp-content\/uploads\/2023\/07\/vaniljajauhe_prk-e1540994361165.png","width":1000,"height":1002,"caption":"Ekologiski vaniles milteliai"},{"@type":"BreadcrumbList","@id":"https:\/\/old.elusvali.ee\/lv\/produkts\/organiska-vanilas-pulveris-30g-foodin\/#breadcrumb","itemListElement":[{"@type":"ListItem","position":1,"name":"Home","item":"https:\/\/purenature.lv\/"},{"@type":"ListItem","position":2,"name":"E-veikals","item":"https:\/\/purenature.lv\/veikals\/"},{"@type":"ListItem","position":3,"name":"Biolo\u0123isks vani\u013cas pulveris 30g | Foodin"}]},{"@type":"WebSite","@id":"https:\/\/old.elusvali.ee\/lv\/#website","url":"https:\/\/old.elusvali.ee\/lv\/","name":"Elusv\u00e4li","description":"Puhas k&ouml;&ouml;k ja koduapteek","publisher":{"@id":"https:\/\/old.elusvali.ee\/lv\/#organization"},"potentialAction":[{"@type":"SearchAction","target":{"@type":"EntryPoint","urlTemplate":"https:\/\/old.elusvali.ee\/lv\/?s={search_term_string}"},"query-input":{"@type":"PropertyValueSpecification","valueRequired":true,"valueName":"search_term_string"}}],"inLanguage":"lv-LV"},{"@type":"Organization","@id":"https:\/\/old.elusvali.ee\/lv\/#organization","name":"Elusv\u00e4li","url":"https:\/\/old.elusvali.ee\/lv\/","logo":{"@type":"ImageObject","inLanguage":"lv-LV","@id":"https:\/\/old.elusvali.ee\/lv\/#\/schema\/logo\/image\/","url":"https:\/\/purenature.lt\/wp-content\/uploads\/2023\/07\/logo.png","contentUrl":"https:\/\/purenature.lt\/wp-content\/uploads\/2023\/07\/logo.png","width":526,"height":146,"caption":"Elusv\u00e4li"},"image":{"@id":"https:\/\/old.elusvali.ee\/lv\/#\/schema\/logo\/image\/"},"sameAs":["https:\/\/www.facebook.com\/profile.php?id=100064131067985","https:\/\/www.instagram.com\/elusvali\/","https:\/\/www.youtube.com\/@elusvali2110"]}]}},"_links":{"self":[{"href":"https:\/\/old.elusvali.ee\/lv\/wp-json\/wp\/v2\/product\/35934","targetHints":{"allow":["GET"]}}],"collection":[{"href":"https:\/\/old.elusvali.ee\/lv\/wp-json\/wp\/v2\/product"}],"about":[{"href":"https:\/\/old.elusvali.ee\/lv\/wp-json\/wp\/v2\/types\/product"}],"replies":[{"embeddable":true,"href":"https:\/\/old.elusvali.ee\/lv\/wp-json\/wp\/v2\/comments?post=35934"}],"version-history":[{"count":1,"href":"https:\/\/old.elusvali.ee\/lv\/wp-json\/wp\/v2\/product\/35934\/revisions"}],"predecessor-version":[{"id":65896,"href":"https:\/\/old.elusvali.ee\/lv\/wp-json\/wp\/v2\/product\/35934\/revisions\/65896"}],"wp:featuredmedia":[{"embeddable":true,"href":"https:\/\/old.elusvali.ee\/lv\/wp-json\/wp\/v2\/media\/32751"}],"wp:attachment":[{"href":"https:\/\/old.elusvali.ee\/lv\/wp-json\/wp\/v2\/media?parent=35934"}],"wp:term":[{"taxonomy":"product_brand","embeddable":true,"href":"https:\/\/old.elusvali.ee\/lv\/wp-json\/wp\/v2\/product_brand?post=35934"},{"taxonomy":"product_cat","embeddable":true,"href":"https:\/\/old.elusvali.ee\/lv\/wp-json\/wp\/v2\/product_cat?post=35934"},{"taxonomy":"product_tag","embeddable":true,"href":"https:\/\/old.elusvali.ee\/lv\/wp-json\/wp\/v2\/product_tag?post=35934"}],"curies":[{"name":"wp","href":"https:\/\/api.w.org\/{rel}","templated":true}]}}