{"id":35933,"date":"2023-07-18T18:37:03","date_gmt":"2023-07-18T15:37:03","guid":{"rendered":"https:\/\/old.elusvali.ee\/product\/biologiski-zavetas-sarkanas-lecas-500g-foodin\/"},"modified":"2025-05-08T19:50:11","modified_gmt":"2025-05-08T16:50:11","slug":"biologiski-zavetas-sarkanas-lecas-500g-foodin","status":"publish","type":"product","link":"https:\/\/old.elusvali.ee\/lv\/produkts\/biologiski-zavetas-sarkanas-lecas-500g-foodin\/","title":{"rendered":"Biolo\u0123iskas \u017e\u0101v\u0113tas sarkan\u0101s l\u0113cas 500g | Foodin"},"content":{"rendered":"<h1>P\u0100RV\u0112RTIET SARKAN\u0100S L\u0112CAS D\u0100RZE\u0145U KOTLET\u0112S<\/h1>\n<p>Sarkan\u0101s l\u0113cas ir lielisks \u0161\u0137iedrvielu un olbaltumvielu avots no p\u0101k\u0161augu dzimtas d\u0101rze\u0146iem. L\u0113cas dabiski nesatur lipekli, turkl\u0101t t\u0101s ir stingras, univers\u0101las un ar ilgu glab\u0101\u0161anas laiku. Tikai pusstundas laik\u0101 no t\u0101m pagatavojiet gardu malt\u012bti!<\/p>\n<p><strong>K\u0100 LIETOT L\u0112CAS<\/strong><br \/>\nSarkanaj\u0101m l\u0113c\u0101m ir maiga gar\u0161a, un t\u0101s ir lieliski piem\u0113rotas visiem \u0113dienu gatavo\u0161anas veidiem. Izm\u0113\u0123iniet t\u0101s zup\u0101s, saut\u0113jumos un cepe\u0161os, saut\u0113jot kop\u0101 ar d\u0101rze\u0146iem, gar\u0161augiem un gar\u0161viel\u0101m. Izmantojiet kokosriekstu pienu vai kokosriekstu kr\u0113jumu, lai pievienotu kr\u0113m\u012bgumu, un silts, s\u0101t\u012bgs \u0113diens ir gatavs!<br \/>\nNo sarkanaj\u0101m l\u0113c\u0101m var pagatavot ar\u012b d\u0101rze\u0146u kotletes, pagatavojot termiski apstr\u0101d\u0101tas l\u0113cas ar da\u017e\u0101diem d\u0101rze\u0146iem un gar\u0161viel\u0101m. S\u012bpolu un \u0137iploku pulveris pie\u0161\u0137ir \u012bpatn\u0113ju gar\u0161u, savuk\u0101rt kurkuma, kardamons un kan\u0113lis pal\u012bdz izcelt \u0100zijas gar\u0161u.<\/p>\n<p>L\u0113cas ir ar\u012b lieliska m\u0113r\u010du un sm\u0113rvielu sast\u0101vda\u013ca. Pievienojot v\u0101r\u012bt\u0101m l\u0113c\u0101m gar\u0161vielas, gar\u0161augus un d\u0101rze\u0146us, piem\u0113ram, burk\u0101nus un \u0137iplokus, j\u016bs esat tikai viena vienk\u0101r\u0161a bieze\u0146a att\u0101lum\u0101 no vesel\u012bgas un gardas malt\u012btes!<br \/>\nTurkl\u0101t v\u0101r\u012btas l\u0113cas ir lieliska gar\u0161viela sal\u0101tiem. Lai pagatavotu vesel\u012bgus sal\u0101tus, kombin\u0113jiet l\u0113cas, piem\u0113ram, ar tom\u0101tiem, k\u0101postiem, \u017e\u0101v\u0113tiem aug\u013ciem un og\u0101m un svaigiem gar\u0161augiem, p\u0101rlejot ar ol\u012bve\u013c\u013cu.<\/p>\n<p><strong>PAGATAVO\u0160ANA<\/strong><br \/>\nGatavo\u0161anas laiks: 15-20 min\u016btes. \u0145emiet 1 da\u013cu l\u0113cas un 2 da\u013cas \u016bdens. Pirms lieto\u0161anas noskalojiet, nav nepiecie\u0161ams m\u0113rc\u0113t.<\/p>\n<p>Biolo\u0123iski t\u012bras, bez lipek\u013ca, bez laktozes, veg\u0101nas, bez \u0122MO. Nesatur piedevas un konservantus.<\/p>\n","protected":false},"excerpt":{"rendered":"<p>Sarkan\u0101s l\u0113cas ir lielisks \u0161\u0137iedrvielu un olbaltumvielu avots no p\u0101k\u0161augu dzimtas d\u0101rze\u0146iem. L\u0113cas dabiski nesatur lipekli, turkl\u0101t t\u0101s ir stingras, univers\u0101las un ar ilgu glab\u0101\u0161anas laiku. Tikai pusstundas laik\u0101 no t\u0101m pagatavojiet gardu malt\u012bti!<\/p>\n","protected":false},"featured_media":32753,"comment_status":"open","ping_status":"closed","template":"","meta":{"_acf_changed":false},"product_brand":[],"product_cat":[442,459],"product_tag":[461],"class_list":{"0":"post-35933","1":"product","2":"type-product","3":"status-publish","4":"has-post-thumbnail","6":"product_cat-majas-virtuve","7":"product_cat-sausie-izstradajumi","8":"product_tag-foodin-lv","10":"first","11":"instock","12":"taxable","13":"shipping-taxable","14":"purchasable","15":"product-type-simple"},"acf":[],"yoast_head":"<!-- This site is optimized with the Yoast SEO plugin v25.3.1 - https:\/\/yoast.com\/wordpress\/plugins\/seo\/ -->\n<title>Biolo\u0123iskas \u017e\u0101v\u0113tas sarkan\u0101s l\u0113cas 500g | Foodin - Pure Nature<\/title>\n<meta name=\"description\" content=\"Sarkan\u0101s l\u0113cas ir lielisks \u0161\u0137iedrvielu un olbaltumvielu avots. L\u0113cas dabiski nesatur lipekli, turkl\u0101t t\u0101s ir stingras, univers\u0101las un ar ilgu glab\u0101\u0161anas laiku.\" \/>\n<meta name=\"robots\" content=\"noindex, follow, max-snippet:-1, max-image-preview:large, max-video-preview:-1\" \/>\n<meta property=\"og:locale\" content=\"lv_LV\" \/>\n<meta property=\"og:type\" content=\"article\" \/>\n<meta property=\"og:title\" content=\"Biolo\u0123iskas \u017e\u0101v\u0113tas sarkan\u0101s l\u0113cas 500g | Foodin - Pure Nature\" \/>\n<meta property=\"og:description\" content=\"Sarkan\u0101s l\u0113cas ir lielisks \u0161\u0137iedrvielu un olbaltumvielu avots. L\u0113cas dabiski nesatur lipekli, turkl\u0101t t\u0101s ir stingras, univers\u0101las un ar ilgu glab\u0101\u0161anas laiku.\" \/>\n<meta property=\"og:url\" content=\"https:\/\/old.elusvali.ee\/lv\/produkts\/biologiski-zavetas-sarkanas-lecas-500g-foodin\/\" \/>\n<meta property=\"og:site_name\" content=\"Elusv&auml;li\" \/>\n<meta property=\"article:publisher\" content=\"https:\/\/www.facebook.com\/profile.php?id=100064131067985\" \/>\n<meta property=\"article:modified_time\" content=\"2025-05-08T16:50:11+00:00\" \/>\n<meta property=\"og:image\" content=\"https:\/\/old.elusvali.ee\/wp-content\/uploads\/2023\/07\/Punainen_linssi_500g.png\" \/>\n\t<meta property=\"og:image:width\" content=\"2362\" \/>\n\t<meta property=\"og:image:height\" content=\"2362\" \/>\n\t<meta property=\"og:image:type\" content=\"image\/png\" \/>\n<meta name=\"twitter:card\" content=\"summary_large_image\" \/>\n<meta name=\"twitter:label1\" content=\"Est. reading time\" \/>\n\t<meta name=\"twitter:data1\" content=\"2 minutes\" \/>\n<script type=\"application\/ld+json\" class=\"yoast-schema-graph\">{\"@context\":\"https:\/\/schema.org\",\"@graph\":[{\"@type\":\"WebPage\",\"@id\":\"https:\/\/old.elusvali.ee\/lv\/produkts\/biologiski-zavetas-sarkanas-lecas-500g-foodin\/\",\"url\":\"https:\/\/old.elusvali.ee\/lv\/produkts\/biologiski-zavetas-sarkanas-lecas-500g-foodin\/\",\"name\":\"Biolo\u0123iskas \u017e\u0101v\u0113tas sarkan\u0101s l\u0113cas 500g | Foodin - Pure Nature\",\"isPartOf\":{\"@id\":\"https:\/\/old.elusvali.ee\/lv\/#website\"},\"primaryImageOfPage\":{\"@id\":\"https:\/\/old.elusvali.ee\/lv\/produkts\/biologiski-zavetas-sarkanas-lecas-500g-foodin\/#primaryimage\"},\"image\":{\"@id\":\"https:\/\/old.elusvali.ee\/lv\/produkts\/biologiski-zavetas-sarkanas-lecas-500g-foodin\/#primaryimage\"},\"thumbnailUrl\":\"https:\/\/old.elusvali.ee\/wp-content\/uploads\/2023\/07\/Punainen_linssi_500g.png\",\"datePublished\":\"2023-07-18T15:37:03+00:00\",\"dateModified\":\"2025-05-08T16:50:11+00:00\",\"description\":\"Sarkan\u0101s l\u0113cas ir lielisks \u0161\u0137iedrvielu un olbaltumvielu avots. L\u0113cas dabiski nesatur lipekli, turkl\u0101t t\u0101s ir stingras, univers\u0101las un ar ilgu glab\u0101\u0161anas laiku.\",\"breadcrumb\":{\"@id\":\"https:\/\/old.elusvali.ee\/lv\/produkts\/biologiski-zavetas-sarkanas-lecas-500g-foodin\/#breadcrumb\"},\"inLanguage\":\"lv-LV\",\"potentialAction\":[{\"@type\":\"ReadAction\",\"target\":[\"https:\/\/old.elusvali.ee\/lv\/produkts\/biologiski-zavetas-sarkanas-lecas-500g-foodin\/\"]}]},{\"@type\":\"ImageObject\",\"inLanguage\":\"lv-LV\",\"@id\":\"https:\/\/old.elusvali.ee\/lv\/produkts\/biologiski-zavetas-sarkanas-lecas-500g-foodin\/#primaryimage\",\"url\":\"https:\/\/old.elusvali.ee\/wp-content\/uploads\/2023\/07\/Punainen_linssi_500g.png\",\"contentUrl\":\"https:\/\/old.elusvali.ee\/wp-content\/uploads\/2023\/07\/Punainen_linssi_500g.png\",\"width\":2362,\"height\":2362,\"caption\":\"Ekologiski raudonieji lesiai\"},{\"@type\":\"BreadcrumbList\",\"@id\":\"https:\/\/old.elusvali.ee\/lv\/produkts\/biologiski-zavetas-sarkanas-lecas-500g-foodin\/#breadcrumb\",\"itemListElement\":[{\"@type\":\"ListItem\",\"position\":1,\"name\":\"Home\",\"item\":\"https:\/\/purenature.lv\/\"},{\"@type\":\"ListItem\",\"position\":2,\"name\":\"E-veikals\",\"item\":\"https:\/\/purenature.lv\/veikals\/\"},{\"@type\":\"ListItem\",\"position\":3,\"name\":\"Biolo\u0123iskas \u017e\u0101v\u0113tas sarkan\u0101s l\u0113cas 500g | Foodin\"}]},{\"@type\":\"WebSite\",\"@id\":\"https:\/\/old.elusvali.ee\/lv\/#website\",\"url\":\"https:\/\/old.elusvali.ee\/lv\/\",\"name\":\"Elusv\u00e4li\",\"description\":\"Puhas k&ouml;&ouml;k ja koduapteek\",\"publisher\":{\"@id\":\"https:\/\/old.elusvali.ee\/lv\/#organization\"},\"potentialAction\":[{\"@type\":\"SearchAction\",\"target\":{\"@type\":\"EntryPoint\",\"urlTemplate\":\"https:\/\/old.elusvali.ee\/lv\/?s={search_term_string}\"},\"query-input\":{\"@type\":\"PropertyValueSpecification\",\"valueRequired\":true,\"valueName\":\"search_term_string\"}}],\"inLanguage\":\"lv-LV\"},{\"@type\":\"Organization\",\"@id\":\"https:\/\/old.elusvali.ee\/lv\/#organization\",\"name\":\"Elusv\u00e4li\",\"url\":\"https:\/\/old.elusvali.ee\/lv\/\",\"logo\":{\"@type\":\"ImageObject\",\"inLanguage\":\"lv-LV\",\"@id\":\"https:\/\/old.elusvali.ee\/lv\/#\/schema\/logo\/image\/\",\"url\":\"https:\/\/purenature.lt\/wp-content\/uploads\/2023\/07\/logo.png\",\"contentUrl\":\"https:\/\/purenature.lt\/wp-content\/uploads\/2023\/07\/logo.png\",\"width\":526,\"height\":146,\"caption\":\"Elusv\u00e4li\"},\"image\":{\"@id\":\"https:\/\/old.elusvali.ee\/lv\/#\/schema\/logo\/image\/\"},\"sameAs\":[\"https:\/\/www.facebook.com\/profile.php?id=100064131067985\",\"https:\/\/www.instagram.com\/elusvali\/\",\"https:\/\/www.youtube.com\/@elusvali2110\"]}]}<\/script>\n<!-- \/ Yoast SEO plugin. -->","yoast_head_json":{"title":"Biolo\u0123iskas \u017e\u0101v\u0113tas sarkan\u0101s l\u0113cas 500g | Foodin - Pure Nature","description":"Sarkan\u0101s l\u0113cas ir lielisks \u0161\u0137iedrvielu un olbaltumvielu avots. L\u0113cas dabiski nesatur lipekli, turkl\u0101t t\u0101s ir stingras, univers\u0101las un ar ilgu glab\u0101\u0161anas laiku.","robots":{"index":"noindex","follow":"follow","max-snippet":"max-snippet:-1","max-image-preview":"max-image-preview:large","max-video-preview":"max-video-preview:-1"},"og_locale":"lv_LV","og_type":"article","og_title":"Biolo\u0123iskas \u017e\u0101v\u0113tas sarkan\u0101s l\u0113cas 500g | Foodin - Pure Nature","og_description":"Sarkan\u0101s l\u0113cas ir lielisks \u0161\u0137iedrvielu un olbaltumvielu avots. L\u0113cas dabiski nesatur lipekli, turkl\u0101t t\u0101s ir stingras, univers\u0101las un ar ilgu glab\u0101\u0161anas laiku.","og_url":"https:\/\/old.elusvali.ee\/lv\/produkts\/biologiski-zavetas-sarkanas-lecas-500g-foodin\/","og_site_name":"Elusv&auml;li","article_publisher":"https:\/\/www.facebook.com\/profile.php?id=100064131067985","article_modified_time":"2025-05-08T16:50:11+00:00","og_image":[{"width":2362,"height":2362,"url":"https:\/\/old.elusvali.ee\/wp-content\/uploads\/2023\/07\/Punainen_linssi_500g.png","type":"image\/png"}],"twitter_card":"summary_large_image","twitter_misc":{"Est. reading time":"2 minutes"},"schema":{"@context":"https:\/\/schema.org","@graph":[{"@type":"WebPage","@id":"https:\/\/old.elusvali.ee\/lv\/produkts\/biologiski-zavetas-sarkanas-lecas-500g-foodin\/","url":"https:\/\/old.elusvali.ee\/lv\/produkts\/biologiski-zavetas-sarkanas-lecas-500g-foodin\/","name":"Biolo\u0123iskas \u017e\u0101v\u0113tas sarkan\u0101s l\u0113cas 500g | Foodin - Pure Nature","isPartOf":{"@id":"https:\/\/old.elusvali.ee\/lv\/#website"},"primaryImageOfPage":{"@id":"https:\/\/old.elusvali.ee\/lv\/produkts\/biologiski-zavetas-sarkanas-lecas-500g-foodin\/#primaryimage"},"image":{"@id":"https:\/\/old.elusvali.ee\/lv\/produkts\/biologiski-zavetas-sarkanas-lecas-500g-foodin\/#primaryimage"},"thumbnailUrl":"https:\/\/old.elusvali.ee\/wp-content\/uploads\/2023\/07\/Punainen_linssi_500g.png","datePublished":"2023-07-18T15:37:03+00:00","dateModified":"2025-05-08T16:50:11+00:00","description":"Sarkan\u0101s l\u0113cas ir lielisks \u0161\u0137iedrvielu un olbaltumvielu avots. L\u0113cas dabiski nesatur lipekli, turkl\u0101t t\u0101s ir stingras, univers\u0101las un ar ilgu glab\u0101\u0161anas laiku.","breadcrumb":{"@id":"https:\/\/old.elusvali.ee\/lv\/produkts\/biologiski-zavetas-sarkanas-lecas-500g-foodin\/#breadcrumb"},"inLanguage":"lv-LV","potentialAction":[{"@type":"ReadAction","target":["https:\/\/old.elusvali.ee\/lv\/produkts\/biologiski-zavetas-sarkanas-lecas-500g-foodin\/"]}]},{"@type":"ImageObject","inLanguage":"lv-LV","@id":"https:\/\/old.elusvali.ee\/lv\/produkts\/biologiski-zavetas-sarkanas-lecas-500g-foodin\/#primaryimage","url":"https:\/\/old.elusvali.ee\/wp-content\/uploads\/2023\/07\/Punainen_linssi_500g.png","contentUrl":"https:\/\/old.elusvali.ee\/wp-content\/uploads\/2023\/07\/Punainen_linssi_500g.png","width":2362,"height":2362,"caption":"Ekologiski raudonieji lesiai"},{"@type":"BreadcrumbList","@id":"https:\/\/old.elusvali.ee\/lv\/produkts\/biologiski-zavetas-sarkanas-lecas-500g-foodin\/#breadcrumb","itemListElement":[{"@type":"ListItem","position":1,"name":"Home","item":"https:\/\/purenature.lv\/"},{"@type":"ListItem","position":2,"name":"E-veikals","item":"https:\/\/purenature.lv\/veikals\/"},{"@type":"ListItem","position":3,"name":"Biolo\u0123iskas \u017e\u0101v\u0113tas sarkan\u0101s l\u0113cas 500g | Foodin"}]},{"@type":"WebSite","@id":"https:\/\/old.elusvali.ee\/lv\/#website","url":"https:\/\/old.elusvali.ee\/lv\/","name":"Elusv\u00e4li","description":"Puhas k&ouml;&ouml;k ja koduapteek","publisher":{"@id":"https:\/\/old.elusvali.ee\/lv\/#organization"},"potentialAction":[{"@type":"SearchAction","target":{"@type":"EntryPoint","urlTemplate":"https:\/\/old.elusvali.ee\/lv\/?s={search_term_string}"},"query-input":{"@type":"PropertyValueSpecification","valueRequired":true,"valueName":"search_term_string"}}],"inLanguage":"lv-LV"},{"@type":"Organization","@id":"https:\/\/old.elusvali.ee\/lv\/#organization","name":"Elusv\u00e4li","url":"https:\/\/old.elusvali.ee\/lv\/","logo":{"@type":"ImageObject","inLanguage":"lv-LV","@id":"https:\/\/old.elusvali.ee\/lv\/#\/schema\/logo\/image\/","url":"https:\/\/purenature.lt\/wp-content\/uploads\/2023\/07\/logo.png","contentUrl":"https:\/\/purenature.lt\/wp-content\/uploads\/2023\/07\/logo.png","width":526,"height":146,"caption":"Elusv\u00e4li"},"image":{"@id":"https:\/\/old.elusvali.ee\/lv\/#\/schema\/logo\/image\/"},"sameAs":["https:\/\/www.facebook.com\/profile.php?id=100064131067985","https:\/\/www.instagram.com\/elusvali\/","https:\/\/www.youtube.com\/@elusvali2110"]}]}},"_links":{"self":[{"href":"https:\/\/old.elusvali.ee\/lv\/wp-json\/wp\/v2\/product\/35933","targetHints":{"allow":["GET"]}}],"collection":[{"href":"https:\/\/old.elusvali.ee\/lv\/wp-json\/wp\/v2\/product"}],"about":[{"href":"https:\/\/old.elusvali.ee\/lv\/wp-json\/wp\/v2\/types\/product"}],"replies":[{"embeddable":true,"href":"https:\/\/old.elusvali.ee\/lv\/wp-json\/wp\/v2\/comments?post=35933"}],"version-history":[{"count":3,"href":"https:\/\/old.elusvali.ee\/lv\/wp-json\/wp\/v2\/product\/35933\/revisions"}],"predecessor-version":[{"id":65922,"href":"https:\/\/old.elusvali.ee\/lv\/wp-json\/wp\/v2\/product\/35933\/revisions\/65922"}],"wp:featuredmedia":[{"embeddable":true,"href":"https:\/\/old.elusvali.ee\/lv\/wp-json\/wp\/v2\/media\/32753"}],"wp:attachment":[{"href":"https:\/\/old.elusvali.ee\/lv\/wp-json\/wp\/v2\/media?parent=35933"}],"wp:term":[{"taxonomy":"product_brand","embeddable":true,"href":"https:\/\/old.elusvali.ee\/lv\/wp-json\/wp\/v2\/product_brand?post=35933"},{"taxonomy":"product_cat","embeddable":true,"href":"https:\/\/old.elusvali.ee\/lv\/wp-json\/wp\/v2\/product_cat?post=35933"},{"taxonomy":"product_tag","embeddable":true,"href":"https:\/\/old.elusvali.ee\/lv\/wp-json\/wp\/v2\/product_tag?post=35933"}],"curies":[{"name":"wp","href":"https:\/\/api.w.org\/{rel}","templated":true}]}}