{"id":35921,"date":"2023-10-13T07:24:02","date_gmt":"2023-10-13T04:24:02","guid":{"rendered":"https:\/\/old.elusvali.ee\/product\/organiskais-mandelu-dzeriens-1l\/"},"modified":"2025-03-18T15:38:32","modified_gmt":"2025-03-18T13:38:32","slug":"organiskais-mandelu-dzeriens-1l","status":"publish","type":"product","link":"https:\/\/old.elusvali.ee\/lv\/produkts\/organiskais-mandelu-dzeriens-1l\/","title":{"rendered":"Organisks mande\u013cu dz\u0113riens 1L | Natumi"},"content":{"rendered":"<div class=\"mb-3 product-characteristics\" data-v-14376a0b=\"\">\n<div class=\"h5 d-inline font-weight-bold product-characteristics__title\" data-v-14376a0b=\"\">\n<p>Ja apl\u016bkojam visus augu izcelsmes piena veidus, piem\u0113ram, r\u012bsu dz\u0113rienu, sojas dz\u0113rienu, mande\u013cu dz\u0113rienu, Indijas riekstu dz\u0113rienu, r\u012bsu-kokusriekstu dz\u0113rienu un auzu dz\u0113rienu, mande\u013cu dz\u0113riens ir viens no popul\u0101r\u0101kajiem pieniem, ko izmanto konditorejas izstr\u0101d\u0101jumos, jo mande\u013cu piens ir ar augst\u0101ku tauku saturu nek\u0101 vid\u0113ji augu piens.<\/p>\n<p>No vesel\u012bbas viedok\u013ca raugoties, mande\u013cu dz\u0113riens, kas pagatavots no organisk\u0101m mandel\u0113m, ir labv\u0113l\u012bgs organismam. Natumi mande\u013cu dz\u0113riena sast\u0101v\u0101 nav ne rap\u0161u e\u013c\u013cas, ne galda s\u0101ls. T\u0101 viet\u0101 tiek izmantots neliels daudzums saulespu\u0137u e\u013c\u013cas un j\u016bras s\u0101ls. Produktam <strong>nav<\/strong> <strong>pievienots cukurs<\/strong> un sint\u0113tiskas <strong>piedevas vai konservanti<\/strong>.<\/p>\n<p>Mande\u013cu dz\u0113rienu var izmantot gandr\u012bz jebkuram m\u0113r\u0137im, pat parasta govs piena viet\u0101.<\/p>\n<p>Uzglab\u0101\u0161ana: uzglab\u0101t istabas temperat\u016br\u0101. P\u0113c atv\u0113r\u0161anas uzglab\u0101t ledusskap\u012b.<\/p>\n<\/div>\n<\/div>\n","protected":false},"excerpt":{"rendered":"<p>Mande\u013cu dz\u0113riens (paz\u012bstams ar\u012b k\u0101 mande\u013cu piens) ir no mandel\u0113m gatavots dz\u0113riens, ko izmanto k\u0101 augu piena aizst\u0101j\u0113ju.<\/p>\n<p>Mande\u013cu pienu var izmantot gandr\u012bz visiem tiem pa\u0161iem m\u0113r\u0137iem k\u0101 parasto govs pienu, piem\u0113ram, da\u017e\u0101du konditorejas izstr\u0101d\u0101jumu pagatavo\u0161anai, lie\u0161anai pie karstiem dz\u0113rieniem, koktei\u013cu un ban\u0101nu sald\u0113juma pagatavo\u0161anai utt. Sal\u012bdzinot ar auzu dz\u0113rienu, mande\u013cu dz\u0113riena sast\u0101vs ir nedaudz trekn\u0101ks un tum\u0161\u0101ks.<\/p>\n","protected":false},"featured_media":35133,"comment_status":"open","ping_status":"closed","template":"","meta":{"_acf_changed":false},"product_brand":[],"product_cat":[458,442],"product_tag":[],"class_list":{"0":"post-35921","1":"product","2":"type-product","3":"status-publish","4":"has-post-thumbnail","6":"product_cat-dzerieni","7":"product_cat-majas-virtuve","9":"first","10":"instock","11":"taxable","12":"shipping-taxable","13":"purchasable","14":"product-type-simple"},"acf":[],"yoast_head":"<!-- This site is optimized with the Yoast SEO plugin v25.3.1 - https:\/\/yoast.com\/wordpress\/plugins\/seo\/ -->\n<title>Organisks mande\u013cu dz\u0113riens 1L | Natumi - Pure Nature<\/title>\n<meta name=\"robots\" content=\"noindex, follow, max-snippet:-1, max-image-preview:large, max-video-preview:-1\" \/>\n<meta property=\"og:locale\" content=\"lv_LV\" \/>\n<meta property=\"og:type\" content=\"article\" \/>\n<meta property=\"og:title\" content=\"Organisks mande\u013cu dz\u0113riens 1L | Natumi - Pure Nature\" \/>\n<meta property=\"og:description\" content=\"Mande\u013cu dz\u0113riens (paz\u012bstams ar\u012b k\u0101 mande\u013cu piens) ir no mandel\u0113m gatavots dz\u0113riens, ko izmanto k\u0101 augu piena aizst\u0101j\u0113ju. Mande\u013cu pienu var izmantot gandr\u012bz visiem tiem pa\u0161iem m\u0113r\u0137iem k\u0101 parasto govs pienu, piem\u0113ram, da\u017e\u0101du konditorejas izstr\u0101d\u0101jumu pagatavo\u0161anai, lie\u0161anai pie karstiem dz\u0113rieniem, koktei\u013cu un ban\u0101nu sald\u0113juma pagatavo\u0161anai utt. Sal\u012bdzinot ar auzu dz\u0113rienu, mande\u013cu dz\u0113riena sast\u0101vs ir nedaudz trekn\u0101ks un tum\u0161\u0101ks.\" \/>\n<meta property=\"og:url\" content=\"https:\/\/old.elusvali.ee\/lv\/produkts\/organiskais-mandelu-dzeriens-1l\/\" \/>\n<meta property=\"og:site_name\" content=\"Elusv&auml;li\" \/>\n<meta property=\"article:publisher\" content=\"https:\/\/www.facebook.com\/profile.php?id=100064131067985\" \/>\n<meta property=\"article:modified_time\" content=\"2025-03-18T13:38:32+00:00\" \/>\n<meta property=\"og:image\" content=\"https:\/\/old.elusvali.ee\/wp-content\/uploads\/2023\/09\/suhkruvaba-mandlipiim-mandlijook-mahe-1l-bio.jpg\" \/>\n\t<meta property=\"og:image:width\" content=\"1000\" \/>\n\t<meta property=\"og:image:height\" content=\"1000\" \/>\n\t<meta property=\"og:image:type\" content=\"image\/jpeg\" \/>\n<meta name=\"twitter:card\" content=\"summary_large_image\" \/>\n<meta name=\"twitter:label1\" content=\"Est. reading time\" \/>\n\t<meta name=\"twitter:data1\" content=\"1 minute\" \/>\n<script type=\"application\/ld+json\" class=\"yoast-schema-graph\">{\"@context\":\"https:\/\/schema.org\",\"@graph\":[{\"@type\":\"WebPage\",\"@id\":\"https:\/\/old.elusvali.ee\/lv\/produkts\/organiskais-mandelu-dzeriens-1l\/\",\"url\":\"https:\/\/old.elusvali.ee\/lv\/produkts\/organiskais-mandelu-dzeriens-1l\/\",\"name\":\"Organisks mande\u013cu dz\u0113riens 1L | Natumi - Pure Nature\",\"isPartOf\":{\"@id\":\"https:\/\/old.elusvali.ee\/lv\/#website\"},\"primaryImageOfPage\":{\"@id\":\"https:\/\/old.elusvali.ee\/lv\/produkts\/organiskais-mandelu-dzeriens-1l\/#primaryimage\"},\"image\":{\"@id\":\"https:\/\/old.elusvali.ee\/lv\/produkts\/organiskais-mandelu-dzeriens-1l\/#primaryimage\"},\"thumbnailUrl\":\"https:\/\/old.elusvali.ee\/wp-content\/uploads\/2023\/09\/suhkruvaba-mandlipiim-mandlijook-mahe-1l-bio.jpg\",\"datePublished\":\"2023-10-13T04:24:02+00:00\",\"dateModified\":\"2025-03-18T13:38:32+00:00\",\"breadcrumb\":{\"@id\":\"https:\/\/old.elusvali.ee\/lv\/produkts\/organiskais-mandelu-dzeriens-1l\/#breadcrumb\"},\"inLanguage\":\"lv-LV\",\"potentialAction\":[{\"@type\":\"ReadAction\",\"target\":[\"https:\/\/old.elusvali.ee\/lv\/produkts\/organiskais-mandelu-dzeriens-1l\/\"]}]},{\"@type\":\"ImageObject\",\"inLanguage\":\"lv-LV\",\"@id\":\"https:\/\/old.elusvali.ee\/lv\/produkts\/organiskais-mandelu-dzeriens-1l\/#primaryimage\",\"url\":\"https:\/\/old.elusvali.ee\/wp-content\/uploads\/2023\/09\/suhkruvaba-mandlipiim-mandlijook-mahe-1l-bio.jpg\",\"contentUrl\":\"https:\/\/old.elusvali.ee\/wp-content\/uploads\/2023\/09\/suhkruvaba-mandlipiim-mandlijook-mahe-1l-bio.jpg\",\"width\":1000,\"height\":1000,\"caption\":\"Migdolu pienas\"},{\"@type\":\"BreadcrumbList\",\"@id\":\"https:\/\/old.elusvali.ee\/lv\/produkts\/organiskais-mandelu-dzeriens-1l\/#breadcrumb\",\"itemListElement\":[{\"@type\":\"ListItem\",\"position\":1,\"name\":\"Home\",\"item\":\"https:\/\/purenature.lv\/\"},{\"@type\":\"ListItem\",\"position\":2,\"name\":\"E-veikals\",\"item\":\"https:\/\/purenature.lv\/veikals\/\"},{\"@type\":\"ListItem\",\"position\":3,\"name\":\"Organisks mande\u013cu dz\u0113riens 1L | Natumi\"}]},{\"@type\":\"WebSite\",\"@id\":\"https:\/\/old.elusvali.ee\/lv\/#website\",\"url\":\"https:\/\/old.elusvali.ee\/lv\/\",\"name\":\"Elusv\u00e4li\",\"description\":\"Puhas k&ouml;&ouml;k ja koduapteek\",\"publisher\":{\"@id\":\"https:\/\/old.elusvali.ee\/lv\/#organization\"},\"potentialAction\":[{\"@type\":\"SearchAction\",\"target\":{\"@type\":\"EntryPoint\",\"urlTemplate\":\"https:\/\/old.elusvali.ee\/lv\/?s={search_term_string}\"},\"query-input\":{\"@type\":\"PropertyValueSpecification\",\"valueRequired\":true,\"valueName\":\"search_term_string\"}}],\"inLanguage\":\"lv-LV\"},{\"@type\":\"Organization\",\"@id\":\"https:\/\/old.elusvali.ee\/lv\/#organization\",\"name\":\"Elusv\u00e4li\",\"url\":\"https:\/\/old.elusvali.ee\/lv\/\",\"logo\":{\"@type\":\"ImageObject\",\"inLanguage\":\"lv-LV\",\"@id\":\"https:\/\/old.elusvali.ee\/lv\/#\/schema\/logo\/image\/\",\"url\":\"https:\/\/purenature.lt\/wp-content\/uploads\/2023\/07\/logo.png\",\"contentUrl\":\"https:\/\/purenature.lt\/wp-content\/uploads\/2023\/07\/logo.png\",\"width\":526,\"height\":146,\"caption\":\"Elusv\u00e4li\"},\"image\":{\"@id\":\"https:\/\/old.elusvali.ee\/lv\/#\/schema\/logo\/image\/\"},\"sameAs\":[\"https:\/\/www.facebook.com\/profile.php?id=100064131067985\",\"https:\/\/www.instagram.com\/elusvali\/\",\"https:\/\/www.youtube.com\/@elusvali2110\"]}]}<\/script>\n<!-- \/ Yoast SEO plugin. -->","yoast_head_json":{"title":"Organisks mande\u013cu dz\u0113riens 1L | Natumi - Pure Nature","robots":{"index":"noindex","follow":"follow","max-snippet":"max-snippet:-1","max-image-preview":"max-image-preview:large","max-video-preview":"max-video-preview:-1"},"og_locale":"lv_LV","og_type":"article","og_title":"Organisks mande\u013cu dz\u0113riens 1L | Natumi - Pure Nature","og_description":"Mande\u013cu dz\u0113riens (paz\u012bstams ar\u012b k\u0101 mande\u013cu piens) ir no mandel\u0113m gatavots dz\u0113riens, ko izmanto k\u0101 augu piena aizst\u0101j\u0113ju. Mande\u013cu pienu var izmantot gandr\u012bz visiem tiem pa\u0161iem m\u0113r\u0137iem k\u0101 parasto govs pienu, piem\u0113ram, da\u017e\u0101du konditorejas izstr\u0101d\u0101jumu pagatavo\u0161anai, lie\u0161anai pie karstiem dz\u0113rieniem, koktei\u013cu un ban\u0101nu sald\u0113juma pagatavo\u0161anai utt. Sal\u012bdzinot ar auzu dz\u0113rienu, mande\u013cu dz\u0113riena sast\u0101vs ir nedaudz trekn\u0101ks un tum\u0161\u0101ks.","og_url":"https:\/\/old.elusvali.ee\/lv\/produkts\/organiskais-mandelu-dzeriens-1l\/","og_site_name":"Elusv&auml;li","article_publisher":"https:\/\/www.facebook.com\/profile.php?id=100064131067985","article_modified_time":"2025-03-18T13:38:32+00:00","og_image":[{"width":1000,"height":1000,"url":"https:\/\/old.elusvali.ee\/wp-content\/uploads\/2023\/09\/suhkruvaba-mandlipiim-mandlijook-mahe-1l-bio.jpg","type":"image\/jpeg"}],"twitter_card":"summary_large_image","twitter_misc":{"Est. reading time":"1 minute"},"schema":{"@context":"https:\/\/schema.org","@graph":[{"@type":"WebPage","@id":"https:\/\/old.elusvali.ee\/lv\/produkts\/organiskais-mandelu-dzeriens-1l\/","url":"https:\/\/old.elusvali.ee\/lv\/produkts\/organiskais-mandelu-dzeriens-1l\/","name":"Organisks mande\u013cu dz\u0113riens 1L | Natumi - Pure Nature","isPartOf":{"@id":"https:\/\/old.elusvali.ee\/lv\/#website"},"primaryImageOfPage":{"@id":"https:\/\/old.elusvali.ee\/lv\/produkts\/organiskais-mandelu-dzeriens-1l\/#primaryimage"},"image":{"@id":"https:\/\/old.elusvali.ee\/lv\/produkts\/organiskais-mandelu-dzeriens-1l\/#primaryimage"},"thumbnailUrl":"https:\/\/old.elusvali.ee\/wp-content\/uploads\/2023\/09\/suhkruvaba-mandlipiim-mandlijook-mahe-1l-bio.jpg","datePublished":"2023-10-13T04:24:02+00:00","dateModified":"2025-03-18T13:38:32+00:00","breadcrumb":{"@id":"https:\/\/old.elusvali.ee\/lv\/produkts\/organiskais-mandelu-dzeriens-1l\/#breadcrumb"},"inLanguage":"lv-LV","potentialAction":[{"@type":"ReadAction","target":["https:\/\/old.elusvali.ee\/lv\/produkts\/organiskais-mandelu-dzeriens-1l\/"]}]},{"@type":"ImageObject","inLanguage":"lv-LV","@id":"https:\/\/old.elusvali.ee\/lv\/produkts\/organiskais-mandelu-dzeriens-1l\/#primaryimage","url":"https:\/\/old.elusvali.ee\/wp-content\/uploads\/2023\/09\/suhkruvaba-mandlipiim-mandlijook-mahe-1l-bio.jpg","contentUrl":"https:\/\/old.elusvali.ee\/wp-content\/uploads\/2023\/09\/suhkruvaba-mandlipiim-mandlijook-mahe-1l-bio.jpg","width":1000,"height":1000,"caption":"Migdolu pienas"},{"@type":"BreadcrumbList","@id":"https:\/\/old.elusvali.ee\/lv\/produkts\/organiskais-mandelu-dzeriens-1l\/#breadcrumb","itemListElement":[{"@type":"ListItem","position":1,"name":"Home","item":"https:\/\/purenature.lv\/"},{"@type":"ListItem","position":2,"name":"E-veikals","item":"https:\/\/purenature.lv\/veikals\/"},{"@type":"ListItem","position":3,"name":"Organisks mande\u013cu dz\u0113riens 1L | Natumi"}]},{"@type":"WebSite","@id":"https:\/\/old.elusvali.ee\/lv\/#website","url":"https:\/\/old.elusvali.ee\/lv\/","name":"Elusv\u00e4li","description":"Puhas k&ouml;&ouml;k ja koduapteek","publisher":{"@id":"https:\/\/old.elusvali.ee\/lv\/#organization"},"potentialAction":[{"@type":"SearchAction","target":{"@type":"EntryPoint","urlTemplate":"https:\/\/old.elusvali.ee\/lv\/?s={search_term_string}"},"query-input":{"@type":"PropertyValueSpecification","valueRequired":true,"valueName":"search_term_string"}}],"inLanguage":"lv-LV"},{"@type":"Organization","@id":"https:\/\/old.elusvali.ee\/lv\/#organization","name":"Elusv\u00e4li","url":"https:\/\/old.elusvali.ee\/lv\/","logo":{"@type":"ImageObject","inLanguage":"lv-LV","@id":"https:\/\/old.elusvali.ee\/lv\/#\/schema\/logo\/image\/","url":"https:\/\/purenature.lt\/wp-content\/uploads\/2023\/07\/logo.png","contentUrl":"https:\/\/purenature.lt\/wp-content\/uploads\/2023\/07\/logo.png","width":526,"height":146,"caption":"Elusv\u00e4li"},"image":{"@id":"https:\/\/old.elusvali.ee\/lv\/#\/schema\/logo\/image\/"},"sameAs":["https:\/\/www.facebook.com\/profile.php?id=100064131067985","https:\/\/www.instagram.com\/elusvali\/","https:\/\/www.youtube.com\/@elusvali2110"]}]}},"_links":{"self":[{"href":"https:\/\/old.elusvali.ee\/lv\/wp-json\/wp\/v2\/product\/35921","targetHints":{"allow":["GET"]}}],"collection":[{"href":"https:\/\/old.elusvali.ee\/lv\/wp-json\/wp\/v2\/product"}],"about":[{"href":"https:\/\/old.elusvali.ee\/lv\/wp-json\/wp\/v2\/types\/product"}],"replies":[{"embeddable":true,"href":"https:\/\/old.elusvali.ee\/lv\/wp-json\/wp\/v2\/comments?post=35921"}],"version-history":[{"count":1,"href":"https:\/\/old.elusvali.ee\/lv\/wp-json\/wp\/v2\/product\/35921\/revisions"}],"predecessor-version":[{"id":63424,"href":"https:\/\/old.elusvali.ee\/lv\/wp-json\/wp\/v2\/product\/35921\/revisions\/63424"}],"wp:featuredmedia":[{"embeddable":true,"href":"https:\/\/old.elusvali.ee\/lv\/wp-json\/wp\/v2\/media\/35133"}],"wp:attachment":[{"href":"https:\/\/old.elusvali.ee\/lv\/wp-json\/wp\/v2\/media?parent=35921"}],"wp:term":[{"taxonomy":"product_brand","embeddable":true,"href":"https:\/\/old.elusvali.ee\/lv\/wp-json\/wp\/v2\/product_brand?post=35921"},{"taxonomy":"product_cat","embeddable":true,"href":"https:\/\/old.elusvali.ee\/lv\/wp-json\/wp\/v2\/product_cat?post=35921"},{"taxonomy":"product_tag","embeddable":true,"href":"https:\/\/old.elusvali.ee\/lv\/wp-json\/wp\/v2\/product_tag?post=35921"}],"curies":[{"name":"wp","href":"https:\/\/api.w.org\/{rel}","templated":true}]}}