{"id":35914,"date":"2023-10-09T14:15:26","date_gmt":"2023-10-09T11:15:26","guid":{"rendered":"https:\/\/old.elusvali.ee\/product\/biologiski-kaltets-kaltets-timians-70g-biomenu\/"},"modified":"2025-03-14T16:12:26","modified_gmt":"2025-03-14T14:12:26","slug":"biologiski-kaltets-kaltets-timians-70g-biomenu","status":"publish","type":"product","link":"https:\/\/old.elusvali.ee\/lv\/produkts\/biologiski-kaltets-kaltets-timians-70g-biomenu\/","title":{"rendered":"Biolo\u0123isks kalt\u0113ts timi\u0101ns 70g | Biomenu gar\u0161vielas"},"content":{"rendered":"<p>Biolo\u0123isks kalt\u0113ts timi\u0101ns <strong>liel\u0101 burk\u0101<\/strong>. <\/p>\n<p>Timi\u0101ns ar sav\u0101m s\u012bkaj\u0101m arom\u0101tiskaj\u0101m lapi\u0146\u0101m ir neaizst\u0101jams daudzu pasaules valstu virtuv\u0113s. Igau\u0146u d\u0101rzos m\u0113s to saucam par d\u0101rza v\u012bnogul\u0101ju un bie\u017ei lietojam zup\u0101s, saut\u0113jumos, buljonos, m\u0113rc\u0113s, ekskluz\u012bvos \u0113dienos, zivju un ga\u013cas \u0113dienos utt. Timi\u0101ns pat p\u0113c ilgsto\u0161as kars\u0113\u0161anas saglab\u0101 <strong>pat\u012bkamu gar\u0161u<\/strong> <strong>un arom\u0101tu<\/strong>.<\/p>\n<p>No kalt\u0113ta timi\u0101na var pagatavot vesel\u012bgu un atsvaidzino\u0161u t\u0113ju.<\/p>\n<h3>Liel\u0101, \u0113rt\u0101 burk\u0101<\/h3>\n<p>Burka ir \u013coti <strong>\u0113rta un paroc\u012bga<\/strong>. Burka ir liel\u0101ka nek\u0101 klasiskie gar\u0161vielu trauci\u0146i, lai t\u0101s saturu var\u0113tu lietot pietiekami ilgi, ta\u010du vienlaikus t\u0101 ir pietiekami sekla, lai gl\u012bti ieder\u0113tos vairum\u0101 gar\u0161vielu plauktos un skap\u012b\u0161os. Burkas augstums 15 cm, apak\u0161as diametrs 6,5 cm.<\/p>\n<p>Lieto\u0161anai ne tikai profesion\u0101\u013ciem un \u0113stgatavo\u0161anas meistariem, bet ar\u012b cilv\u0113kiem, kuriem pat\u012bk <strong>vesel\u012bgi, bet gar\u0161\u012bgi bag\u0101tin\u0101t <\/strong>\u0113dienus ar da\u017e\u0101d\u0101m gar\u0161\u0101m, izmantojot da\u017e\u0101das gar\u0161vielas.<\/p>\n","protected":false},"excerpt":{"rendered":"<p>Timi\u0101ns ar sav\u0101m s\u012bkaj\u0101m arom\u0101tiskaj\u0101m lapi\u0146\u0101m ir neaizst\u0101jams daudzu pasaules valstu virtuv\u0113s. Igau\u0146u d\u0101rzos m\u0113s to saucam par d\u0101rza v\u012bnogul\u0101ju un bie\u017ei lietojam zup\u0101s, saut\u0113jumos, buljonos, m\u0113rc\u0113s, ekskluz\u012bvos \u0113dienos, zivju un ga\u013cas \u0113dienos utt.<\/p>\n","protected":false},"featured_media":35149,"comment_status":"open","ping_status":"closed","template":"","meta":{"_acf_changed":false},"product_brand":[],"product_cat":[456,442],"product_tag":[752],"class_list":{"0":"post-35914","1":"product","2":"type-product","3":"status-publish","4":"has-post-thumbnail","6":"product_cat-garsvielas","7":"product_cat-majas-virtuve","8":"product_tag-garsvielas","10":"first","11":"instock","12":"taxable","13":"shipping-taxable","14":"purchasable","15":"product-type-simple"},"acf":[],"yoast_head":"<!-- This site is optimized with the Yoast SEO plugin v25.3.1 - https:\/\/yoast.com\/wordpress\/plugins\/seo\/ -->\n<title>Biolo\u0123isks kalt\u0113ts timi\u0101ns 70g | Biomenu gar\u0161vielas - Pure Nature<\/title>\n<meta name=\"description\" content=\"Timi\u0101ns ir gar\u0161\u012bgs un \u0101rstniecisks gar\u0161augs ar s\u012bk\u0101m arom\u0101tisk\u0101m lapi\u0146\u0101m, kas labi noder zup\u0101m, saut\u0113jumiem, buljoniem, m\u0113rc\u0113m un citiem \u0113dieniem.\" \/>\n<meta name=\"robots\" content=\"noindex, follow, max-snippet:-1, max-image-preview:large, max-video-preview:-1\" \/>\n<meta property=\"og:locale\" content=\"lv_LV\" \/>\n<meta property=\"og:type\" content=\"article\" \/>\n<meta property=\"og:title\" content=\"Biolo\u0123isks kalt\u0113ts timi\u0101ns 70g | Biomenu gar\u0161vielas - Pure Nature\" \/>\n<meta property=\"og:description\" content=\"Timi\u0101ns ir gar\u0161\u012bgs un \u0101rstniecisks gar\u0161augs ar s\u012bk\u0101m arom\u0101tisk\u0101m lapi\u0146\u0101m, kas labi noder zup\u0101m, saut\u0113jumiem, buljoniem, m\u0113rc\u0113m un citiem \u0113dieniem.\" \/>\n<meta property=\"og:url\" content=\"https:\/\/old.elusvali.ee\/lv\/produkts\/biologiski-kaltets-kaltets-timians-70g-biomenu\/\" \/>\n<meta property=\"og:site_name\" content=\"Elusv&auml;li\" \/>\n<meta property=\"article:publisher\" content=\"https:\/\/www.facebook.com\/profile.php?id=100064131067985\" \/>\n<meta property=\"article:modified_time\" content=\"2025-03-14T14:12:26+00:00\" \/>\n<meta property=\"og:image\" content=\"https:\/\/old.elusvali.ee\/wp-content\/uploads\/2023\/09\/Tuumian-mahe-70g.jpg\" \/>\n\t<meta property=\"og:image:width\" content=\"1500\" \/>\n\t<meta property=\"og:image:height\" content=\"1500\" \/>\n\t<meta property=\"og:image:type\" content=\"image\/jpeg\" \/>\n<meta name=\"twitter:card\" content=\"summary_large_image\" \/>\n<meta name=\"twitter:label1\" content=\"Est. reading time\" \/>\n\t<meta name=\"twitter:data1\" content=\"2 minutes\" \/>\n<script type=\"application\/ld+json\" class=\"yoast-schema-graph\">{\"@context\":\"https:\/\/schema.org\",\"@graph\":[{\"@type\":\"WebPage\",\"@id\":\"https:\/\/old.elusvali.ee\/lv\/produkts\/biologiski-kaltets-kaltets-timians-70g-biomenu\/\",\"url\":\"https:\/\/old.elusvali.ee\/lv\/produkts\/biologiski-kaltets-kaltets-timians-70g-biomenu\/\",\"name\":\"Biolo\u0123isks kalt\u0113ts timi\u0101ns 70g | Biomenu gar\u0161vielas - Pure Nature\",\"isPartOf\":{\"@id\":\"https:\/\/old.elusvali.ee\/lv\/#website\"},\"primaryImageOfPage\":{\"@id\":\"https:\/\/old.elusvali.ee\/lv\/produkts\/biologiski-kaltets-kaltets-timians-70g-biomenu\/#primaryimage\"},\"image\":{\"@id\":\"https:\/\/old.elusvali.ee\/lv\/produkts\/biologiski-kaltets-kaltets-timians-70g-biomenu\/#primaryimage\"},\"thumbnailUrl\":\"https:\/\/old.elusvali.ee\/wp-content\/uploads\/2023\/09\/Tuumian-mahe-70g.jpg\",\"datePublished\":\"2023-10-09T11:15:26+00:00\",\"dateModified\":\"2025-03-14T14:12:26+00:00\",\"description\":\"Timi\u0101ns ir gar\u0161\u012bgs un \u0101rstniecisks gar\u0161augs ar s\u012bk\u0101m arom\u0101tisk\u0101m lapi\u0146\u0101m, kas labi noder zup\u0101m, saut\u0113jumiem, buljoniem, m\u0113rc\u0113m un citiem \u0113dieniem.\",\"breadcrumb\":{\"@id\":\"https:\/\/old.elusvali.ee\/lv\/produkts\/biologiski-kaltets-kaltets-timians-70g-biomenu\/#breadcrumb\"},\"inLanguage\":\"lv-LV\",\"potentialAction\":[{\"@type\":\"ReadAction\",\"target\":[\"https:\/\/old.elusvali.ee\/lv\/produkts\/biologiski-kaltets-kaltets-timians-70g-biomenu\/\"]}]},{\"@type\":\"ImageObject\",\"inLanguage\":\"lv-LV\",\"@id\":\"https:\/\/old.elusvali.ee\/lv\/produkts\/biologiski-kaltets-kaltets-timians-70g-biomenu\/#primaryimage\",\"url\":\"https:\/\/old.elusvali.ee\/wp-content\/uploads\/2023\/09\/Tuumian-mahe-70g.jpg\",\"contentUrl\":\"https:\/\/old.elusvali.ee\/wp-content\/uploads\/2023\/09\/Tuumian-mahe-70g.jpg\",\"width\":1500,\"height\":1500,\"caption\":\"Dziovinti ciobreliai\"},{\"@type\":\"BreadcrumbList\",\"@id\":\"https:\/\/old.elusvali.ee\/lv\/produkts\/biologiski-kaltets-kaltets-timians-70g-biomenu\/#breadcrumb\",\"itemListElement\":[{\"@type\":\"ListItem\",\"position\":1,\"name\":\"Home\",\"item\":\"https:\/\/purenature.lv\/\"},{\"@type\":\"ListItem\",\"position\":2,\"name\":\"E-veikals\",\"item\":\"https:\/\/purenature.lv\/veikals\/\"},{\"@type\":\"ListItem\",\"position\":3,\"name\":\"Biolo\u0123isks kalt\u0113ts timi\u0101ns 70g | Biomenu gar\u0161vielas\"}]},{\"@type\":\"WebSite\",\"@id\":\"https:\/\/old.elusvali.ee\/lv\/#website\",\"url\":\"https:\/\/old.elusvali.ee\/lv\/\",\"name\":\"Elusv\u00e4li\",\"description\":\"Puhas k&ouml;&ouml;k ja koduapteek\",\"publisher\":{\"@id\":\"https:\/\/old.elusvali.ee\/lv\/#organization\"},\"potentialAction\":[{\"@type\":\"SearchAction\",\"target\":{\"@type\":\"EntryPoint\",\"urlTemplate\":\"https:\/\/old.elusvali.ee\/lv\/?s={search_term_string}\"},\"query-input\":{\"@type\":\"PropertyValueSpecification\",\"valueRequired\":true,\"valueName\":\"search_term_string\"}}],\"inLanguage\":\"lv-LV\"},{\"@type\":\"Organization\",\"@id\":\"https:\/\/old.elusvali.ee\/lv\/#organization\",\"name\":\"Elusv\u00e4li\",\"url\":\"https:\/\/old.elusvali.ee\/lv\/\",\"logo\":{\"@type\":\"ImageObject\",\"inLanguage\":\"lv-LV\",\"@id\":\"https:\/\/old.elusvali.ee\/lv\/#\/schema\/logo\/image\/\",\"url\":\"https:\/\/purenature.lt\/wp-content\/uploads\/2023\/07\/logo.png\",\"contentUrl\":\"https:\/\/purenature.lt\/wp-content\/uploads\/2023\/07\/logo.png\",\"width\":526,\"height\":146,\"caption\":\"Elusv\u00e4li\"},\"image\":{\"@id\":\"https:\/\/old.elusvali.ee\/lv\/#\/schema\/logo\/image\/\"},\"sameAs\":[\"https:\/\/www.facebook.com\/profile.php?id=100064131067985\",\"https:\/\/www.instagram.com\/elusvali\/\",\"https:\/\/www.youtube.com\/@elusvali2110\"]}]}<\/script>\n<!-- \/ Yoast SEO plugin. -->","yoast_head_json":{"title":"Biolo\u0123isks kalt\u0113ts timi\u0101ns 70g | Biomenu gar\u0161vielas - Pure Nature","description":"Timi\u0101ns ir gar\u0161\u012bgs un \u0101rstniecisks gar\u0161augs ar s\u012bk\u0101m arom\u0101tisk\u0101m lapi\u0146\u0101m, kas labi noder zup\u0101m, saut\u0113jumiem, buljoniem, m\u0113rc\u0113m un citiem \u0113dieniem.","robots":{"index":"noindex","follow":"follow","max-snippet":"max-snippet:-1","max-image-preview":"max-image-preview:large","max-video-preview":"max-video-preview:-1"},"og_locale":"lv_LV","og_type":"article","og_title":"Biolo\u0123isks kalt\u0113ts timi\u0101ns 70g | Biomenu gar\u0161vielas - Pure Nature","og_description":"Timi\u0101ns ir gar\u0161\u012bgs un \u0101rstniecisks gar\u0161augs ar s\u012bk\u0101m arom\u0101tisk\u0101m lapi\u0146\u0101m, kas labi noder zup\u0101m, saut\u0113jumiem, buljoniem, m\u0113rc\u0113m un citiem \u0113dieniem.","og_url":"https:\/\/old.elusvali.ee\/lv\/produkts\/biologiski-kaltets-kaltets-timians-70g-biomenu\/","og_site_name":"Elusv&auml;li","article_publisher":"https:\/\/www.facebook.com\/profile.php?id=100064131067985","article_modified_time":"2025-03-14T14:12:26+00:00","og_image":[{"width":1500,"height":1500,"url":"https:\/\/old.elusvali.ee\/wp-content\/uploads\/2023\/09\/Tuumian-mahe-70g.jpg","type":"image\/jpeg"}],"twitter_card":"summary_large_image","twitter_misc":{"Est. reading time":"2 minutes"},"schema":{"@context":"https:\/\/schema.org","@graph":[{"@type":"WebPage","@id":"https:\/\/old.elusvali.ee\/lv\/produkts\/biologiski-kaltets-kaltets-timians-70g-biomenu\/","url":"https:\/\/old.elusvali.ee\/lv\/produkts\/biologiski-kaltets-kaltets-timians-70g-biomenu\/","name":"Biolo\u0123isks kalt\u0113ts timi\u0101ns 70g | Biomenu gar\u0161vielas - Pure Nature","isPartOf":{"@id":"https:\/\/old.elusvali.ee\/lv\/#website"},"primaryImageOfPage":{"@id":"https:\/\/old.elusvali.ee\/lv\/produkts\/biologiski-kaltets-kaltets-timians-70g-biomenu\/#primaryimage"},"image":{"@id":"https:\/\/old.elusvali.ee\/lv\/produkts\/biologiski-kaltets-kaltets-timians-70g-biomenu\/#primaryimage"},"thumbnailUrl":"https:\/\/old.elusvali.ee\/wp-content\/uploads\/2023\/09\/Tuumian-mahe-70g.jpg","datePublished":"2023-10-09T11:15:26+00:00","dateModified":"2025-03-14T14:12:26+00:00","description":"Timi\u0101ns ir gar\u0161\u012bgs un \u0101rstniecisks gar\u0161augs ar s\u012bk\u0101m arom\u0101tisk\u0101m lapi\u0146\u0101m, kas labi noder zup\u0101m, saut\u0113jumiem, buljoniem, m\u0113rc\u0113m un citiem \u0113dieniem.","breadcrumb":{"@id":"https:\/\/old.elusvali.ee\/lv\/produkts\/biologiski-kaltets-kaltets-timians-70g-biomenu\/#breadcrumb"},"inLanguage":"lv-LV","potentialAction":[{"@type":"ReadAction","target":["https:\/\/old.elusvali.ee\/lv\/produkts\/biologiski-kaltets-kaltets-timians-70g-biomenu\/"]}]},{"@type":"ImageObject","inLanguage":"lv-LV","@id":"https:\/\/old.elusvali.ee\/lv\/produkts\/biologiski-kaltets-kaltets-timians-70g-biomenu\/#primaryimage","url":"https:\/\/old.elusvali.ee\/wp-content\/uploads\/2023\/09\/Tuumian-mahe-70g.jpg","contentUrl":"https:\/\/old.elusvali.ee\/wp-content\/uploads\/2023\/09\/Tuumian-mahe-70g.jpg","width":1500,"height":1500,"caption":"Dziovinti ciobreliai"},{"@type":"BreadcrumbList","@id":"https:\/\/old.elusvali.ee\/lv\/produkts\/biologiski-kaltets-kaltets-timians-70g-biomenu\/#breadcrumb","itemListElement":[{"@type":"ListItem","position":1,"name":"Home","item":"https:\/\/purenature.lv\/"},{"@type":"ListItem","position":2,"name":"E-veikals","item":"https:\/\/purenature.lv\/veikals\/"},{"@type":"ListItem","position":3,"name":"Biolo\u0123isks kalt\u0113ts timi\u0101ns 70g | Biomenu gar\u0161vielas"}]},{"@type":"WebSite","@id":"https:\/\/old.elusvali.ee\/lv\/#website","url":"https:\/\/old.elusvali.ee\/lv\/","name":"Elusv\u00e4li","description":"Puhas k&ouml;&ouml;k ja koduapteek","publisher":{"@id":"https:\/\/old.elusvali.ee\/lv\/#organization"},"potentialAction":[{"@type":"SearchAction","target":{"@type":"EntryPoint","urlTemplate":"https:\/\/old.elusvali.ee\/lv\/?s={search_term_string}"},"query-input":{"@type":"PropertyValueSpecification","valueRequired":true,"valueName":"search_term_string"}}],"inLanguage":"lv-LV"},{"@type":"Organization","@id":"https:\/\/old.elusvali.ee\/lv\/#organization","name":"Elusv\u00e4li","url":"https:\/\/old.elusvali.ee\/lv\/","logo":{"@type":"ImageObject","inLanguage":"lv-LV","@id":"https:\/\/old.elusvali.ee\/lv\/#\/schema\/logo\/image\/","url":"https:\/\/purenature.lt\/wp-content\/uploads\/2023\/07\/logo.png","contentUrl":"https:\/\/purenature.lt\/wp-content\/uploads\/2023\/07\/logo.png","width":526,"height":146,"caption":"Elusv\u00e4li"},"image":{"@id":"https:\/\/old.elusvali.ee\/lv\/#\/schema\/logo\/image\/"},"sameAs":["https:\/\/www.facebook.com\/profile.php?id=100064131067985","https:\/\/www.instagram.com\/elusvali\/","https:\/\/www.youtube.com\/@elusvali2110"]}]}},"_links":{"self":[{"href":"https:\/\/old.elusvali.ee\/lv\/wp-json\/wp\/v2\/product\/35914","targetHints":{"allow":["GET"]}}],"collection":[{"href":"https:\/\/old.elusvali.ee\/lv\/wp-json\/wp\/v2\/product"}],"about":[{"href":"https:\/\/old.elusvali.ee\/lv\/wp-json\/wp\/v2\/types\/product"}],"replies":[{"embeddable":true,"href":"https:\/\/old.elusvali.ee\/lv\/wp-json\/wp\/v2\/comments?post=35914"}],"version-history":[{"count":1,"href":"https:\/\/old.elusvali.ee\/lv\/wp-json\/wp\/v2\/product\/35914\/revisions"}],"predecessor-version":[{"id":63079,"href":"https:\/\/old.elusvali.ee\/lv\/wp-json\/wp\/v2\/product\/35914\/revisions\/63079"}],"wp:featuredmedia":[{"embeddable":true,"href":"https:\/\/old.elusvali.ee\/lv\/wp-json\/wp\/v2\/media\/35149"}],"wp:attachment":[{"href":"https:\/\/old.elusvali.ee\/lv\/wp-json\/wp\/v2\/media?parent=35914"}],"wp:term":[{"taxonomy":"product_brand","embeddable":true,"href":"https:\/\/old.elusvali.ee\/lv\/wp-json\/wp\/v2\/product_brand?post=35914"},{"taxonomy":"product_cat","embeddable":true,"href":"https:\/\/old.elusvali.ee\/lv\/wp-json\/wp\/v2\/product_cat?post=35914"},{"taxonomy":"product_tag","embeddable":true,"href":"https:\/\/old.elusvali.ee\/lv\/wp-json\/wp\/v2\/product_tag?post=35914"}],"curies":[{"name":"wp","href":"https:\/\/api.w.org\/{rel}","templated":true}]}}